{"id":374258,"date":"2026-05-07T20:16:31","date_gmt":"2026-05-07T18:16:31","guid":{"rendered":"https:\/\/theuncommonshop.ch\/product\/lorcana-invasion-epineuse-le-coffre-de-lilluminateur\/"},"modified":"2026-05-07T20:16:31","modified_gmt":"2026-05-07T18:16:31","slug":"lorcana-invasion-epineuse-le-coffre-de-lilluminateur","status":"publish","type":"product","link":"https:\/\/theuncommonshop.ch\/fr\/product\/lorcana-invasion-epineuse-le-coffre-de-lilluminateur\/","title":{"rendered":"Lorcana &#8211; Invasion \u00c9pineuse! &#8211; Le coffre de l&#8217;Illuminateur"},"content":{"rendered":"<p>Il est en pleine croissance ! Il s&#8217;\u00e9tend inexorablement ! Elle est vivante ! La liane \u00e9pineuse s&#8217;\u00e9l\u00e8ve dans le ciel et donne naissance \u00e0 toutes sortes de menaces, des monstres reproducteurs de lianes aux duplicatas feuillus de divers micas. Cette menace florissante est terrifiante. Mais pourquoi ne pas combattre l&#8217;effrayant par l&#8217;effrayant ?     <\/p>\n<p><strong>Chaque Illumineer&#8217;s Trove contient :<\/strong><\/p>\n<ul>\n<li>1 bo\u00eete de rangement<\/li>\n<li>8 Booster Packs<\/li>\n<li>6 intercalaires pour cartes<\/li>\n<li>6 cubes de d\u00e9g\u00e2ts<\/li>\n<li>1 compteur Lore<\/li>\n<\/ul>\n","protected":false},"excerpt":{"rendered":"<p>Il est en pleine croissance ! Il s&#8217;\u00e9tend inexorablement ! Elle est vivante ! La liane \u00e9pineuse s&#8217;\u00e9l\u00e8ve dans le<\/p>\n","protected":false},"featured_media":373970,"comment_status":"open","ping_status":"closed","template":"","meta":{"_acf_changed":false},"product_brand":[5080],"product_cat":[9785,12152,9781,10301,10051,10043],"product_tag":[],"class_list":{"0":"post-374258","1":"product","2":"type-product","3":"status-publish","4":"has-post-thumbnail","6":"product_brand-disney-lorcana","7":"product_cat-autres-cartes-a-collectionner","8":"product_cat-invasion-epineuse","9":"product_cat-lorcana","10":"product_cat-precommande","11":"product_cat-produits-par-lots-lorcana","12":"product_cat-tresor-des-illumineurs","14":"first","15":"instock","16":"taxable","17":"shipping-taxable","18":"purchasable","19":"product-type-variable"},"acf":[],"yoast_head":"<!-- This site is optimized with the Yoast SEO plugin v27.5 - https:\/\/yoast.com\/product\/yoast-seo-wordpress\/ -->\n<title>Ach\u00e8te Lorcana - Invasion \u00c9pineuse! - Le coffre de l&#039;Illuminateur<\/title>\n<meta name=\"description\" content=\"Ach\u00e8te Lorcana - Invasion \u00c9pineuse! - Le coffre de l&#039;Illuminateur en ligne maintenant \u00e0 petit prix! Ton #1 shop pour cartes TCG &amp; Pok\u00e9mon en Suisse \u2713 Livraison gratuite d\u00e8s CHF 29\" \/>\n<meta name=\"robots\" content=\"index, follow, max-snippet:-1, max-image-preview:large, max-video-preview:-1\" \/>\n<link rel=\"canonical\" href=\"https:\/\/theuncommonshop.ch\/fr\/product\/lorcana-invasion-epineuse-le-coffre-de-lilluminateur\/\" \/>\n<meta property=\"og:locale\" content=\"fr_FR\" \/>\n<meta property=\"og:type\" content=\"article\" \/>\n<meta property=\"og:title\" content=\"Ach\u00e8te Lorcana - Invasion \u00c9pineuse! - Le coffre de l&#039;Illuminateur\" \/>\n<meta property=\"og:description\" content=\"Ach\u00e8te Lorcana - Invasion \u00c9pineuse! - Le coffre de l&#039;Illuminateur en ligne maintenant \u00e0 petit prix! Ton #1 shop pour cartes TCG &amp; Pok\u00e9mon en Suisse \u2713 Livraison gratuite d\u00e8s CHF 29\" \/>\n<meta property=\"og:url\" content=\"https:\/\/theuncommonshop.ch\/fr\/product\/lorcana-invasion-epineuse-le-coffre-de-lilluminateur\/\" \/>\n<meta property=\"og:site_name\" content=\"The Uncommon Shop\" \/>\n<meta property=\"og:image\" content=\"https:\/\/theuncommonshop.ch\/wp-content\/uploads\/2026\/05\/Lorcana_Attack_of_the_Vine_Trove.png\" \/>\n\t<meta property=\"og:image:width\" content=\"844\" \/>\n\t<meta property=\"og:image:height\" content=\"581\" \/>\n\t<meta property=\"og:image:type\" content=\"image\/png\" \/>\n<meta name=\"twitter:card\" content=\"summary_large_image\" \/>\n<meta name=\"twitter:label1\" content=\"Disponibilit\u00e9\" \/>\n\t<meta name=\"twitter:data1\" content=\"En stock\" \/>\n<script type=\"application\/ld+json\" class=\"yoast-schema-graph\">{\"@context\":\"https:\\\/\\\/schema.org\",\"@graph\":[{\"@type\":\"WebPage\",\"@id\":\"https:\\\/\\\/theuncommonshop.ch\\\/fr\\\/product\\\/lorcana-invasion-epineuse-le-coffre-de-lilluminateur\\\/\",\"url\":\"https:\\\/\\\/theuncommonshop.ch\\\/fr\\\/product\\\/lorcana-invasion-epineuse-le-coffre-de-lilluminateur\\\/\",\"name\":\"Ach\u00e8te Lorcana - Invasion \u00c9pineuse! - Le coffre de l'Illuminateur\",\"isPartOf\":{\"@id\":\"https:\\\/\\\/theuncommonshop.ch\\\/fr\\\/#website\"},\"primaryImageOfPage\":{\"@id\":\"https:\\\/\\\/theuncommonshop.ch\\\/fr\\\/product\\\/lorcana-invasion-epineuse-le-coffre-de-lilluminateur\\\/#primaryimage\"},\"image\":{\"@id\":\"https:\\\/\\\/theuncommonshop.ch\\\/fr\\\/product\\\/lorcana-invasion-epineuse-le-coffre-de-lilluminateur\\\/#primaryimage\"},\"thumbnailUrl\":\"https:\\\/\\\/theuncommonshop.ch\\\/wp-content\\\/uploads\\\/2026\\\/05\\\/Lorcana_Attack_of_the_Vine_Trove.png\",\"datePublished\":\"2026-05-07T18:16:31+00:00\",\"description\":\"Ach\u00e8te Lorcana - Invasion \u00c9pineuse! - Le coffre de l'Illuminateur en ligne maintenant \u00e0 petit prix! Ton #1 shop pour cartes TCG & Pok\u00e9mon en Suisse \u2713 Livraison gratuite d\u00e8s CHF 29\",\"breadcrumb\":{\"@id\":\"https:\\\/\\\/theuncommonshop.ch\\\/fr\\\/product\\\/lorcana-invasion-epineuse-le-coffre-de-lilluminateur\\\/#breadcrumb\"},\"inLanguage\":\"fr-FR\",\"potentialAction\":[{\"@type\":\"ReadAction\",\"target\":[\"https:\\\/\\\/theuncommonshop.ch\\\/fr\\\/product\\\/lorcana-invasion-epineuse-le-coffre-de-lilluminateur\\\/\"]}]},{\"@type\":\"ImageObject\",\"inLanguage\":\"fr-FR\",\"@id\":\"https:\\\/\\\/theuncommonshop.ch\\\/fr\\\/product\\\/lorcana-invasion-epineuse-le-coffre-de-lilluminateur\\\/#primaryimage\",\"url\":\"https:\\\/\\\/theuncommonshop.ch\\\/wp-content\\\/uploads\\\/2026\\\/05\\\/Lorcana_Attack_of_the_Vine_Trove.png\",\"contentUrl\":\"https:\\\/\\\/theuncommonshop.ch\\\/wp-content\\\/uploads\\\/2026\\\/05\\\/Lorcana_Attack_of_the_Vine_Trove.png\",\"width\":844,\"height\":581,\"caption\":\"Lorcana Attaque du vignoble\"},{\"@type\":\"BreadcrumbList\",\"@id\":\"https:\\\/\\\/theuncommonshop.ch\\\/fr\\\/product\\\/lorcana-invasion-epineuse-le-coffre-de-lilluminateur\\\/#breadcrumb\",\"itemListElement\":[{\"@type\":\"ListItem\",\"position\":1,\"name\":\"Accueil\",\"item\":\"https:\\\/\\\/theuncommonshop.ch\\\/fr\\\/accueil\\\/\"},{\"@type\":\"ListItem\",\"position\":2,\"name\":\"Boutique\",\"item\":\"https:\\\/\\\/theuncommonshop.ch\\\/fr\\\/boutique\\\/\"},{\"@type\":\"ListItem\",\"position\":3,\"name\":\"Lorcana &#8211; Invasion \u00c9pineuse! &#8211; Le coffre de l&#8217;Illuminateur\"}]},{\"@type\":\"WebSite\",\"@id\":\"https:\\\/\\\/theuncommonshop.ch\\\/fr\\\/#website\",\"url\":\"https:\\\/\\\/theuncommonshop.ch\\\/fr\\\/\",\"name\":\"The Uncommon Shop\",\"description\":\"Magic, Pok\u00e9mon and Yu-gi-oh - The Uncommon Shop\",\"potentialAction\":[{\"@type\":\"SearchAction\",\"target\":{\"@type\":\"EntryPoint\",\"urlTemplate\":\"https:\\\/\\\/theuncommonshop.ch\\\/fr\\\/?s={search_term_string}\"},\"query-input\":{\"@type\":\"PropertyValueSpecification\",\"valueRequired\":true,\"valueName\":\"search_term_string\"}}],\"inLanguage\":\"fr-FR\"}]}<\/script>\n<meta property=\"og:availability\" content=\"instock\" \/>\n<meta property=\"product:availability\" content=\"instock\" \/>\n<meta property=\"product:condition\" content=\"new\" \/>\n<!-- \/ Yoast SEO plugin. -->","yoast_head_json":{"title":"Ach\u00e8te Lorcana - Invasion \u00c9pineuse! - Le coffre de l'Illuminateur","description":"Ach\u00e8te Lorcana - Invasion \u00c9pineuse! - Le coffre de l'Illuminateur en ligne maintenant \u00e0 petit prix! Ton #1 shop pour cartes TCG & Pok\u00e9mon en Suisse \u2713 Livraison gratuite d\u00e8s CHF 29","robots":{"index":"index","follow":"follow","max-snippet":"max-snippet:-1","max-image-preview":"max-image-preview:large","max-video-preview":"max-video-preview:-1"},"canonical":"https:\/\/theuncommonshop.ch\/fr\/product\/lorcana-invasion-epineuse-le-coffre-de-lilluminateur\/","og_locale":"fr_FR","og_type":"article","og_title":"Ach\u00e8te Lorcana - Invasion \u00c9pineuse! - Le coffre de l'Illuminateur","og_description":"Ach\u00e8te Lorcana - Invasion \u00c9pineuse! - Le coffre de l'Illuminateur en ligne maintenant \u00e0 petit prix! Ton #1 shop pour cartes TCG & Pok\u00e9mon en Suisse \u2713 Livraison gratuite d\u00e8s CHF 29","og_url":"https:\/\/theuncommonshop.ch\/fr\/product\/lorcana-invasion-epineuse-le-coffre-de-lilluminateur\/","og_site_name":"The Uncommon Shop","og_image":[{"width":844,"height":581,"url":"https:\/\/theuncommonshop.ch\/wp-content\/uploads\/2026\/05\/Lorcana_Attack_of_the_Vine_Trove.png","type":"image\/png"}],"twitter_card":"summary_large_image","twitter_misc":{"Disponibilit\u00e9":"En stock"},"schema":{"@context":"https:\/\/schema.org","@graph":[{"@type":"WebPage","@id":"https:\/\/theuncommonshop.ch\/fr\/product\/lorcana-invasion-epineuse-le-coffre-de-lilluminateur\/","url":"https:\/\/theuncommonshop.ch\/fr\/product\/lorcana-invasion-epineuse-le-coffre-de-lilluminateur\/","name":"Ach\u00e8te Lorcana - Invasion \u00c9pineuse! - Le coffre de l'Illuminateur","isPartOf":{"@id":"https:\/\/theuncommonshop.ch\/fr\/#website"},"primaryImageOfPage":{"@id":"https:\/\/theuncommonshop.ch\/fr\/product\/lorcana-invasion-epineuse-le-coffre-de-lilluminateur\/#primaryimage"},"image":{"@id":"https:\/\/theuncommonshop.ch\/fr\/product\/lorcana-invasion-epineuse-le-coffre-de-lilluminateur\/#primaryimage"},"thumbnailUrl":"https:\/\/theuncommonshop.ch\/wp-content\/uploads\/2026\/05\/Lorcana_Attack_of_the_Vine_Trove.png","datePublished":"2026-05-07T18:16:31+00:00","description":"Ach\u00e8te Lorcana - Invasion \u00c9pineuse! - Le coffre de l'Illuminateur en ligne maintenant \u00e0 petit prix! Ton #1 shop pour cartes TCG & Pok\u00e9mon en Suisse \u2713 Livraison gratuite d\u00e8s CHF 29","breadcrumb":{"@id":"https:\/\/theuncommonshop.ch\/fr\/product\/lorcana-invasion-epineuse-le-coffre-de-lilluminateur\/#breadcrumb"},"inLanguage":"fr-FR","potentialAction":[{"@type":"ReadAction","target":["https:\/\/theuncommonshop.ch\/fr\/product\/lorcana-invasion-epineuse-le-coffre-de-lilluminateur\/"]}]},{"@type":"ImageObject","inLanguage":"fr-FR","@id":"https:\/\/theuncommonshop.ch\/fr\/product\/lorcana-invasion-epineuse-le-coffre-de-lilluminateur\/#primaryimage","url":"https:\/\/theuncommonshop.ch\/wp-content\/uploads\/2026\/05\/Lorcana_Attack_of_the_Vine_Trove.png","contentUrl":"https:\/\/theuncommonshop.ch\/wp-content\/uploads\/2026\/05\/Lorcana_Attack_of_the_Vine_Trove.png","width":844,"height":581,"caption":"Lorcana Attaque du vignoble"},{"@type":"BreadcrumbList","@id":"https:\/\/theuncommonshop.ch\/fr\/product\/lorcana-invasion-epineuse-le-coffre-de-lilluminateur\/#breadcrumb","itemListElement":[{"@type":"ListItem","position":1,"name":"Accueil","item":"https:\/\/theuncommonshop.ch\/fr\/accueil\/"},{"@type":"ListItem","position":2,"name":"Boutique","item":"https:\/\/theuncommonshop.ch\/fr\/boutique\/"},{"@type":"ListItem","position":3,"name":"Lorcana &#8211; Invasion \u00c9pineuse! &#8211; Le coffre de l&#8217;Illuminateur"}]},{"@type":"WebSite","@id":"https:\/\/theuncommonshop.ch\/fr\/#website","url":"https:\/\/theuncommonshop.ch\/fr\/","name":"The Uncommon Shop","description":"Magic, Pok\u00e9mon and Yu-gi-oh - The Uncommon Shop","potentialAction":[{"@type":"SearchAction","target":{"@type":"EntryPoint","urlTemplate":"https:\/\/theuncommonshop.ch\/fr\/?s={search_term_string}"},"query-input":{"@type":"PropertyValueSpecification","valueRequired":true,"valueName":"search_term_string"}}],"inLanguage":"fr-FR"}]},"og_availability":"instock","product_availability":"instock","product_condition":"new"},"_links":{"self":[{"href":"https:\/\/theuncommonshop.ch\/fr\/wp-json\/wp\/v2\/product\/374258","targetHints":{"allow":["GET"]}}],"collection":[{"href":"https:\/\/theuncommonshop.ch\/fr\/wp-json\/wp\/v2\/product"}],"about":[{"href":"https:\/\/theuncommonshop.ch\/fr\/wp-json\/wp\/v2\/types\/product"}],"replies":[{"embeddable":true,"href":"https:\/\/theuncommonshop.ch\/fr\/wp-json\/wp\/v2\/comments?post=374258"}],"version-history":[{"count":0,"href":"https:\/\/theuncommonshop.ch\/fr\/wp-json\/wp\/v2\/product\/374258\/revisions"}],"wp:featuredmedia":[{"embeddable":true,"href":"https:\/\/theuncommonshop.ch\/fr\/wp-json\/wp\/v2\/media\/373970"}],"wp:attachment":[{"href":"https:\/\/theuncommonshop.ch\/fr\/wp-json\/wp\/v2\/media?parent=374258"}],"wp:term":[{"taxonomy":"product_brand","embeddable":true,"href":"https:\/\/theuncommonshop.ch\/fr\/wp-json\/wp\/v2\/product_brand?post=374258"},{"taxonomy":"product_cat","embeddable":true,"href":"https:\/\/theuncommonshop.ch\/fr\/wp-json\/wp\/v2\/product_cat?post=374258"},{"taxonomy":"product_tag","embeddable":true,"href":"https:\/\/theuncommonshop.ch\/fr\/wp-json\/wp\/v2\/product_tag?post=374258"}],"curies":[{"name":"wp","href":"https:\/\/api.w.org\/{rel}","templated":true}]}}