{"id":374222,"date":"2026-05-08T14:36:07","date_gmt":"2026-05-08T12:36:07","guid":{"rendered":"https:\/\/theuncommonshop.ch\/product\/topps-chrome-bundesliga-2025-2026-value-box\/"},"modified":"2026-05-08T14:36:07","modified_gmt":"2026-05-08T12:36:07","slug":"topps-chrome-bundesliga-2025-2026-value-box","status":"publish","type":"product","link":"https:\/\/theuncommonshop.ch\/fr\/product\/topps-chrome-bundesliga-2025-2026-value-box\/","title":{"rendered":"Topps Chrome &#8211; Bundesliga 2025\/2026 &#8211; Value Box"},"content":{"rendered":"<p>2026 Topps Bundesliga Chrome Value Box &#8211; Trading Cards de football de haute qualit\u00e9<\/p>\n<p>La 2026 Topps Bundesliga Chrome Value Box vous apporte les stars de la Bundesliga directement chez vous dans l&#8217;un des formats premium les plus populaires de Topps. Avec la finition embl\u00e9matique Chrome, des cartes \u00e9tincelantes, des parall\u00e8les rares et la chance d&#8217;obtenir des hits convoit\u00e9s vous attendent, parfait pour les collectionneurs et les investisseurs. <\/p>\n<p>Qu&#8217;il s&#8217;agisse de joueurs de haut niveau, de jeunes talents ou de favoris des fans, cette bo\u00eete r\u00e9unit toute la fascination de la Bundesliga dans un produit de cartes \u00e0 collectionner moderne et de grande qualit\u00e9.<\/p>\n<p><strong>Voici ce qui vous attend dans la Value Box :<\/strong><\/p>\n<ul>\n<li>7 Packs par bo\u00eete<\/li>\n<li>4 cartes par Packs<\/li>\n<li>Cartes d&#8217;autographes dans des bo\u00eetes porte-bonheur<\/li>\n<\/ul>\n<p>La s\u00e9rie Topps Bundesliga Chrome est l&#8217;une des collections de football les plus demand\u00e9es au monde. Elle se distingue par des designs forts, une qualit\u00e9 \u00e9lev\u00e9e et un potentiel de collection \u00e0 long terme.<\/p>\n<p>Pourquoi la Value Box ?<br \/>\nLa Value Box est id\u00e9ale pour ceux qui cherchent une entr\u00e9e en mati\u00e8re \u00e9conomique dans la s\u00e9rie Chrome, sans pour autant renoncer au suspense et aux hits. Parfait pour ouvrir, collectionner ou offrir aux fans de football. <\/p>\n<p>Procurez-vous d\u00e8s maintenant la Topps Bundesliga Chrome Value Box 2026 et d\u00e9couvrez les meilleurs moments de la saison actuelle de Bundesliga !<\/p>\n","protected":false},"excerpt":{"rendered":"<p>2026 Topps Bundesliga Chrome Value Box &#8211; Trading Cards de football de haute qualit\u00e9 La 2026 Topps Bundesliga Chrome Value<\/p>\n","protected":false},"featured_media":374190,"comment_status":"open","ping_status":"closed","template":"","meta":{"_acf_changed":false},"product_brand":[5130,5178],"product_cat":[10323,9797,10327],"product_tag":[],"class_list":{"0":"post-374222","1":"product","2":"type-product","3":"status-publish","4":"has-post-thumbnail","6":"product_brand-topps","7":"product_brand-topps-chrome","8":"product_cat-cartes-sportives-topps","9":"product_cat-cartes-topps","10":"product_cat-topps-football","12":"first","13":"instock","14":"taxable","15":"shipping-taxable","16":"purchasable","17":"product-type-simple"},"acf":[],"yoast_head":"<!-- This site is optimized with the Yoast SEO plugin v27.5 - https:\/\/yoast.com\/product\/yoast-seo-wordpress\/ -->\n<title>Ach\u00e8te Topps Chrome - Bundesliga 2025\/2026 - Value Box<\/title>\n<meta name=\"description\" content=\"Ach\u00e8te Topps Chrome - Bundesliga 2025\/2026 - Value Box en ligne maintenant \u00e0 petit prix! Ton #1 shop pour cartes TCG &amp; Pok\u00e9mon en Suisse \u2713 Livraison gratuite d\u00e8s CHF 29\" \/>\n<meta name=\"robots\" content=\"index, follow, max-snippet:-1, max-image-preview:large, max-video-preview:-1\" \/>\n<link rel=\"canonical\" href=\"https:\/\/theuncommonshop.ch\/fr\/product\/topps-chrome-bundesliga-2025-2026-value-box\/\" \/>\n<meta property=\"og:locale\" content=\"fr_FR\" \/>\n<meta property=\"og:type\" content=\"article\" \/>\n<meta property=\"og:title\" content=\"Ach\u00e8te Topps Chrome - Bundesliga 2025\/2026 - Value Box\" \/>\n<meta property=\"og:description\" content=\"Ach\u00e8te Topps Chrome - Bundesliga 2025\/2026 - Value Box en ligne maintenant \u00e0 petit prix! Ton #1 shop pour cartes TCG &amp; Pok\u00e9mon en Suisse \u2713 Livraison gratuite d\u00e8s CHF 29\" \/>\n<meta property=\"og:url\" content=\"https:\/\/theuncommonshop.ch\/fr\/product\/topps-chrome-bundesliga-2025-2026-value-box\/\" \/>\n<meta property=\"og:site_name\" content=\"The Uncommon Shop\" \/>\n<meta property=\"og:image\" content=\"https:\/\/theuncommonshop.ch\/wp-content\/uploads\/2026\/05\/Chrome-Bundesliga-202526-Value-Box-7-Booster.webp\" \/>\n\t<meta property=\"og:image:width\" content=\"430\" \/>\n\t<meta property=\"og:image:height\" content=\"606\" \/>\n\t<meta property=\"og:image:type\" content=\"image\/webp\" \/>\n<meta name=\"twitter:card\" content=\"summary_large_image\" \/>\n<meta name=\"twitter:label1\" content=\"Prix\" \/>\n\t<meta name=\"twitter:data1\" content=\"&#067;&#072;&#070;&nbsp;54.95\" \/>\n\t<meta name=\"twitter:label2\" content=\"Disponibilit\u00e9\" \/>\n\t<meta name=\"twitter:data2\" content=\"En stock\" \/>\n<script type=\"application\/ld+json\" class=\"yoast-schema-graph\">{\"@context\":\"https:\\\/\\\/schema.org\",\"@graph\":[{\"@type\":\"WebPage\",\"@id\":\"https:\\\/\\\/theuncommonshop.ch\\\/fr\\\/product\\\/topps-chrome-bundesliga-2025-2026-value-box\\\/\",\"url\":\"https:\\\/\\\/theuncommonshop.ch\\\/fr\\\/product\\\/topps-chrome-bundesliga-2025-2026-value-box\\\/\",\"name\":\"Ach\u00e8te Topps Chrome - Bundesliga 2025\\\/2026 - Value Box\",\"isPartOf\":{\"@id\":\"https:\\\/\\\/theuncommonshop.ch\\\/fr\\\/#website\"},\"primaryImageOfPage\":{\"@id\":\"https:\\\/\\\/theuncommonshop.ch\\\/fr\\\/product\\\/topps-chrome-bundesliga-2025-2026-value-box\\\/#primaryimage\"},\"image\":{\"@id\":\"https:\\\/\\\/theuncommonshop.ch\\\/fr\\\/product\\\/topps-chrome-bundesliga-2025-2026-value-box\\\/#primaryimage\"},\"thumbnailUrl\":\"https:\\\/\\\/theuncommonshop.ch\\\/wp-content\\\/uploads\\\/2026\\\/05\\\/Chrome-Bundesliga-202526-Value-Box-7-Booster.webp\",\"datePublished\":\"2026-05-08T12:36:07+00:00\",\"description\":\"Ach\u00e8te Topps Chrome - Bundesliga 2025\\\/2026 - Value Box en ligne maintenant \u00e0 petit prix! Ton #1 shop pour cartes TCG & Pok\u00e9mon en Suisse \u2713 Livraison gratuite d\u00e8s CHF 29\",\"breadcrumb\":{\"@id\":\"https:\\\/\\\/theuncommonshop.ch\\\/fr\\\/product\\\/topps-chrome-bundesliga-2025-2026-value-box\\\/#breadcrumb\"},\"inLanguage\":\"fr-FR\",\"potentialAction\":[{\"@type\":\"ReadAction\",\"target\":[\"https:\\\/\\\/theuncommonshop.ch\\\/fr\\\/product\\\/topps-chrome-bundesliga-2025-2026-value-box\\\/\"]}]},{\"@type\":\"ImageObject\",\"inLanguage\":\"fr-FR\",\"@id\":\"https:\\\/\\\/theuncommonshop.ch\\\/fr\\\/product\\\/topps-chrome-bundesliga-2025-2026-value-box\\\/#primaryimage\",\"url\":\"https:\\\/\\\/theuncommonshop.ch\\\/wp-content\\\/uploads\\\/2026\\\/05\\\/Chrome-Bundesliga-202526-Value-Box-7-Booster.webp\",\"contentUrl\":\"https:\\\/\\\/theuncommonshop.ch\\\/wp-content\\\/uploads\\\/2026\\\/05\\\/Chrome-Bundesliga-202526-Value-Box-7-Booster.webp\",\"width\":430,\"height\":606,\"caption\":\"Chrome Bundesliga 202526 Value Box 7 Boosters\"},{\"@type\":\"BreadcrumbList\",\"@id\":\"https:\\\/\\\/theuncommonshop.ch\\\/fr\\\/product\\\/topps-chrome-bundesliga-2025-2026-value-box\\\/#breadcrumb\",\"itemListElement\":[{\"@type\":\"ListItem\",\"position\":1,\"name\":\"Accueil\",\"item\":\"https:\\\/\\\/theuncommonshop.ch\\\/fr\\\/accueil\\\/\"},{\"@type\":\"ListItem\",\"position\":2,\"name\":\"Boutique\",\"item\":\"https:\\\/\\\/theuncommonshop.ch\\\/fr\\\/boutique\\\/\"},{\"@type\":\"ListItem\",\"position\":3,\"name\":\"Autres cartes \u00e0 collectionner\",\"item\":\"https:\\\/\\\/theuncommonshop.ch\\\/fr\\\/categorie-produit\\\/autres-cartes-a-collectionner\\\/\"},{\"@type\":\"ListItem\",\"position\":4,\"name\":\"Cartes Topps\",\"item\":\"https:\\\/\\\/theuncommonshop.ch\\\/fr\\\/categorie-produit\\\/autres-cartes-a-collectionner\\\/cartes-topps\\\/\"},{\"@type\":\"ListItem\",\"position\":5,\"name\":\"Cartes sportives Topps\",\"item\":\"https:\\\/\\\/theuncommonshop.ch\\\/fr\\\/categorie-produit\\\/autres-cartes-a-collectionner\\\/cartes-topps\\\/cartes-sportives-topps\\\/\"},{\"@type\":\"ListItem\",\"position\":6,\"name\":\"Topps Football\",\"item\":\"https:\\\/\\\/theuncommonshop.ch\\\/fr\\\/categorie-produit\\\/autres-cartes-a-collectionner\\\/cartes-topps\\\/cartes-sportives-topps\\\/topps-football\\\/\"},{\"@type\":\"ListItem\",\"position\":7,\"name\":\"Topps Chrome &#8211; Bundesliga 2025\\\/2026 &#8211; Value Box\"}]},{\"@type\":\"WebSite\",\"@id\":\"https:\\\/\\\/theuncommonshop.ch\\\/fr\\\/#website\",\"url\":\"https:\\\/\\\/theuncommonshop.ch\\\/fr\\\/\",\"name\":\"The Uncommon Shop\",\"description\":\"Magic, Pok\u00e9mon and Yu-gi-oh - The Uncommon Shop\",\"potentialAction\":[{\"@type\":\"SearchAction\",\"target\":{\"@type\":\"EntryPoint\",\"urlTemplate\":\"https:\\\/\\\/theuncommonshop.ch\\\/fr\\\/?s={search_term_string}\"},\"query-input\":{\"@type\":\"PropertyValueSpecification\",\"valueRequired\":true,\"valueName\":\"search_term_string\"}}],\"inLanguage\":\"fr-FR\"}]}<\/script>\n<meta property=\"product:price:amount\" content=\"54.95\" \/>\n<meta property=\"product:price:currency\" content=\"CHF\" \/>\n<meta property=\"og:availability\" content=\"instock\" \/>\n<meta property=\"product:availability\" content=\"instock\" \/>\n<meta property=\"product:retailer_item_id\" content=\"ToppsChromeBundesliga25.26ValueBox\" \/>\n<meta property=\"product:condition\" content=\"new\" \/>\n<!-- \/ Yoast SEO plugin. -->","yoast_head_json":{"title":"Ach\u00e8te Topps Chrome - Bundesliga 2025\/2026 - Value Box","description":"Ach\u00e8te Topps Chrome - Bundesliga 2025\/2026 - Value Box en ligne maintenant \u00e0 petit prix! Ton #1 shop pour cartes TCG & Pok\u00e9mon en Suisse \u2713 Livraison gratuite d\u00e8s CHF 29","robots":{"index":"index","follow":"follow","max-snippet":"max-snippet:-1","max-image-preview":"max-image-preview:large","max-video-preview":"max-video-preview:-1"},"canonical":"https:\/\/theuncommonshop.ch\/fr\/product\/topps-chrome-bundesliga-2025-2026-value-box\/","og_locale":"fr_FR","og_type":"article","og_title":"Ach\u00e8te Topps Chrome - Bundesliga 2025\/2026 - Value Box","og_description":"Ach\u00e8te Topps Chrome - Bundesliga 2025\/2026 - Value Box en ligne maintenant \u00e0 petit prix! Ton #1 shop pour cartes TCG & Pok\u00e9mon en Suisse \u2713 Livraison gratuite d\u00e8s CHF 29","og_url":"https:\/\/theuncommonshop.ch\/fr\/product\/topps-chrome-bundesliga-2025-2026-value-box\/","og_site_name":"The Uncommon Shop","og_image":[{"width":430,"height":606,"url":"https:\/\/theuncommonshop.ch\/wp-content\/uploads\/2026\/05\/Chrome-Bundesliga-202526-Value-Box-7-Booster.webp","type":"image\/webp"}],"twitter_card":"summary_large_image","twitter_misc":{"Prix":"&#67;&#72;&#70;&nbsp;54.95","Disponibilit\u00e9":"En stock"},"schema":{"@context":"https:\/\/schema.org","@graph":[{"@type":"WebPage","@id":"https:\/\/theuncommonshop.ch\/fr\/product\/topps-chrome-bundesliga-2025-2026-value-box\/","url":"https:\/\/theuncommonshop.ch\/fr\/product\/topps-chrome-bundesliga-2025-2026-value-box\/","name":"Ach\u00e8te Topps Chrome - Bundesliga 2025\/2026 - Value Box","isPartOf":{"@id":"https:\/\/theuncommonshop.ch\/fr\/#website"},"primaryImageOfPage":{"@id":"https:\/\/theuncommonshop.ch\/fr\/product\/topps-chrome-bundesliga-2025-2026-value-box\/#primaryimage"},"image":{"@id":"https:\/\/theuncommonshop.ch\/fr\/product\/topps-chrome-bundesliga-2025-2026-value-box\/#primaryimage"},"thumbnailUrl":"https:\/\/theuncommonshop.ch\/wp-content\/uploads\/2026\/05\/Chrome-Bundesliga-202526-Value-Box-7-Booster.webp","datePublished":"2026-05-08T12:36:07+00:00","description":"Ach\u00e8te Topps Chrome - Bundesliga 2025\/2026 - Value Box en ligne maintenant \u00e0 petit prix! Ton #1 shop pour cartes TCG & Pok\u00e9mon en Suisse \u2713 Livraison gratuite d\u00e8s CHF 29","breadcrumb":{"@id":"https:\/\/theuncommonshop.ch\/fr\/product\/topps-chrome-bundesliga-2025-2026-value-box\/#breadcrumb"},"inLanguage":"fr-FR","potentialAction":[{"@type":"ReadAction","target":["https:\/\/theuncommonshop.ch\/fr\/product\/topps-chrome-bundesliga-2025-2026-value-box\/"]}]},{"@type":"ImageObject","inLanguage":"fr-FR","@id":"https:\/\/theuncommonshop.ch\/fr\/product\/topps-chrome-bundesliga-2025-2026-value-box\/#primaryimage","url":"https:\/\/theuncommonshop.ch\/wp-content\/uploads\/2026\/05\/Chrome-Bundesliga-202526-Value-Box-7-Booster.webp","contentUrl":"https:\/\/theuncommonshop.ch\/wp-content\/uploads\/2026\/05\/Chrome-Bundesliga-202526-Value-Box-7-Booster.webp","width":430,"height":606,"caption":"Chrome Bundesliga 202526 Value Box 7 Boosters"},{"@type":"BreadcrumbList","@id":"https:\/\/theuncommonshop.ch\/fr\/product\/topps-chrome-bundesliga-2025-2026-value-box\/#breadcrumb","itemListElement":[{"@type":"ListItem","position":1,"name":"Accueil","item":"https:\/\/theuncommonshop.ch\/fr\/accueil\/"},{"@type":"ListItem","position":2,"name":"Boutique","item":"https:\/\/theuncommonshop.ch\/fr\/boutique\/"},{"@type":"ListItem","position":3,"name":"Autres cartes \u00e0 collectionner","item":"https:\/\/theuncommonshop.ch\/fr\/categorie-produit\/autres-cartes-a-collectionner\/"},{"@type":"ListItem","position":4,"name":"Cartes Topps","item":"https:\/\/theuncommonshop.ch\/fr\/categorie-produit\/autres-cartes-a-collectionner\/cartes-topps\/"},{"@type":"ListItem","position":5,"name":"Cartes sportives Topps","item":"https:\/\/theuncommonshop.ch\/fr\/categorie-produit\/autres-cartes-a-collectionner\/cartes-topps\/cartes-sportives-topps\/"},{"@type":"ListItem","position":6,"name":"Topps Football","item":"https:\/\/theuncommonshop.ch\/fr\/categorie-produit\/autres-cartes-a-collectionner\/cartes-topps\/cartes-sportives-topps\/topps-football\/"},{"@type":"ListItem","position":7,"name":"Topps Chrome &#8211; Bundesliga 2025\/2026 &#8211; Value Box"}]},{"@type":"WebSite","@id":"https:\/\/theuncommonshop.ch\/fr\/#website","url":"https:\/\/theuncommonshop.ch\/fr\/","name":"The Uncommon Shop","description":"Magic, Pok\u00e9mon and Yu-gi-oh - The Uncommon Shop","potentialAction":[{"@type":"SearchAction","target":{"@type":"EntryPoint","urlTemplate":"https:\/\/theuncommonshop.ch\/fr\/?s={search_term_string}"},"query-input":{"@type":"PropertyValueSpecification","valueRequired":true,"valueName":"search_term_string"}}],"inLanguage":"fr-FR"}]},"product_price_amount":"54.95","product_price_currency":"CHF","og_availability":"instock","product_availability":"instock","product_retailer_item_id":"ToppsChromeBundesliga25.26ValueBox","product_condition":"new"},"_links":{"self":[{"href":"https:\/\/theuncommonshop.ch\/fr\/wp-json\/wp\/v2\/product\/374222","targetHints":{"allow":["GET"]}}],"collection":[{"href":"https:\/\/theuncommonshop.ch\/fr\/wp-json\/wp\/v2\/product"}],"about":[{"href":"https:\/\/theuncommonshop.ch\/fr\/wp-json\/wp\/v2\/types\/product"}],"replies":[{"embeddable":true,"href":"https:\/\/theuncommonshop.ch\/fr\/wp-json\/wp\/v2\/comments?post=374222"}],"version-history":[{"count":0,"href":"https:\/\/theuncommonshop.ch\/fr\/wp-json\/wp\/v2\/product\/374222\/revisions"}],"wp:featuredmedia":[{"embeddable":true,"href":"https:\/\/theuncommonshop.ch\/fr\/wp-json\/wp\/v2\/media\/374190"}],"wp:attachment":[{"href":"https:\/\/theuncommonshop.ch\/fr\/wp-json\/wp\/v2\/media?parent=374222"}],"wp:term":[{"taxonomy":"product_brand","embeddable":true,"href":"https:\/\/theuncommonshop.ch\/fr\/wp-json\/wp\/v2\/product_brand?post=374222"},{"taxonomy":"product_cat","embeddable":true,"href":"https:\/\/theuncommonshop.ch\/fr\/wp-json\/wp\/v2\/product_cat?post=374222"},{"taxonomy":"product_tag","embeddable":true,"href":"https:\/\/theuncommonshop.ch\/fr\/wp-json\/wp\/v2\/product_tag?post=374222"}],"curies":[{"name":"wp","href":"https:\/\/api.w.org\/{rel}","templated":true}]}}