{"id":374186,"date":"2026-05-08T13:58:24","date_gmt":"2026-05-08T11:58:24","guid":{"rendered":"https:\/\/theuncommonshop.ch\/product\/one-piece-official-card-sleeve-tcg-store-edition-vol-6\/"},"modified":"2026-05-08T13:58:24","modified_gmt":"2026-05-08T11:58:24","slug":"one-piece-official-card-sleeve-tcg-store-edition-vol-6","status":"publish","type":"product","link":"https:\/\/theuncommonshop.ch\/fr\/product\/one-piece-official-card-sleeve-tcg-store-edition-vol-6\/","title":{"rendered":"One Piece &#8211; Official Card Sleeve &#8211; TCG+ Store Edition Vol. 6"},"content":{"rendered":"<p><strong>One Piece &#8211; Official Card Sleeve &#8211; TCG+ Store Edition Vol.<\/strong> <strong>6<\/strong> <strong>(70 \u00e9tuis de cartes) :<\/strong><\/p>\n<ul>\n<li>70 pochettes de cartes One Piece avec une superbe finition de qualit\u00e9 !<\/li>\n<li>les pochettes ont une surface brillante avec des \u00e9l\u00e9ments Foil<\/li>\n<\/ul>\n","protected":false},"excerpt":{"rendered":"<p>One Piece &#8211; Official Card Sleeve &#8211; TCG+ Store Edition Vol. 6 (70 \u00e9tuis de cartes) : 70 pochettes de<\/p>\n","protected":false},"featured_media":374169,"comment_status":"open","ping_status":"closed","template":"","meta":{"_acf_changed":false},"product_brand":[12018,5118],"product_cat":[10037,9859,9783,10247,9861],"product_tag":[],"class_list":{"0":"post-374186","1":"product","2":"type-product","3":"status-publish","4":"has-post-thumbnail","6":"product_brand-one-piece","7":"product_brand-one-piece-card-game","8":"product_cat-accessoires-one-piece","9":"product_cat-accessoires-tcg","10":"product_cat-one-piece-fr","11":"product_cat-one-piece-sleeves","12":"product_cat-sleeves-fr","14":"first","15":"instock","16":"taxable","17":"shipping-taxable","18":"purchasable","19":"product-type-variable"},"acf":[],"yoast_head":"<!-- This site is optimized with the Yoast SEO plugin v27.5 - https:\/\/yoast.com\/product\/yoast-seo-wordpress\/ -->\n<title>Ach\u00e8te One Piece - Official Card Sleeve - TCG+ Store Edition Vol. 6<\/title>\n<meta name=\"description\" content=\"Ach\u00e8te One Piece - Official Card Sleeve - TCG+ Store Edition Vol. 6 en ligne maintenant \u00e0 petit prix! Ton #1 shop pour cartes TCG &amp; Pok\u00e9mon en Suisse \u2713 Livraison gratuite d\u00e8s CHF 29\" \/>\n<meta name=\"robots\" content=\"index, follow, max-snippet:-1, max-image-preview:large, max-video-preview:-1\" \/>\n<link rel=\"canonical\" href=\"https:\/\/theuncommonshop.ch\/fr\/product\/one-piece-official-card-sleeve-tcg-store-edition-vol-6\/\" \/>\n<meta property=\"og:locale\" content=\"fr_FR\" \/>\n<meta property=\"og:type\" content=\"article\" \/>\n<meta property=\"og:title\" content=\"Ach\u00e8te One Piece - Official Card Sleeve - TCG+ Store Edition Vol. 6\" \/>\n<meta property=\"og:description\" content=\"Ach\u00e8te One Piece - Official Card Sleeve - TCG+ Store Edition Vol. 6 en ligne maintenant \u00e0 petit prix! Ton #1 shop pour cartes TCG &amp; Pok\u00e9mon en Suisse \u2713 Livraison gratuite d\u00e8s CHF 29\" \/>\n<meta property=\"og:url\" content=\"https:\/\/theuncommonshop.ch\/fr\/product\/one-piece-official-card-sleeve-tcg-store-edition-vol-6\/\" \/>\n<meta property=\"og:site_name\" content=\"The Uncommon Shop\" \/>\n<meta property=\"og:image\" content=\"https:\/\/theuncommonshop.ch\/wp-content\/uploads\/2026\/05\/cardstoresleevesvol6.webp\" \/>\n\t<meta property=\"og:image:width\" content=\"670\" \/>\n\t<meta property=\"og:image:height\" content=\"670\" \/>\n\t<meta property=\"og:image:type\" content=\"image\/webp\" \/>\n<meta name=\"twitter:card\" content=\"summary_large_image\" \/>\n<meta name=\"twitter:label1\" content=\"Disponibilit\u00e9\" \/>\n\t<meta name=\"twitter:data1\" content=\"En stock\" \/>\n<script type=\"application\/ld+json\" class=\"yoast-schema-graph\">{\"@context\":\"https:\\\/\\\/schema.org\",\"@graph\":[{\"@type\":\"WebPage\",\"@id\":\"https:\\\/\\\/theuncommonshop.ch\\\/fr\\\/product\\\/one-piece-official-card-sleeve-tcg-store-edition-vol-6\\\/\",\"url\":\"https:\\\/\\\/theuncommonshop.ch\\\/fr\\\/product\\\/one-piece-official-card-sleeve-tcg-store-edition-vol-6\\\/\",\"name\":\"Ach\u00e8te One Piece - Official Card Sleeve - TCG+ Store Edition Vol. 6\",\"isPartOf\":{\"@id\":\"https:\\\/\\\/theuncommonshop.ch\\\/fr\\\/#website\"},\"primaryImageOfPage\":{\"@id\":\"https:\\\/\\\/theuncommonshop.ch\\\/fr\\\/product\\\/one-piece-official-card-sleeve-tcg-store-edition-vol-6\\\/#primaryimage\"},\"image\":{\"@id\":\"https:\\\/\\\/theuncommonshop.ch\\\/fr\\\/product\\\/one-piece-official-card-sleeve-tcg-store-edition-vol-6\\\/#primaryimage\"},\"thumbnailUrl\":\"https:\\\/\\\/theuncommonshop.ch\\\/wp-content\\\/uploads\\\/2026\\\/05\\\/cardstoresleevesvol6.webp\",\"datePublished\":\"2026-05-08T11:58:24+00:00\",\"description\":\"Ach\u00e8te One Piece - Official Card Sleeve - TCG+ Store Edition Vol. 6 en ligne maintenant \u00e0 petit prix! Ton #1 shop pour cartes TCG & Pok\u00e9mon en Suisse \u2713 Livraison gratuite d\u00e8s CHF 29\",\"breadcrumb\":{\"@id\":\"https:\\\/\\\/theuncommonshop.ch\\\/fr\\\/product\\\/one-piece-official-card-sleeve-tcg-store-edition-vol-6\\\/#breadcrumb\"},\"inLanguage\":\"fr-FR\",\"potentialAction\":[{\"@type\":\"ReadAction\",\"target\":[\"https:\\\/\\\/theuncommonshop.ch\\\/fr\\\/product\\\/one-piece-official-card-sleeve-tcg-store-edition-vol-6\\\/\"]}]},{\"@type\":\"ImageObject\",\"inLanguage\":\"fr-FR\",\"@id\":\"https:\\\/\\\/theuncommonshop.ch\\\/fr\\\/product\\\/one-piece-official-card-sleeve-tcg-store-edition-vol-6\\\/#primaryimage\",\"url\":\"https:\\\/\\\/theuncommonshop.ch\\\/wp-content\\\/uploads\\\/2026\\\/05\\\/cardstoresleevesvol6.webp\",\"contentUrl\":\"https:\\\/\\\/theuncommonshop.ch\\\/wp-content\\\/uploads\\\/2026\\\/05\\\/cardstoresleevesvol6.webp\",\"width\":670,\"height\":670,\"caption\":\"cardstoresleevesvol6\"},{\"@type\":\"BreadcrumbList\",\"@id\":\"https:\\\/\\\/theuncommonshop.ch\\\/fr\\\/product\\\/one-piece-official-card-sleeve-tcg-store-edition-vol-6\\\/#breadcrumb\",\"itemListElement\":[{\"@type\":\"ListItem\",\"position\":1,\"name\":\"Accueil\",\"item\":\"https:\\\/\\\/theuncommonshop.ch\\\/fr\\\/accueil\\\/\"},{\"@type\":\"ListItem\",\"position\":2,\"name\":\"Boutique\",\"item\":\"https:\\\/\\\/theuncommonshop.ch\\\/fr\\\/boutique\\\/\"},{\"@type\":\"ListItem\",\"position\":3,\"name\":\"One Piece &#8211; Official Card Sleeve &#8211; TCG+ Store Edition Vol. 6\"}]},{\"@type\":\"WebSite\",\"@id\":\"https:\\\/\\\/theuncommonshop.ch\\\/fr\\\/#website\",\"url\":\"https:\\\/\\\/theuncommonshop.ch\\\/fr\\\/\",\"name\":\"The Uncommon Shop\",\"description\":\"Magic, Pok\u00e9mon and Yu-gi-oh - The Uncommon Shop\",\"potentialAction\":[{\"@type\":\"SearchAction\",\"target\":{\"@type\":\"EntryPoint\",\"urlTemplate\":\"https:\\\/\\\/theuncommonshop.ch\\\/fr\\\/?s={search_term_string}\"},\"query-input\":{\"@type\":\"PropertyValueSpecification\",\"valueRequired\":true,\"valueName\":\"search_term_string\"}}],\"inLanguage\":\"fr-FR\"}]}<\/script>\n<meta property=\"og:availability\" content=\"instock\" \/>\n<meta property=\"product:availability\" content=\"instock\" \/>\n<meta property=\"product:condition\" content=\"new\" \/>\n<!-- \/ Yoast SEO plugin. -->","yoast_head_json":{"title":"Ach\u00e8te One Piece - Official Card Sleeve - TCG+ Store Edition Vol. 6","description":"Ach\u00e8te One Piece - Official Card Sleeve - TCG+ Store Edition Vol. 6 en ligne maintenant \u00e0 petit prix! Ton #1 shop pour cartes TCG & Pok\u00e9mon en Suisse \u2713 Livraison gratuite d\u00e8s CHF 29","robots":{"index":"index","follow":"follow","max-snippet":"max-snippet:-1","max-image-preview":"max-image-preview:large","max-video-preview":"max-video-preview:-1"},"canonical":"https:\/\/theuncommonshop.ch\/fr\/product\/one-piece-official-card-sleeve-tcg-store-edition-vol-6\/","og_locale":"fr_FR","og_type":"article","og_title":"Ach\u00e8te One Piece - Official Card Sleeve - TCG+ Store Edition Vol. 6","og_description":"Ach\u00e8te One Piece - Official Card Sleeve - TCG+ Store Edition Vol. 6 en ligne maintenant \u00e0 petit prix! Ton #1 shop pour cartes TCG & Pok\u00e9mon en Suisse \u2713 Livraison gratuite d\u00e8s CHF 29","og_url":"https:\/\/theuncommonshop.ch\/fr\/product\/one-piece-official-card-sleeve-tcg-store-edition-vol-6\/","og_site_name":"The Uncommon Shop","og_image":[{"width":670,"height":670,"url":"https:\/\/theuncommonshop.ch\/wp-content\/uploads\/2026\/05\/cardstoresleevesvol6.webp","type":"image\/webp"}],"twitter_card":"summary_large_image","twitter_misc":{"Disponibilit\u00e9":"En stock"},"schema":{"@context":"https:\/\/schema.org","@graph":[{"@type":"WebPage","@id":"https:\/\/theuncommonshop.ch\/fr\/product\/one-piece-official-card-sleeve-tcg-store-edition-vol-6\/","url":"https:\/\/theuncommonshop.ch\/fr\/product\/one-piece-official-card-sleeve-tcg-store-edition-vol-6\/","name":"Ach\u00e8te One Piece - Official Card Sleeve - TCG+ Store Edition Vol. 6","isPartOf":{"@id":"https:\/\/theuncommonshop.ch\/fr\/#website"},"primaryImageOfPage":{"@id":"https:\/\/theuncommonshop.ch\/fr\/product\/one-piece-official-card-sleeve-tcg-store-edition-vol-6\/#primaryimage"},"image":{"@id":"https:\/\/theuncommonshop.ch\/fr\/product\/one-piece-official-card-sleeve-tcg-store-edition-vol-6\/#primaryimage"},"thumbnailUrl":"https:\/\/theuncommonshop.ch\/wp-content\/uploads\/2026\/05\/cardstoresleevesvol6.webp","datePublished":"2026-05-08T11:58:24+00:00","description":"Ach\u00e8te One Piece - Official Card Sleeve - TCG+ Store Edition Vol. 6 en ligne maintenant \u00e0 petit prix! Ton #1 shop pour cartes TCG & Pok\u00e9mon en Suisse \u2713 Livraison gratuite d\u00e8s CHF 29","breadcrumb":{"@id":"https:\/\/theuncommonshop.ch\/fr\/product\/one-piece-official-card-sleeve-tcg-store-edition-vol-6\/#breadcrumb"},"inLanguage":"fr-FR","potentialAction":[{"@type":"ReadAction","target":["https:\/\/theuncommonshop.ch\/fr\/product\/one-piece-official-card-sleeve-tcg-store-edition-vol-6\/"]}]},{"@type":"ImageObject","inLanguage":"fr-FR","@id":"https:\/\/theuncommonshop.ch\/fr\/product\/one-piece-official-card-sleeve-tcg-store-edition-vol-6\/#primaryimage","url":"https:\/\/theuncommonshop.ch\/wp-content\/uploads\/2026\/05\/cardstoresleevesvol6.webp","contentUrl":"https:\/\/theuncommonshop.ch\/wp-content\/uploads\/2026\/05\/cardstoresleevesvol6.webp","width":670,"height":670,"caption":"cardstoresleevesvol6"},{"@type":"BreadcrumbList","@id":"https:\/\/theuncommonshop.ch\/fr\/product\/one-piece-official-card-sleeve-tcg-store-edition-vol-6\/#breadcrumb","itemListElement":[{"@type":"ListItem","position":1,"name":"Accueil","item":"https:\/\/theuncommonshop.ch\/fr\/accueil\/"},{"@type":"ListItem","position":2,"name":"Boutique","item":"https:\/\/theuncommonshop.ch\/fr\/boutique\/"},{"@type":"ListItem","position":3,"name":"One Piece &#8211; Official Card Sleeve &#8211; TCG+ Store Edition Vol. 6"}]},{"@type":"WebSite","@id":"https:\/\/theuncommonshop.ch\/fr\/#website","url":"https:\/\/theuncommonshop.ch\/fr\/","name":"The Uncommon Shop","description":"Magic, Pok\u00e9mon and Yu-gi-oh - The Uncommon Shop","potentialAction":[{"@type":"SearchAction","target":{"@type":"EntryPoint","urlTemplate":"https:\/\/theuncommonshop.ch\/fr\/?s={search_term_string}"},"query-input":{"@type":"PropertyValueSpecification","valueRequired":true,"valueName":"search_term_string"}}],"inLanguage":"fr-FR"}]},"og_availability":"instock","product_availability":"instock","product_condition":"new"},"_links":{"self":[{"href":"https:\/\/theuncommonshop.ch\/fr\/wp-json\/wp\/v2\/product\/374186","targetHints":{"allow":["GET"]}}],"collection":[{"href":"https:\/\/theuncommonshop.ch\/fr\/wp-json\/wp\/v2\/product"}],"about":[{"href":"https:\/\/theuncommonshop.ch\/fr\/wp-json\/wp\/v2\/types\/product"}],"replies":[{"embeddable":true,"href":"https:\/\/theuncommonshop.ch\/fr\/wp-json\/wp\/v2\/comments?post=374186"}],"version-history":[{"count":0,"href":"https:\/\/theuncommonshop.ch\/fr\/wp-json\/wp\/v2\/product\/374186\/revisions"}],"wp:featuredmedia":[{"embeddable":true,"href":"https:\/\/theuncommonshop.ch\/fr\/wp-json\/wp\/v2\/media\/374169"}],"wp:attachment":[{"href":"https:\/\/theuncommonshop.ch\/fr\/wp-json\/wp\/v2\/media?parent=374186"}],"wp:term":[{"taxonomy":"product_brand","embeddable":true,"href":"https:\/\/theuncommonshop.ch\/fr\/wp-json\/wp\/v2\/product_brand?post=374186"},{"taxonomy":"product_cat","embeddable":true,"href":"https:\/\/theuncommonshop.ch\/fr\/wp-json\/wp\/v2\/product_cat?post=374186"},{"taxonomy":"product_tag","embeddable":true,"href":"https:\/\/theuncommonshop.ch\/fr\/wp-json\/wp\/v2\/product_tag?post=374186"}],"curies":[{"name":"wp","href":"https:\/\/api.w.org\/{rel}","templated":true}]}}