{"id":374112,"date":"2026-05-07T22:38:48","date_gmt":"2026-05-07T20:38:48","guid":{"rendered":"https:\/\/theuncommonshop.ch\/product\/ultimate-guard-magic-secrets-of-strixhaven-rte-boulder-100\/"},"modified":"2026-05-07T22:38:48","modified_gmt":"2026-05-07T20:38:48","slug":"ultimate-guard-magic-secrets-of-strixhaven-rte-boulder-100","status":"publish","type":"product","link":"https:\/\/theuncommonshop.ch\/fr\/product\/ultimate-guard-magic-secrets-of-strixhaven-rte-boulder-100\/","title":{"rendered":"Ultimate Guard &#8211; Magic &#8211; Secrets of Strixhaven &#8211; RTE Boulder 100+"},"content":{"rendered":"<p>Le <strong>Boulder 100+ <\/strong>d&#8217;Ultimate Guard est une bo\u00eete de deck solide et fiable pour Magic : The Gathering avec des artworks sous licence officielle du set Magic &#8220;Secrets of Strixhaven&#8221;. Malgr\u00e9 sa fermeture s\u00e9curis\u00e9e, Boulder s&#8217;ouvre facilement et confortablement et, avec de la place pour 100 cartes \u00e0 double sleeve dans des pochettes Ultimate Guard*, c&#8217;est la bo\u00eete de deck MTG id\u00e9ale pour tous les formats de Magic (Commander\/EDH, Modern, Standard, etc.). Les Boulder sont compatibles avec toutes les bo\u00eetes de rangement de masse d&#8217;Ultimate Guard et se combinent particuli\u00e8rement bien avec les bo\u00eetes Arkhive, Superhive et Flip&#8217;n&#8217;Tray.  <\/p>\n<p><i>*Con\u00e7u pour les \u00e9tuis Ultimate Guard. Les \u00e9tuis d&#8217;autres fabricants peuvent affecter la capacit\u00e9. <\/i><\/p>\n<ul>\n<li>Illustration sous licence officielle de Magic : The Gathering<\/li>\n<li>Con\u00e7u pour 100 cartes \u00e0 double sleeve dans des bo\u00eetiers Ultimate Guard<\/li>\n<li>Bo\u00eete durable et stable<\/li>\n<li>Fermeture s\u00e9curis\u00e9e<\/li>\n<li>Conception modulaire pour une combinaison avec les produits Ultimate Guard<\/li>\n<\/ul>\n","protected":false},"excerpt":{"rendered":"<p>Le Boulder 100+ d&#8217;Ultimate Guard est une bo\u00eete de deck solide et fiable pour Magic : The Gathering avec des<\/p>\n","protected":false},"featured_media":374051,"comment_status":"open","ping_status":"closed","template":"","meta":{"_acf_changed":false},"product_brand":[5158,5088,5070],"product_cat":[9859,9979,9867,10259,9877],"product_tag":[],"class_list":{"0":"post-374112","1":"product","2":"type-product","3":"status-publish","4":"has-post-thumbnail","6":"product_brand-magic-the-gathering","7":"product_brand-ultimate-guard","8":"product_brand-wizards-of-the-coast","9":"product_cat-accessoires-tcg","10":"product_cat-petites-boites-de-rangement","11":"product_cat-rangement","12":"product_cat-tout","13":"product_cat-ultimate-guard-fr","15":"first","16":"instock","17":"taxable","18":"shipping-taxable","19":"purchasable","20":"product-type-variable"},"acf":[],"yoast_head":"<!-- This site is optimized with the Yoast SEO plugin v27.5 - https:\/\/yoast.com\/product\/yoast-seo-wordpress\/ -->\n<title>Ach\u00e8te Ultimate Guard - Magic - Secrets of Strixhaven - RTE Boulder 100+<\/title>\n<meta name=\"description\" content=\"Ach\u00e8te Ultimate Guard - Magic - Secrets of Strixhaven - RTE Boulder 100+ en ligne maintenant \u00e0 petit prix! Ton #1 shop pour cartes TCG &amp; Pok\u00e9mon en Suisse \u2713 Livraison gratuite d\u00e8s CHF 29\" \/>\n<meta name=\"robots\" content=\"index, follow, max-snippet:-1, max-image-preview:large, max-video-preview:-1\" \/>\n<link rel=\"canonical\" href=\"https:\/\/theuncommonshop.ch\/fr\/product\/ultimate-guard-magic-secrets-of-strixhaven-rte-boulder-100\/\" \/>\n<meta property=\"og:locale\" content=\"fr_FR\" \/>\n<meta property=\"og:type\" content=\"article\" \/>\n<meta property=\"og:title\" content=\"Ach\u00e8te Ultimate Guard - Magic - Secrets of Strixhaven - RTE Boulder 100+\" \/>\n<meta property=\"og:description\" content=\"Ach\u00e8te Ultimate Guard - Magic - Secrets of Strixhaven - RTE Boulder 100+ en ligne maintenant \u00e0 petit prix! Ton #1 shop pour cartes TCG &amp; Pok\u00e9mon en Suisse \u2713 Livraison gratuite d\u00e8s CHF 29\" \/>\n<meta property=\"og:url\" content=\"https:\/\/theuncommonshop.ch\/fr\/product\/ultimate-guard-magic-secrets-of-strixhaven-rte-boulder-100\/\" \/>\n<meta property=\"og:site_name\" content=\"The Uncommon Shop\" \/>\n<meta property=\"og:image\" content=\"https:\/\/theuncommonshop.ch\/wp-content\/uploads\/2026\/05\/Design-ohne-Titel-4-1.jpg\" \/>\n\t<meta property=\"og:image:width\" content=\"1500\" \/>\n\t<meta property=\"og:image:height\" content=\"1500\" \/>\n\t<meta property=\"og:image:type\" content=\"image\/jpeg\" \/>\n<meta name=\"twitter:card\" content=\"summary_large_image\" \/>\n<meta name=\"twitter:label1\" content=\"Disponibilit\u00e9\" \/>\n\t<meta name=\"twitter:data1\" content=\"En stock\" \/>\n<script type=\"application\/ld+json\" class=\"yoast-schema-graph\">{\"@context\":\"https:\\\/\\\/schema.org\",\"@graph\":[{\"@type\":\"WebPage\",\"@id\":\"https:\\\/\\\/theuncommonshop.ch\\\/fr\\\/product\\\/ultimate-guard-magic-secrets-of-strixhaven-rte-boulder-100\\\/\",\"url\":\"https:\\\/\\\/theuncommonshop.ch\\\/fr\\\/product\\\/ultimate-guard-magic-secrets-of-strixhaven-rte-boulder-100\\\/\",\"name\":\"Ach\u00e8te Ultimate Guard - Magic - Secrets of Strixhaven - RTE Boulder 100+\",\"isPartOf\":{\"@id\":\"https:\\\/\\\/theuncommonshop.ch\\\/fr\\\/#website\"},\"primaryImageOfPage\":{\"@id\":\"https:\\\/\\\/theuncommonshop.ch\\\/fr\\\/product\\\/ultimate-guard-magic-secrets-of-strixhaven-rte-boulder-100\\\/#primaryimage\"},\"image\":{\"@id\":\"https:\\\/\\\/theuncommonshop.ch\\\/fr\\\/product\\\/ultimate-guard-magic-secrets-of-strixhaven-rte-boulder-100\\\/#primaryimage\"},\"thumbnailUrl\":\"https:\\\/\\\/theuncommonshop.ch\\\/wp-content\\\/uploads\\\/2026\\\/05\\\/Design-ohne-Titel-4-1.jpg\",\"datePublished\":\"2026-05-07T20:38:48+00:00\",\"description\":\"Ach\u00e8te Ultimate Guard - Magic - Secrets of Strixhaven - RTE Boulder 100+ en ligne maintenant \u00e0 petit prix! Ton #1 shop pour cartes TCG & Pok\u00e9mon en Suisse \u2713 Livraison gratuite d\u00e8s CHF 29\",\"breadcrumb\":{\"@id\":\"https:\\\/\\\/theuncommonshop.ch\\\/fr\\\/product\\\/ultimate-guard-magic-secrets-of-strixhaven-rte-boulder-100\\\/#breadcrumb\"},\"inLanguage\":\"fr-FR\",\"potentialAction\":[{\"@type\":\"ReadAction\",\"target\":[\"https:\\\/\\\/theuncommonshop.ch\\\/fr\\\/product\\\/ultimate-guard-magic-secrets-of-strixhaven-rte-boulder-100\\\/\"]}]},{\"@type\":\"ImageObject\",\"inLanguage\":\"fr-FR\",\"@id\":\"https:\\\/\\\/theuncommonshop.ch\\\/fr\\\/product\\\/ultimate-guard-magic-secrets-of-strixhaven-rte-boulder-100\\\/#primaryimage\",\"url\":\"https:\\\/\\\/theuncommonshop.ch\\\/wp-content\\\/uploads\\\/2026\\\/05\\\/Design-ohne-Titel-4-1.jpg\",\"contentUrl\":\"https:\\\/\\\/theuncommonshop.ch\\\/wp-content\\\/uploads\\\/2026\\\/05\\\/Design-ohne-Titel-4-1.jpg\",\"width\":1500,\"height\":1500,\"caption\":\"Strixhaven Boulder Ultimate Guard\"},{\"@type\":\"BreadcrumbList\",\"@id\":\"https:\\\/\\\/theuncommonshop.ch\\\/fr\\\/product\\\/ultimate-guard-magic-secrets-of-strixhaven-rte-boulder-100\\\/#breadcrumb\",\"itemListElement\":[{\"@type\":\"ListItem\",\"position\":1,\"name\":\"Accueil\",\"item\":\"https:\\\/\\\/theuncommonshop.ch\\\/fr\\\/accueil\\\/\"},{\"@type\":\"ListItem\",\"position\":2,\"name\":\"Boutique\",\"item\":\"https:\\\/\\\/theuncommonshop.ch\\\/fr\\\/boutique\\\/\"},{\"@type\":\"ListItem\",\"position\":3,\"name\":\"Ultimate Guard &#8211; Magic &#8211; Secrets of Strixhaven &#8211; RTE Boulder 100+\"}]},{\"@type\":\"WebSite\",\"@id\":\"https:\\\/\\\/theuncommonshop.ch\\\/fr\\\/#website\",\"url\":\"https:\\\/\\\/theuncommonshop.ch\\\/fr\\\/\",\"name\":\"The Uncommon Shop\",\"description\":\"Magic, Pok\u00e9mon and Yu-gi-oh - The Uncommon Shop\",\"potentialAction\":[{\"@type\":\"SearchAction\",\"target\":{\"@type\":\"EntryPoint\",\"urlTemplate\":\"https:\\\/\\\/theuncommonshop.ch\\\/fr\\\/?s={search_term_string}\"},\"query-input\":{\"@type\":\"PropertyValueSpecification\",\"valueRequired\":true,\"valueName\":\"search_term_string\"}}],\"inLanguage\":\"fr-FR\"}]}<\/script>\n<meta property=\"og:availability\" content=\"instock\" \/>\n<meta property=\"product:availability\" content=\"instock\" \/>\n<meta property=\"product:condition\" content=\"new\" \/>\n<!-- \/ Yoast SEO plugin. -->","yoast_head_json":{"title":"Ach\u00e8te Ultimate Guard - Magic - Secrets of Strixhaven - RTE Boulder 100+","description":"Ach\u00e8te Ultimate Guard - Magic - Secrets of Strixhaven - RTE Boulder 100+ en ligne maintenant \u00e0 petit prix! Ton #1 shop pour cartes TCG & Pok\u00e9mon en Suisse \u2713 Livraison gratuite d\u00e8s CHF 29","robots":{"index":"index","follow":"follow","max-snippet":"max-snippet:-1","max-image-preview":"max-image-preview:large","max-video-preview":"max-video-preview:-1"},"canonical":"https:\/\/theuncommonshop.ch\/fr\/product\/ultimate-guard-magic-secrets-of-strixhaven-rte-boulder-100\/","og_locale":"fr_FR","og_type":"article","og_title":"Ach\u00e8te Ultimate Guard - Magic - Secrets of Strixhaven - RTE Boulder 100+","og_description":"Ach\u00e8te Ultimate Guard - Magic - Secrets of Strixhaven - RTE Boulder 100+ en ligne maintenant \u00e0 petit prix! Ton #1 shop pour cartes TCG & Pok\u00e9mon en Suisse \u2713 Livraison gratuite d\u00e8s CHF 29","og_url":"https:\/\/theuncommonshop.ch\/fr\/product\/ultimate-guard-magic-secrets-of-strixhaven-rte-boulder-100\/","og_site_name":"The Uncommon Shop","og_image":[{"width":1500,"height":1500,"url":"https:\/\/theuncommonshop.ch\/wp-content\/uploads\/2026\/05\/Design-ohne-Titel-4-1.jpg","type":"image\/jpeg"}],"twitter_card":"summary_large_image","twitter_misc":{"Disponibilit\u00e9":"En stock"},"schema":{"@context":"https:\/\/schema.org","@graph":[{"@type":"WebPage","@id":"https:\/\/theuncommonshop.ch\/fr\/product\/ultimate-guard-magic-secrets-of-strixhaven-rte-boulder-100\/","url":"https:\/\/theuncommonshop.ch\/fr\/product\/ultimate-guard-magic-secrets-of-strixhaven-rte-boulder-100\/","name":"Ach\u00e8te Ultimate Guard - Magic - Secrets of Strixhaven - RTE Boulder 100+","isPartOf":{"@id":"https:\/\/theuncommonshop.ch\/fr\/#website"},"primaryImageOfPage":{"@id":"https:\/\/theuncommonshop.ch\/fr\/product\/ultimate-guard-magic-secrets-of-strixhaven-rte-boulder-100\/#primaryimage"},"image":{"@id":"https:\/\/theuncommonshop.ch\/fr\/product\/ultimate-guard-magic-secrets-of-strixhaven-rte-boulder-100\/#primaryimage"},"thumbnailUrl":"https:\/\/theuncommonshop.ch\/wp-content\/uploads\/2026\/05\/Design-ohne-Titel-4-1.jpg","datePublished":"2026-05-07T20:38:48+00:00","description":"Ach\u00e8te Ultimate Guard - Magic - Secrets of Strixhaven - RTE Boulder 100+ en ligne maintenant \u00e0 petit prix! Ton #1 shop pour cartes TCG & Pok\u00e9mon en Suisse \u2713 Livraison gratuite d\u00e8s CHF 29","breadcrumb":{"@id":"https:\/\/theuncommonshop.ch\/fr\/product\/ultimate-guard-magic-secrets-of-strixhaven-rte-boulder-100\/#breadcrumb"},"inLanguage":"fr-FR","potentialAction":[{"@type":"ReadAction","target":["https:\/\/theuncommonshop.ch\/fr\/product\/ultimate-guard-magic-secrets-of-strixhaven-rte-boulder-100\/"]}]},{"@type":"ImageObject","inLanguage":"fr-FR","@id":"https:\/\/theuncommonshop.ch\/fr\/product\/ultimate-guard-magic-secrets-of-strixhaven-rte-boulder-100\/#primaryimage","url":"https:\/\/theuncommonshop.ch\/wp-content\/uploads\/2026\/05\/Design-ohne-Titel-4-1.jpg","contentUrl":"https:\/\/theuncommonshop.ch\/wp-content\/uploads\/2026\/05\/Design-ohne-Titel-4-1.jpg","width":1500,"height":1500,"caption":"Strixhaven Boulder Ultimate Guard"},{"@type":"BreadcrumbList","@id":"https:\/\/theuncommonshop.ch\/fr\/product\/ultimate-guard-magic-secrets-of-strixhaven-rte-boulder-100\/#breadcrumb","itemListElement":[{"@type":"ListItem","position":1,"name":"Accueil","item":"https:\/\/theuncommonshop.ch\/fr\/accueil\/"},{"@type":"ListItem","position":2,"name":"Boutique","item":"https:\/\/theuncommonshop.ch\/fr\/boutique\/"},{"@type":"ListItem","position":3,"name":"Ultimate Guard &#8211; Magic &#8211; Secrets of Strixhaven &#8211; RTE Boulder 100+"}]},{"@type":"WebSite","@id":"https:\/\/theuncommonshop.ch\/fr\/#website","url":"https:\/\/theuncommonshop.ch\/fr\/","name":"The Uncommon Shop","description":"Magic, Pok\u00e9mon and Yu-gi-oh - The Uncommon Shop","potentialAction":[{"@type":"SearchAction","target":{"@type":"EntryPoint","urlTemplate":"https:\/\/theuncommonshop.ch\/fr\/?s={search_term_string}"},"query-input":{"@type":"PropertyValueSpecification","valueRequired":true,"valueName":"search_term_string"}}],"inLanguage":"fr-FR"}]},"og_availability":"instock","product_availability":"instock","product_condition":"new"},"_links":{"self":[{"href":"https:\/\/theuncommonshop.ch\/fr\/wp-json\/wp\/v2\/product\/374112","targetHints":{"allow":["GET"]}}],"collection":[{"href":"https:\/\/theuncommonshop.ch\/fr\/wp-json\/wp\/v2\/product"}],"about":[{"href":"https:\/\/theuncommonshop.ch\/fr\/wp-json\/wp\/v2\/types\/product"}],"replies":[{"embeddable":true,"href":"https:\/\/theuncommonshop.ch\/fr\/wp-json\/wp\/v2\/comments?post=374112"}],"version-history":[{"count":0,"href":"https:\/\/theuncommonshop.ch\/fr\/wp-json\/wp\/v2\/product\/374112\/revisions"}],"wp:featuredmedia":[{"embeddable":true,"href":"https:\/\/theuncommonshop.ch\/fr\/wp-json\/wp\/v2\/media\/374051"}],"wp:attachment":[{"href":"https:\/\/theuncommonshop.ch\/fr\/wp-json\/wp\/v2\/media?parent=374112"}],"wp:term":[{"taxonomy":"product_brand","embeddable":true,"href":"https:\/\/theuncommonshop.ch\/fr\/wp-json\/wp\/v2\/product_brand?post=374112"},{"taxonomy":"product_cat","embeddable":true,"href":"https:\/\/theuncommonshop.ch\/fr\/wp-json\/wp\/v2\/product_cat?post=374112"},{"taxonomy":"product_tag","embeddable":true,"href":"https:\/\/theuncommonshop.ch\/fr\/wp-json\/wp\/v2\/product_tag?post=374112"}],"curies":[{"name":"wp","href":"https:\/\/api.w.org\/{rel}","templated":true}]}}