{"id":373631,"date":"2026-05-06T20:18:29","date_gmt":"2026-05-06T18:18:29","guid":{"rendered":"https:\/\/theuncommonshop.ch\/product\/magic-reality-fracture-fra-secret-lair-bundle\/"},"modified":"2026-05-06T20:18:29","modified_gmt":"2026-05-06T18:18:29","slug":"magic-reality-fracture-fra-secret-lair-bundle","status":"publish","type":"product","link":"https:\/\/theuncommonshop.ch\/fr\/product\/magic-reality-fracture-fra-secret-lair-bundle\/","title":{"rendered":"Magic &#8211; Reality Fracture (FRA) &#8211; Secret Lair Bundle"},"content":{"rendered":"<p>Nous avons pris un mauvais virage dans le multivers et nous sommes retrouv\u00e9s dans la mauvaise dimension, mais ne vous inqui\u00e9tez pas &#8211; dans ce bundle \u00e9tonnant, vous trouverez des boosters de collection de <em>la r\u00e9alit\u00e9 fragment\u00e9e<\/em>, des boosters de jeu, un compteur de points de vie exclusif de Spindown et des terrains standard sans bords ! Nous avons \u00e9galement relook\u00e9 quelques-unes des cartes les plus rares <em>de<\/em> l&#8217;ensemble. Cach\u00e9es dans la bo\u00eete de deck pratique, vous trouverez deux des dix cartes rares possibles avec des illustrations provenant directement du monde d\u00e9form\u00e9 de Jace. Je me demande ce que vous allez trouver d&#8217;autre. Eh bien&#8230; nous ne voulons pas vous g\u00e2cher la surprise.    <\/p>\n<p>Le super cerveau du magicien Jace Beleren a pouss\u00e9 la r\u00e9alit\u00e9 dans ses derniers retranchements. Un multivers alternatif qu&#8217;il a cr\u00e9\u00e9 menace de remplacer l&#8217;actuel. Seule une \u00e9quipe h\u00e9ro\u00efque s&#8217;oppose \u00e0 la destruction. Cherchez de nouvelles r\u00e9flexions tordues sur les <em>l\u00e9gendes Magic<\/em> alors que vous explorez l&#8217;\u00e9chovers de Jace, jusqu&#8217;\u00e0 son refuge le plus intime dans l&#8217;\u00e9cole dystopique d&#8217;Hexhaven.   <\/p>\n<p><strong>Contenu :<\/strong><\/p>\n<ul>\n<li>6 <em>R\u00e9alit\u00e9 fragment\u00e9e<\/em> Booster de jeu<\/li>\n<li>2 Boosters collecteurs de <em>r\u00e9alit\u00e9 fragment\u00e9e<\/em> <\/li>\n<li>2 des 10 cartes <em>Secret Lair<\/em> fabuleusement rares<\/li>\n<li>20 pays sous forme de cartes foil traditionnelles sans marge<\/li>\n<li>1 compteur de points de vie exclusif Spindown<\/li>\n<\/ul>\n","protected":false},"excerpt":{"rendered":"<p>Nous avons pris un mauvais virage dans le multivers et nous sommes retrouv\u00e9s dans la mauvaise dimension, mais ne vous<\/p>\n","protected":false},"featured_media":373626,"comment_status":"open","ping_status":"closed","template":"","meta":{"_acf_changed":false},"product_brand":[5158,5070],"product_cat":[9971,9967,9993,9991,12149],"product_tag":[],"class_list":{"0":"post-373631","1":"product","2":"type-product","3":"status-publish","4":"has-post-thumbnail","6":"product_brand-magic-the-gathering","7":"product_brand-wizards-of-the-coast","8":"product_cat-bundles-fr","9":"product_cat-magic-the-gathering-fr","10":"product_cat-precommande-mtg","11":"product_cat-produits-par-lots-mtg","12":"product_cat-magic-reality-fracture-fr","14":"first","15":"outofstock","16":"taxable","17":"shipping-taxable","18":"purchasable","19":"product-type-simple"},"acf":[],"yoast_head":"<!-- This site is optimized with the Yoast SEO plugin v27.5 - https:\/\/yoast.com\/product\/yoast-seo-wordpress\/ -->\n<title>Ach\u00e8te Magic - Reality Fracture (FRA) - Secret Lair Bundle<\/title>\n<meta name=\"description\" content=\"Ach\u00e8te Magic - Reality Fracture (FRA) - Secret Lair Bundle en ligne maintenant \u00e0 petit prix! Ton #1 shop pour cartes TCG &amp; Pok\u00e9mon en Suisse \u2713 Livraison gratuite d\u00e8s CHF 29\" \/>\n<meta name=\"robots\" content=\"index, follow, max-snippet:-1, max-image-preview:large, max-video-preview:-1\" \/>\n<link rel=\"canonical\" href=\"https:\/\/theuncommonshop.ch\/fr\/product\/magic-reality-fracture-fra-secret-lair-bundle\/\" \/>\n<meta property=\"og:locale\" content=\"fr_FR\" \/>\n<meta property=\"og:type\" content=\"article\" \/>\n<meta property=\"og:title\" content=\"Ach\u00e8te Magic - Reality Fracture (FRA) - Secret Lair Bundle\" \/>\n<meta property=\"og:description\" content=\"Ach\u00e8te Magic - Reality Fracture (FRA) - Secret Lair Bundle en ligne maintenant \u00e0 petit prix! Ton #1 shop pour cartes TCG &amp; Pok\u00e9mon en Suisse \u2713 Livraison gratuite d\u00e8s CHF 29\" \/>\n<meta property=\"og:url\" content=\"https:\/\/theuncommonshop.ch\/fr\/product\/magic-reality-fracture-fra-secret-lair-bundle\/\" \/>\n<meta property=\"og:site_name\" content=\"The Uncommon Shop\" \/>\n<meta property=\"og:image\" content=\"https:\/\/theuncommonshop.ch\/wp-content\/uploads\/2026\/05\/MTGFRA_EN_SLDBndl_OtrBx_02_02-837x800.png\" \/>\n\t<meta property=\"og:image:width\" content=\"837\" \/>\n\t<meta property=\"og:image:height\" content=\"800\" \/>\n\t<meta property=\"og:image:type\" content=\"image\/png\" \/>\n<meta name=\"twitter:card\" content=\"summary_large_image\" \/>\n<meta name=\"twitter:label1\" content=\"Prix\" \/>\n\t<meta name=\"twitter:data1\" content=\"&#067;&#072;&#070;&nbsp;99.95\" \/>\n\t<meta name=\"twitter:label2\" content=\"Disponibilit\u00e9\" \/>\n\t<meta name=\"twitter:data2\" content=\"Rupture de stock\" \/>\n<script type=\"application\/ld+json\" class=\"yoast-schema-graph\">{\"@context\":\"https:\\\/\\\/schema.org\",\"@graph\":[{\"@type\":\"WebPage\",\"@id\":\"https:\\\/\\\/theuncommonshop.ch\\\/fr\\\/product\\\/magic-reality-fracture-fra-secret-lair-bundle\\\/\",\"url\":\"https:\\\/\\\/theuncommonshop.ch\\\/fr\\\/product\\\/magic-reality-fracture-fra-secret-lair-bundle\\\/\",\"name\":\"Ach\u00e8te Magic - Reality Fracture (FRA) - Secret Lair Bundle\",\"isPartOf\":{\"@id\":\"https:\\\/\\\/theuncommonshop.ch\\\/fr\\\/#website\"},\"primaryImageOfPage\":{\"@id\":\"https:\\\/\\\/theuncommonshop.ch\\\/fr\\\/product\\\/magic-reality-fracture-fra-secret-lair-bundle\\\/#primaryimage\"},\"image\":{\"@id\":\"https:\\\/\\\/theuncommonshop.ch\\\/fr\\\/product\\\/magic-reality-fracture-fra-secret-lair-bundle\\\/#primaryimage\"},\"thumbnailUrl\":\"https:\\\/\\\/theuncommonshop.ch\\\/wp-content\\\/uploads\\\/2026\\\/05\\\/MTGFRA_EN_SLDBndl_OtrBx_02_02.png\",\"datePublished\":\"2026-05-06T18:18:29+00:00\",\"description\":\"Ach\u00e8te Magic - Reality Fracture (FRA) - Secret Lair Bundle en ligne maintenant \u00e0 petit prix! Ton #1 shop pour cartes TCG & Pok\u00e9mon en Suisse \u2713 Livraison gratuite d\u00e8s CHF 29\",\"breadcrumb\":{\"@id\":\"https:\\\/\\\/theuncommonshop.ch\\\/fr\\\/product\\\/magic-reality-fracture-fra-secret-lair-bundle\\\/#breadcrumb\"},\"inLanguage\":\"fr-FR\",\"potentialAction\":[{\"@type\":\"ReadAction\",\"target\":[\"https:\\\/\\\/theuncommonshop.ch\\\/fr\\\/product\\\/magic-reality-fracture-fra-secret-lair-bundle\\\/\"]}]},{\"@type\":\"ImageObject\",\"inLanguage\":\"fr-FR\",\"@id\":\"https:\\\/\\\/theuncommonshop.ch\\\/fr\\\/product\\\/magic-reality-fracture-fra-secret-lair-bundle\\\/#primaryimage\",\"url\":\"https:\\\/\\\/theuncommonshop.ch\\\/wp-content\\\/uploads\\\/2026\\\/05\\\/MTGFRA_EN_SLDBndl_OtrBx_02_02.png\",\"contentUrl\":\"https:\\\/\\\/theuncommonshop.ch\\\/wp-content\\\/uploads\\\/2026\\\/05\\\/MTGFRA_EN_SLDBndl_OtrBx_02_02.png\",\"width\":2000,\"height\":1912,\"caption\":\"MTGFRA EN SLDBndl OtrBx 02 02\"},{\"@type\":\"BreadcrumbList\",\"@id\":\"https:\\\/\\\/theuncommonshop.ch\\\/fr\\\/product\\\/magic-reality-fracture-fra-secret-lair-bundle\\\/#breadcrumb\",\"itemListElement\":[{\"@type\":\"ListItem\",\"position\":1,\"name\":\"Accueil\",\"item\":\"https:\\\/\\\/theuncommonshop.ch\\\/fr\\\/accueil\\\/\"},{\"@type\":\"ListItem\",\"position\":2,\"name\":\"Boutique\",\"item\":\"https:\\\/\\\/theuncommonshop.ch\\\/fr\\\/boutique\\\/\"},{\"@type\":\"ListItem\",\"position\":3,\"name\":\"Magic &#8211; Reality Fracture (FRA) &#8211; Secret Lair Bundle\"}]},{\"@type\":\"WebSite\",\"@id\":\"https:\\\/\\\/theuncommonshop.ch\\\/fr\\\/#website\",\"url\":\"https:\\\/\\\/theuncommonshop.ch\\\/fr\\\/\",\"name\":\"The Uncommon Shop\",\"description\":\"Magic, Pok\u00e9mon and Yu-gi-oh - The Uncommon Shop\",\"potentialAction\":[{\"@type\":\"SearchAction\",\"target\":{\"@type\":\"EntryPoint\",\"urlTemplate\":\"https:\\\/\\\/theuncommonshop.ch\\\/fr\\\/?s={search_term_string}\"},\"query-input\":{\"@type\":\"PropertyValueSpecification\",\"valueRequired\":true,\"valueName\":\"search_term_string\"}}],\"inLanguage\":\"fr-FR\"}]}<\/script>\n<meta property=\"product:price:amount\" content=\"99.95\" \/>\n<meta property=\"product:price:currency\" content=\"CHF\" \/>\n<meta property=\"og:availability\" content=\"out of stock\" \/>\n<meta property=\"product:availability\" content=\"out of stock\" \/>\n<meta property=\"product:retailer_item_id\" content=\"PRE.MagicRealityFractureSecretLairBundle.EN\" \/>\n<meta property=\"product:condition\" content=\"new\" \/>\n<!-- \/ Yoast SEO plugin. -->","yoast_head_json":{"title":"Ach\u00e8te Magic - Reality Fracture (FRA) - Secret Lair Bundle","description":"Ach\u00e8te Magic - Reality Fracture (FRA) - Secret Lair Bundle en ligne maintenant \u00e0 petit prix! Ton #1 shop pour cartes TCG & Pok\u00e9mon en Suisse \u2713 Livraison gratuite d\u00e8s CHF 29","robots":{"index":"index","follow":"follow","max-snippet":"max-snippet:-1","max-image-preview":"max-image-preview:large","max-video-preview":"max-video-preview:-1"},"canonical":"https:\/\/theuncommonshop.ch\/fr\/product\/magic-reality-fracture-fra-secret-lair-bundle\/","og_locale":"fr_FR","og_type":"article","og_title":"Ach\u00e8te Magic - Reality Fracture (FRA) - Secret Lair Bundle","og_description":"Ach\u00e8te Magic - Reality Fracture (FRA) - Secret Lair Bundle en ligne maintenant \u00e0 petit prix! Ton #1 shop pour cartes TCG & Pok\u00e9mon en Suisse \u2713 Livraison gratuite d\u00e8s CHF 29","og_url":"https:\/\/theuncommonshop.ch\/fr\/product\/magic-reality-fracture-fra-secret-lair-bundle\/","og_site_name":"The Uncommon Shop","og_image":[{"width":837,"height":800,"url":"https:\/\/theuncommonshop.ch\/wp-content\/uploads\/2026\/05\/MTGFRA_EN_SLDBndl_OtrBx_02_02-837x800.png","type":"image\/png"}],"twitter_card":"summary_large_image","twitter_misc":{"Prix":"&#67;&#72;&#70;&nbsp;99.95","Disponibilit\u00e9":"Rupture de stock"},"schema":{"@context":"https:\/\/schema.org","@graph":[{"@type":"WebPage","@id":"https:\/\/theuncommonshop.ch\/fr\/product\/magic-reality-fracture-fra-secret-lair-bundle\/","url":"https:\/\/theuncommonshop.ch\/fr\/product\/magic-reality-fracture-fra-secret-lair-bundle\/","name":"Ach\u00e8te Magic - Reality Fracture (FRA) - Secret Lair Bundle","isPartOf":{"@id":"https:\/\/theuncommonshop.ch\/fr\/#website"},"primaryImageOfPage":{"@id":"https:\/\/theuncommonshop.ch\/fr\/product\/magic-reality-fracture-fra-secret-lair-bundle\/#primaryimage"},"image":{"@id":"https:\/\/theuncommonshop.ch\/fr\/product\/magic-reality-fracture-fra-secret-lair-bundle\/#primaryimage"},"thumbnailUrl":"https:\/\/theuncommonshop.ch\/wp-content\/uploads\/2026\/05\/MTGFRA_EN_SLDBndl_OtrBx_02_02.png","datePublished":"2026-05-06T18:18:29+00:00","description":"Ach\u00e8te Magic - Reality Fracture (FRA) - Secret Lair Bundle en ligne maintenant \u00e0 petit prix! Ton #1 shop pour cartes TCG & Pok\u00e9mon en Suisse \u2713 Livraison gratuite d\u00e8s CHF 29","breadcrumb":{"@id":"https:\/\/theuncommonshop.ch\/fr\/product\/magic-reality-fracture-fra-secret-lair-bundle\/#breadcrumb"},"inLanguage":"fr-FR","potentialAction":[{"@type":"ReadAction","target":["https:\/\/theuncommonshop.ch\/fr\/product\/magic-reality-fracture-fra-secret-lair-bundle\/"]}]},{"@type":"ImageObject","inLanguage":"fr-FR","@id":"https:\/\/theuncommonshop.ch\/fr\/product\/magic-reality-fracture-fra-secret-lair-bundle\/#primaryimage","url":"https:\/\/theuncommonshop.ch\/wp-content\/uploads\/2026\/05\/MTGFRA_EN_SLDBndl_OtrBx_02_02.png","contentUrl":"https:\/\/theuncommonshop.ch\/wp-content\/uploads\/2026\/05\/MTGFRA_EN_SLDBndl_OtrBx_02_02.png","width":2000,"height":1912,"caption":"MTGFRA EN SLDBndl OtrBx 02 02"},{"@type":"BreadcrumbList","@id":"https:\/\/theuncommonshop.ch\/fr\/product\/magic-reality-fracture-fra-secret-lair-bundle\/#breadcrumb","itemListElement":[{"@type":"ListItem","position":1,"name":"Accueil","item":"https:\/\/theuncommonshop.ch\/fr\/accueil\/"},{"@type":"ListItem","position":2,"name":"Boutique","item":"https:\/\/theuncommonshop.ch\/fr\/boutique\/"},{"@type":"ListItem","position":3,"name":"Magic &#8211; Reality Fracture (FRA) &#8211; Secret Lair Bundle"}]},{"@type":"WebSite","@id":"https:\/\/theuncommonshop.ch\/fr\/#website","url":"https:\/\/theuncommonshop.ch\/fr\/","name":"The Uncommon Shop","description":"Magic, Pok\u00e9mon and Yu-gi-oh - The Uncommon Shop","potentialAction":[{"@type":"SearchAction","target":{"@type":"EntryPoint","urlTemplate":"https:\/\/theuncommonshop.ch\/fr\/?s={search_term_string}"},"query-input":{"@type":"PropertyValueSpecification","valueRequired":true,"valueName":"search_term_string"}}],"inLanguage":"fr-FR"}]},"product_price_amount":"99.95","product_price_currency":"CHF","og_availability":"out of stock","product_availability":"out of stock","product_retailer_item_id":"PRE.MagicRealityFractureSecretLairBundle.EN","product_condition":"new"},"_links":{"self":[{"href":"https:\/\/theuncommonshop.ch\/fr\/wp-json\/wp\/v2\/product\/373631","targetHints":{"allow":["GET"]}}],"collection":[{"href":"https:\/\/theuncommonshop.ch\/fr\/wp-json\/wp\/v2\/product"}],"about":[{"href":"https:\/\/theuncommonshop.ch\/fr\/wp-json\/wp\/v2\/types\/product"}],"replies":[{"embeddable":true,"href":"https:\/\/theuncommonshop.ch\/fr\/wp-json\/wp\/v2\/comments?post=373631"}],"version-history":[{"count":0,"href":"https:\/\/theuncommonshop.ch\/fr\/wp-json\/wp\/v2\/product\/373631\/revisions"}],"wp:featuredmedia":[{"embeddable":true,"href":"https:\/\/theuncommonshop.ch\/fr\/wp-json\/wp\/v2\/media\/373626"}],"wp:attachment":[{"href":"https:\/\/theuncommonshop.ch\/fr\/wp-json\/wp\/v2\/media?parent=373631"}],"wp:term":[{"taxonomy":"product_brand","embeddable":true,"href":"https:\/\/theuncommonshop.ch\/fr\/wp-json\/wp\/v2\/product_brand?post=373631"},{"taxonomy":"product_cat","embeddable":true,"href":"https:\/\/theuncommonshop.ch\/fr\/wp-json\/wp\/v2\/product_cat?post=373631"},{"taxonomy":"product_tag","embeddable":true,"href":"https:\/\/theuncommonshop.ch\/fr\/wp-json\/wp\/v2\/product_tag?post=373631"}],"curies":[{"name":"wp","href":"https:\/\/api.w.org\/{rel}","templated":true}]}}