{"id":373468,"date":"2026-05-05T22:20:05","date_gmt":"2026-05-05T20:20:05","guid":{"rendered":"https:\/\/theuncommonshop.ch\/product\/magic-reality-fracture-fra-collector-booster-pack\/"},"modified":"2026-05-05T22:20:05","modified_gmt":"2026-05-05T20:20:05","slug":"magic-reality-fracture-fra-collector-booster-pack","status":"publish","type":"product","link":"https:\/\/theuncommonshop.ch\/fr\/product\/magic-reality-fracture-fra-collector-booster-pack\/","title":{"rendered":"Magic &#8211; Reality Fracture (FRA) &#8211; Collector Booster Pack"},"content":{"rendered":"<p>Retrouvez Jace derri\u00e8re les miroirs et d\u00e9couvrez tout un nouveau multivers plein de merveilles ! Chaque Booster Collector <em>R\u00e9alit\u00e9 Fragment\u00e9e<\/em> contient des cartes rares et\/ou fabuleusement rares, des cartes foil traditionnelles et un terrain standard sans marge pour construire votre refuge secret. Chaque Booster peut contenir des impressions de cartes exclusives aux Boosters Collector, comme des cartes avec une bordure de carte \u00e9tendue ou m\u00eame une carte Headliner ultra-rare avec une impression de carte Foil sp\u00e9ciale.  <\/p>\n<div class=\"_copy_dlv29_33\">\n<p>Le super cerveau du magicien Jace Beleren a pouss\u00e9 la r\u00e9alit\u00e9 dans ses derniers retranchements. Un multivers alternatif qu&#8217;il a cr\u00e9\u00e9 menace de remplacer l&#8217;actuel. Seule une \u00e9quipe h\u00e9ro\u00efque s&#8217;oppose \u00e0 la destruction. Cherchez de nouvelles r\u00e9flexions tordues sur les <em>l\u00e9gendes Magic<\/em> alors que vous explorez l&#8217;\u00e9chovers de Jace, jusqu&#8217;\u00e0 son refuge le plus intime dans l&#8217;\u00e9cole dystopique d&#8217;Hexhaven.   <\/p>\n<\/div>\n<div class=\"_contents_dlv29_52\">\n<div class=\"_contentsHeader_dlv29_61\"><strong>Contenu :<\/strong><\/div>\n<div class=\"_copy_dlv29_33\">\n<ul>\n<li>15 cartes Magic : The Gathering<\/li>\n<\/ul>\n<\/div>\n<\/div>\n","protected":false},"excerpt":{"rendered":"<p>Retrouvez Jace derri\u00e8re les miroirs et d\u00e9couvrez tout un nouveau multivers plein de merveilles ! Chaque Booster Collector R\u00e9alit\u00e9 Fragment\u00e9e<\/p>\n","protected":false},"featured_media":373455,"comment_status":"open","ping_status":"closed","template":"","meta":{"_acf_changed":false},"product_brand":[5158,5070],"product_cat":[9985,9967,9993,9991,12149],"product_tag":[],"class_list":{"0":"post-373468","1":"product","2":"type-product","3":"status-publish","4":"has-post-thumbnail","6":"product_brand-magic-the-gathering","7":"product_brand-wizards-of-the-coast","8":"product_cat-booster-packs-fr","9":"product_cat-magic-the-gathering-fr","10":"product_cat-precommande-mtg","11":"product_cat-produits-par-lots-mtg","12":"product_cat-magic-reality-fracture-fr","14":"first","15":"instock","16":"taxable","17":"shipping-taxable","18":"purchasable","19":"product-type-variable"},"acf":[],"yoast_head":"<!-- This site is optimized with the Yoast SEO plugin v27.5 - https:\/\/yoast.com\/product\/yoast-seo-wordpress\/ -->\n<title>Ach\u00e8te Magic - Reality Fracture (FRA) - Collector Booster Pack<\/title>\n<meta name=\"description\" content=\"Ach\u00e8te Magic - Reality Fracture (FRA) - Collector Booster Pack en ligne maintenant \u00e0 petit prix! Ton #1 shop pour cartes TCG &amp; Pok\u00e9mon en Suisse \u2713 Livraison gratuite d\u00e8s CHF 29\" \/>\n<meta name=\"robots\" content=\"index, follow, max-snippet:-1, max-image-preview:large, max-video-preview:-1\" \/>\n<link rel=\"canonical\" href=\"https:\/\/theuncommonshop.ch\/fr\/product\/magic-reality-fracture-fra-collector-booster-pack\/\" \/>\n<meta property=\"og:locale\" content=\"fr_FR\" \/>\n<meta property=\"og:type\" content=\"article\" \/>\n<meta property=\"og:title\" content=\"Ach\u00e8te Magic - Reality Fracture (FRA) - Collector Booster Pack\" \/>\n<meta property=\"og:description\" content=\"Ach\u00e8te Magic - Reality Fracture (FRA) - Collector Booster Pack en ligne maintenant \u00e0 petit prix! Ton #1 shop pour cartes TCG &amp; Pok\u00e9mon en Suisse \u2713 Livraison gratuite d\u00e8s CHF 29\" \/>\n<meta property=\"og:url\" content=\"https:\/\/theuncommonshop.ch\/fr\/product\/magic-reality-fracture-fra-collector-booster-pack\/\" \/>\n<meta property=\"og:site_name\" content=\"The Uncommon Shop\" \/>\n<meta property=\"og:image\" content=\"https:\/\/theuncommonshop.ch\/wp-content\/uploads\/2026\/05\/MTGFRA_EN_Clctr_Bstr_01_02-437x800.png\" \/>\n\t<meta property=\"og:image:width\" content=\"437\" \/>\n\t<meta property=\"og:image:height\" content=\"800\" \/>\n\t<meta property=\"og:image:type\" content=\"image\/png\" \/>\n<meta name=\"twitter:card\" content=\"summary_large_image\" \/>\n<meta name=\"twitter:label1\" content=\"Disponibilit\u00e9\" \/>\n\t<meta name=\"twitter:data1\" content=\"En stock\" \/>\n<script type=\"application\/ld+json\" class=\"yoast-schema-graph\">{\"@context\":\"https:\\\/\\\/schema.org\",\"@graph\":[{\"@type\":\"WebPage\",\"@id\":\"https:\\\/\\\/theuncommonshop.ch\\\/fr\\\/product\\\/magic-reality-fracture-fra-collector-booster-pack\\\/\",\"url\":\"https:\\\/\\\/theuncommonshop.ch\\\/fr\\\/product\\\/magic-reality-fracture-fra-collector-booster-pack\\\/\",\"name\":\"Ach\u00e8te Magic - Reality Fracture (FRA) - Collector Booster Pack\",\"isPartOf\":{\"@id\":\"https:\\\/\\\/theuncommonshop.ch\\\/fr\\\/#website\"},\"primaryImageOfPage\":{\"@id\":\"https:\\\/\\\/theuncommonshop.ch\\\/fr\\\/product\\\/magic-reality-fracture-fra-collector-booster-pack\\\/#primaryimage\"},\"image\":{\"@id\":\"https:\\\/\\\/theuncommonshop.ch\\\/fr\\\/product\\\/magic-reality-fracture-fra-collector-booster-pack\\\/#primaryimage\"},\"thumbnailUrl\":\"https:\\\/\\\/theuncommonshop.ch\\\/wp-content\\\/uploads\\\/2026\\\/05\\\/MTGFRA_EN_Clctr_Bstr_01_02.png\",\"datePublished\":\"2026-05-05T20:20:05+00:00\",\"description\":\"Ach\u00e8te Magic - Reality Fracture (FRA) - Collector Booster Pack en ligne maintenant \u00e0 petit prix! Ton #1 shop pour cartes TCG & Pok\u00e9mon en Suisse \u2713 Livraison gratuite d\u00e8s CHF 29\",\"breadcrumb\":{\"@id\":\"https:\\\/\\\/theuncommonshop.ch\\\/fr\\\/product\\\/magic-reality-fracture-fra-collector-booster-pack\\\/#breadcrumb\"},\"inLanguage\":\"fr-FR\",\"potentialAction\":[{\"@type\":\"ReadAction\",\"target\":[\"https:\\\/\\\/theuncommonshop.ch\\\/fr\\\/product\\\/magic-reality-fracture-fra-collector-booster-pack\\\/\"]}]},{\"@type\":\"ImageObject\",\"inLanguage\":\"fr-FR\",\"@id\":\"https:\\\/\\\/theuncommonshop.ch\\\/fr\\\/product\\\/magic-reality-fracture-fra-collector-booster-pack\\\/#primaryimage\",\"url\":\"https:\\\/\\\/theuncommonshop.ch\\\/wp-content\\\/uploads\\\/2026\\\/05\\\/MTGFRA_EN_Clctr_Bstr_01_02.png\",\"contentUrl\":\"https:\\\/\\\/theuncommonshop.ch\\\/wp-content\\\/uploads\\\/2026\\\/05\\\/MTGFRA_EN_Clctr_Bstr_01_02.png\",\"width\":1092,\"height\":2000,\"caption\":\"MTGFRA EN Clctr Bstr 01 02\"},{\"@type\":\"BreadcrumbList\",\"@id\":\"https:\\\/\\\/theuncommonshop.ch\\\/fr\\\/product\\\/magic-reality-fracture-fra-collector-booster-pack\\\/#breadcrumb\",\"itemListElement\":[{\"@type\":\"ListItem\",\"position\":1,\"name\":\"Accueil\",\"item\":\"https:\\\/\\\/theuncommonshop.ch\\\/fr\\\/accueil\\\/\"},{\"@type\":\"ListItem\",\"position\":2,\"name\":\"Boutique\",\"item\":\"https:\\\/\\\/theuncommonshop.ch\\\/fr\\\/boutique\\\/\"},{\"@type\":\"ListItem\",\"position\":3,\"name\":\"Magic &#8211; Reality Fracture (FRA) &#8211; Collector Booster Pack\"}]},{\"@type\":\"WebSite\",\"@id\":\"https:\\\/\\\/theuncommonshop.ch\\\/fr\\\/#website\",\"url\":\"https:\\\/\\\/theuncommonshop.ch\\\/fr\\\/\",\"name\":\"The Uncommon Shop\",\"description\":\"Magic, Pok\u00e9mon and Yu-gi-oh - The Uncommon Shop\",\"potentialAction\":[{\"@type\":\"SearchAction\",\"target\":{\"@type\":\"EntryPoint\",\"urlTemplate\":\"https:\\\/\\\/theuncommonshop.ch\\\/fr\\\/?s={search_term_string}\"},\"query-input\":{\"@type\":\"PropertyValueSpecification\",\"valueRequired\":true,\"valueName\":\"search_term_string\"}}],\"inLanguage\":\"fr-FR\"}]}<\/script>\n<meta property=\"og:availability\" content=\"instock\" \/>\n<meta property=\"product:availability\" content=\"instock\" \/>\n<meta property=\"product:condition\" content=\"new\" \/>\n<!-- \/ Yoast SEO plugin. -->","yoast_head_json":{"title":"Ach\u00e8te Magic - Reality Fracture (FRA) - Collector Booster Pack","description":"Ach\u00e8te Magic - Reality Fracture (FRA) - Collector Booster Pack en ligne maintenant \u00e0 petit prix! Ton #1 shop pour cartes TCG & Pok\u00e9mon en Suisse \u2713 Livraison gratuite d\u00e8s CHF 29","robots":{"index":"index","follow":"follow","max-snippet":"max-snippet:-1","max-image-preview":"max-image-preview:large","max-video-preview":"max-video-preview:-1"},"canonical":"https:\/\/theuncommonshop.ch\/fr\/product\/magic-reality-fracture-fra-collector-booster-pack\/","og_locale":"fr_FR","og_type":"article","og_title":"Ach\u00e8te Magic - Reality Fracture (FRA) - Collector Booster Pack","og_description":"Ach\u00e8te Magic - Reality Fracture (FRA) - Collector Booster Pack en ligne maintenant \u00e0 petit prix! Ton #1 shop pour cartes TCG & Pok\u00e9mon en Suisse \u2713 Livraison gratuite d\u00e8s CHF 29","og_url":"https:\/\/theuncommonshop.ch\/fr\/product\/magic-reality-fracture-fra-collector-booster-pack\/","og_site_name":"The Uncommon Shop","og_image":[{"width":437,"height":800,"url":"https:\/\/theuncommonshop.ch\/wp-content\/uploads\/2026\/05\/MTGFRA_EN_Clctr_Bstr_01_02-437x800.png","type":"image\/png"}],"twitter_card":"summary_large_image","twitter_misc":{"Disponibilit\u00e9":"En stock"},"schema":{"@context":"https:\/\/schema.org","@graph":[{"@type":"WebPage","@id":"https:\/\/theuncommonshop.ch\/fr\/product\/magic-reality-fracture-fra-collector-booster-pack\/","url":"https:\/\/theuncommonshop.ch\/fr\/product\/magic-reality-fracture-fra-collector-booster-pack\/","name":"Ach\u00e8te Magic - Reality Fracture (FRA) - Collector Booster Pack","isPartOf":{"@id":"https:\/\/theuncommonshop.ch\/fr\/#website"},"primaryImageOfPage":{"@id":"https:\/\/theuncommonshop.ch\/fr\/product\/magic-reality-fracture-fra-collector-booster-pack\/#primaryimage"},"image":{"@id":"https:\/\/theuncommonshop.ch\/fr\/product\/magic-reality-fracture-fra-collector-booster-pack\/#primaryimage"},"thumbnailUrl":"https:\/\/theuncommonshop.ch\/wp-content\/uploads\/2026\/05\/MTGFRA_EN_Clctr_Bstr_01_02.png","datePublished":"2026-05-05T20:20:05+00:00","description":"Ach\u00e8te Magic - Reality Fracture (FRA) - Collector Booster Pack en ligne maintenant \u00e0 petit prix! Ton #1 shop pour cartes TCG & Pok\u00e9mon en Suisse \u2713 Livraison gratuite d\u00e8s CHF 29","breadcrumb":{"@id":"https:\/\/theuncommonshop.ch\/fr\/product\/magic-reality-fracture-fra-collector-booster-pack\/#breadcrumb"},"inLanguage":"fr-FR","potentialAction":[{"@type":"ReadAction","target":["https:\/\/theuncommonshop.ch\/fr\/product\/magic-reality-fracture-fra-collector-booster-pack\/"]}]},{"@type":"ImageObject","inLanguage":"fr-FR","@id":"https:\/\/theuncommonshop.ch\/fr\/product\/magic-reality-fracture-fra-collector-booster-pack\/#primaryimage","url":"https:\/\/theuncommonshop.ch\/wp-content\/uploads\/2026\/05\/MTGFRA_EN_Clctr_Bstr_01_02.png","contentUrl":"https:\/\/theuncommonshop.ch\/wp-content\/uploads\/2026\/05\/MTGFRA_EN_Clctr_Bstr_01_02.png","width":1092,"height":2000,"caption":"MTGFRA EN Clctr Bstr 01 02"},{"@type":"BreadcrumbList","@id":"https:\/\/theuncommonshop.ch\/fr\/product\/magic-reality-fracture-fra-collector-booster-pack\/#breadcrumb","itemListElement":[{"@type":"ListItem","position":1,"name":"Accueil","item":"https:\/\/theuncommonshop.ch\/fr\/accueil\/"},{"@type":"ListItem","position":2,"name":"Boutique","item":"https:\/\/theuncommonshop.ch\/fr\/boutique\/"},{"@type":"ListItem","position":3,"name":"Magic &#8211; Reality Fracture (FRA) &#8211; Collector Booster Pack"}]},{"@type":"WebSite","@id":"https:\/\/theuncommonshop.ch\/fr\/#website","url":"https:\/\/theuncommonshop.ch\/fr\/","name":"The Uncommon Shop","description":"Magic, Pok\u00e9mon and Yu-gi-oh - The Uncommon Shop","potentialAction":[{"@type":"SearchAction","target":{"@type":"EntryPoint","urlTemplate":"https:\/\/theuncommonshop.ch\/fr\/?s={search_term_string}"},"query-input":{"@type":"PropertyValueSpecification","valueRequired":true,"valueName":"search_term_string"}}],"inLanguage":"fr-FR"}]},"og_availability":"instock","product_availability":"instock","product_condition":"new"},"_links":{"self":[{"href":"https:\/\/theuncommonshop.ch\/fr\/wp-json\/wp\/v2\/product\/373468","targetHints":{"allow":["GET"]}}],"collection":[{"href":"https:\/\/theuncommonshop.ch\/fr\/wp-json\/wp\/v2\/product"}],"about":[{"href":"https:\/\/theuncommonshop.ch\/fr\/wp-json\/wp\/v2\/types\/product"}],"replies":[{"embeddable":true,"href":"https:\/\/theuncommonshop.ch\/fr\/wp-json\/wp\/v2\/comments?post=373468"}],"version-history":[{"count":0,"href":"https:\/\/theuncommonshop.ch\/fr\/wp-json\/wp\/v2\/product\/373468\/revisions"}],"wp:featuredmedia":[{"embeddable":true,"href":"https:\/\/theuncommonshop.ch\/fr\/wp-json\/wp\/v2\/media\/373455"}],"wp:attachment":[{"href":"https:\/\/theuncommonshop.ch\/fr\/wp-json\/wp\/v2\/media?parent=373468"}],"wp:term":[{"taxonomy":"product_brand","embeddable":true,"href":"https:\/\/theuncommonshop.ch\/fr\/wp-json\/wp\/v2\/product_brand?post=373468"},{"taxonomy":"product_cat","embeddable":true,"href":"https:\/\/theuncommonshop.ch\/fr\/wp-json\/wp\/v2\/product_cat?post=373468"},{"taxonomy":"product_tag","embeddable":true,"href":"https:\/\/theuncommonshop.ch\/fr\/wp-json\/wp\/v2\/product_tag?post=373468"}],"curies":[{"name":"wp","href":"https:\/\/api.w.org\/{rel}","templated":true}]}}