{"id":373072,"date":"2026-05-04T20:14:41","date_gmt":"2026-05-04T18:14:41","guid":{"rendered":"https:\/\/theuncommonshop.ch\/product\/magic-the-hobbit-hob-prerelease-kit\/"},"modified":"2026-05-04T20:14:41","modified_gmt":"2026-05-04T18:14:41","slug":"magic-the-hobbit-hob-prerelease-kit","status":"publish","type":"product","link":"https:\/\/theuncommonshop.ch\/fr\/product\/magic-the-hobbit-hob-prerelease-kit\/","title":{"rendered":"Magic &#8211; The Hobbit (HOB) &#8211; Prerelease Kit"},"content":{"rendered":"<p>La pr\u00e9-lancement est la premi\u00e8re occasion pour vos joueurs de mettre la main sur la derni\u00e8re version de <em>Magic : The Gathering<\/em> et d&#8217;explorer ce que le coffret a \u00e0 offrir. Les Packs Prerelease contiennent tout ce dont vous avez besoin pour naviguer dans la construction de decks et affronter les autres dans des parties \u00e9piques en un contre un. <\/p>\n<p>Retournez sur la Terre du Milieu et vivez le grand d\u00e9but d&#8217;une histoire intemporelle ! Quittez la Comt\u00e9 avec Bilbo, Gandalf et les Nains \u00e0 la recherche de richesses, d&#8217;aventures et du terrible dragon Smaug. Recrutez vos arm\u00e9es, faites-les d\u00e9filer \u00e0 l&#8217;ombre de la Montagne Solitaire, puis battez-vous pour les tr\u00e9sors d&#8217;Erebor !  <\/p>\n<div class=\"_contents_dlv29_52\">\n<div class=\"_contentsHeader_dlv29_61\"><strong>Contenu :<\/strong><\/div>\n<div class=\"_copy_dlv29_33\">\n<ul>\n<li>6 <em>Magic : Magic : The Gathering<\/em> |<em> Le Hobbit\u2122<\/em>Play-Booster\n<ul>\n<li>Chaque Booster de jeu contient 14 cartes de <em>Magic : The Gathering<\/em>.\n<ul>\n<li>Peut contenir les cartes suivantes : HOB 1-248<\/li>\n<li>Contient 1-3 cartes de raret\u00e9 rare ou sup\u00e9rieure (2 : 26 %, 3 : 2 %)<\/li>\n<li>3-5 cartes moins fr\u00e9quentes<\/li>\n<li>7-9 cartes fr\u00e9quentes<\/li>\n<li>1 carte de pays<\/li>\n<li>1 carte de n&#8217;importe quelle raret\u00e9 est une carte foil traditionnelle<\/li>\n<li>Carte foil rare ou fabuleusement rare sans bordure dans &lt; 1 % des Boosters<\/li>\n<li>20 % des Boosters contiennent un pays Foil traditionnel au lieu d&#8217;une carte de pays.<\/li>\n<\/ul>\n<\/li>\n<\/ul>\n<\/li>\n<li>1 carte foil traditionnelle rare\/l\u00e9gendaire<\/li>\n<li>Compteur de points de vie Spindown<\/li>\n<\/ul>\n<\/div>\n<\/div>\n<div class=\"_details_54d5h_1\">\n<div class=\"_detail_54d5h_1\"><\/div>\n<\/div>\n","protected":false},"excerpt":{"rendered":"<p>La pr\u00e9-lancement est la premi\u00e8re occasion pour vos joueurs de mettre la main sur la derni\u00e8re version de Magic :<\/p>\n","protected":false},"featured_media":373077,"comment_status":"open","ping_status":"closed","template":"","meta":{"_acf_changed":false},"product_brand":[5158,5070],"product_cat":[9973,10161,9967,9993,9991,12138],"product_tag":[],"class_list":{"0":"post-373072","1":"product","2":"type-product","3":"status-publish","4":"has-post-thumbnail","6":"product_brand-magic-the-gathering","7":"product_brand-wizards-of-the-coast","8":"product_cat-autres","9":"product_cat-kits-de-pre-lancement","10":"product_cat-magic-the-gathering-fr","11":"product_cat-precommande-mtg","12":"product_cat-produits-par-lots-mtg","13":"product_cat-magic-the-hobbit-fr","15":"first","16":"outofstock","17":"taxable","18":"shipping-taxable","19":"purchasable","20":"product-type-variable"},"acf":[],"yoast_head":"<!-- This site is optimized with the Yoast SEO plugin v27.5 - https:\/\/yoast.com\/product\/yoast-seo-wordpress\/ -->\n<title>Ach\u00e8te Magic - The Hobbit (HOB) - Prerelease Kit<\/title>\n<meta name=\"description\" content=\"Ach\u00e8te Magic - The Hobbit (HOB) - Prerelease Kit en ligne maintenant \u00e0 petit prix! Ton #1 shop pour cartes TCG &amp; Pok\u00e9mon en Suisse \u2713 Livraison gratuite d\u00e8s CHF 29\" \/>\n<meta name=\"robots\" content=\"index, follow, max-snippet:-1, max-image-preview:large, max-video-preview:-1\" \/>\n<link rel=\"canonical\" href=\"https:\/\/theuncommonshop.ch\/fr\/product\/magic-the-hobbit-hob-prerelease-kit\/\" \/>\n<meta property=\"og:locale\" content=\"fr_FR\" \/>\n<meta property=\"og:type\" content=\"article\" \/>\n<meta property=\"og:title\" content=\"Ach\u00e8te Magic - The Hobbit (HOB) - Prerelease Kit\" \/>\n<meta property=\"og:description\" content=\"Ach\u00e8te Magic - The Hobbit (HOB) - Prerelease Kit en ligne maintenant \u00e0 petit prix! Ton #1 shop pour cartes TCG &amp; Pok\u00e9mon en Suisse \u2713 Livraison gratuite d\u00e8s CHF 29\" \/>\n<meta property=\"og:url\" content=\"https:\/\/theuncommonshop.ch\/fr\/product\/magic-the-hobbit-hob-prerelease-kit\/\" \/>\n<meta property=\"og:site_name\" content=\"The Uncommon Shop\" \/>\n<meta property=\"og:image\" content=\"https:\/\/theuncommonshop.ch\/wp-content\/uploads\/2026\/05\/MTGHOB_DE_Prrls_OtrBx_01_02-731x800.png\" \/>\n\t<meta property=\"og:image:width\" content=\"731\" \/>\n\t<meta property=\"og:image:height\" content=\"800\" \/>\n\t<meta property=\"og:image:type\" content=\"image\/png\" \/>\n<meta name=\"twitter:card\" content=\"summary_large_image\" \/>\n<meta name=\"twitter:label1\" content=\"Disponibilit\u00e9\" \/>\n\t<meta name=\"twitter:data1\" content=\"Rupture de stock\" \/>\n<script type=\"application\/ld+json\" class=\"yoast-schema-graph\">{\"@context\":\"https:\\\/\\\/schema.org\",\"@graph\":[{\"@type\":\"WebPage\",\"@id\":\"https:\\\/\\\/theuncommonshop.ch\\\/fr\\\/product\\\/magic-the-hobbit-hob-prerelease-kit\\\/\",\"url\":\"https:\\\/\\\/theuncommonshop.ch\\\/fr\\\/product\\\/magic-the-hobbit-hob-prerelease-kit\\\/\",\"name\":\"Ach\u00e8te Magic - The Hobbit (HOB) - Prerelease Kit\",\"isPartOf\":{\"@id\":\"https:\\\/\\\/theuncommonshop.ch\\\/fr\\\/#website\"},\"primaryImageOfPage\":{\"@id\":\"https:\\\/\\\/theuncommonshop.ch\\\/fr\\\/product\\\/magic-the-hobbit-hob-prerelease-kit\\\/#primaryimage\"},\"image\":{\"@id\":\"https:\\\/\\\/theuncommonshop.ch\\\/fr\\\/product\\\/magic-the-hobbit-hob-prerelease-kit\\\/#primaryimage\"},\"thumbnailUrl\":\"https:\\\/\\\/theuncommonshop.ch\\\/wp-content\\\/uploads\\\/2026\\\/05\\\/MTGHOB_EN_Prrls_OtrBx_01_02.png\",\"datePublished\":\"2026-05-04T18:14:41+00:00\",\"description\":\"Ach\u00e8te Magic - The Hobbit (HOB) - Prerelease Kit en ligne maintenant \u00e0 petit prix! Ton #1 shop pour cartes TCG & Pok\u00e9mon en Suisse \u2713 Livraison gratuite d\u00e8s CHF 29\",\"breadcrumb\":{\"@id\":\"https:\\\/\\\/theuncommonshop.ch\\\/fr\\\/product\\\/magic-the-hobbit-hob-prerelease-kit\\\/#breadcrumb\"},\"inLanguage\":\"fr-FR\",\"potentialAction\":[{\"@type\":\"ReadAction\",\"target\":[\"https:\\\/\\\/theuncommonshop.ch\\\/fr\\\/product\\\/magic-the-hobbit-hob-prerelease-kit\\\/\"]}]},{\"@type\":\"ImageObject\",\"inLanguage\":\"fr-FR\",\"@id\":\"https:\\\/\\\/theuncommonshop.ch\\\/fr\\\/product\\\/magic-the-hobbit-hob-prerelease-kit\\\/#primaryimage\",\"url\":\"https:\\\/\\\/theuncommonshop.ch\\\/wp-content\\\/uploads\\\/2026\\\/05\\\/MTGHOB_EN_Prrls_OtrBx_01_02.png\",\"contentUrl\":\"https:\\\/\\\/theuncommonshop.ch\\\/wp-content\\\/uploads\\\/2026\\\/05\\\/MTGHOB_EN_Prrls_OtrBx_01_02.png\",\"width\":1828,\"height\":2000},{\"@type\":\"BreadcrumbList\",\"@id\":\"https:\\\/\\\/theuncommonshop.ch\\\/fr\\\/product\\\/magic-the-hobbit-hob-prerelease-kit\\\/#breadcrumb\",\"itemListElement\":[{\"@type\":\"ListItem\",\"position\":1,\"name\":\"Accueil\",\"item\":\"https:\\\/\\\/theuncommonshop.ch\\\/fr\\\/accueil\\\/\"},{\"@type\":\"ListItem\",\"position\":2,\"name\":\"Boutique\",\"item\":\"https:\\\/\\\/theuncommonshop.ch\\\/fr\\\/boutique\\\/\"},{\"@type\":\"ListItem\",\"position\":3,\"name\":\"Magic &#8211; The Hobbit (HOB) &#8211; Prerelease Kit\"}]},{\"@type\":\"WebSite\",\"@id\":\"https:\\\/\\\/theuncommonshop.ch\\\/fr\\\/#website\",\"url\":\"https:\\\/\\\/theuncommonshop.ch\\\/fr\\\/\",\"name\":\"The Uncommon Shop\",\"description\":\"Magic, Pok\u00e9mon and Yu-gi-oh - The Uncommon Shop\",\"potentialAction\":[{\"@type\":\"SearchAction\",\"target\":{\"@type\":\"EntryPoint\",\"urlTemplate\":\"https:\\\/\\\/theuncommonshop.ch\\\/fr\\\/?s={search_term_string}\"},\"query-input\":{\"@type\":\"PropertyValueSpecification\",\"valueRequired\":true,\"valueName\":\"search_term_string\"}}],\"inLanguage\":\"fr-FR\"}]}<\/script>\n<meta property=\"og:availability\" content=\"out of stock\" \/>\n<meta property=\"product:availability\" content=\"out of stock\" \/>\n<meta property=\"product:condition\" content=\"new\" \/>\n<!-- \/ Yoast SEO plugin. -->","yoast_head_json":{"title":"Ach\u00e8te Magic - The Hobbit (HOB) - Prerelease Kit","description":"Ach\u00e8te Magic - The Hobbit (HOB) - Prerelease Kit en ligne maintenant \u00e0 petit prix! Ton #1 shop pour cartes TCG & Pok\u00e9mon en Suisse \u2713 Livraison gratuite d\u00e8s CHF 29","robots":{"index":"index","follow":"follow","max-snippet":"max-snippet:-1","max-image-preview":"max-image-preview:large","max-video-preview":"max-video-preview:-1"},"canonical":"https:\/\/theuncommonshop.ch\/fr\/product\/magic-the-hobbit-hob-prerelease-kit\/","og_locale":"fr_FR","og_type":"article","og_title":"Ach\u00e8te Magic - The Hobbit (HOB) - Prerelease Kit","og_description":"Ach\u00e8te Magic - The Hobbit (HOB) - Prerelease Kit en ligne maintenant \u00e0 petit prix! Ton #1 shop pour cartes TCG & Pok\u00e9mon en Suisse \u2713 Livraison gratuite d\u00e8s CHF 29","og_url":"https:\/\/theuncommonshop.ch\/fr\/product\/magic-the-hobbit-hob-prerelease-kit\/","og_site_name":"The Uncommon Shop","og_image":[{"width":731,"height":800,"url":"https:\/\/theuncommonshop.ch\/wp-content\/uploads\/2026\/05\/MTGHOB_DE_Prrls_OtrBx_01_02-731x800.png","type":"image\/png"}],"twitter_card":"summary_large_image","twitter_misc":{"Disponibilit\u00e9":"Rupture de stock"},"schema":{"@context":"https:\/\/schema.org","@graph":[{"@type":"WebPage","@id":"https:\/\/theuncommonshop.ch\/fr\/product\/magic-the-hobbit-hob-prerelease-kit\/","url":"https:\/\/theuncommonshop.ch\/fr\/product\/magic-the-hobbit-hob-prerelease-kit\/","name":"Ach\u00e8te Magic - The Hobbit (HOB) - Prerelease Kit","isPartOf":{"@id":"https:\/\/theuncommonshop.ch\/fr\/#website"},"primaryImageOfPage":{"@id":"https:\/\/theuncommonshop.ch\/fr\/product\/magic-the-hobbit-hob-prerelease-kit\/#primaryimage"},"image":{"@id":"https:\/\/theuncommonshop.ch\/fr\/product\/magic-the-hobbit-hob-prerelease-kit\/#primaryimage"},"thumbnailUrl":"https:\/\/theuncommonshop.ch\/wp-content\/uploads\/2026\/05\/MTGHOB_EN_Prrls_OtrBx_01_02.png","datePublished":"2026-05-04T18:14:41+00:00","description":"Ach\u00e8te Magic - The Hobbit (HOB) - Prerelease Kit en ligne maintenant \u00e0 petit prix! Ton #1 shop pour cartes TCG & Pok\u00e9mon en Suisse \u2713 Livraison gratuite d\u00e8s CHF 29","breadcrumb":{"@id":"https:\/\/theuncommonshop.ch\/fr\/product\/magic-the-hobbit-hob-prerelease-kit\/#breadcrumb"},"inLanguage":"fr-FR","potentialAction":[{"@type":"ReadAction","target":["https:\/\/theuncommonshop.ch\/fr\/product\/magic-the-hobbit-hob-prerelease-kit\/"]}]},{"@type":"ImageObject","inLanguage":"fr-FR","@id":"https:\/\/theuncommonshop.ch\/fr\/product\/magic-the-hobbit-hob-prerelease-kit\/#primaryimage","url":"https:\/\/theuncommonshop.ch\/wp-content\/uploads\/2026\/05\/MTGHOB_EN_Prrls_OtrBx_01_02.png","contentUrl":"https:\/\/theuncommonshop.ch\/wp-content\/uploads\/2026\/05\/MTGHOB_EN_Prrls_OtrBx_01_02.png","width":1828,"height":2000},{"@type":"BreadcrumbList","@id":"https:\/\/theuncommonshop.ch\/fr\/product\/magic-the-hobbit-hob-prerelease-kit\/#breadcrumb","itemListElement":[{"@type":"ListItem","position":1,"name":"Accueil","item":"https:\/\/theuncommonshop.ch\/fr\/accueil\/"},{"@type":"ListItem","position":2,"name":"Boutique","item":"https:\/\/theuncommonshop.ch\/fr\/boutique\/"},{"@type":"ListItem","position":3,"name":"Magic &#8211; The Hobbit (HOB) &#8211; Prerelease Kit"}]},{"@type":"WebSite","@id":"https:\/\/theuncommonshop.ch\/fr\/#website","url":"https:\/\/theuncommonshop.ch\/fr\/","name":"The Uncommon Shop","description":"Magic, Pok\u00e9mon and Yu-gi-oh - The Uncommon Shop","potentialAction":[{"@type":"SearchAction","target":{"@type":"EntryPoint","urlTemplate":"https:\/\/theuncommonshop.ch\/fr\/?s={search_term_string}"},"query-input":{"@type":"PropertyValueSpecification","valueRequired":true,"valueName":"search_term_string"}}],"inLanguage":"fr-FR"}]},"og_availability":"out of stock","product_availability":"out of stock","product_condition":"new"},"_links":{"self":[{"href":"https:\/\/theuncommonshop.ch\/fr\/wp-json\/wp\/v2\/product\/373072","targetHints":{"allow":["GET"]}}],"collection":[{"href":"https:\/\/theuncommonshop.ch\/fr\/wp-json\/wp\/v2\/product"}],"about":[{"href":"https:\/\/theuncommonshop.ch\/fr\/wp-json\/wp\/v2\/types\/product"}],"replies":[{"embeddable":true,"href":"https:\/\/theuncommonshop.ch\/fr\/wp-json\/wp\/v2\/comments?post=373072"}],"version-history":[{"count":0,"href":"https:\/\/theuncommonshop.ch\/fr\/wp-json\/wp\/v2\/product\/373072\/revisions"}],"wp:featuredmedia":[{"embeddable":true,"href":"https:\/\/theuncommonshop.ch\/fr\/wp-json\/wp\/v2\/media\/373077"}],"wp:attachment":[{"href":"https:\/\/theuncommonshop.ch\/fr\/wp-json\/wp\/v2\/media?parent=373072"}],"wp:term":[{"taxonomy":"product_brand","embeddable":true,"href":"https:\/\/theuncommonshop.ch\/fr\/wp-json\/wp\/v2\/product_brand?post=373072"},{"taxonomy":"product_cat","embeddable":true,"href":"https:\/\/theuncommonshop.ch\/fr\/wp-json\/wp\/v2\/product_cat?post=373072"},{"taxonomy":"product_tag","embeddable":true,"href":"https:\/\/theuncommonshop.ch\/fr\/wp-json\/wp\/v2\/product_tag?post=373072"}],"curies":[{"name":"wp","href":"https:\/\/api.w.org\/{rel}","templated":true}]}}