{"id":373040,"date":"2026-05-04T18:33:09","date_gmt":"2026-05-04T16:33:09","guid":{"rendered":"https:\/\/theuncommonshop.ch\/product\/pokemon-mega-evolution-chaos-rising-me04-sleeved-booster-packs\/"},"modified":"2026-05-04T18:33:09","modified_gmt":"2026-05-04T16:33:09","slug":"pokemon-mega-evolution-chaos-rising-me04-sleeved-booster-packs","status":"publish","type":"product","link":"https:\/\/theuncommonshop.ch\/fr\/product\/pokemon-mega-evolution-chaos-rising-me04-sleeved-booster-packs\/","title":{"rendered":"Pok\u00e9mon &#8211; Mega Evolution &#8211; Chaos Rising (ME04) &#8211; Sleeved Booster Packs"},"content":{"rendered":"<p>L&#8217;activit\u00e9 de la ville se transforme en chaos lorsque M\u00e9ga Floette ex met les rues en \u00e9bullition ! Plein de courage et de d\u00e9termination, M\u00e9ga-Greninja ex rassemble d&#8217;autres puissants Pok\u00e9mon Mega Evolution ex, dont M\u00e9ga-Pyroar ex et M\u00e9ga-Dragalge ex, pour mettre un terme \u00e0 cette menace grandissante. A la tomb\u00e9e de la nuit, le danger s&#8217;installe dans l&#8217;extension Mega Evolution &#8211; Chaos Rising !  <\/p>\n<p><strong>Contenu d&#8217;un Sleeved Booster Pack :<\/strong><\/p>\n<ul>\n<li>10 cartes choisies au hasard<\/li>\n<\/ul>\n","protected":false},"excerpt":{"rendered":"<p>L&#8217;activit\u00e9 de la ville se transforme en chaos lorsque M\u00e9ga Floette ex met les rues en \u00e9bullition ! Plein de<\/p>\n","protected":false},"featured_media":373019,"comment_status":"open","ping_status":"closed","template":"","meta":{"_acf_changed":false},"product_brand":[5114,5072],"product_cat":[10057,9807,9831,10311,10069,9777,9821],"product_tag":[],"class_list":{"0":"post-373040","1":"product","2":"type-product","3":"status-publish","4":"has-post-thumbnail","6":"product_brand-pokemon","7":"product_brand-the-pokemon-company","8":"product_cat-booster-packs-international-fr","9":"product_cat-booster-packs-pokemon","10":"product_cat-en-precommande","11":"product_cat-me04-chaos-rising-fr","12":"product_cat-mega-evolution-fr","13":"product_cat-pokemon-fr","14":"product_cat-produits-par-lots","16":"first","17":"instock","18":"taxable","19":"shipping-taxable","20":"purchasable","21":"product-type-variable"},"acf":[],"yoast_head":"<!-- This site is optimized with the Yoast SEO plugin v27.4 - https:\/\/yoast.com\/product\/yoast-seo-wordpress\/ -->\n<title>Ach\u00e8te Pok\u00e9mon - Mega Evolution - Chaos Rising (ME04) - Sleeved Booster Packs<\/title>\n<meta name=\"description\" content=\"Ach\u00e8te Pok\u00e9mon - Mega Evolution - Chaos Rising (ME04) - Sleeved Booster Packs en ligne maintenant \u00e0 petit prix! Ton #1 shop pour cartes TCG &amp; Pok\u00e9mon en Suisse \u2713 Livraison gratuite d\u00e8s CHF 29\" \/>\n<meta name=\"robots\" content=\"index, follow, max-snippet:-1, max-image-preview:large, max-video-preview:-1\" \/>\n<link rel=\"canonical\" href=\"https:\/\/theuncommonshop.ch\/fr\/product\/pokemon-mega-evolution-chaos-rising-me04-sleeved-booster-packs\/\" \/>\n<meta property=\"og:locale\" content=\"fr_FR\" \/>\n<meta property=\"og:type\" content=\"article\" \/>\n<meta property=\"og:title\" content=\"Ach\u00e8te Pok\u00e9mon - Mega Evolution - Chaos Rising (ME04) - Sleeved Booster Packs\" \/>\n<meta property=\"og:description\" content=\"Ach\u00e8te Pok\u00e9mon - Mega Evolution - Chaos Rising (ME04) - Sleeved Booster Packs en ligne maintenant \u00e0 petit prix! Ton #1 shop pour cartes TCG &amp; Pok\u00e9mon en Suisse \u2713 Livraison gratuite d\u00e8s CHF 29\" \/>\n<meta property=\"og:url\" content=\"https:\/\/theuncommonshop.ch\/fr\/product\/pokemon-mega-evolution-chaos-rising-me04-sleeved-booster-packs\/\" \/>\n<meta property=\"og:site_name\" content=\"The Uncommon Shop\" \/>\n<meta name=\"twitter:card\" content=\"summary_large_image\" \/>\n<meta name=\"twitter:label1\" content=\"Disponibilit\u00e9\" \/>\n\t<meta name=\"twitter:data1\" content=\"En stock\" \/>\n<script type=\"application\/ld+json\" class=\"yoast-schema-graph\">{\"@context\":\"https:\\\/\\\/schema.org\",\"@graph\":[{\"@type\":\"WebPage\",\"@id\":\"https:\\\/\\\/theuncommonshop.ch\\\/fr\\\/product\\\/pokemon-mega-evolution-chaos-rising-me04-sleeved-booster-packs\\\/\",\"url\":\"https:\\\/\\\/theuncommonshop.ch\\\/fr\\\/product\\\/pokemon-mega-evolution-chaos-rising-me04-sleeved-booster-packs\\\/\",\"name\":\"Ach\u00e8te Pok\u00e9mon - Mega Evolution - Chaos Rising (ME04) - Sleeved Booster Packs\",\"isPartOf\":{\"@id\":\"https:\\\/\\\/theuncommonshop.ch\\\/fr\\\/#website\"},\"primaryImageOfPage\":{\"@id\":\"https:\\\/\\\/theuncommonshop.ch\\\/fr\\\/product\\\/pokemon-mega-evolution-chaos-rising-me04-sleeved-booster-packs\\\/#primaryimage\"},\"image\":{\"@id\":\"https:\\\/\\\/theuncommonshop.ch\\\/fr\\\/product\\\/pokemon-mega-evolution-chaos-rising-me04-sleeved-booster-packs\\\/#primaryimage\"},\"thumbnailUrl\":\"https:\\\/\\\/theuncommonshop.ch\\\/wp-content\\\/uploads\\\/2026\\\/05\\\/ME04Sleeved-Booster1.avif\",\"datePublished\":\"2026-05-04T16:33:09+00:00\",\"description\":\"Ach\u00e8te Pok\u00e9mon - Mega Evolution - Chaos Rising (ME04) - Sleeved Booster Packs en ligne maintenant \u00e0 petit prix! Ton #1 shop pour cartes TCG & Pok\u00e9mon en Suisse \u2713 Livraison gratuite d\u00e8s CHF 29\",\"breadcrumb\":{\"@id\":\"https:\\\/\\\/theuncommonshop.ch\\\/fr\\\/product\\\/pokemon-mega-evolution-chaos-rising-me04-sleeved-booster-packs\\\/#breadcrumb\"},\"inLanguage\":\"fr-FR\",\"potentialAction\":[{\"@type\":\"ReadAction\",\"target\":[\"https:\\\/\\\/theuncommonshop.ch\\\/fr\\\/product\\\/pokemon-mega-evolution-chaos-rising-me04-sleeved-booster-packs\\\/\"]}]},{\"@type\":\"ImageObject\",\"inLanguage\":\"fr-FR\",\"@id\":\"https:\\\/\\\/theuncommonshop.ch\\\/fr\\\/product\\\/pokemon-mega-evolution-chaos-rising-me04-sleeved-booster-packs\\\/#primaryimage\",\"url\":\"https:\\\/\\\/theuncommonshop.ch\\\/wp-content\\\/uploads\\\/2026\\\/05\\\/ME04Sleeved-Booster1.avif\",\"contentUrl\":\"https:\\\/\\\/theuncommonshop.ch\\\/wp-content\\\/uploads\\\/2026\\\/05\\\/ME04Sleeved-Booster1.avif\",\"width\":889,\"height\":1600,\"caption\":\"ME04Sleeved Booster1\"},{\"@type\":\"BreadcrumbList\",\"@id\":\"https:\\\/\\\/theuncommonshop.ch\\\/fr\\\/product\\\/pokemon-mega-evolution-chaos-rising-me04-sleeved-booster-packs\\\/#breadcrumb\",\"itemListElement\":[{\"@type\":\"ListItem\",\"position\":1,\"name\":\"Accueil\",\"item\":\"https:\\\/\\\/theuncommonshop.ch\\\/fr\\\/accueil\\\/\"},{\"@type\":\"ListItem\",\"position\":2,\"name\":\"Boutique\",\"item\":\"https:\\\/\\\/theuncommonshop.ch\\\/fr\\\/boutique\\\/\"},{\"@type\":\"ListItem\",\"position\":3,\"name\":\"Pok\u00e9mon &#8211; Mega Evolution &#8211; Chaos Rising (ME04) &#8211; Sleeved Booster Packs\"}]},{\"@type\":\"WebSite\",\"@id\":\"https:\\\/\\\/theuncommonshop.ch\\\/fr\\\/#website\",\"url\":\"https:\\\/\\\/theuncommonshop.ch\\\/fr\\\/\",\"name\":\"The Uncommon Shop\",\"description\":\"Magic, Pok\u00e9mon and Yu-gi-oh - The Uncommon Shop\",\"potentialAction\":[{\"@type\":\"SearchAction\",\"target\":{\"@type\":\"EntryPoint\",\"urlTemplate\":\"https:\\\/\\\/theuncommonshop.ch\\\/fr\\\/?s={search_term_string}\"},\"query-input\":{\"@type\":\"PropertyValueSpecification\",\"valueRequired\":true,\"valueName\":\"search_term_string\"}}],\"inLanguage\":\"fr-FR\"}]}<\/script>\n<meta property=\"og:availability\" content=\"instock\" \/>\n<meta property=\"product:availability\" content=\"instock\" \/>\n<meta property=\"product:condition\" content=\"new\" \/>\n<!-- \/ Yoast SEO plugin. -->","yoast_head_json":{"title":"Ach\u00e8te Pok\u00e9mon - Mega Evolution - Chaos Rising (ME04) - Sleeved Booster Packs","description":"Ach\u00e8te Pok\u00e9mon - Mega Evolution - Chaos Rising (ME04) - Sleeved Booster Packs en ligne maintenant \u00e0 petit prix! Ton #1 shop pour cartes TCG & Pok\u00e9mon en Suisse \u2713 Livraison gratuite d\u00e8s CHF 29","robots":{"index":"index","follow":"follow","max-snippet":"max-snippet:-1","max-image-preview":"max-image-preview:large","max-video-preview":"max-video-preview:-1"},"canonical":"https:\/\/theuncommonshop.ch\/fr\/product\/pokemon-mega-evolution-chaos-rising-me04-sleeved-booster-packs\/","og_locale":"fr_FR","og_type":"article","og_title":"Ach\u00e8te Pok\u00e9mon - Mega Evolution - Chaos Rising (ME04) - Sleeved Booster Packs","og_description":"Ach\u00e8te Pok\u00e9mon - Mega Evolution - Chaos Rising (ME04) - Sleeved Booster Packs en ligne maintenant \u00e0 petit prix! Ton #1 shop pour cartes TCG & Pok\u00e9mon en Suisse \u2713 Livraison gratuite d\u00e8s CHF 29","og_url":"https:\/\/theuncommonshop.ch\/fr\/product\/pokemon-mega-evolution-chaos-rising-me04-sleeved-booster-packs\/","og_site_name":"The Uncommon Shop","twitter_card":"summary_large_image","twitter_misc":{"Disponibilit\u00e9":"En stock"},"schema":{"@context":"https:\/\/schema.org","@graph":[{"@type":"WebPage","@id":"https:\/\/theuncommonshop.ch\/fr\/product\/pokemon-mega-evolution-chaos-rising-me04-sleeved-booster-packs\/","url":"https:\/\/theuncommonshop.ch\/fr\/product\/pokemon-mega-evolution-chaos-rising-me04-sleeved-booster-packs\/","name":"Ach\u00e8te Pok\u00e9mon - Mega Evolution - Chaos Rising (ME04) - Sleeved Booster Packs","isPartOf":{"@id":"https:\/\/theuncommonshop.ch\/fr\/#website"},"primaryImageOfPage":{"@id":"https:\/\/theuncommonshop.ch\/fr\/product\/pokemon-mega-evolution-chaos-rising-me04-sleeved-booster-packs\/#primaryimage"},"image":{"@id":"https:\/\/theuncommonshop.ch\/fr\/product\/pokemon-mega-evolution-chaos-rising-me04-sleeved-booster-packs\/#primaryimage"},"thumbnailUrl":"https:\/\/theuncommonshop.ch\/wp-content\/uploads\/2026\/05\/ME04Sleeved-Booster1.avif","datePublished":"2026-05-04T16:33:09+00:00","description":"Ach\u00e8te Pok\u00e9mon - Mega Evolution - Chaos Rising (ME04) - Sleeved Booster Packs en ligne maintenant \u00e0 petit prix! Ton #1 shop pour cartes TCG & Pok\u00e9mon en Suisse \u2713 Livraison gratuite d\u00e8s CHF 29","breadcrumb":{"@id":"https:\/\/theuncommonshop.ch\/fr\/product\/pokemon-mega-evolution-chaos-rising-me04-sleeved-booster-packs\/#breadcrumb"},"inLanguage":"fr-FR","potentialAction":[{"@type":"ReadAction","target":["https:\/\/theuncommonshop.ch\/fr\/product\/pokemon-mega-evolution-chaos-rising-me04-sleeved-booster-packs\/"]}]},{"@type":"ImageObject","inLanguage":"fr-FR","@id":"https:\/\/theuncommonshop.ch\/fr\/product\/pokemon-mega-evolution-chaos-rising-me04-sleeved-booster-packs\/#primaryimage","url":"https:\/\/theuncommonshop.ch\/wp-content\/uploads\/2026\/05\/ME04Sleeved-Booster1.avif","contentUrl":"https:\/\/theuncommonshop.ch\/wp-content\/uploads\/2026\/05\/ME04Sleeved-Booster1.avif","width":889,"height":1600,"caption":"ME04Sleeved Booster1"},{"@type":"BreadcrumbList","@id":"https:\/\/theuncommonshop.ch\/fr\/product\/pokemon-mega-evolution-chaos-rising-me04-sleeved-booster-packs\/#breadcrumb","itemListElement":[{"@type":"ListItem","position":1,"name":"Accueil","item":"https:\/\/theuncommonshop.ch\/fr\/accueil\/"},{"@type":"ListItem","position":2,"name":"Boutique","item":"https:\/\/theuncommonshop.ch\/fr\/boutique\/"},{"@type":"ListItem","position":3,"name":"Pok\u00e9mon &#8211; Mega Evolution &#8211; Chaos Rising (ME04) &#8211; Sleeved Booster Packs"}]},{"@type":"WebSite","@id":"https:\/\/theuncommonshop.ch\/fr\/#website","url":"https:\/\/theuncommonshop.ch\/fr\/","name":"The Uncommon Shop","description":"Magic, Pok\u00e9mon and Yu-gi-oh - The Uncommon Shop","potentialAction":[{"@type":"SearchAction","target":{"@type":"EntryPoint","urlTemplate":"https:\/\/theuncommonshop.ch\/fr\/?s={search_term_string}"},"query-input":{"@type":"PropertyValueSpecification","valueRequired":true,"valueName":"search_term_string"}}],"inLanguage":"fr-FR"}]},"og_availability":"instock","product_availability":"instock","product_condition":"new"},"_links":{"self":[{"href":"https:\/\/theuncommonshop.ch\/fr\/wp-json\/wp\/v2\/product\/373040","targetHints":{"allow":["GET"]}}],"collection":[{"href":"https:\/\/theuncommonshop.ch\/fr\/wp-json\/wp\/v2\/product"}],"about":[{"href":"https:\/\/theuncommonshop.ch\/fr\/wp-json\/wp\/v2\/types\/product"}],"replies":[{"embeddable":true,"href":"https:\/\/theuncommonshop.ch\/fr\/wp-json\/wp\/v2\/comments?post=373040"}],"version-history":[{"count":0,"href":"https:\/\/theuncommonshop.ch\/fr\/wp-json\/wp\/v2\/product\/373040\/revisions"}],"wp:featuredmedia":[{"embeddable":true,"href":"https:\/\/theuncommonshop.ch\/fr\/wp-json\/wp\/v2\/media\/373019"}],"wp:attachment":[{"href":"https:\/\/theuncommonshop.ch\/fr\/wp-json\/wp\/v2\/media?parent=373040"}],"wp:term":[{"taxonomy":"product_brand","embeddable":true,"href":"https:\/\/theuncommonshop.ch\/fr\/wp-json\/wp\/v2\/product_brand?post=373040"},{"taxonomy":"product_cat","embeddable":true,"href":"https:\/\/theuncommonshop.ch\/fr\/wp-json\/wp\/v2\/product_cat?post=373040"},{"taxonomy":"product_tag","embeddable":true,"href":"https:\/\/theuncommonshop.ch\/fr\/wp-json\/wp\/v2\/product_tag?post=373040"}],"curies":[{"name":"wp","href":"https:\/\/api.w.org\/{rel}","templated":true}]}}