{"id":372858,"date":"2026-05-03T20:00:07","date_gmt":"2026-05-03T18:00:07","guid":{"rendered":"https:\/\/theuncommonshop.ch\/product\/my-hero-academia-volume-1\/"},"modified":"2026-05-03T20:00:07","modified_gmt":"2026-05-03T18:00:07","slug":"my-hero-academia-volume-1","status":"publish","type":"product","link":"https:\/\/theuncommonshop.ch\/fr\/product\/my-hero-academia-volume-1\/","title":{"rendered":"My Hero Academia &#8211; Volume 1"},"content":{"rendered":"<p><strong>Le hit mondial Smash de ces derni\u00e8res ann\u00e9es !<\/strong><\/p>\n<p><strong>Suivez le parcours d&#8217;Izuku, un lyc\u00e9en ordinaire devenu le plus grand super-h\u00e9ros de tous les temps !<\/strong><\/p>\n<p>A quoi ressemblerait un monde dans lequel 80% de la population serait dot\u00e9e de <em class=\"element-background-basic-colors marker\" data-color=\"04b\">super-pouvoirs<\/em>? Les h\u00e9ros et les m\u00e9chants se battraient quasiment sans arr\u00eat. Mais comment et o\u00f9 les h\u00e9ros pourraient-ils apprendre \u00e0 utiliser plus efficacement leurs capacit\u00e9s, leurs &#8220;d\u00e9fauts&#8221; ? Bien s\u00fbr, dans une \u00e9cole sp\u00e9cialement con\u00e7ue pour les jeunes h\u00e9ros ! Et qu&#8217;en est-il des 20 % de la population qui sont n\u00e9s dans ce monde sans super-pouvoirs ? L&#8217;\u00e9l\u00e8ve Izuku Midoriya ne souhaite rien d&#8217;autre que d&#8217;\u00eatre un super-h\u00e9ros, mais il n&#8217;y a pas une once de d\u00e9faut de super-h\u00e9ros en lui ! Et sans d\u00e9faut, il n&#8217;a aucune chance de mettre un jour les pieds \u00e0 la High School of Superhero des \u00c9tats-Unis. La vie d&#8217;Izuku semble totalement d\u00e9nu\u00e9e de sens &#8211; jusqu&#8217;au jour o\u00f9 il rencontre All Might, le super-h\u00e9ros des super-h\u00e9ros ! Cette rencontre pourrait bien marquer un tournant dans sa vie&#8230;        <\/p>\n","protected":false},"excerpt":{"rendered":"<p>Le hit mondial Smash de ces derni\u00e8res ann\u00e9es ! Suivez le parcours d&#8217;Izuku, un lyc\u00e9en ordinaire devenu le plus grand<\/p>\n","protected":false},"featured_media":372838,"comment_status":"open","ping_status":"closed","template":"","meta":{"_acf_changed":false},"product_brand":[12006,12135],"product_cat":[9885,12132],"product_tag":[],"class_list":{"0":"post-372858","1":"product","2":"type-product","3":"status-publish","4":"has-post-thumbnail","6":"product_brand-manga-carlsen","7":"product_brand-my-hero-academia","8":"product_cat-manga","9":"product_cat-my-hero-academia-fr","11":"first","12":"instock","13":"taxable","14":"shipping-taxable","15":"purchasable","16":"product-type-simple"},"acf":[],"yoast_head":"<!-- This site is optimized with the Yoast SEO plugin v27.4 - https:\/\/yoast.com\/product\/yoast-seo-wordpress\/ -->\n<title>Ach\u00e8te My Hero Academia - Volume 1<\/title>\n<meta name=\"description\" content=\"Ach\u00e8te My Hero Academia - Volume 1 en ligne maintenant \u00e0 petit prix! Ton #1 shop pour cartes TCG &amp; Pok\u00e9mon en Suisse \u2713 Livraison gratuite d\u00e8s CHF 29\" \/>\n<meta name=\"robots\" content=\"index, follow, max-snippet:-1, max-image-preview:large, max-video-preview:-1\" \/>\n<link rel=\"canonical\" href=\"https:\/\/theuncommonshop.ch\/fr\/product\/my-hero-academia-volume-1\/\" \/>\n<meta property=\"og:locale\" content=\"fr_FR\" \/>\n<meta property=\"og:type\" content=\"article\" \/>\n<meta property=\"og:title\" content=\"Ach\u00e8te My Hero Academia - Volume 1\" \/>\n<meta property=\"og:description\" content=\"Ach\u00e8te My Hero Academia - Volume 1 en ligne maintenant \u00e0 petit prix! Ton #1 shop pour cartes TCG &amp; Pok\u00e9mon en Suisse \u2713 Livraison gratuite d\u00e8s CHF 29\" \/>\n<meta property=\"og:url\" content=\"https:\/\/theuncommonshop.ch\/fr\/product\/my-hero-academia-volume-1\/\" \/>\n<meta property=\"og:site_name\" content=\"The Uncommon Shop\" \/>\n<meta property=\"og:image\" content=\"https:\/\/theuncommonshop.ch\/wp-content\/uploads\/2026\/05\/my-hero-academia-1-taschenbuch-kohei-horikoshi.jpeg\" \/>\n\t<meta property=\"og:image:width\" content=\"1050\" \/>\n\t<meta property=\"og:image:height\" content=\"1600\" \/>\n\t<meta property=\"og:image:type\" content=\"image\/jpeg\" \/>\n<meta name=\"twitter:card\" content=\"summary_large_image\" \/>\n<meta name=\"twitter:label1\" content=\"Prix\" \/>\n\t<meta name=\"twitter:data1\" content=\"&#067;&#072;&#070;&nbsp;11.50\" \/>\n\t<meta name=\"twitter:label2\" content=\"Disponibilit\u00e9\" \/>\n\t<meta name=\"twitter:data2\" content=\"En stock\" \/>\n<script type=\"application\/ld+json\" class=\"yoast-schema-graph\">{\"@context\":\"https:\\\/\\\/schema.org\",\"@graph\":[{\"@type\":\"WebPage\",\"@id\":\"https:\\\/\\\/theuncommonshop.ch\\\/fr\\\/product\\\/my-hero-academia-volume-1\\\/\",\"url\":\"https:\\\/\\\/theuncommonshop.ch\\\/fr\\\/product\\\/my-hero-academia-volume-1\\\/\",\"name\":\"Ach\u00e8te My Hero Academia - Volume 1\",\"isPartOf\":{\"@id\":\"https:\\\/\\\/theuncommonshop.ch\\\/fr\\\/#website\"},\"primaryImageOfPage\":{\"@id\":\"https:\\\/\\\/theuncommonshop.ch\\\/fr\\\/product\\\/my-hero-academia-volume-1\\\/#primaryimage\"},\"image\":{\"@id\":\"https:\\\/\\\/theuncommonshop.ch\\\/fr\\\/product\\\/my-hero-academia-volume-1\\\/#primaryimage\"},\"thumbnailUrl\":\"https:\\\/\\\/theuncommonshop.ch\\\/wp-content\\\/uploads\\\/2026\\\/05\\\/my-hero-academia-1-taschenbuch-kohei-horikoshi.jpeg\",\"datePublished\":\"2026-05-03T18:00:07+00:00\",\"description\":\"Ach\u00e8te My Hero Academia - Volume 1 en ligne maintenant \u00e0 petit prix! Ton #1 shop pour cartes TCG & Pok\u00e9mon en Suisse \u2713 Livraison gratuite d\u00e8s CHF 29\",\"breadcrumb\":{\"@id\":\"https:\\\/\\\/theuncommonshop.ch\\\/fr\\\/product\\\/my-hero-academia-volume-1\\\/#breadcrumb\"},\"inLanguage\":\"fr-FR\",\"potentialAction\":[{\"@type\":\"ReadAction\",\"target\":[\"https:\\\/\\\/theuncommonshop.ch\\\/fr\\\/product\\\/my-hero-academia-volume-1\\\/\"]}]},{\"@type\":\"ImageObject\",\"inLanguage\":\"fr-FR\",\"@id\":\"https:\\\/\\\/theuncommonshop.ch\\\/fr\\\/product\\\/my-hero-academia-volume-1\\\/#primaryimage\",\"url\":\"https:\\\/\\\/theuncommonshop.ch\\\/wp-content\\\/uploads\\\/2026\\\/05\\\/my-hero-academia-1-taschenbuch-kohei-horikoshi.jpeg\",\"contentUrl\":\"https:\\\/\\\/theuncommonshop.ch\\\/wp-content\\\/uploads\\\/2026\\\/05\\\/my-hero-academia-1-taschenbuch-kohei-horikoshi.jpeg\",\"width\":1050,\"height\":1600,\"caption\":\"My Hero Academia 1 livre de poche kohei horikoshi\"},{\"@type\":\"BreadcrumbList\",\"@id\":\"https:\\\/\\\/theuncommonshop.ch\\\/fr\\\/product\\\/my-hero-academia-volume-1\\\/#breadcrumb\",\"itemListElement\":[{\"@type\":\"ListItem\",\"position\":1,\"name\":\"Accueil\",\"item\":\"https:\\\/\\\/theuncommonshop.ch\\\/fr\\\/accueil\\\/\"},{\"@type\":\"ListItem\",\"position\":2,\"name\":\"Boutique\",\"item\":\"https:\\\/\\\/theuncommonshop.ch\\\/fr\\\/boutique\\\/\"},{\"@type\":\"ListItem\",\"position\":3,\"name\":\"My Hero Academia &#8211; Volume 1\"}]},{\"@type\":\"WebSite\",\"@id\":\"https:\\\/\\\/theuncommonshop.ch\\\/fr\\\/#website\",\"url\":\"https:\\\/\\\/theuncommonshop.ch\\\/fr\\\/\",\"name\":\"The Uncommon Shop\",\"description\":\"Magic, Pok\u00e9mon and Yu-gi-oh - The Uncommon Shop\",\"potentialAction\":[{\"@type\":\"SearchAction\",\"target\":{\"@type\":\"EntryPoint\",\"urlTemplate\":\"https:\\\/\\\/theuncommonshop.ch\\\/fr\\\/?s={search_term_string}\"},\"query-input\":{\"@type\":\"PropertyValueSpecification\",\"valueRequired\":true,\"valueName\":\"search_term_string\"}}],\"inLanguage\":\"fr-FR\"}]}<\/script>\n<meta property=\"product:price:amount\" content=\"11.50\" \/>\n<meta property=\"product:price:currency\" content=\"CHF\" \/>\n<meta property=\"og:availability\" content=\"instock\" \/>\n<meta property=\"product:availability\" content=\"instock\" \/>\n<meta property=\"product:retailer_item_id\" content=\"MyHeroAcademiaBand1Manga\" \/>\n<meta property=\"product:condition\" content=\"new\" \/>\n<!-- \/ Yoast SEO plugin. -->","yoast_head_json":{"title":"Ach\u00e8te My Hero Academia - Volume 1","description":"Ach\u00e8te My Hero Academia - Volume 1 en ligne maintenant \u00e0 petit prix! Ton #1 shop pour cartes TCG & Pok\u00e9mon en Suisse \u2713 Livraison gratuite d\u00e8s CHF 29","robots":{"index":"index","follow":"follow","max-snippet":"max-snippet:-1","max-image-preview":"max-image-preview:large","max-video-preview":"max-video-preview:-1"},"canonical":"https:\/\/theuncommonshop.ch\/fr\/product\/my-hero-academia-volume-1\/","og_locale":"fr_FR","og_type":"article","og_title":"Ach\u00e8te My Hero Academia - Volume 1","og_description":"Ach\u00e8te My Hero Academia - Volume 1 en ligne maintenant \u00e0 petit prix! Ton #1 shop pour cartes TCG & Pok\u00e9mon en Suisse \u2713 Livraison gratuite d\u00e8s CHF 29","og_url":"https:\/\/theuncommonshop.ch\/fr\/product\/my-hero-academia-volume-1\/","og_site_name":"The Uncommon Shop","og_image":[{"width":1050,"height":1600,"url":"https:\/\/theuncommonshop.ch\/wp-content\/uploads\/2026\/05\/my-hero-academia-1-taschenbuch-kohei-horikoshi.jpeg","type":"image\/jpeg"}],"twitter_card":"summary_large_image","twitter_misc":{"Prix":"&#67;&#72;&#70;&nbsp;11.50","Disponibilit\u00e9":"En stock"},"schema":{"@context":"https:\/\/schema.org","@graph":[{"@type":"WebPage","@id":"https:\/\/theuncommonshop.ch\/fr\/product\/my-hero-academia-volume-1\/","url":"https:\/\/theuncommonshop.ch\/fr\/product\/my-hero-academia-volume-1\/","name":"Ach\u00e8te My Hero Academia - Volume 1","isPartOf":{"@id":"https:\/\/theuncommonshop.ch\/fr\/#website"},"primaryImageOfPage":{"@id":"https:\/\/theuncommonshop.ch\/fr\/product\/my-hero-academia-volume-1\/#primaryimage"},"image":{"@id":"https:\/\/theuncommonshop.ch\/fr\/product\/my-hero-academia-volume-1\/#primaryimage"},"thumbnailUrl":"https:\/\/theuncommonshop.ch\/wp-content\/uploads\/2026\/05\/my-hero-academia-1-taschenbuch-kohei-horikoshi.jpeg","datePublished":"2026-05-03T18:00:07+00:00","description":"Ach\u00e8te My Hero Academia - Volume 1 en ligne maintenant \u00e0 petit prix! Ton #1 shop pour cartes TCG & Pok\u00e9mon en Suisse \u2713 Livraison gratuite d\u00e8s CHF 29","breadcrumb":{"@id":"https:\/\/theuncommonshop.ch\/fr\/product\/my-hero-academia-volume-1\/#breadcrumb"},"inLanguage":"fr-FR","potentialAction":[{"@type":"ReadAction","target":["https:\/\/theuncommonshop.ch\/fr\/product\/my-hero-academia-volume-1\/"]}]},{"@type":"ImageObject","inLanguage":"fr-FR","@id":"https:\/\/theuncommonshop.ch\/fr\/product\/my-hero-academia-volume-1\/#primaryimage","url":"https:\/\/theuncommonshop.ch\/wp-content\/uploads\/2026\/05\/my-hero-academia-1-taschenbuch-kohei-horikoshi.jpeg","contentUrl":"https:\/\/theuncommonshop.ch\/wp-content\/uploads\/2026\/05\/my-hero-academia-1-taschenbuch-kohei-horikoshi.jpeg","width":1050,"height":1600,"caption":"My Hero Academia 1 livre de poche kohei horikoshi"},{"@type":"BreadcrumbList","@id":"https:\/\/theuncommonshop.ch\/fr\/product\/my-hero-academia-volume-1\/#breadcrumb","itemListElement":[{"@type":"ListItem","position":1,"name":"Accueil","item":"https:\/\/theuncommonshop.ch\/fr\/accueil\/"},{"@type":"ListItem","position":2,"name":"Boutique","item":"https:\/\/theuncommonshop.ch\/fr\/boutique\/"},{"@type":"ListItem","position":3,"name":"My Hero Academia &#8211; Volume 1"}]},{"@type":"WebSite","@id":"https:\/\/theuncommonshop.ch\/fr\/#website","url":"https:\/\/theuncommonshop.ch\/fr\/","name":"The Uncommon Shop","description":"Magic, Pok\u00e9mon and Yu-gi-oh - The Uncommon Shop","potentialAction":[{"@type":"SearchAction","target":{"@type":"EntryPoint","urlTemplate":"https:\/\/theuncommonshop.ch\/fr\/?s={search_term_string}"},"query-input":{"@type":"PropertyValueSpecification","valueRequired":true,"valueName":"search_term_string"}}],"inLanguage":"fr-FR"}]},"product_price_amount":"11.50","product_price_currency":"CHF","og_availability":"instock","product_availability":"instock","product_retailer_item_id":"MyHeroAcademiaBand1Manga","product_condition":"new"},"_links":{"self":[{"href":"https:\/\/theuncommonshop.ch\/fr\/wp-json\/wp\/v2\/product\/372858","targetHints":{"allow":["GET"]}}],"collection":[{"href":"https:\/\/theuncommonshop.ch\/fr\/wp-json\/wp\/v2\/product"}],"about":[{"href":"https:\/\/theuncommonshop.ch\/fr\/wp-json\/wp\/v2\/types\/product"}],"replies":[{"embeddable":true,"href":"https:\/\/theuncommonshop.ch\/fr\/wp-json\/wp\/v2\/comments?post=372858"}],"version-history":[{"count":0,"href":"https:\/\/theuncommonshop.ch\/fr\/wp-json\/wp\/v2\/product\/372858\/revisions"}],"wp:featuredmedia":[{"embeddable":true,"href":"https:\/\/theuncommonshop.ch\/fr\/wp-json\/wp\/v2\/media\/372838"}],"wp:attachment":[{"href":"https:\/\/theuncommonshop.ch\/fr\/wp-json\/wp\/v2\/media?parent=372858"}],"wp:term":[{"taxonomy":"product_brand","embeddable":true,"href":"https:\/\/theuncommonshop.ch\/fr\/wp-json\/wp\/v2\/product_brand?post=372858"},{"taxonomy":"product_cat","embeddable":true,"href":"https:\/\/theuncommonshop.ch\/fr\/wp-json\/wp\/v2\/product_cat?post=372858"},{"taxonomy":"product_tag","embeddable":true,"href":"https:\/\/theuncommonshop.ch\/fr\/wp-json\/wp\/v2\/product_tag?post=372858"}],"curies":[{"name":"wp","href":"https:\/\/api.w.org\/{rel}","templated":true}]}}