{"id":372575,"date":"2026-05-02T17:29:04","date_gmt":"2026-05-02T15:29:04","guid":{"rendered":"https:\/\/theuncommonshop.ch\/product\/the-legend-of-zelda-twilight-princess-volume-1\/"},"modified":"2026-05-02T17:29:04","modified_gmt":"2026-05-02T15:29:04","slug":"the-legend-of-zelda-twilight-princess-volume-1","status":"publish","type":"product","link":"https:\/\/theuncommonshop.ch\/fr\/product\/the-legend-of-zelda-twilight-princess-volume-1\/","title":{"rendered":"The Legend of Zelda &#8211; Twilight Princess &#8211; Volume 1"},"content":{"rendered":"<p>Link vit comme berger dans le village d&#8217;Ordon et est tr\u00e8s appr\u00e9ci\u00e9 de tous les villageois. Aucun d&#8217;entre eux ne se doute que Link leur cache un sombre secret : il a pr\u00e9cipit\u00e9 son ancienne patrie dans la ruine \u00e0 cause d&#8217;une erreur imprudente. Mais <em class=\"element-background-basic-colors marker\" data-color=\"04b\">lorsque<\/em> les cr\u00e9atures du monde de l&#8217;ombre se retournent bient\u00f4t contre Ordon, Link fait enfin face \u00e0 son destin et \u00e0 son pass\u00e9. Il prend l&#8217;\u00e9p\u00e9e pour d\u00e9fendre sa nouvelle patrie !   <\/p>\n","protected":false},"excerpt":{"rendered":"<p>Link vit comme berger dans le village d&#8217;Ordon et est tr\u00e8s appr\u00e9ci\u00e9 de tous les villageois. Aucun d&#8217;entre eux ne<\/p>\n","protected":false},"featured_media":372562,"comment_status":"open","ping_status":"closed","template":"","meta":{"_acf_changed":false},"product_brand":[12110,12109],"product_cat":[9885,12104],"product_tag":[],"class_list":{"0":"post-372575","1":"product","2":"type-product","3":"status-publish","4":"has-post-thumbnail","6":"product_brand-the-legend-of-zelda","7":"product_brand-tokyopop","8":"product_cat-manga","9":"product_cat-the-legend-of-zelda-manga-fr","11":"first","12":"instock","13":"taxable","14":"shipping-taxable","15":"purchasable","16":"product-type-simple"},"acf":[],"yoast_head":"<!-- This site is optimized with the Yoast SEO plugin v27.4 - https:\/\/yoast.com\/product\/yoast-seo-wordpress\/ -->\n<title>Ach\u00e8te The Legend of Zelda - Twilight Princess - Volume 1<\/title>\n<meta name=\"description\" content=\"Ach\u00e8te The Legend of Zelda - Twilight Princess - Volume 1 en ligne maintenant \u00e0 petit prix! Ton #1 shop pour cartes TCG &amp; Pok\u00e9mon en Suisse \u2713 Livraison gratuite d\u00e8s CHF 29\" \/>\n<meta name=\"robots\" content=\"index, follow, max-snippet:-1, max-image-preview:large, max-video-preview:-1\" \/>\n<link rel=\"canonical\" href=\"https:\/\/theuncommonshop.ch\/fr\/product\/the-legend-of-zelda-twilight-princess-volume-1\/\" \/>\n<meta property=\"og:locale\" content=\"fr_FR\" \/>\n<meta property=\"og:type\" content=\"article\" \/>\n<meta property=\"og:title\" content=\"Ach\u00e8te The Legend of Zelda - Twilight Princess - Volume 1\" \/>\n<meta property=\"og:description\" content=\"Ach\u00e8te The Legend of Zelda - Twilight Princess - Volume 1 en ligne maintenant \u00e0 petit prix! Ton #1 shop pour cartes TCG &amp; Pok\u00e9mon en Suisse \u2713 Livraison gratuite d\u00e8s CHF 29\" \/>\n<meta property=\"og:url\" content=\"https:\/\/theuncommonshop.ch\/fr\/product\/the-legend-of-zelda-twilight-princess-volume-1\/\" \/>\n<meta property=\"og:site_name\" content=\"The Uncommon Shop\" \/>\n<meta property=\"og:image\" content=\"https:\/\/theuncommonshop.ch\/wp-content\/uploads\/2026\/05\/the-legend-of-zelda-11-taschenbuch-akira-himekawa.jpeg\" \/>\n\t<meta property=\"og:image:width\" content=\"401\" \/>\n\t<meta property=\"og:image:height\" content=\"600\" \/>\n\t<meta property=\"og:image:type\" content=\"image\/jpeg\" \/>\n<meta name=\"twitter:card\" content=\"summary_large_image\" \/>\n<meta name=\"twitter:label1\" content=\"Prix\" \/>\n\t<meta name=\"twitter:data1\" content=\"&#067;&#072;&#070;&nbsp;12.50\" \/>\n\t<meta name=\"twitter:label2\" content=\"Disponibilit\u00e9\" \/>\n\t<meta name=\"twitter:data2\" content=\"En stock\" \/>\n<script type=\"application\/ld+json\" class=\"yoast-schema-graph\">{\"@context\":\"https:\\\/\\\/schema.org\",\"@graph\":[{\"@type\":\"WebPage\",\"@id\":\"https:\\\/\\\/theuncommonshop.ch\\\/fr\\\/product\\\/the-legend-of-zelda-twilight-princess-volume-1\\\/\",\"url\":\"https:\\\/\\\/theuncommonshop.ch\\\/fr\\\/product\\\/the-legend-of-zelda-twilight-princess-volume-1\\\/\",\"name\":\"Ach\u00e8te The Legend of Zelda - Twilight Princess - Volume 1\",\"isPartOf\":{\"@id\":\"https:\\\/\\\/theuncommonshop.ch\\\/fr\\\/#website\"},\"primaryImageOfPage\":{\"@id\":\"https:\\\/\\\/theuncommonshop.ch\\\/fr\\\/product\\\/the-legend-of-zelda-twilight-princess-volume-1\\\/#primaryimage\"},\"image\":{\"@id\":\"https:\\\/\\\/theuncommonshop.ch\\\/fr\\\/product\\\/the-legend-of-zelda-twilight-princess-volume-1\\\/#primaryimage\"},\"thumbnailUrl\":\"https:\\\/\\\/theuncommonshop.ch\\\/wp-content\\\/uploads\\\/2026\\\/05\\\/the-legend-of-zelda-11-taschenbuch-akira-himekawa.jpeg\",\"datePublished\":\"2026-05-02T15:29:04+00:00\",\"description\":\"Ach\u00e8te The Legend of Zelda - Twilight Princess - Volume 1 en ligne maintenant \u00e0 petit prix! Ton #1 shop pour cartes TCG & Pok\u00e9mon en Suisse \u2713 Livraison gratuite d\u00e8s CHF 29\",\"breadcrumb\":{\"@id\":\"https:\\\/\\\/theuncommonshop.ch\\\/fr\\\/product\\\/the-legend-of-zelda-twilight-princess-volume-1\\\/#breadcrumb\"},\"inLanguage\":\"fr-FR\",\"potentialAction\":[{\"@type\":\"ReadAction\",\"target\":[\"https:\\\/\\\/theuncommonshop.ch\\\/fr\\\/product\\\/the-legend-of-zelda-twilight-princess-volume-1\\\/\"]}]},{\"@type\":\"ImageObject\",\"inLanguage\":\"fr-FR\",\"@id\":\"https:\\\/\\\/theuncommonshop.ch\\\/fr\\\/product\\\/the-legend-of-zelda-twilight-princess-volume-1\\\/#primaryimage\",\"url\":\"https:\\\/\\\/theuncommonshop.ch\\\/wp-content\\\/uploads\\\/2026\\\/05\\\/the-legend-of-zelda-11-taschenbuch-akira-himekawa.jpeg\",\"contentUrl\":\"https:\\\/\\\/theuncommonshop.ch\\\/wp-content\\\/uploads\\\/2026\\\/05\\\/the-legend-of-zelda-11-taschenbuch-akira-himekawa.jpeg\",\"width\":401,\"height\":600,\"caption\":\"the legend of zelda 11 livre de poche akira himekawa\"},{\"@type\":\"BreadcrumbList\",\"@id\":\"https:\\\/\\\/theuncommonshop.ch\\\/fr\\\/product\\\/the-legend-of-zelda-twilight-princess-volume-1\\\/#breadcrumb\",\"itemListElement\":[{\"@type\":\"ListItem\",\"position\":1,\"name\":\"Accueil\",\"item\":\"https:\\\/\\\/theuncommonshop.ch\\\/fr\\\/accueil\\\/\"},{\"@type\":\"ListItem\",\"position\":2,\"name\":\"Boutique\",\"item\":\"https:\\\/\\\/theuncommonshop.ch\\\/fr\\\/boutique\\\/\"},{\"@type\":\"ListItem\",\"position\":3,\"name\":\"The Legend of Zelda &#8211; Twilight Princess &#8211; Volume 1\"}]},{\"@type\":\"WebSite\",\"@id\":\"https:\\\/\\\/theuncommonshop.ch\\\/fr\\\/#website\",\"url\":\"https:\\\/\\\/theuncommonshop.ch\\\/fr\\\/\",\"name\":\"The Uncommon Shop\",\"description\":\"Magic, Pok\u00e9mon and Yu-gi-oh - The Uncommon Shop\",\"potentialAction\":[{\"@type\":\"SearchAction\",\"target\":{\"@type\":\"EntryPoint\",\"urlTemplate\":\"https:\\\/\\\/theuncommonshop.ch\\\/fr\\\/?s={search_term_string}\"},\"query-input\":{\"@type\":\"PropertyValueSpecification\",\"valueRequired\":true,\"valueName\":\"search_term_string\"}}],\"inLanguage\":\"fr-FR\"}]}<\/script>\n<meta property=\"product:price:amount\" content=\"12.50\" \/>\n<meta property=\"product:price:currency\" content=\"CHF\" \/>\n<meta property=\"og:availability\" content=\"instock\" \/>\n<meta property=\"product:availability\" content=\"instock\" \/>\n<meta property=\"product:retailer_item_id\" content=\"TheLegendOfZeldaTwilightPrincessBand1Manga\" \/>\n<meta property=\"product:condition\" content=\"new\" \/>\n<!-- \/ Yoast SEO plugin. -->","yoast_head_json":{"title":"Ach\u00e8te The Legend of Zelda - Twilight Princess - Volume 1","description":"Ach\u00e8te The Legend of Zelda - Twilight Princess - Volume 1 en ligne maintenant \u00e0 petit prix! Ton #1 shop pour cartes TCG & Pok\u00e9mon en Suisse \u2713 Livraison gratuite d\u00e8s CHF 29","robots":{"index":"index","follow":"follow","max-snippet":"max-snippet:-1","max-image-preview":"max-image-preview:large","max-video-preview":"max-video-preview:-1"},"canonical":"https:\/\/theuncommonshop.ch\/fr\/product\/the-legend-of-zelda-twilight-princess-volume-1\/","og_locale":"fr_FR","og_type":"article","og_title":"Ach\u00e8te The Legend of Zelda - Twilight Princess - Volume 1","og_description":"Ach\u00e8te The Legend of Zelda - Twilight Princess - Volume 1 en ligne maintenant \u00e0 petit prix! Ton #1 shop pour cartes TCG & Pok\u00e9mon en Suisse \u2713 Livraison gratuite d\u00e8s CHF 29","og_url":"https:\/\/theuncommonshop.ch\/fr\/product\/the-legend-of-zelda-twilight-princess-volume-1\/","og_site_name":"The Uncommon Shop","og_image":[{"width":401,"height":600,"url":"https:\/\/theuncommonshop.ch\/wp-content\/uploads\/2026\/05\/the-legend-of-zelda-11-taschenbuch-akira-himekawa.jpeg","type":"image\/jpeg"}],"twitter_card":"summary_large_image","twitter_misc":{"Prix":"&#67;&#72;&#70;&nbsp;12.50","Disponibilit\u00e9":"En stock"},"schema":{"@context":"https:\/\/schema.org","@graph":[{"@type":"WebPage","@id":"https:\/\/theuncommonshop.ch\/fr\/product\/the-legend-of-zelda-twilight-princess-volume-1\/","url":"https:\/\/theuncommonshop.ch\/fr\/product\/the-legend-of-zelda-twilight-princess-volume-1\/","name":"Ach\u00e8te The Legend of Zelda - Twilight Princess - Volume 1","isPartOf":{"@id":"https:\/\/theuncommonshop.ch\/fr\/#website"},"primaryImageOfPage":{"@id":"https:\/\/theuncommonshop.ch\/fr\/product\/the-legend-of-zelda-twilight-princess-volume-1\/#primaryimage"},"image":{"@id":"https:\/\/theuncommonshop.ch\/fr\/product\/the-legend-of-zelda-twilight-princess-volume-1\/#primaryimage"},"thumbnailUrl":"https:\/\/theuncommonshop.ch\/wp-content\/uploads\/2026\/05\/the-legend-of-zelda-11-taschenbuch-akira-himekawa.jpeg","datePublished":"2026-05-02T15:29:04+00:00","description":"Ach\u00e8te The Legend of Zelda - Twilight Princess - Volume 1 en ligne maintenant \u00e0 petit prix! Ton #1 shop pour cartes TCG & Pok\u00e9mon en Suisse \u2713 Livraison gratuite d\u00e8s CHF 29","breadcrumb":{"@id":"https:\/\/theuncommonshop.ch\/fr\/product\/the-legend-of-zelda-twilight-princess-volume-1\/#breadcrumb"},"inLanguage":"fr-FR","potentialAction":[{"@type":"ReadAction","target":["https:\/\/theuncommonshop.ch\/fr\/product\/the-legend-of-zelda-twilight-princess-volume-1\/"]}]},{"@type":"ImageObject","inLanguage":"fr-FR","@id":"https:\/\/theuncommonshop.ch\/fr\/product\/the-legend-of-zelda-twilight-princess-volume-1\/#primaryimage","url":"https:\/\/theuncommonshop.ch\/wp-content\/uploads\/2026\/05\/the-legend-of-zelda-11-taschenbuch-akira-himekawa.jpeg","contentUrl":"https:\/\/theuncommonshop.ch\/wp-content\/uploads\/2026\/05\/the-legend-of-zelda-11-taschenbuch-akira-himekawa.jpeg","width":401,"height":600,"caption":"the legend of zelda 11 livre de poche akira himekawa"},{"@type":"BreadcrumbList","@id":"https:\/\/theuncommonshop.ch\/fr\/product\/the-legend-of-zelda-twilight-princess-volume-1\/#breadcrumb","itemListElement":[{"@type":"ListItem","position":1,"name":"Accueil","item":"https:\/\/theuncommonshop.ch\/fr\/accueil\/"},{"@type":"ListItem","position":2,"name":"Boutique","item":"https:\/\/theuncommonshop.ch\/fr\/boutique\/"},{"@type":"ListItem","position":3,"name":"The Legend of Zelda &#8211; Twilight Princess &#8211; Volume 1"}]},{"@type":"WebSite","@id":"https:\/\/theuncommonshop.ch\/fr\/#website","url":"https:\/\/theuncommonshop.ch\/fr\/","name":"The Uncommon Shop","description":"Magic, Pok\u00e9mon and Yu-gi-oh - The Uncommon Shop","potentialAction":[{"@type":"SearchAction","target":{"@type":"EntryPoint","urlTemplate":"https:\/\/theuncommonshop.ch\/fr\/?s={search_term_string}"},"query-input":{"@type":"PropertyValueSpecification","valueRequired":true,"valueName":"search_term_string"}}],"inLanguage":"fr-FR"}]},"product_price_amount":"12.50","product_price_currency":"CHF","og_availability":"instock","product_availability":"instock","product_retailer_item_id":"TheLegendOfZeldaTwilightPrincessBand1Manga","product_condition":"new"},"_links":{"self":[{"href":"https:\/\/theuncommonshop.ch\/fr\/wp-json\/wp\/v2\/product\/372575","targetHints":{"allow":["GET"]}}],"collection":[{"href":"https:\/\/theuncommonshop.ch\/fr\/wp-json\/wp\/v2\/product"}],"about":[{"href":"https:\/\/theuncommonshop.ch\/fr\/wp-json\/wp\/v2\/types\/product"}],"replies":[{"embeddable":true,"href":"https:\/\/theuncommonshop.ch\/fr\/wp-json\/wp\/v2\/comments?post=372575"}],"version-history":[{"count":0,"href":"https:\/\/theuncommonshop.ch\/fr\/wp-json\/wp\/v2\/product\/372575\/revisions"}],"wp:featuredmedia":[{"embeddable":true,"href":"https:\/\/theuncommonshop.ch\/fr\/wp-json\/wp\/v2\/media\/372562"}],"wp:attachment":[{"href":"https:\/\/theuncommonshop.ch\/fr\/wp-json\/wp\/v2\/media?parent=372575"}],"wp:term":[{"taxonomy":"product_brand","embeddable":true,"href":"https:\/\/theuncommonshop.ch\/fr\/wp-json\/wp\/v2\/product_brand?post=372575"},{"taxonomy":"product_cat","embeddable":true,"href":"https:\/\/theuncommonshop.ch\/fr\/wp-json\/wp\/v2\/product_cat?post=372575"},{"taxonomy":"product_tag","embeddable":true,"href":"https:\/\/theuncommonshop.ch\/fr\/wp-json\/wp\/v2\/product_tag?post=372575"}],"curies":[{"name":"wp","href":"https:\/\/api.w.org\/{rel}","templated":true}]}}