{"id":372533,"date":"2026-05-02T16:38:57","date_gmt":"2026-05-02T14:38:57","guid":{"rendered":"https:\/\/theuncommonshop.ch\/product\/demon-slayer-kimetsu-no-yaiba-volume-2\/"},"modified":"2026-05-02T16:38:57","modified_gmt":"2026-05-02T14:38:57","slug":"demon-slayer-kimetsu-no-yaiba-volume-2","status":"publish","type":"product","link":"https:\/\/theuncommonshop.ch\/fr\/product\/demon-slayer-kimetsu-no-yaiba-volume-2\/","title":{"rendered":"Demon Slayer &#8211; Kimetsu no Yaiba &#8211; Volume 2"},"content":{"rendered":"<p>Afin de sauver sa s\u0153ur et de venger sa famille, Tanjiro est parti pour devenir un Demon Slayer. Mais pour r\u00e9ussir l&#8217;examen d&#8217;entr\u00e9e des fameux chasseurs de d\u00e9mons, il faut s&#8217;entra\u00eener durement. C&#8217;est alors que plusieurs jeunes filles disparaissent <em class=\"element-background-basic-colors marker\" data-color=\"04b\">soudainement<\/em> dans un village voisin. Tanjiro d\u00e9cide d&#8217;enqu\u00eater sur ces incidents. Trouvera-t-il ici une piste vers le d\u00e9mon qui a assassin\u00e9 sa famille &#8230; ?    <\/p>\n","protected":false},"excerpt":{"rendered":"<p>Afin de sauver sa s\u0153ur et de venger sa famille, Tanjiro est parti pour devenir un Demon Slayer. Mais pour<\/p>\n","protected":false},"featured_media":372529,"comment_status":"open","ping_status":"closed","template":"","meta":{"_acf_changed":false},"product_brand":[12101,12100],"product_cat":[9899,9885],"product_tag":[],"class_list":{"0":"post-372533","1":"product","2":"type-product","3":"status-publish","4":"has-post-thumbnail","6":"product_brand-demon-slayer","7":"product_brand-manga-cult","8":"product_cat-demon-slayer-fr","9":"product_cat-manga","11":"first","12":"outofstock","13":"taxable","14":"shipping-taxable","15":"purchasable","16":"product-type-simple"},"acf":[],"yoast_head":"<!-- This site is optimized with the Yoast SEO plugin v27.5 - https:\/\/yoast.com\/product\/yoast-seo-wordpress\/ -->\n<title>Ach\u00e8te Demon Slayer - Kimetsu no Yaiba - Volume 2<\/title>\n<meta name=\"description\" content=\"Ach\u00e8te Demon Slayer - Kimetsu no Yaiba - Volume 2 en ligne maintenant \u00e0 petit prix! Ton #1 shop pour cartes TCG &amp; Pok\u00e9mon en Suisse \u2713 Livraison gratuite d\u00e8s CHF 29\" \/>\n<meta name=\"robots\" content=\"index, follow, max-snippet:-1, max-image-preview:large, max-video-preview:-1\" \/>\n<link rel=\"canonical\" href=\"https:\/\/theuncommonshop.ch\/fr\/product\/demon-slayer-kimetsu-no-yaiba-volume-2\/\" \/>\n<meta property=\"og:locale\" content=\"fr_FR\" \/>\n<meta property=\"og:type\" content=\"article\" \/>\n<meta property=\"og:title\" content=\"Ach\u00e8te Demon Slayer - Kimetsu no Yaiba - Volume 2\" \/>\n<meta property=\"og:description\" content=\"Ach\u00e8te Demon Slayer - Kimetsu no Yaiba - Volume 2 en ligne maintenant \u00e0 petit prix! Ton #1 shop pour cartes TCG &amp; Pok\u00e9mon en Suisse \u2713 Livraison gratuite d\u00e8s CHF 29\" \/>\n<meta property=\"og:url\" content=\"https:\/\/theuncommonshop.ch\/fr\/product\/demon-slayer-kimetsu-no-yaiba-volume-2\/\" \/>\n<meta property=\"og:site_name\" content=\"The Uncommon Shop\" \/>\n<meta property=\"og:image\" content=\"https:\/\/theuncommonshop.ch\/wp-content\/uploads\/2026\/05\/DemnonSlayerBand2.jpeg\" \/>\n\t<meta property=\"og:image:width\" content=\"1334\" \/>\n\t<meta property=\"og:image:height\" content=\"2000\" \/>\n\t<meta property=\"og:image:type\" content=\"image\/jpeg\" \/>\n<meta name=\"twitter:card\" content=\"summary_large_image\" \/>\n<meta name=\"twitter:label1\" content=\"Prix\" \/>\n\t<meta name=\"twitter:data1\" content=\"&#067;&#072;&#070;&nbsp;14.95\" \/>\n\t<meta name=\"twitter:label2\" content=\"Disponibilit\u00e9\" \/>\n\t<meta name=\"twitter:data2\" content=\"Rupture de stock\" \/>\n<script type=\"application\/ld+json\" class=\"yoast-schema-graph\">{\"@context\":\"https:\\\/\\\/schema.org\",\"@graph\":[{\"@type\":\"WebPage\",\"@id\":\"https:\\\/\\\/theuncommonshop.ch\\\/fr\\\/product\\\/demon-slayer-kimetsu-no-yaiba-volume-2\\\/\",\"url\":\"https:\\\/\\\/theuncommonshop.ch\\\/fr\\\/product\\\/demon-slayer-kimetsu-no-yaiba-volume-2\\\/\",\"name\":\"Ach\u00e8te Demon Slayer - Kimetsu no Yaiba - Volume 2\",\"isPartOf\":{\"@id\":\"https:\\\/\\\/theuncommonshop.ch\\\/fr\\\/#website\"},\"primaryImageOfPage\":{\"@id\":\"https:\\\/\\\/theuncommonshop.ch\\\/fr\\\/product\\\/demon-slayer-kimetsu-no-yaiba-volume-2\\\/#primaryimage\"},\"image\":{\"@id\":\"https:\\\/\\\/theuncommonshop.ch\\\/fr\\\/product\\\/demon-slayer-kimetsu-no-yaiba-volume-2\\\/#primaryimage\"},\"thumbnailUrl\":\"https:\\\/\\\/theuncommonshop.ch\\\/wp-content\\\/uploads\\\/2026\\\/05\\\/DemnonSlayerBand2.jpeg\",\"datePublished\":\"2026-05-02T14:38:57+00:00\",\"description\":\"Ach\u00e8te Demon Slayer - Kimetsu no Yaiba - Volume 2 en ligne maintenant \u00e0 petit prix! Ton #1 shop pour cartes TCG & Pok\u00e9mon en Suisse \u2713 Livraison gratuite d\u00e8s CHF 29\",\"breadcrumb\":{\"@id\":\"https:\\\/\\\/theuncommonshop.ch\\\/fr\\\/product\\\/demon-slayer-kimetsu-no-yaiba-volume-2\\\/#breadcrumb\"},\"inLanguage\":\"fr-FR\",\"potentialAction\":[{\"@type\":\"ReadAction\",\"target\":[\"https:\\\/\\\/theuncommonshop.ch\\\/fr\\\/product\\\/demon-slayer-kimetsu-no-yaiba-volume-2\\\/\"]}]},{\"@type\":\"ImageObject\",\"inLanguage\":\"fr-FR\",\"@id\":\"https:\\\/\\\/theuncommonshop.ch\\\/fr\\\/product\\\/demon-slayer-kimetsu-no-yaiba-volume-2\\\/#primaryimage\",\"url\":\"https:\\\/\\\/theuncommonshop.ch\\\/wp-content\\\/uploads\\\/2026\\\/05\\\/DemnonSlayerBand2.jpeg\",\"contentUrl\":\"https:\\\/\\\/theuncommonshop.ch\\\/wp-content\\\/uploads\\\/2026\\\/05\\\/DemnonSlayerBand2.jpeg\",\"width\":1334,\"height\":2000,\"caption\":\"DemnonSlayerTome2\"},{\"@type\":\"BreadcrumbList\",\"@id\":\"https:\\\/\\\/theuncommonshop.ch\\\/fr\\\/product\\\/demon-slayer-kimetsu-no-yaiba-volume-2\\\/#breadcrumb\",\"itemListElement\":[{\"@type\":\"ListItem\",\"position\":1,\"name\":\"Accueil\",\"item\":\"https:\\\/\\\/theuncommonshop.ch\\\/fr\\\/accueil\\\/\"},{\"@type\":\"ListItem\",\"position\":2,\"name\":\"Boutique\",\"item\":\"https:\\\/\\\/theuncommonshop.ch\\\/fr\\\/boutique\\\/\"},{\"@type\":\"ListItem\",\"position\":3,\"name\":\"Demon Slayer &#8211; Kimetsu no Yaiba &#8211; Volume 2\"}]},{\"@type\":\"WebSite\",\"@id\":\"https:\\\/\\\/theuncommonshop.ch\\\/fr\\\/#website\",\"url\":\"https:\\\/\\\/theuncommonshop.ch\\\/fr\\\/\",\"name\":\"The Uncommon Shop\",\"description\":\"Magic, Pok\u00e9mon and Yu-gi-oh - The Uncommon Shop\",\"potentialAction\":[{\"@type\":\"SearchAction\",\"target\":{\"@type\":\"EntryPoint\",\"urlTemplate\":\"https:\\\/\\\/theuncommonshop.ch\\\/fr\\\/?s={search_term_string}\"},\"query-input\":{\"@type\":\"PropertyValueSpecification\",\"valueRequired\":true,\"valueName\":\"search_term_string\"}}],\"inLanguage\":\"fr-FR\"}]}<\/script>\n<meta property=\"product:price:amount\" content=\"14.95\" \/>\n<meta property=\"product:price:currency\" content=\"CHF\" \/>\n<meta property=\"og:availability\" content=\"out of stock\" \/>\n<meta property=\"product:availability\" content=\"out of stock\" \/>\n<meta property=\"product:retailer_item_id\" content=\"DemonSlayerMangaBand2\" \/>\n<meta property=\"product:condition\" content=\"new\" \/>\n<!-- \/ Yoast SEO plugin. -->","yoast_head_json":{"title":"Ach\u00e8te Demon Slayer - Kimetsu no Yaiba - Volume 2","description":"Ach\u00e8te Demon Slayer - Kimetsu no Yaiba - Volume 2 en ligne maintenant \u00e0 petit prix! Ton #1 shop pour cartes TCG & Pok\u00e9mon en Suisse \u2713 Livraison gratuite d\u00e8s CHF 29","robots":{"index":"index","follow":"follow","max-snippet":"max-snippet:-1","max-image-preview":"max-image-preview:large","max-video-preview":"max-video-preview:-1"},"canonical":"https:\/\/theuncommonshop.ch\/fr\/product\/demon-slayer-kimetsu-no-yaiba-volume-2\/","og_locale":"fr_FR","og_type":"article","og_title":"Ach\u00e8te Demon Slayer - Kimetsu no Yaiba - Volume 2","og_description":"Ach\u00e8te Demon Slayer - Kimetsu no Yaiba - Volume 2 en ligne maintenant \u00e0 petit prix! Ton #1 shop pour cartes TCG & Pok\u00e9mon en Suisse \u2713 Livraison gratuite d\u00e8s CHF 29","og_url":"https:\/\/theuncommonshop.ch\/fr\/product\/demon-slayer-kimetsu-no-yaiba-volume-2\/","og_site_name":"The Uncommon Shop","og_image":[{"width":1334,"height":2000,"url":"https:\/\/theuncommonshop.ch\/wp-content\/uploads\/2026\/05\/DemnonSlayerBand2.jpeg","type":"image\/jpeg"}],"twitter_card":"summary_large_image","twitter_misc":{"Prix":"&#67;&#72;&#70;&nbsp;14.95","Disponibilit\u00e9":"Rupture de stock"},"schema":{"@context":"https:\/\/schema.org","@graph":[{"@type":"WebPage","@id":"https:\/\/theuncommonshop.ch\/fr\/product\/demon-slayer-kimetsu-no-yaiba-volume-2\/","url":"https:\/\/theuncommonshop.ch\/fr\/product\/demon-slayer-kimetsu-no-yaiba-volume-2\/","name":"Ach\u00e8te Demon Slayer - Kimetsu no Yaiba - Volume 2","isPartOf":{"@id":"https:\/\/theuncommonshop.ch\/fr\/#website"},"primaryImageOfPage":{"@id":"https:\/\/theuncommonshop.ch\/fr\/product\/demon-slayer-kimetsu-no-yaiba-volume-2\/#primaryimage"},"image":{"@id":"https:\/\/theuncommonshop.ch\/fr\/product\/demon-slayer-kimetsu-no-yaiba-volume-2\/#primaryimage"},"thumbnailUrl":"https:\/\/theuncommonshop.ch\/wp-content\/uploads\/2026\/05\/DemnonSlayerBand2.jpeg","datePublished":"2026-05-02T14:38:57+00:00","description":"Ach\u00e8te Demon Slayer - Kimetsu no Yaiba - Volume 2 en ligne maintenant \u00e0 petit prix! Ton #1 shop pour cartes TCG & Pok\u00e9mon en Suisse \u2713 Livraison gratuite d\u00e8s CHF 29","breadcrumb":{"@id":"https:\/\/theuncommonshop.ch\/fr\/product\/demon-slayer-kimetsu-no-yaiba-volume-2\/#breadcrumb"},"inLanguage":"fr-FR","potentialAction":[{"@type":"ReadAction","target":["https:\/\/theuncommonshop.ch\/fr\/product\/demon-slayer-kimetsu-no-yaiba-volume-2\/"]}]},{"@type":"ImageObject","inLanguage":"fr-FR","@id":"https:\/\/theuncommonshop.ch\/fr\/product\/demon-slayer-kimetsu-no-yaiba-volume-2\/#primaryimage","url":"https:\/\/theuncommonshop.ch\/wp-content\/uploads\/2026\/05\/DemnonSlayerBand2.jpeg","contentUrl":"https:\/\/theuncommonshop.ch\/wp-content\/uploads\/2026\/05\/DemnonSlayerBand2.jpeg","width":1334,"height":2000,"caption":"DemnonSlayerTome2"},{"@type":"BreadcrumbList","@id":"https:\/\/theuncommonshop.ch\/fr\/product\/demon-slayer-kimetsu-no-yaiba-volume-2\/#breadcrumb","itemListElement":[{"@type":"ListItem","position":1,"name":"Accueil","item":"https:\/\/theuncommonshop.ch\/fr\/accueil\/"},{"@type":"ListItem","position":2,"name":"Boutique","item":"https:\/\/theuncommonshop.ch\/fr\/boutique\/"},{"@type":"ListItem","position":3,"name":"Demon Slayer &#8211; Kimetsu no Yaiba &#8211; Volume 2"}]},{"@type":"WebSite","@id":"https:\/\/theuncommonshop.ch\/fr\/#website","url":"https:\/\/theuncommonshop.ch\/fr\/","name":"The Uncommon Shop","description":"Magic, Pok\u00e9mon and Yu-gi-oh - The Uncommon Shop","potentialAction":[{"@type":"SearchAction","target":{"@type":"EntryPoint","urlTemplate":"https:\/\/theuncommonshop.ch\/fr\/?s={search_term_string}"},"query-input":{"@type":"PropertyValueSpecification","valueRequired":true,"valueName":"search_term_string"}}],"inLanguage":"fr-FR"}]},"product_price_amount":"14.95","product_price_currency":"CHF","og_availability":"out of stock","product_availability":"out of stock","product_retailer_item_id":"DemonSlayerMangaBand2","product_condition":"new"},"_links":{"self":[{"href":"https:\/\/theuncommonshop.ch\/fr\/wp-json\/wp\/v2\/product\/372533","targetHints":{"allow":["GET"]}}],"collection":[{"href":"https:\/\/theuncommonshop.ch\/fr\/wp-json\/wp\/v2\/product"}],"about":[{"href":"https:\/\/theuncommonshop.ch\/fr\/wp-json\/wp\/v2\/types\/product"}],"replies":[{"embeddable":true,"href":"https:\/\/theuncommonshop.ch\/fr\/wp-json\/wp\/v2\/comments?post=372533"}],"version-history":[{"count":0,"href":"https:\/\/theuncommonshop.ch\/fr\/wp-json\/wp\/v2\/product\/372533\/revisions"}],"wp:featuredmedia":[{"embeddable":true,"href":"https:\/\/theuncommonshop.ch\/fr\/wp-json\/wp\/v2\/media\/372529"}],"wp:attachment":[{"href":"https:\/\/theuncommonshop.ch\/fr\/wp-json\/wp\/v2\/media?parent=372533"}],"wp:term":[{"taxonomy":"product_brand","embeddable":true,"href":"https:\/\/theuncommonshop.ch\/fr\/wp-json\/wp\/v2\/product_brand?post=372533"},{"taxonomy":"product_cat","embeddable":true,"href":"https:\/\/theuncommonshop.ch\/fr\/wp-json\/wp\/v2\/product_cat?post=372533"},{"taxonomy":"product_tag","embeddable":true,"href":"https:\/\/theuncommonshop.ch\/fr\/wp-json\/wp\/v2\/product_tag?post=372533"}],"curies":[{"name":"wp","href":"https:\/\/api.w.org\/{rel}","templated":true}]}}