{"id":372523,"date":"2026-05-02T16:29:42","date_gmt":"2026-05-02T14:29:42","guid":{"rendered":"https:\/\/theuncommonshop.ch\/product\/demon-slayer-kimetsu-no-yaiba-volume-1\/"},"modified":"2026-05-02T16:29:42","modified_gmt":"2026-05-02T14:29:42","slug":"demon-slayer-kimetsu-no-yaiba-volume-1","status":"publish","type":"product","link":"https:\/\/theuncommonshop.ch\/fr\/product\/demon-slayer-kimetsu-no-yaiba-volume-1\/","title":{"rendered":"Demon Slayer &#8211; Kimetsu no Yaiba &#8211; Volume 1"},"content":{"rendered":"<p>La bataille entre les humains et les d\u00e9mons a commenc\u00e9 !<\/p>\n<p>Le Japon \u00e0 l&#8217;\u00e9poque de l&#8217;\u00e8re Taisho. Tanjiro Kamado gagne sa vie en vendant du charbon. Mais sa vie paisible prend un tournant brutal lorsqu&#8217;un d\u00e9mon attaque sa famille <em class=\"element-background-basic-colors marker\" data-color=\"04b\">et<\/em> la tue sauvagement. Seule la petite s\u0153ur de Tanjiro, Nezuko, survit, mais transform\u00e9e en d\u00e9mon, les humains en veulent \u00e0 sa vie. Pour sauver sa s\u0153ur et venger sa famille, Tanjiro se lance dans un dangereux voyage&#8230;    <\/p>\n<p>&#8211; Le nouveau best-seller des sh\u00f4nen japonais !<br \/>\n&#8211; Connu gr\u00e2ce au succ\u00e8s de l&#8217;Anime du m\u00eame nom !<\/p>\n","protected":false},"excerpt":{"rendered":"<p>La bataille entre les humains et les d\u00e9mons a commenc\u00e9 ! Le Japon \u00e0 l&#8217;\u00e9poque de l&#8217;\u00e8re Taisho. Tanjiro Kamado<\/p>\n","protected":false},"featured_media":372516,"comment_status":"open","ping_status":"closed","template":"","meta":{"_acf_changed":false},"product_brand":[12101,12100],"product_cat":[9899,9885],"product_tag":[],"class_list":{"0":"post-372523","1":"product","2":"type-product","3":"status-publish","4":"has-post-thumbnail","6":"product_brand-demon-slayer","7":"product_brand-manga-cult","8":"product_cat-demon-slayer-fr","9":"product_cat-manga","11":"first","12":"outofstock","13":"taxable","14":"shipping-taxable","15":"purchasable","16":"product-type-simple"},"acf":[],"yoast_head":"<!-- This site is optimized with the Yoast SEO plugin v27.5 - https:\/\/yoast.com\/product\/yoast-seo-wordpress\/ -->\n<title>Ach\u00e8te Demon Slayer - Kimetsu no Yaiba - Volume 1<\/title>\n<meta name=\"description\" content=\"Ach\u00e8te Demon Slayer - Kimetsu no Yaiba - Volume 1 en ligne maintenant \u00e0 petit prix! Ton #1 shop pour cartes TCG &amp; Pok\u00e9mon en Suisse \u2713 Livraison gratuite d\u00e8s CHF 29\" \/>\n<meta name=\"robots\" content=\"index, follow, max-snippet:-1, max-image-preview:large, max-video-preview:-1\" \/>\n<link rel=\"canonical\" href=\"https:\/\/theuncommonshop.ch\/fr\/product\/demon-slayer-kimetsu-no-yaiba-volume-1\/\" \/>\n<meta property=\"og:locale\" content=\"fr_FR\" \/>\n<meta property=\"og:type\" content=\"article\" \/>\n<meta property=\"og:title\" content=\"Ach\u00e8te Demon Slayer - Kimetsu no Yaiba - Volume 1\" \/>\n<meta property=\"og:description\" content=\"Ach\u00e8te Demon Slayer - Kimetsu no Yaiba - Volume 1 en ligne maintenant \u00e0 petit prix! Ton #1 shop pour cartes TCG &amp; Pok\u00e9mon en Suisse \u2713 Livraison gratuite d\u00e8s CHF 29\" \/>\n<meta property=\"og:url\" content=\"https:\/\/theuncommonshop.ch\/fr\/product\/demon-slayer-kimetsu-no-yaiba-volume-1\/\" \/>\n<meta property=\"og:site_name\" content=\"The Uncommon Shop\" \/>\n<meta property=\"og:image\" content=\"https:\/\/theuncommonshop.ch\/wp-content\/uploads\/2026\/05\/DemonSLayerBand1.jpeg\" \/>\n\t<meta property=\"og:image:width\" content=\"1343\" \/>\n\t<meta property=\"og:image:height\" content=\"2000\" \/>\n\t<meta property=\"og:image:type\" content=\"image\/jpeg\" \/>\n<meta name=\"twitter:card\" content=\"summary_large_image\" \/>\n<meta name=\"twitter:label1\" content=\"Prix\" \/>\n\t<meta name=\"twitter:data1\" content=\"&#067;&#072;&#070;&nbsp;14.95\" \/>\n\t<meta name=\"twitter:label2\" content=\"Disponibilit\u00e9\" \/>\n\t<meta name=\"twitter:data2\" content=\"Rupture de stock\" \/>\n<script type=\"application\/ld+json\" class=\"yoast-schema-graph\">{\"@context\":\"https:\\\/\\\/schema.org\",\"@graph\":[{\"@type\":\"WebPage\",\"@id\":\"https:\\\/\\\/theuncommonshop.ch\\\/fr\\\/product\\\/demon-slayer-kimetsu-no-yaiba-volume-1\\\/\",\"url\":\"https:\\\/\\\/theuncommonshop.ch\\\/fr\\\/product\\\/demon-slayer-kimetsu-no-yaiba-volume-1\\\/\",\"name\":\"Ach\u00e8te Demon Slayer - Kimetsu no Yaiba - Volume 1\",\"isPartOf\":{\"@id\":\"https:\\\/\\\/theuncommonshop.ch\\\/fr\\\/#website\"},\"primaryImageOfPage\":{\"@id\":\"https:\\\/\\\/theuncommonshop.ch\\\/fr\\\/product\\\/demon-slayer-kimetsu-no-yaiba-volume-1\\\/#primaryimage\"},\"image\":{\"@id\":\"https:\\\/\\\/theuncommonshop.ch\\\/fr\\\/product\\\/demon-slayer-kimetsu-no-yaiba-volume-1\\\/#primaryimage\"},\"thumbnailUrl\":\"https:\\\/\\\/theuncommonshop.ch\\\/wp-content\\\/uploads\\\/2026\\\/05\\\/DemonSLayerBand1.jpeg\",\"datePublished\":\"2026-05-02T14:29:42+00:00\",\"description\":\"Ach\u00e8te Demon Slayer - Kimetsu no Yaiba - Volume 1 en ligne maintenant \u00e0 petit prix! Ton #1 shop pour cartes TCG & Pok\u00e9mon en Suisse \u2713 Livraison gratuite d\u00e8s CHF 29\",\"breadcrumb\":{\"@id\":\"https:\\\/\\\/theuncommonshop.ch\\\/fr\\\/product\\\/demon-slayer-kimetsu-no-yaiba-volume-1\\\/#breadcrumb\"},\"inLanguage\":\"fr-FR\",\"potentialAction\":[{\"@type\":\"ReadAction\",\"target\":[\"https:\\\/\\\/theuncommonshop.ch\\\/fr\\\/product\\\/demon-slayer-kimetsu-no-yaiba-volume-1\\\/\"]}]},{\"@type\":\"ImageObject\",\"inLanguage\":\"fr-FR\",\"@id\":\"https:\\\/\\\/theuncommonshop.ch\\\/fr\\\/product\\\/demon-slayer-kimetsu-no-yaiba-volume-1\\\/#primaryimage\",\"url\":\"https:\\\/\\\/theuncommonshop.ch\\\/wp-content\\\/uploads\\\/2026\\\/05\\\/DemonSLayerBand1.jpeg\",\"contentUrl\":\"https:\\\/\\\/theuncommonshop.ch\\\/wp-content\\\/uploads\\\/2026\\\/05\\\/DemonSLayerBand1.jpeg\",\"width\":1343,\"height\":2000,\"caption\":\"DemonSLayerBand1\"},{\"@type\":\"BreadcrumbList\",\"@id\":\"https:\\\/\\\/theuncommonshop.ch\\\/fr\\\/product\\\/demon-slayer-kimetsu-no-yaiba-volume-1\\\/#breadcrumb\",\"itemListElement\":[{\"@type\":\"ListItem\",\"position\":1,\"name\":\"Accueil\",\"item\":\"https:\\\/\\\/theuncommonshop.ch\\\/fr\\\/accueil\\\/\"},{\"@type\":\"ListItem\",\"position\":2,\"name\":\"Boutique\",\"item\":\"https:\\\/\\\/theuncommonshop.ch\\\/fr\\\/boutique\\\/\"},{\"@type\":\"ListItem\",\"position\":3,\"name\":\"Demon Slayer &#8211; Kimetsu no Yaiba &#8211; Volume 1\"}]},{\"@type\":\"WebSite\",\"@id\":\"https:\\\/\\\/theuncommonshop.ch\\\/fr\\\/#website\",\"url\":\"https:\\\/\\\/theuncommonshop.ch\\\/fr\\\/\",\"name\":\"The Uncommon Shop\",\"description\":\"Magic, Pok\u00e9mon and Yu-gi-oh - The Uncommon Shop\",\"potentialAction\":[{\"@type\":\"SearchAction\",\"target\":{\"@type\":\"EntryPoint\",\"urlTemplate\":\"https:\\\/\\\/theuncommonshop.ch\\\/fr\\\/?s={search_term_string}\"},\"query-input\":{\"@type\":\"PropertyValueSpecification\",\"valueRequired\":true,\"valueName\":\"search_term_string\"}}],\"inLanguage\":\"fr-FR\"}]}<\/script>\n<meta property=\"product:price:amount\" content=\"14.95\" \/>\n<meta property=\"product:price:currency\" content=\"CHF\" \/>\n<meta property=\"og:availability\" content=\"out of stock\" \/>\n<meta property=\"product:availability\" content=\"out of stock\" \/>\n<meta property=\"product:retailer_item_id\" content=\"DemonSlayerMangaBand1\" \/>\n<meta property=\"product:condition\" content=\"new\" \/>\n<!-- \/ Yoast SEO plugin. -->","yoast_head_json":{"title":"Ach\u00e8te Demon Slayer - Kimetsu no Yaiba - Volume 1","description":"Ach\u00e8te Demon Slayer - Kimetsu no Yaiba - Volume 1 en ligne maintenant \u00e0 petit prix! Ton #1 shop pour cartes TCG & Pok\u00e9mon en Suisse \u2713 Livraison gratuite d\u00e8s CHF 29","robots":{"index":"index","follow":"follow","max-snippet":"max-snippet:-1","max-image-preview":"max-image-preview:large","max-video-preview":"max-video-preview:-1"},"canonical":"https:\/\/theuncommonshop.ch\/fr\/product\/demon-slayer-kimetsu-no-yaiba-volume-1\/","og_locale":"fr_FR","og_type":"article","og_title":"Ach\u00e8te Demon Slayer - Kimetsu no Yaiba - Volume 1","og_description":"Ach\u00e8te Demon Slayer - Kimetsu no Yaiba - Volume 1 en ligne maintenant \u00e0 petit prix! Ton #1 shop pour cartes TCG & Pok\u00e9mon en Suisse \u2713 Livraison gratuite d\u00e8s CHF 29","og_url":"https:\/\/theuncommonshop.ch\/fr\/product\/demon-slayer-kimetsu-no-yaiba-volume-1\/","og_site_name":"The Uncommon Shop","og_image":[{"width":1343,"height":2000,"url":"https:\/\/theuncommonshop.ch\/wp-content\/uploads\/2026\/05\/DemonSLayerBand1.jpeg","type":"image\/jpeg"}],"twitter_card":"summary_large_image","twitter_misc":{"Prix":"&#67;&#72;&#70;&nbsp;14.95","Disponibilit\u00e9":"Rupture de stock"},"schema":{"@context":"https:\/\/schema.org","@graph":[{"@type":"WebPage","@id":"https:\/\/theuncommonshop.ch\/fr\/product\/demon-slayer-kimetsu-no-yaiba-volume-1\/","url":"https:\/\/theuncommonshop.ch\/fr\/product\/demon-slayer-kimetsu-no-yaiba-volume-1\/","name":"Ach\u00e8te Demon Slayer - Kimetsu no Yaiba - Volume 1","isPartOf":{"@id":"https:\/\/theuncommonshop.ch\/fr\/#website"},"primaryImageOfPage":{"@id":"https:\/\/theuncommonshop.ch\/fr\/product\/demon-slayer-kimetsu-no-yaiba-volume-1\/#primaryimage"},"image":{"@id":"https:\/\/theuncommonshop.ch\/fr\/product\/demon-slayer-kimetsu-no-yaiba-volume-1\/#primaryimage"},"thumbnailUrl":"https:\/\/theuncommonshop.ch\/wp-content\/uploads\/2026\/05\/DemonSLayerBand1.jpeg","datePublished":"2026-05-02T14:29:42+00:00","description":"Ach\u00e8te Demon Slayer - Kimetsu no Yaiba - Volume 1 en ligne maintenant \u00e0 petit prix! Ton #1 shop pour cartes TCG & Pok\u00e9mon en Suisse \u2713 Livraison gratuite d\u00e8s CHF 29","breadcrumb":{"@id":"https:\/\/theuncommonshop.ch\/fr\/product\/demon-slayer-kimetsu-no-yaiba-volume-1\/#breadcrumb"},"inLanguage":"fr-FR","potentialAction":[{"@type":"ReadAction","target":["https:\/\/theuncommonshop.ch\/fr\/product\/demon-slayer-kimetsu-no-yaiba-volume-1\/"]}]},{"@type":"ImageObject","inLanguage":"fr-FR","@id":"https:\/\/theuncommonshop.ch\/fr\/product\/demon-slayer-kimetsu-no-yaiba-volume-1\/#primaryimage","url":"https:\/\/theuncommonshop.ch\/wp-content\/uploads\/2026\/05\/DemonSLayerBand1.jpeg","contentUrl":"https:\/\/theuncommonshop.ch\/wp-content\/uploads\/2026\/05\/DemonSLayerBand1.jpeg","width":1343,"height":2000,"caption":"DemonSLayerBand1"},{"@type":"BreadcrumbList","@id":"https:\/\/theuncommonshop.ch\/fr\/product\/demon-slayer-kimetsu-no-yaiba-volume-1\/#breadcrumb","itemListElement":[{"@type":"ListItem","position":1,"name":"Accueil","item":"https:\/\/theuncommonshop.ch\/fr\/accueil\/"},{"@type":"ListItem","position":2,"name":"Boutique","item":"https:\/\/theuncommonshop.ch\/fr\/boutique\/"},{"@type":"ListItem","position":3,"name":"Demon Slayer &#8211; Kimetsu no Yaiba &#8211; Volume 1"}]},{"@type":"WebSite","@id":"https:\/\/theuncommonshop.ch\/fr\/#website","url":"https:\/\/theuncommonshop.ch\/fr\/","name":"The Uncommon Shop","description":"Magic, Pok\u00e9mon and Yu-gi-oh - The Uncommon Shop","potentialAction":[{"@type":"SearchAction","target":{"@type":"EntryPoint","urlTemplate":"https:\/\/theuncommonshop.ch\/fr\/?s={search_term_string}"},"query-input":{"@type":"PropertyValueSpecification","valueRequired":true,"valueName":"search_term_string"}}],"inLanguage":"fr-FR"}]},"product_price_amount":"14.95","product_price_currency":"CHF","og_availability":"out of stock","product_availability":"out of stock","product_retailer_item_id":"DemonSlayerMangaBand1","product_condition":"new"},"_links":{"self":[{"href":"https:\/\/theuncommonshop.ch\/fr\/wp-json\/wp\/v2\/product\/372523","targetHints":{"allow":["GET"]}}],"collection":[{"href":"https:\/\/theuncommonshop.ch\/fr\/wp-json\/wp\/v2\/product"}],"about":[{"href":"https:\/\/theuncommonshop.ch\/fr\/wp-json\/wp\/v2\/types\/product"}],"replies":[{"embeddable":true,"href":"https:\/\/theuncommonshop.ch\/fr\/wp-json\/wp\/v2\/comments?post=372523"}],"version-history":[{"count":0,"href":"https:\/\/theuncommonshop.ch\/fr\/wp-json\/wp\/v2\/product\/372523\/revisions"}],"wp:featuredmedia":[{"embeddable":true,"href":"https:\/\/theuncommonshop.ch\/fr\/wp-json\/wp\/v2\/media\/372516"}],"wp:attachment":[{"href":"https:\/\/theuncommonshop.ch\/fr\/wp-json\/wp\/v2\/media?parent=372523"}],"wp:term":[{"taxonomy":"product_brand","embeddable":true,"href":"https:\/\/theuncommonshop.ch\/fr\/wp-json\/wp\/v2\/product_brand?post=372523"},{"taxonomy":"product_cat","embeddable":true,"href":"https:\/\/theuncommonshop.ch\/fr\/wp-json\/wp\/v2\/product_cat?post=372523"},{"taxonomy":"product_tag","embeddable":true,"href":"https:\/\/theuncommonshop.ch\/fr\/wp-json\/wp\/v2\/product_tag?post=372523"}],"curies":[{"name":"wp","href":"https:\/\/api.w.org\/{rel}","templated":true}]}}