{"id":371592,"date":"2026-04-28T01:14:56","date_gmt":"2026-04-27T23:14:56","guid":{"rendered":"https:\/\/theuncommonshop.ch\/product\/topps-chrome-deadpool-value-box\/"},"modified":"2026-04-28T01:14:56","modified_gmt":"2026-04-27T23:14:56","slug":"topps-chrome-deadpool-value-box","status":"publish","type":"product","link":"https:\/\/theuncommonshop.ch\/fr\/product\/topps-chrome-deadpool-value-box\/","title":{"rendered":"Topps Chrome &#8211; Deadpool &#8211; Value Box"},"content":{"rendered":"<p class=\"p3\">Topps lance Deadpool Chrome 2025, une collection exceptionnelle de Trading Cards qui c\u00e9l\u00e8bre l&#8217;histoire de la bande dessin\u00e9e et du cin\u00e9ma de Wade Wilson dans un format Chrome spectaculaire. Ce Fan Set combine des moments cultes de la bande dessin\u00e9e, des \u00e9l\u00e9ments d&#8217;artwork originaux et des sc\u00e8nes de films l\u00e9gendaires pour cr\u00e9er un produit aussi excitant pour les fans de Marvel que pour ceux de Deadpool. <\/p>\n<p class=\"p3\">Le set de base de 100 cartes pr\u00e9sente Deadpool sous toutes ses facettes les plus folles et est compl\u00e9t\u00e9 par de nombreux Chrome Parallels brillants. Ajoutez \u00e0 cela des hits Case rares, des cartes \u00e0 sketches, des \u0153uvres d&#8217;art originales et des autographes convoit\u00e9s de stars telles que Ryan Reynolds et Hugh Jackman, et vous obtenez une collection qui fera le bonheur des collectionneurs. <\/p>\n<p class=\"p3\">Le contenu de Topps Deadpool Chrome 2025 est \u00e9galement tr\u00e8s vari\u00e9. Des inserts comme <span class=\"s2\"><b>Comic Book Gold<\/b><\/span> et <span class=\"s2\"><b>Cover Stars<\/b><\/span>reprennent les racines de Deadpool dans les comics, tandis que des ensembles cr\u00e9atifs comme <span class=\"s2\"><b>Reflections<\/b><\/span> et <span class=\"s2\"><b>Topps Originals<\/b><\/span> ont un artwork particulier. Les fans de cin\u00e9ma peuvent \u00e9galement s&#8217;attendre \u00e0 des contenus d&#8217;inspiration cin\u00e9matographique tels que <span class=\"s2\"><b>Best Bubs<\/b><\/span> et <span class=\"s2\"><b>The Void Shadowbox<\/b><\/span> qui mettent en avant des moments inoubliables de Deadpool &amp; Wolverine.  <\/p>\n<p>Chaque bo\u00eete contient 7 Packs de 4 cartes. De plus, vous trouverez par bo\u00eete <span class=\"s2\"><b>2 Parall\u00e8les de cartes de base Mini Diamonds exclusifs<\/b><\/span>. <\/p>\n","protected":false},"excerpt":{"rendered":"<p>Topps lance Deadpool Chrome 2025, une collection exceptionnelle de Trading Cards qui c\u00e9l\u00e8bre l&#8217;histoire de la bande dessin\u00e9e et du<\/p>\n","protected":false},"featured_media":371552,"comment_status":"open","ping_status":"closed","template":"","meta":{"_acf_changed":false},"product_brand":[5178],"product_cat":[9785,9797,10325],"product_tag":[],"class_list":{"0":"post-371592","1":"product","2":"type-product","3":"status-publish","4":"has-post-thumbnail","6":"product_brand-topps-chrome","7":"product_cat-autres-cartes-a-collectionner","8":"product_cat-cartes-topps","9":"product_cat-cartes-topps-fantasy","11":"first","12":"instock","13":"taxable","14":"shipping-taxable","15":"purchasable","16":"product-type-simple"},"acf":[],"yoast_head":"<!-- This site is optimized with the Yoast SEO plugin v27.4 - https:\/\/yoast.com\/product\/yoast-seo-wordpress\/ -->\n<title>Ach\u00e8te Topps Chrome - Deadpool - Value Box<\/title>\n<meta name=\"description\" content=\"Ach\u00e8te Topps Chrome - Deadpool - Value Box en ligne maintenant \u00e0 petit prix! Ton #1 shop pour cartes TCG &amp; Pok\u00e9mon en Suisse \u2713 Livraison gratuite d\u00e8s CHF 29\" \/>\n<meta name=\"robots\" content=\"index, follow, max-snippet:-1, max-image-preview:large, max-video-preview:-1\" \/>\n<link rel=\"canonical\" href=\"https:\/\/theuncommonshop.ch\/fr\/product\/topps-chrome-deadpool-value-box\/\" \/>\n<meta property=\"og:locale\" content=\"fr_FR\" \/>\n<meta property=\"og:type\" content=\"article\" \/>\n<meta property=\"og:title\" content=\"Ach\u00e8te Topps Chrome - Deadpool - Value Box\" \/>\n<meta property=\"og:description\" content=\"Ach\u00e8te Topps Chrome - Deadpool - Value Box en ligne maintenant \u00e0 petit prix! Ton #1 shop pour cartes TCG &amp; Pok\u00e9mon en Suisse \u2713 Livraison gratuite d\u00e8s CHF 29\" \/>\n<meta property=\"og:url\" content=\"https:\/\/theuncommonshop.ch\/fr\/product\/topps-chrome-deadpool-value-box\/\" \/>\n<meta property=\"og:site_name\" content=\"The Uncommon Shop\" \/>\n<meta property=\"og:image\" content=\"https:\/\/theuncommonshop.ch\/wp-content\/uploads\/2026\/04\/Deadpool1.webp\" \/>\n\t<meta property=\"og:image:width\" content=\"750\" \/>\n\t<meta property=\"og:image:height\" content=\"1050\" \/>\n\t<meta property=\"og:image:type\" content=\"image\/webp\" \/>\n<meta name=\"twitter:card\" content=\"summary_large_image\" \/>\n<meta name=\"twitter:label1\" content=\"Prix\" \/>\n\t<meta name=\"twitter:data1\" content=\"&#067;&#072;&#070;&nbsp;44.95\" \/>\n\t<meta name=\"twitter:label2\" content=\"Disponibilit\u00e9\" \/>\n\t<meta name=\"twitter:data2\" content=\"En stock\" \/>\n<script type=\"application\/ld+json\" class=\"yoast-schema-graph\">{\"@context\":\"https:\\\/\\\/schema.org\",\"@graph\":[{\"@type\":\"WebPage\",\"@id\":\"https:\\\/\\\/theuncommonshop.ch\\\/fr\\\/product\\\/topps-chrome-deadpool-value-box\\\/\",\"url\":\"https:\\\/\\\/theuncommonshop.ch\\\/fr\\\/product\\\/topps-chrome-deadpool-value-box\\\/\",\"name\":\"Ach\u00e8te Topps Chrome - Deadpool - Value Box\",\"isPartOf\":{\"@id\":\"https:\\\/\\\/theuncommonshop.ch\\\/fr\\\/#website\"},\"primaryImageOfPage\":{\"@id\":\"https:\\\/\\\/theuncommonshop.ch\\\/fr\\\/product\\\/topps-chrome-deadpool-value-box\\\/#primaryimage\"},\"image\":{\"@id\":\"https:\\\/\\\/theuncommonshop.ch\\\/fr\\\/product\\\/topps-chrome-deadpool-value-box\\\/#primaryimage\"},\"thumbnailUrl\":\"https:\\\/\\\/theuncommonshop.ch\\\/wp-content\\\/uploads\\\/2026\\\/04\\\/Deadpool1.webp\",\"datePublished\":\"2026-04-27T23:14:56+00:00\",\"description\":\"Ach\u00e8te Topps Chrome - Deadpool - Value Box en ligne maintenant \u00e0 petit prix! Ton #1 shop pour cartes TCG & Pok\u00e9mon en Suisse \u2713 Livraison gratuite d\u00e8s CHF 29\",\"breadcrumb\":{\"@id\":\"https:\\\/\\\/theuncommonshop.ch\\\/fr\\\/product\\\/topps-chrome-deadpool-value-box\\\/#breadcrumb\"},\"inLanguage\":\"fr-FR\",\"potentialAction\":[{\"@type\":\"ReadAction\",\"target\":[\"https:\\\/\\\/theuncommonshop.ch\\\/fr\\\/product\\\/topps-chrome-deadpool-value-box\\\/\"]}]},{\"@type\":\"ImageObject\",\"inLanguage\":\"fr-FR\",\"@id\":\"https:\\\/\\\/theuncommonshop.ch\\\/fr\\\/product\\\/topps-chrome-deadpool-value-box\\\/#primaryimage\",\"url\":\"https:\\\/\\\/theuncommonshop.ch\\\/wp-content\\\/uploads\\\/2026\\\/04\\\/Deadpool1.webp\",\"contentUrl\":\"https:\\\/\\\/theuncommonshop.ch\\\/wp-content\\\/uploads\\\/2026\\\/04\\\/Deadpool1.webp\",\"width\":750,\"height\":1050,\"caption\":\"Deadpool1\"},{\"@type\":\"BreadcrumbList\",\"@id\":\"https:\\\/\\\/theuncommonshop.ch\\\/fr\\\/product\\\/topps-chrome-deadpool-value-box\\\/#breadcrumb\",\"itemListElement\":[{\"@type\":\"ListItem\",\"position\":1,\"name\":\"Accueil\",\"item\":\"https:\\\/\\\/theuncommonshop.ch\\\/fr\\\/accueil\\\/\"},{\"@type\":\"ListItem\",\"position\":2,\"name\":\"Boutique\",\"item\":\"https:\\\/\\\/theuncommonshop.ch\\\/fr\\\/boutique\\\/\"},{\"@type\":\"ListItem\",\"position\":3,\"name\":\"Topps Chrome &#8211; Deadpool &#8211; Value Box\"}]},{\"@type\":\"WebSite\",\"@id\":\"https:\\\/\\\/theuncommonshop.ch\\\/fr\\\/#website\",\"url\":\"https:\\\/\\\/theuncommonshop.ch\\\/fr\\\/\",\"name\":\"The Uncommon Shop\",\"description\":\"Magic, Pok\u00e9mon and Yu-gi-oh - The Uncommon Shop\",\"potentialAction\":[{\"@type\":\"SearchAction\",\"target\":{\"@type\":\"EntryPoint\",\"urlTemplate\":\"https:\\\/\\\/theuncommonshop.ch\\\/fr\\\/?s={search_term_string}\"},\"query-input\":{\"@type\":\"PropertyValueSpecification\",\"valueRequired\":true,\"valueName\":\"search_term_string\"}}],\"inLanguage\":\"fr-FR\"}]}<\/script>\n<meta property=\"product:price:amount\" content=\"44.95\" \/>\n<meta property=\"product:price:currency\" content=\"CHF\" \/>\n<meta property=\"og:availability\" content=\"instock\" \/>\n<meta property=\"product:availability\" content=\"instock\" \/>\n<meta property=\"product:retailer_item_id\" content=\"ToppsChromeDeadpoolValueBox.EN\" \/>\n<meta property=\"product:condition\" content=\"new\" \/>\n<!-- \/ Yoast SEO plugin. -->","yoast_head_json":{"title":"Ach\u00e8te Topps Chrome - Deadpool - Value Box","description":"Ach\u00e8te Topps Chrome - Deadpool - Value Box en ligne maintenant \u00e0 petit prix! Ton #1 shop pour cartes TCG & Pok\u00e9mon en Suisse \u2713 Livraison gratuite d\u00e8s CHF 29","robots":{"index":"index","follow":"follow","max-snippet":"max-snippet:-1","max-image-preview":"max-image-preview:large","max-video-preview":"max-video-preview:-1"},"canonical":"https:\/\/theuncommonshop.ch\/fr\/product\/topps-chrome-deadpool-value-box\/","og_locale":"fr_FR","og_type":"article","og_title":"Ach\u00e8te Topps Chrome - Deadpool - Value Box","og_description":"Ach\u00e8te Topps Chrome - Deadpool - Value Box en ligne maintenant \u00e0 petit prix! Ton #1 shop pour cartes TCG & Pok\u00e9mon en Suisse \u2713 Livraison gratuite d\u00e8s CHF 29","og_url":"https:\/\/theuncommonshop.ch\/fr\/product\/topps-chrome-deadpool-value-box\/","og_site_name":"The Uncommon Shop","og_image":[{"width":750,"height":1050,"url":"https:\/\/theuncommonshop.ch\/wp-content\/uploads\/2026\/04\/Deadpool1.webp","type":"image\/webp"}],"twitter_card":"summary_large_image","twitter_misc":{"Prix":"&#67;&#72;&#70;&nbsp;44.95","Disponibilit\u00e9":"En stock"},"schema":{"@context":"https:\/\/schema.org","@graph":[{"@type":"WebPage","@id":"https:\/\/theuncommonshop.ch\/fr\/product\/topps-chrome-deadpool-value-box\/","url":"https:\/\/theuncommonshop.ch\/fr\/product\/topps-chrome-deadpool-value-box\/","name":"Ach\u00e8te Topps Chrome - Deadpool - Value Box","isPartOf":{"@id":"https:\/\/theuncommonshop.ch\/fr\/#website"},"primaryImageOfPage":{"@id":"https:\/\/theuncommonshop.ch\/fr\/product\/topps-chrome-deadpool-value-box\/#primaryimage"},"image":{"@id":"https:\/\/theuncommonshop.ch\/fr\/product\/topps-chrome-deadpool-value-box\/#primaryimage"},"thumbnailUrl":"https:\/\/theuncommonshop.ch\/wp-content\/uploads\/2026\/04\/Deadpool1.webp","datePublished":"2026-04-27T23:14:56+00:00","description":"Ach\u00e8te Topps Chrome - Deadpool - Value Box en ligne maintenant \u00e0 petit prix! Ton #1 shop pour cartes TCG & Pok\u00e9mon en Suisse \u2713 Livraison gratuite d\u00e8s CHF 29","breadcrumb":{"@id":"https:\/\/theuncommonshop.ch\/fr\/product\/topps-chrome-deadpool-value-box\/#breadcrumb"},"inLanguage":"fr-FR","potentialAction":[{"@type":"ReadAction","target":["https:\/\/theuncommonshop.ch\/fr\/product\/topps-chrome-deadpool-value-box\/"]}]},{"@type":"ImageObject","inLanguage":"fr-FR","@id":"https:\/\/theuncommonshop.ch\/fr\/product\/topps-chrome-deadpool-value-box\/#primaryimage","url":"https:\/\/theuncommonshop.ch\/wp-content\/uploads\/2026\/04\/Deadpool1.webp","contentUrl":"https:\/\/theuncommonshop.ch\/wp-content\/uploads\/2026\/04\/Deadpool1.webp","width":750,"height":1050,"caption":"Deadpool1"},{"@type":"BreadcrumbList","@id":"https:\/\/theuncommonshop.ch\/fr\/product\/topps-chrome-deadpool-value-box\/#breadcrumb","itemListElement":[{"@type":"ListItem","position":1,"name":"Accueil","item":"https:\/\/theuncommonshop.ch\/fr\/accueil\/"},{"@type":"ListItem","position":2,"name":"Boutique","item":"https:\/\/theuncommonshop.ch\/fr\/boutique\/"},{"@type":"ListItem","position":3,"name":"Topps Chrome &#8211; Deadpool &#8211; Value Box"}]},{"@type":"WebSite","@id":"https:\/\/theuncommonshop.ch\/fr\/#website","url":"https:\/\/theuncommonshop.ch\/fr\/","name":"The Uncommon Shop","description":"Magic, Pok\u00e9mon and Yu-gi-oh - The Uncommon Shop","potentialAction":[{"@type":"SearchAction","target":{"@type":"EntryPoint","urlTemplate":"https:\/\/theuncommonshop.ch\/fr\/?s={search_term_string}"},"query-input":{"@type":"PropertyValueSpecification","valueRequired":true,"valueName":"search_term_string"}}],"inLanguage":"fr-FR"}]},"product_price_amount":"44.95","product_price_currency":"CHF","og_availability":"instock","product_availability":"instock","product_retailer_item_id":"ToppsChromeDeadpoolValueBox.EN","product_condition":"new"},"_links":{"self":[{"href":"https:\/\/theuncommonshop.ch\/fr\/wp-json\/wp\/v2\/product\/371592","targetHints":{"allow":["GET"]}}],"collection":[{"href":"https:\/\/theuncommonshop.ch\/fr\/wp-json\/wp\/v2\/product"}],"about":[{"href":"https:\/\/theuncommonshop.ch\/fr\/wp-json\/wp\/v2\/types\/product"}],"replies":[{"embeddable":true,"href":"https:\/\/theuncommonshop.ch\/fr\/wp-json\/wp\/v2\/comments?post=371592"}],"version-history":[{"count":0,"href":"https:\/\/theuncommonshop.ch\/fr\/wp-json\/wp\/v2\/product\/371592\/revisions"}],"wp:featuredmedia":[{"embeddable":true,"href":"https:\/\/theuncommonshop.ch\/fr\/wp-json\/wp\/v2\/media\/371552"}],"wp:attachment":[{"href":"https:\/\/theuncommonshop.ch\/fr\/wp-json\/wp\/v2\/media?parent=371592"}],"wp:term":[{"taxonomy":"product_brand","embeddable":true,"href":"https:\/\/theuncommonshop.ch\/fr\/wp-json\/wp\/v2\/product_brand?post=371592"},{"taxonomy":"product_cat","embeddable":true,"href":"https:\/\/theuncommonshop.ch\/fr\/wp-json\/wp\/v2\/product_cat?post=371592"},{"taxonomy":"product_tag","embeddable":true,"href":"https:\/\/theuncommonshop.ch\/fr\/wp-json\/wp\/v2\/product_tag?post=371592"}],"curies":[{"name":"wp","href":"https:\/\/api.w.org\/{rel}","templated":true}]}}