{"id":371547,"date":"2026-04-28T01:00:15","date_gmt":"2026-04-27T23:00:15","guid":{"rendered":"https:\/\/theuncommonshop.ch\/product\/topps-chrome-spongebob-squarepants-25th-anniversary-hobby-box\/"},"modified":"2026-04-28T01:00:15","modified_gmt":"2026-04-27T23:00:15","slug":"topps-chrome-spongebob-squarepants-25th-anniversary-hobby-box","status":"publish","type":"product","link":"https:\/\/theuncommonshop.ch\/fr\/product\/topps-chrome-spongebob-squarepants-25th-anniversary-hobby-box\/","title":{"rendered":"Topps Chrome &#8211; Spongebob SquarePants 25th Anniversary &#8211; Hobby Box"},"content":{"rendered":"<p>Pour la premi\u00e8re fois depuis 2009, les <span class=\"s2\"><b>Topps<\/b><\/span> et <span class=\"s2\"><b>Bob l&#8217;\u00c9ponge<\/b><\/span> s&#8217;associent \u00e0 nouveau pour c\u00e9l\u00e9brer le 25e anniversaire du plus populaire des petits h\u00e9ros carr\u00e9s, avec le tout nouveau <span class=\"s2\"><b>2025 Topps Chrome Spongebob SquarePants 25th Anniversary<\/b><\/span>!<\/p>\n<p>Construisez le jeu complet <span class=\"s2\"><b>Jeu de base de 200 cartes<\/b><\/span>Rempli de personnages l\u00e9gendaires, de lieux embl\u00e9matiques et de moments inoubliables de 25 ans de Bikini Bottom.<\/p>\n<p>Collectionnez une multitude d&#8217;inserts th\u00e9matiques color\u00e9s qui capturent l&#8217;humour et l&#8217;esprit inimitables de la s\u00e9rie. De plus, des Parall\u00e8les Chrome exclusifs vous attendent pour faire briller n&#8217;importe quelle collection. <\/p>\n<p><strong>Le clou du spectacle pour tous les fans :<\/strong> la chasse aux <span class=\"s2\"><b>cartes \u00e0 sketches rares<\/b><\/span> ainsi que <span class=\"s2\"><b>Autographes<\/b><\/span> des voix derri\u00e8re les personnages les plus l\u00e9gendaires de Bikini Bottom.<\/p>\n","protected":false},"excerpt":{"rendered":"<p>Pour la premi\u00e8re fois depuis 2009, les Topps et Bob l&#8217;\u00c9ponge s&#8217;associent \u00e0 nouveau pour c\u00e9l\u00e9brer le 25e anniversaire du<\/p>\n","protected":false},"featured_media":371507,"comment_status":"open","ping_status":"closed","template":"","meta":{"_acf_changed":false},"product_brand":[5178],"product_cat":[9785,9797,10325],"product_tag":[],"class_list":{"0":"post-371547","1":"product","2":"type-product","3":"status-publish","4":"has-post-thumbnail","6":"product_brand-topps-chrome","7":"product_cat-autres-cartes-a-collectionner","8":"product_cat-cartes-topps","9":"product_cat-cartes-topps-fantasy","11":"first","12":"instock","13":"taxable","14":"shipping-taxable","15":"purchasable","16":"product-type-simple"},"acf":[],"yoast_head":"<!-- This site is optimized with the Yoast SEO plugin v27.4 - https:\/\/yoast.com\/product\/yoast-seo-wordpress\/ -->\n<title>Ach\u00e8te Topps Chrome - Spongebob SquarePants 25th Anniversary - Hobby Box<\/title>\n<meta name=\"description\" content=\"Ach\u00e8te Topps Chrome - Spongebob SquarePants 25th Anniversary - Hobby Box en ligne maintenant \u00e0 petit prix! Ton #1 shop pour cartes TCG &amp; Pok\u00e9mon en Suisse \u2713 Livraison gratuite d\u00e8s CHF 29\" \/>\n<meta name=\"robots\" content=\"index, follow, max-snippet:-1, max-image-preview:large, max-video-preview:-1\" \/>\n<link rel=\"canonical\" href=\"https:\/\/theuncommonshop.ch\/fr\/product\/topps-chrome-spongebob-squarepants-25th-anniversary-hobby-box\/\" \/>\n<meta property=\"og:locale\" content=\"fr_FR\" \/>\n<meta property=\"og:type\" content=\"article\" \/>\n<meta property=\"og:title\" content=\"Ach\u00e8te Topps Chrome - Spongebob SquarePants 25th Anniversary - Hobby Box\" \/>\n<meta property=\"og:description\" content=\"Ach\u00e8te Topps Chrome - Spongebob SquarePants 25th Anniversary - Hobby Box en ligne maintenant \u00e0 petit prix! Ton #1 shop pour cartes TCG &amp; Pok\u00e9mon en Suisse \u2713 Livraison gratuite d\u00e8s CHF 29\" \/>\n<meta property=\"og:url\" content=\"https:\/\/theuncommonshop.ch\/fr\/product\/topps-chrome-spongebob-squarepants-25th-anniversary-hobby-box\/\" \/>\n<meta property=\"og:site_name\" content=\"The Uncommon Shop\" \/>\n<meta property=\"og:image\" content=\"https:\/\/theuncommonshop.ch\/wp-content\/uploads\/2026\/04\/Sponge1.webp\" \/>\n\t<meta property=\"og:image:width\" content=\"875\" \/>\n\t<meta property=\"og:image:height\" content=\"1225\" \/>\n\t<meta property=\"og:image:type\" content=\"image\/webp\" \/>\n<meta name=\"twitter:card\" content=\"summary_large_image\" \/>\n<meta name=\"twitter:label1\" content=\"Prix\" \/>\n\t<meta name=\"twitter:data1\" content=\"&#067;&#072;&#070;&nbsp;799.95\" \/>\n\t<meta name=\"twitter:label2\" content=\"Disponibilit\u00e9\" \/>\n\t<meta name=\"twitter:data2\" content=\"En stock\" \/>\n<script type=\"application\/ld+json\" class=\"yoast-schema-graph\">{\"@context\":\"https:\\\/\\\/schema.org\",\"@graph\":[{\"@type\":\"WebPage\",\"@id\":\"https:\\\/\\\/theuncommonshop.ch\\\/fr\\\/product\\\/topps-chrome-spongebob-squarepants-25th-anniversary-hobby-box\\\/\",\"url\":\"https:\\\/\\\/theuncommonshop.ch\\\/fr\\\/product\\\/topps-chrome-spongebob-squarepants-25th-anniversary-hobby-box\\\/\",\"name\":\"Ach\u00e8te Topps Chrome - Spongebob SquarePants 25th Anniversary - Hobby Box\",\"isPartOf\":{\"@id\":\"https:\\\/\\\/theuncommonshop.ch\\\/fr\\\/#website\"},\"primaryImageOfPage\":{\"@id\":\"https:\\\/\\\/theuncommonshop.ch\\\/fr\\\/product\\\/topps-chrome-spongebob-squarepants-25th-anniversary-hobby-box\\\/#primaryimage\"},\"image\":{\"@id\":\"https:\\\/\\\/theuncommonshop.ch\\\/fr\\\/product\\\/topps-chrome-spongebob-squarepants-25th-anniversary-hobby-box\\\/#primaryimage\"},\"thumbnailUrl\":\"https:\\\/\\\/theuncommonshop.ch\\\/wp-content\\\/uploads\\\/2026\\\/04\\\/Sponge1.webp\",\"datePublished\":\"2026-04-27T23:00:15+00:00\",\"description\":\"Ach\u00e8te Topps Chrome - Spongebob SquarePants 25th Anniversary - Hobby Box en ligne maintenant \u00e0 petit prix! Ton #1 shop pour cartes TCG & Pok\u00e9mon en Suisse \u2713 Livraison gratuite d\u00e8s CHF 29\",\"breadcrumb\":{\"@id\":\"https:\\\/\\\/theuncommonshop.ch\\\/fr\\\/product\\\/topps-chrome-spongebob-squarepants-25th-anniversary-hobby-box\\\/#breadcrumb\"},\"inLanguage\":\"fr-FR\",\"potentialAction\":[{\"@type\":\"ReadAction\",\"target\":[\"https:\\\/\\\/theuncommonshop.ch\\\/fr\\\/product\\\/topps-chrome-spongebob-squarepants-25th-anniversary-hobby-box\\\/\"]}]},{\"@type\":\"ImageObject\",\"inLanguage\":\"fr-FR\",\"@id\":\"https:\\\/\\\/theuncommonshop.ch\\\/fr\\\/product\\\/topps-chrome-spongebob-squarepants-25th-anniversary-hobby-box\\\/#primaryimage\",\"url\":\"https:\\\/\\\/theuncommonshop.ch\\\/wp-content\\\/uploads\\\/2026\\\/04\\\/Sponge1.webp\",\"contentUrl\":\"https:\\\/\\\/theuncommonshop.ch\\\/wp-content\\\/uploads\\\/2026\\\/04\\\/Sponge1.webp\",\"width\":875,\"height\":1225,\"caption\":\"\u00c9ponge1\"},{\"@type\":\"BreadcrumbList\",\"@id\":\"https:\\\/\\\/theuncommonshop.ch\\\/fr\\\/product\\\/topps-chrome-spongebob-squarepants-25th-anniversary-hobby-box\\\/#breadcrumb\",\"itemListElement\":[{\"@type\":\"ListItem\",\"position\":1,\"name\":\"Accueil\",\"item\":\"https:\\\/\\\/theuncommonshop.ch\\\/fr\\\/accueil\\\/\"},{\"@type\":\"ListItem\",\"position\":2,\"name\":\"Boutique\",\"item\":\"https:\\\/\\\/theuncommonshop.ch\\\/fr\\\/boutique\\\/\"},{\"@type\":\"ListItem\",\"position\":3,\"name\":\"Topps Chrome &#8211; Spongebob SquarePants 25th Anniversary &#8211; Hobby Box\"}]},{\"@type\":\"WebSite\",\"@id\":\"https:\\\/\\\/theuncommonshop.ch\\\/fr\\\/#website\",\"url\":\"https:\\\/\\\/theuncommonshop.ch\\\/fr\\\/\",\"name\":\"The Uncommon Shop\",\"description\":\"Magic, Pok\u00e9mon and Yu-gi-oh - The Uncommon Shop\",\"potentialAction\":[{\"@type\":\"SearchAction\",\"target\":{\"@type\":\"EntryPoint\",\"urlTemplate\":\"https:\\\/\\\/theuncommonshop.ch\\\/fr\\\/?s={search_term_string}\"},\"query-input\":{\"@type\":\"PropertyValueSpecification\",\"valueRequired\":true,\"valueName\":\"search_term_string\"}}],\"inLanguage\":\"fr-FR\"}]}<\/script>\n<meta property=\"product:price:amount\" content=\"799.95\" \/>\n<meta property=\"product:price:currency\" content=\"CHF\" \/>\n<meta property=\"og:availability\" content=\"instock\" \/>\n<meta property=\"product:availability\" content=\"instock\" \/>\n<meta property=\"product:retailer_item_id\" content=\"ToppsChromeSpongeBob25AnniversaryHobbyBox.EN\" \/>\n<meta property=\"product:condition\" content=\"new\" \/>\n<!-- \/ Yoast SEO plugin. -->","yoast_head_json":{"title":"Ach\u00e8te Topps Chrome - Spongebob SquarePants 25th Anniversary - Hobby Box","description":"Ach\u00e8te Topps Chrome - Spongebob SquarePants 25th Anniversary - Hobby Box en ligne maintenant \u00e0 petit prix! Ton #1 shop pour cartes TCG & Pok\u00e9mon en Suisse \u2713 Livraison gratuite d\u00e8s CHF 29","robots":{"index":"index","follow":"follow","max-snippet":"max-snippet:-1","max-image-preview":"max-image-preview:large","max-video-preview":"max-video-preview:-1"},"canonical":"https:\/\/theuncommonshop.ch\/fr\/product\/topps-chrome-spongebob-squarepants-25th-anniversary-hobby-box\/","og_locale":"fr_FR","og_type":"article","og_title":"Ach\u00e8te Topps Chrome - Spongebob SquarePants 25th Anniversary - Hobby Box","og_description":"Ach\u00e8te Topps Chrome - Spongebob SquarePants 25th Anniversary - Hobby Box en ligne maintenant \u00e0 petit prix! Ton #1 shop pour cartes TCG & Pok\u00e9mon en Suisse \u2713 Livraison gratuite d\u00e8s CHF 29","og_url":"https:\/\/theuncommonshop.ch\/fr\/product\/topps-chrome-spongebob-squarepants-25th-anniversary-hobby-box\/","og_site_name":"The Uncommon Shop","og_image":[{"width":875,"height":1225,"url":"https:\/\/theuncommonshop.ch\/wp-content\/uploads\/2026\/04\/Sponge1.webp","type":"image\/webp"}],"twitter_card":"summary_large_image","twitter_misc":{"Prix":"&#67;&#72;&#70;&nbsp;799.95","Disponibilit\u00e9":"En stock"},"schema":{"@context":"https:\/\/schema.org","@graph":[{"@type":"WebPage","@id":"https:\/\/theuncommonshop.ch\/fr\/product\/topps-chrome-spongebob-squarepants-25th-anniversary-hobby-box\/","url":"https:\/\/theuncommonshop.ch\/fr\/product\/topps-chrome-spongebob-squarepants-25th-anniversary-hobby-box\/","name":"Ach\u00e8te Topps Chrome - Spongebob SquarePants 25th Anniversary - Hobby Box","isPartOf":{"@id":"https:\/\/theuncommonshop.ch\/fr\/#website"},"primaryImageOfPage":{"@id":"https:\/\/theuncommonshop.ch\/fr\/product\/topps-chrome-spongebob-squarepants-25th-anniversary-hobby-box\/#primaryimage"},"image":{"@id":"https:\/\/theuncommonshop.ch\/fr\/product\/topps-chrome-spongebob-squarepants-25th-anniversary-hobby-box\/#primaryimage"},"thumbnailUrl":"https:\/\/theuncommonshop.ch\/wp-content\/uploads\/2026\/04\/Sponge1.webp","datePublished":"2026-04-27T23:00:15+00:00","description":"Ach\u00e8te Topps Chrome - Spongebob SquarePants 25th Anniversary - Hobby Box en ligne maintenant \u00e0 petit prix! Ton #1 shop pour cartes TCG & Pok\u00e9mon en Suisse \u2713 Livraison gratuite d\u00e8s CHF 29","breadcrumb":{"@id":"https:\/\/theuncommonshop.ch\/fr\/product\/topps-chrome-spongebob-squarepants-25th-anniversary-hobby-box\/#breadcrumb"},"inLanguage":"fr-FR","potentialAction":[{"@type":"ReadAction","target":["https:\/\/theuncommonshop.ch\/fr\/product\/topps-chrome-spongebob-squarepants-25th-anniversary-hobby-box\/"]}]},{"@type":"ImageObject","inLanguage":"fr-FR","@id":"https:\/\/theuncommonshop.ch\/fr\/product\/topps-chrome-spongebob-squarepants-25th-anniversary-hobby-box\/#primaryimage","url":"https:\/\/theuncommonshop.ch\/wp-content\/uploads\/2026\/04\/Sponge1.webp","contentUrl":"https:\/\/theuncommonshop.ch\/wp-content\/uploads\/2026\/04\/Sponge1.webp","width":875,"height":1225,"caption":"\u00c9ponge1"},{"@type":"BreadcrumbList","@id":"https:\/\/theuncommonshop.ch\/fr\/product\/topps-chrome-spongebob-squarepants-25th-anniversary-hobby-box\/#breadcrumb","itemListElement":[{"@type":"ListItem","position":1,"name":"Accueil","item":"https:\/\/theuncommonshop.ch\/fr\/accueil\/"},{"@type":"ListItem","position":2,"name":"Boutique","item":"https:\/\/theuncommonshop.ch\/fr\/boutique\/"},{"@type":"ListItem","position":3,"name":"Topps Chrome &#8211; Spongebob SquarePants 25th Anniversary &#8211; Hobby Box"}]},{"@type":"WebSite","@id":"https:\/\/theuncommonshop.ch\/fr\/#website","url":"https:\/\/theuncommonshop.ch\/fr\/","name":"The Uncommon Shop","description":"Magic, Pok\u00e9mon and Yu-gi-oh - The Uncommon Shop","potentialAction":[{"@type":"SearchAction","target":{"@type":"EntryPoint","urlTemplate":"https:\/\/theuncommonshop.ch\/fr\/?s={search_term_string}"},"query-input":{"@type":"PropertyValueSpecification","valueRequired":true,"valueName":"search_term_string"}}],"inLanguage":"fr-FR"}]},"product_price_amount":"799.95","product_price_currency":"CHF","og_availability":"instock","product_availability":"instock","product_retailer_item_id":"ToppsChromeSpongeBob25AnniversaryHobbyBox.EN","product_condition":"new"},"_links":{"self":[{"href":"https:\/\/theuncommonshop.ch\/fr\/wp-json\/wp\/v2\/product\/371547","targetHints":{"allow":["GET"]}}],"collection":[{"href":"https:\/\/theuncommonshop.ch\/fr\/wp-json\/wp\/v2\/product"}],"about":[{"href":"https:\/\/theuncommonshop.ch\/fr\/wp-json\/wp\/v2\/types\/product"}],"replies":[{"embeddable":true,"href":"https:\/\/theuncommonshop.ch\/fr\/wp-json\/wp\/v2\/comments?post=371547"}],"version-history":[{"count":0,"href":"https:\/\/theuncommonshop.ch\/fr\/wp-json\/wp\/v2\/product\/371547\/revisions"}],"wp:featuredmedia":[{"embeddable":true,"href":"https:\/\/theuncommonshop.ch\/fr\/wp-json\/wp\/v2\/media\/371507"}],"wp:attachment":[{"href":"https:\/\/theuncommonshop.ch\/fr\/wp-json\/wp\/v2\/media?parent=371547"}],"wp:term":[{"taxonomy":"product_brand","embeddable":true,"href":"https:\/\/theuncommonshop.ch\/fr\/wp-json\/wp\/v2\/product_brand?post=371547"},{"taxonomy":"product_cat","embeddable":true,"href":"https:\/\/theuncommonshop.ch\/fr\/wp-json\/wp\/v2\/product_cat?post=371547"},{"taxonomy":"product_tag","embeddable":true,"href":"https:\/\/theuncommonshop.ch\/fr\/wp-json\/wp\/v2\/product_tag?post=371547"}],"curies":[{"name":"wp","href":"https:\/\/api.w.org\/{rel}","templated":true}]}}