{"id":371494,"date":"2026-04-28T00:40:16","date_gmt":"2026-04-27T22:40:16","guid":{"rendered":"https:\/\/theuncommonshop.ch\/product\/pokemon-xy-steam-siege-xy11-booster-display\/"},"modified":"2026-04-28T00:40:16","modified_gmt":"2026-04-27T22:40:16","slug":"pokemon-xy-steam-siege-xy11-booster-display","status":"publish","type":"product","link":"https:\/\/theuncommonshop.ch\/fr\/product\/pokemon-xy-steam-siege-xy11-booster-display\/","title":{"rendered":"Pok\u00e9mon &#8211; XY &#8211; Steam Siege (XY11) &#8211; Booster Display"},"content":{"rendered":"<p>Le onzi\u00e8me set principal de l&#8217;\u00e8re XY se distingue par le retour des Pok\u00e9mon &#8220;dual-type&#8221; (cartes \u00e0 deux types d&#8217;\u00e9l\u00e9ments) et par le conflit entre le Pok\u00e9mon Vapeur Myst\u00e9rieux Volcanion et un M\u00e9ga-Guardevoir \u00e9blouissant. Les \u00e9volutions &#8220;TURBO&#8221; (BREAK) jouent \u00e9galement un r\u00f4le important dans ce set. <\/p>\n<p><b data-path-to-node=\"12\" data-index-in-node=\"0\">Les points forts de l&#8217;extension en un coup d&#8217;\u0153il :<\/b><\/p>\n<ul>\n<li data-path-to-node=\"13,0,0\"><b data-path-to-node=\"13,0,0\" data-index-in-node=\"0\">Le retour des Pok\u00e9mon \u00e0 double type :<\/b> profitez de synergies in\u00e9dites ! Les Pok\u00e9mon de deux types \u00e0 la fois (comme Volcanion ou Caesurio) ouvrent la voie \u00e0 de nouvelles strat\u00e9gies puissantes dans la construction de decks. <\/li>\n<li data-path-to-node=\"13,1,0\"><b data-path-to-node=\"13,1,0\" data-index-in-node=\"0\">Puissantes \u00e9volutions TURBO (BREAK) :<\/b> d\u00e9couvrez de puissantes am\u00e9liorations pour des l\u00e9gendes absolues ! Dans le set, 7 nouveaux Pok\u00e9mon TURBO vous attendent, dont les imposants g\u00e9ants de combat <b data-path-to-node=\"13,1,0\" data-index-in-node=\"174\">Xerneas-TURBO<\/b> et <b data-path-to-node=\"13,1,0\" data-index-in-node=\"192\">Yveltal-TURBO<\/b>. <\/li>\n<li data-path-to-node=\"13,2,0\"><b data-path-to-node=\"13,2,0\" data-index-in-node=\"0\">Des objets de collection \u00e9tincelants :<\/b> Chassez les Secret Rares, les cartes de dresseur Full Art (comme le tr\u00e8s convoit\u00e9 Pok\u00e9mon Ranger) ou ajoutez \u00e0 votre collection les 6 tout nouveaux Pok\u00e9mon-EX du coffret.<\/li>\n<\/ul>\n<p><b data-path-to-node=\"5\" data-index-in-node=\"0\">Contenu du Booster Display :<\/b><\/p>\n<ul>\n<li><b data-path-to-node=\"6,0,0\" data-index-in-node=\"0\">36 boosters<\/b> de l&#8217;extension <i data-path-to-node=\"6,0,0\" data-index-in-node=\"50\">XY &#8211; Steam Siege<\/i><b data-path-to-node=\"6,0,0\" data-index-in-node=\"0\">dans leur emballage d&#8217;origine<\/b> <i data-path-to-node=\"6,0,0\" data-index-in-node=\"50\">.<\/i><\/li>\n<li><b data-path-to-node=\"6,1,0\" data-index-in-node=\"0\">10 cartes par Booster<\/b>, dont 1 carte rare (Rare ou sup\u00e9rieure) et 1 carte Reverse Holo garanties.<\/li>\n<li><b data-path-to-node=\"6,2,0\" data-index-in-node=\"0\">1 carte de code<\/b> par Pack pour le Pok\u00e9mon num\u00e9rique TCG Online \/ Live<\/li>\n<li><strong>Prix incluant l&#8217;Acryl Case !<\/strong><\/li>\n<\/ul>\n","protected":false},"excerpt":{"rendered":"<p>Le onzi\u00e8me set principal de l&#8217;\u00e8re XY se distingue par le retour des Pok\u00e9mon &#8220;dual-type&#8221; (cartes \u00e0 deux types d&#8217;\u00e9l\u00e9ments)<\/p>\n","protected":false},"featured_media":371488,"comment_status":"open","ping_status":"closed","template":"","meta":{"_acf_changed":false},"product_brand":[5114,5072],"product_cat":[9805,10053,9823,9777,9821,10077],"product_tag":[],"class_list":{"0":"post-371494","1":"product","2":"type-product","3":"status-publish","4":"has-post-thumbnail","6":"product_brand-pokemon","7":"product_brand-the-pokemon-company","8":"product_cat-booster-displays-pokemon-fr","9":"product_cat-booster-displays-international-fr","10":"product_cat-investissements","11":"product_cat-pokemon-fr","12":"product_cat-produits-par-lots","13":"product_cat-xy-et-plus","15":"first","16":"instock","17":"taxable","18":"shipping-taxable","19":"purchasable","20":"product-type-variable"},"acf":[],"yoast_head":"<!-- This site is optimized with the Yoast SEO plugin v27.4 - https:\/\/yoast.com\/product\/yoast-seo-wordpress\/ -->\n<title>Ach\u00e8te Pok\u00e9mon - XY - Steam Siege (XY11) - Booster Display<\/title>\n<meta name=\"description\" content=\"Ach\u00e8te Pok\u00e9mon - XY - Steam Siege (XY11) - Booster Display en ligne maintenant \u00e0 petit prix! Ton #1 shop pour cartes TCG &amp; Pok\u00e9mon en Suisse \u2713 Livraison gratuite d\u00e8s CHF 29\" \/>\n<meta name=\"robots\" content=\"index, follow, max-snippet:-1, max-image-preview:large, max-video-preview:-1\" \/>\n<link rel=\"canonical\" href=\"https:\/\/theuncommonshop.ch\/fr\/product\/pokemon-xy-steam-siege-xy11-booster-display\/\" \/>\n<meta property=\"og:locale\" content=\"fr_FR\" \/>\n<meta property=\"og:type\" content=\"article\" \/>\n<meta property=\"og:title\" content=\"Ach\u00e8te Pok\u00e9mon - XY - Steam Siege (XY11) - Booster Display\" \/>\n<meta property=\"og:description\" content=\"Ach\u00e8te Pok\u00e9mon - XY - Steam Siege (XY11) - Booster Display en ligne maintenant \u00e0 petit prix! Ton #1 shop pour cartes TCG &amp; Pok\u00e9mon en Suisse \u2713 Livraison gratuite d\u00e8s CHF 29\" \/>\n<meta property=\"og:url\" content=\"https:\/\/theuncommonshop.ch\/fr\/product\/pokemon-xy-steam-siege-xy11-booster-display\/\" \/>\n<meta property=\"og:site_name\" content=\"The Uncommon Shop\" \/>\n<meta name=\"twitter:card\" content=\"summary_large_image\" \/>\n<meta name=\"twitter:label1\" content=\"Disponibilit\u00e9\" \/>\n\t<meta name=\"twitter:data1\" content=\"En stock\" \/>\n<script type=\"application\/ld+json\" class=\"yoast-schema-graph\">{\"@context\":\"https:\\\/\\\/schema.org\",\"@graph\":[{\"@type\":\"WebPage\",\"@id\":\"https:\\\/\\\/theuncommonshop.ch\\\/fr\\\/product\\\/pokemon-xy-steam-siege-xy11-booster-display\\\/\",\"url\":\"https:\\\/\\\/theuncommonshop.ch\\\/fr\\\/product\\\/pokemon-xy-steam-siege-xy11-booster-display\\\/\",\"name\":\"Ach\u00e8te Pok\u00e9mon - XY - Steam Siege (XY11) - Booster Display\",\"isPartOf\":{\"@id\":\"https:\\\/\\\/theuncommonshop.ch\\\/fr\\\/#website\"},\"primaryImageOfPage\":{\"@id\":\"https:\\\/\\\/theuncommonshop.ch\\\/fr\\\/product\\\/pokemon-xy-steam-siege-xy11-booster-display\\\/#primaryimage\"},\"image\":{\"@id\":\"https:\\\/\\\/theuncommonshop.ch\\\/fr\\\/product\\\/pokemon-xy-steam-siege-xy11-booster-display\\\/#primaryimage\"},\"thumbnailUrl\":\"https:\\\/\\\/theuncommonshop.ch\\\/wp-content\\\/uploads\\\/2026\\\/04\\\/pok-mon-xy-steam-siege-booster-display-1_1920x1920.avif\",\"datePublished\":\"2026-04-27T22:40:16+00:00\",\"description\":\"Ach\u00e8te Pok\u00e9mon - XY - Steam Siege (XY11) - Booster Display en ligne maintenant \u00e0 petit prix! Ton #1 shop pour cartes TCG & Pok\u00e9mon en Suisse \u2713 Livraison gratuite d\u00e8s CHF 29\",\"breadcrumb\":{\"@id\":\"https:\\\/\\\/theuncommonshop.ch\\\/fr\\\/product\\\/pokemon-xy-steam-siege-xy11-booster-display\\\/#breadcrumb\"},\"inLanguage\":\"fr-FR\",\"potentialAction\":[{\"@type\":\"ReadAction\",\"target\":[\"https:\\\/\\\/theuncommonshop.ch\\\/fr\\\/product\\\/pokemon-xy-steam-siege-xy11-booster-display\\\/\"]}]},{\"@type\":\"ImageObject\",\"inLanguage\":\"fr-FR\",\"@id\":\"https:\\\/\\\/theuncommonshop.ch\\\/fr\\\/product\\\/pokemon-xy-steam-siege-xy11-booster-display\\\/#primaryimage\",\"url\":\"https:\\\/\\\/theuncommonshop.ch\\\/wp-content\\\/uploads\\\/2026\\\/04\\\/pok-mon-xy-steam-siege-booster-display-1_1920x1920.avif\",\"contentUrl\":\"https:\\\/\\\/theuncommonshop.ch\\\/wp-content\\\/uploads\\\/2026\\\/04\\\/pok-mon-xy-steam-siege-booster-display-1_1920x1920.avif\",\"width\":1180,\"height\":1500,\"caption\":\"pok mon xy steam siege booster display 1 1920x1920\"},{\"@type\":\"BreadcrumbList\",\"@id\":\"https:\\\/\\\/theuncommonshop.ch\\\/fr\\\/product\\\/pokemon-xy-steam-siege-xy11-booster-display\\\/#breadcrumb\",\"itemListElement\":[{\"@type\":\"ListItem\",\"position\":1,\"name\":\"Accueil\",\"item\":\"https:\\\/\\\/theuncommonshop.ch\\\/fr\\\/accueil\\\/\"},{\"@type\":\"ListItem\",\"position\":2,\"name\":\"Boutique\",\"item\":\"https:\\\/\\\/theuncommonshop.ch\\\/fr\\\/boutique\\\/\"},{\"@type\":\"ListItem\",\"position\":3,\"name\":\"Pok\u00e9mon &#8211; XY &#8211; Steam Siege (XY11) &#8211; Booster Display\"}]},{\"@type\":\"WebSite\",\"@id\":\"https:\\\/\\\/theuncommonshop.ch\\\/fr\\\/#website\",\"url\":\"https:\\\/\\\/theuncommonshop.ch\\\/fr\\\/\",\"name\":\"The Uncommon Shop\",\"description\":\"Magic, Pok\u00e9mon and Yu-gi-oh - The Uncommon Shop\",\"potentialAction\":[{\"@type\":\"SearchAction\",\"target\":{\"@type\":\"EntryPoint\",\"urlTemplate\":\"https:\\\/\\\/theuncommonshop.ch\\\/fr\\\/?s={search_term_string}\"},\"query-input\":{\"@type\":\"PropertyValueSpecification\",\"valueRequired\":true,\"valueName\":\"search_term_string\"}}],\"inLanguage\":\"fr-FR\"}]}<\/script>\n<meta property=\"og:availability\" content=\"instock\" \/>\n<meta property=\"product:availability\" content=\"instock\" \/>\n<meta property=\"product:condition\" content=\"new\" \/>\n<!-- \/ Yoast SEO plugin. -->","yoast_head_json":{"title":"Ach\u00e8te Pok\u00e9mon - XY - Steam Siege (XY11) - Booster Display","description":"Ach\u00e8te Pok\u00e9mon - XY - Steam Siege (XY11) - Booster Display en ligne maintenant \u00e0 petit prix! Ton #1 shop pour cartes TCG & Pok\u00e9mon en Suisse \u2713 Livraison gratuite d\u00e8s CHF 29","robots":{"index":"index","follow":"follow","max-snippet":"max-snippet:-1","max-image-preview":"max-image-preview:large","max-video-preview":"max-video-preview:-1"},"canonical":"https:\/\/theuncommonshop.ch\/fr\/product\/pokemon-xy-steam-siege-xy11-booster-display\/","og_locale":"fr_FR","og_type":"article","og_title":"Ach\u00e8te Pok\u00e9mon - XY - Steam Siege (XY11) - Booster Display","og_description":"Ach\u00e8te Pok\u00e9mon - XY - Steam Siege (XY11) - Booster Display en ligne maintenant \u00e0 petit prix! Ton #1 shop pour cartes TCG & Pok\u00e9mon en Suisse \u2713 Livraison gratuite d\u00e8s CHF 29","og_url":"https:\/\/theuncommonshop.ch\/fr\/product\/pokemon-xy-steam-siege-xy11-booster-display\/","og_site_name":"The Uncommon Shop","twitter_card":"summary_large_image","twitter_misc":{"Disponibilit\u00e9":"En stock"},"schema":{"@context":"https:\/\/schema.org","@graph":[{"@type":"WebPage","@id":"https:\/\/theuncommonshop.ch\/fr\/product\/pokemon-xy-steam-siege-xy11-booster-display\/","url":"https:\/\/theuncommonshop.ch\/fr\/product\/pokemon-xy-steam-siege-xy11-booster-display\/","name":"Ach\u00e8te Pok\u00e9mon - XY - Steam Siege (XY11) - Booster Display","isPartOf":{"@id":"https:\/\/theuncommonshop.ch\/fr\/#website"},"primaryImageOfPage":{"@id":"https:\/\/theuncommonshop.ch\/fr\/product\/pokemon-xy-steam-siege-xy11-booster-display\/#primaryimage"},"image":{"@id":"https:\/\/theuncommonshop.ch\/fr\/product\/pokemon-xy-steam-siege-xy11-booster-display\/#primaryimage"},"thumbnailUrl":"https:\/\/theuncommonshop.ch\/wp-content\/uploads\/2026\/04\/pok-mon-xy-steam-siege-booster-display-1_1920x1920.avif","datePublished":"2026-04-27T22:40:16+00:00","description":"Ach\u00e8te Pok\u00e9mon - XY - Steam Siege (XY11) - Booster Display en ligne maintenant \u00e0 petit prix! Ton #1 shop pour cartes TCG & Pok\u00e9mon en Suisse \u2713 Livraison gratuite d\u00e8s CHF 29","breadcrumb":{"@id":"https:\/\/theuncommonshop.ch\/fr\/product\/pokemon-xy-steam-siege-xy11-booster-display\/#breadcrumb"},"inLanguage":"fr-FR","potentialAction":[{"@type":"ReadAction","target":["https:\/\/theuncommonshop.ch\/fr\/product\/pokemon-xy-steam-siege-xy11-booster-display\/"]}]},{"@type":"ImageObject","inLanguage":"fr-FR","@id":"https:\/\/theuncommonshop.ch\/fr\/product\/pokemon-xy-steam-siege-xy11-booster-display\/#primaryimage","url":"https:\/\/theuncommonshop.ch\/wp-content\/uploads\/2026\/04\/pok-mon-xy-steam-siege-booster-display-1_1920x1920.avif","contentUrl":"https:\/\/theuncommonshop.ch\/wp-content\/uploads\/2026\/04\/pok-mon-xy-steam-siege-booster-display-1_1920x1920.avif","width":1180,"height":1500,"caption":"pok mon xy steam siege booster display 1 1920x1920"},{"@type":"BreadcrumbList","@id":"https:\/\/theuncommonshop.ch\/fr\/product\/pokemon-xy-steam-siege-xy11-booster-display\/#breadcrumb","itemListElement":[{"@type":"ListItem","position":1,"name":"Accueil","item":"https:\/\/theuncommonshop.ch\/fr\/accueil\/"},{"@type":"ListItem","position":2,"name":"Boutique","item":"https:\/\/theuncommonshop.ch\/fr\/boutique\/"},{"@type":"ListItem","position":3,"name":"Pok\u00e9mon &#8211; XY &#8211; Steam Siege (XY11) &#8211; Booster Display"}]},{"@type":"WebSite","@id":"https:\/\/theuncommonshop.ch\/fr\/#website","url":"https:\/\/theuncommonshop.ch\/fr\/","name":"The Uncommon Shop","description":"Magic, Pok\u00e9mon and Yu-gi-oh - The Uncommon Shop","potentialAction":[{"@type":"SearchAction","target":{"@type":"EntryPoint","urlTemplate":"https:\/\/theuncommonshop.ch\/fr\/?s={search_term_string}"},"query-input":{"@type":"PropertyValueSpecification","valueRequired":true,"valueName":"search_term_string"}}],"inLanguage":"fr-FR"}]},"og_availability":"instock","product_availability":"instock","product_condition":"new"},"_links":{"self":[{"href":"https:\/\/theuncommonshop.ch\/fr\/wp-json\/wp\/v2\/product\/371494","targetHints":{"allow":["GET"]}}],"collection":[{"href":"https:\/\/theuncommonshop.ch\/fr\/wp-json\/wp\/v2\/product"}],"about":[{"href":"https:\/\/theuncommonshop.ch\/fr\/wp-json\/wp\/v2\/types\/product"}],"replies":[{"embeddable":true,"href":"https:\/\/theuncommonshop.ch\/fr\/wp-json\/wp\/v2\/comments?post=371494"}],"version-history":[{"count":0,"href":"https:\/\/theuncommonshop.ch\/fr\/wp-json\/wp\/v2\/product\/371494\/revisions"}],"wp:featuredmedia":[{"embeddable":true,"href":"https:\/\/theuncommonshop.ch\/fr\/wp-json\/wp\/v2\/media\/371488"}],"wp:attachment":[{"href":"https:\/\/theuncommonshop.ch\/fr\/wp-json\/wp\/v2\/media?parent=371494"}],"wp:term":[{"taxonomy":"product_brand","embeddable":true,"href":"https:\/\/theuncommonshop.ch\/fr\/wp-json\/wp\/v2\/product_brand?post=371494"},{"taxonomy":"product_cat","embeddable":true,"href":"https:\/\/theuncommonshop.ch\/fr\/wp-json\/wp\/v2\/product_cat?post=371494"},{"taxonomy":"product_tag","embeddable":true,"href":"https:\/\/theuncommonshop.ch\/fr\/wp-json\/wp\/v2\/product_tag?post=371494"}],"curies":[{"name":"wp","href":"https:\/\/api.w.org\/{rel}","templated":true}]}}