{"id":371477,"date":"2026-04-28T00:22:49","date_gmt":"2026-04-27T22:22:49","guid":{"rendered":"https:\/\/theuncommonshop.ch\/product\/pokemon-xy-primal-clash-xy05-booster-display\/"},"modified":"2026-04-28T00:22:49","modified_gmt":"2026-04-27T22:22:49","slug":"pokemon-xy-primal-clash-xy05-booster-display","status":"publish","type":"product","link":"https:\/\/theuncommonshop.ch\/fr\/product\/pokemon-xy-primal-clash-xy05-booster-display\/","title":{"rendered":"Pok\u00e9mon &#8211; XY &#8211; Primal Clash (XY05) &#8211; Booster Display"},"content":{"rendered":"<p>Le cinqui\u00e8me set principal de l&#8217;\u00e8re XY a provoqu\u00e9 un v\u00e9ritable bouleversement dans le monde Pok\u00e9mon : <i data-path-to-node=\"2\" data-index-in-node=\"89\">Primal Clash<\/i> a c\u00e9l\u00e9br\u00e9 la sortie des jeux vid\u00e9o <i data-path-to-node=\"2\" data-index-in-node=\"138\">Omega Rubis<\/i> et <i data-path-to-node=\"2\" data-index-in-node=\"154\">Alpha Saphir<\/i> et a introduit pour la premi\u00e8re fois le pouvoir ancestral des proto-\u00e9volutions dans le jeu de cartes \u00e0 collectionner.<\/p>\n<p data-path-to-node=\"12\"><b data-path-to-node=\"12\" data-index-in-node=\"0\">Les points forts de l&#8217;extension en un coup d&#8217;\u0153il :<\/b><\/p>\n<ul>\n<li data-path-to-node=\"13,0,0\"><b data-path-to-node=\"13,0,0\" data-index-in-node=\"0\">Proto-Evolutions &amp; M\u00e9ga-Pok\u00e9mon :<\/b> chassez les versions Full Art et Secret Rare extr\u00eamement convoit\u00e9es de Proto-Kyogre-EX et Proto-Groudon-EX, ainsi que de puissantes M\u00e9ga-Evolutions telles que <b data-path-to-node=\"13,0,0\" data-index-in-node=\"192\">M\u00e9ga-Guardevoir-EX<\/b> et <b data-path-to-node=\"13,0,0\" data-index-in-node=\"215\">M\u00e9ga-Stolloss-EX<\/b>.<\/li>\n<li data-path-to-node=\"13,1,0\"><b data-path-to-node=\"13,1,0\" data-index-in-node=\"0\">Le pouvoir des dons \u00e9ternels (Ancient Traits) :<\/b> Pour la toute premi\u00e8re fois, des Pok\u00e9mon dot\u00e9s de capacit\u00e9s sp\u00e9ciales et ancestrales apparaissent dans cette extension. Ces cartes se distinguent visuellement du reste gr\u00e2ce \u00e0 leur artwork unique et \u00e9tendu (Half-Art). <\/li>\n<li data-path-to-node=\"13,2,0\"><b data-path-to-node=\"13,2,0\" data-index-in-node=\"0\">Des Ultra Rares en masse :<\/b> avec plus de 12 nouveaux Pok\u00e9mon EX dans le set, les chances d&#8217;obtenir des tirages spectaculaires sont palpables \u00e0 chaque Pack !<\/li>\n<\/ul>\n<p><b data-path-to-node=\"5\" data-index-in-node=\"0\">Contenu du Booster Display :<\/b><\/p>\n<ul>\n<li><b data-path-to-node=\"6,0,0\" data-index-in-node=\"0\">36 boosters<\/b> de l&#8217;extension <i data-path-to-node=\"6,0,0\" data-index-in-node=\"50\">XY &#8211; Primal Clash<\/i><b data-path-to-node=\"6,0,0\" data-index-in-node=\"0\">dans leur emballage d&#8217;origine<\/b> <i data-path-to-node=\"6,0,0\" data-index-in-node=\"50\">.<\/i><\/li>\n<li><b data-path-to-node=\"6,1,0\" data-index-in-node=\"0\">10 cartes par Booster<\/b>, dont 1 carte rare (Rare ou sup\u00e9rieure) et 1 carte Reverse Holo garanties.<\/li>\n<li><b data-path-to-node=\"6,2,0\" data-index-in-node=\"0\">1 carte de code<\/b> par Pack pour le Pok\u00e9mon num\u00e9rique TCG Online \/ Live<\/li>\n<li><strong>Prix incluant l&#8217;Acryl Case !<\/strong><\/li>\n<\/ul>\n","protected":false},"excerpt":{"rendered":"<p>Le cinqui\u00e8me set principal de l&#8217;\u00e8re XY a provoqu\u00e9 un v\u00e9ritable bouleversement dans le monde Pok\u00e9mon : Primal Clash a<\/p>\n","protected":false},"featured_media":371483,"comment_status":"open","ping_status":"closed","template":"","meta":{"_acf_changed":false},"product_brand":[5114,5072],"product_cat":[10053,9805,9823,9777,10077],"product_tag":[],"class_list":{"0":"post-371477","1":"product","2":"type-product","3":"status-publish","4":"has-post-thumbnail","6":"product_brand-pokemon","7":"product_brand-the-pokemon-company","8":"product_cat-booster-displays-international-fr","9":"product_cat-booster-displays-pokemon-fr","10":"product_cat-investissements","11":"product_cat-pokemon-fr","12":"product_cat-xy-et-plus","14":"first","15":"instock","16":"taxable","17":"shipping-taxable","18":"purchasable","19":"product-type-variable"},"acf":[],"yoast_head":"<!-- This site is optimized with the Yoast SEO plugin v27.4 - https:\/\/yoast.com\/product\/yoast-seo-wordpress\/ -->\n<title>Ach\u00e8te Pok\u00e9mon - XY - Primal Clash (XY05) - Booster Display<\/title>\n<meta name=\"description\" content=\"Ach\u00e8te Pok\u00e9mon - XY - Primal Clash (XY05) - Booster Display en ligne maintenant \u00e0 petit prix! Ton #1 shop pour cartes TCG &amp; Pok\u00e9mon en Suisse \u2713 Livraison gratuite d\u00e8s CHF 29\" \/>\n<meta name=\"robots\" content=\"index, follow, max-snippet:-1, max-image-preview:large, max-video-preview:-1\" \/>\n<link rel=\"canonical\" href=\"https:\/\/theuncommonshop.ch\/fr\/product\/pokemon-xy-primal-clash-xy05-booster-display\/\" \/>\n<meta property=\"og:locale\" content=\"fr_FR\" \/>\n<meta property=\"og:type\" content=\"article\" \/>\n<meta property=\"og:title\" content=\"Ach\u00e8te Pok\u00e9mon - XY - Primal Clash (XY05) - Booster Display\" \/>\n<meta property=\"og:description\" content=\"Ach\u00e8te Pok\u00e9mon - XY - Primal Clash (XY05) - Booster Display en ligne maintenant \u00e0 petit prix! Ton #1 shop pour cartes TCG &amp; Pok\u00e9mon en Suisse \u2713 Livraison gratuite d\u00e8s CHF 29\" \/>\n<meta property=\"og:url\" content=\"https:\/\/theuncommonshop.ch\/fr\/product\/pokemon-xy-primal-clash-xy05-booster-display\/\" \/>\n<meta property=\"og:site_name\" content=\"The Uncommon Shop\" \/>\n<meta property=\"og:image\" content=\"https:\/\/theuncommonshop.ch\/wp-content\/uploads\/2026\/04\/primal_boosters_L1_75e4f50a-977d-4639-ab45-835ad5d7bbdd.jpg\" \/>\n\t<meta property=\"og:image:width\" content=\"600\" \/>\n\t<meta property=\"og:image:height\" content=\"900\" \/>\n\t<meta property=\"og:image:type\" content=\"image\/jpeg\" \/>\n<meta name=\"twitter:card\" content=\"summary_large_image\" \/>\n<meta name=\"twitter:label1\" content=\"Disponibilit\u00e9\" \/>\n\t<meta name=\"twitter:data1\" content=\"En stock\" \/>\n<script type=\"application\/ld+json\" class=\"yoast-schema-graph\">{\"@context\":\"https:\\\/\\\/schema.org\",\"@graph\":[{\"@type\":\"WebPage\",\"@id\":\"https:\\\/\\\/theuncommonshop.ch\\\/fr\\\/product\\\/pokemon-xy-primal-clash-xy05-booster-display\\\/\",\"url\":\"https:\\\/\\\/theuncommonshop.ch\\\/fr\\\/product\\\/pokemon-xy-primal-clash-xy05-booster-display\\\/\",\"name\":\"Ach\u00e8te Pok\u00e9mon - XY - Primal Clash (XY05) - Booster Display\",\"isPartOf\":{\"@id\":\"https:\\\/\\\/theuncommonshop.ch\\\/fr\\\/#website\"},\"primaryImageOfPage\":{\"@id\":\"https:\\\/\\\/theuncommonshop.ch\\\/fr\\\/product\\\/pokemon-xy-primal-clash-xy05-booster-display\\\/#primaryimage\"},\"image\":{\"@id\":\"https:\\\/\\\/theuncommonshop.ch\\\/fr\\\/product\\\/pokemon-xy-primal-clash-xy05-booster-display\\\/#primaryimage\"},\"thumbnailUrl\":\"https:\\\/\\\/theuncommonshop.ch\\\/wp-content\\\/uploads\\\/2026\\\/04\\\/PrimalClash.webp\",\"datePublished\":\"2026-04-27T22:22:49+00:00\",\"description\":\"Ach\u00e8te Pok\u00e9mon - XY - Primal Clash (XY05) - Booster Display en ligne maintenant \u00e0 petit prix! Ton #1 shop pour cartes TCG & Pok\u00e9mon en Suisse \u2713 Livraison gratuite d\u00e8s CHF 29\",\"breadcrumb\":{\"@id\":\"https:\\\/\\\/theuncommonshop.ch\\\/fr\\\/product\\\/pokemon-xy-primal-clash-xy05-booster-display\\\/#breadcrumb\"},\"inLanguage\":\"fr-FR\",\"potentialAction\":[{\"@type\":\"ReadAction\",\"target\":[\"https:\\\/\\\/theuncommonshop.ch\\\/fr\\\/product\\\/pokemon-xy-primal-clash-xy05-booster-display\\\/\"]}]},{\"@type\":\"ImageObject\",\"inLanguage\":\"fr-FR\",\"@id\":\"https:\\\/\\\/theuncommonshop.ch\\\/fr\\\/product\\\/pokemon-xy-primal-clash-xy05-booster-display\\\/#primaryimage\",\"url\":\"https:\\\/\\\/theuncommonshop.ch\\\/wp-content\\\/uploads\\\/2026\\\/04\\\/PrimalClash.webp\",\"contentUrl\":\"https:\\\/\\\/theuncommonshop.ch\\\/wp-content\\\/uploads\\\/2026\\\/04\\\/PrimalClash.webp\",\"width\":1400,\"height\":1400},{\"@type\":\"BreadcrumbList\",\"@id\":\"https:\\\/\\\/theuncommonshop.ch\\\/fr\\\/product\\\/pokemon-xy-primal-clash-xy05-booster-display\\\/#breadcrumb\",\"itemListElement\":[{\"@type\":\"ListItem\",\"position\":1,\"name\":\"Accueil\",\"item\":\"https:\\\/\\\/theuncommonshop.ch\\\/fr\\\/accueil\\\/\"},{\"@type\":\"ListItem\",\"position\":2,\"name\":\"Boutique\",\"item\":\"https:\\\/\\\/theuncommonshop.ch\\\/fr\\\/boutique\\\/\"},{\"@type\":\"ListItem\",\"position\":3,\"name\":\"Pok\u00e9mon &#8211; XY &#8211; Primal Clash (XY05) &#8211; Booster Display\"}]},{\"@type\":\"WebSite\",\"@id\":\"https:\\\/\\\/theuncommonshop.ch\\\/fr\\\/#website\",\"url\":\"https:\\\/\\\/theuncommonshop.ch\\\/fr\\\/\",\"name\":\"The Uncommon Shop\",\"description\":\"Magic, Pok\u00e9mon and Yu-gi-oh - The Uncommon Shop\",\"potentialAction\":[{\"@type\":\"SearchAction\",\"target\":{\"@type\":\"EntryPoint\",\"urlTemplate\":\"https:\\\/\\\/theuncommonshop.ch\\\/fr\\\/?s={search_term_string}\"},\"query-input\":{\"@type\":\"PropertyValueSpecification\",\"valueRequired\":true,\"valueName\":\"search_term_string\"}}],\"inLanguage\":\"fr-FR\"}]}<\/script>\n<meta property=\"og:availability\" content=\"instock\" \/>\n<meta property=\"product:availability\" content=\"instock\" \/>\n<meta property=\"product:condition\" content=\"new\" \/>\n<!-- \/ Yoast SEO plugin. -->","yoast_head_json":{"title":"Ach\u00e8te Pok\u00e9mon - XY - Primal Clash (XY05) - Booster Display","description":"Ach\u00e8te Pok\u00e9mon - XY - Primal Clash (XY05) - Booster Display en ligne maintenant \u00e0 petit prix! Ton #1 shop pour cartes TCG & Pok\u00e9mon en Suisse \u2713 Livraison gratuite d\u00e8s CHF 29","robots":{"index":"index","follow":"follow","max-snippet":"max-snippet:-1","max-image-preview":"max-image-preview:large","max-video-preview":"max-video-preview:-1"},"canonical":"https:\/\/theuncommonshop.ch\/fr\/product\/pokemon-xy-primal-clash-xy05-booster-display\/","og_locale":"fr_FR","og_type":"article","og_title":"Ach\u00e8te Pok\u00e9mon - XY - Primal Clash (XY05) - Booster Display","og_description":"Ach\u00e8te Pok\u00e9mon - XY - Primal Clash (XY05) - Booster Display en ligne maintenant \u00e0 petit prix! Ton #1 shop pour cartes TCG & Pok\u00e9mon en Suisse \u2713 Livraison gratuite d\u00e8s CHF 29","og_url":"https:\/\/theuncommonshop.ch\/fr\/product\/pokemon-xy-primal-clash-xy05-booster-display\/","og_site_name":"The Uncommon Shop","og_image":[{"width":600,"height":900,"url":"https:\/\/theuncommonshop.ch\/wp-content\/uploads\/2026\/04\/primal_boosters_L1_75e4f50a-977d-4639-ab45-835ad5d7bbdd.jpg","type":"image\/jpeg"}],"twitter_card":"summary_large_image","twitter_misc":{"Disponibilit\u00e9":"En stock"},"schema":{"@context":"https:\/\/schema.org","@graph":[{"@type":"WebPage","@id":"https:\/\/theuncommonshop.ch\/fr\/product\/pokemon-xy-primal-clash-xy05-booster-display\/","url":"https:\/\/theuncommonshop.ch\/fr\/product\/pokemon-xy-primal-clash-xy05-booster-display\/","name":"Ach\u00e8te Pok\u00e9mon - XY - Primal Clash (XY05) - Booster Display","isPartOf":{"@id":"https:\/\/theuncommonshop.ch\/fr\/#website"},"primaryImageOfPage":{"@id":"https:\/\/theuncommonshop.ch\/fr\/product\/pokemon-xy-primal-clash-xy05-booster-display\/#primaryimage"},"image":{"@id":"https:\/\/theuncommonshop.ch\/fr\/product\/pokemon-xy-primal-clash-xy05-booster-display\/#primaryimage"},"thumbnailUrl":"https:\/\/theuncommonshop.ch\/wp-content\/uploads\/2026\/04\/PrimalClash.webp","datePublished":"2026-04-27T22:22:49+00:00","description":"Ach\u00e8te Pok\u00e9mon - XY - Primal Clash (XY05) - Booster Display en ligne maintenant \u00e0 petit prix! Ton #1 shop pour cartes TCG & Pok\u00e9mon en Suisse \u2713 Livraison gratuite d\u00e8s CHF 29","breadcrumb":{"@id":"https:\/\/theuncommonshop.ch\/fr\/product\/pokemon-xy-primal-clash-xy05-booster-display\/#breadcrumb"},"inLanguage":"fr-FR","potentialAction":[{"@type":"ReadAction","target":["https:\/\/theuncommonshop.ch\/fr\/product\/pokemon-xy-primal-clash-xy05-booster-display\/"]}]},{"@type":"ImageObject","inLanguage":"fr-FR","@id":"https:\/\/theuncommonshop.ch\/fr\/product\/pokemon-xy-primal-clash-xy05-booster-display\/#primaryimage","url":"https:\/\/theuncommonshop.ch\/wp-content\/uploads\/2026\/04\/PrimalClash.webp","contentUrl":"https:\/\/theuncommonshop.ch\/wp-content\/uploads\/2026\/04\/PrimalClash.webp","width":1400,"height":1400},{"@type":"BreadcrumbList","@id":"https:\/\/theuncommonshop.ch\/fr\/product\/pokemon-xy-primal-clash-xy05-booster-display\/#breadcrumb","itemListElement":[{"@type":"ListItem","position":1,"name":"Accueil","item":"https:\/\/theuncommonshop.ch\/fr\/accueil\/"},{"@type":"ListItem","position":2,"name":"Boutique","item":"https:\/\/theuncommonshop.ch\/fr\/boutique\/"},{"@type":"ListItem","position":3,"name":"Pok\u00e9mon &#8211; XY &#8211; Primal Clash (XY05) &#8211; Booster Display"}]},{"@type":"WebSite","@id":"https:\/\/theuncommonshop.ch\/fr\/#website","url":"https:\/\/theuncommonshop.ch\/fr\/","name":"The Uncommon Shop","description":"Magic, Pok\u00e9mon and Yu-gi-oh - The Uncommon Shop","potentialAction":[{"@type":"SearchAction","target":{"@type":"EntryPoint","urlTemplate":"https:\/\/theuncommonshop.ch\/fr\/?s={search_term_string}"},"query-input":{"@type":"PropertyValueSpecification","valueRequired":true,"valueName":"search_term_string"}}],"inLanguage":"fr-FR"}]},"og_availability":"instock","product_availability":"instock","product_condition":"new"},"_links":{"self":[{"href":"https:\/\/theuncommonshop.ch\/fr\/wp-json\/wp\/v2\/product\/371477","targetHints":{"allow":["GET"]}}],"collection":[{"href":"https:\/\/theuncommonshop.ch\/fr\/wp-json\/wp\/v2\/product"}],"about":[{"href":"https:\/\/theuncommonshop.ch\/fr\/wp-json\/wp\/v2\/types\/product"}],"replies":[{"embeddable":true,"href":"https:\/\/theuncommonshop.ch\/fr\/wp-json\/wp\/v2\/comments?post=371477"}],"version-history":[{"count":0,"href":"https:\/\/theuncommonshop.ch\/fr\/wp-json\/wp\/v2\/product\/371477\/revisions"}],"wp:featuredmedia":[{"embeddable":true,"href":"https:\/\/theuncommonshop.ch\/fr\/wp-json\/wp\/v2\/media\/371483"}],"wp:attachment":[{"href":"https:\/\/theuncommonshop.ch\/fr\/wp-json\/wp\/v2\/media?parent=371477"}],"wp:term":[{"taxonomy":"product_brand","embeddable":true,"href":"https:\/\/theuncommonshop.ch\/fr\/wp-json\/wp\/v2\/product_brand?post=371477"},{"taxonomy":"product_cat","embeddable":true,"href":"https:\/\/theuncommonshop.ch\/fr\/wp-json\/wp\/v2\/product_cat?post=371477"},{"taxonomy":"product_tag","embeddable":true,"href":"https:\/\/theuncommonshop.ch\/fr\/wp-json\/wp\/v2\/product_tag?post=371477"}],"curies":[{"name":"wp","href":"https:\/\/api.w.org\/{rel}","templated":true}]}}