{"id":371448,"date":"2026-04-27T23:48:58","date_gmt":"2026-04-27T21:48:58","guid":{"rendered":"https:\/\/theuncommonshop.ch\/product\/pokemon-sun-moon-unbroken-bonds-sm10-booster-display\/"},"modified":"2026-04-27T23:48:58","modified_gmt":"2026-04-27T21:48:58","slug":"pokemon-sun-moon-unbroken-bonds-sm10-booster-display","status":"publish","type":"product","link":"https:\/\/theuncommonshop.ch\/fr\/product\/pokemon-sun-moon-unbroken-bonds-sm10-booster-display\/","title":{"rendered":"Pok\u00e9mon &#8211; Sun &amp; Moon &#8211; Unbroken Bonds (SM10) &#8211; Booster Display"},"content":{"rendered":"<p><span class=\"citation-33\">Le dixi\u00e8me ensemble principal de <\/span><i data-path-to-node=\"2\" data-index-in-node=\"24\"><span class=\"citation-33\">Sonne &amp; Mond<\/span><\/i><span class=\"citation-33 citation-end-33\">-a r\u00e9volutionn\u00e9 le jeu en introduisant de nombreux nouveaux et puissants Pok\u00e9mon &#8220;TAG TEAM&#8221;.<\/span><\/p>\n<p data-path-to-node=\"7\"><b data-path-to-node=\"7\" data-index-in-node=\"0\">Les points forts de l&#8217;extension en un coup d&#8217;\u0153il :<\/b><\/p>\n<ul>\n<li data-path-to-node=\"8,0,0\"><b data-path-to-node=\"8,0,0\" data-index-in-node=\"0\">L&#8217;Evolution du combat :<\/b> introduction de 7 Pok\u00e9mon-GX TAG-TEAM d\u00e9vastateurs qui ont chang\u00e9 le m\u00e9ta-jeu pour toujours.<\/li>\n<li data-path-to-node=\"8,1,0\"><b data-path-to-node=\"8,1,0\" data-index-in-node=\"0\">Des hits en masse :<\/b> une chance de gagner 7 GX Pok\u00e9mon r\u00e9guliers, plus de 25 toutes nouvelles cartes de dresseur ainsi que des cartes Full Art et Rainbow Rares (Secret Rare) \u00e0 couper le souffle.<\/li>\n<li data-path-to-node=\"8,2,0\"><b data-path-to-node=\"8,2,0\" data-index-in-node=\"0\">Pure nostalgie &amp; valeur :<\/b> L&#8217;un des sets les plus demand\u00e9s de la g\u00e9n\u00e9ration Sonne &amp; Mond avec un accent massif sur les favoris des fans et les artworks l\u00e9gendaires.<\/li>\n<\/ul>\n<p data-path-to-node=\"5\"><b data-path-to-node=\"5\" data-index-in-node=\"0\">Contenu du Booster Display :<\/b><\/p>\n<ul>\n<li data-path-to-node=\"6,0,0\"><b data-path-to-node=\"6,0,0\" data-index-in-node=\"0\">36 boosters<\/b> de l&#8217;extension <i data-path-to-node=\"6,0,0\" data-index-in-node=\"50\">Sun &amp; Moon : Unbroken Bonds<\/i> <b data-path-to-node=\"6,0,0\" data-index-in-node=\"0\">dans leur emballage d&#8217;origine<\/b> (\u00e9dition anglaise)<\/li>\n<li data-path-to-node=\"6,1,0\"><b data-path-to-node=\"6,1,0\" data-index-in-node=\"0\">Chaque booster pack contient 10 cartes<\/b>, dont 1 carte rare (Rare ou sup\u00e9rieure) et 1 carte Reverse Holo garanties.<\/li>\n<li data-path-to-node=\"6,2,0\">De plus, chaque Pack contient <b data-path-to-node=\"6,2,0\" data-index-in-node=\"30\">1 carte d&#8217;\u00e9nergie de base<\/b> et <b data-path-to-node=\"6,2,0\" data-index-in-node=\"55\">1 carte de code<\/b> pour le Pok\u00e9mon TCG Online\/Live<\/li>\n<li data-path-to-node=\"6,2,0\">Prix incluant<strong> l&#8217;Acryl Case !<\/strong><\/li>\n<\/ul>\n","protected":false},"excerpt":{"rendered":"<p>Le dixi\u00e8me ensemble principal de Sonne &amp; Mond-a r\u00e9volutionn\u00e9 le jeu en introduisant de nombreux nouveaux et puissants Pok\u00e9mon &#8220;TAG<\/p>\n","protected":false},"featured_media":371500,"comment_status":"open","ping_status":"closed","template":"","meta":{"_acf_changed":false},"product_brand":[5114,5072],"product_cat":[10053,9805,9823,9777,9821,10075],"product_tag":[],"class_list":{"0":"post-371448","1":"product","2":"type-product","3":"status-publish","4":"has-post-thumbnail","6":"product_brand-pokemon","7":"product_brand-the-pokemon-company","8":"product_cat-booster-displays-international-fr","9":"product_cat-booster-displays-pokemon-fr","10":"product_cat-investissements","11":"product_cat-pokemon-fr","12":"product_cat-produits-par-lots","13":"product_cat-soleil-et-lune","15":"first","16":"instock","17":"taxable","18":"shipping-taxable","19":"purchasable","20":"product-type-variable"},"acf":[],"yoast_head":"<!-- This site is optimized with the Yoast SEO plugin v27.4 - https:\/\/yoast.com\/product\/yoast-seo-wordpress\/ -->\n<title>Ach\u00e8te Pok\u00e9mon - Sun &amp; Moon - Unbroken Bonds (SM10) - Booster Display<\/title>\n<meta name=\"description\" content=\"Ach\u00e8te Pok\u00e9mon - Sun &amp; Moon - Unbroken Bonds (SM10) - Booster Display en ligne maintenant \u00e0 petit prix! Ton #1 shop pour cartes TCG &amp; Pok\u00e9mon en Suisse \u2713 Livraison gratuite d\u00e8s CHF 29\" \/>\n<meta name=\"robots\" content=\"index, follow, max-snippet:-1, max-image-preview:large, max-video-preview:-1\" \/>\n<link rel=\"canonical\" href=\"https:\/\/theuncommonshop.ch\/fr\/product\/pokemon-sun-moon-unbroken-bonds-sm10-booster-display\/\" \/>\n<meta property=\"og:locale\" content=\"fr_FR\" \/>\n<meta property=\"og:type\" content=\"article\" \/>\n<meta property=\"og:title\" content=\"Ach\u00e8te Pok\u00e9mon - Sun &amp; Moon - Unbroken Bonds (SM10) - Booster Display\" \/>\n<meta property=\"og:description\" content=\"Ach\u00e8te Pok\u00e9mon - Sun &amp; Moon - Unbroken Bonds (SM10) - Booster Display en ligne maintenant \u00e0 petit prix! Ton #1 shop pour cartes TCG &amp; Pok\u00e9mon en Suisse \u2713 Livraison gratuite d\u00e8s CHF 29\" \/>\n<meta property=\"og:url\" content=\"https:\/\/theuncommonshop.ch\/fr\/product\/pokemon-sun-moon-unbroken-bonds-sm10-booster-display\/\" \/>\n<meta property=\"og:site_name\" content=\"The Uncommon Shop\" \/>\n<meta name=\"twitter:card\" content=\"summary_large_image\" \/>\n<meta name=\"twitter:label1\" content=\"Disponibilit\u00e9\" \/>\n\t<meta name=\"twitter:data1\" content=\"En stock\" \/>\n<script type=\"application\/ld+json\" class=\"yoast-schema-graph\">{\"@context\":\"https:\\\/\\\/schema.org\",\"@graph\":[{\"@type\":\"WebPage\",\"@id\":\"https:\\\/\\\/theuncommonshop.ch\\\/fr\\\/product\\\/pokemon-sun-moon-unbroken-bonds-sm10-booster-display\\\/\",\"url\":\"https:\\\/\\\/theuncommonshop.ch\\\/fr\\\/product\\\/pokemon-sun-moon-unbroken-bonds-sm10-booster-display\\\/\",\"name\":\"Ach\u00e8te Pok\u00e9mon - Sun &amp; Moon - Unbroken Bonds (SM10) - Booster Display\",\"isPartOf\":{\"@id\":\"https:\\\/\\\/theuncommonshop.ch\\\/fr\\\/#website\"},\"primaryImageOfPage\":{\"@id\":\"https:\\\/\\\/theuncommonshop.ch\\\/fr\\\/product\\\/pokemon-sun-moon-unbroken-bonds-sm10-booster-display\\\/#primaryimage\"},\"image\":{\"@id\":\"https:\\\/\\\/theuncommonshop.ch\\\/fr\\\/product\\\/pokemon-sun-moon-unbroken-bonds-sm10-booster-display\\\/#primaryimage\"},\"thumbnailUrl\":\"https:\\\/\\\/theuncommonshop.ch\\\/wp-content\\\/uploads\\\/2026\\\/04\\\/Unbroken-Bonds-Box.webp\",\"datePublished\":\"2026-04-27T21:48:58+00:00\",\"description\":\"Ach\u00e8te Pok\u00e9mon - Sun &amp; Moon - Unbroken Bonds (SM10) - Booster Display en ligne maintenant \u00e0 petit prix! Ton #1 shop pour cartes TCG & Pok\u00e9mon en Suisse \u2713 Livraison gratuite d\u00e8s CHF 29\",\"breadcrumb\":{\"@id\":\"https:\\\/\\\/theuncommonshop.ch\\\/fr\\\/product\\\/pokemon-sun-moon-unbroken-bonds-sm10-booster-display\\\/#breadcrumb\"},\"inLanguage\":\"fr-FR\",\"potentialAction\":[{\"@type\":\"ReadAction\",\"target\":[\"https:\\\/\\\/theuncommonshop.ch\\\/fr\\\/product\\\/pokemon-sun-moon-unbroken-bonds-sm10-booster-display\\\/\"]}]},{\"@type\":\"ImageObject\",\"inLanguage\":\"fr-FR\",\"@id\":\"https:\\\/\\\/theuncommonshop.ch\\\/fr\\\/product\\\/pokemon-sun-moon-unbroken-bonds-sm10-booster-display\\\/#primaryimage\",\"url\":\"https:\\\/\\\/theuncommonshop.ch\\\/wp-content\\\/uploads\\\/2026\\\/04\\\/Unbroken-Bonds-Box.webp\",\"contentUrl\":\"https:\\\/\\\/theuncommonshop.ch\\\/wp-content\\\/uploads\\\/2026\\\/04\\\/Unbroken-Bonds-Box.webp\",\"width\":600,\"height\":600},{\"@type\":\"BreadcrumbList\",\"@id\":\"https:\\\/\\\/theuncommonshop.ch\\\/fr\\\/product\\\/pokemon-sun-moon-unbroken-bonds-sm10-booster-display\\\/#breadcrumb\",\"itemListElement\":[{\"@type\":\"ListItem\",\"position\":1,\"name\":\"Accueil\",\"item\":\"https:\\\/\\\/theuncommonshop.ch\\\/fr\\\/accueil\\\/\"},{\"@type\":\"ListItem\",\"position\":2,\"name\":\"Boutique\",\"item\":\"https:\\\/\\\/theuncommonshop.ch\\\/fr\\\/boutique\\\/\"},{\"@type\":\"ListItem\",\"position\":3,\"name\":\"Pok\u00e9mon &#8211; Sun &amp; Moon &#8211; Unbroken Bonds (SM10) &#8211; Booster Display\"}]},{\"@type\":\"WebSite\",\"@id\":\"https:\\\/\\\/theuncommonshop.ch\\\/fr\\\/#website\",\"url\":\"https:\\\/\\\/theuncommonshop.ch\\\/fr\\\/\",\"name\":\"The Uncommon Shop\",\"description\":\"Magic, Pok\u00e9mon and Yu-gi-oh - The Uncommon Shop\",\"potentialAction\":[{\"@type\":\"SearchAction\",\"target\":{\"@type\":\"EntryPoint\",\"urlTemplate\":\"https:\\\/\\\/theuncommonshop.ch\\\/fr\\\/?s={search_term_string}\"},\"query-input\":{\"@type\":\"PropertyValueSpecification\",\"valueRequired\":true,\"valueName\":\"search_term_string\"}}],\"inLanguage\":\"fr-FR\"}]}<\/script>\n<meta property=\"og:availability\" content=\"instock\" \/>\n<meta property=\"product:availability\" content=\"instock\" \/>\n<meta property=\"product:condition\" content=\"new\" \/>\n<!-- \/ Yoast SEO plugin. -->","yoast_head_json":{"title":"Ach\u00e8te Pok\u00e9mon - Sun &amp; Moon - Unbroken Bonds (SM10) - Booster Display","description":"Ach\u00e8te Pok\u00e9mon - Sun &amp; Moon - Unbroken Bonds (SM10) - Booster Display en ligne maintenant \u00e0 petit prix! Ton #1 shop pour cartes TCG & Pok\u00e9mon en Suisse \u2713 Livraison gratuite d\u00e8s CHF 29","robots":{"index":"index","follow":"follow","max-snippet":"max-snippet:-1","max-image-preview":"max-image-preview:large","max-video-preview":"max-video-preview:-1"},"canonical":"https:\/\/theuncommonshop.ch\/fr\/product\/pokemon-sun-moon-unbroken-bonds-sm10-booster-display\/","og_locale":"fr_FR","og_type":"article","og_title":"Ach\u00e8te Pok\u00e9mon - Sun &amp; Moon - Unbroken Bonds (SM10) - Booster Display","og_description":"Ach\u00e8te Pok\u00e9mon - Sun &amp; Moon - Unbroken Bonds (SM10) - Booster Display en ligne maintenant \u00e0 petit prix! Ton #1 shop pour cartes TCG & Pok\u00e9mon en Suisse \u2713 Livraison gratuite d\u00e8s CHF 29","og_url":"https:\/\/theuncommonshop.ch\/fr\/product\/pokemon-sun-moon-unbroken-bonds-sm10-booster-display\/","og_site_name":"The Uncommon Shop","twitter_card":"summary_large_image","twitter_misc":{"Disponibilit\u00e9":"En stock"},"schema":{"@context":"https:\/\/schema.org","@graph":[{"@type":"WebPage","@id":"https:\/\/theuncommonshop.ch\/fr\/product\/pokemon-sun-moon-unbroken-bonds-sm10-booster-display\/","url":"https:\/\/theuncommonshop.ch\/fr\/product\/pokemon-sun-moon-unbroken-bonds-sm10-booster-display\/","name":"Ach\u00e8te Pok\u00e9mon - Sun &amp; Moon - Unbroken Bonds (SM10) - Booster Display","isPartOf":{"@id":"https:\/\/theuncommonshop.ch\/fr\/#website"},"primaryImageOfPage":{"@id":"https:\/\/theuncommonshop.ch\/fr\/product\/pokemon-sun-moon-unbroken-bonds-sm10-booster-display\/#primaryimage"},"image":{"@id":"https:\/\/theuncommonshop.ch\/fr\/product\/pokemon-sun-moon-unbroken-bonds-sm10-booster-display\/#primaryimage"},"thumbnailUrl":"https:\/\/theuncommonshop.ch\/wp-content\/uploads\/2026\/04\/Unbroken-Bonds-Box.webp","datePublished":"2026-04-27T21:48:58+00:00","description":"Ach\u00e8te Pok\u00e9mon - Sun &amp; Moon - Unbroken Bonds (SM10) - Booster Display en ligne maintenant \u00e0 petit prix! Ton #1 shop pour cartes TCG & Pok\u00e9mon en Suisse \u2713 Livraison gratuite d\u00e8s CHF 29","breadcrumb":{"@id":"https:\/\/theuncommonshop.ch\/fr\/product\/pokemon-sun-moon-unbroken-bonds-sm10-booster-display\/#breadcrumb"},"inLanguage":"fr-FR","potentialAction":[{"@type":"ReadAction","target":["https:\/\/theuncommonshop.ch\/fr\/product\/pokemon-sun-moon-unbroken-bonds-sm10-booster-display\/"]}]},{"@type":"ImageObject","inLanguage":"fr-FR","@id":"https:\/\/theuncommonshop.ch\/fr\/product\/pokemon-sun-moon-unbroken-bonds-sm10-booster-display\/#primaryimage","url":"https:\/\/theuncommonshop.ch\/wp-content\/uploads\/2026\/04\/Unbroken-Bonds-Box.webp","contentUrl":"https:\/\/theuncommonshop.ch\/wp-content\/uploads\/2026\/04\/Unbroken-Bonds-Box.webp","width":600,"height":600},{"@type":"BreadcrumbList","@id":"https:\/\/theuncommonshop.ch\/fr\/product\/pokemon-sun-moon-unbroken-bonds-sm10-booster-display\/#breadcrumb","itemListElement":[{"@type":"ListItem","position":1,"name":"Accueil","item":"https:\/\/theuncommonshop.ch\/fr\/accueil\/"},{"@type":"ListItem","position":2,"name":"Boutique","item":"https:\/\/theuncommonshop.ch\/fr\/boutique\/"},{"@type":"ListItem","position":3,"name":"Pok\u00e9mon &#8211; Sun &amp; Moon &#8211; Unbroken Bonds (SM10) &#8211; Booster Display"}]},{"@type":"WebSite","@id":"https:\/\/theuncommonshop.ch\/fr\/#website","url":"https:\/\/theuncommonshop.ch\/fr\/","name":"The Uncommon Shop","description":"Magic, Pok\u00e9mon and Yu-gi-oh - The Uncommon Shop","potentialAction":[{"@type":"SearchAction","target":{"@type":"EntryPoint","urlTemplate":"https:\/\/theuncommonshop.ch\/fr\/?s={search_term_string}"},"query-input":{"@type":"PropertyValueSpecification","valueRequired":true,"valueName":"search_term_string"}}],"inLanguage":"fr-FR"}]},"og_availability":"instock","product_availability":"instock","product_condition":"new"},"_links":{"self":[{"href":"https:\/\/theuncommonshop.ch\/fr\/wp-json\/wp\/v2\/product\/371448","targetHints":{"allow":["GET"]}}],"collection":[{"href":"https:\/\/theuncommonshop.ch\/fr\/wp-json\/wp\/v2\/product"}],"about":[{"href":"https:\/\/theuncommonshop.ch\/fr\/wp-json\/wp\/v2\/types\/product"}],"replies":[{"embeddable":true,"href":"https:\/\/theuncommonshop.ch\/fr\/wp-json\/wp\/v2\/comments?post=371448"}],"version-history":[{"count":0,"href":"https:\/\/theuncommonshop.ch\/fr\/wp-json\/wp\/v2\/product\/371448\/revisions"}],"wp:featuredmedia":[{"embeddable":true,"href":"https:\/\/theuncommonshop.ch\/fr\/wp-json\/wp\/v2\/media\/371500"}],"wp:attachment":[{"href":"https:\/\/theuncommonshop.ch\/fr\/wp-json\/wp\/v2\/media?parent=371448"}],"wp:term":[{"taxonomy":"product_brand","embeddable":true,"href":"https:\/\/theuncommonshop.ch\/fr\/wp-json\/wp\/v2\/product_brand?post=371448"},{"taxonomy":"product_cat","embeddable":true,"href":"https:\/\/theuncommonshop.ch\/fr\/wp-json\/wp\/v2\/product_cat?post=371448"},{"taxonomy":"product_tag","embeddable":true,"href":"https:\/\/theuncommonshop.ch\/fr\/wp-json\/wp\/v2\/product_tag?post=371448"}],"curies":[{"name":"wp","href":"https:\/\/api.w.org\/{rel}","templated":true}]}}