{"id":371396,"date":"2026-04-27T23:11:56","date_gmt":"2026-04-27T21:11:56","guid":{"rendered":"https:\/\/theuncommonshop.ch\/?post_type=product&#038;p=371396"},"modified":"2026-04-27T23:31:04","modified_gmt":"2026-04-27T21:31:04","slug":"pokemon-sword-shield-evolving-skies-swsh07-elite-trainer-box-kopie","status":"publish","type":"product","link":"https:\/\/theuncommonshop.ch\/fr\/product\/pokemon-sword-shield-evolving-skies-swsh07-elite-trainer-box-kopie\/","title":{"rendered":"Pok\u00e9mon &#8211; Sword &amp; Shield &#8211; Evolving Skies (SWSH07) &#8211; Elite Trainer Box &#8211; Pok\u00e9mon Center Edition"},"content":{"rendered":"<p data-path-to-node=\"2\">Contrairement aux ETB ordinaires que l&#8217;on trouve partout dans le commerce, ces bo\u00eetes exclusives ne sont vendues que directement par le Pok\u00e9mon Center officiel. Ils se distinguent par un emballage l\u00e9g\u00e8rement diff\u00e9rent, davantage de boosters et des suppl\u00e9ments exclusifs pour les collectionneurs. <\/p>\n<p data-path-to-node=\"2\"><strong>Le prix comprend la bo\u00eete acrylique pour la bo\u00eete Elite Trainer Box !<\/strong><\/p>\n<h4 data-path-to-node=\"8\"><b data-path-to-node=\"8\" data-index-in-node=\"0\">Contenu du Pok\u00e9mon Center ETB :<\/b><\/h4>\n<ul data-path-to-node=\"10\">\n<li>\n<p data-path-to-node=\"10,0,0\"><b data-path-to-node=\"10,0,0\" data-index-in-node=\"0\">10 Booster Packs Pok\u00e9mon TCG<\/b> de l&#8217;extension <i data-path-to-node=\"10,0,0\" data-index-in-node=\"44\">Sword &amp; Shield &#8211; Evolving Skies<\/i><\/p>\n<\/li>\n<li>\n<p data-path-to-node=\"10,1,0\"><b data-path-to-node=\"10,1,0\" data-index-in-node=\"0\">1 pin&#8217;s exclusif pour collectionneur<\/b> \u00e0 l&#8217;effigie d&#8217;Evoli (Eevee)<\/p>\n<\/li>\n<li>\n<p data-path-to-node=\"10,2,0\"><b data-path-to-node=\"10,2,0\" data-index-in-node=\"0\">1 pi\u00e8ce m\u00e9tallique Pok\u00e9mon exclusive<\/b> avec les \u00e9volutions d&#8217;Evoli repr\u00e9sent\u00e9es sur la bo\u00eete<\/p>\n<\/li>\n<li>\n<p data-path-to-node=\"10,3,0\"><b data-path-to-node=\"10,3,0\" data-index-in-node=\"0\">65 pochettes de cartes mates (Sleeves)<\/b> dans le design Eeveelution correspondant \u00e0 chaque bo\u00eete<\/p>\n<\/li>\n<li>\n<p data-path-to-node=\"10,4,0\"><b data-path-to-node=\"10,4,0\" data-index-in-node=\"0\">45 cartes d&#8217;\u00e9nergie de base<\/b><\/p>\n<\/li>\n<li>\n<p data-path-to-node=\"10,5,0\"><b data-path-to-node=\"10,5,0\" data-index-in-node=\"0\">1 guide du joueur<\/b> pour l&#8217;extension Evolving Skies<\/p>\n<\/li>\n<li>\n<p data-path-to-node=\"10,6,0\"><b data-path-to-node=\"10,6,0\" data-index-in-node=\"0\">1 livre de r\u00e8gles Pok\u00e9mon TCG<\/b><\/p>\n<\/li>\n<li>\n<p data-path-to-node=\"10,7,0\"><b data-path-to-node=\"10,7,0\" data-index-in-node=\"0\">6 cubes de marqueurs de dommages<\/b><\/p>\n<\/li>\n<li>\n<p data-path-to-node=\"10,8,0\"><b data-path-to-node=\"10,8,0\" data-index-in-node=\"0\">1 d\u00e9 \u00e0 pile ou face de comp\u00e9tition<\/b><\/p>\n<\/li>\n<li>\n<p data-path-to-node=\"10,9,0\"><b data-path-to-node=\"10,9,0\" data-index-in-node=\"0\">2 marques d&#8217;\u00e9tat en acrylique<\/b><\/p>\n<\/li>\n<li>\n<p data-path-to-node=\"10,10,0\"><b data-path-to-node=\"10,10,0\" data-index-in-node=\"0\">1 bo\u00eete de<\/b> rangement <b data-path-to-node=\"10,10,0\" data-index-in-node=\"0\">robuste<\/b>, avec <b data-path-to-node=\"10,10,0\" data-index-in-node=\"48\">4 s\u00e9parateurs de cartes<\/b> au design assorti<\/p>\n<\/li>\n<li>\n<p data-path-to-node=\"10,11,0\"><b data-path-to-node=\"10,11,0\" data-index-in-node=\"0\">1 carte de code<\/b> pour le Trading Cards Game Pok\u00e9mon en ligne \/ en direct<\/p>\n<\/li>\n<\/ul>\n","protected":false},"excerpt":{"rendered":"<p>Contrairement aux ETB ordinaires que l&#8217;on trouve partout dans le commerce, ces bo\u00eetes exclusives ne sont vendues que directement par<\/p>\n","protected":false},"featured_media":371406,"comment_status":"open","ping_status":"closed","template":"","meta":{"_acf_changed":false},"product_brand":[5114,5072],"product_cat":[9809,10073,9823,9777,9821,10127],"product_tag":[],"class_list":{"0":"post-371396","1":"product","2":"type-product","3":"status-publish","4":"has-post-thumbnail","6":"product_brand-pokemon","7":"product_brand-the-pokemon-company","8":"product_cat-coffret-dresseur-delite","9":"product_cat-epee-et-bouclier","10":"product_cat-investissements","11":"product_cat-pokemon-fr","12":"product_cat-produits-par-lots","13":"product_cat-swsh07-evolution-celeste","15":"first","16":"instock","17":"taxable","18":"shipping-taxable","19":"purchasable","20":"product-type-variable"},"acf":[],"yoast_head":"<!-- This site is optimized with the Yoast SEO plugin v27.4 - https:\/\/yoast.com\/product\/yoast-seo-wordpress\/ -->\n<title>Ach\u00e8te Pok\u00e9mon - Sword &amp; Shield - Evolving Skies (SWSH07) - Elite Trainer Box - Pok\u00e9mon Center Edition<\/title>\n<meta name=\"description\" content=\"Ach\u00e8te Pok\u00e9mon - Sword &amp; Shield - Evolving Skies (SWSH07) - Elite Trainer Box - Pok\u00e9mon Center Edition en ligne maintenant \u00e0 petit prix! Ton #1 shop pour cartes TCG &amp; Pok\u00e9mon en Suisse \u2713 Livraison gratuite d\u00e8s CHF 29\" \/>\n<meta name=\"robots\" content=\"index, follow, max-snippet:-1, max-image-preview:large, max-video-preview:-1\" \/>\n<link rel=\"canonical\" href=\"https:\/\/theuncommonshop.ch\/fr\/product\/pokemon-sword-shield-evolving-skies-swsh07-elite-trainer-box-kopie\/\" \/>\n<meta property=\"og:locale\" content=\"fr_FR\" \/>\n<meta property=\"og:type\" content=\"article\" \/>\n<meta property=\"og:title\" content=\"Ach\u00e8te Pok\u00e9mon - Sword &amp; Shield - Evolving Skies (SWSH07) - Elite Trainer Box - Pok\u00e9mon Center Edition\" \/>\n<meta property=\"og:description\" content=\"Ach\u00e8te Pok\u00e9mon - Sword &amp; Shield - Evolving Skies (SWSH07) - Elite Trainer Box - Pok\u00e9mon Center Edition en ligne maintenant \u00e0 petit prix! Ton #1 shop pour cartes TCG &amp; Pok\u00e9mon en Suisse \u2713 Livraison gratuite d\u00e8s CHF 29\" \/>\n<meta property=\"og:url\" content=\"https:\/\/theuncommonshop.ch\/fr\/product\/pokemon-sword-shield-evolving-skies-swsh07-elite-trainer-box-kopie\/\" \/>\n<meta property=\"og:site_name\" content=\"The Uncommon Shop\" \/>\n<meta property=\"article:modified_time\" content=\"2026-04-27T21:31:04+00:00\" \/>\n<meta property=\"og:image\" content=\"https:\/\/theuncommonshop.ch\/wp-content\/uploads\/2026\/04\/EVO11.jpg\" \/>\n\t<meta property=\"og:image:width\" content=\"720\" \/>\n\t<meta property=\"og:image:height\" content=\"669\" \/>\n\t<meta property=\"og:image:type\" content=\"image\/jpeg\" \/>\n<meta name=\"twitter:card\" content=\"summary_large_image\" \/>\n<meta name=\"twitter:label1\" content=\"Disponibilit\u00e9\" \/>\n\t<meta name=\"twitter:data1\" content=\"En stock\" \/>\n<script type=\"application\/ld+json\" class=\"yoast-schema-graph\">{\"@context\":\"https:\\\/\\\/schema.org\",\"@graph\":[{\"@type\":\"WebPage\",\"@id\":\"https:\\\/\\\/theuncommonshop.ch\\\/fr\\\/product\\\/pokemon-sword-shield-evolving-skies-swsh07-elite-trainer-box-kopie\\\/\",\"url\":\"https:\\\/\\\/theuncommonshop.ch\\\/fr\\\/product\\\/pokemon-sword-shield-evolving-skies-swsh07-elite-trainer-box-kopie\\\/\",\"name\":\"Ach\u00e8te Pok\u00e9mon - Sword &amp; Shield - Evolving Skies (SWSH07) - Elite Trainer Box - Pok\u00e9mon Center Edition\",\"isPartOf\":{\"@id\":\"https:\\\/\\\/theuncommonshop.ch\\\/fr\\\/#website\"},\"primaryImageOfPage\":{\"@id\":\"https:\\\/\\\/theuncommonshop.ch\\\/fr\\\/product\\\/pokemon-sword-shield-evolving-skies-swsh07-elite-trainer-box-kopie\\\/#primaryimage\"},\"image\":{\"@id\":\"https:\\\/\\\/theuncommonshop.ch\\\/fr\\\/product\\\/pokemon-sword-shield-evolving-skies-swsh07-elite-trainer-box-kopie\\\/#primaryimage\"},\"thumbnailUrl\":\"https:\\\/\\\/theuncommonshop.ch\\\/wp-content\\\/uploads\\\/2026\\\/04\\\/EVO11.jpg\",\"datePublished\":\"2026-04-27T21:11:56+00:00\",\"dateModified\":\"2026-04-27T21:31:04+00:00\",\"description\":\"Ach\u00e8te Pok\u00e9mon - Sword &amp; Shield - Evolving Skies (SWSH07) - Elite Trainer Box - Pok\u00e9mon Center Edition en ligne maintenant \u00e0 petit prix! Ton #1 shop pour cartes TCG & Pok\u00e9mon en Suisse \u2713 Livraison gratuite d\u00e8s CHF 29\",\"breadcrumb\":{\"@id\":\"https:\\\/\\\/theuncommonshop.ch\\\/fr\\\/product\\\/pokemon-sword-shield-evolving-skies-swsh07-elite-trainer-box-kopie\\\/#breadcrumb\"},\"inLanguage\":\"fr-FR\",\"potentialAction\":[{\"@type\":\"ReadAction\",\"target\":[\"https:\\\/\\\/theuncommonshop.ch\\\/fr\\\/product\\\/pokemon-sword-shield-evolving-skies-swsh07-elite-trainer-box-kopie\\\/\"]}]},{\"@type\":\"ImageObject\",\"inLanguage\":\"fr-FR\",\"@id\":\"https:\\\/\\\/theuncommonshop.ch\\\/fr\\\/product\\\/pokemon-sword-shield-evolving-skies-swsh07-elite-trainer-box-kopie\\\/#primaryimage\",\"url\":\"https:\\\/\\\/theuncommonshop.ch\\\/wp-content\\\/uploads\\\/2026\\\/04\\\/EVO11.jpg\",\"contentUrl\":\"https:\\\/\\\/theuncommonshop.ch\\\/wp-content\\\/uploads\\\/2026\\\/04\\\/EVO11.jpg\",\"width\":720,\"height\":669,\"caption\":\"EVO11\"},{\"@type\":\"BreadcrumbList\",\"@id\":\"https:\\\/\\\/theuncommonshop.ch\\\/fr\\\/product\\\/pokemon-sword-shield-evolving-skies-swsh07-elite-trainer-box-kopie\\\/#breadcrumb\",\"itemListElement\":[{\"@type\":\"ListItem\",\"position\":1,\"name\":\"Accueil\",\"item\":\"https:\\\/\\\/theuncommonshop.ch\\\/fr\\\/accueil\\\/\"},{\"@type\":\"ListItem\",\"position\":2,\"name\":\"Boutique\",\"item\":\"https:\\\/\\\/theuncommonshop.ch\\\/fr\\\/boutique\\\/\"},{\"@type\":\"ListItem\",\"position\":3,\"name\":\"Pok\u00e9mon\",\"item\":\"https:\\\/\\\/theuncommonshop.ch\\\/fr\\\/categorie-produit\\\/pokemon-fr\\\/\"},{\"@type\":\"ListItem\",\"position\":4,\"name\":\"Produits par lots\",\"item\":\"https:\\\/\\\/theuncommonshop.ch\\\/fr\\\/categorie-produit\\\/pokemon-fr\\\/produits-par-lots\\\/\"},{\"@type\":\"ListItem\",\"position\":5,\"name\":\"\u00c9p\u00e9e & Bouclier\",\"item\":\"https:\\\/\\\/theuncommonshop.ch\\\/fr\\\/categorie-produit\\\/pokemon-fr\\\/produits-par-lots\\\/epee-et-bouclier\\\/\"},{\"@type\":\"ListItem\",\"position\":6,\"name\":\"SWSH07 \u00c9volution C\u00e9leste\",\"item\":\"https:\\\/\\\/theuncommonshop.ch\\\/fr\\\/categorie-produit\\\/pokemon-fr\\\/produits-par-lots\\\/epee-et-bouclier\\\/swsh07-evolution-celeste\\\/\"},{\"@type\":\"ListItem\",\"position\":7,\"name\":\"Pok\u00e9mon &#8211; Sword &amp; Shield &#8211; Evolving Skies (SWSH07) &#8211; Elite Trainer Box &#8211; Pok\u00e9mon Center Edition\"}]},{\"@type\":\"WebSite\",\"@id\":\"https:\\\/\\\/theuncommonshop.ch\\\/fr\\\/#website\",\"url\":\"https:\\\/\\\/theuncommonshop.ch\\\/fr\\\/\",\"name\":\"The Uncommon Shop\",\"description\":\"Magic, Pok\u00e9mon and Yu-gi-oh - The Uncommon Shop\",\"potentialAction\":[{\"@type\":\"SearchAction\",\"target\":{\"@type\":\"EntryPoint\",\"urlTemplate\":\"https:\\\/\\\/theuncommonshop.ch\\\/fr\\\/?s={search_term_string}\"},\"query-input\":{\"@type\":\"PropertyValueSpecification\",\"valueRequired\":true,\"valueName\":\"search_term_string\"}}],\"inLanguage\":\"fr-FR\"}]}<\/script>\n<meta property=\"og:availability\" content=\"instock\" \/>\n<meta property=\"product:availability\" content=\"instock\" \/>\n<meta property=\"product:condition\" content=\"new\" \/>\n<!-- \/ Yoast SEO plugin. -->","yoast_head_json":{"title":"Ach\u00e8te Pok\u00e9mon - Sword &amp; Shield - Evolving Skies (SWSH07) - Elite Trainer Box - Pok\u00e9mon Center Edition","description":"Ach\u00e8te Pok\u00e9mon - Sword &amp; Shield - Evolving Skies (SWSH07) - Elite Trainer Box - Pok\u00e9mon Center Edition en ligne maintenant \u00e0 petit prix! Ton #1 shop pour cartes TCG & Pok\u00e9mon en Suisse \u2713 Livraison gratuite d\u00e8s CHF 29","robots":{"index":"index","follow":"follow","max-snippet":"max-snippet:-1","max-image-preview":"max-image-preview:large","max-video-preview":"max-video-preview:-1"},"canonical":"https:\/\/theuncommonshop.ch\/fr\/product\/pokemon-sword-shield-evolving-skies-swsh07-elite-trainer-box-kopie\/","og_locale":"fr_FR","og_type":"article","og_title":"Ach\u00e8te Pok\u00e9mon - Sword &amp; Shield - Evolving Skies (SWSH07) - Elite Trainer Box - Pok\u00e9mon Center Edition","og_description":"Ach\u00e8te Pok\u00e9mon - Sword &amp; Shield - Evolving Skies (SWSH07) - Elite Trainer Box - Pok\u00e9mon Center Edition en ligne maintenant \u00e0 petit prix! Ton #1 shop pour cartes TCG & Pok\u00e9mon en Suisse \u2713 Livraison gratuite d\u00e8s CHF 29","og_url":"https:\/\/theuncommonshop.ch\/fr\/product\/pokemon-sword-shield-evolving-skies-swsh07-elite-trainer-box-kopie\/","og_site_name":"The Uncommon Shop","article_modified_time":"2026-04-27T21:31:04+00:00","og_image":[{"width":720,"height":669,"url":"https:\/\/theuncommonshop.ch\/wp-content\/uploads\/2026\/04\/EVO11.jpg","type":"image\/jpeg"}],"twitter_card":"summary_large_image","twitter_misc":{"Disponibilit\u00e9":"En stock"},"schema":{"@context":"https:\/\/schema.org","@graph":[{"@type":"WebPage","@id":"https:\/\/theuncommonshop.ch\/fr\/product\/pokemon-sword-shield-evolving-skies-swsh07-elite-trainer-box-kopie\/","url":"https:\/\/theuncommonshop.ch\/fr\/product\/pokemon-sword-shield-evolving-skies-swsh07-elite-trainer-box-kopie\/","name":"Ach\u00e8te Pok\u00e9mon - Sword &amp; Shield - Evolving Skies (SWSH07) - Elite Trainer Box - Pok\u00e9mon Center Edition","isPartOf":{"@id":"https:\/\/theuncommonshop.ch\/fr\/#website"},"primaryImageOfPage":{"@id":"https:\/\/theuncommonshop.ch\/fr\/product\/pokemon-sword-shield-evolving-skies-swsh07-elite-trainer-box-kopie\/#primaryimage"},"image":{"@id":"https:\/\/theuncommonshop.ch\/fr\/product\/pokemon-sword-shield-evolving-skies-swsh07-elite-trainer-box-kopie\/#primaryimage"},"thumbnailUrl":"https:\/\/theuncommonshop.ch\/wp-content\/uploads\/2026\/04\/EVO11.jpg","datePublished":"2026-04-27T21:11:56+00:00","dateModified":"2026-04-27T21:31:04+00:00","description":"Ach\u00e8te Pok\u00e9mon - Sword &amp; Shield - Evolving Skies (SWSH07) - Elite Trainer Box - Pok\u00e9mon Center Edition en ligne maintenant \u00e0 petit prix! Ton #1 shop pour cartes TCG & Pok\u00e9mon en Suisse \u2713 Livraison gratuite d\u00e8s CHF 29","breadcrumb":{"@id":"https:\/\/theuncommonshop.ch\/fr\/product\/pokemon-sword-shield-evolving-skies-swsh07-elite-trainer-box-kopie\/#breadcrumb"},"inLanguage":"fr-FR","potentialAction":[{"@type":"ReadAction","target":["https:\/\/theuncommonshop.ch\/fr\/product\/pokemon-sword-shield-evolving-skies-swsh07-elite-trainer-box-kopie\/"]}]},{"@type":"ImageObject","inLanguage":"fr-FR","@id":"https:\/\/theuncommonshop.ch\/fr\/product\/pokemon-sword-shield-evolving-skies-swsh07-elite-trainer-box-kopie\/#primaryimage","url":"https:\/\/theuncommonshop.ch\/wp-content\/uploads\/2026\/04\/EVO11.jpg","contentUrl":"https:\/\/theuncommonshop.ch\/wp-content\/uploads\/2026\/04\/EVO11.jpg","width":720,"height":669,"caption":"EVO11"},{"@type":"BreadcrumbList","@id":"https:\/\/theuncommonshop.ch\/fr\/product\/pokemon-sword-shield-evolving-skies-swsh07-elite-trainer-box-kopie\/#breadcrumb","itemListElement":[{"@type":"ListItem","position":1,"name":"Accueil","item":"https:\/\/theuncommonshop.ch\/fr\/accueil\/"},{"@type":"ListItem","position":2,"name":"Boutique","item":"https:\/\/theuncommonshop.ch\/fr\/boutique\/"},{"@type":"ListItem","position":3,"name":"Pok\u00e9mon","item":"https:\/\/theuncommonshop.ch\/fr\/categorie-produit\/pokemon-fr\/"},{"@type":"ListItem","position":4,"name":"Produits par lots","item":"https:\/\/theuncommonshop.ch\/fr\/categorie-produit\/pokemon-fr\/produits-par-lots\/"},{"@type":"ListItem","position":5,"name":"\u00c9p\u00e9e & Bouclier","item":"https:\/\/theuncommonshop.ch\/fr\/categorie-produit\/pokemon-fr\/produits-par-lots\/epee-et-bouclier\/"},{"@type":"ListItem","position":6,"name":"SWSH07 \u00c9volution C\u00e9leste","item":"https:\/\/theuncommonshop.ch\/fr\/categorie-produit\/pokemon-fr\/produits-par-lots\/epee-et-bouclier\/swsh07-evolution-celeste\/"},{"@type":"ListItem","position":7,"name":"Pok\u00e9mon &#8211; Sword &amp; Shield &#8211; Evolving Skies (SWSH07) &#8211; Elite Trainer Box &#8211; Pok\u00e9mon Center Edition"}]},{"@type":"WebSite","@id":"https:\/\/theuncommonshop.ch\/fr\/#website","url":"https:\/\/theuncommonshop.ch\/fr\/","name":"The Uncommon Shop","description":"Magic, Pok\u00e9mon and Yu-gi-oh - The Uncommon Shop","potentialAction":[{"@type":"SearchAction","target":{"@type":"EntryPoint","urlTemplate":"https:\/\/theuncommonshop.ch\/fr\/?s={search_term_string}"},"query-input":{"@type":"PropertyValueSpecification","valueRequired":true,"valueName":"search_term_string"}}],"inLanguage":"fr-FR"}]},"og_availability":"instock","product_availability":"instock","product_condition":"new"},"_links":{"self":[{"href":"https:\/\/theuncommonshop.ch\/fr\/wp-json\/wp\/v2\/product\/371396","targetHints":{"allow":["GET"]}}],"collection":[{"href":"https:\/\/theuncommonshop.ch\/fr\/wp-json\/wp\/v2\/product"}],"about":[{"href":"https:\/\/theuncommonshop.ch\/fr\/wp-json\/wp\/v2\/types\/product"}],"replies":[{"embeddable":true,"href":"https:\/\/theuncommonshop.ch\/fr\/wp-json\/wp\/v2\/comments?post=371396"}],"version-history":[{"count":2,"href":"https:\/\/theuncommonshop.ch\/fr\/wp-json\/wp\/v2\/product\/371396\/revisions"}],"predecessor-version":[{"id":371432,"href":"https:\/\/theuncommonshop.ch\/fr\/wp-json\/wp\/v2\/product\/371396\/revisions\/371432"}],"wp:featuredmedia":[{"embeddable":true,"href":"https:\/\/theuncommonshop.ch\/fr\/wp-json\/wp\/v2\/media\/371406"}],"wp:attachment":[{"href":"https:\/\/theuncommonshop.ch\/fr\/wp-json\/wp\/v2\/media?parent=371396"}],"wp:term":[{"taxonomy":"product_brand","embeddable":true,"href":"https:\/\/theuncommonshop.ch\/fr\/wp-json\/wp\/v2\/product_brand?post=371396"},{"taxonomy":"product_cat","embeddable":true,"href":"https:\/\/theuncommonshop.ch\/fr\/wp-json\/wp\/v2\/product_cat?post=371396"},{"taxonomy":"product_tag","embeddable":true,"href":"https:\/\/theuncommonshop.ch\/fr\/wp-json\/wp\/v2\/product_tag?post=371396"}],"curies":[{"name":"wp","href":"https:\/\/api.w.org\/{rel}","templated":true}]}}