{"id":370849,"date":"2026-04-23T23:20:50","date_gmt":"2026-04-23T21:20:50","guid":{"rendered":"https:\/\/theuncommonshop.ch\/product\/naruto-mythos-tcg-konoha-shido-naruto-1st-edition-starter-packs\/"},"modified":"2026-04-23T23:24:13","modified_gmt":"2026-04-23T21:24:13","slug":"naruto-mythos-tcg-konoha-shido-naruto-1st-edition-starter-packs","status":"publish","type":"product","link":"https:\/\/theuncommonshop.ch\/fr\/product\/naruto-mythos-tcg-konoha-shido-naruto-1st-edition-starter-packs\/","title":{"rendered":"Naruto Mythos TCG &#8211; Konoha Shido &#8211; Naruto (1st. Edition) &#8211; Starter Pack"},"content":{"rendered":"<p>Commencez votre aventure de ninja avec le Starter Pack officiel Naruto Mythos, l&#8217;introduction parfaite au nouveau Naruto TCG ! Ce kit contient tout ce dont vous avez besoin pour vous plonger directement dans le jeu et disputer vos premiers duels dans l&#8217;univers shinobi. <\/p>\n<p>Le Starter Pack Naruto Mythos est le point de d\u00e9part id\u00e9al pour apprendre les m\u00e9canismes du jeu, d\u00e9couvrir des cartes rares et construire votre propre deck de Shinobi. Avec des cartes Holo et Maxi exclusives, ce set apporte non seulement de la Power, mais aussi une v\u00e9ritable valeur de collection \u00e0 toute collection ! <\/p>\n<p><strong>Faits et caract\u00e9ristiques :<\/strong><\/p>\n<ul>\n<li>Comprend 2 cartes Holo exclusives &#8211; disponibles uniquement dans ce Starter Pack.<\/li>\n<li>1 maxi-carte avec un artwork sp\u00e9cial pour les collectionneurs et les fans<\/li>\n<li>4 Booster Packs avec des cartes passionnantes de la s\u00e9rie Mythos<\/li>\n<li>Jetons de jeu<\/li>\n<li>Livret de r\u00e8gles (Rulebook) inclus &#8211; id\u00e9al pour les d\u00e9butants<\/li>\n<li>Aper\u00e7u de la collecte<\/li>\n<li>Produit sous licence officielle du mythe Naruto TCG<\/li>\n<li>Parfait pour les d\u00e9butants, les collectionneurs et les joueurs de tournoi<\/li>\n<\/ul>\n","protected":false},"excerpt":{"rendered":"<p>Commencez votre aventure de ninja avec le Starter Pack officiel Naruto Mythos, l&#8217;introduction parfaite au nouveau Naruto TCG ! Ce<\/p>\n","protected":false},"featured_media":370845,"comment_status":"open","ping_status":"closed","template":"","meta":{"_acf_changed":false},"product_brand":[12053,12054],"product_cat":[9785,12048],"product_tag":[],"class_list":{"0":"post-370849","1":"product","2":"type-product","3":"status-publish","4":"has-post-thumbnail","6":"product_brand-cicaboom","7":"product_brand-naruto-mythos-tcg","8":"product_cat-autres-cartes-a-collectionner","9":"product_cat-naruto-mythos-tcg-fr","11":"first","12":"outofstock","13":"taxable","14":"shipping-taxable","15":"product-type-simple"},"acf":[],"yoast_head":"<!-- This site is optimized with the Yoast SEO plugin v27.4 - https:\/\/yoast.com\/product\/yoast-seo-wordpress\/ -->\n<title>Ach\u00e8te Naruto Mythos TCG - Konoha Shido - Naruto (1st. Edition) - Starter Pack<\/title>\n<meta name=\"description\" content=\"Ach\u00e8te Naruto Mythos TCG - Konoha Shido - Naruto (1st. Edition) - Starter Pack en ligne maintenant \u00e0 petit prix! Ton #1 shop pour cartes TCG &amp; Pok\u00e9mon en Suisse \u2713 Livraison gratuite d\u00e8s CHF 29\" \/>\n<meta name=\"robots\" content=\"index, follow, max-snippet:-1, max-image-preview:large, max-video-preview:-1\" \/>\n<link rel=\"canonical\" href=\"https:\/\/theuncommonshop.ch\/fr\/product\/naruto-mythos-tcg-konoha-shido-naruto-1st-edition-starter-packs\/\" \/>\n<meta property=\"og:locale\" content=\"fr_FR\" \/>\n<meta property=\"og:type\" content=\"article\" \/>\n<meta property=\"og:title\" content=\"Ach\u00e8te Naruto Mythos TCG - Konoha Shido - Naruto (1st. Edition) - Starter Pack\" \/>\n<meta property=\"og:description\" content=\"Ach\u00e8te Naruto Mythos TCG - Konoha Shido - Naruto (1st. Edition) - Starter Pack en ligne maintenant \u00e0 petit prix! Ton #1 shop pour cartes TCG &amp; Pok\u00e9mon en Suisse \u2713 Livraison gratuite d\u00e8s CHF 29\" \/>\n<meta property=\"og:url\" content=\"https:\/\/theuncommonshop.ch\/fr\/product\/naruto-mythos-tcg-konoha-shido-naruto-1st-edition-starter-packs\/\" \/>\n<meta property=\"og:site_name\" content=\"Largest trading card shop in Switzerland\" \/>\n<meta property=\"article:modified_time\" content=\"2026-04-23T21:24:13+00:00\" \/>\n<meta property=\"og:image\" content=\"https:\/\/theuncommonshop.ch\/wp-content\/uploads\/2026\/04\/KonohaShidoNarutoStarter.jpg\" \/>\n\t<meta property=\"og:image:width\" content=\"900\" \/>\n\t<meta property=\"og:image:height\" content=\"900\" \/>\n\t<meta property=\"og:image:type\" content=\"image\/jpeg\" \/>\n<meta name=\"twitter:card\" content=\"summary_large_image\" \/>\n<meta name=\"twitter:label1\" content=\"Prix\" \/>\n\t<meta name=\"twitter:data1\" content=\"\" \/>\n\t<meta name=\"twitter:label2\" content=\"Disponibilit\u00e9\" \/>\n\t<meta name=\"twitter:data2\" content=\"Rupture de stock\" \/>\n<script type=\"application\/ld+json\" class=\"yoast-schema-graph\">{\"@context\":\"https:\\\/\\\/schema.org\",\"@graph\":[{\"@type\":\"WebPage\",\"@id\":\"https:\\\/\\\/theuncommonshop.ch\\\/fr\\\/product\\\/naruto-mythos-tcg-konoha-shido-naruto-1st-edition-starter-packs\\\/\",\"url\":\"https:\\\/\\\/theuncommonshop.ch\\\/fr\\\/product\\\/naruto-mythos-tcg-konoha-shido-naruto-1st-edition-starter-packs\\\/\",\"name\":\"Ach\u00e8te Naruto Mythos TCG - Konoha Shido - Naruto (1st. Edition) - Starter Pack\",\"isPartOf\":{\"@id\":\"https:\\\/\\\/theuncommonshop.ch\\\/fr\\\/#website\"},\"primaryImageOfPage\":{\"@id\":\"https:\\\/\\\/theuncommonshop.ch\\\/fr\\\/product\\\/naruto-mythos-tcg-konoha-shido-naruto-1st-edition-starter-packs\\\/#primaryimage\"},\"image\":{\"@id\":\"https:\\\/\\\/theuncommonshop.ch\\\/fr\\\/product\\\/naruto-mythos-tcg-konoha-shido-naruto-1st-edition-starter-packs\\\/#primaryimage\"},\"thumbnailUrl\":\"https:\\\/\\\/theuncommonshop.ch\\\/wp-content\\\/uploads\\\/2026\\\/04\\\/KonohaShidoNarutoStarter.jpg\",\"datePublished\":\"2026-04-23T21:20:50+00:00\",\"dateModified\":\"2026-04-23T21:24:13+00:00\",\"description\":\"Ach\u00e8te Naruto Mythos TCG - Konoha Shido - Naruto (1st. Edition) - Starter Pack en ligne maintenant \u00e0 petit prix! Ton #1 shop pour cartes TCG & Pok\u00e9mon en Suisse \u2713 Livraison gratuite d\u00e8s CHF 29\",\"breadcrumb\":{\"@id\":\"https:\\\/\\\/theuncommonshop.ch\\\/fr\\\/product\\\/naruto-mythos-tcg-konoha-shido-naruto-1st-edition-starter-packs\\\/#breadcrumb\"},\"inLanguage\":\"fr-FR\",\"potentialAction\":[{\"@type\":\"ReadAction\",\"target\":[\"https:\\\/\\\/theuncommonshop.ch\\\/fr\\\/product\\\/naruto-mythos-tcg-konoha-shido-naruto-1st-edition-starter-packs\\\/\"]}]},{\"@type\":\"ImageObject\",\"inLanguage\":\"fr-FR\",\"@id\":\"https:\\\/\\\/theuncommonshop.ch\\\/fr\\\/product\\\/naruto-mythos-tcg-konoha-shido-naruto-1st-edition-starter-packs\\\/#primaryimage\",\"url\":\"https:\\\/\\\/theuncommonshop.ch\\\/wp-content\\\/uploads\\\/2026\\\/04\\\/KonohaShidoNarutoStarter.jpg\",\"contentUrl\":\"https:\\\/\\\/theuncommonshop.ch\\\/wp-content\\\/uploads\\\/2026\\\/04\\\/KonohaShidoNarutoStarter.jpg\",\"width\":900,\"height\":900,\"caption\":\"KonohaShidoNarutoStarter\"},{\"@type\":\"BreadcrumbList\",\"@id\":\"https:\\\/\\\/theuncommonshop.ch\\\/fr\\\/product\\\/naruto-mythos-tcg-konoha-shido-naruto-1st-edition-starter-packs\\\/#breadcrumb\",\"itemListElement\":[{\"@type\":\"ListItem\",\"position\":1,\"name\":\"Accueil\",\"item\":\"https:\\\/\\\/theuncommonshop.ch\\\/fr\\\/accueil\\\/\"},{\"@type\":\"ListItem\",\"position\":2,\"name\":\"Boutique\",\"item\":\"https:\\\/\\\/theuncommonshop.ch\\\/fr\\\/boutique\\\/\"},{\"@type\":\"ListItem\",\"position\":3,\"name\":\"Autres cartes \u00e0 collectionner\",\"item\":\"https:\\\/\\\/theuncommonshop.ch\\\/fr\\\/categorie-produit\\\/autres-cartes-a-collectionner\\\/\"},{\"@type\":\"ListItem\",\"position\":4,\"name\":\"Naruto Mythos TCG\",\"item\":\"https:\\\/\\\/theuncommonshop.ch\\\/fr\\\/categorie-produit\\\/autres-cartes-a-collectionner\\\/naruto-mythos-tcg-fr\\\/\"},{\"@type\":\"ListItem\",\"position\":5,\"name\":\"Naruto Mythos TCG &#8211; Konoha Shido &#8211; Naruto (1st. Edition) &#8211; Starter Pack\"}]},{\"@type\":\"WebSite\",\"@id\":\"https:\\\/\\\/theuncommonshop.ch\\\/fr\\\/#website\",\"url\":\"https:\\\/\\\/theuncommonshop.ch\\\/fr\\\/\",\"name\":\"Largest trading card shop in Switzerland\",\"description\":\"Magic, Pok\u00e9mon and Yu-gi-oh - The Uncommon Shop\",\"potentialAction\":[{\"@type\":\"SearchAction\",\"target\":{\"@type\":\"EntryPoint\",\"urlTemplate\":\"https:\\\/\\\/theuncommonshop.ch\\\/fr\\\/?s={search_term_string}\"},\"query-input\":{\"@type\":\"PropertyValueSpecification\",\"valueRequired\":true,\"valueName\":\"search_term_string\"}}],\"inLanguage\":\"fr-FR\"}]}<\/script>\n<meta property=\"product:price:currency\" content=\"CHF\" \/>\n<meta property=\"og:availability\" content=\"out of stock\" \/>\n<meta property=\"product:availability\" content=\"out of stock\" \/>\n<meta property=\"product:retailer_item_id\" content=\"PRE.NarutoTCGKonohaShidoNarutoStarterPack1stEd.EN\" \/>\n<meta property=\"product:condition\" content=\"new\" \/>\n<!-- \/ Yoast SEO plugin. -->","yoast_head_json":{"title":"Ach\u00e8te Naruto Mythos TCG - Konoha Shido - Naruto (1st. Edition) - Starter Pack","description":"Ach\u00e8te Naruto Mythos TCG - Konoha Shido - Naruto (1st. Edition) - Starter Pack en ligne maintenant \u00e0 petit prix! Ton #1 shop pour cartes TCG & Pok\u00e9mon en Suisse \u2713 Livraison gratuite d\u00e8s CHF 29","robots":{"index":"index","follow":"follow","max-snippet":"max-snippet:-1","max-image-preview":"max-image-preview:large","max-video-preview":"max-video-preview:-1"},"canonical":"https:\/\/theuncommonshop.ch\/fr\/product\/naruto-mythos-tcg-konoha-shido-naruto-1st-edition-starter-packs\/","og_locale":"fr_FR","og_type":"article","og_title":"Ach\u00e8te Naruto Mythos TCG - Konoha Shido - Naruto (1st. Edition) - Starter Pack","og_description":"Ach\u00e8te Naruto Mythos TCG - Konoha Shido - Naruto (1st. Edition) - Starter Pack en ligne maintenant \u00e0 petit prix! Ton #1 shop pour cartes TCG & Pok\u00e9mon en Suisse \u2713 Livraison gratuite d\u00e8s CHF 29","og_url":"https:\/\/theuncommonshop.ch\/fr\/product\/naruto-mythos-tcg-konoha-shido-naruto-1st-edition-starter-packs\/","og_site_name":"Largest trading card shop in Switzerland","article_modified_time":"2026-04-23T21:24:13+00:00","og_image":[{"width":900,"height":900,"url":"https:\/\/theuncommonshop.ch\/wp-content\/uploads\/2026\/04\/KonohaShidoNarutoStarter.jpg","type":"image\/jpeg"}],"twitter_card":"summary_large_image","twitter_misc":{"Prix":"","Disponibilit\u00e9":"Rupture de stock"},"schema":{"@context":"https:\/\/schema.org","@graph":[{"@type":"WebPage","@id":"https:\/\/theuncommonshop.ch\/fr\/product\/naruto-mythos-tcg-konoha-shido-naruto-1st-edition-starter-packs\/","url":"https:\/\/theuncommonshop.ch\/fr\/product\/naruto-mythos-tcg-konoha-shido-naruto-1st-edition-starter-packs\/","name":"Ach\u00e8te Naruto Mythos TCG - Konoha Shido - Naruto (1st. Edition) - Starter Pack","isPartOf":{"@id":"https:\/\/theuncommonshop.ch\/fr\/#website"},"primaryImageOfPage":{"@id":"https:\/\/theuncommonshop.ch\/fr\/product\/naruto-mythos-tcg-konoha-shido-naruto-1st-edition-starter-packs\/#primaryimage"},"image":{"@id":"https:\/\/theuncommonshop.ch\/fr\/product\/naruto-mythos-tcg-konoha-shido-naruto-1st-edition-starter-packs\/#primaryimage"},"thumbnailUrl":"https:\/\/theuncommonshop.ch\/wp-content\/uploads\/2026\/04\/KonohaShidoNarutoStarter.jpg","datePublished":"2026-04-23T21:20:50+00:00","dateModified":"2026-04-23T21:24:13+00:00","description":"Ach\u00e8te Naruto Mythos TCG - Konoha Shido - Naruto (1st. Edition) - Starter Pack en ligne maintenant \u00e0 petit prix! Ton #1 shop pour cartes TCG & Pok\u00e9mon en Suisse \u2713 Livraison gratuite d\u00e8s CHF 29","breadcrumb":{"@id":"https:\/\/theuncommonshop.ch\/fr\/product\/naruto-mythos-tcg-konoha-shido-naruto-1st-edition-starter-packs\/#breadcrumb"},"inLanguage":"fr-FR","potentialAction":[{"@type":"ReadAction","target":["https:\/\/theuncommonshop.ch\/fr\/product\/naruto-mythos-tcg-konoha-shido-naruto-1st-edition-starter-packs\/"]}]},{"@type":"ImageObject","inLanguage":"fr-FR","@id":"https:\/\/theuncommonshop.ch\/fr\/product\/naruto-mythos-tcg-konoha-shido-naruto-1st-edition-starter-packs\/#primaryimage","url":"https:\/\/theuncommonshop.ch\/wp-content\/uploads\/2026\/04\/KonohaShidoNarutoStarter.jpg","contentUrl":"https:\/\/theuncommonshop.ch\/wp-content\/uploads\/2026\/04\/KonohaShidoNarutoStarter.jpg","width":900,"height":900,"caption":"KonohaShidoNarutoStarter"},{"@type":"BreadcrumbList","@id":"https:\/\/theuncommonshop.ch\/fr\/product\/naruto-mythos-tcg-konoha-shido-naruto-1st-edition-starter-packs\/#breadcrumb","itemListElement":[{"@type":"ListItem","position":1,"name":"Accueil","item":"https:\/\/theuncommonshop.ch\/fr\/accueil\/"},{"@type":"ListItem","position":2,"name":"Boutique","item":"https:\/\/theuncommonshop.ch\/fr\/boutique\/"},{"@type":"ListItem","position":3,"name":"Autres cartes \u00e0 collectionner","item":"https:\/\/theuncommonshop.ch\/fr\/categorie-produit\/autres-cartes-a-collectionner\/"},{"@type":"ListItem","position":4,"name":"Naruto Mythos TCG","item":"https:\/\/theuncommonshop.ch\/fr\/categorie-produit\/autres-cartes-a-collectionner\/naruto-mythos-tcg-fr\/"},{"@type":"ListItem","position":5,"name":"Naruto Mythos TCG &#8211; Konoha Shido &#8211; Naruto (1st. Edition) &#8211; Starter Pack"}]},{"@type":"WebSite","@id":"https:\/\/theuncommonshop.ch\/fr\/#website","url":"https:\/\/theuncommonshop.ch\/fr\/","name":"Largest trading card shop in Switzerland","description":"Magic, Pok\u00e9mon and Yu-gi-oh - The Uncommon Shop","potentialAction":[{"@type":"SearchAction","target":{"@type":"EntryPoint","urlTemplate":"https:\/\/theuncommonshop.ch\/fr\/?s={search_term_string}"},"query-input":{"@type":"PropertyValueSpecification","valueRequired":true,"valueName":"search_term_string"}}],"inLanguage":"fr-FR"}]},"product_price_currency":"CHF","og_availability":"out of stock","product_availability":"out of stock","product_retailer_item_id":"PRE.NarutoTCGKonohaShidoNarutoStarterPack1stEd.EN","product_condition":"new"},"_links":{"self":[{"href":"https:\/\/theuncommonshop.ch\/fr\/wp-json\/wp\/v2\/product\/370849","targetHints":{"allow":["GET"]}}],"collection":[{"href":"https:\/\/theuncommonshop.ch\/fr\/wp-json\/wp\/v2\/product"}],"about":[{"href":"https:\/\/theuncommonshop.ch\/fr\/wp-json\/wp\/v2\/types\/product"}],"replies":[{"embeddable":true,"href":"https:\/\/theuncommonshop.ch\/fr\/wp-json\/wp\/v2\/comments?post=370849"}],"version-history":[{"count":1,"href":"https:\/\/theuncommonshop.ch\/fr\/wp-json\/wp\/v2\/product\/370849\/revisions"}],"predecessor-version":[{"id":370850,"href":"https:\/\/theuncommonshop.ch\/fr\/wp-json\/wp\/v2\/product\/370849\/revisions\/370850"}],"wp:featuredmedia":[{"embeddable":true,"href":"https:\/\/theuncommonshop.ch\/fr\/wp-json\/wp\/v2\/media\/370845"}],"wp:attachment":[{"href":"https:\/\/theuncommonshop.ch\/fr\/wp-json\/wp\/v2\/media?parent=370849"}],"wp:term":[{"taxonomy":"product_brand","embeddable":true,"href":"https:\/\/theuncommonshop.ch\/fr\/wp-json\/wp\/v2\/product_brand?post=370849"},{"taxonomy":"product_cat","embeddable":true,"href":"https:\/\/theuncommonshop.ch\/fr\/wp-json\/wp\/v2\/product_cat?post=370849"},{"taxonomy":"product_tag","embeddable":true,"href":"https:\/\/theuncommonshop.ch\/fr\/wp-json\/wp\/v2\/product_tag?post=370849"}],"curies":[{"name":"wp","href":"https:\/\/api.w.org\/{rel}","templated":true}]}}