{"id":370517,"date":"2026-04-22T01:41:21","date_gmt":"2026-04-21T23:41:21","guid":{"rendered":"https:\/\/theuncommonshop.ch\/product\/protecc-acryl-case-one-piece-booster-display-op01-reprint-op03\/"},"modified":"2026-04-22T01:41:21","modified_gmt":"2026-04-21T23:41:21","slug":"protecc-acryl-case-one-piece-booster-display-op01-reprint-op03","status":"publish","type":"product","link":"https:\/\/theuncommonshop.ch\/fr\/product\/protecc-acryl-case-one-piece-booster-display-op01-reprint-op03\/","title":{"rendered":"Protecc &#8211; Acryl Case &#8211; One Piece &#8211; Booster Display OP01 Reprint &amp; OP03"},"content":{"rendered":"<p>D\u00e9couvrez la combinaison parfaite de pr\u00e9sentation \u00e9l\u00e9gante et de protection pour vos <strong>One Piece &#8211; Booster Display OP01 Reprint &amp; OP03<\/strong> gr\u00e2ce \u00e0 l&#8217;\u00e9tui en acrylique magn\u00e9tique de haute qualit\u00e9 et d&#8217;une transparence cristalline de Protecc.<\/p>\n<p>Gr\u00e2ce aux puissants aimants, le montage est facile et s\u00fbr, tandis que votre collection brille de tous ses feux. Pas de vissage compliqu\u00e9, avec Protecc vous pouvez facilement pr\u00e9senter et prot\u00e9ger votre collection dans toute sa splendeur. <\/p>\n<p><strong>Caract\u00e9ristiques:<\/strong><\/p>\n<ul>\n<li>Aimants puissants pour la fixation et la protection contre la poussi\u00e8re<\/li>\n<li>Transparence cristalline<\/li>\n<li>Pr\u00e9servation de la valeur \u00e0 long terme<\/li>\n<li>Facile \u00e0 ins\u00e9rer et \u00e0 retirer<\/li>\n<li>Protection contre les UV pour des couleurs vives<\/li>\n<li>Design esth\u00e9tique<\/li>\n<\/ul>\n","protected":false},"excerpt":{"rendered":"<p>D\u00e9couvrez la combinaison parfaite de pr\u00e9sentation \u00e9l\u00e9gante et de protection pour vos One Piece &#8211; Booster Display OP01 Reprint &amp;<\/p>\n","protected":false},"featured_media":370511,"comment_status":"open","ping_status":"closed","template":"","meta":{"_acf_changed":false},"product_brand":[5120],"product_cat":[9859,9883,9881,9867,10259],"product_tag":[],"class_list":{"0":"post-370517","1":"product","2":"type-product","3":"status-publish","4":"has-post-thumbnail","6":"product_brand-protecc","7":"product_cat-accessoires-tcg","8":"product_cat-autres-accessoires","9":"product_cat-protecc-fr","10":"product_cat-rangement","11":"product_cat-tout","13":"first","14":"instock","15":"taxable","16":"shipping-taxable","17":"purchasable","18":"product-type-simple"},"acf":[],"yoast_head":"<!-- This site is optimized with the Yoast SEO plugin v27.4 - https:\/\/yoast.com\/product\/yoast-seo-wordpress\/ -->\n<title>Ach\u00e8te Protecc - Acryl Case - One Piece - Booster Display OP01 Reprint &amp; OP03<\/title>\n<meta name=\"description\" content=\"Ach\u00e8te Protecc - Acryl Case - One Piece - Booster Display OP01 Reprint &amp; OP03 en ligne maintenant \u00e0 petit prix! Ton #1 shop pour cartes TCG &amp; Pok\u00e9mon en Suisse \u2713 Livraison gratuite d\u00e8s CHF 29\" \/>\n<meta name=\"robots\" content=\"index, follow, max-snippet:-1, max-image-preview:large, max-video-preview:-1\" \/>\n<link rel=\"canonical\" href=\"https:\/\/theuncommonshop.ch\/fr\/product\/protecc-acryl-case-one-piece-booster-display-op01-reprint-op03\/\" \/>\n<meta property=\"og:locale\" content=\"fr_FR\" \/>\n<meta property=\"og:type\" content=\"article\" \/>\n<meta property=\"og:title\" content=\"Ach\u00e8te Protecc - Acryl Case - One Piece - Booster Display OP01 Reprint &amp; OP03\" \/>\n<meta property=\"og:description\" content=\"Ach\u00e8te Protecc - Acryl Case - One Piece - Booster Display OP01 Reprint &amp; OP03 en ligne maintenant \u00e0 petit prix! Ton #1 shop pour cartes TCG &amp; Pok\u00e9mon en Suisse \u2713 Livraison gratuite d\u00e8s CHF 29\" \/>\n<meta property=\"og:url\" content=\"https:\/\/theuncommonshop.ch\/fr\/product\/protecc-acryl-case-one-piece-booster-display-op01-reprint-op03\/\" \/>\n<meta property=\"og:site_name\" content=\"Largest trading card shop in Switzerland\" \/>\n<meta property=\"og:image\" content=\"https:\/\/theuncommonshop.ch\/wp-content\/uploads\/2026\/04\/Design-ohne-Titel-3-1.jpg\" \/>\n\t<meta property=\"og:image:width\" content=\"1500\" \/>\n\t<meta property=\"og:image:height\" content=\"1500\" \/>\n\t<meta property=\"og:image:type\" content=\"image\/jpeg\" \/>\n<meta name=\"twitter:card\" content=\"summary_large_image\" \/>\n<meta name=\"twitter:label1\" content=\"Prix\" \/>\n\t<meta name=\"twitter:data1\" content=\"&#067;&#072;&#070;&nbsp;29.95\" \/>\n\t<meta name=\"twitter:label2\" content=\"Disponibilit\u00e9\" \/>\n\t<meta name=\"twitter:data2\" content=\"En stock\" \/>\n<script type=\"application\/ld+json\" class=\"yoast-schema-graph\">{\"@context\":\"https:\\\/\\\/schema.org\",\"@graph\":[{\"@type\":\"WebPage\",\"@id\":\"https:\\\/\\\/theuncommonshop.ch\\\/fr\\\/product\\\/protecc-acryl-case-one-piece-booster-display-op01-reprint-op03\\\/\",\"url\":\"https:\\\/\\\/theuncommonshop.ch\\\/fr\\\/product\\\/protecc-acryl-case-one-piece-booster-display-op01-reprint-op03\\\/\",\"name\":\"Ach\u00e8te Protecc - Acryl Case - One Piece - Booster Display OP01 Reprint &amp; OP03\",\"isPartOf\":{\"@id\":\"https:\\\/\\\/theuncommonshop.ch\\\/#website\"},\"primaryImageOfPage\":{\"@id\":\"https:\\\/\\\/theuncommonshop.ch\\\/fr\\\/product\\\/protecc-acryl-case-one-piece-booster-display-op01-reprint-op03\\\/#primaryimage\"},\"image\":{\"@id\":\"https:\\\/\\\/theuncommonshop.ch\\\/fr\\\/product\\\/protecc-acryl-case-one-piece-booster-display-op01-reprint-op03\\\/#primaryimage\"},\"thumbnailUrl\":\"https:\\\/\\\/theuncommonshop.ch\\\/wp-content\\\/uploads\\\/2026\\\/04\\\/Design-ohne-Titel-3-1.jpg\",\"datePublished\":\"2026-04-21T23:41:21+00:00\",\"description\":\"Ach\u00e8te Protecc - Acryl Case - One Piece - Booster Display OP01 Reprint &amp; OP03 en ligne maintenant \u00e0 petit prix! Ton #1 shop pour cartes TCG & Pok\u00e9mon en Suisse \u2713 Livraison gratuite d\u00e8s CHF 29\",\"breadcrumb\":{\"@id\":\"https:\\\/\\\/theuncommonshop.ch\\\/fr\\\/product\\\/protecc-acryl-case-one-piece-booster-display-op01-reprint-op03\\\/#breadcrumb\"},\"inLanguage\":\"fr-FR\",\"potentialAction\":[{\"@type\":\"ReadAction\",\"target\":[\"https:\\\/\\\/theuncommonshop.ch\\\/fr\\\/product\\\/protecc-acryl-case-one-piece-booster-display-op01-reprint-op03\\\/\"]}]},{\"@type\":\"ImageObject\",\"inLanguage\":\"fr-FR\",\"@id\":\"https:\\\/\\\/theuncommonshop.ch\\\/fr\\\/product\\\/protecc-acryl-case-one-piece-booster-display-op01-reprint-op03\\\/#primaryimage\",\"url\":\"https:\\\/\\\/theuncommonshop.ch\\\/wp-content\\\/uploads\\\/2026\\\/04\\\/Design-ohne-Titel-3-1.jpg\",\"contentUrl\":\"https:\\\/\\\/theuncommonshop.ch\\\/wp-content\\\/uploads\\\/2026\\\/04\\\/Design-ohne-Titel-3-1.jpg\",\"width\":1500,\"height\":1500,\"caption\":\"ProteccOP01ReprintCase\"},{\"@type\":\"BreadcrumbList\",\"@id\":\"https:\\\/\\\/theuncommonshop.ch\\\/fr\\\/product\\\/protecc-acryl-case-one-piece-booster-display-op01-reprint-op03\\\/#breadcrumb\",\"itemListElement\":[{\"@type\":\"ListItem\",\"position\":1,\"name\":\"Accueil\",\"item\":\"https:\\\/\\\/theuncommonshop.ch\\\/fr\\\/accueil\\\/\"},{\"@type\":\"ListItem\",\"position\":2,\"name\":\"Boutique\",\"item\":\"https:\\\/\\\/theuncommonshop.ch\\\/fr\\\/boutique\\\/\"},{\"@type\":\"ListItem\",\"position\":3,\"name\":\"Accessoires TCG\",\"item\":\"https:\\\/\\\/theuncommonshop.ch\\\/fr\\\/categorie-produit\\\/accessoires-tcg\\\/\"},{\"@type\":\"ListItem\",\"position\":4,\"name\":\"Rangement\",\"item\":\"https:\\\/\\\/theuncommonshop.ch\\\/fr\\\/categorie-produit\\\/accessoires-tcg\\\/rangement\\\/\"},{\"@type\":\"ListItem\",\"position\":5,\"name\":\"Tout\",\"item\":\"https:\\\/\\\/theuncommonshop.ch\\\/fr\\\/categorie-produit\\\/accessoires-tcg\\\/rangement\\\/tout\\\/\"},{\"@type\":\"ListItem\",\"position\":6,\"name\":\"Protecc &#8211; Acryl Case &#8211; One Piece &#8211; Booster Display OP01 Reprint &amp; OP03\"}]},{\"@type\":\"WebSite\",\"@id\":\"https:\\\/\\\/theuncommonshop.ch\\\/#website\",\"url\":\"https:\\\/\\\/theuncommonshop.ch\\\/\",\"name\":\"Largest trading card shop in Switzerland\",\"description\":\"Magic, Pok\u00e9mon and Yu-gi-oh - The Uncommon Shop\",\"potentialAction\":[{\"@type\":\"SearchAction\",\"target\":{\"@type\":\"EntryPoint\",\"urlTemplate\":\"https:\\\/\\\/theuncommonshop.ch\\\/?s={search_term_string}\"},\"query-input\":{\"@type\":\"PropertyValueSpecification\",\"valueRequired\":true,\"valueName\":\"search_term_string\"}}],\"inLanguage\":\"fr-FR\"}]}<\/script>\n<meta property=\"product:price:amount\" content=\"29.95\" \/>\n<meta property=\"product:price:currency\" content=\"CHF\" \/>\n<meta property=\"og:availability\" content=\"instock\" \/>\n<meta property=\"product:availability\" content=\"instock\" \/>\n<meta property=\"product:retailer_item_id\" content=\"ProteccOnePieceOP01ReprintOP03AcrylCase\" \/>\n<meta property=\"product:condition\" content=\"new\" \/>\n<!-- \/ Yoast SEO plugin. -->","yoast_head_json":{"title":"Ach\u00e8te Protecc - Acryl Case - One Piece - Booster Display OP01 Reprint &amp; OP03","description":"Ach\u00e8te Protecc - Acryl Case - One Piece - Booster Display OP01 Reprint &amp; OP03 en ligne maintenant \u00e0 petit prix! Ton #1 shop pour cartes TCG & Pok\u00e9mon en Suisse \u2713 Livraison gratuite d\u00e8s CHF 29","robots":{"index":"index","follow":"follow","max-snippet":"max-snippet:-1","max-image-preview":"max-image-preview:large","max-video-preview":"max-video-preview:-1"},"canonical":"https:\/\/theuncommonshop.ch\/fr\/product\/protecc-acryl-case-one-piece-booster-display-op01-reprint-op03\/","og_locale":"fr_FR","og_type":"article","og_title":"Ach\u00e8te Protecc - Acryl Case - One Piece - Booster Display OP01 Reprint &amp; OP03","og_description":"Ach\u00e8te Protecc - Acryl Case - One Piece - Booster Display OP01 Reprint &amp; OP03 en ligne maintenant \u00e0 petit prix! Ton #1 shop pour cartes TCG & Pok\u00e9mon en Suisse \u2713 Livraison gratuite d\u00e8s CHF 29","og_url":"https:\/\/theuncommonshop.ch\/fr\/product\/protecc-acryl-case-one-piece-booster-display-op01-reprint-op03\/","og_site_name":"Largest trading card shop in Switzerland","og_image":[{"width":1500,"height":1500,"url":"https:\/\/theuncommonshop.ch\/wp-content\/uploads\/2026\/04\/Design-ohne-Titel-3-1.jpg","type":"image\/jpeg"}],"twitter_card":"summary_large_image","twitter_misc":{"Prix":"&#67;&#72;&#70;&nbsp;29.95","Disponibilit\u00e9":"En stock"},"schema":{"@context":"https:\/\/schema.org","@graph":[{"@type":"WebPage","@id":"https:\/\/theuncommonshop.ch\/fr\/product\/protecc-acryl-case-one-piece-booster-display-op01-reprint-op03\/","url":"https:\/\/theuncommonshop.ch\/fr\/product\/protecc-acryl-case-one-piece-booster-display-op01-reprint-op03\/","name":"Ach\u00e8te Protecc - Acryl Case - One Piece - Booster Display OP01 Reprint &amp; OP03","isPartOf":{"@id":"https:\/\/theuncommonshop.ch\/#website"},"primaryImageOfPage":{"@id":"https:\/\/theuncommonshop.ch\/fr\/product\/protecc-acryl-case-one-piece-booster-display-op01-reprint-op03\/#primaryimage"},"image":{"@id":"https:\/\/theuncommonshop.ch\/fr\/product\/protecc-acryl-case-one-piece-booster-display-op01-reprint-op03\/#primaryimage"},"thumbnailUrl":"https:\/\/theuncommonshop.ch\/wp-content\/uploads\/2026\/04\/Design-ohne-Titel-3-1.jpg","datePublished":"2026-04-21T23:41:21+00:00","description":"Ach\u00e8te Protecc - Acryl Case - One Piece - Booster Display OP01 Reprint &amp; OP03 en ligne maintenant \u00e0 petit prix! Ton #1 shop pour cartes TCG & Pok\u00e9mon en Suisse \u2713 Livraison gratuite d\u00e8s CHF 29","breadcrumb":{"@id":"https:\/\/theuncommonshop.ch\/fr\/product\/protecc-acryl-case-one-piece-booster-display-op01-reprint-op03\/#breadcrumb"},"inLanguage":"fr-FR","potentialAction":[{"@type":"ReadAction","target":["https:\/\/theuncommonshop.ch\/fr\/product\/protecc-acryl-case-one-piece-booster-display-op01-reprint-op03\/"]}]},{"@type":"ImageObject","inLanguage":"fr-FR","@id":"https:\/\/theuncommonshop.ch\/fr\/product\/protecc-acryl-case-one-piece-booster-display-op01-reprint-op03\/#primaryimage","url":"https:\/\/theuncommonshop.ch\/wp-content\/uploads\/2026\/04\/Design-ohne-Titel-3-1.jpg","contentUrl":"https:\/\/theuncommonshop.ch\/wp-content\/uploads\/2026\/04\/Design-ohne-Titel-3-1.jpg","width":1500,"height":1500,"caption":"ProteccOP01ReprintCase"},{"@type":"BreadcrumbList","@id":"https:\/\/theuncommonshop.ch\/fr\/product\/protecc-acryl-case-one-piece-booster-display-op01-reprint-op03\/#breadcrumb","itemListElement":[{"@type":"ListItem","position":1,"name":"Accueil","item":"https:\/\/theuncommonshop.ch\/fr\/accueil\/"},{"@type":"ListItem","position":2,"name":"Boutique","item":"https:\/\/theuncommonshop.ch\/fr\/boutique\/"},{"@type":"ListItem","position":3,"name":"Accessoires TCG","item":"https:\/\/theuncommonshop.ch\/fr\/categorie-produit\/accessoires-tcg\/"},{"@type":"ListItem","position":4,"name":"Rangement","item":"https:\/\/theuncommonshop.ch\/fr\/categorie-produit\/accessoires-tcg\/rangement\/"},{"@type":"ListItem","position":5,"name":"Tout","item":"https:\/\/theuncommonshop.ch\/fr\/categorie-produit\/accessoires-tcg\/rangement\/tout\/"},{"@type":"ListItem","position":6,"name":"Protecc &#8211; Acryl Case &#8211; One Piece &#8211; Booster Display OP01 Reprint &amp; OP03"}]},{"@type":"WebSite","@id":"https:\/\/theuncommonshop.ch\/#website","url":"https:\/\/theuncommonshop.ch\/","name":"Largest trading card shop in Switzerland","description":"Magic, Pok\u00e9mon and Yu-gi-oh - The Uncommon Shop","potentialAction":[{"@type":"SearchAction","target":{"@type":"EntryPoint","urlTemplate":"https:\/\/theuncommonshop.ch\/?s={search_term_string}"},"query-input":{"@type":"PropertyValueSpecification","valueRequired":true,"valueName":"search_term_string"}}],"inLanguage":"fr-FR"}]},"product_price_amount":"29.95","product_price_currency":"CHF","og_availability":"instock","product_availability":"instock","product_retailer_item_id":"ProteccOnePieceOP01ReprintOP03AcrylCase","product_condition":"new"},"_links":{"self":[{"href":"https:\/\/theuncommonshop.ch\/fr\/wp-json\/wp\/v2\/product\/370517","targetHints":{"allow":["GET"]}}],"collection":[{"href":"https:\/\/theuncommonshop.ch\/fr\/wp-json\/wp\/v2\/product"}],"about":[{"href":"https:\/\/theuncommonshop.ch\/fr\/wp-json\/wp\/v2\/types\/product"}],"replies":[{"embeddable":true,"href":"https:\/\/theuncommonshop.ch\/fr\/wp-json\/wp\/v2\/comments?post=370517"}],"version-history":[{"count":0,"href":"https:\/\/theuncommonshop.ch\/fr\/wp-json\/wp\/v2\/product\/370517\/revisions"}],"wp:featuredmedia":[{"embeddable":true,"href":"https:\/\/theuncommonshop.ch\/fr\/wp-json\/wp\/v2\/media\/370511"}],"wp:attachment":[{"href":"https:\/\/theuncommonshop.ch\/fr\/wp-json\/wp\/v2\/media?parent=370517"}],"wp:term":[{"taxonomy":"product_brand","embeddable":true,"href":"https:\/\/theuncommonshop.ch\/fr\/wp-json\/wp\/v2\/product_brand?post=370517"},{"taxonomy":"product_cat","embeddable":true,"href":"https:\/\/theuncommonshop.ch\/fr\/wp-json\/wp\/v2\/product_cat?post=370517"},{"taxonomy":"product_tag","embeddable":true,"href":"https:\/\/theuncommonshop.ch\/fr\/wp-json\/wp\/v2\/product_tag?post=370517"}],"curies":[{"name":"wp","href":"https:\/\/api.w.org\/{rel}","templated":true}]}}