{"id":370475,"date":"2026-04-22T00:02:39","date_gmt":"2026-04-21T22:02:39","guid":{"rendered":"https:\/\/theuncommonshop.ch\/product\/digimon-card-game-premium-heroines-set-version-2-pb23\/"},"modified":"2026-04-22T00:02:39","modified_gmt":"2026-04-21T22:02:39","slug":"digimon-card-game-premium-heroines-set-version-2-pb23","status":"publish","type":"product","link":"https:\/\/theuncommonshop.ch\/fr\/product\/digimon-card-game-premium-heroines-set-version-2-pb23\/","title":{"rendered":"Digimon Card Game &#8211; Premium Heroines Set Version 2 (PB23)"},"content":{"rendered":"<p data-start=\"131\" data-end=\"485\">Gr\u00e2ce \u00e0 la grande popularit\u00e9 des sets Heroine pr\u00e9c\u00e9dents, la version 2 est maintenant disponible ! Ce set exclusif pr\u00e9sente des Tamers f\u00e9minins issus de diff\u00e9rents jeux vid\u00e9o Digimon ainsi que des Digimon populaires dans de toutes nouvelles illustrations. De plus, le set contient des accessoires de haute qualit\u00e9 au design exclusif &#8211; parfait pour les collectionneurs* et les fans du Digimon Card Game !  <\/p>\n<p data-start=\"487\" data-end=\"500\"><strong data-start=\"487\" data-end=\"498\">Contenu :<\/strong><\/p>\n<ul>\n<li data-start=\"503\" data-end=\"555\">26 cartes (13 motifs diff\u00e9rents, 2 exemplaires de chaque)<\/li>\n<li data-start=\"558\" data-end=\"590\">60 pochettes de cartes<\/li>\n<li data-start=\"593\" data-end=\"621\">1 bo\u00eete de rangement solide<\/li>\n<\/ul>\n","protected":false},"excerpt":{"rendered":"<p>Gr\u00e2ce \u00e0 la grande popularit\u00e9 des sets Heroine pr\u00e9c\u00e9dents, la version 2 est maintenant disponible ! Ce set exclusif pr\u00e9sente<\/p>\n","protected":false},"featured_media":370461,"comment_status":"open","ping_status":"closed","template":"","meta":{"_acf_changed":false},"product_brand":[5100,5162],"product_cat":[9785,10015,9789],"product_tag":[],"class_list":{"0":"post-370475","1":"product","2":"type-product","3":"status-publish","4":"has-post-thumbnail","6":"product_brand-bandai-tcg","7":"product_brand-digimon-card-game","8":"product_cat-autres-cartes-a-collectionner","9":"product_cat-coffrets-et-collections-digimon","10":"product_cat-digimon-fr","12":"first","13":"instock","14":"taxable","15":"shipping-taxable","16":"purchasable","17":"product-type-simple"},"acf":[],"yoast_head":"<!-- This site is optimized with the Yoast SEO plugin v27.4 - https:\/\/yoast.com\/product\/yoast-seo-wordpress\/ -->\n<title>Ach\u00e8te Digimon Card Game - Premium Heroines Set Version 2 (PB23)<\/title>\n<meta name=\"description\" content=\"Ach\u00e8te Digimon Card Game - Premium Heroines Set Version 2 (PB23) en ligne maintenant \u00e0 petit prix! Ton #1 shop pour cartes TCG &amp; Pok\u00e9mon en Suisse \u2713 Livraison gratuite d\u00e8s CHF 29\" \/>\n<meta name=\"robots\" content=\"index, follow, max-snippet:-1, max-image-preview:large, max-video-preview:-1\" \/>\n<link rel=\"canonical\" href=\"https:\/\/theuncommonshop.ch\/fr\/product\/digimon-card-game-premium-heroines-set-version-2-pb23\/\" \/>\n<meta property=\"og:locale\" content=\"fr_FR\" \/>\n<meta property=\"og:type\" content=\"article\" \/>\n<meta property=\"og:title\" content=\"Ach\u00e8te Digimon Card Game - Premium Heroines Set Version 2 (PB23)\" \/>\n<meta property=\"og:description\" content=\"Ach\u00e8te Digimon Card Game - Premium Heroines Set Version 2 (PB23) en ligne maintenant \u00e0 petit prix! Ton #1 shop pour cartes TCG &amp; Pok\u00e9mon en Suisse \u2713 Livraison gratuite d\u00e8s CHF 29\" \/>\n<meta property=\"og:url\" content=\"https:\/\/theuncommonshop.ch\/fr\/product\/digimon-card-game-premium-heroines-set-version-2-pb23\/\" \/>\n<meta property=\"og:site_name\" content=\"The Uncommon Shop\" \/>\n<meta property=\"og:image\" content=\"https:\/\/theuncommonshop.ch\/wp-content\/uploads\/2026\/04\/DIGIMONPB23_1.jpeg\" \/>\n\t<meta property=\"og:image:width\" content=\"800\" \/>\n\t<meta property=\"og:image:height\" content=\"800\" \/>\n\t<meta property=\"og:image:type\" content=\"image\/jpeg\" \/>\n<meta name=\"twitter:card\" content=\"summary_large_image\" \/>\n<meta name=\"twitter:label1\" content=\"Prix\" \/>\n\t<meta name=\"twitter:data1\" content=\"&#067;&#072;&#070;&nbsp;84.95\" \/>\n\t<meta name=\"twitter:label2\" content=\"Disponibilit\u00e9\" \/>\n\t<meta name=\"twitter:data2\" content=\"En stock\" \/>\n<script type=\"application\/ld+json\" class=\"yoast-schema-graph\">{\"@context\":\"https:\\\/\\\/schema.org\",\"@graph\":[{\"@type\":\"WebPage\",\"@id\":\"https:\\\/\\\/theuncommonshop.ch\\\/fr\\\/product\\\/digimon-card-game-premium-heroines-set-version-2-pb23\\\/\",\"url\":\"https:\\\/\\\/theuncommonshop.ch\\\/fr\\\/product\\\/digimon-card-game-premium-heroines-set-version-2-pb23\\\/\",\"name\":\"Ach\u00e8te Digimon Card Game - Premium Heroines Set Version 2 (PB23)\",\"isPartOf\":{\"@id\":\"https:\\\/\\\/theuncommonshop.ch\\\/fr\\\/#website\"},\"primaryImageOfPage\":{\"@id\":\"https:\\\/\\\/theuncommonshop.ch\\\/fr\\\/product\\\/digimon-card-game-premium-heroines-set-version-2-pb23\\\/#primaryimage\"},\"image\":{\"@id\":\"https:\\\/\\\/theuncommonshop.ch\\\/fr\\\/product\\\/digimon-card-game-premium-heroines-set-version-2-pb23\\\/#primaryimage\"},\"thumbnailUrl\":\"https:\\\/\\\/theuncommonshop.ch\\\/wp-content\\\/uploads\\\/2026\\\/04\\\/DIGIMONPB23_1.jpeg\",\"datePublished\":\"2026-04-21T22:02:39+00:00\",\"description\":\"Ach\u00e8te Digimon Card Game - Premium Heroines Set Version 2 (PB23) en ligne maintenant \u00e0 petit prix! Ton #1 shop pour cartes TCG & Pok\u00e9mon en Suisse \u2713 Livraison gratuite d\u00e8s CHF 29\",\"breadcrumb\":{\"@id\":\"https:\\\/\\\/theuncommonshop.ch\\\/fr\\\/product\\\/digimon-card-game-premium-heroines-set-version-2-pb23\\\/#breadcrumb\"},\"inLanguage\":\"fr-FR\",\"potentialAction\":[{\"@type\":\"ReadAction\",\"target\":[\"https:\\\/\\\/theuncommonshop.ch\\\/fr\\\/product\\\/digimon-card-game-premium-heroines-set-version-2-pb23\\\/\"]}]},{\"@type\":\"ImageObject\",\"inLanguage\":\"fr-FR\",\"@id\":\"https:\\\/\\\/theuncommonshop.ch\\\/fr\\\/product\\\/digimon-card-game-premium-heroines-set-version-2-pb23\\\/#primaryimage\",\"url\":\"https:\\\/\\\/theuncommonshop.ch\\\/wp-content\\\/uploads\\\/2026\\\/04\\\/DIGIMONPB23_1.jpeg\",\"contentUrl\":\"https:\\\/\\\/theuncommonshop.ch\\\/wp-content\\\/uploads\\\/2026\\\/04\\\/DIGIMONPB23_1.jpeg\",\"width\":800,\"height\":800,\"caption\":\"DIGIMONPB23 1\"},{\"@type\":\"BreadcrumbList\",\"@id\":\"https:\\\/\\\/theuncommonshop.ch\\\/fr\\\/product\\\/digimon-card-game-premium-heroines-set-version-2-pb23\\\/#breadcrumb\",\"itemListElement\":[{\"@type\":\"ListItem\",\"position\":1,\"name\":\"Accueil\",\"item\":\"https:\\\/\\\/theuncommonshop.ch\\\/fr\\\/accueil\\\/\"},{\"@type\":\"ListItem\",\"position\":2,\"name\":\"Boutique\",\"item\":\"https:\\\/\\\/theuncommonshop.ch\\\/fr\\\/boutique\\\/\"},{\"@type\":\"ListItem\",\"position\":3,\"name\":\"Autres cartes \u00e0 collectionner\",\"item\":\"https:\\\/\\\/theuncommonshop.ch\\\/fr\\\/categorie-produit\\\/autres-cartes-a-collectionner\\\/\"},{\"@type\":\"ListItem\",\"position\":4,\"name\":\"Digimon\",\"item\":\"https:\\\/\\\/theuncommonshop.ch\\\/fr\\\/categorie-produit\\\/autres-cartes-a-collectionner\\\/digimon-fr\\\/\"},{\"@type\":\"ListItem\",\"position\":5,\"name\":\"Coffrets & collections\",\"item\":\"https:\\\/\\\/theuncommonshop.ch\\\/fr\\\/categorie-produit\\\/autres-cartes-a-collectionner\\\/digimon-fr\\\/coffrets-et-collections-digimon\\\/\"},{\"@type\":\"ListItem\",\"position\":6,\"name\":\"Digimon Card Game &#8211; Premium Heroines Set Version 2 (PB23)\"}]},{\"@type\":\"WebSite\",\"@id\":\"https:\\\/\\\/theuncommonshop.ch\\\/fr\\\/#website\",\"url\":\"https:\\\/\\\/theuncommonshop.ch\\\/fr\\\/\",\"name\":\"The Uncommon Shop\",\"description\":\"Magic, Pok\u00e9mon and Yu-gi-oh - The Uncommon Shop\",\"potentialAction\":[{\"@type\":\"SearchAction\",\"target\":{\"@type\":\"EntryPoint\",\"urlTemplate\":\"https:\\\/\\\/theuncommonshop.ch\\\/fr\\\/?s={search_term_string}\"},\"query-input\":{\"@type\":\"PropertyValueSpecification\",\"valueRequired\":true,\"valueName\":\"search_term_string\"}}],\"inLanguage\":\"fr-FR\"}]}<\/script>\n<meta property=\"product:price:amount\" content=\"84.95\" \/>\n<meta property=\"product:price:currency\" content=\"CHF\" \/>\n<meta property=\"og:availability\" content=\"instock\" \/>\n<meta property=\"product:availability\" content=\"instock\" \/>\n<meta property=\"product:retailer_item_id\" content=\"DigimonPremHeroinesSetVol2PB23.EN\" \/>\n<meta property=\"product:condition\" content=\"new\" \/>\n<!-- \/ Yoast SEO plugin. -->","yoast_head_json":{"title":"Ach\u00e8te Digimon Card Game - Premium Heroines Set Version 2 (PB23)","description":"Ach\u00e8te Digimon Card Game - Premium Heroines Set Version 2 (PB23) en ligne maintenant \u00e0 petit prix! Ton #1 shop pour cartes TCG & Pok\u00e9mon en Suisse \u2713 Livraison gratuite d\u00e8s CHF 29","robots":{"index":"index","follow":"follow","max-snippet":"max-snippet:-1","max-image-preview":"max-image-preview:large","max-video-preview":"max-video-preview:-1"},"canonical":"https:\/\/theuncommonshop.ch\/fr\/product\/digimon-card-game-premium-heroines-set-version-2-pb23\/","og_locale":"fr_FR","og_type":"article","og_title":"Ach\u00e8te Digimon Card Game - Premium Heroines Set Version 2 (PB23)","og_description":"Ach\u00e8te Digimon Card Game - Premium Heroines Set Version 2 (PB23) en ligne maintenant \u00e0 petit prix! Ton #1 shop pour cartes TCG & Pok\u00e9mon en Suisse \u2713 Livraison gratuite d\u00e8s CHF 29","og_url":"https:\/\/theuncommonshop.ch\/fr\/product\/digimon-card-game-premium-heroines-set-version-2-pb23\/","og_site_name":"The Uncommon Shop","og_image":[{"width":800,"height":800,"url":"https:\/\/theuncommonshop.ch\/wp-content\/uploads\/2026\/04\/DIGIMONPB23_1.jpeg","type":"image\/jpeg"}],"twitter_card":"summary_large_image","twitter_misc":{"Prix":"&#67;&#72;&#70;&nbsp;84.95","Disponibilit\u00e9":"En stock"},"schema":{"@context":"https:\/\/schema.org","@graph":[{"@type":"WebPage","@id":"https:\/\/theuncommonshop.ch\/fr\/product\/digimon-card-game-premium-heroines-set-version-2-pb23\/","url":"https:\/\/theuncommonshop.ch\/fr\/product\/digimon-card-game-premium-heroines-set-version-2-pb23\/","name":"Ach\u00e8te Digimon Card Game - Premium Heroines Set Version 2 (PB23)","isPartOf":{"@id":"https:\/\/theuncommonshop.ch\/fr\/#website"},"primaryImageOfPage":{"@id":"https:\/\/theuncommonshop.ch\/fr\/product\/digimon-card-game-premium-heroines-set-version-2-pb23\/#primaryimage"},"image":{"@id":"https:\/\/theuncommonshop.ch\/fr\/product\/digimon-card-game-premium-heroines-set-version-2-pb23\/#primaryimage"},"thumbnailUrl":"https:\/\/theuncommonshop.ch\/wp-content\/uploads\/2026\/04\/DIGIMONPB23_1.jpeg","datePublished":"2026-04-21T22:02:39+00:00","description":"Ach\u00e8te Digimon Card Game - Premium Heroines Set Version 2 (PB23) en ligne maintenant \u00e0 petit prix! Ton #1 shop pour cartes TCG & Pok\u00e9mon en Suisse \u2713 Livraison gratuite d\u00e8s CHF 29","breadcrumb":{"@id":"https:\/\/theuncommonshop.ch\/fr\/product\/digimon-card-game-premium-heroines-set-version-2-pb23\/#breadcrumb"},"inLanguage":"fr-FR","potentialAction":[{"@type":"ReadAction","target":["https:\/\/theuncommonshop.ch\/fr\/product\/digimon-card-game-premium-heroines-set-version-2-pb23\/"]}]},{"@type":"ImageObject","inLanguage":"fr-FR","@id":"https:\/\/theuncommonshop.ch\/fr\/product\/digimon-card-game-premium-heroines-set-version-2-pb23\/#primaryimage","url":"https:\/\/theuncommonshop.ch\/wp-content\/uploads\/2026\/04\/DIGIMONPB23_1.jpeg","contentUrl":"https:\/\/theuncommonshop.ch\/wp-content\/uploads\/2026\/04\/DIGIMONPB23_1.jpeg","width":800,"height":800,"caption":"DIGIMONPB23 1"},{"@type":"BreadcrumbList","@id":"https:\/\/theuncommonshop.ch\/fr\/product\/digimon-card-game-premium-heroines-set-version-2-pb23\/#breadcrumb","itemListElement":[{"@type":"ListItem","position":1,"name":"Accueil","item":"https:\/\/theuncommonshop.ch\/fr\/accueil\/"},{"@type":"ListItem","position":2,"name":"Boutique","item":"https:\/\/theuncommonshop.ch\/fr\/boutique\/"},{"@type":"ListItem","position":3,"name":"Autres cartes \u00e0 collectionner","item":"https:\/\/theuncommonshop.ch\/fr\/categorie-produit\/autres-cartes-a-collectionner\/"},{"@type":"ListItem","position":4,"name":"Digimon","item":"https:\/\/theuncommonshop.ch\/fr\/categorie-produit\/autres-cartes-a-collectionner\/digimon-fr\/"},{"@type":"ListItem","position":5,"name":"Coffrets & collections","item":"https:\/\/theuncommonshop.ch\/fr\/categorie-produit\/autres-cartes-a-collectionner\/digimon-fr\/coffrets-et-collections-digimon\/"},{"@type":"ListItem","position":6,"name":"Digimon Card Game &#8211; Premium Heroines Set Version 2 (PB23)"}]},{"@type":"WebSite","@id":"https:\/\/theuncommonshop.ch\/fr\/#website","url":"https:\/\/theuncommonshop.ch\/fr\/","name":"The Uncommon Shop","description":"Magic, Pok\u00e9mon and Yu-gi-oh - The Uncommon Shop","potentialAction":[{"@type":"SearchAction","target":{"@type":"EntryPoint","urlTemplate":"https:\/\/theuncommonshop.ch\/fr\/?s={search_term_string}"},"query-input":{"@type":"PropertyValueSpecification","valueRequired":true,"valueName":"search_term_string"}}],"inLanguage":"fr-FR"}]},"product_price_amount":"84.95","product_price_currency":"CHF","og_availability":"instock","product_availability":"instock","product_retailer_item_id":"DigimonPremHeroinesSetVol2PB23.EN","product_condition":"new"},"_links":{"self":[{"href":"https:\/\/theuncommonshop.ch\/fr\/wp-json\/wp\/v2\/product\/370475","targetHints":{"allow":["GET"]}}],"collection":[{"href":"https:\/\/theuncommonshop.ch\/fr\/wp-json\/wp\/v2\/product"}],"about":[{"href":"https:\/\/theuncommonshop.ch\/fr\/wp-json\/wp\/v2\/types\/product"}],"replies":[{"embeddable":true,"href":"https:\/\/theuncommonshop.ch\/fr\/wp-json\/wp\/v2\/comments?post=370475"}],"version-history":[{"count":0,"href":"https:\/\/theuncommonshop.ch\/fr\/wp-json\/wp\/v2\/product\/370475\/revisions"}],"wp:featuredmedia":[{"embeddable":true,"href":"https:\/\/theuncommonshop.ch\/fr\/wp-json\/wp\/v2\/media\/370461"}],"wp:attachment":[{"href":"https:\/\/theuncommonshop.ch\/fr\/wp-json\/wp\/v2\/media?parent=370475"}],"wp:term":[{"taxonomy":"product_brand","embeddable":true,"href":"https:\/\/theuncommonshop.ch\/fr\/wp-json\/wp\/v2\/product_brand?post=370475"},{"taxonomy":"product_cat","embeddable":true,"href":"https:\/\/theuncommonshop.ch\/fr\/wp-json\/wp\/v2\/product_cat?post=370475"},{"taxonomy":"product_tag","embeddable":true,"href":"https:\/\/theuncommonshop.ch\/fr\/wp-json\/wp\/v2\/product_tag?post=370475"}],"curies":[{"name":"wp","href":"https:\/\/api.w.org\/{rel}","templated":true}]}}