{"id":370448,"date":"2026-04-21T23:40:55","date_gmt":"2026-04-21T21:40:55","guid":{"rendered":"https:\/\/theuncommonshop.ch\/product\/magic-secrets-of-strixhaven-sos-prerelease-kit\/"},"modified":"2026-04-21T23:40:55","modified_gmt":"2026-04-21T21:40:55","slug":"magic-secrets-of-strixhaven-sos-prerelease-kit","status":"publish","type":"product","link":"https:\/\/theuncommonshop.ch\/fr\/product\/magic-secrets-of-strixhaven-sos-prerelease-kit\/","title":{"rendered":"Magic &#8211; Secrets of Strixhaven (SOS) &#8211; Prerelease Kit"},"content":{"rendered":"<div class=\"_copy_dlv29_33\">\n<p>Retournez \u00e0 Strixhaven, la c\u00e9l\u00e8bre Acad\u00e9mie des Magiciens de <em>Magic<\/em>, et d\u00e9couvrez les myst\u00e8res accumul\u00e9s au fil des ann\u00e9es en explorant ses couloirs sacr\u00e9s et au-del\u00e0. Les cinq facult\u00e9s sont de retour, chacune avec sa propre apparence, son ambiance et sa sp\u00e9cialit\u00e9 magique. Alors que vous d\u00e9veloppez vos comp\u00e9tences, faites des d\u00e9couvertes acad\u00e9miques et travaillez \u00e0 prouver que votre facult\u00e9 est la meilleure, vous devez \u00eatre prudent &#8211; les connaissances que vous acqu\u00e9rez en deuxi\u00e8me ann\u00e9e sont plus dangereuses.  <\/p>\n<\/div>\n<div class=\"_contents_dlv29_52\">\n<div class=\"_contentsHeader_dlv29_61\"><strong>Contenu :<\/strong><\/div>\n<div class=\"_copy_dlv29_33\">\n<ul>\n<li>Contient 5 boosters de jeu <i>Les secrets de Strixhaven<\/i>\n<ul>\n<li>Chaque Booster de jeu contient 14 cartes de <i>Magic : The Gathering<\/i>.\n<ul>\n<li>Peut contenir les cartes suivantes : SOS 1-305 ; SOA 1-65 ; SPG 149-158<\/li>\n<li>1-5 cartes de raret\u00e9 rare ou sup\u00e9rieure (2 : 33 %, 3 : 6 %, 4-5 : &lt; 1 %)<\/li>\n<li>3-6 cartes moins fr\u00e9quentes<\/li>\n<li>5-8 cartes fr\u00e9quentes<\/li>\n<li>1 carte de pays<\/li>\n<li>1 carte de n&#8217;importe quelle raret\u00e9 est une carte foil traditionnelle<\/li>\n<li>Cartes fabuleusement rares sans bord en tant que carte foil traditionnelle dans &lt; 1 % des Boosters<\/li>\n<li>20 % des Boosters contiennent un pays Foil traditionnel au lieu d&#8217;une carte de pays.<\/li>\n<\/ul>\n<\/li>\n<\/ul>\n<\/li>\n<li>1 Booster sp\u00e9cial <i>Secrets de Strixhaven<\/i>\n<ul>\n<li>Chaque Booster sp\u00e9cial a pour th\u00e8me une facult\u00e9 diff\u00e9rente de Strixhaven.<\/li>\n<li>14 cartes adapt\u00e9es \u00e0 une facult\u00e9, dont 1 carte foil traditionnelle rare ou fabuleusement rare<\/li>\n<\/ul>\n<\/li>\n<li>1 carte foil traditionnelle rare\/l\u00e9gendaire<\/li>\n<li>Compteur de points de vie Spindown surdimensionn\u00e9<\/li>\n<\/ul>\n<\/div>\n<\/div>\n","protected":false},"excerpt":{"rendered":"<p>Retournez \u00e0 Strixhaven, la c\u00e9l\u00e8bre Acad\u00e9mie des Magiciens de Magic, et d\u00e9couvrez les myst\u00e8res accumul\u00e9s au fil des ann\u00e9es en<\/p>\n","protected":false},"featured_media":370434,"comment_status":"open","ping_status":"closed","template":"","meta":{"_acf_changed":false},"product_brand":[5158,5070],"product_cat":[9973,10161,9967],"product_tag":[],"class_list":{"0":"post-370448","1":"product","2":"type-product","3":"status-publish","4":"has-post-thumbnail","6":"product_brand-magic-the-gathering","7":"product_brand-wizards-of-the-coast","8":"product_cat-autres","9":"product_cat-kits-de-pre-lancement","10":"product_cat-magic-the-gathering-fr","12":"first","13":"instock","14":"taxable","15":"shipping-taxable","16":"purchasable","17":"product-type-variable"},"acf":[],"yoast_head":"<!-- This site is optimized with the Yoast SEO plugin v27.4 - https:\/\/yoast.com\/product\/yoast-seo-wordpress\/ -->\n<title>Ach\u00e8te Magic - Secrets of Strixhaven (SOS) - Prerelease Kit<\/title>\n<meta name=\"description\" content=\"Ach\u00e8te Magic - Secrets of Strixhaven (SOS) - Prerelease Kit en ligne maintenant \u00e0 petit prix! Ton #1 shop pour cartes TCG &amp; Pok\u00e9mon en Suisse \u2713 Livraison gratuite d\u00e8s CHF 29\" \/>\n<meta name=\"robots\" content=\"index, follow, max-snippet:-1, max-image-preview:large, max-video-preview:-1\" \/>\n<link rel=\"canonical\" href=\"https:\/\/theuncommonshop.ch\/fr\/product\/magic-secrets-of-strixhaven-sos-prerelease-kit\/\" \/>\n<meta property=\"og:locale\" content=\"fr_FR\" \/>\n<meta property=\"og:type\" content=\"article\" \/>\n<meta property=\"og:title\" content=\"Ach\u00e8te Magic - Secrets of Strixhaven (SOS) - Prerelease Kit\" \/>\n<meta property=\"og:description\" content=\"Ach\u00e8te Magic - Secrets of Strixhaven (SOS) - Prerelease Kit en ligne maintenant \u00e0 petit prix! Ton #1 shop pour cartes TCG &amp; Pok\u00e9mon en Suisse \u2713 Livraison gratuite d\u00e8s CHF 29\" \/>\n<meta property=\"og:url\" content=\"https:\/\/theuncommonshop.ch\/fr\/product\/magic-secrets-of-strixhaven-sos-prerelease-kit\/\" \/>\n<meta property=\"og:site_name\" content=\"Largest trading card shop in Switzerland\" \/>\n<meta property=\"og:image\" content=\"https:\/\/theuncommonshop.ch\/wp-content\/uploads\/2026\/04\/SECRETSOFSTRIX_PRE.webp\" \/>\n\t<meta property=\"og:image:width\" content=\"1445\" \/>\n\t<meta property=\"og:image:height\" content=\"1445\" \/>\n\t<meta property=\"og:image:type\" content=\"image\/webp\" \/>\n<meta name=\"twitter:card\" content=\"summary_large_image\" \/>\n<meta name=\"twitter:label1\" content=\"Disponibilit\u00e9\" \/>\n\t<meta name=\"twitter:data1\" content=\"En stock\" \/>\n<script type=\"application\/ld+json\" class=\"yoast-schema-graph\">{\"@context\":\"https:\\\/\\\/schema.org\",\"@graph\":[{\"@type\":\"WebPage\",\"@id\":\"https:\\\/\\\/theuncommonshop.ch\\\/fr\\\/product\\\/magic-secrets-of-strixhaven-sos-prerelease-kit\\\/\",\"url\":\"https:\\\/\\\/theuncommonshop.ch\\\/fr\\\/product\\\/magic-secrets-of-strixhaven-sos-prerelease-kit\\\/\",\"name\":\"Ach\u00e8te Magic - Secrets of Strixhaven (SOS) - Prerelease Kit\",\"isPartOf\":{\"@id\":\"https:\\\/\\\/theuncommonshop.ch\\\/#website\"},\"primaryImageOfPage\":{\"@id\":\"https:\\\/\\\/theuncommonshop.ch\\\/fr\\\/product\\\/magic-secrets-of-strixhaven-sos-prerelease-kit\\\/#primaryimage\"},\"image\":{\"@id\":\"https:\\\/\\\/theuncommonshop.ch\\\/fr\\\/product\\\/magic-secrets-of-strixhaven-sos-prerelease-kit\\\/#primaryimage\"},\"thumbnailUrl\":\"https:\\\/\\\/theuncommonshop.ch\\\/wp-content\\\/uploads\\\/2026\\\/04\\\/SECRETSOFSTRIX_PRE.webp\",\"datePublished\":\"2026-04-21T21:40:55+00:00\",\"description\":\"Ach\u00e8te Magic - Secrets of Strixhaven (SOS) - Prerelease Kit en ligne maintenant \u00e0 petit prix! Ton #1 shop pour cartes TCG & Pok\u00e9mon en Suisse \u2713 Livraison gratuite d\u00e8s CHF 29\",\"breadcrumb\":{\"@id\":\"https:\\\/\\\/theuncommonshop.ch\\\/fr\\\/product\\\/magic-secrets-of-strixhaven-sos-prerelease-kit\\\/#breadcrumb\"},\"inLanguage\":\"fr-FR\",\"potentialAction\":[{\"@type\":\"ReadAction\",\"target\":[\"https:\\\/\\\/theuncommonshop.ch\\\/fr\\\/product\\\/magic-secrets-of-strixhaven-sos-prerelease-kit\\\/\"]}]},{\"@type\":\"ImageObject\",\"inLanguage\":\"fr-FR\",\"@id\":\"https:\\\/\\\/theuncommonshop.ch\\\/fr\\\/product\\\/magic-secrets-of-strixhaven-sos-prerelease-kit\\\/#primaryimage\",\"url\":\"https:\\\/\\\/theuncommonshop.ch\\\/wp-content\\\/uploads\\\/2026\\\/04\\\/SECRETSOFSTRIX_PRE.webp\",\"contentUrl\":\"https:\\\/\\\/theuncommonshop.ch\\\/wp-content\\\/uploads\\\/2026\\\/04\\\/SECRETSOFSTRIX_PRE.webp\",\"width\":1445,\"height\":1445,\"caption\":\"SECRETSOFSTRIX PRE\"},{\"@type\":\"BreadcrumbList\",\"@id\":\"https:\\\/\\\/theuncommonshop.ch\\\/fr\\\/product\\\/magic-secrets-of-strixhaven-sos-prerelease-kit\\\/#breadcrumb\",\"itemListElement\":[{\"@type\":\"ListItem\",\"position\":1,\"name\":\"Accueil\",\"item\":\"https:\\\/\\\/theuncommonshop.ch\\\/fr\\\/accueil\\\/\"},{\"@type\":\"ListItem\",\"position\":2,\"name\":\"Boutique\",\"item\":\"https:\\\/\\\/theuncommonshop.ch\\\/fr\\\/boutique\\\/\"},{\"@type\":\"ListItem\",\"position\":3,\"name\":\"Magic &#8211; Secrets of Strixhaven (SOS) &#8211; Prerelease Kit\"}]},{\"@type\":\"WebSite\",\"@id\":\"https:\\\/\\\/theuncommonshop.ch\\\/#website\",\"url\":\"https:\\\/\\\/theuncommonshop.ch\\\/\",\"name\":\"Largest trading card shop in Switzerland\",\"description\":\"Magic, Pok\u00e9mon and Yu-gi-oh - The Uncommon Shop\",\"potentialAction\":[{\"@type\":\"SearchAction\",\"target\":{\"@type\":\"EntryPoint\",\"urlTemplate\":\"https:\\\/\\\/theuncommonshop.ch\\\/?s={search_term_string}\"},\"query-input\":{\"@type\":\"PropertyValueSpecification\",\"valueRequired\":true,\"valueName\":\"search_term_string\"}}],\"inLanguage\":\"fr-FR\"}]}<\/script>\n<meta property=\"og:availability\" content=\"instock\" \/>\n<meta property=\"product:availability\" content=\"instock\" \/>\n<meta property=\"product:condition\" content=\"new\" \/>\n<!-- \/ Yoast SEO plugin. -->","yoast_head_json":{"title":"Ach\u00e8te Magic - Secrets of Strixhaven (SOS) - Prerelease Kit","description":"Ach\u00e8te Magic - Secrets of Strixhaven (SOS) - Prerelease Kit en ligne maintenant \u00e0 petit prix! Ton #1 shop pour cartes TCG & Pok\u00e9mon en Suisse \u2713 Livraison gratuite d\u00e8s CHF 29","robots":{"index":"index","follow":"follow","max-snippet":"max-snippet:-1","max-image-preview":"max-image-preview:large","max-video-preview":"max-video-preview:-1"},"canonical":"https:\/\/theuncommonshop.ch\/fr\/product\/magic-secrets-of-strixhaven-sos-prerelease-kit\/","og_locale":"fr_FR","og_type":"article","og_title":"Ach\u00e8te Magic - Secrets of Strixhaven (SOS) - Prerelease Kit","og_description":"Ach\u00e8te Magic - Secrets of Strixhaven (SOS) - Prerelease Kit en ligne maintenant \u00e0 petit prix! Ton #1 shop pour cartes TCG & Pok\u00e9mon en Suisse \u2713 Livraison gratuite d\u00e8s CHF 29","og_url":"https:\/\/theuncommonshop.ch\/fr\/product\/magic-secrets-of-strixhaven-sos-prerelease-kit\/","og_site_name":"Largest trading card shop in Switzerland","og_image":[{"width":1445,"height":1445,"url":"https:\/\/theuncommonshop.ch\/wp-content\/uploads\/2026\/04\/SECRETSOFSTRIX_PRE.webp","type":"image\/webp"}],"twitter_card":"summary_large_image","twitter_misc":{"Disponibilit\u00e9":"En stock"},"schema":{"@context":"https:\/\/schema.org","@graph":[{"@type":"WebPage","@id":"https:\/\/theuncommonshop.ch\/fr\/product\/magic-secrets-of-strixhaven-sos-prerelease-kit\/","url":"https:\/\/theuncommonshop.ch\/fr\/product\/magic-secrets-of-strixhaven-sos-prerelease-kit\/","name":"Ach\u00e8te Magic - Secrets of Strixhaven (SOS) - Prerelease Kit","isPartOf":{"@id":"https:\/\/theuncommonshop.ch\/#website"},"primaryImageOfPage":{"@id":"https:\/\/theuncommonshop.ch\/fr\/product\/magic-secrets-of-strixhaven-sos-prerelease-kit\/#primaryimage"},"image":{"@id":"https:\/\/theuncommonshop.ch\/fr\/product\/magic-secrets-of-strixhaven-sos-prerelease-kit\/#primaryimage"},"thumbnailUrl":"https:\/\/theuncommonshop.ch\/wp-content\/uploads\/2026\/04\/SECRETSOFSTRIX_PRE.webp","datePublished":"2026-04-21T21:40:55+00:00","description":"Ach\u00e8te Magic - Secrets of Strixhaven (SOS) - Prerelease Kit en ligne maintenant \u00e0 petit prix! Ton #1 shop pour cartes TCG & Pok\u00e9mon en Suisse \u2713 Livraison gratuite d\u00e8s CHF 29","breadcrumb":{"@id":"https:\/\/theuncommonshop.ch\/fr\/product\/magic-secrets-of-strixhaven-sos-prerelease-kit\/#breadcrumb"},"inLanguage":"fr-FR","potentialAction":[{"@type":"ReadAction","target":["https:\/\/theuncommonshop.ch\/fr\/product\/magic-secrets-of-strixhaven-sos-prerelease-kit\/"]}]},{"@type":"ImageObject","inLanguage":"fr-FR","@id":"https:\/\/theuncommonshop.ch\/fr\/product\/magic-secrets-of-strixhaven-sos-prerelease-kit\/#primaryimage","url":"https:\/\/theuncommonshop.ch\/wp-content\/uploads\/2026\/04\/SECRETSOFSTRIX_PRE.webp","contentUrl":"https:\/\/theuncommonshop.ch\/wp-content\/uploads\/2026\/04\/SECRETSOFSTRIX_PRE.webp","width":1445,"height":1445,"caption":"SECRETSOFSTRIX PRE"},{"@type":"BreadcrumbList","@id":"https:\/\/theuncommonshop.ch\/fr\/product\/magic-secrets-of-strixhaven-sos-prerelease-kit\/#breadcrumb","itemListElement":[{"@type":"ListItem","position":1,"name":"Accueil","item":"https:\/\/theuncommonshop.ch\/fr\/accueil\/"},{"@type":"ListItem","position":2,"name":"Boutique","item":"https:\/\/theuncommonshop.ch\/fr\/boutique\/"},{"@type":"ListItem","position":3,"name":"Magic &#8211; Secrets of Strixhaven (SOS) &#8211; Prerelease Kit"}]},{"@type":"WebSite","@id":"https:\/\/theuncommonshop.ch\/#website","url":"https:\/\/theuncommonshop.ch\/","name":"Largest trading card shop in Switzerland","description":"Magic, Pok\u00e9mon and Yu-gi-oh - The Uncommon Shop","potentialAction":[{"@type":"SearchAction","target":{"@type":"EntryPoint","urlTemplate":"https:\/\/theuncommonshop.ch\/?s={search_term_string}"},"query-input":{"@type":"PropertyValueSpecification","valueRequired":true,"valueName":"search_term_string"}}],"inLanguage":"fr-FR"}]},"og_availability":"instock","product_availability":"instock","product_condition":"new"},"_links":{"self":[{"href":"https:\/\/theuncommonshop.ch\/fr\/wp-json\/wp\/v2\/product\/370448","targetHints":{"allow":["GET"]}}],"collection":[{"href":"https:\/\/theuncommonshop.ch\/fr\/wp-json\/wp\/v2\/product"}],"about":[{"href":"https:\/\/theuncommonshop.ch\/fr\/wp-json\/wp\/v2\/types\/product"}],"replies":[{"embeddable":true,"href":"https:\/\/theuncommonshop.ch\/fr\/wp-json\/wp\/v2\/comments?post=370448"}],"version-history":[{"count":0,"href":"https:\/\/theuncommonshop.ch\/fr\/wp-json\/wp\/v2\/product\/370448\/revisions"}],"wp:featuredmedia":[{"embeddable":true,"href":"https:\/\/theuncommonshop.ch\/fr\/wp-json\/wp\/v2\/media\/370434"}],"wp:attachment":[{"href":"https:\/\/theuncommonshop.ch\/fr\/wp-json\/wp\/v2\/media?parent=370448"}],"wp:term":[{"taxonomy":"product_brand","embeddable":true,"href":"https:\/\/theuncommonshop.ch\/fr\/wp-json\/wp\/v2\/product_brand?post=370448"},{"taxonomy":"product_cat","embeddable":true,"href":"https:\/\/theuncommonshop.ch\/fr\/wp-json\/wp\/v2\/product_cat?post=370448"},{"taxonomy":"product_tag","embeddable":true,"href":"https:\/\/theuncommonshop.ch\/fr\/wp-json\/wp\/v2\/product_tag?post=370448"}],"curies":[{"name":"wp","href":"https:\/\/api.w.org\/{rel}","templated":true}]}}