{"id":370278,"date":"2026-04-21T01:08:49","date_gmt":"2026-04-20T23:08:49","guid":{"rendered":"https:\/\/theuncommonshop.ch\/product\/pokemon-mega-evolution-mega-dream-ex-m2a-mega-dragonite-ex-m2a-232\/"},"modified":"2026-04-21T01:08:49","modified_gmt":"2026-04-20T23:08:49","slug":"pokemon-mega-evolution-mega-dream-ex-m2a-mega-dragonite-ex-m2a-232","status":"publish","type":"product","link":"https:\/\/theuncommonshop.ch\/fr\/product\/pokemon-mega-evolution-mega-dream-ex-m2a-mega-dragonite-ex-m2a-232\/","title":{"rendered":"Pok\u00e9mon &#8211; Mega Evolution &#8211; Mega Dream ex (M2A) &#8211; Mega Dragonite ex (M2A 232)"},"content":{"rendered":"<h4 data-path-to-node=\"2\">Caract\u00e9ristiques:<\/h4>\n<ul>\n<li data-path-to-node=\"3,0,0\"><b data-path-to-node=\"3,0,0\" data-index-in-node=\"0\">Pok\u00e9mon :<\/b> Mega Dragonite ex<\/li>\n<li data-path-to-node=\"3,1,0\"><b data-path-to-node=\"3,1,0\" data-index-in-node=\"0\">Kit\/extension :<\/b> MEGA Dream ex<\/li>\n<li data-path-to-node=\"3,2,0\"><b data-path-to-node=\"3,2,0\" data-index-in-node=\"0\">Affectation du set :<\/b> M2a<\/li>\n<li data-path-to-node=\"3,3,0\"><b data-path-to-node=\"3,3,0\" data-index-in-node=\"0\">Num\u00e9ro de carte :<\/b> 232\/193<\/li>\n<li data-path-to-node=\"3,5,0\"><b data-path-to-node=\"3,5,0\" data-index-in-node=\"0\">Langue :<\/b> japonais (JP)<\/li>\n<li data-path-to-node=\"3,6,0\"><b data-path-to-node=\"3,6,0\" data-index-in-node=\"0\">Ann\u00e9e de publication :<\/b> 2025<\/li>\n<li data-path-to-node=\"3,7,0\"><b data-path-to-node=\"3,7,0\" data-index-in-node=\"0\">Raret\u00e9 :<\/b> Mega Attack Rare (MA)<\/li>\n<li data-path-to-node=\"3,8,0\"><b data-path-to-node=\"3,8,0\" data-index-in-node=\"0\">Illustrateur :<\/b> DOM<\/li>\n<\/ul>\n","protected":false},"excerpt":{"rendered":"<p>Caract\u00e9ristiques: Pok\u00e9mon : Mega Dragonite ex Kit\/extension : MEGA Dream ex Affectation du set : M2a Num\u00e9ro de carte :<\/p>\n","protected":false},"featured_media":370272,"comment_status":"open","ping_status":"closed","template":"","meta":{"_acf_changed":false},"product_brand":[5114,5072],"product_cat":[9803,10081,9777],"product_tag":[],"class_list":{"0":"post-370278","1":"product","2":"type-product","3":"status-publish","4":"has-post-thumbnail","6":"product_brand-pokemon","7":"product_brand-the-pokemon-company","8":"product_cat-cartes-individuelles","9":"product_cat-cartes-modern-2017-aujourdhui","10":"product_cat-pokemon-fr","12":"first","13":"outofstock","14":"taxable","15":"shipping-taxable","16":"purchasable","17":"product-type-variable"},"acf":[],"yoast_head":"<!-- This site is optimized with the Yoast SEO plugin v27.4 - https:\/\/yoast.com\/product\/yoast-seo-wordpress\/ -->\n<title>Ach\u00e8te Pok\u00e9mon - Mega Evolution - Mega Dream ex (M2A) - Mega Dragonite ex (M2A 232)<\/title>\n<meta name=\"description\" content=\"Ach\u00e8te Pok\u00e9mon - Mega Evolution - Mega Dream ex (M2A) - Mega Dragonite ex (M2A 232) en ligne maintenant \u00e0 petit prix! Ton #1 shop pour cartes TCG &amp; Pok\u00e9mon en Suisse \u2713 Livraison gratuite d\u00e8s CHF 29\" \/>\n<meta name=\"robots\" content=\"index, follow, max-snippet:-1, max-image-preview:large, max-video-preview:-1\" \/>\n<link rel=\"canonical\" href=\"https:\/\/theuncommonshop.ch\/fr\/product\/pokemon-mega-evolution-mega-dream-ex-m2a-mega-dragonite-ex-m2a-232\/\" \/>\n<meta property=\"og:locale\" content=\"fr_FR\" \/>\n<meta property=\"og:type\" content=\"article\" \/>\n<meta property=\"og:title\" content=\"Ach\u00e8te Pok\u00e9mon - Mega Evolution - Mega Dream ex (M2A) - Mega Dragonite ex (M2A 232)\" \/>\n<meta property=\"og:description\" content=\"Ach\u00e8te Pok\u00e9mon - Mega Evolution - Mega Dream ex (M2A) - Mega Dragonite ex (M2A 232) en ligne maintenant \u00e0 petit prix! Ton #1 shop pour cartes TCG &amp; Pok\u00e9mon en Suisse \u2713 Livraison gratuite d\u00e8s CHF 29\" \/>\n<meta property=\"og:url\" content=\"https:\/\/theuncommonshop.ch\/fr\/product\/pokemon-mega-evolution-mega-dream-ex-m2a-mega-dragonite-ex-m2a-232\/\" \/>\n<meta property=\"og:site_name\" content=\"Largest trading card shop in Switzerland\" \/>\n<meta property=\"og:image\" content=\"https:\/\/theuncommonshop.ch\/wp-content\/uploads\/2026\/04\/M2A232.webp\" \/>\n\t<meta property=\"og:image:width\" content=\"868\" \/>\n\t<meta property=\"og:image:height\" content=\"1212\" \/>\n\t<meta property=\"og:image:type\" content=\"image\/webp\" \/>\n<meta name=\"twitter:card\" content=\"summary_large_image\" \/>\n<meta name=\"twitter:label1\" content=\"Disponibilit\u00e9\" \/>\n\t<meta name=\"twitter:data1\" content=\"Rupture de stock\" \/>\n<script type=\"application\/ld+json\" class=\"yoast-schema-graph\">{\"@context\":\"https:\\\/\\\/schema.org\",\"@graph\":[{\"@type\":\"WebPage\",\"@id\":\"https:\\\/\\\/theuncommonshop.ch\\\/fr\\\/product\\\/pokemon-mega-evolution-mega-dream-ex-m2a-mega-dragonite-ex-m2a-232\\\/\",\"url\":\"https:\\\/\\\/theuncommonshop.ch\\\/fr\\\/product\\\/pokemon-mega-evolution-mega-dream-ex-m2a-mega-dragonite-ex-m2a-232\\\/\",\"name\":\"Ach\u00e8te Pok\u00e9mon - Mega Evolution - Mega Dream ex (M2A) - Mega Dragonite ex (M2A 232)\",\"isPartOf\":{\"@id\":\"https:\\\/\\\/theuncommonshop.ch\\\/#website\"},\"primaryImageOfPage\":{\"@id\":\"https:\\\/\\\/theuncommonshop.ch\\\/fr\\\/product\\\/pokemon-mega-evolution-mega-dream-ex-m2a-mega-dragonite-ex-m2a-232\\\/#primaryimage\"},\"image\":{\"@id\":\"https:\\\/\\\/theuncommonshop.ch\\\/fr\\\/product\\\/pokemon-mega-evolution-mega-dream-ex-m2a-mega-dragonite-ex-m2a-232\\\/#primaryimage\"},\"thumbnailUrl\":\"https:\\\/\\\/theuncommonshop.ch\\\/wp-content\\\/uploads\\\/2026\\\/04\\\/M2A232.webp\",\"datePublished\":\"2026-04-20T23:08:49+00:00\",\"description\":\"Ach\u00e8te Pok\u00e9mon - Mega Evolution - Mega Dream ex (M2A) - Mega Dragonite ex (M2A 232) en ligne maintenant \u00e0 petit prix! Ton #1 shop pour cartes TCG & Pok\u00e9mon en Suisse \u2713 Livraison gratuite d\u00e8s CHF 29\",\"breadcrumb\":{\"@id\":\"https:\\\/\\\/theuncommonshop.ch\\\/fr\\\/product\\\/pokemon-mega-evolution-mega-dream-ex-m2a-mega-dragonite-ex-m2a-232\\\/#breadcrumb\"},\"inLanguage\":\"fr-FR\",\"potentialAction\":[{\"@type\":\"ReadAction\",\"target\":[\"https:\\\/\\\/theuncommonshop.ch\\\/fr\\\/product\\\/pokemon-mega-evolution-mega-dream-ex-m2a-mega-dragonite-ex-m2a-232\\\/\"]}]},{\"@type\":\"ImageObject\",\"inLanguage\":\"fr-FR\",\"@id\":\"https:\\\/\\\/theuncommonshop.ch\\\/fr\\\/product\\\/pokemon-mega-evolution-mega-dream-ex-m2a-mega-dragonite-ex-m2a-232\\\/#primaryimage\",\"url\":\"https:\\\/\\\/theuncommonshop.ch\\\/wp-content\\\/uploads\\\/2026\\\/04\\\/M2A232.webp\",\"contentUrl\":\"https:\\\/\\\/theuncommonshop.ch\\\/wp-content\\\/uploads\\\/2026\\\/04\\\/M2A232.webp\",\"width\":868,\"height\":1212,\"caption\":\"M2A232\"},{\"@type\":\"BreadcrumbList\",\"@id\":\"https:\\\/\\\/theuncommonshop.ch\\\/fr\\\/product\\\/pokemon-mega-evolution-mega-dream-ex-m2a-mega-dragonite-ex-m2a-232\\\/#breadcrumb\",\"itemListElement\":[{\"@type\":\"ListItem\",\"position\":1,\"name\":\"Accueil\",\"item\":\"https:\\\/\\\/theuncommonshop.ch\\\/fr\\\/accueil\\\/\"},{\"@type\":\"ListItem\",\"position\":2,\"name\":\"Boutique\",\"item\":\"https:\\\/\\\/theuncommonshop.ch\\\/fr\\\/boutique\\\/\"},{\"@type\":\"ListItem\",\"position\":3,\"name\":\"Pok\u00e9mon &#8211; Mega Evolution &#8211; Mega Dream ex (M2A) &#8211; Mega Dragonite ex (M2A 232)\"}]},{\"@type\":\"WebSite\",\"@id\":\"https:\\\/\\\/theuncommonshop.ch\\\/#website\",\"url\":\"https:\\\/\\\/theuncommonshop.ch\\\/\",\"name\":\"Largest trading card shop in Switzerland\",\"description\":\"Magic, Pok\u00e9mon and Yu-gi-oh - The Uncommon Shop\",\"potentialAction\":[{\"@type\":\"SearchAction\",\"target\":{\"@type\":\"EntryPoint\",\"urlTemplate\":\"https:\\\/\\\/theuncommonshop.ch\\\/?s={search_term_string}\"},\"query-input\":{\"@type\":\"PropertyValueSpecification\",\"valueRequired\":true,\"valueName\":\"search_term_string\"}}],\"inLanguage\":\"fr-FR\"}]}<\/script>\n<meta property=\"og:availability\" content=\"out of stock\" \/>\n<meta property=\"product:availability\" content=\"out of stock\" \/>\n<meta property=\"product:condition\" content=\"new\" \/>\n<!-- \/ Yoast SEO plugin. -->","yoast_head_json":{"title":"Ach\u00e8te Pok\u00e9mon - Mega Evolution - Mega Dream ex (M2A) - Mega Dragonite ex (M2A 232)","description":"Ach\u00e8te Pok\u00e9mon - Mega Evolution - Mega Dream ex (M2A) - Mega Dragonite ex (M2A 232) en ligne maintenant \u00e0 petit prix! Ton #1 shop pour cartes TCG & Pok\u00e9mon en Suisse \u2713 Livraison gratuite d\u00e8s CHF 29","robots":{"index":"index","follow":"follow","max-snippet":"max-snippet:-1","max-image-preview":"max-image-preview:large","max-video-preview":"max-video-preview:-1"},"canonical":"https:\/\/theuncommonshop.ch\/fr\/product\/pokemon-mega-evolution-mega-dream-ex-m2a-mega-dragonite-ex-m2a-232\/","og_locale":"fr_FR","og_type":"article","og_title":"Ach\u00e8te Pok\u00e9mon - Mega Evolution - Mega Dream ex (M2A) - Mega Dragonite ex (M2A 232)","og_description":"Ach\u00e8te Pok\u00e9mon - Mega Evolution - Mega Dream ex (M2A) - Mega Dragonite ex (M2A 232) en ligne maintenant \u00e0 petit prix! Ton #1 shop pour cartes TCG & Pok\u00e9mon en Suisse \u2713 Livraison gratuite d\u00e8s CHF 29","og_url":"https:\/\/theuncommonshop.ch\/fr\/product\/pokemon-mega-evolution-mega-dream-ex-m2a-mega-dragonite-ex-m2a-232\/","og_site_name":"Largest trading card shop in Switzerland","og_image":[{"width":868,"height":1212,"url":"https:\/\/theuncommonshop.ch\/wp-content\/uploads\/2026\/04\/M2A232.webp","type":"image\/webp"}],"twitter_card":"summary_large_image","twitter_misc":{"Disponibilit\u00e9":"Rupture de stock"},"schema":{"@context":"https:\/\/schema.org","@graph":[{"@type":"WebPage","@id":"https:\/\/theuncommonshop.ch\/fr\/product\/pokemon-mega-evolution-mega-dream-ex-m2a-mega-dragonite-ex-m2a-232\/","url":"https:\/\/theuncommonshop.ch\/fr\/product\/pokemon-mega-evolution-mega-dream-ex-m2a-mega-dragonite-ex-m2a-232\/","name":"Ach\u00e8te Pok\u00e9mon - Mega Evolution - Mega Dream ex (M2A) - Mega Dragonite ex (M2A 232)","isPartOf":{"@id":"https:\/\/theuncommonshop.ch\/#website"},"primaryImageOfPage":{"@id":"https:\/\/theuncommonshop.ch\/fr\/product\/pokemon-mega-evolution-mega-dream-ex-m2a-mega-dragonite-ex-m2a-232\/#primaryimage"},"image":{"@id":"https:\/\/theuncommonshop.ch\/fr\/product\/pokemon-mega-evolution-mega-dream-ex-m2a-mega-dragonite-ex-m2a-232\/#primaryimage"},"thumbnailUrl":"https:\/\/theuncommonshop.ch\/wp-content\/uploads\/2026\/04\/M2A232.webp","datePublished":"2026-04-20T23:08:49+00:00","description":"Ach\u00e8te Pok\u00e9mon - Mega Evolution - Mega Dream ex (M2A) - Mega Dragonite ex (M2A 232) en ligne maintenant \u00e0 petit prix! Ton #1 shop pour cartes TCG & Pok\u00e9mon en Suisse \u2713 Livraison gratuite d\u00e8s CHF 29","breadcrumb":{"@id":"https:\/\/theuncommonshop.ch\/fr\/product\/pokemon-mega-evolution-mega-dream-ex-m2a-mega-dragonite-ex-m2a-232\/#breadcrumb"},"inLanguage":"fr-FR","potentialAction":[{"@type":"ReadAction","target":["https:\/\/theuncommonshop.ch\/fr\/product\/pokemon-mega-evolution-mega-dream-ex-m2a-mega-dragonite-ex-m2a-232\/"]}]},{"@type":"ImageObject","inLanguage":"fr-FR","@id":"https:\/\/theuncommonshop.ch\/fr\/product\/pokemon-mega-evolution-mega-dream-ex-m2a-mega-dragonite-ex-m2a-232\/#primaryimage","url":"https:\/\/theuncommonshop.ch\/wp-content\/uploads\/2026\/04\/M2A232.webp","contentUrl":"https:\/\/theuncommonshop.ch\/wp-content\/uploads\/2026\/04\/M2A232.webp","width":868,"height":1212,"caption":"M2A232"},{"@type":"BreadcrumbList","@id":"https:\/\/theuncommonshop.ch\/fr\/product\/pokemon-mega-evolution-mega-dream-ex-m2a-mega-dragonite-ex-m2a-232\/#breadcrumb","itemListElement":[{"@type":"ListItem","position":1,"name":"Accueil","item":"https:\/\/theuncommonshop.ch\/fr\/accueil\/"},{"@type":"ListItem","position":2,"name":"Boutique","item":"https:\/\/theuncommonshop.ch\/fr\/boutique\/"},{"@type":"ListItem","position":3,"name":"Pok\u00e9mon &#8211; Mega Evolution &#8211; Mega Dream ex (M2A) &#8211; Mega Dragonite ex (M2A 232)"}]},{"@type":"WebSite","@id":"https:\/\/theuncommonshop.ch\/#website","url":"https:\/\/theuncommonshop.ch\/","name":"Largest trading card shop in Switzerland","description":"Magic, Pok\u00e9mon and Yu-gi-oh - The Uncommon Shop","potentialAction":[{"@type":"SearchAction","target":{"@type":"EntryPoint","urlTemplate":"https:\/\/theuncommonshop.ch\/?s={search_term_string}"},"query-input":{"@type":"PropertyValueSpecification","valueRequired":true,"valueName":"search_term_string"}}],"inLanguage":"fr-FR"}]},"og_availability":"out of stock","product_availability":"out of stock","product_condition":"new"},"_links":{"self":[{"href":"https:\/\/theuncommonshop.ch\/fr\/wp-json\/wp\/v2\/product\/370278","targetHints":{"allow":["GET"]}}],"collection":[{"href":"https:\/\/theuncommonshop.ch\/fr\/wp-json\/wp\/v2\/product"}],"about":[{"href":"https:\/\/theuncommonshop.ch\/fr\/wp-json\/wp\/v2\/types\/product"}],"replies":[{"embeddable":true,"href":"https:\/\/theuncommonshop.ch\/fr\/wp-json\/wp\/v2\/comments?post=370278"}],"version-history":[{"count":0,"href":"https:\/\/theuncommonshop.ch\/fr\/wp-json\/wp\/v2\/product\/370278\/revisions"}],"wp:featuredmedia":[{"embeddable":true,"href":"https:\/\/theuncommonshop.ch\/fr\/wp-json\/wp\/v2\/media\/370272"}],"wp:attachment":[{"href":"https:\/\/theuncommonshop.ch\/fr\/wp-json\/wp\/v2\/media?parent=370278"}],"wp:term":[{"taxonomy":"product_brand","embeddable":true,"href":"https:\/\/theuncommonshop.ch\/fr\/wp-json\/wp\/v2\/product_brand?post=370278"},{"taxonomy":"product_cat","embeddable":true,"href":"https:\/\/theuncommonshop.ch\/fr\/wp-json\/wp\/v2\/product_cat?post=370278"},{"taxonomy":"product_tag","embeddable":true,"href":"https:\/\/theuncommonshop.ch\/fr\/wp-json\/wp\/v2\/product_tag?post=370278"}],"curies":[{"name":"wp","href":"https:\/\/api.w.org\/{rel}","templated":true}]}}