{"id":369971,"date":"2026-04-18T21:26:35","date_gmt":"2026-04-18T19:26:35","guid":{"rendered":"https:\/\/theuncommonshop.ch\/?post_type=product&#038;p=369971"},"modified":"2026-04-18T21:30:56","modified_gmt":"2026-04-18T19:30:56","slug":"jujutsu-kaisen-volume-3-kopie","status":"publish","type":"product","link":"https:\/\/theuncommonshop.ch\/fr\/product\/jujutsu-kaisen-volume-3-kopie\/","title":{"rendered":"Jujutsu Kaisen &#8211; Volume 4"},"content":{"rendered":"<p><span class=\"globals-md MarkdownStyled-sc-e55ffa8e-1 gxczhR\">Lorsque Yuji arrive enfin \u00e0 l&#8217;\u00e9cole, un silence de mort r\u00e8gne et le sol est jonch\u00e9 de corps inertes. Seul Junpei se tient debout \u00e0 c\u00f4t\u00e9 de lui, l&#8217;air satisfait, comme s&#8217;il ne pouvait pas boire une goutte d&#8217;eau. Bien que Yuji ait su d\u00e8s le d\u00e9but que quelque chose n&#8217;allait pas avec son nouvel ami, il n&#8217;aurait jamais pens\u00e9 que Junpei serait capable de commettre un meurtre.  <\/span><\/p>\n","protected":false},"excerpt":{"rendered":"<p>Lorsque Yuji arrive enfin \u00e0 l&#8217;\u00e9cole, un silence de mort r\u00e8gne et le sol est jonch\u00e9 de corps inertes. Seul<\/p>\n","protected":false},"featured_media":369972,"comment_status":"open","ping_status":"closed","template":"","meta":{"_acf_changed":false},"product_brand":[12023,12024],"product_cat":[9897,9885],"product_tag":[],"class_list":{"0":"post-369971","1":"product","2":"type-product","3":"status-publish","4":"has-post-thumbnail","6":"product_brand-crunchyroll","7":"product_brand-jujutsu-kaisen","8":"product_cat-jujutsu-kaisen-fr","9":"product_cat-manga","11":"first","12":"outofstock","13":"taxable","14":"shipping-taxable","15":"purchasable","16":"product-type-simple"},"acf":[],"yoast_head":"<!-- This site is optimized with the Yoast SEO plugin v27.4 - https:\/\/yoast.com\/product\/yoast-seo-wordpress\/ -->\n<title>Ach\u00e8te Jujutsu Kaisen - Volume 4<\/title>\n<meta name=\"description\" content=\"Ach\u00e8te Jujutsu Kaisen - Volume 4 en ligne maintenant \u00e0 petit prix! Ton #1 shop pour cartes TCG &amp; Pok\u00e9mon en Suisse \u2713 Livraison gratuite d\u00e8s CHF 29\" \/>\n<meta name=\"robots\" content=\"index, follow, max-snippet:-1, max-image-preview:large, max-video-preview:-1\" \/>\n<link rel=\"canonical\" href=\"https:\/\/theuncommonshop.ch\/fr\/product\/jujutsu-kaisen-volume-3-kopie\/\" \/>\n<meta property=\"og:locale\" content=\"fr_FR\" \/>\n<meta property=\"og:type\" content=\"article\" \/>\n<meta property=\"og:title\" content=\"Ach\u00e8te Jujutsu Kaisen - Volume 4\" \/>\n<meta property=\"og:description\" content=\"Ach\u00e8te Jujutsu Kaisen - Volume 4 en ligne maintenant \u00e0 petit prix! Ton #1 shop pour cartes TCG &amp; Pok\u00e9mon en Suisse \u2713 Livraison gratuite d\u00e8s CHF 29\" \/>\n<meta property=\"og:url\" content=\"https:\/\/theuncommonshop.ch\/fr\/product\/jujutsu-kaisen-volume-3-kopie\/\" \/>\n<meta property=\"og:site_name\" content=\"Largest trading card shop in Switzerland\" \/>\n<meta property=\"article:modified_time\" content=\"2026-04-18T19:30:56+00:00\" \/>\n<meta property=\"og:image\" content=\"https:\/\/theuncommonshop.ch\/wp-content\/uploads\/2026\/04\/JujutsuKaisenBand4.webp\" \/>\n\t<meta property=\"og:image:width\" content=\"800\" \/>\n\t<meta property=\"og:image:height\" content=\"1144\" \/>\n\t<meta property=\"og:image:type\" content=\"image\/webp\" \/>\n<meta name=\"twitter:card\" content=\"summary_large_image\" \/>\n<meta name=\"twitter:label1\" content=\"Prix\" \/>\n\t<meta name=\"twitter:data1\" content=\"&#067;&#072;&#070;&nbsp;12.95\" \/>\n\t<meta name=\"twitter:label2\" content=\"Disponibilit\u00e9\" \/>\n\t<meta name=\"twitter:data2\" content=\"Rupture de stock\" \/>\n<script type=\"application\/ld+json\" class=\"yoast-schema-graph\">{\"@context\":\"https:\\\/\\\/schema.org\",\"@graph\":[{\"@type\":\"WebPage\",\"@id\":\"https:\\\/\\\/theuncommonshop.ch\\\/fr\\\/product\\\/jujutsu-kaisen-volume-3-kopie\\\/\",\"url\":\"https:\\\/\\\/theuncommonshop.ch\\\/fr\\\/product\\\/jujutsu-kaisen-volume-3-kopie\\\/\",\"name\":\"Ach\u00e8te Jujutsu Kaisen - Volume 4\",\"isPartOf\":{\"@id\":\"https:\\\/\\\/theuncommonshop.ch\\\/#website\"},\"primaryImageOfPage\":{\"@id\":\"https:\\\/\\\/theuncommonshop.ch\\\/fr\\\/product\\\/jujutsu-kaisen-volume-3-kopie\\\/#primaryimage\"},\"image\":{\"@id\":\"https:\\\/\\\/theuncommonshop.ch\\\/fr\\\/product\\\/jujutsu-kaisen-volume-3-kopie\\\/#primaryimage\"},\"thumbnailUrl\":\"https:\\\/\\\/theuncommonshop.ch\\\/wp-content\\\/uploads\\\/2026\\\/04\\\/JujutsuKaisenBand4.webp\",\"datePublished\":\"2026-04-18T19:26:35+00:00\",\"dateModified\":\"2026-04-18T19:30:56+00:00\",\"description\":\"Ach\u00e8te Jujutsu Kaisen - Volume 4 en ligne maintenant \u00e0 petit prix! Ton #1 shop pour cartes TCG & Pok\u00e9mon en Suisse \u2713 Livraison gratuite d\u00e8s CHF 29\",\"breadcrumb\":{\"@id\":\"https:\\\/\\\/theuncommonshop.ch\\\/fr\\\/product\\\/jujutsu-kaisen-volume-3-kopie\\\/#breadcrumb\"},\"inLanguage\":\"fr-FR\",\"potentialAction\":[{\"@type\":\"ReadAction\",\"target\":[\"https:\\\/\\\/theuncommonshop.ch\\\/fr\\\/product\\\/jujutsu-kaisen-volume-3-kopie\\\/\"]}]},{\"@type\":\"ImageObject\",\"inLanguage\":\"fr-FR\",\"@id\":\"https:\\\/\\\/theuncommonshop.ch\\\/fr\\\/product\\\/jujutsu-kaisen-volume-3-kopie\\\/#primaryimage\",\"url\":\"https:\\\/\\\/theuncommonshop.ch\\\/wp-content\\\/uploads\\\/2026\\\/04\\\/JujutsuKaisenBand4.webp\",\"contentUrl\":\"https:\\\/\\\/theuncommonshop.ch\\\/wp-content\\\/uploads\\\/2026\\\/04\\\/JujutsuKaisenBand4.webp\",\"width\":800,\"height\":1144,\"caption\":\"JujutsuKaisenBand4\"},{\"@type\":\"BreadcrumbList\",\"@id\":\"https:\\\/\\\/theuncommonshop.ch\\\/fr\\\/product\\\/jujutsu-kaisen-volume-3-kopie\\\/#breadcrumb\",\"itemListElement\":[{\"@type\":\"ListItem\",\"position\":1,\"name\":\"Accueil\",\"item\":\"https:\\\/\\\/theuncommonshop.ch\\\/fr\\\/accueil\\\/\"},{\"@type\":\"ListItem\",\"position\":2,\"name\":\"Boutique\",\"item\":\"https:\\\/\\\/theuncommonshop.ch\\\/fr\\\/boutique\\\/\"},{\"@type\":\"ListItem\",\"position\":3,\"name\":\"Manga\",\"item\":\"https:\\\/\\\/theuncommonshop.ch\\\/fr\\\/categorie-produit\\\/manga\\\/\"},{\"@type\":\"ListItem\",\"position\":4,\"name\":\"Jujutsu Kaisen\",\"item\":\"https:\\\/\\\/theuncommonshop.ch\\\/fr\\\/categorie-produit\\\/manga\\\/jujutsu-kaisen-fr\\\/\"},{\"@type\":\"ListItem\",\"position\":5,\"name\":\"Jujutsu Kaisen &#8211; Volume 4\"}]},{\"@type\":\"WebSite\",\"@id\":\"https:\\\/\\\/theuncommonshop.ch\\\/#website\",\"url\":\"https:\\\/\\\/theuncommonshop.ch\\\/\",\"name\":\"Largest trading card shop in Switzerland\",\"description\":\"Magic, Pok\u00e9mon and Yu-gi-oh - The Uncommon Shop\",\"potentialAction\":[{\"@type\":\"SearchAction\",\"target\":{\"@type\":\"EntryPoint\",\"urlTemplate\":\"https:\\\/\\\/theuncommonshop.ch\\\/?s={search_term_string}\"},\"query-input\":{\"@type\":\"PropertyValueSpecification\",\"valueRequired\":true,\"valueName\":\"search_term_string\"}}],\"inLanguage\":\"fr-FR\"}]}<\/script>\n<meta property=\"product:price:amount\" content=\"12.95\" \/>\n<meta property=\"product:price:currency\" content=\"CHF\" \/>\n<meta property=\"og:availability\" content=\"out of stock\" \/>\n<meta property=\"product:availability\" content=\"out of stock\" \/>\n<meta property=\"product:retailer_item_id\" content=\"JujutsuKaisenBand4Manga\" \/>\n<meta property=\"product:condition\" content=\"new\" \/>\n<!-- \/ Yoast SEO plugin. -->","yoast_head_json":{"title":"Ach\u00e8te Jujutsu Kaisen - Volume 4","description":"Ach\u00e8te Jujutsu Kaisen - Volume 4 en ligne maintenant \u00e0 petit prix! Ton #1 shop pour cartes TCG & Pok\u00e9mon en Suisse \u2713 Livraison gratuite d\u00e8s CHF 29","robots":{"index":"index","follow":"follow","max-snippet":"max-snippet:-1","max-image-preview":"max-image-preview:large","max-video-preview":"max-video-preview:-1"},"canonical":"https:\/\/theuncommonshop.ch\/fr\/product\/jujutsu-kaisen-volume-3-kopie\/","og_locale":"fr_FR","og_type":"article","og_title":"Ach\u00e8te Jujutsu Kaisen - Volume 4","og_description":"Ach\u00e8te Jujutsu Kaisen - Volume 4 en ligne maintenant \u00e0 petit prix! Ton #1 shop pour cartes TCG & Pok\u00e9mon en Suisse \u2713 Livraison gratuite d\u00e8s CHF 29","og_url":"https:\/\/theuncommonshop.ch\/fr\/product\/jujutsu-kaisen-volume-3-kopie\/","og_site_name":"Largest trading card shop in Switzerland","article_modified_time":"2026-04-18T19:30:56+00:00","og_image":[{"width":800,"height":1144,"url":"https:\/\/theuncommonshop.ch\/wp-content\/uploads\/2026\/04\/JujutsuKaisenBand4.webp","type":"image\/webp"}],"twitter_card":"summary_large_image","twitter_misc":{"Prix":"&#67;&#72;&#70;&nbsp;12.95","Disponibilit\u00e9":"Rupture de stock"},"schema":{"@context":"https:\/\/schema.org","@graph":[{"@type":"WebPage","@id":"https:\/\/theuncommonshop.ch\/fr\/product\/jujutsu-kaisen-volume-3-kopie\/","url":"https:\/\/theuncommonshop.ch\/fr\/product\/jujutsu-kaisen-volume-3-kopie\/","name":"Ach\u00e8te Jujutsu Kaisen - Volume 4","isPartOf":{"@id":"https:\/\/theuncommonshop.ch\/#website"},"primaryImageOfPage":{"@id":"https:\/\/theuncommonshop.ch\/fr\/product\/jujutsu-kaisen-volume-3-kopie\/#primaryimage"},"image":{"@id":"https:\/\/theuncommonshop.ch\/fr\/product\/jujutsu-kaisen-volume-3-kopie\/#primaryimage"},"thumbnailUrl":"https:\/\/theuncommonshop.ch\/wp-content\/uploads\/2026\/04\/JujutsuKaisenBand4.webp","datePublished":"2026-04-18T19:26:35+00:00","dateModified":"2026-04-18T19:30:56+00:00","description":"Ach\u00e8te Jujutsu Kaisen - Volume 4 en ligne maintenant \u00e0 petit prix! Ton #1 shop pour cartes TCG & Pok\u00e9mon en Suisse \u2713 Livraison gratuite d\u00e8s CHF 29","breadcrumb":{"@id":"https:\/\/theuncommonshop.ch\/fr\/product\/jujutsu-kaisen-volume-3-kopie\/#breadcrumb"},"inLanguage":"fr-FR","potentialAction":[{"@type":"ReadAction","target":["https:\/\/theuncommonshop.ch\/fr\/product\/jujutsu-kaisen-volume-3-kopie\/"]}]},{"@type":"ImageObject","inLanguage":"fr-FR","@id":"https:\/\/theuncommonshop.ch\/fr\/product\/jujutsu-kaisen-volume-3-kopie\/#primaryimage","url":"https:\/\/theuncommonshop.ch\/wp-content\/uploads\/2026\/04\/JujutsuKaisenBand4.webp","contentUrl":"https:\/\/theuncommonshop.ch\/wp-content\/uploads\/2026\/04\/JujutsuKaisenBand4.webp","width":800,"height":1144,"caption":"JujutsuKaisenBand4"},{"@type":"BreadcrumbList","@id":"https:\/\/theuncommonshop.ch\/fr\/product\/jujutsu-kaisen-volume-3-kopie\/#breadcrumb","itemListElement":[{"@type":"ListItem","position":1,"name":"Accueil","item":"https:\/\/theuncommonshop.ch\/fr\/accueil\/"},{"@type":"ListItem","position":2,"name":"Boutique","item":"https:\/\/theuncommonshop.ch\/fr\/boutique\/"},{"@type":"ListItem","position":3,"name":"Manga","item":"https:\/\/theuncommonshop.ch\/fr\/categorie-produit\/manga\/"},{"@type":"ListItem","position":4,"name":"Jujutsu Kaisen","item":"https:\/\/theuncommonshop.ch\/fr\/categorie-produit\/manga\/jujutsu-kaisen-fr\/"},{"@type":"ListItem","position":5,"name":"Jujutsu Kaisen &#8211; Volume 4"}]},{"@type":"WebSite","@id":"https:\/\/theuncommonshop.ch\/#website","url":"https:\/\/theuncommonshop.ch\/","name":"Largest trading card shop in Switzerland","description":"Magic, Pok\u00e9mon and Yu-gi-oh - The Uncommon Shop","potentialAction":[{"@type":"SearchAction","target":{"@type":"EntryPoint","urlTemplate":"https:\/\/theuncommonshop.ch\/?s={search_term_string}"},"query-input":{"@type":"PropertyValueSpecification","valueRequired":true,"valueName":"search_term_string"}}],"inLanguage":"fr-FR"}]},"product_price_amount":"12.95","product_price_currency":"CHF","og_availability":"out of stock","product_availability":"out of stock","product_retailer_item_id":"JujutsuKaisenBand4Manga","product_condition":"new"},"_links":{"self":[{"href":"https:\/\/theuncommonshop.ch\/fr\/wp-json\/wp\/v2\/product\/369971","targetHints":{"allow":["GET"]}}],"collection":[{"href":"https:\/\/theuncommonshop.ch\/fr\/wp-json\/wp\/v2\/product"}],"about":[{"href":"https:\/\/theuncommonshop.ch\/fr\/wp-json\/wp\/v2\/types\/product"}],"replies":[{"embeddable":true,"href":"https:\/\/theuncommonshop.ch\/fr\/wp-json\/wp\/v2\/comments?post=369971"}],"version-history":[{"count":2,"href":"https:\/\/theuncommonshop.ch\/fr\/wp-json\/wp\/v2\/product\/369971\/revisions"}],"predecessor-version":[{"id":369980,"href":"https:\/\/theuncommonshop.ch\/fr\/wp-json\/wp\/v2\/product\/369971\/revisions\/369980"}],"wp:featuredmedia":[{"embeddable":true,"href":"https:\/\/theuncommonshop.ch\/fr\/wp-json\/wp\/v2\/media\/369972"}],"wp:attachment":[{"href":"https:\/\/theuncommonshop.ch\/fr\/wp-json\/wp\/v2\/media?parent=369971"}],"wp:term":[{"taxonomy":"product_brand","embeddable":true,"href":"https:\/\/theuncommonshop.ch\/fr\/wp-json\/wp\/v2\/product_brand?post=369971"},{"taxonomy":"product_cat","embeddable":true,"href":"https:\/\/theuncommonshop.ch\/fr\/wp-json\/wp\/v2\/product_cat?post=369971"},{"taxonomy":"product_tag","embeddable":true,"href":"https:\/\/theuncommonshop.ch\/fr\/wp-json\/wp\/v2\/product_tag?post=369971"}],"curies":[{"name":"wp","href":"https:\/\/api.w.org\/{rel}","templated":true}]}}