{"id":369088,"date":"2026-04-15T01:34:46","date_gmt":"2026-04-14T23:34:46","guid":{"rendered":"https:\/\/theuncommonshop.ch\/product\/pokemon-sowrd-shield-high-class-vmax-climax-s8b-booster-display\/"},"modified":"2026-04-15T01:47:10","modified_gmt":"2026-04-14T23:47:10","slug":"pokemon-sowrd-shield-high-class-vmax-climax-s8b-booster-display","status":"publish","type":"product","link":"https:\/\/theuncommonshop.ch\/fr\/product\/pokemon-sowrd-shield-high-class-vmax-climax-s8b-booster-display\/","title":{"rendered":"Pok\u00e9mon &#8211; Sword &amp; Shield &#8211; High Class VMAX Climax (S8B) &#8211; Booster Display"},"content":{"rendered":"<p>D\u00e9couvrez l&#8217;un des sets les plus spectaculaires de l&#8217;\u00e8re Schwert &amp; Schild ! Le Pack japonais haut de gamme <b data-path-to-node=\"3\" data-index-in-node=\"95\">S8b VMAX Climax<\/b> c\u00e9l\u00e8bre les Pok\u00e9mon les plus puissants et les plus populaires de la g\u00e9n\u00e9ration tout en apportant de nouveaux artworks \u00e9poustouflants au jeu. <\/p>\n<p data-path-to-node=\"5\"><b data-path-to-node=\"5\" data-index-in-node=\"0\">Points forts de Display :<\/b><\/p>\n<ul data-path-to-node=\"6\">\n<li>\n<p data-path-to-node=\"6,0,0\"><b data-path-to-node=\"6,0,0\" data-index-in-node=\"0\">Hits garantis :<\/b> chaque booster pack (10 au total par pr\u00e9sentoir) contient 11 cartes, dont au moins une carte garantie V, VMAX, VSTAR ou Secret Rare, ainsi que des holos scintillants.<\/p>\n<\/li>\n<li>\n<p data-path-to-node=\"6,1,0\"><b data-path-to-node=\"6,1,0\" data-index-in-node=\"0\">Des artworks de r\u00eave :<\/b> d\u00e9couvrez les cartes CHR et CSR tant convoit\u00e9es avec des duos de Pok\u00e9mon dresseurs amoureusement con\u00e7us.<\/p>\n<\/li>\n<li>\n<p data-path-to-node=\"6,2,0\"><b data-path-to-node=\"6,2,0\" data-index-in-node=\"0\">La chasse au God-Pack :<\/b> avec un peu de chance, vous tirerez un l\u00e9gendaire &#8220;God-Pack&#8221;, rempli \u00e0 ras bord de cartes extr\u00eamement rares !<\/p>\n<\/li>\n<\/ul>\n","protected":false},"excerpt":{"rendered":"<p>D\u00e9couvrez l&#8217;un des sets les plus spectaculaires de l&#8217;\u00e8re Schwert &amp; Schild ! Le Pack japonais haut de gamme S8b<\/p>\n","protected":false},"featured_media":369077,"comment_status":"open","ping_status":"closed","template":"","meta":{"_acf_changed":false},"product_brand":[5114,5072],"product_cat":[9805,10055,9777],"product_tag":[],"class_list":{"0":"post-369088","1":"product","2":"type-product","3":"status-publish","4":"has-post-thumbnail","6":"product_brand-pokemon","7":"product_brand-the-pokemon-company","8":"product_cat-booster-displays-pokemon-fr","9":"product_cat-booster-displays-en-japonais","10":"product_cat-pokemon-fr","12":"first","13":"instock","14":"taxable","15":"shipping-taxable","16":"purchasable","17":"product-type-simple"},"acf":[],"yoast_head":"<!-- This site is optimized with the Yoast SEO plugin v27.4 - https:\/\/yoast.com\/product\/yoast-seo-wordpress\/ -->\n<title>Ach\u00e8te Pok\u00e9mon - Sword &amp; Shield - High Class VMAX Climax (S8B) - Booster Display<\/title>\n<meta name=\"description\" content=\"Ach\u00e8te Pok\u00e9mon - Sword &amp; Shield - High Class VMAX Climax (S8B) - Booster Display en ligne maintenant \u00e0 petit prix! Ton #1 shop pour cartes TCG &amp; Pok\u00e9mon en Suisse \u2713 Livraison gratuite d\u00e8s CHF 29\" \/>\n<meta name=\"robots\" content=\"index, follow, max-snippet:-1, max-image-preview:large, max-video-preview:-1\" \/>\n<link rel=\"canonical\" href=\"https:\/\/theuncommonshop.ch\/fr\/product\/pokemon-sowrd-shield-high-class-vmax-climax-s8b-booster-display\/\" \/>\n<meta property=\"og:locale\" content=\"fr_FR\" \/>\n<meta property=\"og:type\" content=\"article\" \/>\n<meta property=\"og:title\" content=\"Ach\u00e8te Pok\u00e9mon - Sword &amp; Shield - High Class VMAX Climax (S8B) - Booster Display\" \/>\n<meta property=\"og:description\" content=\"Ach\u00e8te Pok\u00e9mon - Sword &amp; Shield - High Class VMAX Climax (S8B) - Booster Display en ligne maintenant \u00e0 petit prix! Ton #1 shop pour cartes TCG &amp; Pok\u00e9mon en Suisse \u2713 Livraison gratuite d\u00e8s CHF 29\" \/>\n<meta property=\"og:url\" content=\"https:\/\/theuncommonshop.ch\/fr\/product\/pokemon-sowrd-shield-high-class-vmax-climax-s8b-booster-display\/\" \/>\n<meta property=\"og:site_name\" content=\"Largest trading card shop in Switzerland\" \/>\n<meta property=\"article:modified_time\" content=\"2026-04-14T23:47:10+00:00\" \/>\n<meta property=\"og:image\" content=\"https:\/\/theuncommonshop.ch\/wp-content\/uploads\/2026\/04\/PokemonS8BJAP.jpg\" \/>\n\t<meta property=\"og:image:width\" content=\"1001\" \/>\n\t<meta property=\"og:image:height\" content=\"1001\" \/>\n\t<meta property=\"og:image:type\" content=\"image\/jpeg\" \/>\n<meta name=\"twitter:card\" content=\"summary_large_image\" \/>\n<meta name=\"twitter:label1\" content=\"Prix\" \/>\n\t<meta name=\"twitter:data1\" content=\"&#067;&#072;&#070;&nbsp;269.95\" \/>\n\t<meta name=\"twitter:label2\" content=\"Disponibilit\u00e9\" \/>\n\t<meta name=\"twitter:data2\" content=\"En stock\" \/>\n<script type=\"application\/ld+json\" class=\"yoast-schema-graph\">{\"@context\":\"https:\\\/\\\/schema.org\",\"@graph\":[{\"@type\":\"WebPage\",\"@id\":\"https:\\\/\\\/theuncommonshop.ch\\\/fr\\\/product\\\/pokemon-sowrd-shield-high-class-vmax-climax-s8b-booster-display\\\/\",\"url\":\"https:\\\/\\\/theuncommonshop.ch\\\/fr\\\/product\\\/pokemon-sowrd-shield-high-class-vmax-climax-s8b-booster-display\\\/\",\"name\":\"Ach\u00e8te Pok\u00e9mon - Sword &amp; Shield - High Class VMAX Climax (S8B) - Booster Display\",\"isPartOf\":{\"@id\":\"https:\\\/\\\/theuncommonshop.ch\\\/#website\"},\"primaryImageOfPage\":{\"@id\":\"https:\\\/\\\/theuncommonshop.ch\\\/fr\\\/product\\\/pokemon-sowrd-shield-high-class-vmax-climax-s8b-booster-display\\\/#primaryimage\"},\"image\":{\"@id\":\"https:\\\/\\\/theuncommonshop.ch\\\/fr\\\/product\\\/pokemon-sowrd-shield-high-class-vmax-climax-s8b-booster-display\\\/#primaryimage\"},\"thumbnailUrl\":\"https:\\\/\\\/theuncommonshop.ch\\\/wp-content\\\/uploads\\\/2026\\\/04\\\/PokemonS8BJAP.jpg\",\"datePublished\":\"2026-04-14T23:34:46+00:00\",\"dateModified\":\"2026-04-14T23:47:10+00:00\",\"description\":\"Ach\u00e8te Pok\u00e9mon - Sword &amp; Shield - High Class VMAX Climax (S8B) - Booster Display en ligne maintenant \u00e0 petit prix! Ton #1 shop pour cartes TCG & Pok\u00e9mon en Suisse \u2713 Livraison gratuite d\u00e8s CHF 29\",\"breadcrumb\":{\"@id\":\"https:\\\/\\\/theuncommonshop.ch\\\/fr\\\/product\\\/pokemon-sowrd-shield-high-class-vmax-climax-s8b-booster-display\\\/#breadcrumb\"},\"inLanguage\":\"fr-FR\",\"potentialAction\":[{\"@type\":\"ReadAction\",\"target\":[\"https:\\\/\\\/theuncommonshop.ch\\\/fr\\\/product\\\/pokemon-sowrd-shield-high-class-vmax-climax-s8b-booster-display\\\/\"]}]},{\"@type\":\"ImageObject\",\"inLanguage\":\"fr-FR\",\"@id\":\"https:\\\/\\\/theuncommonshop.ch\\\/fr\\\/product\\\/pokemon-sowrd-shield-high-class-vmax-climax-s8b-booster-display\\\/#primaryimage\",\"url\":\"https:\\\/\\\/theuncommonshop.ch\\\/wp-content\\\/uploads\\\/2026\\\/04\\\/PokemonS8BJAP.jpg\",\"contentUrl\":\"https:\\\/\\\/theuncommonshop.ch\\\/wp-content\\\/uploads\\\/2026\\\/04\\\/PokemonS8BJAP.jpg\",\"width\":1001,\"height\":1001,\"caption\":\"PokemonS8BJAP\"},{\"@type\":\"BreadcrumbList\",\"@id\":\"https:\\\/\\\/theuncommonshop.ch\\\/fr\\\/product\\\/pokemon-sowrd-shield-high-class-vmax-climax-s8b-booster-display\\\/#breadcrumb\",\"itemListElement\":[{\"@type\":\"ListItem\",\"position\":1,\"name\":\"Accueil\",\"item\":\"https:\\\/\\\/theuncommonshop.ch\\\/fr\\\/accueil\\\/\"},{\"@type\":\"ListItem\",\"position\":2,\"name\":\"Boutique\",\"item\":\"https:\\\/\\\/theuncommonshop.ch\\\/fr\\\/boutique\\\/\"},{\"@type\":\"ListItem\",\"position\":3,\"name\":\"Pok\u00e9mon\",\"item\":\"https:\\\/\\\/theuncommonshop.ch\\\/fr\\\/categorie-produit\\\/pokemon-fr\\\/\"},{\"@type\":\"ListItem\",\"position\":4,\"name\":\"Booster Displays\",\"item\":\"https:\\\/\\\/theuncommonshop.ch\\\/fr\\\/categorie-produit\\\/pokemon-fr\\\/booster-displays-pokemon-fr\\\/\"},{\"@type\":\"ListItem\",\"position\":5,\"name\":\"Booster Displays (en japonais)\",\"item\":\"https:\\\/\\\/theuncommonshop.ch\\\/fr\\\/categorie-produit\\\/pokemon-fr\\\/booster-displays-pokemon-fr\\\/booster-displays-en-japonais\\\/\"},{\"@type\":\"ListItem\",\"position\":6,\"name\":\"Pok\u00e9mon &#8211; Sword &amp; Shield &#8211; High Class VMAX Climax (S8B) &#8211; Booster Display\"}]},{\"@type\":\"WebSite\",\"@id\":\"https:\\\/\\\/theuncommonshop.ch\\\/#website\",\"url\":\"https:\\\/\\\/theuncommonshop.ch\\\/\",\"name\":\"Largest trading card shop in Switzerland\",\"description\":\"Magic, Pok\u00e9mon and Yu-gi-oh - The Uncommon Shop\",\"potentialAction\":[{\"@type\":\"SearchAction\",\"target\":{\"@type\":\"EntryPoint\",\"urlTemplate\":\"https:\\\/\\\/theuncommonshop.ch\\\/?s={search_term_string}\"},\"query-input\":{\"@type\":\"PropertyValueSpecification\",\"valueRequired\":true,\"valueName\":\"search_term_string\"}}],\"inLanguage\":\"fr-FR\"}]}<\/script>\n<meta property=\"product:price:amount\" content=\"269.95\" \/>\n<meta property=\"product:price:currency\" content=\"CHF\" \/>\n<meta property=\"og:availability\" content=\"instock\" \/>\n<meta property=\"product:availability\" content=\"instock\" \/>\n<meta property=\"product:retailer_item_id\" content=\"Pokemon.SwordShielHighClassClimaxS8BDisplay.JPN\" \/>\n<meta property=\"product:condition\" content=\"new\" \/>\n<!-- \/ Yoast SEO plugin. -->","yoast_head_json":{"title":"Ach\u00e8te Pok\u00e9mon - Sword &amp; Shield - High Class VMAX Climax (S8B) - Booster Display","description":"Ach\u00e8te Pok\u00e9mon - Sword &amp; Shield - High Class VMAX Climax (S8B) - Booster Display en ligne maintenant \u00e0 petit prix! Ton #1 shop pour cartes TCG & Pok\u00e9mon en Suisse \u2713 Livraison gratuite d\u00e8s CHF 29","robots":{"index":"index","follow":"follow","max-snippet":"max-snippet:-1","max-image-preview":"max-image-preview:large","max-video-preview":"max-video-preview:-1"},"canonical":"https:\/\/theuncommonshop.ch\/fr\/product\/pokemon-sowrd-shield-high-class-vmax-climax-s8b-booster-display\/","og_locale":"fr_FR","og_type":"article","og_title":"Ach\u00e8te Pok\u00e9mon - Sword &amp; Shield - High Class VMAX Climax (S8B) - Booster Display","og_description":"Ach\u00e8te Pok\u00e9mon - Sword &amp; Shield - High Class VMAX Climax (S8B) - Booster Display en ligne maintenant \u00e0 petit prix! Ton #1 shop pour cartes TCG & Pok\u00e9mon en Suisse \u2713 Livraison gratuite d\u00e8s CHF 29","og_url":"https:\/\/theuncommonshop.ch\/fr\/product\/pokemon-sowrd-shield-high-class-vmax-climax-s8b-booster-display\/","og_site_name":"Largest trading card shop in Switzerland","article_modified_time":"2026-04-14T23:47:10+00:00","og_image":[{"width":1001,"height":1001,"url":"https:\/\/theuncommonshop.ch\/wp-content\/uploads\/2026\/04\/PokemonS8BJAP.jpg","type":"image\/jpeg"}],"twitter_card":"summary_large_image","twitter_misc":{"Prix":"&#67;&#72;&#70;&nbsp;269.95","Disponibilit\u00e9":"En stock"},"schema":{"@context":"https:\/\/schema.org","@graph":[{"@type":"WebPage","@id":"https:\/\/theuncommonshop.ch\/fr\/product\/pokemon-sowrd-shield-high-class-vmax-climax-s8b-booster-display\/","url":"https:\/\/theuncommonshop.ch\/fr\/product\/pokemon-sowrd-shield-high-class-vmax-climax-s8b-booster-display\/","name":"Ach\u00e8te Pok\u00e9mon - Sword &amp; Shield - High Class VMAX Climax (S8B) - Booster Display","isPartOf":{"@id":"https:\/\/theuncommonshop.ch\/#website"},"primaryImageOfPage":{"@id":"https:\/\/theuncommonshop.ch\/fr\/product\/pokemon-sowrd-shield-high-class-vmax-climax-s8b-booster-display\/#primaryimage"},"image":{"@id":"https:\/\/theuncommonshop.ch\/fr\/product\/pokemon-sowrd-shield-high-class-vmax-climax-s8b-booster-display\/#primaryimage"},"thumbnailUrl":"https:\/\/theuncommonshop.ch\/wp-content\/uploads\/2026\/04\/PokemonS8BJAP.jpg","datePublished":"2026-04-14T23:34:46+00:00","dateModified":"2026-04-14T23:47:10+00:00","description":"Ach\u00e8te Pok\u00e9mon - Sword &amp; Shield - High Class VMAX Climax (S8B) - Booster Display en ligne maintenant \u00e0 petit prix! Ton #1 shop pour cartes TCG & Pok\u00e9mon en Suisse \u2713 Livraison gratuite d\u00e8s CHF 29","breadcrumb":{"@id":"https:\/\/theuncommonshop.ch\/fr\/product\/pokemon-sowrd-shield-high-class-vmax-climax-s8b-booster-display\/#breadcrumb"},"inLanguage":"fr-FR","potentialAction":[{"@type":"ReadAction","target":["https:\/\/theuncommonshop.ch\/fr\/product\/pokemon-sowrd-shield-high-class-vmax-climax-s8b-booster-display\/"]}]},{"@type":"ImageObject","inLanguage":"fr-FR","@id":"https:\/\/theuncommonshop.ch\/fr\/product\/pokemon-sowrd-shield-high-class-vmax-climax-s8b-booster-display\/#primaryimage","url":"https:\/\/theuncommonshop.ch\/wp-content\/uploads\/2026\/04\/PokemonS8BJAP.jpg","contentUrl":"https:\/\/theuncommonshop.ch\/wp-content\/uploads\/2026\/04\/PokemonS8BJAP.jpg","width":1001,"height":1001,"caption":"PokemonS8BJAP"},{"@type":"BreadcrumbList","@id":"https:\/\/theuncommonshop.ch\/fr\/product\/pokemon-sowrd-shield-high-class-vmax-climax-s8b-booster-display\/#breadcrumb","itemListElement":[{"@type":"ListItem","position":1,"name":"Accueil","item":"https:\/\/theuncommonshop.ch\/fr\/accueil\/"},{"@type":"ListItem","position":2,"name":"Boutique","item":"https:\/\/theuncommonshop.ch\/fr\/boutique\/"},{"@type":"ListItem","position":3,"name":"Pok\u00e9mon","item":"https:\/\/theuncommonshop.ch\/fr\/categorie-produit\/pokemon-fr\/"},{"@type":"ListItem","position":4,"name":"Booster Displays","item":"https:\/\/theuncommonshop.ch\/fr\/categorie-produit\/pokemon-fr\/booster-displays-pokemon-fr\/"},{"@type":"ListItem","position":5,"name":"Booster Displays (en japonais)","item":"https:\/\/theuncommonshop.ch\/fr\/categorie-produit\/pokemon-fr\/booster-displays-pokemon-fr\/booster-displays-en-japonais\/"},{"@type":"ListItem","position":6,"name":"Pok\u00e9mon &#8211; Sword &amp; Shield &#8211; High Class VMAX Climax (S8B) &#8211; Booster Display"}]},{"@type":"WebSite","@id":"https:\/\/theuncommonshop.ch\/#website","url":"https:\/\/theuncommonshop.ch\/","name":"Largest trading card shop in Switzerland","description":"Magic, Pok\u00e9mon and Yu-gi-oh - The Uncommon Shop","potentialAction":[{"@type":"SearchAction","target":{"@type":"EntryPoint","urlTemplate":"https:\/\/theuncommonshop.ch\/?s={search_term_string}"},"query-input":{"@type":"PropertyValueSpecification","valueRequired":true,"valueName":"search_term_string"}}],"inLanguage":"fr-FR"}]},"product_price_amount":"269.95","product_price_currency":"CHF","og_availability":"instock","product_availability":"instock","product_retailer_item_id":"Pokemon.SwordShielHighClassClimaxS8BDisplay.JPN","product_condition":"new"},"_links":{"self":[{"href":"https:\/\/theuncommonshop.ch\/fr\/wp-json\/wp\/v2\/product\/369088","targetHints":{"allow":["GET"]}}],"collection":[{"href":"https:\/\/theuncommonshop.ch\/fr\/wp-json\/wp\/v2\/product"}],"about":[{"href":"https:\/\/theuncommonshop.ch\/fr\/wp-json\/wp\/v2\/types\/product"}],"replies":[{"embeddable":true,"href":"https:\/\/theuncommonshop.ch\/fr\/wp-json\/wp\/v2\/comments?post=369088"}],"version-history":[{"count":1,"href":"https:\/\/theuncommonshop.ch\/fr\/wp-json\/wp\/v2\/product\/369088\/revisions"}],"predecessor-version":[{"id":369091,"href":"https:\/\/theuncommonshop.ch\/fr\/wp-json\/wp\/v2\/product\/369088\/revisions\/369091"}],"wp:featuredmedia":[{"embeddable":true,"href":"https:\/\/theuncommonshop.ch\/fr\/wp-json\/wp\/v2\/media\/369077"}],"wp:attachment":[{"href":"https:\/\/theuncommonshop.ch\/fr\/wp-json\/wp\/v2\/media?parent=369088"}],"wp:term":[{"taxonomy":"product_brand","embeddable":true,"href":"https:\/\/theuncommonshop.ch\/fr\/wp-json\/wp\/v2\/product_brand?post=369088"},{"taxonomy":"product_cat","embeddable":true,"href":"https:\/\/theuncommonshop.ch\/fr\/wp-json\/wp\/v2\/product_cat?post=369088"},{"taxonomy":"product_tag","embeddable":true,"href":"https:\/\/theuncommonshop.ch\/fr\/wp-json\/wp\/v2\/product_tag?post=369088"}],"curies":[{"name":"wp","href":"https:\/\/api.w.org\/{rel}","templated":true}]}}