{"id":369002,"date":"2026-04-15T00:09:35","date_gmt":"2026-04-14T22:09:35","guid":{"rendered":"https:\/\/theuncommonshop.ch\/product\/naruto-massiv-3\/"},"modified":"2026-04-15T00:09:35","modified_gmt":"2026-04-14T22:09:35","slug":"naruto-massiv-3","status":"publish","type":"product","link":"https:\/\/theuncommonshop.ch\/fr\/product\/naruto-massiv-3\/","title":{"rendered":"Naruto &#8211; Massiv 3"},"content":{"rendered":"<p><strong>Vivez des aventures \u00e9poustouflantes et une action ninja avec NARUTO ! <\/strong><\/p>\n<p><strong>Maintenant en \u00e9dition collector avec un total de 24 volumes dans un format plus grand et de nouveaux motifs de couverture !<\/strong><\/p>\n<p>Naruto, accompagn\u00e9 de Sasuke et Sakura, <em class=\"element-background-basic-colors marker\" data-color=\"04b\">a<\/em> d\u00e9j\u00e0 r\u00e9ussi de nombreuses \u00e9preuves lors de l&#8217;examen ultra-difficile de Chu-Nin. Il remporte \u00e9galement le combat individuel qui s&#8217;ensuit gr\u00e2ce \u00e0 son art ninja percutant et montre ce dont il est capable ! <\/p>\n<p><strong>Le volume 3<\/strong> de la s\u00e9rie Naruto Massive contient les chapitres 65 \u00e0 90.<\/p>\n<p><strong>Pour les fans de One Piece, My Hero Academia, Demon Slayer, Jujutsu Kaisen, Dragon Ball, Dr. Stone et Fairy Tail !<\/strong><\/p>\n<p><strong>Les points forts du massif dans le volume 3 :<\/strong><\/p>\n<p>Divers talents se r\u00e9unissent au m\u00eame endroit ! Le combat \u00e9liminatoire commence ! Les jeunes talents se battent \u00e0 mort pour leur r\u00eave et la dignit\u00e9 de leur village !  <\/p>\n<p>&#8211; Le combat \u00e9liminatoire commence ! Sasuke vs. Yoroi <\/p>\n<p>&#8211; Oto-Nin vs. Shino avec ses insectes<\/p>\n<p>&#8211; Les rivales s&#8217;affrontent ! Sakura vs. Ino ! <\/p>\n<p>&#8211; Combat d&#8217;intelligence ?! Naruto vs. Kiba ! <\/p>\n<p>&#8211; Le combat du destin ! Hinata vs. Neji <\/p>\n<p>&#8211; Taijutsu et d\u00e9fense ! Lee vs. Gaaara <\/p>\n<p>&#8211; Le combat \u00e9liminatoire touche \u00e0 sa fin &#8211; Naruto commence \u00e0 s&#8217;entra\u00eener !<\/p>\n","protected":false},"excerpt":{"rendered":"<p>Vivez des aventures \u00e9poustouflantes et une action ninja avec NARUTO ! Maintenant en \u00e9dition collector avec un total de 24<\/p>\n","protected":false},"featured_media":368985,"comment_status":"open","ping_status":"closed","template":"","meta":{"_acf_changed":false},"product_brand":[12006,12009],"product_cat":[9885,9893],"product_tag":[],"class_list":{"0":"post-369002","1":"product","2":"type-product","3":"status-publish","4":"has-post-thumbnail","6":"product_brand-manga-carlsen","7":"product_brand-naruto","8":"product_cat-manga","9":"product_cat-naruto-fr","11":"first","12":"outofstock","13":"taxable","14":"shipping-taxable","15":"purchasable","16":"product-type-simple"},"acf":[],"yoast_head":"<!-- This site is optimized with the Yoast SEO plugin v27.4 - https:\/\/yoast.com\/product\/yoast-seo-wordpress\/ -->\n<title>Ach\u00e8te Naruto - Massiv 3<\/title>\n<meta name=\"description\" content=\"Ach\u00e8te Naruto - Massiv 3 en ligne maintenant \u00e0 petit prix! Ton #1 shop pour cartes TCG &amp; Pok\u00e9mon en Suisse \u2713 Livraison gratuite d\u00e8s CHF 29\" \/>\n<meta name=\"robots\" content=\"index, follow, max-snippet:-1, max-image-preview:large, max-video-preview:-1\" \/>\n<link rel=\"canonical\" href=\"https:\/\/theuncommonshop.ch\/fr\/product\/naruto-massiv-3\/\" \/>\n<meta property=\"og:locale\" content=\"fr_FR\" \/>\n<meta property=\"og:type\" content=\"article\" \/>\n<meta property=\"og:title\" content=\"Ach\u00e8te Naruto - Massiv 3\" \/>\n<meta property=\"og:description\" content=\"Ach\u00e8te Naruto - Massiv 3 en ligne maintenant \u00e0 petit prix! Ton #1 shop pour cartes TCG &amp; Pok\u00e9mon en Suisse \u2713 Livraison gratuite d\u00e8s CHF 29\" \/>\n<meta property=\"og:url\" content=\"https:\/\/theuncommonshop.ch\/fr\/product\/naruto-massiv-3\/\" \/>\n<meta property=\"og:site_name\" content=\"Largest trading card shop in Switzerland\" \/>\n<meta property=\"og:image\" content=\"https:\/\/theuncommonshop.ch\/wp-content\/uploads\/2026\/04\/Naruto31.jpeg\" \/>\n\t<meta property=\"og:image:width\" content=\"1065\" \/>\n\t<meta property=\"og:image:height\" content=\"1600\" \/>\n\t<meta property=\"og:image:type\" content=\"image\/jpeg\" \/>\n<meta name=\"twitter:card\" content=\"summary_large_image\" \/>\n<meta name=\"twitter:label1\" content=\"Prix\" \/>\n\t<meta name=\"twitter:data1\" content=\"&#067;&#072;&#070;&nbsp;17.95\" \/>\n\t<meta name=\"twitter:label2\" content=\"Disponibilit\u00e9\" \/>\n\t<meta name=\"twitter:data2\" content=\"Rupture de stock\" \/>\n<script type=\"application\/ld+json\" class=\"yoast-schema-graph\">{\"@context\":\"https:\\\/\\\/schema.org\",\"@graph\":[{\"@type\":\"WebPage\",\"@id\":\"https:\\\/\\\/theuncommonshop.ch\\\/fr\\\/product\\\/naruto-massiv-3\\\/\",\"url\":\"https:\\\/\\\/theuncommonshop.ch\\\/fr\\\/product\\\/naruto-massiv-3\\\/\",\"name\":\"Ach\u00e8te Naruto - Massiv 3\",\"isPartOf\":{\"@id\":\"https:\\\/\\\/theuncommonshop.ch\\\/fr\\\/#website\"},\"primaryImageOfPage\":{\"@id\":\"https:\\\/\\\/theuncommonshop.ch\\\/fr\\\/product\\\/naruto-massiv-3\\\/#primaryimage\"},\"image\":{\"@id\":\"https:\\\/\\\/theuncommonshop.ch\\\/fr\\\/product\\\/naruto-massiv-3\\\/#primaryimage\"},\"thumbnailUrl\":\"https:\\\/\\\/theuncommonshop.ch\\\/wp-content\\\/uploads\\\/2026\\\/04\\\/Naruto31.jpeg\",\"datePublished\":\"2026-04-14T22:09:35+00:00\",\"description\":\"Ach\u00e8te Naruto - Massiv 3 en ligne maintenant \u00e0 petit prix! Ton #1 shop pour cartes TCG & Pok\u00e9mon en Suisse \u2713 Livraison gratuite d\u00e8s CHF 29\",\"breadcrumb\":{\"@id\":\"https:\\\/\\\/theuncommonshop.ch\\\/fr\\\/product\\\/naruto-massiv-3\\\/#breadcrumb\"},\"inLanguage\":\"fr-FR\",\"potentialAction\":[{\"@type\":\"ReadAction\",\"target\":[\"https:\\\/\\\/theuncommonshop.ch\\\/fr\\\/product\\\/naruto-massiv-3\\\/\"]}]},{\"@type\":\"ImageObject\",\"inLanguage\":\"fr-FR\",\"@id\":\"https:\\\/\\\/theuncommonshop.ch\\\/fr\\\/product\\\/naruto-massiv-3\\\/#primaryimage\",\"url\":\"https:\\\/\\\/theuncommonshop.ch\\\/wp-content\\\/uploads\\\/2026\\\/04\\\/Naruto31.jpeg\",\"contentUrl\":\"https:\\\/\\\/theuncommonshop.ch\\\/wp-content\\\/uploads\\\/2026\\\/04\\\/Naruto31.jpeg\",\"width\":1065,\"height\":1600,\"caption\":\"Naruto31\"},{\"@type\":\"BreadcrumbList\",\"@id\":\"https:\\\/\\\/theuncommonshop.ch\\\/fr\\\/product\\\/naruto-massiv-3\\\/#breadcrumb\",\"itemListElement\":[{\"@type\":\"ListItem\",\"position\":1,\"name\":\"Accueil\",\"item\":\"https:\\\/\\\/theuncommonshop.ch\\\/fr\\\/accueil\\\/\"},{\"@type\":\"ListItem\",\"position\":2,\"name\":\"Boutique\",\"item\":\"https:\\\/\\\/theuncommonshop.ch\\\/fr\\\/boutique\\\/\"},{\"@type\":\"ListItem\",\"position\":3,\"name\":\"Naruto &#8211; Massiv 3\"}]},{\"@type\":\"WebSite\",\"@id\":\"https:\\\/\\\/theuncommonshop.ch\\\/fr\\\/#website\",\"url\":\"https:\\\/\\\/theuncommonshop.ch\\\/fr\\\/\",\"name\":\"Largest trading card shop in Switzerland\",\"description\":\"Magic, Pok\u00e9mon and Yu-gi-oh - The Uncommon Shop\",\"potentialAction\":[{\"@type\":\"SearchAction\",\"target\":{\"@type\":\"EntryPoint\",\"urlTemplate\":\"https:\\\/\\\/theuncommonshop.ch\\\/fr\\\/?s={search_term_string}\"},\"query-input\":{\"@type\":\"PropertyValueSpecification\",\"valueRequired\":true,\"valueName\":\"search_term_string\"}}],\"inLanguage\":\"fr-FR\"}]}<\/script>\n<meta property=\"product:price:amount\" content=\"17.95\" \/>\n<meta property=\"product:price:currency\" content=\"CHF\" \/>\n<meta property=\"og:availability\" content=\"out of stock\" \/>\n<meta property=\"product:availability\" content=\"out of stock\" \/>\n<meta property=\"product:retailer_item_id\" content=\"NarutoMassiv3Manga\" \/>\n<meta property=\"product:condition\" content=\"new\" \/>\n<!-- \/ Yoast SEO plugin. -->","yoast_head_json":{"title":"Ach\u00e8te Naruto - Massiv 3","description":"Ach\u00e8te Naruto - Massiv 3 en ligne maintenant \u00e0 petit prix! Ton #1 shop pour cartes TCG & Pok\u00e9mon en Suisse \u2713 Livraison gratuite d\u00e8s CHF 29","robots":{"index":"index","follow":"follow","max-snippet":"max-snippet:-1","max-image-preview":"max-image-preview:large","max-video-preview":"max-video-preview:-1"},"canonical":"https:\/\/theuncommonshop.ch\/fr\/product\/naruto-massiv-3\/","og_locale":"fr_FR","og_type":"article","og_title":"Ach\u00e8te Naruto - Massiv 3","og_description":"Ach\u00e8te Naruto - Massiv 3 en ligne maintenant \u00e0 petit prix! Ton #1 shop pour cartes TCG & Pok\u00e9mon en Suisse \u2713 Livraison gratuite d\u00e8s CHF 29","og_url":"https:\/\/theuncommonshop.ch\/fr\/product\/naruto-massiv-3\/","og_site_name":"Largest trading card shop in Switzerland","og_image":[{"width":1065,"height":1600,"url":"https:\/\/theuncommonshop.ch\/wp-content\/uploads\/2026\/04\/Naruto31.jpeg","type":"image\/jpeg"}],"twitter_card":"summary_large_image","twitter_misc":{"Prix":"&#67;&#72;&#70;&nbsp;17.95","Disponibilit\u00e9":"Rupture de stock"},"schema":{"@context":"https:\/\/schema.org","@graph":[{"@type":"WebPage","@id":"https:\/\/theuncommonshop.ch\/fr\/product\/naruto-massiv-3\/","url":"https:\/\/theuncommonshop.ch\/fr\/product\/naruto-massiv-3\/","name":"Ach\u00e8te Naruto - Massiv 3","isPartOf":{"@id":"https:\/\/theuncommonshop.ch\/fr\/#website"},"primaryImageOfPage":{"@id":"https:\/\/theuncommonshop.ch\/fr\/product\/naruto-massiv-3\/#primaryimage"},"image":{"@id":"https:\/\/theuncommonshop.ch\/fr\/product\/naruto-massiv-3\/#primaryimage"},"thumbnailUrl":"https:\/\/theuncommonshop.ch\/wp-content\/uploads\/2026\/04\/Naruto31.jpeg","datePublished":"2026-04-14T22:09:35+00:00","description":"Ach\u00e8te Naruto - Massiv 3 en ligne maintenant \u00e0 petit prix! Ton #1 shop pour cartes TCG & Pok\u00e9mon en Suisse \u2713 Livraison gratuite d\u00e8s CHF 29","breadcrumb":{"@id":"https:\/\/theuncommonshop.ch\/fr\/product\/naruto-massiv-3\/#breadcrumb"},"inLanguage":"fr-FR","potentialAction":[{"@type":"ReadAction","target":["https:\/\/theuncommonshop.ch\/fr\/product\/naruto-massiv-3\/"]}]},{"@type":"ImageObject","inLanguage":"fr-FR","@id":"https:\/\/theuncommonshop.ch\/fr\/product\/naruto-massiv-3\/#primaryimage","url":"https:\/\/theuncommonshop.ch\/wp-content\/uploads\/2026\/04\/Naruto31.jpeg","contentUrl":"https:\/\/theuncommonshop.ch\/wp-content\/uploads\/2026\/04\/Naruto31.jpeg","width":1065,"height":1600,"caption":"Naruto31"},{"@type":"BreadcrumbList","@id":"https:\/\/theuncommonshop.ch\/fr\/product\/naruto-massiv-3\/#breadcrumb","itemListElement":[{"@type":"ListItem","position":1,"name":"Accueil","item":"https:\/\/theuncommonshop.ch\/fr\/accueil\/"},{"@type":"ListItem","position":2,"name":"Boutique","item":"https:\/\/theuncommonshop.ch\/fr\/boutique\/"},{"@type":"ListItem","position":3,"name":"Naruto &#8211; Massiv 3"}]},{"@type":"WebSite","@id":"https:\/\/theuncommonshop.ch\/fr\/#website","url":"https:\/\/theuncommonshop.ch\/fr\/","name":"Largest trading card shop in Switzerland","description":"Magic, Pok\u00e9mon and Yu-gi-oh - The Uncommon Shop","potentialAction":[{"@type":"SearchAction","target":{"@type":"EntryPoint","urlTemplate":"https:\/\/theuncommonshop.ch\/fr\/?s={search_term_string}"},"query-input":{"@type":"PropertyValueSpecification","valueRequired":true,"valueName":"search_term_string"}}],"inLanguage":"fr-FR"}]},"product_price_amount":"17.95","product_price_currency":"CHF","og_availability":"out of stock","product_availability":"out of stock","product_retailer_item_id":"NarutoMassiv3Manga","product_condition":"new"},"jetpack_sharing_enabled":true,"_links":{"self":[{"href":"https:\/\/theuncommonshop.ch\/fr\/wp-json\/wp\/v2\/product\/369002","targetHints":{"allow":["GET"]}}],"collection":[{"href":"https:\/\/theuncommonshop.ch\/fr\/wp-json\/wp\/v2\/product"}],"about":[{"href":"https:\/\/theuncommonshop.ch\/fr\/wp-json\/wp\/v2\/types\/product"}],"replies":[{"embeddable":true,"href":"https:\/\/theuncommonshop.ch\/fr\/wp-json\/wp\/v2\/comments?post=369002"}],"version-history":[{"count":0,"href":"https:\/\/theuncommonshop.ch\/fr\/wp-json\/wp\/v2\/product\/369002\/revisions"}],"wp:featuredmedia":[{"embeddable":true,"href":"https:\/\/theuncommonshop.ch\/fr\/wp-json\/wp\/v2\/media\/368985"}],"wp:attachment":[{"href":"https:\/\/theuncommonshop.ch\/fr\/wp-json\/wp\/v2\/media?parent=369002"}],"wp:term":[{"taxonomy":"product_brand","embeddable":true,"href":"https:\/\/theuncommonshop.ch\/fr\/wp-json\/wp\/v2\/product_brand?post=369002"},{"taxonomy":"product_cat","embeddable":true,"href":"https:\/\/theuncommonshop.ch\/fr\/wp-json\/wp\/v2\/product_cat?post=369002"},{"taxonomy":"product_tag","embeddable":true,"href":"https:\/\/theuncommonshop.ch\/fr\/wp-json\/wp\/v2\/product_tag?post=369002"}],"curies":[{"name":"wp","href":"https:\/\/api.w.org\/{rel}","templated":true}]}}