{"id":368958,"date":"2026-04-14T23:48:01","date_gmt":"2026-04-14T21:48:01","guid":{"rendered":"https:\/\/theuncommonshop.ch\/product\/naruto-massiv-1\/"},"modified":"2026-04-14T23:48:01","modified_gmt":"2026-04-14T21:48:01","slug":"naruto-massiv-1","status":"publish","type":"product","link":"https:\/\/theuncommonshop.ch\/fr\/product\/naruto-massiv-1\/","title":{"rendered":"Naruto &#8211; Massiv 1"},"content":{"rendered":"<p><strong>Vivez des aventures \u00e9poustouflantes et une action ninja avec NARUTO !<\/p>\n<p>Maintenant en \u00e9dition collector avec un total de 24 volumes dans un format plus grand et de nouveaux motifs de couverture !<\/strong><\/p>\n<p>Naruto est un vaurien notoire dans son <em class=\"element-background-basic-colors marker\" data-color=\"04b\">village, qui est<\/em> presque exclusivement compos\u00e9 de ninjas. Il aime la soupe aux nouilles et faire des blagues aux autres. Il n&#8217;est donc pas \u00e9tonnant qu&#8217;il ne soit pas tr\u00e8s populaire. Mais c&#8217;est justement pour cela qu&#8217;il veut devenir le meilleur ninja de son village. Pour cela, lui et ses camarades Sasuke et Sakura vont suivre l&#8217;enseignement du grand ma\u00eetre Kakashi&#8230;    <\/p>\n<p><strong>Le volume 1<\/strong> de la s\u00e9rie Naruto Massive contient les chapitres 1 \u00e0 33.<\/p>\n<p><strong>Pour les fans de One Piece, My Hero Academia, Demon Slayer, Jujutsu Kaisen, Dragon Ball, Dr. Stone et Fairy Tail !<\/strong><\/p>\n<p><strong>Les points forts du massif dans le volume 1 :<\/strong><\/p>\n<p>&#8211; L&#8217;engagement ! Naruto et Ma\u00eetre Iruka <\/p>\n<p>&#8211; Naissance du groupe Kakashi !<\/p>\n<p>&#8211; La mission au royaume des ondes<\/p>\n<p>&#8211; Kakashi vs. Zabuza Momochi<\/p>\n<p>&#8211; Naruto &amp; Sasuke vs. Haku<\/p>\n<p>&#8211; Le sharingan de Sasuke va-t-il s&#8217;\u00e9veiller ?!<\/p>\n<p>&#8211; Kyubi, le monstre-renard de Naruto, fait son apparition !<\/p>\n","protected":false},"excerpt":{"rendered":"<p>Vivez des aventures \u00e9poustouflantes et une action ninja avec NARUTO ! Maintenant en \u00e9dition collector avec un total de 24<\/p>\n","protected":false},"featured_media":368942,"comment_status":"open","ping_status":"closed","template":"","meta":{"_acf_changed":false},"product_brand":[12006,12009],"product_cat":[9885,9893],"product_tag":[],"class_list":{"0":"post-368958","1":"product","2":"type-product","3":"status-publish","4":"has-post-thumbnail","6":"product_brand-manga-carlsen","7":"product_brand-naruto","8":"product_cat-manga","9":"product_cat-naruto-fr","11":"first","12":"outofstock","13":"taxable","14":"shipping-taxable","15":"purchasable","16":"product-type-simple"},"acf":[],"yoast_head":"<!-- This site is optimized with the Yoast SEO plugin v27.4 - https:\/\/yoast.com\/product\/yoast-seo-wordpress\/ -->\n<title>Ach\u00e8te Naruto - Massiv 1<\/title>\n<meta name=\"description\" content=\"Ach\u00e8te Naruto - Massiv 1 en ligne maintenant \u00e0 petit prix! Ton #1 shop pour cartes TCG &amp; Pok\u00e9mon en Suisse \u2713 Livraison gratuite d\u00e8s CHF 29\" \/>\n<meta name=\"robots\" content=\"index, follow, max-snippet:-1, max-image-preview:large, max-video-preview:-1\" \/>\n<link rel=\"canonical\" href=\"https:\/\/theuncommonshop.ch\/fr\/product\/naruto-massiv-1\/\" \/>\n<meta property=\"og:locale\" content=\"fr_FR\" \/>\n<meta property=\"og:type\" content=\"article\" \/>\n<meta property=\"og:title\" content=\"Ach\u00e8te Naruto - Massiv 1\" \/>\n<meta property=\"og:description\" content=\"Ach\u00e8te Naruto - Massiv 1 en ligne maintenant \u00e0 petit prix! Ton #1 shop pour cartes TCG &amp; Pok\u00e9mon en Suisse \u2713 Livraison gratuite d\u00e8s CHF 29\" \/>\n<meta property=\"og:url\" content=\"https:\/\/theuncommonshop.ch\/fr\/product\/naruto-massiv-1\/\" \/>\n<meta property=\"og:site_name\" content=\"Largest trading card shop in Switzerland\" \/>\n<meta property=\"og:image\" content=\"https:\/\/theuncommonshop.ch\/wp-content\/uploads\/2026\/04\/Naruto11.jpeg\" \/>\n\t<meta property=\"og:image:width\" content=\"1070\" \/>\n\t<meta property=\"og:image:height\" content=\"1600\" \/>\n\t<meta property=\"og:image:type\" content=\"image\/jpeg\" \/>\n<meta name=\"twitter:card\" content=\"summary_large_image\" \/>\n<meta name=\"twitter:label1\" content=\"Prix\" \/>\n\t<meta name=\"twitter:data1\" content=\"&#067;&#072;&#070;&nbsp;9.95\" \/>\n\t<meta name=\"twitter:label2\" content=\"Disponibilit\u00e9\" \/>\n\t<meta name=\"twitter:data2\" content=\"Rupture de stock\" \/>\n<script type=\"application\/ld+json\" class=\"yoast-schema-graph\">{\"@context\":\"https:\\\/\\\/schema.org\",\"@graph\":[{\"@type\":\"WebPage\",\"@id\":\"https:\\\/\\\/theuncommonshop.ch\\\/fr\\\/product\\\/naruto-massiv-1\\\/\",\"url\":\"https:\\\/\\\/theuncommonshop.ch\\\/fr\\\/product\\\/naruto-massiv-1\\\/\",\"name\":\"Ach\u00e8te Naruto - Massiv 1\",\"isPartOf\":{\"@id\":\"https:\\\/\\\/theuncommonshop.ch\\\/fr\\\/#website\"},\"primaryImageOfPage\":{\"@id\":\"https:\\\/\\\/theuncommonshop.ch\\\/fr\\\/product\\\/naruto-massiv-1\\\/#primaryimage\"},\"image\":{\"@id\":\"https:\\\/\\\/theuncommonshop.ch\\\/fr\\\/product\\\/naruto-massiv-1\\\/#primaryimage\"},\"thumbnailUrl\":\"https:\\\/\\\/theuncommonshop.ch\\\/wp-content\\\/uploads\\\/2026\\\/04\\\/Naruto11.jpeg\",\"datePublished\":\"2026-04-14T21:48:01+00:00\",\"description\":\"Ach\u00e8te Naruto - Massiv 1 en ligne maintenant \u00e0 petit prix! Ton #1 shop pour cartes TCG & Pok\u00e9mon en Suisse \u2713 Livraison gratuite d\u00e8s CHF 29\",\"breadcrumb\":{\"@id\":\"https:\\\/\\\/theuncommonshop.ch\\\/fr\\\/product\\\/naruto-massiv-1\\\/#breadcrumb\"},\"inLanguage\":\"fr-FR\",\"potentialAction\":[{\"@type\":\"ReadAction\",\"target\":[\"https:\\\/\\\/theuncommonshop.ch\\\/fr\\\/product\\\/naruto-massiv-1\\\/\"]}]},{\"@type\":\"ImageObject\",\"inLanguage\":\"fr-FR\",\"@id\":\"https:\\\/\\\/theuncommonshop.ch\\\/fr\\\/product\\\/naruto-massiv-1\\\/#primaryimage\",\"url\":\"https:\\\/\\\/theuncommonshop.ch\\\/wp-content\\\/uploads\\\/2026\\\/04\\\/Naruto11.jpeg\",\"contentUrl\":\"https:\\\/\\\/theuncommonshop.ch\\\/wp-content\\\/uploads\\\/2026\\\/04\\\/Naruto11.jpeg\",\"width\":1070,\"height\":1600,\"caption\":\"Naruto11\"},{\"@type\":\"BreadcrumbList\",\"@id\":\"https:\\\/\\\/theuncommonshop.ch\\\/fr\\\/product\\\/naruto-massiv-1\\\/#breadcrumb\",\"itemListElement\":[{\"@type\":\"ListItem\",\"position\":1,\"name\":\"Accueil\",\"item\":\"https:\\\/\\\/theuncommonshop.ch\\\/fr\\\/accueil\\\/\"},{\"@type\":\"ListItem\",\"position\":2,\"name\":\"Boutique\",\"item\":\"https:\\\/\\\/theuncommonshop.ch\\\/fr\\\/boutique\\\/\"},{\"@type\":\"ListItem\",\"position\":3,\"name\":\"Naruto &#8211; Massiv 1\"}]},{\"@type\":\"WebSite\",\"@id\":\"https:\\\/\\\/theuncommonshop.ch\\\/fr\\\/#website\",\"url\":\"https:\\\/\\\/theuncommonshop.ch\\\/fr\\\/\",\"name\":\"Largest trading card shop in Switzerland\",\"description\":\"Magic, Pok\u00e9mon and Yu-gi-oh - The Uncommon Shop\",\"potentialAction\":[{\"@type\":\"SearchAction\",\"target\":{\"@type\":\"EntryPoint\",\"urlTemplate\":\"https:\\\/\\\/theuncommonshop.ch\\\/fr\\\/?s={search_term_string}\"},\"query-input\":{\"@type\":\"PropertyValueSpecification\",\"valueRequired\":true,\"valueName\":\"search_term_string\"}}],\"inLanguage\":\"fr-FR\"}]}<\/script>\n<meta property=\"product:price:amount\" content=\"9.95\" \/>\n<meta property=\"product:price:currency\" content=\"CHF\" \/>\n<meta property=\"og:availability\" content=\"out of stock\" \/>\n<meta property=\"product:availability\" content=\"out of stock\" \/>\n<meta property=\"product:retailer_item_id\" content=\"NarutoMassiv1Manga\" \/>\n<meta property=\"product:condition\" content=\"new\" \/>\n<!-- \/ Yoast SEO plugin. -->","yoast_head_json":{"title":"Ach\u00e8te Naruto - Massiv 1","description":"Ach\u00e8te Naruto - Massiv 1 en ligne maintenant \u00e0 petit prix! Ton #1 shop pour cartes TCG & Pok\u00e9mon en Suisse \u2713 Livraison gratuite d\u00e8s CHF 29","robots":{"index":"index","follow":"follow","max-snippet":"max-snippet:-1","max-image-preview":"max-image-preview:large","max-video-preview":"max-video-preview:-1"},"canonical":"https:\/\/theuncommonshop.ch\/fr\/product\/naruto-massiv-1\/","og_locale":"fr_FR","og_type":"article","og_title":"Ach\u00e8te Naruto - Massiv 1","og_description":"Ach\u00e8te Naruto - Massiv 1 en ligne maintenant \u00e0 petit prix! Ton #1 shop pour cartes TCG & Pok\u00e9mon en Suisse \u2713 Livraison gratuite d\u00e8s CHF 29","og_url":"https:\/\/theuncommonshop.ch\/fr\/product\/naruto-massiv-1\/","og_site_name":"Largest trading card shop in Switzerland","og_image":[{"width":1070,"height":1600,"url":"https:\/\/theuncommonshop.ch\/wp-content\/uploads\/2026\/04\/Naruto11.jpeg","type":"image\/jpeg"}],"twitter_card":"summary_large_image","twitter_misc":{"Prix":"&#67;&#72;&#70;&nbsp;9.95","Disponibilit\u00e9":"Rupture de stock"},"schema":{"@context":"https:\/\/schema.org","@graph":[{"@type":"WebPage","@id":"https:\/\/theuncommonshop.ch\/fr\/product\/naruto-massiv-1\/","url":"https:\/\/theuncommonshop.ch\/fr\/product\/naruto-massiv-1\/","name":"Ach\u00e8te Naruto - Massiv 1","isPartOf":{"@id":"https:\/\/theuncommonshop.ch\/fr\/#website"},"primaryImageOfPage":{"@id":"https:\/\/theuncommonshop.ch\/fr\/product\/naruto-massiv-1\/#primaryimage"},"image":{"@id":"https:\/\/theuncommonshop.ch\/fr\/product\/naruto-massiv-1\/#primaryimage"},"thumbnailUrl":"https:\/\/theuncommonshop.ch\/wp-content\/uploads\/2026\/04\/Naruto11.jpeg","datePublished":"2026-04-14T21:48:01+00:00","description":"Ach\u00e8te Naruto - Massiv 1 en ligne maintenant \u00e0 petit prix! Ton #1 shop pour cartes TCG & Pok\u00e9mon en Suisse \u2713 Livraison gratuite d\u00e8s CHF 29","breadcrumb":{"@id":"https:\/\/theuncommonshop.ch\/fr\/product\/naruto-massiv-1\/#breadcrumb"},"inLanguage":"fr-FR","potentialAction":[{"@type":"ReadAction","target":["https:\/\/theuncommonshop.ch\/fr\/product\/naruto-massiv-1\/"]}]},{"@type":"ImageObject","inLanguage":"fr-FR","@id":"https:\/\/theuncommonshop.ch\/fr\/product\/naruto-massiv-1\/#primaryimage","url":"https:\/\/theuncommonshop.ch\/wp-content\/uploads\/2026\/04\/Naruto11.jpeg","contentUrl":"https:\/\/theuncommonshop.ch\/wp-content\/uploads\/2026\/04\/Naruto11.jpeg","width":1070,"height":1600,"caption":"Naruto11"},{"@type":"BreadcrumbList","@id":"https:\/\/theuncommonshop.ch\/fr\/product\/naruto-massiv-1\/#breadcrumb","itemListElement":[{"@type":"ListItem","position":1,"name":"Accueil","item":"https:\/\/theuncommonshop.ch\/fr\/accueil\/"},{"@type":"ListItem","position":2,"name":"Boutique","item":"https:\/\/theuncommonshop.ch\/fr\/boutique\/"},{"@type":"ListItem","position":3,"name":"Naruto &#8211; Massiv 1"}]},{"@type":"WebSite","@id":"https:\/\/theuncommonshop.ch\/fr\/#website","url":"https:\/\/theuncommonshop.ch\/fr\/","name":"Largest trading card shop in Switzerland","description":"Magic, Pok\u00e9mon and Yu-gi-oh - The Uncommon Shop","potentialAction":[{"@type":"SearchAction","target":{"@type":"EntryPoint","urlTemplate":"https:\/\/theuncommonshop.ch\/fr\/?s={search_term_string}"},"query-input":{"@type":"PropertyValueSpecification","valueRequired":true,"valueName":"search_term_string"}}],"inLanguage":"fr-FR"}]},"product_price_amount":"9.95","product_price_currency":"CHF","og_availability":"out of stock","product_availability":"out of stock","product_retailer_item_id":"NarutoMassiv1Manga","product_condition":"new"},"jetpack_sharing_enabled":true,"_links":{"self":[{"href":"https:\/\/theuncommonshop.ch\/fr\/wp-json\/wp\/v2\/product\/368958","targetHints":{"allow":["GET"]}}],"collection":[{"href":"https:\/\/theuncommonshop.ch\/fr\/wp-json\/wp\/v2\/product"}],"about":[{"href":"https:\/\/theuncommonshop.ch\/fr\/wp-json\/wp\/v2\/types\/product"}],"replies":[{"embeddable":true,"href":"https:\/\/theuncommonshop.ch\/fr\/wp-json\/wp\/v2\/comments?post=368958"}],"version-history":[{"count":0,"href":"https:\/\/theuncommonshop.ch\/fr\/wp-json\/wp\/v2\/product\/368958\/revisions"}],"wp:featuredmedia":[{"embeddable":true,"href":"https:\/\/theuncommonshop.ch\/fr\/wp-json\/wp\/v2\/media\/368942"}],"wp:attachment":[{"href":"https:\/\/theuncommonshop.ch\/fr\/wp-json\/wp\/v2\/media?parent=368958"}],"wp:term":[{"taxonomy":"product_brand","embeddable":true,"href":"https:\/\/theuncommonshop.ch\/fr\/wp-json\/wp\/v2\/product_brand?post=368958"},{"taxonomy":"product_cat","embeddable":true,"href":"https:\/\/theuncommonshop.ch\/fr\/wp-json\/wp\/v2\/product_cat?post=368958"},{"taxonomy":"product_tag","embeddable":true,"href":"https:\/\/theuncommonshop.ch\/fr\/wp-json\/wp\/v2\/product_tag?post=368958"}],"curies":[{"name":"wp","href":"https:\/\/api.w.org\/{rel}","templated":true}]}}