{"id":368937,"date":"2026-04-14T23:23:08","date_gmt":"2026-04-14T21:23:08","guid":{"rendered":"https:\/\/theuncommonshop.ch\/product\/disney-lilo-stitch-aventure-a-hawaii\/"},"modified":"2026-04-14T23:23:08","modified_gmt":"2026-04-14T21:23:08","slug":"disney-lilo-stitch-aventure-a-hawaii","status":"publish","type":"product","link":"https:\/\/theuncommonshop.ch\/fr\/product\/disney-lilo-stitch-aventure-a-hawaii\/","title":{"rendered":"Disney &#8211; Lilo &amp; Stitch &#8211; Aventure \u00e0 Hawaii"},"content":{"rendered":"<p><b>Alerte rouge ! Le b <\/b><strong>L&#8217;extraterrestre c\u00e2lin et ti\u00e8de est en fuite dans cet adorable Manga Disney !<\/strong><\/p>\n<p>Naturellement, les meilleurs des meilleurs se mettent en route pour le r\u00e9cup\u00e9rer : Jumba et Pliiklii ! La chasse mouvement\u00e9e <em class=\"element-background-basic-colors marker\" data-color=\"04b\">peut<\/em> commencer ! Elle pourrait commencer, mais Lilo, Nani, David et &#8220;Hawaii&#8221; s&#8217;y opposent&#8230;  <\/p>\n<p>Une collection d&#8217;aventures vari\u00e9es avec une bonne dose d&#8217;humour et d&#8217;amiti\u00e9 ! Une tasse maudite, un collier perdu, un mariage rat\u00e9 &#8211; des drames sans fin, mais cela ne change rien \u00e0 l&#8217;attitude positive envers la vie. <\/p>\n<ul>\n<li>Collection de diff\u00e9rentes aventures du c\u00e9l\u00e8bre alien de Disney<\/li>\n<li>Volume unique<\/li>\n<li>Parfait pour les jeunes fans de Manga \u00e0 partir de 6 ans.<\/li>\n<li>Des dessins adorables et des aventures charmantes<\/li>\n<\/ul>\n<p><strong>  Quoi qu&#8217;il arrive, restez toujours positif et joyeux !<\/strong><\/p>\n<p><strong>Un manga Disney plein d&#8217;amusement, d&#8217;aventure et de charmant chaos extraterrestre.<\/strong><\/p>\n","protected":false},"excerpt":{"rendered":"<p>Alerte rouge ! Le b L&#8217;extraterrestre c\u00e2lin et ti\u00e8de est en fuite dans cet adorable Manga Disney ! Naturellement, les<\/p>\n","protected":false},"featured_media":368919,"comment_status":"open","ping_status":"closed","template":"","meta":{"_acf_changed":false},"product_brand":[5082,12006],"product_cat":[9891,9885],"product_tag":[],"class_list":{"0":"post-368937","1":"product","2":"type-product","3":"status-publish","4":"has-post-thumbnail","6":"product_brand-disney","7":"product_brand-manga-carlsen","8":"product_cat-disney-fr","9":"product_cat-manga","11":"first","12":"outofstock","13":"taxable","14":"shipping-taxable","15":"purchasable","16":"product-type-simple"},"acf":[],"yoast_head":"<!-- This site is optimized with the Yoast SEO plugin v27.4 - https:\/\/yoast.com\/product\/yoast-seo-wordpress\/ -->\n<title>Ach\u00e8te Disney - Lilo &amp; Stitch - Aventure \u00e0 Hawaii<\/title>\n<meta name=\"description\" content=\"Ach\u00e8te Disney - Lilo &amp; Stitch - Aventure \u00e0 Hawaii en ligne maintenant \u00e0 petit prix! Ton #1 shop pour cartes TCG &amp; Pok\u00e9mon en Suisse \u2713 Livraison gratuite d\u00e8s CHF 29\" \/>\n<meta name=\"robots\" content=\"index, follow, max-snippet:-1, max-image-preview:large, max-video-preview:-1\" \/>\n<link rel=\"canonical\" href=\"https:\/\/theuncommonshop.ch\/fr\/product\/disney-lilo-stitch-aventure-a-hawaii\/\" \/>\n<meta property=\"og:locale\" content=\"fr_FR\" \/>\n<meta property=\"og:type\" content=\"article\" \/>\n<meta property=\"og:title\" content=\"Ach\u00e8te Disney - Lilo &amp; Stitch - Aventure \u00e0 Hawaii\" \/>\n<meta property=\"og:description\" content=\"Ach\u00e8te Disney - Lilo &amp; Stitch - Aventure \u00e0 Hawaii en ligne maintenant \u00e0 petit prix! Ton #1 shop pour cartes TCG &amp; Pok\u00e9mon en Suisse \u2713 Livraison gratuite d\u00e8s CHF 29\" \/>\n<meta property=\"og:url\" content=\"https:\/\/theuncommonshop.ch\/fr\/product\/disney-lilo-stitch-aventure-a-hawaii\/\" \/>\n<meta property=\"og:site_name\" content=\"Largest trading card shop in Switzerland\" \/>\n<meta property=\"og:image\" content=\"https:\/\/theuncommonshop.ch\/wp-content\/uploads\/2026\/04\/Hawaii1.jpeg\" \/>\n\t<meta property=\"og:image:width\" content=\"1110\" \/>\n\t<meta property=\"og:image:height\" content=\"1600\" \/>\n\t<meta property=\"og:image:type\" content=\"image\/jpeg\" \/>\n<meta name=\"twitter:card\" content=\"summary_large_image\" \/>\n<meta name=\"twitter:label1\" content=\"Prix\" \/>\n\t<meta name=\"twitter:data1\" content=\"&#067;&#072;&#070;&nbsp;11.95\" \/>\n\t<meta name=\"twitter:label2\" content=\"Disponibilit\u00e9\" \/>\n\t<meta name=\"twitter:data2\" content=\"Rupture de stock\" \/>\n<script type=\"application\/ld+json\" class=\"yoast-schema-graph\">{\"@context\":\"https:\\\/\\\/schema.org\",\"@graph\":[{\"@type\":\"WebPage\",\"@id\":\"https:\\\/\\\/theuncommonshop.ch\\\/fr\\\/product\\\/disney-lilo-stitch-aventure-a-hawaii\\\/\",\"url\":\"https:\\\/\\\/theuncommonshop.ch\\\/fr\\\/product\\\/disney-lilo-stitch-aventure-a-hawaii\\\/\",\"name\":\"Ach\u00e8te Disney - Lilo &amp; Stitch - Aventure \u00e0 Hawaii\",\"isPartOf\":{\"@id\":\"https:\\\/\\\/theuncommonshop.ch\\\/fr\\\/#website\"},\"primaryImageOfPage\":{\"@id\":\"https:\\\/\\\/theuncommonshop.ch\\\/fr\\\/product\\\/disney-lilo-stitch-aventure-a-hawaii\\\/#primaryimage\"},\"image\":{\"@id\":\"https:\\\/\\\/theuncommonshop.ch\\\/fr\\\/product\\\/disney-lilo-stitch-aventure-a-hawaii\\\/#primaryimage\"},\"thumbnailUrl\":\"https:\\\/\\\/theuncommonshop.ch\\\/wp-content\\\/uploads\\\/2026\\\/04\\\/Hawaii1.jpeg\",\"datePublished\":\"2026-04-14T21:23:08+00:00\",\"description\":\"Ach\u00e8te Disney - Lilo &amp; Stitch - Aventure \u00e0 Hawaii en ligne maintenant \u00e0 petit prix! Ton #1 shop pour cartes TCG & Pok\u00e9mon en Suisse \u2713 Livraison gratuite d\u00e8s CHF 29\",\"breadcrumb\":{\"@id\":\"https:\\\/\\\/theuncommonshop.ch\\\/fr\\\/product\\\/disney-lilo-stitch-aventure-a-hawaii\\\/#breadcrumb\"},\"inLanguage\":\"fr-FR\",\"potentialAction\":[{\"@type\":\"ReadAction\",\"target\":[\"https:\\\/\\\/theuncommonshop.ch\\\/fr\\\/product\\\/disney-lilo-stitch-aventure-a-hawaii\\\/\"]}]},{\"@type\":\"ImageObject\",\"inLanguage\":\"fr-FR\",\"@id\":\"https:\\\/\\\/theuncommonshop.ch\\\/fr\\\/product\\\/disney-lilo-stitch-aventure-a-hawaii\\\/#primaryimage\",\"url\":\"https:\\\/\\\/theuncommonshop.ch\\\/wp-content\\\/uploads\\\/2026\\\/04\\\/Hawaii1.jpeg\",\"contentUrl\":\"https:\\\/\\\/theuncommonshop.ch\\\/wp-content\\\/uploads\\\/2026\\\/04\\\/Hawaii1.jpeg\",\"width\":1110,\"height\":1600,\"caption\":\"Hawa\u00ef1\"},{\"@type\":\"BreadcrumbList\",\"@id\":\"https:\\\/\\\/theuncommonshop.ch\\\/fr\\\/product\\\/disney-lilo-stitch-aventure-a-hawaii\\\/#breadcrumb\",\"itemListElement\":[{\"@type\":\"ListItem\",\"position\":1,\"name\":\"Accueil\",\"item\":\"https:\\\/\\\/theuncommonshop.ch\\\/fr\\\/accueil\\\/\"},{\"@type\":\"ListItem\",\"position\":2,\"name\":\"Boutique\",\"item\":\"https:\\\/\\\/theuncommonshop.ch\\\/fr\\\/boutique\\\/\"},{\"@type\":\"ListItem\",\"position\":3,\"name\":\"Disney &#8211; Lilo &amp; Stitch &#8211; Aventure \u00e0 Hawaii\"}]},{\"@type\":\"WebSite\",\"@id\":\"https:\\\/\\\/theuncommonshop.ch\\\/fr\\\/#website\",\"url\":\"https:\\\/\\\/theuncommonshop.ch\\\/fr\\\/\",\"name\":\"Largest trading card shop in Switzerland\",\"description\":\"Magic, Pok\u00e9mon and Yu-gi-oh - The Uncommon Shop\",\"potentialAction\":[{\"@type\":\"SearchAction\",\"target\":{\"@type\":\"EntryPoint\",\"urlTemplate\":\"https:\\\/\\\/theuncommonshop.ch\\\/fr\\\/?s={search_term_string}\"},\"query-input\":{\"@type\":\"PropertyValueSpecification\",\"valueRequired\":true,\"valueName\":\"search_term_string\"}}],\"inLanguage\":\"fr-FR\"}]}<\/script>\n<meta property=\"product:price:amount\" content=\"11.95\" \/>\n<meta property=\"product:price:currency\" content=\"CHF\" \/>\n<meta property=\"og:availability\" content=\"out of stock\" \/>\n<meta property=\"product:availability\" content=\"out of stock\" \/>\n<meta property=\"product:retailer_item_id\" content=\"DisneyLiloStitchManga\" \/>\n<meta property=\"product:condition\" content=\"new\" \/>\n<!-- \/ Yoast SEO plugin. -->","yoast_head_json":{"title":"Ach\u00e8te Disney - Lilo &amp; Stitch - Aventure \u00e0 Hawaii","description":"Ach\u00e8te Disney - Lilo &amp; Stitch - Aventure \u00e0 Hawaii en ligne maintenant \u00e0 petit prix! Ton #1 shop pour cartes TCG & Pok\u00e9mon en Suisse \u2713 Livraison gratuite d\u00e8s CHF 29","robots":{"index":"index","follow":"follow","max-snippet":"max-snippet:-1","max-image-preview":"max-image-preview:large","max-video-preview":"max-video-preview:-1"},"canonical":"https:\/\/theuncommonshop.ch\/fr\/product\/disney-lilo-stitch-aventure-a-hawaii\/","og_locale":"fr_FR","og_type":"article","og_title":"Ach\u00e8te Disney - Lilo &amp; Stitch - Aventure \u00e0 Hawaii","og_description":"Ach\u00e8te Disney - Lilo &amp; Stitch - Aventure \u00e0 Hawaii en ligne maintenant \u00e0 petit prix! Ton #1 shop pour cartes TCG & Pok\u00e9mon en Suisse \u2713 Livraison gratuite d\u00e8s CHF 29","og_url":"https:\/\/theuncommonshop.ch\/fr\/product\/disney-lilo-stitch-aventure-a-hawaii\/","og_site_name":"Largest trading card shop in Switzerland","og_image":[{"width":1110,"height":1600,"url":"https:\/\/theuncommonshop.ch\/wp-content\/uploads\/2026\/04\/Hawaii1.jpeg","type":"image\/jpeg"}],"twitter_card":"summary_large_image","twitter_misc":{"Prix":"&#67;&#72;&#70;&nbsp;11.95","Disponibilit\u00e9":"Rupture de stock"},"schema":{"@context":"https:\/\/schema.org","@graph":[{"@type":"WebPage","@id":"https:\/\/theuncommonshop.ch\/fr\/product\/disney-lilo-stitch-aventure-a-hawaii\/","url":"https:\/\/theuncommonshop.ch\/fr\/product\/disney-lilo-stitch-aventure-a-hawaii\/","name":"Ach\u00e8te Disney - Lilo &amp; Stitch - Aventure \u00e0 Hawaii","isPartOf":{"@id":"https:\/\/theuncommonshop.ch\/fr\/#website"},"primaryImageOfPage":{"@id":"https:\/\/theuncommonshop.ch\/fr\/product\/disney-lilo-stitch-aventure-a-hawaii\/#primaryimage"},"image":{"@id":"https:\/\/theuncommonshop.ch\/fr\/product\/disney-lilo-stitch-aventure-a-hawaii\/#primaryimage"},"thumbnailUrl":"https:\/\/theuncommonshop.ch\/wp-content\/uploads\/2026\/04\/Hawaii1.jpeg","datePublished":"2026-04-14T21:23:08+00:00","description":"Ach\u00e8te Disney - Lilo &amp; Stitch - Aventure \u00e0 Hawaii en ligne maintenant \u00e0 petit prix! Ton #1 shop pour cartes TCG & Pok\u00e9mon en Suisse \u2713 Livraison gratuite d\u00e8s CHF 29","breadcrumb":{"@id":"https:\/\/theuncommonshop.ch\/fr\/product\/disney-lilo-stitch-aventure-a-hawaii\/#breadcrumb"},"inLanguage":"fr-FR","potentialAction":[{"@type":"ReadAction","target":["https:\/\/theuncommonshop.ch\/fr\/product\/disney-lilo-stitch-aventure-a-hawaii\/"]}]},{"@type":"ImageObject","inLanguage":"fr-FR","@id":"https:\/\/theuncommonshop.ch\/fr\/product\/disney-lilo-stitch-aventure-a-hawaii\/#primaryimage","url":"https:\/\/theuncommonshop.ch\/wp-content\/uploads\/2026\/04\/Hawaii1.jpeg","contentUrl":"https:\/\/theuncommonshop.ch\/wp-content\/uploads\/2026\/04\/Hawaii1.jpeg","width":1110,"height":1600,"caption":"Hawa\u00ef1"},{"@type":"BreadcrumbList","@id":"https:\/\/theuncommonshop.ch\/fr\/product\/disney-lilo-stitch-aventure-a-hawaii\/#breadcrumb","itemListElement":[{"@type":"ListItem","position":1,"name":"Accueil","item":"https:\/\/theuncommonshop.ch\/fr\/accueil\/"},{"@type":"ListItem","position":2,"name":"Boutique","item":"https:\/\/theuncommonshop.ch\/fr\/boutique\/"},{"@type":"ListItem","position":3,"name":"Disney &#8211; Lilo &amp; Stitch &#8211; Aventure \u00e0 Hawaii"}]},{"@type":"WebSite","@id":"https:\/\/theuncommonshop.ch\/fr\/#website","url":"https:\/\/theuncommonshop.ch\/fr\/","name":"Largest trading card shop in Switzerland","description":"Magic, Pok\u00e9mon and Yu-gi-oh - The Uncommon Shop","potentialAction":[{"@type":"SearchAction","target":{"@type":"EntryPoint","urlTemplate":"https:\/\/theuncommonshop.ch\/fr\/?s={search_term_string}"},"query-input":{"@type":"PropertyValueSpecification","valueRequired":true,"valueName":"search_term_string"}}],"inLanguage":"fr-FR"}]},"product_price_amount":"11.95","product_price_currency":"CHF","og_availability":"out of stock","product_availability":"out of stock","product_retailer_item_id":"DisneyLiloStitchManga","product_condition":"new"},"jetpack_sharing_enabled":true,"_links":{"self":[{"href":"https:\/\/theuncommonshop.ch\/fr\/wp-json\/wp\/v2\/product\/368937","targetHints":{"allow":["GET"]}}],"collection":[{"href":"https:\/\/theuncommonshop.ch\/fr\/wp-json\/wp\/v2\/product"}],"about":[{"href":"https:\/\/theuncommonshop.ch\/fr\/wp-json\/wp\/v2\/types\/product"}],"replies":[{"embeddable":true,"href":"https:\/\/theuncommonshop.ch\/fr\/wp-json\/wp\/v2\/comments?post=368937"}],"version-history":[{"count":0,"href":"https:\/\/theuncommonshop.ch\/fr\/wp-json\/wp\/v2\/product\/368937\/revisions"}],"wp:featuredmedia":[{"embeddable":true,"href":"https:\/\/theuncommonshop.ch\/fr\/wp-json\/wp\/v2\/media\/368919"}],"wp:attachment":[{"href":"https:\/\/theuncommonshop.ch\/fr\/wp-json\/wp\/v2\/media?parent=368937"}],"wp:term":[{"taxonomy":"product_brand","embeddable":true,"href":"https:\/\/theuncommonshop.ch\/fr\/wp-json\/wp\/v2\/product_brand?post=368937"},{"taxonomy":"product_cat","embeddable":true,"href":"https:\/\/theuncommonshop.ch\/fr\/wp-json\/wp\/v2\/product_cat?post=368937"},{"taxonomy":"product_tag","embeddable":true,"href":"https:\/\/theuncommonshop.ch\/fr\/wp-json\/wp\/v2\/product_tag?post=368937"}],"curies":[{"name":"wp","href":"https:\/\/api.w.org\/{rel}","templated":true}]}}