{"id":368866,"date":"2026-04-14T22:15:03","date_gmt":"2026-04-14T20:15:03","guid":{"rendered":"https:\/\/theuncommonshop.ch\/product\/yu-gi-oh-massiv-1\/"},"modified":"2026-04-14T22:15:03","modified_gmt":"2026-04-14T20:15:03","slug":"yu-gi-oh-massiv-1","status":"publish","type":"product","link":"https:\/\/theuncommonshop.ch\/fr\/product\/yu-gi-oh-massiv-1\/","title":{"rendered":"Yu-Gi-Oh ! &#8211; Massiv 1"},"content":{"rendered":"<p><strong>Un puzzle myst\u00e9rieux, des forces obscures et un gar\u00e7on qui \u00e9veille un puissant esprit  <\/strong><\/p>\n<p>Le puzzle du mill\u00e9naire est aussi l\u00e9gendaire que dangereux. Il est consid\u00e9r\u00e9 comme maudit et est cens\u00e9 rendre ses propri\u00e9taires fous. Yugi Muto est fascin\u00e9 par le jeu et commence \u00e0 assembler le puzzle. Mais il est loin de se douter des cons\u00e9quences qui en d\u00e9couleront pour lui. En moins de temps qu&#8217;il ne faut pour le dire, le l\u00e9gendaire &#8220;jeu des t\u00e9n\u00e8bres&#8221; se met en place et une autre personnalit\u00e9 s&#8217;\u00e9veille en Yugi et prend possession de lui.    <\/p>\n<p><strong>Volume 1 : <\/strong>Yugi Muto r\u00e9ussit l&#8217;incroyable : En une longue nuit, il r\u00e9sout le difficile puzzle du mill\u00e9naire. Il ne manque plus qu&#8217;une pi\u00e8ce. Jonouchi, un camarade de classe, apporte \u00e0 Yugi la pi\u00e8ce perdue du puzzle. C&#8217;est le d\u00e9but d&#8217;une grande amiti\u00e9 et le moment o\u00f9 Yugi montre pour la premi\u00e8re fois son second visage.   <\/p>\n<p><strong>Volume 2 :<\/strong> A l&#8217;\u00e9cole de Yugi, tout le monde est fou du jeu de cartes &#8220;Magic and Wizards&#8221;. Jonouchi et Anzu sont eux aussi totalement enthousiasm\u00e9s par les magnifiques cartes de monstres. Le grand-p\u00e8re de Yugi, propri\u00e9taire d&#8217;un magasin de jeux, lui pr\u00eate sa carte pr\u00e9f\u00e9r\u00e9e : le Dragon Blanc aux Yeux Bleus. La joie ne dure pas longtemps, car le premier jaloux appara\u00eet d\u00e9j\u00e0.   <\/p>\n<p><strong>Volume 3 : <\/strong>Le myst\u00e9rieux Sha Dee, apparu pour la premi\u00e8re fois \u00e0 l&#8217;exposition \u00e9gyptienne, a pour objectif de d\u00e9fier le c\u00f4t\u00e9 obscur de Yugi. Pour atteindre son but, il met les amis de Yugi en grand danger. Un jeu de vie et de mort se met en place.  <\/p>\n<ul>\n<li>S\u00e9rie manga d&#8217;action sur des duels dangereux et des monstres mythiques<\/li>\n<li>Achev\u00e9 en 38 volumes, r\u00e9partis en 13 recueils massifs<\/li>\n<li>Parfait pour les fans de &#8220;Dragon Ball&#8221;, &#8220;Naruto&#8221; et &#8220;Soul Eater&#8221;.<\/li>\n<\/ul>\n<p><span class=\"globals-md MarkdownStyled-sc-e55ffa8e-1 gxczhR\">Dans les volumes massifs de l&#8217;histoire du jeu de cartes \u00e0 collectionner le plus populaire et le plus appr\u00e9ci\u00e9 au monde, 560 pages de duels vous attendent comme jamais auparavant ! D\u00e9couvrez le d\u00e9but des &#8220;Jeux des T\u00e9n\u00e8bres&#8221; et comment Yugi Muto est devenu le roi des jeux. <\/span><\/p>\n","protected":false},"excerpt":{"rendered":"<p>Un puzzle myst\u00e9rieux, des forces obscures et un gar\u00e7on qui \u00e9veille un puissant esprit Le puzzle du mill\u00e9naire est aussi<\/p>\n","protected":false},"featured_media":368850,"comment_status":"open","ping_status":"closed","template":"","meta":{"_acf_changed":false},"product_brand":[12006,5112],"product_cat":[9885,9889],"product_tag":[],"class_list":{"0":"post-368866","1":"product","2":"type-product","3":"status-publish","4":"has-post-thumbnail","6":"product_brand-manga-carlsen","7":"product_brand-yu-gi-oh","8":"product_cat-manga","9":"product_cat-yu-gi-oh-fr-2","11":"first","12":"outofstock","13":"taxable","14":"shipping-taxable","15":"purchasable","16":"product-type-simple"},"acf":[],"yoast_head":"<!-- This site is optimized with the Yoast SEO plugin v27.4 - https:\/\/yoast.com\/product\/yoast-seo-wordpress\/ -->\n<title>Ach\u00e8te Yu-Gi-Oh ! - Massiv 1<\/title>\n<meta name=\"description\" content=\"Ach\u00e8te Yu-Gi-Oh ! - Massiv 1 en ligne maintenant \u00e0 petit prix! Ton #1 shop pour cartes TCG &amp; Pok\u00e9mon en Suisse \u2713 Livraison gratuite d\u00e8s CHF 29\" \/>\n<meta name=\"robots\" content=\"index, follow, max-snippet:-1, max-image-preview:large, max-video-preview:-1\" \/>\n<link rel=\"canonical\" href=\"https:\/\/theuncommonshop.ch\/fr\/product\/yu-gi-oh-massiv-1\/\" \/>\n<meta property=\"og:locale\" content=\"fr_FR\" \/>\n<meta property=\"og:type\" content=\"article\" \/>\n<meta property=\"og:title\" content=\"Ach\u00e8te Yu-Gi-Oh ! - Massiv 1\" \/>\n<meta property=\"og:description\" content=\"Ach\u00e8te Yu-Gi-Oh ! - Massiv 1 en ligne maintenant \u00e0 petit prix! Ton #1 shop pour cartes TCG &amp; Pok\u00e9mon en Suisse \u2713 Livraison gratuite d\u00e8s CHF 29\" \/>\n<meta property=\"og:url\" content=\"https:\/\/theuncommonshop.ch\/fr\/product\/yu-gi-oh-massiv-1\/\" \/>\n<meta property=\"og:site_name\" content=\"Largest trading card shop in Switzerland\" \/>\n<meta property=\"og:image\" content=\"https:\/\/theuncommonshop.ch\/wp-content\/uploads\/2026\/04\/YUGIMASSIV11.webp\" \/>\n\t<meta property=\"og:image:width\" content=\"800\" \/>\n\t<meta property=\"og:image:height\" content=\"1196\" \/>\n\t<meta property=\"og:image:type\" content=\"image\/webp\" \/>\n<meta name=\"twitter:card\" content=\"summary_large_image\" \/>\n<meta name=\"twitter:label1\" content=\"Prix\" \/>\n\t<meta name=\"twitter:data1\" content=\"&#067;&#072;&#070;&nbsp;9.95\" \/>\n\t<meta name=\"twitter:label2\" content=\"Disponibilit\u00e9\" \/>\n\t<meta name=\"twitter:data2\" content=\"Rupture de stock\" \/>\n<script type=\"application\/ld+json\" class=\"yoast-schema-graph\">{\"@context\":\"https:\\\/\\\/schema.org\",\"@graph\":[{\"@type\":\"WebPage\",\"@id\":\"https:\\\/\\\/theuncommonshop.ch\\\/fr\\\/product\\\/yu-gi-oh-massiv-1\\\/\",\"url\":\"https:\\\/\\\/theuncommonshop.ch\\\/fr\\\/product\\\/yu-gi-oh-massiv-1\\\/\",\"name\":\"Ach\u00e8te Yu-Gi-Oh ! - Massiv 1\",\"isPartOf\":{\"@id\":\"https:\\\/\\\/theuncommonshop.ch\\\/fr\\\/#website\"},\"primaryImageOfPage\":{\"@id\":\"https:\\\/\\\/theuncommonshop.ch\\\/fr\\\/product\\\/yu-gi-oh-massiv-1\\\/#primaryimage\"},\"image\":{\"@id\":\"https:\\\/\\\/theuncommonshop.ch\\\/fr\\\/product\\\/yu-gi-oh-massiv-1\\\/#primaryimage\"},\"thumbnailUrl\":\"https:\\\/\\\/theuncommonshop.ch\\\/wp-content\\\/uploads\\\/2026\\\/04\\\/YUGIMASSIV11.webp\",\"datePublished\":\"2026-04-14T20:15:03+00:00\",\"description\":\"Ach\u00e8te Yu-Gi-Oh ! - Massiv 1 en ligne maintenant \u00e0 petit prix! Ton #1 shop pour cartes TCG & Pok\u00e9mon en Suisse \u2713 Livraison gratuite d\u00e8s CHF 29\",\"breadcrumb\":{\"@id\":\"https:\\\/\\\/theuncommonshop.ch\\\/fr\\\/product\\\/yu-gi-oh-massiv-1\\\/#breadcrumb\"},\"inLanguage\":\"fr-FR\",\"potentialAction\":[{\"@type\":\"ReadAction\",\"target\":[\"https:\\\/\\\/theuncommonshop.ch\\\/fr\\\/product\\\/yu-gi-oh-massiv-1\\\/\"]}]},{\"@type\":\"ImageObject\",\"inLanguage\":\"fr-FR\",\"@id\":\"https:\\\/\\\/theuncommonshop.ch\\\/fr\\\/product\\\/yu-gi-oh-massiv-1\\\/#primaryimage\",\"url\":\"https:\\\/\\\/theuncommonshop.ch\\\/wp-content\\\/uploads\\\/2026\\\/04\\\/YUGIMASSIV11.webp\",\"contentUrl\":\"https:\\\/\\\/theuncommonshop.ch\\\/wp-content\\\/uploads\\\/2026\\\/04\\\/YUGIMASSIV11.webp\",\"width\":800,\"height\":1196,\"caption\":\"YUGIMASSIV11\"},{\"@type\":\"BreadcrumbList\",\"@id\":\"https:\\\/\\\/theuncommonshop.ch\\\/fr\\\/product\\\/yu-gi-oh-massiv-1\\\/#breadcrumb\",\"itemListElement\":[{\"@type\":\"ListItem\",\"position\":1,\"name\":\"Accueil\",\"item\":\"https:\\\/\\\/theuncommonshop.ch\\\/fr\\\/accueil\\\/\"},{\"@type\":\"ListItem\",\"position\":2,\"name\":\"Boutique\",\"item\":\"https:\\\/\\\/theuncommonshop.ch\\\/fr\\\/boutique\\\/\"},{\"@type\":\"ListItem\",\"position\":3,\"name\":\"Yu-Gi-Oh ! &#8211; Massiv 1\"}]},{\"@type\":\"WebSite\",\"@id\":\"https:\\\/\\\/theuncommonshop.ch\\\/fr\\\/#website\",\"url\":\"https:\\\/\\\/theuncommonshop.ch\\\/fr\\\/\",\"name\":\"Largest trading card shop in Switzerland\",\"description\":\"Magic, Pok\u00e9mon and Yu-gi-oh - The Uncommon Shop\",\"potentialAction\":[{\"@type\":\"SearchAction\",\"target\":{\"@type\":\"EntryPoint\",\"urlTemplate\":\"https:\\\/\\\/theuncommonshop.ch\\\/fr\\\/?s={search_term_string}\"},\"query-input\":{\"@type\":\"PropertyValueSpecification\",\"valueRequired\":true,\"valueName\":\"search_term_string\"}}],\"inLanguage\":\"fr-FR\"}]}<\/script>\n<meta property=\"product:price:amount\" content=\"9.95\" \/>\n<meta property=\"product:price:currency\" content=\"CHF\" \/>\n<meta property=\"og:availability\" content=\"out of stock\" \/>\n<meta property=\"product:availability\" content=\"out of stock\" \/>\n<meta property=\"product:retailer_item_id\" content=\"YugiohMassiv1Manga\" \/>\n<meta property=\"product:condition\" content=\"new\" \/>\n<!-- \/ Yoast SEO plugin. -->","yoast_head_json":{"title":"Ach\u00e8te Yu-Gi-Oh ! - Massiv 1","description":"Ach\u00e8te Yu-Gi-Oh ! - Massiv 1 en ligne maintenant \u00e0 petit prix! Ton #1 shop pour cartes TCG & Pok\u00e9mon en Suisse \u2713 Livraison gratuite d\u00e8s CHF 29","robots":{"index":"index","follow":"follow","max-snippet":"max-snippet:-1","max-image-preview":"max-image-preview:large","max-video-preview":"max-video-preview:-1"},"canonical":"https:\/\/theuncommonshop.ch\/fr\/product\/yu-gi-oh-massiv-1\/","og_locale":"fr_FR","og_type":"article","og_title":"Ach\u00e8te Yu-Gi-Oh ! - Massiv 1","og_description":"Ach\u00e8te Yu-Gi-Oh ! - Massiv 1 en ligne maintenant \u00e0 petit prix! Ton #1 shop pour cartes TCG & Pok\u00e9mon en Suisse \u2713 Livraison gratuite d\u00e8s CHF 29","og_url":"https:\/\/theuncommonshop.ch\/fr\/product\/yu-gi-oh-massiv-1\/","og_site_name":"Largest trading card shop in Switzerland","og_image":[{"width":800,"height":1196,"url":"https:\/\/theuncommonshop.ch\/wp-content\/uploads\/2026\/04\/YUGIMASSIV11.webp","type":"image\/webp"}],"twitter_card":"summary_large_image","twitter_misc":{"Prix":"&#67;&#72;&#70;&nbsp;9.95","Disponibilit\u00e9":"Rupture de stock"},"schema":{"@context":"https:\/\/schema.org","@graph":[{"@type":"WebPage","@id":"https:\/\/theuncommonshop.ch\/fr\/product\/yu-gi-oh-massiv-1\/","url":"https:\/\/theuncommonshop.ch\/fr\/product\/yu-gi-oh-massiv-1\/","name":"Ach\u00e8te Yu-Gi-Oh ! - Massiv 1","isPartOf":{"@id":"https:\/\/theuncommonshop.ch\/fr\/#website"},"primaryImageOfPage":{"@id":"https:\/\/theuncommonshop.ch\/fr\/product\/yu-gi-oh-massiv-1\/#primaryimage"},"image":{"@id":"https:\/\/theuncommonshop.ch\/fr\/product\/yu-gi-oh-massiv-1\/#primaryimage"},"thumbnailUrl":"https:\/\/theuncommonshop.ch\/wp-content\/uploads\/2026\/04\/YUGIMASSIV11.webp","datePublished":"2026-04-14T20:15:03+00:00","description":"Ach\u00e8te Yu-Gi-Oh ! - Massiv 1 en ligne maintenant \u00e0 petit prix! Ton #1 shop pour cartes TCG & Pok\u00e9mon en Suisse \u2713 Livraison gratuite d\u00e8s CHF 29","breadcrumb":{"@id":"https:\/\/theuncommonshop.ch\/fr\/product\/yu-gi-oh-massiv-1\/#breadcrumb"},"inLanguage":"fr-FR","potentialAction":[{"@type":"ReadAction","target":["https:\/\/theuncommonshop.ch\/fr\/product\/yu-gi-oh-massiv-1\/"]}]},{"@type":"ImageObject","inLanguage":"fr-FR","@id":"https:\/\/theuncommonshop.ch\/fr\/product\/yu-gi-oh-massiv-1\/#primaryimage","url":"https:\/\/theuncommonshop.ch\/wp-content\/uploads\/2026\/04\/YUGIMASSIV11.webp","contentUrl":"https:\/\/theuncommonshop.ch\/wp-content\/uploads\/2026\/04\/YUGIMASSIV11.webp","width":800,"height":1196,"caption":"YUGIMASSIV11"},{"@type":"BreadcrumbList","@id":"https:\/\/theuncommonshop.ch\/fr\/product\/yu-gi-oh-massiv-1\/#breadcrumb","itemListElement":[{"@type":"ListItem","position":1,"name":"Accueil","item":"https:\/\/theuncommonshop.ch\/fr\/accueil\/"},{"@type":"ListItem","position":2,"name":"Boutique","item":"https:\/\/theuncommonshop.ch\/fr\/boutique\/"},{"@type":"ListItem","position":3,"name":"Yu-Gi-Oh ! &#8211; Massiv 1"}]},{"@type":"WebSite","@id":"https:\/\/theuncommonshop.ch\/fr\/#website","url":"https:\/\/theuncommonshop.ch\/fr\/","name":"Largest trading card shop in Switzerland","description":"Magic, Pok\u00e9mon and Yu-gi-oh - The Uncommon Shop","potentialAction":[{"@type":"SearchAction","target":{"@type":"EntryPoint","urlTemplate":"https:\/\/theuncommonshop.ch\/fr\/?s={search_term_string}"},"query-input":{"@type":"PropertyValueSpecification","valueRequired":true,"valueName":"search_term_string"}}],"inLanguage":"fr-FR"}]},"product_price_amount":"9.95","product_price_currency":"CHF","og_availability":"out of stock","product_availability":"out of stock","product_retailer_item_id":"YugiohMassiv1Manga","product_condition":"new"},"jetpack_sharing_enabled":true,"_links":{"self":[{"href":"https:\/\/theuncommonshop.ch\/fr\/wp-json\/wp\/v2\/product\/368866","targetHints":{"allow":["GET"]}}],"collection":[{"href":"https:\/\/theuncommonshop.ch\/fr\/wp-json\/wp\/v2\/product"}],"about":[{"href":"https:\/\/theuncommonshop.ch\/fr\/wp-json\/wp\/v2\/types\/product"}],"replies":[{"embeddable":true,"href":"https:\/\/theuncommonshop.ch\/fr\/wp-json\/wp\/v2\/comments?post=368866"}],"version-history":[{"count":0,"href":"https:\/\/theuncommonshop.ch\/fr\/wp-json\/wp\/v2\/product\/368866\/revisions"}],"wp:featuredmedia":[{"embeddable":true,"href":"https:\/\/theuncommonshop.ch\/fr\/wp-json\/wp\/v2\/media\/368850"}],"wp:attachment":[{"href":"https:\/\/theuncommonshop.ch\/fr\/wp-json\/wp\/v2\/media?parent=368866"}],"wp:term":[{"taxonomy":"product_brand","embeddable":true,"href":"https:\/\/theuncommonshop.ch\/fr\/wp-json\/wp\/v2\/product_brand?post=368866"},{"taxonomy":"product_cat","embeddable":true,"href":"https:\/\/theuncommonshop.ch\/fr\/wp-json\/wp\/v2\/product_cat?post=368866"},{"taxonomy":"product_tag","embeddable":true,"href":"https:\/\/theuncommonshop.ch\/fr\/wp-json\/wp\/v2\/product_tag?post=368866"}],"curies":[{"name":"wp","href":"https:\/\/api.w.org\/{rel}","templated":true}]}}