{"id":368398,"date":"2026-04-11T20:59:56","date_gmt":"2026-04-11T18:59:56","guid":{"rendered":"https:\/\/theuncommonshop.ch\/product\/gamegenic-set-de-supports-de-cartes-multicolor\/"},"modified":"2026-04-11T20:59:56","modified_gmt":"2026-04-11T18:59:56","slug":"gamegenic-set-de-supports-de-cartes-multicolor","status":"publish","type":"product","link":"https:\/\/theuncommonshop.ch\/fr\/product\/gamegenic-set-de-supports-de-cartes-multicolor\/","title":{"rendered":"Gamegenic &#8211; Set de supports de cartes Multicolor"},"content":{"rendered":"<p><strong>Caract\u00e9ristiques :  <\/strong><\/p>\n<ul>\n<li><strong>Lot de 10 porte-cartes de 10 couleurs diff\u00e9rentes<\/strong>: Orange n\u00e9on, Rouge rubis, Rouge, Rose n\u00e9on, Bleu fonc\u00e9, Bleu clair, Vert, Jaune n\u00e9on, Blanc, Noir<\/li>\n<li>Id\u00e9al pour garder vos cartes pendant le jeu pour une vari\u00e9t\u00e9 de jeux et de pr\u00e9senter vos cartes pr\u00e9f\u00e9r\u00e9es<\/li>\n<li>Un design ing\u00e9nieux et personnalisable qui vous permet de former un demi-cercle ou une ligne color\u00e9e pendant le jeu.<\/li>\n<li>Convient \u00e0 presque toutes les cartes \u00e0 jouer courantes (avec ou sans \u00e9tui de protection)<\/li>\n<\/ul>\n<p>&nbsp;<\/p>\n","protected":false},"excerpt":{"rendered":"<p>Caract\u00e9ristiques : Lot de 10 porte-cartes de 10 couleurs diff\u00e9rentes: Orange n\u00e9on, Rouge rubis, Rouge, Rose n\u00e9on, Bleu fonc\u00e9, Bleu<\/p>\n","protected":false},"featured_media":368401,"comment_status":"open","ping_status":"closed","template":"","meta":{"_acf_changed":false},"product_brand":[5090],"product_cat":[9859,9883],"product_tag":[],"class_list":{"0":"post-368398","1":"product","2":"type-product","3":"status-publish","4":"has-post-thumbnail","6":"product_brand-gamegenic","7":"product_cat-accessoires-tcg","8":"product_cat-autres-accessoires","10":"first","11":"instock","12":"taxable","13":"shipping-taxable","14":"purchasable","15":"product-type-simple"},"acf":[],"yoast_head":"<!-- This site is optimized with the Yoast SEO plugin v27.3 - https:\/\/yoast.com\/product\/yoast-seo-wordpress\/ -->\n<title>Ach\u00e8te Gamegenic - Set de supports de cartes Multicolor<\/title>\n<meta name=\"description\" content=\"Ach\u00e8te Gamegenic - Set de supports de cartes Multicolor en ligne maintenant \u00e0 petit prix! Ton #1 shop pour cartes TCG &amp; Pok\u00e9mon en Suisse \u2713 Livraison gratuite d\u00e8s CHF 29\" \/>\n<meta name=\"robots\" content=\"index, follow, max-snippet:-1, max-image-preview:large, max-video-preview:-1\" \/>\n<link rel=\"canonical\" href=\"https:\/\/theuncommonshop.ch\/fr\/product\/gamegenic-set-de-supports-de-cartes-multicolor\/\" \/>\n<meta property=\"og:locale\" content=\"fr_FR\" \/>\n<meta property=\"og:type\" content=\"article\" \/>\n<meta property=\"og:title\" content=\"Ach\u00e8te Gamegenic - Set de supports de cartes Multicolor\" \/>\n<meta property=\"og:description\" content=\"Ach\u00e8te Gamegenic - Set de supports de cartes Multicolor en ligne maintenant \u00e0 petit prix! Ton #1 shop pour cartes TCG &amp; Pok\u00e9mon en Suisse \u2713 Livraison gratuite d\u00e8s CHF 29\" \/>\n<meta property=\"og:url\" content=\"https:\/\/theuncommonshop.ch\/fr\/product\/gamegenic-set-de-supports-de-cartes-multicolor\/\" \/>\n<meta property=\"og:site_name\" content=\"Largest trading card shop in Switzerland\" \/>\n<meta name=\"twitter:card\" content=\"summary_large_image\" \/>\n<meta name=\"twitter:label1\" content=\"Prix\" \/>\n\t<meta name=\"twitter:data1\" content=\"&#067;&#072;&#070;&nbsp;13.95\" \/>\n\t<meta name=\"twitter:label2\" content=\"Disponibilit\u00e9\" \/>\n\t<meta name=\"twitter:data2\" content=\"En stock\" \/>\n<script type=\"application\/ld+json\" class=\"yoast-schema-graph\">{\"@context\":\"https:\\\/\\\/schema.org\",\"@graph\":[{\"@type\":\"WebPage\",\"@id\":\"https:\\\/\\\/theuncommonshop.ch\\\/fr\\\/product\\\/gamegenic-set-de-supports-de-cartes-multicolor\\\/\",\"url\":\"https:\\\/\\\/theuncommonshop.ch\\\/fr\\\/product\\\/gamegenic-set-de-supports-de-cartes-multicolor\\\/\",\"name\":\"Ach\u00e8te Gamegenic - Set de supports de cartes Multicolor\",\"isPartOf\":{\"@id\":\"https:\\\/\\\/theuncommonshop.ch\\\/fr\\\/#website\"},\"primaryImageOfPage\":{\"@id\":\"https:\\\/\\\/theuncommonshop.ch\\\/fr\\\/product\\\/gamegenic-set-de-supports-de-cartes-multicolor\\\/#primaryimage\"},\"image\":{\"@id\":\"https:\\\/\\\/theuncommonshop.ch\\\/fr\\\/product\\\/gamegenic-set-de-supports-de-cartes-multicolor\\\/#primaryimage\"},\"thumbnailUrl\":\"https:\\\/\\\/theuncommonshop.ch\\\/wp-content\\\/uploads\\\/2026\\\/04\\\/CardStandsMulticolor-1.jpg\",\"datePublished\":\"2026-04-11T18:59:56+00:00\",\"description\":\"Ach\u00e8te Gamegenic - Set de supports de cartes Multicolor en ligne maintenant \u00e0 petit prix! Ton #1 shop pour cartes TCG & Pok\u00e9mon en Suisse \u2713 Livraison gratuite d\u00e8s CHF 29\",\"breadcrumb\":{\"@id\":\"https:\\\/\\\/theuncommonshop.ch\\\/fr\\\/product\\\/gamegenic-set-de-supports-de-cartes-multicolor\\\/#breadcrumb\"},\"inLanguage\":\"fr-FR\",\"potentialAction\":[{\"@type\":\"ReadAction\",\"target\":[\"https:\\\/\\\/theuncommonshop.ch\\\/fr\\\/product\\\/gamegenic-set-de-supports-de-cartes-multicolor\\\/\"]}]},{\"@type\":\"ImageObject\",\"inLanguage\":\"fr-FR\",\"@id\":\"https:\\\/\\\/theuncommonshop.ch\\\/fr\\\/product\\\/gamegenic-set-de-supports-de-cartes-multicolor\\\/#primaryimage\",\"url\":\"https:\\\/\\\/theuncommonshop.ch\\\/wp-content\\\/uploads\\\/2026\\\/04\\\/CardStandsMulticolor-1.jpg\",\"contentUrl\":\"https:\\\/\\\/theuncommonshop.ch\\\/wp-content\\\/uploads\\\/2026\\\/04\\\/CardStandsMulticolor-1.jpg\",\"width\":894,\"height\":600},{\"@type\":\"BreadcrumbList\",\"@id\":\"https:\\\/\\\/theuncommonshop.ch\\\/fr\\\/product\\\/gamegenic-set-de-supports-de-cartes-multicolor\\\/#breadcrumb\",\"itemListElement\":[{\"@type\":\"ListItem\",\"position\":1,\"name\":\"Accueil\",\"item\":\"https:\\\/\\\/theuncommonshop.ch\\\/fr\\\/accueil\\\/\"},{\"@type\":\"ListItem\",\"position\":2,\"name\":\"Boutique\",\"item\":\"https:\\\/\\\/theuncommonshop.ch\\\/fr\\\/boutique\\\/\"},{\"@type\":\"ListItem\",\"position\":3,\"name\":\"Gamegenic &#8211; Set de supports de cartes Multicolor\"}]},{\"@type\":\"WebSite\",\"@id\":\"https:\\\/\\\/theuncommonshop.ch\\\/fr\\\/#website\",\"url\":\"https:\\\/\\\/theuncommonshop.ch\\\/fr\\\/\",\"name\":\"Largest trading card shop in Switzerland\",\"description\":\"Magic, Pok\u00e9mon and Yu-gi-oh - The Uncommon Shop\",\"potentialAction\":[{\"@type\":\"SearchAction\",\"target\":{\"@type\":\"EntryPoint\",\"urlTemplate\":\"https:\\\/\\\/theuncommonshop.ch\\\/fr\\\/?s={search_term_string}\"},\"query-input\":{\"@type\":\"PropertyValueSpecification\",\"valueRequired\":true,\"valueName\":\"search_term_string\"}}],\"inLanguage\":\"fr-FR\"}]}<\/script>\n<meta property=\"product:price:amount\" content=\"13.95\" \/>\n<meta property=\"product:price:currency\" content=\"CHF\" \/>\n<meta property=\"og:availability\" content=\"instock\" \/>\n<meta property=\"product:availability\" content=\"instock\" \/>\n<meta property=\"product:retailer_item_id\" content=\"GamegenicCardStandsSetMulticolor\" \/>\n<meta property=\"product:condition\" content=\"new\" \/>\n<!-- \/ Yoast SEO plugin. -->","yoast_head_json":{"title":"Ach\u00e8te Gamegenic - Set de supports de cartes Multicolor","description":"Ach\u00e8te Gamegenic - Set de supports de cartes Multicolor en ligne maintenant \u00e0 petit prix! Ton #1 shop pour cartes TCG & Pok\u00e9mon en Suisse \u2713 Livraison gratuite d\u00e8s CHF 29","robots":{"index":"index","follow":"follow","max-snippet":"max-snippet:-1","max-image-preview":"max-image-preview:large","max-video-preview":"max-video-preview:-1"},"canonical":"https:\/\/theuncommonshop.ch\/fr\/product\/gamegenic-set-de-supports-de-cartes-multicolor\/","og_locale":"fr_FR","og_type":"article","og_title":"Ach\u00e8te Gamegenic - Set de supports de cartes Multicolor","og_description":"Ach\u00e8te Gamegenic - Set de supports de cartes Multicolor en ligne maintenant \u00e0 petit prix! Ton #1 shop pour cartes TCG & Pok\u00e9mon en Suisse \u2713 Livraison gratuite d\u00e8s CHF 29","og_url":"https:\/\/theuncommonshop.ch\/fr\/product\/gamegenic-set-de-supports-de-cartes-multicolor\/","og_site_name":"Largest trading card shop in Switzerland","twitter_card":"summary_large_image","twitter_misc":{"Prix":"&#67;&#72;&#70;&nbsp;13.95","Disponibilit\u00e9":"En stock"},"schema":{"@context":"https:\/\/schema.org","@graph":[{"@type":"WebPage","@id":"https:\/\/theuncommonshop.ch\/fr\/product\/gamegenic-set-de-supports-de-cartes-multicolor\/","url":"https:\/\/theuncommonshop.ch\/fr\/product\/gamegenic-set-de-supports-de-cartes-multicolor\/","name":"Ach\u00e8te Gamegenic - Set de supports de cartes Multicolor","isPartOf":{"@id":"https:\/\/theuncommonshop.ch\/fr\/#website"},"primaryImageOfPage":{"@id":"https:\/\/theuncommonshop.ch\/fr\/product\/gamegenic-set-de-supports-de-cartes-multicolor\/#primaryimage"},"image":{"@id":"https:\/\/theuncommonshop.ch\/fr\/product\/gamegenic-set-de-supports-de-cartes-multicolor\/#primaryimage"},"thumbnailUrl":"https:\/\/theuncommonshop.ch\/wp-content\/uploads\/2026\/04\/CardStandsMulticolor-1.jpg","datePublished":"2026-04-11T18:59:56+00:00","description":"Ach\u00e8te Gamegenic - Set de supports de cartes Multicolor en ligne maintenant \u00e0 petit prix! Ton #1 shop pour cartes TCG & Pok\u00e9mon en Suisse \u2713 Livraison gratuite d\u00e8s CHF 29","breadcrumb":{"@id":"https:\/\/theuncommonshop.ch\/fr\/product\/gamegenic-set-de-supports-de-cartes-multicolor\/#breadcrumb"},"inLanguage":"fr-FR","potentialAction":[{"@type":"ReadAction","target":["https:\/\/theuncommonshop.ch\/fr\/product\/gamegenic-set-de-supports-de-cartes-multicolor\/"]}]},{"@type":"ImageObject","inLanguage":"fr-FR","@id":"https:\/\/theuncommonshop.ch\/fr\/product\/gamegenic-set-de-supports-de-cartes-multicolor\/#primaryimage","url":"https:\/\/theuncommonshop.ch\/wp-content\/uploads\/2026\/04\/CardStandsMulticolor-1.jpg","contentUrl":"https:\/\/theuncommonshop.ch\/wp-content\/uploads\/2026\/04\/CardStandsMulticolor-1.jpg","width":894,"height":600},{"@type":"BreadcrumbList","@id":"https:\/\/theuncommonshop.ch\/fr\/product\/gamegenic-set-de-supports-de-cartes-multicolor\/#breadcrumb","itemListElement":[{"@type":"ListItem","position":1,"name":"Accueil","item":"https:\/\/theuncommonshop.ch\/fr\/accueil\/"},{"@type":"ListItem","position":2,"name":"Boutique","item":"https:\/\/theuncommonshop.ch\/fr\/boutique\/"},{"@type":"ListItem","position":3,"name":"Gamegenic &#8211; Set de supports de cartes Multicolor"}]},{"@type":"WebSite","@id":"https:\/\/theuncommonshop.ch\/fr\/#website","url":"https:\/\/theuncommonshop.ch\/fr\/","name":"Largest trading card shop in Switzerland","description":"Magic, Pok\u00e9mon and Yu-gi-oh - The Uncommon Shop","potentialAction":[{"@type":"SearchAction","target":{"@type":"EntryPoint","urlTemplate":"https:\/\/theuncommonshop.ch\/fr\/?s={search_term_string}"},"query-input":{"@type":"PropertyValueSpecification","valueRequired":true,"valueName":"search_term_string"}}],"inLanguage":"fr-FR"}]},"product_price_amount":"13.95","product_price_currency":"CHF","og_availability":"instock","product_availability":"instock","product_retailer_item_id":"GamegenicCardStandsSetMulticolor","product_condition":"new"},"_links":{"self":[{"href":"https:\/\/theuncommonshop.ch\/fr\/wp-json\/wp\/v2\/product\/368398","targetHints":{"allow":["GET"]}}],"collection":[{"href":"https:\/\/theuncommonshop.ch\/fr\/wp-json\/wp\/v2\/product"}],"about":[{"href":"https:\/\/theuncommonshop.ch\/fr\/wp-json\/wp\/v2\/types\/product"}],"replies":[{"embeddable":true,"href":"https:\/\/theuncommonshop.ch\/fr\/wp-json\/wp\/v2\/comments?post=368398"}],"version-history":[{"count":0,"href":"https:\/\/theuncommonshop.ch\/fr\/wp-json\/wp\/v2\/product\/368398\/revisions"}],"wp:featuredmedia":[{"embeddable":true,"href":"https:\/\/theuncommonshop.ch\/fr\/wp-json\/wp\/v2\/media\/368401"}],"wp:attachment":[{"href":"https:\/\/theuncommonshop.ch\/fr\/wp-json\/wp\/v2\/media?parent=368398"}],"wp:term":[{"taxonomy":"product_brand","embeddable":true,"href":"https:\/\/theuncommonshop.ch\/fr\/wp-json\/wp\/v2\/product_brand?post=368398"},{"taxonomy":"product_cat","embeddable":true,"href":"https:\/\/theuncommonshop.ch\/fr\/wp-json\/wp\/v2\/product_cat?post=368398"},{"taxonomy":"product_tag","embeddable":true,"href":"https:\/\/theuncommonshop.ch\/fr\/wp-json\/wp\/v2\/product_tag?post=368398"}],"curies":[{"name":"wp","href":"https:\/\/api.w.org\/{rel}","templated":true}]}}