{"id":368371,"date":"2026-04-11T20:32:22","date_gmt":"2026-04-11T18:32:22","guid":{"rendered":"https:\/\/theuncommonshop.ch\/product\/gamegenic-collectors-lair-2000-lempire-des-collectionneurs\/"},"modified":"2026-04-11T20:32:22","modified_gmt":"2026-04-11T18:32:22","slug":"gamegenic-collectors-lair-2000-lempire-des-collectionneurs","status":"publish","type":"product","link":"https:\/\/theuncommonshop.ch\/fr\/product\/gamegenic-collectors-lair-2000-lempire-des-collectionneurs\/","title":{"rendered":"Gamegenic &#8211; Collectors&#8217; Lair 2000+ (L&#8217;Empire des collectionneurs)"},"content":{"rendered":"<p>Le COLLECTORS&#8217; LAIR 2000+ est un v\u00e9ritable talent de rangement : la bo\u00eete n&#8217;a pas seulement de la place pour les cartes non sleev\u00e9es, \u00e0 simple ou double sleeve, elle peut \u00e9galement contenir nos TOPLOADING EXOSHIELDS ou SLIDE CARD CASES, ainsi que des bo\u00eetiers pour le grading de cartes ou des bo\u00eetiers magn\u00e9tiques. Le Collectors&#8217; Lair offre m\u00eame suffisamment de place pour les deckboxes. Procurez-vous le Lair et d\u00e9couvrez ses possibilit\u00e9s infinies !  <\/p>\n<p class=\"fusion-responsive-typography-calculated\" data-fontsize=\"52\" data-lineheight=\"62.4px\"><strong>FEATURES :<\/strong><\/p>\n<ul>\n<li>Bo\u00eete multifonctionnelle haut de gamme pour le rangement d&#8217;une vaste collection de cartes<\/li>\n<li>Con\u00e7u pour (plusieurs options) :\n<ul>\n<li><strong>2000+<\/strong> cartes \u00e0 double sleeve dans des Inner Sleeves*.<\/li>\n<li><strong>2400+<\/strong> cartes sleeved individuellement*<\/li>\n<li><strong>4000+<\/strong> cartes non sleev\u00e9es<\/li>\n<li><strong>860+<\/strong> TOPLOADING Exoshields*<\/li>\n<li><strong>240+<\/strong> Slide Card Cases*<\/li>\n<li><strong>200+<\/strong> Card Grading Cases<\/li>\n<li><strong>188+<\/strong> Card Case magn\u00e9tiques<\/li>\n<\/ul>\n<\/li>\n<li><strong>S\u00e9parateur mobile et amovible en acrylique<\/strong> pour un rangement parfait des cartes ou des deck boxes<\/li>\n<li><strong>Espace s\u00e9par\u00e9<\/strong> pour le rangement du s\u00e9parateur acrylique lorsqu&#8217;il n&#8217;est pas utilis\u00e9<\/li>\n<li>Assez d&#8217;espace pour ranger les Playmats<\/li>\n<li>S&#8217;adapte parfaitement \u00e0 la plupart des \u00e9tag\u00e8res carr\u00e9es courantes<\/li>\n<li><strong>Syst\u00e8me CONVERTIBLE : <\/strong>le couvercle amovible peut \u00eatre fix\u00e9 au bas de la bo\u00eete, ce qui permet de gagner un espace pr\u00e9cieux sur la table de jeu.<\/li>\n<li>Des aimants puissants et un m\u00e9canisme de fermeture sp\u00e9cial pour une fermeture s\u00fbre, m\u00eame si la bo\u00eete est retourn\u00e9e et secou\u00e9e.<\/li>\n<li>Mat\u00e9riaux de haute qualit\u00e9 : <strong><sup> Nexofyber+<\/sup><\/strong> \u00e0 l&#8217;ext\u00e9rieur et microfibre \u00e0 l&#8217;int\u00e9rieur<\/li>\n<\/ul>\n","protected":false},"excerpt":{"rendered":"<p>Le COLLECTORS&#8217; LAIR 2000+ est un v\u00e9ritable talent de rangement : la bo\u00eete n&#8217;a pas seulement de la place pour<\/p>\n","protected":false},"featured_media":368355,"comment_status":"open","ping_status":"closed","template":"","meta":{"_acf_changed":false},"product_brand":[5090],"product_cat":[9859,9879,9875,9867,10259],"product_tag":[],"class_list":{"0":"post-368371","1":"product","2":"type-product","3":"status-publish","4":"has-post-thumbnail","6":"product_brand-gamegenic","7":"product_cat-accessoires-tcg","8":"product_cat-gamegenic-fr","9":"product_cat-grandes-boites-de-rangement","10":"product_cat-rangement","11":"product_cat-tout","13":"first","14":"instock","15":"taxable","16":"shipping-taxable","17":"purchasable","18":"product-type-simple"},"acf":[],"yoast_head":"<!-- This site is optimized with the Yoast SEO plugin v27.3 - https:\/\/yoast.com\/product\/yoast-seo-wordpress\/ -->\n<title>Ach\u00e8te Gamegenic - Collectors&#039; Lair 2000+ (L&#039;Empire des collectionneurs)<\/title>\n<meta name=\"description\" content=\"Ach\u00e8te Gamegenic - Collectors&#039; Lair 2000+ (L&#039;Empire des collectionneurs) en ligne maintenant \u00e0 petit prix! Ton #1 shop pour cartes TCG &amp; Pok\u00e9mon en Suisse \u2713 Livraison gratuite d\u00e8s CHF 29\" \/>\n<meta name=\"robots\" content=\"index, follow, max-snippet:-1, max-image-preview:large, max-video-preview:-1\" \/>\n<link rel=\"canonical\" href=\"https:\/\/theuncommonshop.ch\/fr\/product\/gamegenic-collectors-lair-2000-lempire-des-collectionneurs\/\" \/>\n<meta property=\"og:locale\" content=\"fr_FR\" \/>\n<meta property=\"og:type\" content=\"article\" \/>\n<meta property=\"og:title\" content=\"Ach\u00e8te Gamegenic - Collectors&#039; Lair 2000+ (L&#039;Empire des collectionneurs)\" \/>\n<meta property=\"og:description\" content=\"Ach\u00e8te Gamegenic - Collectors&#039; Lair 2000+ (L&#039;Empire des collectionneurs) en ligne maintenant \u00e0 petit prix! Ton #1 shop pour cartes TCG &amp; Pok\u00e9mon en Suisse \u2713 Livraison gratuite d\u00e8s CHF 29\" \/>\n<meta property=\"og:url\" content=\"https:\/\/theuncommonshop.ch\/fr\/product\/gamegenic-collectors-lair-2000-lempire-des-collectionneurs\/\" \/>\n<meta property=\"og:site_name\" content=\"Largest trading card shop in Switzerland\" \/>\n<meta property=\"og:image\" content=\"https:\/\/theuncommonshop.ch\/wp-content\/uploads\/2026\/04\/Lair1.webp\" \/>\n\t<meta property=\"og:image:width\" content=\"925\" \/>\n\t<meta property=\"og:image:height\" content=\"848\" \/>\n\t<meta property=\"og:image:type\" content=\"image\/webp\" \/>\n<meta name=\"twitter:card\" content=\"summary_large_image\" \/>\n<meta name=\"twitter:label1\" content=\"Prix\" \/>\n\t<meta name=\"twitter:data1\" content=\"&#067;&#072;&#070;&nbsp;49.95\" \/>\n\t<meta name=\"twitter:label2\" content=\"Disponibilit\u00e9\" \/>\n\t<meta name=\"twitter:data2\" content=\"En stock\" \/>\n<script type=\"application\/ld+json\" class=\"yoast-schema-graph\">{\"@context\":\"https:\\\/\\\/schema.org\",\"@graph\":[{\"@type\":\"WebPage\",\"@id\":\"https:\\\/\\\/theuncommonshop.ch\\\/fr\\\/product\\\/gamegenic-collectors-lair-2000-lempire-des-collectionneurs\\\/\",\"url\":\"https:\\\/\\\/theuncommonshop.ch\\\/fr\\\/product\\\/gamegenic-collectors-lair-2000-lempire-des-collectionneurs\\\/\",\"name\":\"Ach\u00e8te Gamegenic - Collectors' Lair 2000+ (L'Empire des collectionneurs)\",\"isPartOf\":{\"@id\":\"https:\\\/\\\/theuncommonshop.ch\\\/fr\\\/#website\"},\"primaryImageOfPage\":{\"@id\":\"https:\\\/\\\/theuncommonshop.ch\\\/fr\\\/product\\\/gamegenic-collectors-lair-2000-lempire-des-collectionneurs\\\/#primaryimage\"},\"image\":{\"@id\":\"https:\\\/\\\/theuncommonshop.ch\\\/fr\\\/product\\\/gamegenic-collectors-lair-2000-lempire-des-collectionneurs\\\/#primaryimage\"},\"thumbnailUrl\":\"https:\\\/\\\/theuncommonshop.ch\\\/wp-content\\\/uploads\\\/2026\\\/04\\\/Lair1.webp\",\"datePublished\":\"2026-04-11T18:32:22+00:00\",\"description\":\"Ach\u00e8te Gamegenic - Collectors' Lair 2000+ (L'Empire des collectionneurs) en ligne maintenant \u00e0 petit prix! Ton #1 shop pour cartes TCG & Pok\u00e9mon en Suisse \u2713 Livraison gratuite d\u00e8s CHF 29\",\"breadcrumb\":{\"@id\":\"https:\\\/\\\/theuncommonshop.ch\\\/fr\\\/product\\\/gamegenic-collectors-lair-2000-lempire-des-collectionneurs\\\/#breadcrumb\"},\"inLanguage\":\"fr-FR\",\"potentialAction\":[{\"@type\":\"ReadAction\",\"target\":[\"https:\\\/\\\/theuncommonshop.ch\\\/fr\\\/product\\\/gamegenic-collectors-lair-2000-lempire-des-collectionneurs\\\/\"]}]},{\"@type\":\"ImageObject\",\"inLanguage\":\"fr-FR\",\"@id\":\"https:\\\/\\\/theuncommonshop.ch\\\/fr\\\/product\\\/gamegenic-collectors-lair-2000-lempire-des-collectionneurs\\\/#primaryimage\",\"url\":\"https:\\\/\\\/theuncommonshop.ch\\\/wp-content\\\/uploads\\\/2026\\\/04\\\/Lair1.webp\",\"contentUrl\":\"https:\\\/\\\/theuncommonshop.ch\\\/wp-content\\\/uploads\\\/2026\\\/04\\\/Lair1.webp\",\"width\":925,\"height\":848,\"caption\":\"Lair1\"},{\"@type\":\"BreadcrumbList\",\"@id\":\"https:\\\/\\\/theuncommonshop.ch\\\/fr\\\/product\\\/gamegenic-collectors-lair-2000-lempire-des-collectionneurs\\\/#breadcrumb\",\"itemListElement\":[{\"@type\":\"ListItem\",\"position\":1,\"name\":\"Accueil\",\"item\":\"https:\\\/\\\/theuncommonshop.ch\\\/fr\\\/accueil\\\/\"},{\"@type\":\"ListItem\",\"position\":2,\"name\":\"Boutique\",\"item\":\"https:\\\/\\\/theuncommonshop.ch\\\/fr\\\/boutique\\\/\"},{\"@type\":\"ListItem\",\"position\":3,\"name\":\"Gamegenic &#8211; Collectors&#8217; Lair 2000+ (L&#8217;Empire des collectionneurs)\"}]},{\"@type\":\"WebSite\",\"@id\":\"https:\\\/\\\/theuncommonshop.ch\\\/fr\\\/#website\",\"url\":\"https:\\\/\\\/theuncommonshop.ch\\\/fr\\\/\",\"name\":\"Largest trading card shop in Switzerland\",\"description\":\"Magic, Pok\u00e9mon and Yu-gi-oh - The Uncommon Shop\",\"potentialAction\":[{\"@type\":\"SearchAction\",\"target\":{\"@type\":\"EntryPoint\",\"urlTemplate\":\"https:\\\/\\\/theuncommonshop.ch\\\/fr\\\/?s={search_term_string}\"},\"query-input\":{\"@type\":\"PropertyValueSpecification\",\"valueRequired\":true,\"valueName\":\"search_term_string\"}}],\"inLanguage\":\"fr-FR\"}]}<\/script>\n<meta property=\"product:price:amount\" content=\"49.95\" \/>\n<meta property=\"product:price:currency\" content=\"CHF\" \/>\n<meta property=\"og:availability\" content=\"instock\" \/>\n<meta property=\"product:availability\" content=\"instock\" \/>\n<meta property=\"product:retailer_item_id\" content=\"GameGenicCollectorsLair2000\" \/>\n<meta property=\"product:condition\" content=\"new\" \/>\n<!-- \/ Yoast SEO plugin. -->","yoast_head_json":{"title":"Ach\u00e8te Gamegenic - Collectors' Lair 2000+ (L'Empire des collectionneurs)","description":"Ach\u00e8te Gamegenic - Collectors' Lair 2000+ (L'Empire des collectionneurs) en ligne maintenant \u00e0 petit prix! Ton #1 shop pour cartes TCG & Pok\u00e9mon en Suisse \u2713 Livraison gratuite d\u00e8s CHF 29","robots":{"index":"index","follow":"follow","max-snippet":"max-snippet:-1","max-image-preview":"max-image-preview:large","max-video-preview":"max-video-preview:-1"},"canonical":"https:\/\/theuncommonshop.ch\/fr\/product\/gamegenic-collectors-lair-2000-lempire-des-collectionneurs\/","og_locale":"fr_FR","og_type":"article","og_title":"Ach\u00e8te Gamegenic - Collectors' Lair 2000+ (L'Empire des collectionneurs)","og_description":"Ach\u00e8te Gamegenic - Collectors' Lair 2000+ (L'Empire des collectionneurs) en ligne maintenant \u00e0 petit prix! Ton #1 shop pour cartes TCG & Pok\u00e9mon en Suisse \u2713 Livraison gratuite d\u00e8s CHF 29","og_url":"https:\/\/theuncommonshop.ch\/fr\/product\/gamegenic-collectors-lair-2000-lempire-des-collectionneurs\/","og_site_name":"Largest trading card shop in Switzerland","og_image":[{"width":925,"height":848,"url":"https:\/\/theuncommonshop.ch\/wp-content\/uploads\/2026\/04\/Lair1.webp","type":"image\/webp"}],"twitter_card":"summary_large_image","twitter_misc":{"Prix":"&#67;&#72;&#70;&nbsp;49.95","Disponibilit\u00e9":"En stock"},"schema":{"@context":"https:\/\/schema.org","@graph":[{"@type":"WebPage","@id":"https:\/\/theuncommonshop.ch\/fr\/product\/gamegenic-collectors-lair-2000-lempire-des-collectionneurs\/","url":"https:\/\/theuncommonshop.ch\/fr\/product\/gamegenic-collectors-lair-2000-lempire-des-collectionneurs\/","name":"Ach\u00e8te Gamegenic - Collectors' Lair 2000+ (L'Empire des collectionneurs)","isPartOf":{"@id":"https:\/\/theuncommonshop.ch\/fr\/#website"},"primaryImageOfPage":{"@id":"https:\/\/theuncommonshop.ch\/fr\/product\/gamegenic-collectors-lair-2000-lempire-des-collectionneurs\/#primaryimage"},"image":{"@id":"https:\/\/theuncommonshop.ch\/fr\/product\/gamegenic-collectors-lair-2000-lempire-des-collectionneurs\/#primaryimage"},"thumbnailUrl":"https:\/\/theuncommonshop.ch\/wp-content\/uploads\/2026\/04\/Lair1.webp","datePublished":"2026-04-11T18:32:22+00:00","description":"Ach\u00e8te Gamegenic - Collectors' Lair 2000+ (L'Empire des collectionneurs) en ligne maintenant \u00e0 petit prix! Ton #1 shop pour cartes TCG & Pok\u00e9mon en Suisse \u2713 Livraison gratuite d\u00e8s CHF 29","breadcrumb":{"@id":"https:\/\/theuncommonshop.ch\/fr\/product\/gamegenic-collectors-lair-2000-lempire-des-collectionneurs\/#breadcrumb"},"inLanguage":"fr-FR","potentialAction":[{"@type":"ReadAction","target":["https:\/\/theuncommonshop.ch\/fr\/product\/gamegenic-collectors-lair-2000-lempire-des-collectionneurs\/"]}]},{"@type":"ImageObject","inLanguage":"fr-FR","@id":"https:\/\/theuncommonshop.ch\/fr\/product\/gamegenic-collectors-lair-2000-lempire-des-collectionneurs\/#primaryimage","url":"https:\/\/theuncommonshop.ch\/wp-content\/uploads\/2026\/04\/Lair1.webp","contentUrl":"https:\/\/theuncommonshop.ch\/wp-content\/uploads\/2026\/04\/Lair1.webp","width":925,"height":848,"caption":"Lair1"},{"@type":"BreadcrumbList","@id":"https:\/\/theuncommonshop.ch\/fr\/product\/gamegenic-collectors-lair-2000-lempire-des-collectionneurs\/#breadcrumb","itemListElement":[{"@type":"ListItem","position":1,"name":"Accueil","item":"https:\/\/theuncommonshop.ch\/fr\/accueil\/"},{"@type":"ListItem","position":2,"name":"Boutique","item":"https:\/\/theuncommonshop.ch\/fr\/boutique\/"},{"@type":"ListItem","position":3,"name":"Gamegenic &#8211; Collectors&#8217; Lair 2000+ (L&#8217;Empire des collectionneurs)"}]},{"@type":"WebSite","@id":"https:\/\/theuncommonshop.ch\/fr\/#website","url":"https:\/\/theuncommonshop.ch\/fr\/","name":"Largest trading card shop in Switzerland","description":"Magic, Pok\u00e9mon and Yu-gi-oh - The Uncommon Shop","potentialAction":[{"@type":"SearchAction","target":{"@type":"EntryPoint","urlTemplate":"https:\/\/theuncommonshop.ch\/fr\/?s={search_term_string}"},"query-input":{"@type":"PropertyValueSpecification","valueRequired":true,"valueName":"search_term_string"}}],"inLanguage":"fr-FR"}]},"product_price_amount":"49.95","product_price_currency":"CHF","og_availability":"instock","product_availability":"instock","product_retailer_item_id":"GameGenicCollectorsLair2000","product_condition":"new"},"_links":{"self":[{"href":"https:\/\/theuncommonshop.ch\/fr\/wp-json\/wp\/v2\/product\/368371","targetHints":{"allow":["GET"]}}],"collection":[{"href":"https:\/\/theuncommonshop.ch\/fr\/wp-json\/wp\/v2\/product"}],"about":[{"href":"https:\/\/theuncommonshop.ch\/fr\/wp-json\/wp\/v2\/types\/product"}],"replies":[{"embeddable":true,"href":"https:\/\/theuncommonshop.ch\/fr\/wp-json\/wp\/v2\/comments?post=368371"}],"version-history":[{"count":0,"href":"https:\/\/theuncommonshop.ch\/fr\/wp-json\/wp\/v2\/product\/368371\/revisions"}],"wp:featuredmedia":[{"embeddable":true,"href":"https:\/\/theuncommonshop.ch\/fr\/wp-json\/wp\/v2\/media\/368355"}],"wp:attachment":[{"href":"https:\/\/theuncommonshop.ch\/fr\/wp-json\/wp\/v2\/media?parent=368371"}],"wp:term":[{"taxonomy":"product_brand","embeddable":true,"href":"https:\/\/theuncommonshop.ch\/fr\/wp-json\/wp\/v2\/product_brand?post=368371"},{"taxonomy":"product_cat","embeddable":true,"href":"https:\/\/theuncommonshop.ch\/fr\/wp-json\/wp\/v2\/product_cat?post=368371"},{"taxonomy":"product_tag","embeddable":true,"href":"https:\/\/theuncommonshop.ch\/fr\/wp-json\/wp\/v2\/product_tag?post=368371"}],"curies":[{"name":"wp","href":"https:\/\/api.w.org\/{rel}","templated":true}]}}