{"id":368347,"date":"2026-04-11T20:23:34","date_gmt":"2026-04-11T18:23:34","guid":{"rendered":"https:\/\/theuncommonshop.ch\/product\/gamegenic-diviseur-de-sizemorphe-a-chargement-lateral\/"},"modified":"2026-04-11T20:23:34","modified_gmt":"2026-04-11T18:23:34","slug":"gamegenic-diviseur-de-sizemorphe-a-chargement-lateral","status":"publish","type":"product","link":"https:\/\/theuncommonshop.ch\/fr\/product\/gamegenic-diviseur-de-sizemorphe-a-chargement-lateral\/","title":{"rendered":"Gamegenic &#8211; Diviseur de sizemorphe \u00e0 chargement lat\u00e9ral"},"content":{"rendered":"<p><strong>Cette innovation g\u00e9niale est d\u00e9sormais disponible en sideloaders !<\/strong><br \/>\nLe Sideloading Sizemorph Divider est probablement le premier sideloader du march\u00e9 dont la largeur peut \u00eatre ajust\u00e9e pour s&#8217;adapter \u00e0 presque tous les espaces de rangement horizontaux inutilis\u00e9s. Il s&#8217;adapte parfaitement \u00e0 toutes les bo\u00eetes sideloading et met de l&#8217;ordre dans votre bo\u00eete en carton ! Que vous souhaitiez remplir l&#8217;espace entre deux paquets de cartes ou garder vos deckboxes bien en place, le Sideloading Sizemorph Divider est fait pour vous.  <\/p>\n<p>Sa largeur peut varier entre 5 et 30 millim\u00e8tres, offrant ainsi une flexibilit\u00e9 maximale. Le Sideloading Sizemorph Divider est dot\u00e9 d&#8217;une languette de rep\u00e9rage rabattable qui garantit qu&#8217;aucune carte n&#8217;est endommag\u00e9e lors de la fermeture de la bo\u00eete. La languette de rep\u00e9rage se rabat vers l&#8217;arri\u00e8re et se d\u00e9ploie \u00e0 l&#8217;ouverture de la bo\u00eete. Le Sideloading Sizemorph Divider est l&#8217;accessoire parfait pour les joueurs de tous les TCG et LCG, comme Magic : The Gathering ou Marvel Champions : The Card Game, ainsi que pour les jeux de plateau et de cartes.   <\/p>\n<p><strong>Caract\u00e9ristiques :<\/strong><\/p>\n<ul>\n<li><strong>Taille du produit<\/strong> 92 x 66 mm<\/li>\n<li><strong>profondeur<\/strong> comprise entre 5 et 30 mm<\/li>\n<\/ul>\n","protected":false},"excerpt":{"rendered":"<p>Cette innovation g\u00e9niale est d\u00e9sormais disponible en sideloaders ! Le Sideloading Sizemorph Divider est probablement le premier sideloader du march\u00e9<\/p>\n","protected":false},"featured_media":368342,"comment_status":"open","ping_status":"closed","template":"","meta":{"_acf_changed":false},"product_brand":[5090],"product_cat":[9859,9883],"product_tag":[],"class_list":{"0":"post-368347","1":"product","2":"type-product","3":"status-publish","4":"has-post-thumbnail","6":"product_brand-gamegenic","7":"product_cat-accessoires-tcg","8":"product_cat-autres-accessoires","10":"first","11":"instock","12":"taxable","13":"shipping-taxable","14":"purchasable","15":"product-type-variable"},"acf":[],"yoast_head":"<!-- This site is optimized with the Yoast SEO plugin v27.3 - https:\/\/yoast.com\/product\/yoast-seo-wordpress\/ -->\n<title>Ach\u00e8te Gamegenic - Diviseur de sizemorphe \u00e0 chargement lat\u00e9ral<\/title>\n<meta name=\"description\" content=\"Ach\u00e8te Gamegenic - Diviseur de sizemorphe \u00e0 chargement lat\u00e9ral en ligne maintenant \u00e0 petit prix! Ton #1 shop pour cartes TCG &amp; Pok\u00e9mon en Suisse \u2713 Livraison gratuite d\u00e8s CHF 29\" \/>\n<meta name=\"robots\" content=\"index, follow, max-snippet:-1, max-image-preview:large, max-video-preview:-1\" \/>\n<link rel=\"canonical\" href=\"https:\/\/theuncommonshop.ch\/fr\/product\/gamegenic-diviseur-de-sizemorphe-a-chargement-lateral\/\" \/>\n<meta property=\"og:locale\" content=\"fr_FR\" \/>\n<meta property=\"og:type\" content=\"article\" \/>\n<meta property=\"og:title\" content=\"Ach\u00e8te Gamegenic - Diviseur de sizemorphe \u00e0 chargement lat\u00e9ral\" \/>\n<meta property=\"og:description\" content=\"Ach\u00e8te Gamegenic - Diviseur de sizemorphe \u00e0 chargement lat\u00e9ral en ligne maintenant \u00e0 petit prix! Ton #1 shop pour cartes TCG &amp; Pok\u00e9mon en Suisse \u2713 Livraison gratuite d\u00e8s CHF 29\" \/>\n<meta property=\"og:url\" content=\"https:\/\/theuncommonshop.ch\/fr\/product\/gamegenic-diviseur-de-sizemorphe-a-chargement-lateral\/\" \/>\n<meta property=\"og:site_name\" content=\"Largest trading card shop in Switzerland\" \/>\n<meta property=\"og:image\" content=\"https:\/\/theuncommonshop.ch\/wp-content\/uploads\/2026\/04\/oa_gg_sizemorph_side_black_1.jpg\" \/>\n\t<meta property=\"og:image:width\" content=\"225\" \/>\n\t<meta property=\"og:image:height\" content=\"200\" \/>\n\t<meta property=\"og:image:type\" content=\"image\/jpeg\" \/>\n<meta name=\"twitter:card\" content=\"summary_large_image\" \/>\n<meta name=\"twitter:label1\" content=\"Disponibilit\u00e9\" \/>\n\t<meta name=\"twitter:data1\" content=\"En stock\" \/>\n<script type=\"application\/ld+json\" class=\"yoast-schema-graph\">{\"@context\":\"https:\\\/\\\/schema.org\",\"@graph\":[{\"@type\":\"WebPage\",\"@id\":\"https:\\\/\\\/theuncommonshop.ch\\\/fr\\\/product\\\/gamegenic-diviseur-de-sizemorphe-a-chargement-lateral\\\/\",\"url\":\"https:\\\/\\\/theuncommonshop.ch\\\/fr\\\/product\\\/gamegenic-diviseur-de-sizemorphe-a-chargement-lateral\\\/\",\"name\":\"Ach\u00e8te Gamegenic - Diviseur de sizemorphe \u00e0 chargement lat\u00e9ral\",\"isPartOf\":{\"@id\":\"https:\\\/\\\/theuncommonshop.ch\\\/fr\\\/#website\"},\"primaryImageOfPage\":{\"@id\":\"https:\\\/\\\/theuncommonshop.ch\\\/fr\\\/product\\\/gamegenic-diviseur-de-sizemorphe-a-chargement-lateral\\\/#primaryimage\"},\"image\":{\"@id\":\"https:\\\/\\\/theuncommonshop.ch\\\/fr\\\/product\\\/gamegenic-diviseur-de-sizemorphe-a-chargement-lateral\\\/#primaryimage\"},\"thumbnailUrl\":\"https:\\\/\\\/theuncommonshop.ch\\\/wp-content\\\/uploads\\\/2026\\\/04\\\/oa_gg_sizemorph_side_black_1.jpg\",\"datePublished\":\"2026-04-11T18:23:34+00:00\",\"description\":\"Ach\u00e8te Gamegenic - Diviseur de sizemorphe \u00e0 chargement lat\u00e9ral en ligne maintenant \u00e0 petit prix! Ton #1 shop pour cartes TCG & Pok\u00e9mon en Suisse \u2713 Livraison gratuite d\u00e8s CHF 29\",\"breadcrumb\":{\"@id\":\"https:\\\/\\\/theuncommonshop.ch\\\/fr\\\/product\\\/gamegenic-diviseur-de-sizemorphe-a-chargement-lateral\\\/#breadcrumb\"},\"inLanguage\":\"fr-FR\",\"potentialAction\":[{\"@type\":\"ReadAction\",\"target\":[\"https:\\\/\\\/theuncommonshop.ch\\\/fr\\\/product\\\/gamegenic-diviseur-de-sizemorphe-a-chargement-lateral\\\/\"]}]},{\"@type\":\"ImageObject\",\"inLanguage\":\"fr-FR\",\"@id\":\"https:\\\/\\\/theuncommonshop.ch\\\/fr\\\/product\\\/gamegenic-diviseur-de-sizemorphe-a-chargement-lateral\\\/#primaryimage\",\"url\":\"https:\\\/\\\/theuncommonshop.ch\\\/wp-content\\\/uploads\\\/2026\\\/04\\\/oa_gg_sizemorph_side_black_1.jpg\",\"contentUrl\":\"https:\\\/\\\/theuncommonshop.ch\\\/wp-content\\\/uploads\\\/2026\\\/04\\\/oa_gg_sizemorph_side_black_1.jpg\",\"width\":225,\"height\":200,\"caption\":\"oa gg sizemorph c\u00f4t\u00e9 noir 1\"},{\"@type\":\"BreadcrumbList\",\"@id\":\"https:\\\/\\\/theuncommonshop.ch\\\/fr\\\/product\\\/gamegenic-diviseur-de-sizemorphe-a-chargement-lateral\\\/#breadcrumb\",\"itemListElement\":[{\"@type\":\"ListItem\",\"position\":1,\"name\":\"Accueil\",\"item\":\"https:\\\/\\\/theuncommonshop.ch\\\/fr\\\/accueil\\\/\"},{\"@type\":\"ListItem\",\"position\":2,\"name\":\"Boutique\",\"item\":\"https:\\\/\\\/theuncommonshop.ch\\\/fr\\\/boutique\\\/\"},{\"@type\":\"ListItem\",\"position\":3,\"name\":\"Gamegenic &#8211; Diviseur de sizemorphe \u00e0 chargement lat\u00e9ral\"}]},{\"@type\":\"WebSite\",\"@id\":\"https:\\\/\\\/theuncommonshop.ch\\\/fr\\\/#website\",\"url\":\"https:\\\/\\\/theuncommonshop.ch\\\/fr\\\/\",\"name\":\"Largest trading card shop in Switzerland\",\"description\":\"Magic, Pok\u00e9mon and Yu-gi-oh - The Uncommon Shop\",\"potentialAction\":[{\"@type\":\"SearchAction\",\"target\":{\"@type\":\"EntryPoint\",\"urlTemplate\":\"https:\\\/\\\/theuncommonshop.ch\\\/fr\\\/?s={search_term_string}\"},\"query-input\":{\"@type\":\"PropertyValueSpecification\",\"valueRequired\":true,\"valueName\":\"search_term_string\"}}],\"inLanguage\":\"fr-FR\"}]}<\/script>\n<meta property=\"og:availability\" content=\"instock\" \/>\n<meta property=\"product:availability\" content=\"instock\" \/>\n<meta property=\"product:condition\" content=\"new\" \/>\n<!-- \/ Yoast SEO plugin. -->","yoast_head_json":{"title":"Ach\u00e8te Gamegenic - Diviseur de sizemorphe \u00e0 chargement lat\u00e9ral","description":"Ach\u00e8te Gamegenic - Diviseur de sizemorphe \u00e0 chargement lat\u00e9ral en ligne maintenant \u00e0 petit prix! Ton #1 shop pour cartes TCG & Pok\u00e9mon en Suisse \u2713 Livraison gratuite d\u00e8s CHF 29","robots":{"index":"index","follow":"follow","max-snippet":"max-snippet:-1","max-image-preview":"max-image-preview:large","max-video-preview":"max-video-preview:-1"},"canonical":"https:\/\/theuncommonshop.ch\/fr\/product\/gamegenic-diviseur-de-sizemorphe-a-chargement-lateral\/","og_locale":"fr_FR","og_type":"article","og_title":"Ach\u00e8te Gamegenic - Diviseur de sizemorphe \u00e0 chargement lat\u00e9ral","og_description":"Ach\u00e8te Gamegenic - Diviseur de sizemorphe \u00e0 chargement lat\u00e9ral en ligne maintenant \u00e0 petit prix! Ton #1 shop pour cartes TCG & Pok\u00e9mon en Suisse \u2713 Livraison gratuite d\u00e8s CHF 29","og_url":"https:\/\/theuncommonshop.ch\/fr\/product\/gamegenic-diviseur-de-sizemorphe-a-chargement-lateral\/","og_site_name":"Largest trading card shop in Switzerland","og_image":[{"width":225,"height":200,"url":"https:\/\/theuncommonshop.ch\/wp-content\/uploads\/2026\/04\/oa_gg_sizemorph_side_black_1.jpg","type":"image\/jpeg"}],"twitter_card":"summary_large_image","twitter_misc":{"Disponibilit\u00e9":"En stock"},"schema":{"@context":"https:\/\/schema.org","@graph":[{"@type":"WebPage","@id":"https:\/\/theuncommonshop.ch\/fr\/product\/gamegenic-diviseur-de-sizemorphe-a-chargement-lateral\/","url":"https:\/\/theuncommonshop.ch\/fr\/product\/gamegenic-diviseur-de-sizemorphe-a-chargement-lateral\/","name":"Ach\u00e8te Gamegenic - Diviseur de sizemorphe \u00e0 chargement lat\u00e9ral","isPartOf":{"@id":"https:\/\/theuncommonshop.ch\/fr\/#website"},"primaryImageOfPage":{"@id":"https:\/\/theuncommonshop.ch\/fr\/product\/gamegenic-diviseur-de-sizemorphe-a-chargement-lateral\/#primaryimage"},"image":{"@id":"https:\/\/theuncommonshop.ch\/fr\/product\/gamegenic-diviseur-de-sizemorphe-a-chargement-lateral\/#primaryimage"},"thumbnailUrl":"https:\/\/theuncommonshop.ch\/wp-content\/uploads\/2026\/04\/oa_gg_sizemorph_side_black_1.jpg","datePublished":"2026-04-11T18:23:34+00:00","description":"Ach\u00e8te Gamegenic - Diviseur de sizemorphe \u00e0 chargement lat\u00e9ral en ligne maintenant \u00e0 petit prix! Ton #1 shop pour cartes TCG & Pok\u00e9mon en Suisse \u2713 Livraison gratuite d\u00e8s CHF 29","breadcrumb":{"@id":"https:\/\/theuncommonshop.ch\/fr\/product\/gamegenic-diviseur-de-sizemorphe-a-chargement-lateral\/#breadcrumb"},"inLanguage":"fr-FR","potentialAction":[{"@type":"ReadAction","target":["https:\/\/theuncommonshop.ch\/fr\/product\/gamegenic-diviseur-de-sizemorphe-a-chargement-lateral\/"]}]},{"@type":"ImageObject","inLanguage":"fr-FR","@id":"https:\/\/theuncommonshop.ch\/fr\/product\/gamegenic-diviseur-de-sizemorphe-a-chargement-lateral\/#primaryimage","url":"https:\/\/theuncommonshop.ch\/wp-content\/uploads\/2026\/04\/oa_gg_sizemorph_side_black_1.jpg","contentUrl":"https:\/\/theuncommonshop.ch\/wp-content\/uploads\/2026\/04\/oa_gg_sizemorph_side_black_1.jpg","width":225,"height":200,"caption":"oa gg sizemorph c\u00f4t\u00e9 noir 1"},{"@type":"BreadcrumbList","@id":"https:\/\/theuncommonshop.ch\/fr\/product\/gamegenic-diviseur-de-sizemorphe-a-chargement-lateral\/#breadcrumb","itemListElement":[{"@type":"ListItem","position":1,"name":"Accueil","item":"https:\/\/theuncommonshop.ch\/fr\/accueil\/"},{"@type":"ListItem","position":2,"name":"Boutique","item":"https:\/\/theuncommonshop.ch\/fr\/boutique\/"},{"@type":"ListItem","position":3,"name":"Gamegenic &#8211; Diviseur de sizemorphe \u00e0 chargement lat\u00e9ral"}]},{"@type":"WebSite","@id":"https:\/\/theuncommonshop.ch\/fr\/#website","url":"https:\/\/theuncommonshop.ch\/fr\/","name":"Largest trading card shop in Switzerland","description":"Magic, Pok\u00e9mon and Yu-gi-oh - The Uncommon Shop","potentialAction":[{"@type":"SearchAction","target":{"@type":"EntryPoint","urlTemplate":"https:\/\/theuncommonshop.ch\/fr\/?s={search_term_string}"},"query-input":{"@type":"PropertyValueSpecification","valueRequired":true,"valueName":"search_term_string"}}],"inLanguage":"fr-FR"}]},"og_availability":"instock","product_availability":"instock","product_condition":"new"},"_links":{"self":[{"href":"https:\/\/theuncommonshop.ch\/fr\/wp-json\/wp\/v2\/product\/368347","targetHints":{"allow":["GET"]}}],"collection":[{"href":"https:\/\/theuncommonshop.ch\/fr\/wp-json\/wp\/v2\/product"}],"about":[{"href":"https:\/\/theuncommonshop.ch\/fr\/wp-json\/wp\/v2\/types\/product"}],"replies":[{"embeddable":true,"href":"https:\/\/theuncommonshop.ch\/fr\/wp-json\/wp\/v2\/comments?post=368347"}],"version-history":[{"count":0,"href":"https:\/\/theuncommonshop.ch\/fr\/wp-json\/wp\/v2\/product\/368347\/revisions"}],"wp:featuredmedia":[{"embeddable":true,"href":"https:\/\/theuncommonshop.ch\/fr\/wp-json\/wp\/v2\/media\/368342"}],"wp:attachment":[{"href":"https:\/\/theuncommonshop.ch\/fr\/wp-json\/wp\/v2\/media?parent=368347"}],"wp:term":[{"taxonomy":"product_brand","embeddable":true,"href":"https:\/\/theuncommonshop.ch\/fr\/wp-json\/wp\/v2\/product_brand?post=368347"},{"taxonomy":"product_cat","embeddable":true,"href":"https:\/\/theuncommonshop.ch\/fr\/wp-json\/wp\/v2\/product_cat?post=368347"},{"taxonomy":"product_tag","embeddable":true,"href":"https:\/\/theuncommonshop.ch\/fr\/wp-json\/wp\/v2\/product_tag?post=368347"}],"curies":[{"name":"wp","href":"https:\/\/api.w.org\/{rel}","templated":true}]}}