{"id":367624,"date":"2026-04-10T00:34:05","date_gmt":"2026-04-09T22:34:05","guid":{"rendered":"https:\/\/theuncommonshop.ch\/product\/riftbound-league-of-legends-tcg-vendetta-booster-display\/"},"modified":"2026-04-10T00:34:05","modified_gmt":"2026-04-09T22:34:05","slug":"riftbound-league-of-legends-tcg-vendetta-booster-display","status":"publish","type":"product","link":"https:\/\/theuncommonshop.ch\/fr\/product\/riftbound-league-of-legends-tcg-vendetta-booster-display\/","title":{"rendered":"Riftbound : League of Legends TCG &#8211; Vendetta &#8211; Booster Display"},"content":{"rendered":"<p><strong>Vendetta,<\/strong> le quatri\u00e8me set de &#8220;Riftbound : League of Legends TCG&#8221;, apporte encore plus de champions sur le champ de bataille !<br \/>\nCes boosterpacks de 14 cartes chacun proviennent d&#8217;un pool de plus de 160 cartes, dont plus de 50 cartes Showcase !<\/p>\n<p>Ce set donne une nouvelle dimension \u00e0 Riftbound avec de nouvelles l\u00e9gendes, des cartes puissantes, de nouveaux m\u00e9canismes et, pour la premi\u00e8re fois, de nouvelles combinaisons de domaines !<\/p>\n<p>Le Rift vous attend &#8211; \u00eates-vous pr\u00eat ?<\/p>\n<p><strong>Chaque Booster Display contient 24 Packs de Boosters.<\/strong><\/p>\n<ul>\n<li>Plus de champions &#8220;Vendetta&#8221; introduit encore plus de champions populaires de League of Legends comme Mel et Ambessa ou Shen et Zed dans Riftbound !<\/li>\n<li>Con\u00e7u pour le combat ! Participez \u00e0 des combats strat\u00e9giques en 1 contre 1, \u00e0 des combats passionnants en 2 contre 2 ou \u00e0 des combats de haut niveau \u00e0 4 personnes o\u00f9 tout le monde s&#8217;affronte. <\/li>\n<\/ul>\n","protected":false},"excerpt":{"rendered":"<p>Vendetta, le quatri\u00e8me set de &#8220;Riftbound : League of Legends TCG&#8221;, apporte encore plus de champions sur le champ de<\/p>\n","protected":false},"featured_media":367615,"comment_status":"open","ping_status":"closed","template":"","meta":{"_acf_changed":false},"product_brand":[5152],"product_cat":[9785,9981],"product_tag":[],"class_list":{"0":"post-367624","1":"product","2":"type-product","3":"status-publish","4":"has-post-thumbnail","6":"product_brand-league-of-legends-riftbound","7":"product_cat-autres-cartes-a-collectionner","8":"product_cat-league-of-legends-riftbound","10":"first","11":"outofstock","12":"taxable","13":"shipping-taxable","14":"purchasable","15":"product-type-simple"},"acf":[],"yoast_head":"<!-- This site is optimized with the Yoast SEO plugin v27.3 - https:\/\/yoast.com\/product\/yoast-seo-wordpress\/ -->\n<title>Ach\u00e8te Riftbound : League of Legends TCG - Vendetta - Booster Display<\/title>\n<meta name=\"description\" content=\"Ach\u00e8te Riftbound : League of Legends TCG - Vendetta - Booster Display en ligne maintenant \u00e0 petit prix! Ton #1 shop pour cartes TCG &amp; Pok\u00e9mon en Suisse \u2713 Livraison gratuite d\u00e8s CHF 29\" \/>\n<meta name=\"robots\" content=\"index, follow, max-snippet:-1, max-image-preview:large, max-video-preview:-1\" \/>\n<link rel=\"canonical\" href=\"https:\/\/theuncommonshop.ch\/fr\/product\/riftbound-league-of-legends-tcg-vendetta-booster-display\/\" \/>\n<meta property=\"og:locale\" content=\"fr_FR\" \/>\n<meta property=\"og:type\" content=\"article\" \/>\n<meta property=\"og:title\" content=\"Ach\u00e8te Riftbound : League of Legends TCG - Vendetta - Booster Display\" \/>\n<meta property=\"og:description\" content=\"Ach\u00e8te Riftbound : League of Legends TCG - Vendetta - Booster Display en ligne maintenant \u00e0 petit prix! Ton #1 shop pour cartes TCG &amp; Pok\u00e9mon en Suisse \u2713 Livraison gratuite d\u00e8s CHF 29\" \/>\n<meta property=\"og:url\" content=\"https:\/\/theuncommonshop.ch\/fr\/product\/riftbound-league-of-legends-tcg-vendetta-booster-display\/\" \/>\n<meta property=\"og:site_name\" content=\"Largest trading card shop in Switzerland\" \/>\n<meta property=\"og:image\" content=\"https:\/\/theuncommonshop.ch\/wp-content\/uploads\/2026\/04\/LoL-Vendetta-Display-.jpg\" \/>\n\t<meta property=\"og:image:width\" content=\"1024\" \/>\n\t<meta property=\"og:image:height\" content=\"1024\" \/>\n\t<meta property=\"og:image:type\" content=\"image\/jpeg\" \/>\n<meta name=\"twitter:card\" content=\"summary_large_image\" \/>\n<meta name=\"twitter:label1\" content=\"Prix\" \/>\n\t<meta name=\"twitter:data1\" content=\"&#067;&#072;&#070;&nbsp;129.95\" \/>\n\t<meta name=\"twitter:label2\" content=\"Disponibilit\u00e9\" \/>\n\t<meta name=\"twitter:data2\" content=\"Rupture de stock\" \/>\n<script type=\"application\/ld+json\" class=\"yoast-schema-graph\">{\"@context\":\"https:\\\/\\\/schema.org\",\"@graph\":[{\"@type\":\"WebPage\",\"@id\":\"https:\\\/\\\/theuncommonshop.ch\\\/fr\\\/product\\\/riftbound-league-of-legends-tcg-vendetta-booster-display\\\/\",\"url\":\"https:\\\/\\\/theuncommonshop.ch\\\/fr\\\/product\\\/riftbound-league-of-legends-tcg-vendetta-booster-display\\\/\",\"name\":\"Ach\u00e8te Riftbound : League of Legends TCG - Vendetta - Booster Display\",\"isPartOf\":{\"@id\":\"https:\\\/\\\/theuncommonshop.ch\\\/fr\\\/#website\"},\"primaryImageOfPage\":{\"@id\":\"https:\\\/\\\/theuncommonshop.ch\\\/fr\\\/product\\\/riftbound-league-of-legends-tcg-vendetta-booster-display\\\/#primaryimage\"},\"image\":{\"@id\":\"https:\\\/\\\/theuncommonshop.ch\\\/fr\\\/product\\\/riftbound-league-of-legends-tcg-vendetta-booster-display\\\/#primaryimage\"},\"thumbnailUrl\":\"https:\\\/\\\/theuncommonshop.ch\\\/wp-content\\\/uploads\\\/2026\\\/04\\\/LoL-Vendetta-Display-.jpg\",\"datePublished\":\"2026-04-09T22:34:05+00:00\",\"description\":\"Ach\u00e8te Riftbound : League of Legends TCG - Vendetta - Booster Display en ligne maintenant \u00e0 petit prix! Ton #1 shop pour cartes TCG & Pok\u00e9mon en Suisse \u2713 Livraison gratuite d\u00e8s CHF 29\",\"breadcrumb\":{\"@id\":\"https:\\\/\\\/theuncommonshop.ch\\\/fr\\\/product\\\/riftbound-league-of-legends-tcg-vendetta-booster-display\\\/#breadcrumb\"},\"inLanguage\":\"fr-FR\",\"potentialAction\":[{\"@type\":\"ReadAction\",\"target\":[\"https:\\\/\\\/theuncommonshop.ch\\\/fr\\\/product\\\/riftbound-league-of-legends-tcg-vendetta-booster-display\\\/\"]}]},{\"@type\":\"ImageObject\",\"inLanguage\":\"fr-FR\",\"@id\":\"https:\\\/\\\/theuncommonshop.ch\\\/fr\\\/product\\\/riftbound-league-of-legends-tcg-vendetta-booster-display\\\/#primaryimage\",\"url\":\"https:\\\/\\\/theuncommonshop.ch\\\/wp-content\\\/uploads\\\/2026\\\/04\\\/LoL-Vendetta-Display-.jpg\",\"contentUrl\":\"https:\\\/\\\/theuncommonshop.ch\\\/wp-content\\\/uploads\\\/2026\\\/04\\\/LoL-Vendetta-Display-.jpg\",\"width\":1024,\"height\":1024,\"caption\":\"Affichage de LoL Vendetta\"},{\"@type\":\"BreadcrumbList\",\"@id\":\"https:\\\/\\\/theuncommonshop.ch\\\/fr\\\/product\\\/riftbound-league-of-legends-tcg-vendetta-booster-display\\\/#breadcrumb\",\"itemListElement\":[{\"@type\":\"ListItem\",\"position\":1,\"name\":\"Accueil\",\"item\":\"https:\\\/\\\/theuncommonshop.ch\\\/fr\\\/accueil\\\/\"},{\"@type\":\"ListItem\",\"position\":2,\"name\":\"Boutique\",\"item\":\"https:\\\/\\\/theuncommonshop.ch\\\/fr\\\/boutique\\\/\"},{\"@type\":\"ListItem\",\"position\":3,\"name\":\"Autres cartes \u00e0 collectionner\",\"item\":\"https:\\\/\\\/theuncommonshop.ch\\\/fr\\\/categorie-produit\\\/autres-cartes-a-collectionner\\\/\"},{\"@type\":\"ListItem\",\"position\":4,\"name\":\"League of Legends: Riftbound\",\"item\":\"https:\\\/\\\/theuncommonshop.ch\\\/fr\\\/categorie-produit\\\/autres-cartes-a-collectionner\\\/league-of-legends-riftbound\\\/\"},{\"@type\":\"ListItem\",\"position\":5,\"name\":\"Riftbound : League of Legends TCG &#8211; Vendetta &#8211; Booster Display\"}]},{\"@type\":\"WebSite\",\"@id\":\"https:\\\/\\\/theuncommonshop.ch\\\/fr\\\/#website\",\"url\":\"https:\\\/\\\/theuncommonshop.ch\\\/fr\\\/\",\"name\":\"Largest trading card shop in Switzerland\",\"description\":\"Magic, Pok\u00e9mon and Yu-gi-oh - The Uncommon Shop\",\"potentialAction\":[{\"@type\":\"SearchAction\",\"target\":{\"@type\":\"EntryPoint\",\"urlTemplate\":\"https:\\\/\\\/theuncommonshop.ch\\\/fr\\\/?s={search_term_string}\"},\"query-input\":{\"@type\":\"PropertyValueSpecification\",\"valueRequired\":true,\"valueName\":\"search_term_string\"}}],\"inLanguage\":\"fr-FR\"}]}<\/script>\n<meta property=\"product:price:amount\" content=\"129.95\" \/>\n<meta property=\"product:price:currency\" content=\"CHF\" \/>\n<meta property=\"og:availability\" content=\"out of stock\" \/>\n<meta property=\"product:availability\" content=\"out of stock\" \/>\n<meta property=\"product:retailer_item_id\" content=\"PRE.LeageOfLegendsVendettaDisplay.EN\" \/>\n<meta property=\"product:condition\" content=\"new\" \/>\n<!-- \/ Yoast SEO plugin. -->","yoast_head_json":{"title":"Ach\u00e8te Riftbound : League of Legends TCG - Vendetta - Booster Display","description":"Ach\u00e8te Riftbound : League of Legends TCG - Vendetta - Booster Display en ligne maintenant \u00e0 petit prix! Ton #1 shop pour cartes TCG & Pok\u00e9mon en Suisse \u2713 Livraison gratuite d\u00e8s CHF 29","robots":{"index":"index","follow":"follow","max-snippet":"max-snippet:-1","max-image-preview":"max-image-preview:large","max-video-preview":"max-video-preview:-1"},"canonical":"https:\/\/theuncommonshop.ch\/fr\/product\/riftbound-league-of-legends-tcg-vendetta-booster-display\/","og_locale":"fr_FR","og_type":"article","og_title":"Ach\u00e8te Riftbound : League of Legends TCG - Vendetta - Booster Display","og_description":"Ach\u00e8te Riftbound : League of Legends TCG - Vendetta - Booster Display en ligne maintenant \u00e0 petit prix! Ton #1 shop pour cartes TCG & Pok\u00e9mon en Suisse \u2713 Livraison gratuite d\u00e8s CHF 29","og_url":"https:\/\/theuncommonshop.ch\/fr\/product\/riftbound-league-of-legends-tcg-vendetta-booster-display\/","og_site_name":"Largest trading card shop in Switzerland","og_image":[{"width":1024,"height":1024,"url":"https:\/\/theuncommonshop.ch\/wp-content\/uploads\/2026\/04\/LoL-Vendetta-Display-.jpg","type":"image\/jpeg"}],"twitter_card":"summary_large_image","twitter_misc":{"Prix":"&#67;&#72;&#70;&nbsp;129.95","Disponibilit\u00e9":"Rupture de stock"},"schema":{"@context":"https:\/\/schema.org","@graph":[{"@type":"WebPage","@id":"https:\/\/theuncommonshop.ch\/fr\/product\/riftbound-league-of-legends-tcg-vendetta-booster-display\/","url":"https:\/\/theuncommonshop.ch\/fr\/product\/riftbound-league-of-legends-tcg-vendetta-booster-display\/","name":"Ach\u00e8te Riftbound : League of Legends TCG - Vendetta - Booster Display","isPartOf":{"@id":"https:\/\/theuncommonshop.ch\/fr\/#website"},"primaryImageOfPage":{"@id":"https:\/\/theuncommonshop.ch\/fr\/product\/riftbound-league-of-legends-tcg-vendetta-booster-display\/#primaryimage"},"image":{"@id":"https:\/\/theuncommonshop.ch\/fr\/product\/riftbound-league-of-legends-tcg-vendetta-booster-display\/#primaryimage"},"thumbnailUrl":"https:\/\/theuncommonshop.ch\/wp-content\/uploads\/2026\/04\/LoL-Vendetta-Display-.jpg","datePublished":"2026-04-09T22:34:05+00:00","description":"Ach\u00e8te Riftbound : League of Legends TCG - Vendetta - Booster Display en ligne maintenant \u00e0 petit prix! Ton #1 shop pour cartes TCG & Pok\u00e9mon en Suisse \u2713 Livraison gratuite d\u00e8s CHF 29","breadcrumb":{"@id":"https:\/\/theuncommonshop.ch\/fr\/product\/riftbound-league-of-legends-tcg-vendetta-booster-display\/#breadcrumb"},"inLanguage":"fr-FR","potentialAction":[{"@type":"ReadAction","target":["https:\/\/theuncommonshop.ch\/fr\/product\/riftbound-league-of-legends-tcg-vendetta-booster-display\/"]}]},{"@type":"ImageObject","inLanguage":"fr-FR","@id":"https:\/\/theuncommonshop.ch\/fr\/product\/riftbound-league-of-legends-tcg-vendetta-booster-display\/#primaryimage","url":"https:\/\/theuncommonshop.ch\/wp-content\/uploads\/2026\/04\/LoL-Vendetta-Display-.jpg","contentUrl":"https:\/\/theuncommonshop.ch\/wp-content\/uploads\/2026\/04\/LoL-Vendetta-Display-.jpg","width":1024,"height":1024,"caption":"Affichage de LoL Vendetta"},{"@type":"BreadcrumbList","@id":"https:\/\/theuncommonshop.ch\/fr\/product\/riftbound-league-of-legends-tcg-vendetta-booster-display\/#breadcrumb","itemListElement":[{"@type":"ListItem","position":1,"name":"Accueil","item":"https:\/\/theuncommonshop.ch\/fr\/accueil\/"},{"@type":"ListItem","position":2,"name":"Boutique","item":"https:\/\/theuncommonshop.ch\/fr\/boutique\/"},{"@type":"ListItem","position":3,"name":"Autres cartes \u00e0 collectionner","item":"https:\/\/theuncommonshop.ch\/fr\/categorie-produit\/autres-cartes-a-collectionner\/"},{"@type":"ListItem","position":4,"name":"League of Legends: Riftbound","item":"https:\/\/theuncommonshop.ch\/fr\/categorie-produit\/autres-cartes-a-collectionner\/league-of-legends-riftbound\/"},{"@type":"ListItem","position":5,"name":"Riftbound : League of Legends TCG &#8211; Vendetta &#8211; Booster Display"}]},{"@type":"WebSite","@id":"https:\/\/theuncommonshop.ch\/fr\/#website","url":"https:\/\/theuncommonshop.ch\/fr\/","name":"Largest trading card shop in Switzerland","description":"Magic, Pok\u00e9mon and Yu-gi-oh - The Uncommon Shop","potentialAction":[{"@type":"SearchAction","target":{"@type":"EntryPoint","urlTemplate":"https:\/\/theuncommonshop.ch\/fr\/?s={search_term_string}"},"query-input":{"@type":"PropertyValueSpecification","valueRequired":true,"valueName":"search_term_string"}}],"inLanguage":"fr-FR"}]},"product_price_amount":"129.95","product_price_currency":"CHF","og_availability":"out of stock","product_availability":"out of stock","product_retailer_item_id":"PRE.LeageOfLegendsVendettaDisplay.EN","product_condition":"new"},"_links":{"self":[{"href":"https:\/\/theuncommonshop.ch\/fr\/wp-json\/wp\/v2\/product\/367624","targetHints":{"allow":["GET"]}}],"collection":[{"href":"https:\/\/theuncommonshop.ch\/fr\/wp-json\/wp\/v2\/product"}],"about":[{"href":"https:\/\/theuncommonshop.ch\/fr\/wp-json\/wp\/v2\/types\/product"}],"replies":[{"embeddable":true,"href":"https:\/\/theuncommonshop.ch\/fr\/wp-json\/wp\/v2\/comments?post=367624"}],"version-history":[{"count":0,"href":"https:\/\/theuncommonshop.ch\/fr\/wp-json\/wp\/v2\/product\/367624\/revisions"}],"wp:featuredmedia":[{"embeddable":true,"href":"https:\/\/theuncommonshop.ch\/fr\/wp-json\/wp\/v2\/media\/367615"}],"wp:attachment":[{"href":"https:\/\/theuncommonshop.ch\/fr\/wp-json\/wp\/v2\/media?parent=367624"}],"wp:term":[{"taxonomy":"product_brand","embeddable":true,"href":"https:\/\/theuncommonshop.ch\/fr\/wp-json\/wp\/v2\/product_brand?post=367624"},{"taxonomy":"product_cat","embeddable":true,"href":"https:\/\/theuncommonshop.ch\/fr\/wp-json\/wp\/v2\/product_cat?post=367624"},{"taxonomy":"product_tag","embeddable":true,"href":"https:\/\/theuncommonshop.ch\/fr\/wp-json\/wp\/v2\/product_tag?post=367624"}],"curies":[{"name":"wp","href":"https:\/\/api.w.org\/{rel}","templated":true}]}}