{"id":367610,"date":"2026-04-10T00:09:35","date_gmt":"2026-04-09T22:09:35","guid":{"rendered":"https:\/\/theuncommonshop.ch\/product\/riftbound-league-of-legends-tcg-vendetta-vault-bundle\/"},"modified":"2026-04-10T00:09:35","modified_gmt":"2026-04-09T22:09:35","slug":"riftbound-league-of-legends-tcg-vendetta-vault-bundle","status":"publish","type":"product","link":"https:\/\/theuncommonshop.ch\/fr\/product\/riftbound-league-of-legends-tcg-vendetta-vault-bundle\/","title":{"rendered":"Riftbound : League of Legends TCG &#8211; Vendetta &#8211; Vault Bundle"},"content":{"rendered":"<p><strong>Ouvrez le coffre-fort de Vendetta !<\/strong><br \/>\nCe Bundle contient une grande vari\u00e9t\u00e9 de contenus, parfaits pour compl\u00e9ter une collection &#8220;Riftbound&#8221; en expansion sur<br \/>\n.<\/p>\n<p><strong>Emball\u00e9 dans une bo\u00eete de rangement de cartes, vous y trouverez :<\/strong><\/p>\n<ul>\n<li>6 Booster Packs de &#8220;Riftbound Set 4 : Vendetta&#8221;.<\/li>\n<li>36 runes de base pour renforcer vos decks<\/li>\n<li>3 pions double face full-art.<\/li>\n<\/ul>\n<p><strong>Enrichissez votre collection !  <\/strong><\/p>\n","protected":false},"excerpt":{"rendered":"<p>Ouvrez le coffre-fort de Vendetta ! Ce Bundle contient une grande vari\u00e9t\u00e9 de contenus, parfaits pour compl\u00e9ter une collection &#8220;Riftbound&#8221;<\/p>\n","protected":false},"featured_media":367599,"comment_status":"open","ping_status":"closed","template":"","meta":{"_acf_changed":false},"product_brand":[5152],"product_cat":[9785,9981],"product_tag":[],"class_list":{"0":"post-367610","1":"product","2":"type-product","3":"status-publish","4":"has-post-thumbnail","6":"product_brand-league-of-legends-riftbound","7":"product_cat-autres-cartes-a-collectionner","8":"product_cat-league-of-legends-riftbound","10":"first","11":"outofstock","12":"taxable","13":"shipping-taxable","14":"purchasable","15":"product-type-simple"},"acf":[],"yoast_head":"<!-- This site is optimized with the Yoast SEO plugin v27.3 - https:\/\/yoast.com\/product\/yoast-seo-wordpress\/ -->\n<title>Ach\u00e8te Riftbound : League of Legends TCG - Vendetta - Vault Bundle<\/title>\n<meta name=\"description\" content=\"Ach\u00e8te Riftbound : League of Legends TCG - Vendetta - Vault Bundle en ligne maintenant \u00e0 petit prix! Ton #1 shop pour cartes TCG &amp; Pok\u00e9mon en Suisse \u2713 Livraison gratuite d\u00e8s CHF 29\" \/>\n<meta name=\"robots\" content=\"index, follow, max-snippet:-1, max-image-preview:large, max-video-preview:-1\" \/>\n<link rel=\"canonical\" href=\"https:\/\/theuncommonshop.ch\/fr\/product\/riftbound-league-of-legends-tcg-vendetta-vault-bundle\/\" \/>\n<meta property=\"og:locale\" content=\"fr_FR\" \/>\n<meta property=\"og:type\" content=\"article\" \/>\n<meta property=\"og:title\" content=\"Ach\u00e8te Riftbound : League of Legends TCG - Vendetta - Vault Bundle\" \/>\n<meta property=\"og:description\" content=\"Ach\u00e8te Riftbound : League of Legends TCG - Vendetta - Vault Bundle en ligne maintenant \u00e0 petit prix! Ton #1 shop pour cartes TCG &amp; Pok\u00e9mon en Suisse \u2713 Livraison gratuite d\u00e8s CHF 29\" \/>\n<meta property=\"og:url\" content=\"https:\/\/theuncommonshop.ch\/fr\/product\/riftbound-league-of-legends-tcg-vendetta-vault-bundle\/\" \/>\n<meta property=\"og:site_name\" content=\"Largest trading card shop in Switzerland\" \/>\n<meta property=\"og:image\" content=\"https:\/\/theuncommonshop.ch\/wp-content\/uploads\/2026\/04\/LoL-Vendetta-Vault-Bundle.webp\" \/>\n\t<meta property=\"og:image:width\" content=\"1000\" \/>\n\t<meta property=\"og:image:height\" content=\"1000\" \/>\n\t<meta property=\"og:image:type\" content=\"image\/webp\" \/>\n<meta name=\"twitter:card\" content=\"summary_large_image\" \/>\n<meta name=\"twitter:label1\" content=\"Prix\" \/>\n\t<meta name=\"twitter:data1\" content=\"&#067;&#072;&#070;&nbsp;44.95\" \/>\n\t<meta name=\"twitter:label2\" content=\"Disponibilit\u00e9\" \/>\n\t<meta name=\"twitter:data2\" content=\"Rupture de stock\" \/>\n<script type=\"application\/ld+json\" class=\"yoast-schema-graph\">{\"@context\":\"https:\\\/\\\/schema.org\",\"@graph\":[{\"@type\":\"WebPage\",\"@id\":\"https:\\\/\\\/theuncommonshop.ch\\\/fr\\\/product\\\/riftbound-league-of-legends-tcg-vendetta-vault-bundle\\\/\",\"url\":\"https:\\\/\\\/theuncommonshop.ch\\\/fr\\\/product\\\/riftbound-league-of-legends-tcg-vendetta-vault-bundle\\\/\",\"name\":\"Ach\u00e8te Riftbound : League of Legends TCG - Vendetta - Vault Bundle\",\"isPartOf\":{\"@id\":\"https:\\\/\\\/theuncommonshop.ch\\\/fr\\\/#website\"},\"primaryImageOfPage\":{\"@id\":\"https:\\\/\\\/theuncommonshop.ch\\\/fr\\\/product\\\/riftbound-league-of-legends-tcg-vendetta-vault-bundle\\\/#primaryimage\"},\"image\":{\"@id\":\"https:\\\/\\\/theuncommonshop.ch\\\/fr\\\/product\\\/riftbound-league-of-legends-tcg-vendetta-vault-bundle\\\/#primaryimage\"},\"thumbnailUrl\":\"https:\\\/\\\/theuncommonshop.ch\\\/wp-content\\\/uploads\\\/2026\\\/04\\\/LoL-Vendetta-Vault-Bundle.webp\",\"datePublished\":\"2026-04-09T22:09:35+00:00\",\"description\":\"Ach\u00e8te Riftbound : League of Legends TCG - Vendetta - Vault Bundle en ligne maintenant \u00e0 petit prix! Ton #1 shop pour cartes TCG & Pok\u00e9mon en Suisse \u2713 Livraison gratuite d\u00e8s CHF 29\",\"breadcrumb\":{\"@id\":\"https:\\\/\\\/theuncommonshop.ch\\\/fr\\\/product\\\/riftbound-league-of-legends-tcg-vendetta-vault-bundle\\\/#breadcrumb\"},\"inLanguage\":\"fr-FR\",\"potentialAction\":[{\"@type\":\"ReadAction\",\"target\":[\"https:\\\/\\\/theuncommonshop.ch\\\/fr\\\/product\\\/riftbound-league-of-legends-tcg-vendetta-vault-bundle\\\/\"]}]},{\"@type\":\"ImageObject\",\"inLanguage\":\"fr-FR\",\"@id\":\"https:\\\/\\\/theuncommonshop.ch\\\/fr\\\/product\\\/riftbound-league-of-legends-tcg-vendetta-vault-bundle\\\/#primaryimage\",\"url\":\"https:\\\/\\\/theuncommonshop.ch\\\/wp-content\\\/uploads\\\/2026\\\/04\\\/LoL-Vendetta-Vault-Bundle.webp\",\"contentUrl\":\"https:\\\/\\\/theuncommonshop.ch\\\/wp-content\\\/uploads\\\/2026\\\/04\\\/LoL-Vendetta-Vault-Bundle.webp\",\"width\":1000,\"height\":1000,\"caption\":\"Bundle LoL Vendetta Vault\"},{\"@type\":\"BreadcrumbList\",\"@id\":\"https:\\\/\\\/theuncommonshop.ch\\\/fr\\\/product\\\/riftbound-league-of-legends-tcg-vendetta-vault-bundle\\\/#breadcrumb\",\"itemListElement\":[{\"@type\":\"ListItem\",\"position\":1,\"name\":\"Accueil\",\"item\":\"https:\\\/\\\/theuncommonshop.ch\\\/fr\\\/accueil\\\/\"},{\"@type\":\"ListItem\",\"position\":2,\"name\":\"Boutique\",\"item\":\"https:\\\/\\\/theuncommonshop.ch\\\/fr\\\/boutique\\\/\"},{\"@type\":\"ListItem\",\"position\":3,\"name\":\"Autres cartes \u00e0 collectionner\",\"item\":\"https:\\\/\\\/theuncommonshop.ch\\\/fr\\\/categorie-produit\\\/autres-cartes-a-collectionner\\\/\"},{\"@type\":\"ListItem\",\"position\":4,\"name\":\"League of Legends: Riftbound\",\"item\":\"https:\\\/\\\/theuncommonshop.ch\\\/fr\\\/categorie-produit\\\/autres-cartes-a-collectionner\\\/league-of-legends-riftbound\\\/\"},{\"@type\":\"ListItem\",\"position\":5,\"name\":\"Riftbound : League of Legends TCG &#8211; Vendetta &#8211; Vault Bundle\"}]},{\"@type\":\"WebSite\",\"@id\":\"https:\\\/\\\/theuncommonshop.ch\\\/fr\\\/#website\",\"url\":\"https:\\\/\\\/theuncommonshop.ch\\\/fr\\\/\",\"name\":\"Largest trading card shop in Switzerland\",\"description\":\"Magic, Pok\u00e9mon and Yu-gi-oh - The Uncommon Shop\",\"potentialAction\":[{\"@type\":\"SearchAction\",\"target\":{\"@type\":\"EntryPoint\",\"urlTemplate\":\"https:\\\/\\\/theuncommonshop.ch\\\/fr\\\/?s={search_term_string}\"},\"query-input\":{\"@type\":\"PropertyValueSpecification\",\"valueRequired\":true,\"valueName\":\"search_term_string\"}}],\"inLanguage\":\"fr-FR\"}]}<\/script>\n<meta property=\"product:price:amount\" content=\"44.95\" \/>\n<meta property=\"product:price:currency\" content=\"CHF\" \/>\n<meta property=\"og:availability\" content=\"out of stock\" \/>\n<meta property=\"product:availability\" content=\"out of stock\" \/>\n<meta property=\"product:retailer_item_id\" content=\"PRE.LeageOfLegendsVendettaVault.EN\" \/>\n<meta property=\"product:condition\" content=\"new\" \/>\n<!-- \/ Yoast SEO plugin. -->","yoast_head_json":{"title":"Ach\u00e8te Riftbound : League of Legends TCG - Vendetta - Vault Bundle","description":"Ach\u00e8te Riftbound : League of Legends TCG - Vendetta - Vault Bundle en ligne maintenant \u00e0 petit prix! Ton #1 shop pour cartes TCG & Pok\u00e9mon en Suisse \u2713 Livraison gratuite d\u00e8s CHF 29","robots":{"index":"index","follow":"follow","max-snippet":"max-snippet:-1","max-image-preview":"max-image-preview:large","max-video-preview":"max-video-preview:-1"},"canonical":"https:\/\/theuncommonshop.ch\/fr\/product\/riftbound-league-of-legends-tcg-vendetta-vault-bundle\/","og_locale":"fr_FR","og_type":"article","og_title":"Ach\u00e8te Riftbound : League of Legends TCG - Vendetta - Vault Bundle","og_description":"Ach\u00e8te Riftbound : League of Legends TCG - Vendetta - Vault Bundle en ligne maintenant \u00e0 petit prix! Ton #1 shop pour cartes TCG & Pok\u00e9mon en Suisse \u2713 Livraison gratuite d\u00e8s CHF 29","og_url":"https:\/\/theuncommonshop.ch\/fr\/product\/riftbound-league-of-legends-tcg-vendetta-vault-bundle\/","og_site_name":"Largest trading card shop in Switzerland","og_image":[{"width":1000,"height":1000,"url":"https:\/\/theuncommonshop.ch\/wp-content\/uploads\/2026\/04\/LoL-Vendetta-Vault-Bundle.webp","type":"image\/webp"}],"twitter_card":"summary_large_image","twitter_misc":{"Prix":"&#67;&#72;&#70;&nbsp;44.95","Disponibilit\u00e9":"Rupture de stock"},"schema":{"@context":"https:\/\/schema.org","@graph":[{"@type":"WebPage","@id":"https:\/\/theuncommonshop.ch\/fr\/product\/riftbound-league-of-legends-tcg-vendetta-vault-bundle\/","url":"https:\/\/theuncommonshop.ch\/fr\/product\/riftbound-league-of-legends-tcg-vendetta-vault-bundle\/","name":"Ach\u00e8te Riftbound : League of Legends TCG - Vendetta - Vault Bundle","isPartOf":{"@id":"https:\/\/theuncommonshop.ch\/fr\/#website"},"primaryImageOfPage":{"@id":"https:\/\/theuncommonshop.ch\/fr\/product\/riftbound-league-of-legends-tcg-vendetta-vault-bundle\/#primaryimage"},"image":{"@id":"https:\/\/theuncommonshop.ch\/fr\/product\/riftbound-league-of-legends-tcg-vendetta-vault-bundle\/#primaryimage"},"thumbnailUrl":"https:\/\/theuncommonshop.ch\/wp-content\/uploads\/2026\/04\/LoL-Vendetta-Vault-Bundle.webp","datePublished":"2026-04-09T22:09:35+00:00","description":"Ach\u00e8te Riftbound : League of Legends TCG - Vendetta - Vault Bundle en ligne maintenant \u00e0 petit prix! Ton #1 shop pour cartes TCG & Pok\u00e9mon en Suisse \u2713 Livraison gratuite d\u00e8s CHF 29","breadcrumb":{"@id":"https:\/\/theuncommonshop.ch\/fr\/product\/riftbound-league-of-legends-tcg-vendetta-vault-bundle\/#breadcrumb"},"inLanguage":"fr-FR","potentialAction":[{"@type":"ReadAction","target":["https:\/\/theuncommonshop.ch\/fr\/product\/riftbound-league-of-legends-tcg-vendetta-vault-bundle\/"]}]},{"@type":"ImageObject","inLanguage":"fr-FR","@id":"https:\/\/theuncommonshop.ch\/fr\/product\/riftbound-league-of-legends-tcg-vendetta-vault-bundle\/#primaryimage","url":"https:\/\/theuncommonshop.ch\/wp-content\/uploads\/2026\/04\/LoL-Vendetta-Vault-Bundle.webp","contentUrl":"https:\/\/theuncommonshop.ch\/wp-content\/uploads\/2026\/04\/LoL-Vendetta-Vault-Bundle.webp","width":1000,"height":1000,"caption":"Bundle LoL Vendetta Vault"},{"@type":"BreadcrumbList","@id":"https:\/\/theuncommonshop.ch\/fr\/product\/riftbound-league-of-legends-tcg-vendetta-vault-bundle\/#breadcrumb","itemListElement":[{"@type":"ListItem","position":1,"name":"Accueil","item":"https:\/\/theuncommonshop.ch\/fr\/accueil\/"},{"@type":"ListItem","position":2,"name":"Boutique","item":"https:\/\/theuncommonshop.ch\/fr\/boutique\/"},{"@type":"ListItem","position":3,"name":"Autres cartes \u00e0 collectionner","item":"https:\/\/theuncommonshop.ch\/fr\/categorie-produit\/autres-cartes-a-collectionner\/"},{"@type":"ListItem","position":4,"name":"League of Legends: Riftbound","item":"https:\/\/theuncommonshop.ch\/fr\/categorie-produit\/autres-cartes-a-collectionner\/league-of-legends-riftbound\/"},{"@type":"ListItem","position":5,"name":"Riftbound : League of Legends TCG &#8211; Vendetta &#8211; Vault Bundle"}]},{"@type":"WebSite","@id":"https:\/\/theuncommonshop.ch\/fr\/#website","url":"https:\/\/theuncommonshop.ch\/fr\/","name":"Largest trading card shop in Switzerland","description":"Magic, Pok\u00e9mon and Yu-gi-oh - The Uncommon Shop","potentialAction":[{"@type":"SearchAction","target":{"@type":"EntryPoint","urlTemplate":"https:\/\/theuncommonshop.ch\/fr\/?s={search_term_string}"},"query-input":{"@type":"PropertyValueSpecification","valueRequired":true,"valueName":"search_term_string"}}],"inLanguage":"fr-FR"}]},"product_price_amount":"44.95","product_price_currency":"CHF","og_availability":"out of stock","product_availability":"out of stock","product_retailer_item_id":"PRE.LeageOfLegendsVendettaVault.EN","product_condition":"new"},"_links":{"self":[{"href":"https:\/\/theuncommonshop.ch\/fr\/wp-json\/wp\/v2\/product\/367610","targetHints":{"allow":["GET"]}}],"collection":[{"href":"https:\/\/theuncommonshop.ch\/fr\/wp-json\/wp\/v2\/product"}],"about":[{"href":"https:\/\/theuncommonshop.ch\/fr\/wp-json\/wp\/v2\/types\/product"}],"replies":[{"embeddable":true,"href":"https:\/\/theuncommonshop.ch\/fr\/wp-json\/wp\/v2\/comments?post=367610"}],"version-history":[{"count":0,"href":"https:\/\/theuncommonshop.ch\/fr\/wp-json\/wp\/v2\/product\/367610\/revisions"}],"wp:featuredmedia":[{"embeddable":true,"href":"https:\/\/theuncommonshop.ch\/fr\/wp-json\/wp\/v2\/media\/367599"}],"wp:attachment":[{"href":"https:\/\/theuncommonshop.ch\/fr\/wp-json\/wp\/v2\/media?parent=367610"}],"wp:term":[{"taxonomy":"product_brand","embeddable":true,"href":"https:\/\/theuncommonshop.ch\/fr\/wp-json\/wp\/v2\/product_brand?post=367610"},{"taxonomy":"product_cat","embeddable":true,"href":"https:\/\/theuncommonshop.ch\/fr\/wp-json\/wp\/v2\/product_cat?post=367610"},{"taxonomy":"product_tag","embeddable":true,"href":"https:\/\/theuncommonshop.ch\/fr\/wp-json\/wp\/v2\/product_tag?post=367610"}],"curies":[{"name":"wp","href":"https:\/\/api.w.org\/{rel}","templated":true}]}}