{"id":367480,"date":"2026-04-09T15:56:06","date_gmt":"2026-04-09T13:56:06","guid":{"rendered":"https:\/\/theuncommonshop.ch\/product\/pokemon-black-white-tempete-de-plasma-bw08-booster-packs\/"},"modified":"2026-04-09T16:03:20","modified_gmt":"2026-04-09T14:03:20","slug":"pokemon-black-white-tempete-de-plasma-bw08-booster-packs","status":"publish","type":"product","link":"https:\/\/theuncommonshop.ch\/fr\/product\/pokemon-black-white-tempete-de-plasma-bw08-booster-packs\/","title":{"rendered":"Pok\u00e9mon &#8211; Black &amp; White &#8211; Temp\u00eate de Plasma (BW08) &#8211; Booster Packs"},"content":{"rendered":"<p><b>Contenu :<\/b><\/p>\n<ul>\n<li><b>10 cartes \u00e0 jouer<\/b> de l&#8217;extension <i>Temp\u00eate de plasma,<\/i> choisies <b>au hasard<\/b> (dont 1 carte rare et 1 carte Reverse Holo garanties).<\/li>\n<li><b>1 carte de code<\/b> pour le Jeu de Cartes \u00e0 Collectionner Pok\u00e9mon en direct (\u00e0 l&#8217;origine pour le TCG Pok\u00e9mon en ligne).<\/li>\n<\/ul>\n<p><b>Remarque :<\/b><\/p>\n<ul>\n<li>Comme le set est sorti en 2013, les boosters non ouverts sont aujourd&#8217;hui des objets de collection tr\u00e8s recherch\u00e9s. Parmi les cartes les plus pr\u00e9cieuses du set, on trouve notamment le tr\u00e8s convoit\u00e9 <i>Dracaufeu<\/i> (Secret Rare). <\/li>\n<\/ul>\n","protected":false},"excerpt":{"rendered":"<p>Contenu : 10 cartes \u00e0 jouer de l&#8217;extension Temp\u00eate de plasma, choisies au hasard (dont 1 carte rare et 1<\/p>\n","protected":false},"featured_media":367475,"comment_status":"open","ping_status":"closed","template":"","meta":{"_acf_changed":false},"product_brand":[5114,5072],"product_cat":[9807,10057,9823,9777],"product_tag":[],"class_list":{"0":"post-367480","1":"product","2":"type-product","3":"status-publish","4":"has-post-thumbnail","6":"product_brand-pokemon","7":"product_brand-the-pokemon-company","8":"product_cat-booster-packs-pokemon","9":"product_cat-booster-packs-international-fr","10":"product_cat-investissements","11":"product_cat-pokemon-fr","13":"first","14":"instock","15":"taxable","16":"shipping-taxable","17":"purchasable","18":"product-type-simple"},"acf":[],"yoast_head":"<!-- This site is optimized with the Yoast SEO plugin v27.3 - https:\/\/yoast.com\/product\/yoast-seo-wordpress\/ -->\n<title>Ach\u00e8te Pok\u00e9mon - Black &amp; White - Temp\u00eate de Plasma (BW08) - Booster Packs<\/title>\n<meta name=\"description\" content=\"Ach\u00e8te Pok\u00e9mon - Black &amp; White - Temp\u00eate de Plasma (BW08) - Booster Packs en ligne maintenant \u00e0 petit prix! Ton #1 shop pour cartes TCG &amp; Pok\u00e9mon en Suisse \u2713 Livraison gratuite d\u00e8s CHF 29\" \/>\n<meta name=\"robots\" content=\"index, follow, max-snippet:-1, max-image-preview:large, max-video-preview:-1\" \/>\n<link rel=\"canonical\" href=\"https:\/\/theuncommonshop.ch\/fr\/product\/pokemon-black-white-tempete-de-plasma-bw08-booster-packs\/\" \/>\n<meta property=\"og:locale\" content=\"fr_FR\" \/>\n<meta property=\"og:type\" content=\"article\" \/>\n<meta property=\"og:title\" content=\"Ach\u00e8te Pok\u00e9mon - Black &amp; White - Temp\u00eate de Plasma (BW08) - Booster Packs\" \/>\n<meta property=\"og:description\" content=\"Ach\u00e8te Pok\u00e9mon - Black &amp; White - Temp\u00eate de Plasma (BW08) - Booster Packs en ligne maintenant \u00e0 petit prix! Ton #1 shop pour cartes TCG &amp; Pok\u00e9mon en Suisse \u2713 Livraison gratuite d\u00e8s CHF 29\" \/>\n<meta property=\"og:url\" content=\"https:\/\/theuncommonshop.ch\/fr\/product\/pokemon-black-white-tempete-de-plasma-bw08-booster-packs\/\" \/>\n<meta property=\"og:site_name\" content=\"Largest trading card shop in Switzerland\" \/>\n<meta property=\"article:modified_time\" content=\"2026-04-09T14:03:20+00:00\" \/>\n<meta property=\"og:image\" content=\"https:\/\/theuncommonshop.ch\/wp-content\/uploads\/2026\/04\/plasma-storm-liepard-booster-pack.webp\" \/>\n\t<meta property=\"og:image:width\" content=\"535\" \/>\n\t<meta property=\"og:image:height\" content=\"535\" \/>\n\t<meta property=\"og:image:type\" content=\"image\/webp\" \/>\n<meta name=\"twitter:card\" content=\"summary_large_image\" \/>\n<meta name=\"twitter:label1\" content=\"Prix\" \/>\n\t<meta name=\"twitter:data1\" content=\"&#067;&#072;&#070;&nbsp;399.95\" \/>\n\t<meta name=\"twitter:label2\" content=\"Disponibilit\u00e9\" \/>\n\t<meta name=\"twitter:data2\" content=\"En stock\" \/>\n<script type=\"application\/ld+json\" class=\"yoast-schema-graph\">{\"@context\":\"https:\\\/\\\/schema.org\",\"@graph\":[{\"@type\":\"WebPage\",\"@id\":\"https:\\\/\\\/theuncommonshop.ch\\\/fr\\\/product\\\/pokemon-black-white-tempete-de-plasma-bw08-booster-packs\\\/\",\"url\":\"https:\\\/\\\/theuncommonshop.ch\\\/fr\\\/product\\\/pokemon-black-white-tempete-de-plasma-bw08-booster-packs\\\/\",\"name\":\"Ach\u00e8te Pok\u00e9mon - Black &amp; White - Temp\u00eate de Plasma (BW08) - Booster Packs\",\"isPartOf\":{\"@id\":\"https:\\\/\\\/theuncommonshop.ch\\\/fr\\\/#website\"},\"primaryImageOfPage\":{\"@id\":\"https:\\\/\\\/theuncommonshop.ch\\\/fr\\\/product\\\/pokemon-black-white-tempete-de-plasma-bw08-booster-packs\\\/#primaryimage\"},\"image\":{\"@id\":\"https:\\\/\\\/theuncommonshop.ch\\\/fr\\\/product\\\/pokemon-black-white-tempete-de-plasma-bw08-booster-packs\\\/#primaryimage\"},\"thumbnailUrl\":\"https:\\\/\\\/theuncommonshop.ch\\\/wp-content\\\/uploads\\\/2026\\\/04\\\/plasma-storm-liepard-booster-pack.webp\",\"datePublished\":\"2026-04-09T13:56:06+00:00\",\"dateModified\":\"2026-04-09T14:03:20+00:00\",\"description\":\"Ach\u00e8te Pok\u00e9mon - Black &amp; White - Temp\u00eate de Plasma (BW08) - Booster Packs en ligne maintenant \u00e0 petit prix! Ton #1 shop pour cartes TCG & Pok\u00e9mon en Suisse \u2713 Livraison gratuite d\u00e8s CHF 29\",\"breadcrumb\":{\"@id\":\"https:\\\/\\\/theuncommonshop.ch\\\/fr\\\/product\\\/pokemon-black-white-tempete-de-plasma-bw08-booster-packs\\\/#breadcrumb\"},\"inLanguage\":\"fr-FR\",\"potentialAction\":[{\"@type\":\"ReadAction\",\"target\":[\"https:\\\/\\\/theuncommonshop.ch\\\/fr\\\/product\\\/pokemon-black-white-tempete-de-plasma-bw08-booster-packs\\\/\"]}]},{\"@type\":\"ImageObject\",\"inLanguage\":\"fr-FR\",\"@id\":\"https:\\\/\\\/theuncommonshop.ch\\\/fr\\\/product\\\/pokemon-black-white-tempete-de-plasma-bw08-booster-packs\\\/#primaryimage\",\"url\":\"https:\\\/\\\/theuncommonshop.ch\\\/wp-content\\\/uploads\\\/2026\\\/04\\\/plasma-storm-liepard-booster-pack.webp\",\"contentUrl\":\"https:\\\/\\\/theuncommonshop.ch\\\/wp-content\\\/uploads\\\/2026\\\/04\\\/plasma-storm-liepard-booster-pack.webp\",\"width\":535,\"height\":535,\"caption\":\"plasma storm liepard Booster Packs\"},{\"@type\":\"BreadcrumbList\",\"@id\":\"https:\\\/\\\/theuncommonshop.ch\\\/fr\\\/product\\\/pokemon-black-white-tempete-de-plasma-bw08-booster-packs\\\/#breadcrumb\",\"itemListElement\":[{\"@type\":\"ListItem\",\"position\":1,\"name\":\"Accueil\",\"item\":\"https:\\\/\\\/theuncommonshop.ch\\\/fr\\\/accueil\\\/\"},{\"@type\":\"ListItem\",\"position\":2,\"name\":\"Boutique\",\"item\":\"https:\\\/\\\/theuncommonshop.ch\\\/fr\\\/boutique\\\/\"},{\"@type\":\"ListItem\",\"position\":3,\"name\":\"Pok\u00e9mon\",\"item\":\"https:\\\/\\\/theuncommonshop.ch\\\/fr\\\/categorie-produit\\\/pokemon-fr\\\/\"},{\"@type\":\"ListItem\",\"position\":4,\"name\":\"Pok\u00e9mon &#8211; Black &amp; White &#8211; Temp\u00eate de Plasma (BW08) &#8211; Booster Packs\"}]},{\"@type\":\"WebSite\",\"@id\":\"https:\\\/\\\/theuncommonshop.ch\\\/fr\\\/#website\",\"url\":\"https:\\\/\\\/theuncommonshop.ch\\\/fr\\\/\",\"name\":\"Largest trading card shop in Switzerland\",\"description\":\"Magic, Pok\u00e9mon and Yu-gi-oh - The Uncommon Shop\",\"potentialAction\":[{\"@type\":\"SearchAction\",\"target\":{\"@type\":\"EntryPoint\",\"urlTemplate\":\"https:\\\/\\\/theuncommonshop.ch\\\/fr\\\/?s={search_term_string}\"},\"query-input\":{\"@type\":\"PropertyValueSpecification\",\"valueRequired\":true,\"valueName\":\"search_term_string\"}}],\"inLanguage\":\"fr-FR\"}]}<\/script>\n<meta property=\"product:price:amount\" content=\"399.95\" \/>\n<meta property=\"product:price:currency\" content=\"CHF\" \/>\n<meta property=\"og:availability\" content=\"instock\" \/>\n<meta property=\"product:availability\" content=\"instock\" \/>\n<meta property=\"product:condition\" content=\"new\" \/>\n<!-- \/ Yoast SEO plugin. -->","yoast_head_json":{"title":"Ach\u00e8te Pok\u00e9mon - Black &amp; White - Temp\u00eate de Plasma (BW08) - Booster Packs","description":"Ach\u00e8te Pok\u00e9mon - Black &amp; White - Temp\u00eate de Plasma (BW08) - Booster Packs en ligne maintenant \u00e0 petit prix! Ton #1 shop pour cartes TCG & Pok\u00e9mon en Suisse \u2713 Livraison gratuite d\u00e8s CHF 29","robots":{"index":"index","follow":"follow","max-snippet":"max-snippet:-1","max-image-preview":"max-image-preview:large","max-video-preview":"max-video-preview:-1"},"canonical":"https:\/\/theuncommonshop.ch\/fr\/product\/pokemon-black-white-tempete-de-plasma-bw08-booster-packs\/","og_locale":"fr_FR","og_type":"article","og_title":"Ach\u00e8te Pok\u00e9mon - Black &amp; White - Temp\u00eate de Plasma (BW08) - Booster Packs","og_description":"Ach\u00e8te Pok\u00e9mon - Black &amp; White - Temp\u00eate de Plasma (BW08) - Booster Packs en ligne maintenant \u00e0 petit prix! Ton #1 shop pour cartes TCG & Pok\u00e9mon en Suisse \u2713 Livraison gratuite d\u00e8s CHF 29","og_url":"https:\/\/theuncommonshop.ch\/fr\/product\/pokemon-black-white-tempete-de-plasma-bw08-booster-packs\/","og_site_name":"Largest trading card shop in Switzerland","article_modified_time":"2026-04-09T14:03:20+00:00","og_image":[{"width":535,"height":535,"url":"https:\/\/theuncommonshop.ch\/wp-content\/uploads\/2026\/04\/plasma-storm-liepard-booster-pack.webp","type":"image\/webp"}],"twitter_card":"summary_large_image","twitter_misc":{"Prix":"&#67;&#72;&#70;&nbsp;399.95","Disponibilit\u00e9":"En stock"},"schema":{"@context":"https:\/\/schema.org","@graph":[{"@type":"WebPage","@id":"https:\/\/theuncommonshop.ch\/fr\/product\/pokemon-black-white-tempete-de-plasma-bw08-booster-packs\/","url":"https:\/\/theuncommonshop.ch\/fr\/product\/pokemon-black-white-tempete-de-plasma-bw08-booster-packs\/","name":"Ach\u00e8te Pok\u00e9mon - Black &amp; White - Temp\u00eate de Plasma (BW08) - Booster Packs","isPartOf":{"@id":"https:\/\/theuncommonshop.ch\/fr\/#website"},"primaryImageOfPage":{"@id":"https:\/\/theuncommonshop.ch\/fr\/product\/pokemon-black-white-tempete-de-plasma-bw08-booster-packs\/#primaryimage"},"image":{"@id":"https:\/\/theuncommonshop.ch\/fr\/product\/pokemon-black-white-tempete-de-plasma-bw08-booster-packs\/#primaryimage"},"thumbnailUrl":"https:\/\/theuncommonshop.ch\/wp-content\/uploads\/2026\/04\/plasma-storm-liepard-booster-pack.webp","datePublished":"2026-04-09T13:56:06+00:00","dateModified":"2026-04-09T14:03:20+00:00","description":"Ach\u00e8te Pok\u00e9mon - Black &amp; White - Temp\u00eate de Plasma (BW08) - Booster Packs en ligne maintenant \u00e0 petit prix! Ton #1 shop pour cartes TCG & Pok\u00e9mon en Suisse \u2713 Livraison gratuite d\u00e8s CHF 29","breadcrumb":{"@id":"https:\/\/theuncommonshop.ch\/fr\/product\/pokemon-black-white-tempete-de-plasma-bw08-booster-packs\/#breadcrumb"},"inLanguage":"fr-FR","potentialAction":[{"@type":"ReadAction","target":["https:\/\/theuncommonshop.ch\/fr\/product\/pokemon-black-white-tempete-de-plasma-bw08-booster-packs\/"]}]},{"@type":"ImageObject","inLanguage":"fr-FR","@id":"https:\/\/theuncommonshop.ch\/fr\/product\/pokemon-black-white-tempete-de-plasma-bw08-booster-packs\/#primaryimage","url":"https:\/\/theuncommonshop.ch\/wp-content\/uploads\/2026\/04\/plasma-storm-liepard-booster-pack.webp","contentUrl":"https:\/\/theuncommonshop.ch\/wp-content\/uploads\/2026\/04\/plasma-storm-liepard-booster-pack.webp","width":535,"height":535,"caption":"plasma storm liepard Booster Packs"},{"@type":"BreadcrumbList","@id":"https:\/\/theuncommonshop.ch\/fr\/product\/pokemon-black-white-tempete-de-plasma-bw08-booster-packs\/#breadcrumb","itemListElement":[{"@type":"ListItem","position":1,"name":"Accueil","item":"https:\/\/theuncommonshop.ch\/fr\/accueil\/"},{"@type":"ListItem","position":2,"name":"Boutique","item":"https:\/\/theuncommonshop.ch\/fr\/boutique\/"},{"@type":"ListItem","position":3,"name":"Pok\u00e9mon","item":"https:\/\/theuncommonshop.ch\/fr\/categorie-produit\/pokemon-fr\/"},{"@type":"ListItem","position":4,"name":"Pok\u00e9mon &#8211; Black &amp; White &#8211; Temp\u00eate de Plasma (BW08) &#8211; Booster Packs"}]},{"@type":"WebSite","@id":"https:\/\/theuncommonshop.ch\/fr\/#website","url":"https:\/\/theuncommonshop.ch\/fr\/","name":"Largest trading card shop in Switzerland","description":"Magic, Pok\u00e9mon and Yu-gi-oh - The Uncommon Shop","potentialAction":[{"@type":"SearchAction","target":{"@type":"EntryPoint","urlTemplate":"https:\/\/theuncommonshop.ch\/fr\/?s={search_term_string}"},"query-input":{"@type":"PropertyValueSpecification","valueRequired":true,"valueName":"search_term_string"}}],"inLanguage":"fr-FR"}]},"product_price_amount":"399.95","product_price_currency":"CHF","og_availability":"instock","product_availability":"instock","product_condition":"new"},"_links":{"self":[{"href":"https:\/\/theuncommonshop.ch\/fr\/wp-json\/wp\/v2\/product\/367480","targetHints":{"allow":["GET"]}}],"collection":[{"href":"https:\/\/theuncommonshop.ch\/fr\/wp-json\/wp\/v2\/product"}],"about":[{"href":"https:\/\/theuncommonshop.ch\/fr\/wp-json\/wp\/v2\/types\/product"}],"replies":[{"embeddable":true,"href":"https:\/\/theuncommonshop.ch\/fr\/wp-json\/wp\/v2\/comments?post=367480"}],"version-history":[{"count":1,"href":"https:\/\/theuncommonshop.ch\/fr\/wp-json\/wp\/v2\/product\/367480\/revisions"}],"predecessor-version":[{"id":367482,"href":"https:\/\/theuncommonshop.ch\/fr\/wp-json\/wp\/v2\/product\/367480\/revisions\/367482"}],"wp:featuredmedia":[{"embeddable":true,"href":"https:\/\/theuncommonshop.ch\/fr\/wp-json\/wp\/v2\/media\/367475"}],"wp:attachment":[{"href":"https:\/\/theuncommonshop.ch\/fr\/wp-json\/wp\/v2\/media?parent=367480"}],"wp:term":[{"taxonomy":"product_brand","embeddable":true,"href":"https:\/\/theuncommonshop.ch\/fr\/wp-json\/wp\/v2\/product_brand?post=367480"},{"taxonomy":"product_cat","embeddable":true,"href":"https:\/\/theuncommonshop.ch\/fr\/wp-json\/wp\/v2\/product_cat?post=367480"},{"taxonomy":"product_tag","embeddable":true,"href":"https:\/\/theuncommonshop.ch\/fr\/wp-json\/wp\/v2\/product_tag?post=367480"}],"curies":[{"name":"wp","href":"https:\/\/api.w.org\/{rel}","templated":true}]}}