{"id":367236,"date":"2026-03-07T15:15:05","date_gmt":"2026-03-07T14:15:05","guid":{"rendered":"https:\/\/theuncommonshop.ch\/product\/sorcery-tcg-contested-realm-gothic-preconstructed-deck-set-prophets-of-doom\/"},"modified":"2026-03-07T15:15:05","modified_gmt":"2026-03-07T14:15:05","slug":"sorcery-tcg-contested-realm-gothic-preconstructed-deck-set-prophets-of-doom","status":"publish","type":"product","link":"https:\/\/theuncommonshop.ch\/fr\/product\/sorcery-tcg-contested-realm-gothic-preconstructed-deck-set-prophets-of-doom\/","title":{"rendered":"Sorcery TCG &#8211; Contested Realm &#8211; Gothic &#8211; Preconstructed Deck Set &#8211; Prophets of Doom"},"content":{"rendered":"<p>Ces quatre tout nouveaux decks Gothic pr\u00e9-construits contiennent des versions artistiques exclusives de Dan Seagrave de quatre de nos nouveaux avatars. Con\u00e7us \u00e0 la fois pour les nouveaux joueurs et les joueurs exp\u00e9riment\u00e9s, ces decks \u00e0 double \u00e9l\u00e9ment permettent aux joueurs de se mesurer les uns aux autres dans l&#8217;apprentissage des nouvelles m\u00e9caniques, mais servent \u00e9galement de base \u00e0 la construction du nouveau set. Avec le N\u00e9cromancien, r\u00e9veillez les morts qui ne trouvent pas le repos. Faites s&#8217;obscurcir le ciel avec le h\u00e9raut Omen. Chassez la corruption et accusez les damn\u00e9s avec le Pers\u00e9cuteur. Ou fais office de bouclier pour les innocents avec le Sauveur.     <\/p>\n<p>Le deck set pr\u00e9-construit Prophets of Doom est con\u00e7u comme un &#8220;jeu dans la bo\u00eete&#8221; et offre une incroyable rejouabilit\u00e9 avec ces decks d&#8217;entr\u00e9e de gamme.<\/p>\n","protected":false},"excerpt":{"rendered":"<p>Ces quatre tout nouveaux decks Gothic pr\u00e9-construits contiennent des versions artistiques exclusives de Dan Seagrave de quatre de nos nouveaux<\/p>\n","protected":false},"featured_media":303432,"comment_status":"open","ping_status":"closed","template":"","meta":{"_acf_changed":false},"product_brand":[5128],"product_cat":[9785,9951],"product_tag":[],"class_list":{"0":"post-367236","1":"product","2":"type-product","3":"status-publish","4":"has-post-thumbnail","6":"product_brand-eriks-curiosa-limited","7":"product_cat-autres-cartes-a-collectionner","8":"product_cat-sorcery","10":"first","11":"instock","12":"taxable","13":"shipping-taxable","14":"purchasable","15":"product-type-simple"},"acf":[],"yoast_head":"<!-- This site is optimized with the Yoast SEO plugin v27.4 - https:\/\/yoast.com\/product\/yoast-seo-wordpress\/ -->\n<title>Ach\u00e8te Sorcery TCG - Contested Realm - Gothic - Preconstructed Deck Set - Prophets of Doom<\/title>\n<meta name=\"description\" content=\"Ach\u00e8te Sorcery TCG - Contested Realm - Gothic - Preconstructed Deck Set - Prophets of Doom en ligne maintenant \u00e0 petit prix! Ton #1 shop pour cartes TCG &amp; Pok\u00e9mon en Suisse \u2713 Livraison gratuite d\u00e8s CHF 29\" \/>\n<meta name=\"robots\" content=\"index, follow, max-snippet:-1, max-image-preview:large, max-video-preview:-1\" \/>\n<link rel=\"canonical\" href=\"https:\/\/theuncommonshop.ch\/fr\/product\/sorcery-tcg-contested-realm-gothic-preconstructed-deck-set-prophets-of-doom\/\" \/>\n<meta property=\"og:locale\" content=\"fr_FR\" \/>\n<meta property=\"og:type\" content=\"article\" \/>\n<meta property=\"og:title\" content=\"Ach\u00e8te Sorcery TCG - Contested Realm - Gothic - Preconstructed Deck Set - Prophets of Doom\" \/>\n<meta property=\"og:description\" content=\"Ach\u00e8te Sorcery TCG - Contested Realm - Gothic - Preconstructed Deck Set - Prophets of Doom en ligne maintenant \u00e0 petit prix! Ton #1 shop pour cartes TCG &amp; Pok\u00e9mon en Suisse \u2713 Livraison gratuite d\u00e8s CHF 29\" \/>\n<meta property=\"og:url\" content=\"https:\/\/theuncommonshop.ch\/fr\/product\/sorcery-tcg-contested-realm-gothic-preconstructed-deck-set-prophets-of-doom\/\" \/>\n<meta property=\"og:site_name\" content=\"Largest trading card shop in Switzerland\" \/>\n<meta property=\"og:image\" content=\"https:\/\/theuncommonshop.ch\/wp-content\/uploads\/2026\/03\/GOO.webp\" \/>\n\t<meta property=\"og:image:width\" content=\"1500\" \/>\n\t<meta property=\"og:image:height\" content=\"1024\" \/>\n\t<meta property=\"og:image:type\" content=\"image\/webp\" \/>\n<meta name=\"twitter:card\" content=\"summary_large_image\" \/>\n<meta name=\"twitter:label1\" content=\"Prix\" \/>\n\t<meta name=\"twitter:data1\" content=\"&#067;&#072;&#070;&nbsp;59.95\" \/>\n\t<meta name=\"twitter:label2\" content=\"Disponibilit\u00e9\" \/>\n\t<meta name=\"twitter:data2\" content=\"En stock\" \/>\n<script type=\"application\/ld+json\" class=\"yoast-schema-graph\">{\"@context\":\"https:\\\/\\\/schema.org\",\"@graph\":[{\"@type\":\"WebPage\",\"@id\":\"https:\\\/\\\/theuncommonshop.ch\\\/fr\\\/product\\\/sorcery-tcg-contested-realm-gothic-preconstructed-deck-set-prophets-of-doom\\\/\",\"url\":\"https:\\\/\\\/theuncommonshop.ch\\\/fr\\\/product\\\/sorcery-tcg-contested-realm-gothic-preconstructed-deck-set-prophets-of-doom\\\/\",\"name\":\"Ach\u00e8te Sorcery TCG - Contested Realm - Gothic - Preconstructed Deck Set - Prophets of Doom\",\"isPartOf\":{\"@id\":\"https:\\\/\\\/theuncommonshop.ch\\\/#website\"},\"primaryImageOfPage\":{\"@id\":\"https:\\\/\\\/theuncommonshop.ch\\\/fr\\\/product\\\/sorcery-tcg-contested-realm-gothic-preconstructed-deck-set-prophets-of-doom\\\/#primaryimage\"},\"image\":{\"@id\":\"https:\\\/\\\/theuncommonshop.ch\\\/fr\\\/product\\\/sorcery-tcg-contested-realm-gothic-preconstructed-deck-set-prophets-of-doom\\\/#primaryimage\"},\"thumbnailUrl\":\"https:\\\/\\\/theuncommonshop.ch\\\/wp-content\\\/uploads\\\/2026\\\/03\\\/GOO.webp\",\"datePublished\":\"2026-03-07T14:15:05+00:00\",\"description\":\"Ach\u00e8te Sorcery TCG - Contested Realm - Gothic - Preconstructed Deck Set - Prophets of Doom en ligne maintenant \u00e0 petit prix! Ton #1 shop pour cartes TCG & Pok\u00e9mon en Suisse \u2713 Livraison gratuite d\u00e8s CHF 29\",\"breadcrumb\":{\"@id\":\"https:\\\/\\\/theuncommonshop.ch\\\/fr\\\/product\\\/sorcery-tcg-contested-realm-gothic-preconstructed-deck-set-prophets-of-doom\\\/#breadcrumb\"},\"inLanguage\":\"fr-FR\",\"potentialAction\":[{\"@type\":\"ReadAction\",\"target\":[\"https:\\\/\\\/theuncommonshop.ch\\\/fr\\\/product\\\/sorcery-tcg-contested-realm-gothic-preconstructed-deck-set-prophets-of-doom\\\/\"]}]},{\"@type\":\"ImageObject\",\"inLanguage\":\"fr-FR\",\"@id\":\"https:\\\/\\\/theuncommonshop.ch\\\/fr\\\/product\\\/sorcery-tcg-contested-realm-gothic-preconstructed-deck-set-prophets-of-doom\\\/#primaryimage\",\"url\":\"https:\\\/\\\/theuncommonshop.ch\\\/wp-content\\\/uploads\\\/2026\\\/03\\\/GOO.webp\",\"contentUrl\":\"https:\\\/\\\/theuncommonshop.ch\\\/wp-content\\\/uploads\\\/2026\\\/03\\\/GOO.webp\",\"width\":1500,\"height\":1024},{\"@type\":\"BreadcrumbList\",\"@id\":\"https:\\\/\\\/theuncommonshop.ch\\\/fr\\\/product\\\/sorcery-tcg-contested-realm-gothic-preconstructed-deck-set-prophets-of-doom\\\/#breadcrumb\",\"itemListElement\":[{\"@type\":\"ListItem\",\"position\":1,\"name\":\"Accueil\",\"item\":\"https:\\\/\\\/theuncommonshop.ch\\\/fr\\\/accueil\\\/\"},{\"@type\":\"ListItem\",\"position\":2,\"name\":\"Boutique\",\"item\":\"https:\\\/\\\/theuncommonshop.ch\\\/fr\\\/boutique\\\/\"},{\"@type\":\"ListItem\",\"position\":3,\"name\":\"Sorcery TCG &#8211; Contested Realm &#8211; Gothic &#8211; Preconstructed Deck Set &#8211; Prophets of Doom\"}]},{\"@type\":\"WebSite\",\"@id\":\"https:\\\/\\\/theuncommonshop.ch\\\/#website\",\"url\":\"https:\\\/\\\/theuncommonshop.ch\\\/\",\"name\":\"Largest trading card shop in Switzerland\",\"description\":\"Magic, Pok\u00e9mon and Yu-gi-oh - The Uncommon Shop\",\"potentialAction\":[{\"@type\":\"SearchAction\",\"target\":{\"@type\":\"EntryPoint\",\"urlTemplate\":\"https:\\\/\\\/theuncommonshop.ch\\\/?s={search_term_string}\"},\"query-input\":{\"@type\":\"PropertyValueSpecification\",\"valueRequired\":true,\"valueName\":\"search_term_string\"}}],\"inLanguage\":\"fr-FR\"}]}<\/script>\n<meta property=\"product:price:amount\" content=\"59.95\" \/>\n<meta property=\"product:price:currency\" content=\"CHF\" \/>\n<meta property=\"og:availability\" content=\"instock\" \/>\n<meta property=\"product:availability\" content=\"instock\" \/>\n<meta property=\"product:retailer_item_id\" content=\"AL.I.C.SorceryGothicDeckSet.EN\" \/>\n<meta property=\"product:condition\" content=\"new\" \/>\n<!-- \/ Yoast SEO plugin. -->","yoast_head_json":{"title":"Ach\u00e8te Sorcery TCG - Contested Realm - Gothic - Preconstructed Deck Set - Prophets of Doom","description":"Ach\u00e8te Sorcery TCG - Contested Realm - Gothic - Preconstructed Deck Set - Prophets of Doom en ligne maintenant \u00e0 petit prix! Ton #1 shop pour cartes TCG & Pok\u00e9mon en Suisse \u2713 Livraison gratuite d\u00e8s CHF 29","robots":{"index":"index","follow":"follow","max-snippet":"max-snippet:-1","max-image-preview":"max-image-preview:large","max-video-preview":"max-video-preview:-1"},"canonical":"https:\/\/theuncommonshop.ch\/fr\/product\/sorcery-tcg-contested-realm-gothic-preconstructed-deck-set-prophets-of-doom\/","og_locale":"fr_FR","og_type":"article","og_title":"Ach\u00e8te Sorcery TCG - Contested Realm - Gothic - Preconstructed Deck Set - Prophets of Doom","og_description":"Ach\u00e8te Sorcery TCG - Contested Realm - Gothic - Preconstructed Deck Set - Prophets of Doom en ligne maintenant \u00e0 petit prix! Ton #1 shop pour cartes TCG & Pok\u00e9mon en Suisse \u2713 Livraison gratuite d\u00e8s CHF 29","og_url":"https:\/\/theuncommonshop.ch\/fr\/product\/sorcery-tcg-contested-realm-gothic-preconstructed-deck-set-prophets-of-doom\/","og_site_name":"Largest trading card shop in Switzerland","og_image":[{"width":1500,"height":1024,"url":"https:\/\/theuncommonshop.ch\/wp-content\/uploads\/2026\/03\/GOO.webp","type":"image\/webp"}],"twitter_card":"summary_large_image","twitter_misc":{"Prix":"&#67;&#72;&#70;&nbsp;59.95","Disponibilit\u00e9":"En stock"},"schema":{"@context":"https:\/\/schema.org","@graph":[{"@type":"WebPage","@id":"https:\/\/theuncommonshop.ch\/fr\/product\/sorcery-tcg-contested-realm-gothic-preconstructed-deck-set-prophets-of-doom\/","url":"https:\/\/theuncommonshop.ch\/fr\/product\/sorcery-tcg-contested-realm-gothic-preconstructed-deck-set-prophets-of-doom\/","name":"Ach\u00e8te Sorcery TCG - Contested Realm - Gothic - Preconstructed Deck Set - Prophets of Doom","isPartOf":{"@id":"https:\/\/theuncommonshop.ch\/#website"},"primaryImageOfPage":{"@id":"https:\/\/theuncommonshop.ch\/fr\/product\/sorcery-tcg-contested-realm-gothic-preconstructed-deck-set-prophets-of-doom\/#primaryimage"},"image":{"@id":"https:\/\/theuncommonshop.ch\/fr\/product\/sorcery-tcg-contested-realm-gothic-preconstructed-deck-set-prophets-of-doom\/#primaryimage"},"thumbnailUrl":"https:\/\/theuncommonshop.ch\/wp-content\/uploads\/2026\/03\/GOO.webp","datePublished":"2026-03-07T14:15:05+00:00","description":"Ach\u00e8te Sorcery TCG - Contested Realm - Gothic - Preconstructed Deck Set - Prophets of Doom en ligne maintenant \u00e0 petit prix! Ton #1 shop pour cartes TCG & Pok\u00e9mon en Suisse \u2713 Livraison gratuite d\u00e8s CHF 29","breadcrumb":{"@id":"https:\/\/theuncommonshop.ch\/fr\/product\/sorcery-tcg-contested-realm-gothic-preconstructed-deck-set-prophets-of-doom\/#breadcrumb"},"inLanguage":"fr-FR","potentialAction":[{"@type":"ReadAction","target":["https:\/\/theuncommonshop.ch\/fr\/product\/sorcery-tcg-contested-realm-gothic-preconstructed-deck-set-prophets-of-doom\/"]}]},{"@type":"ImageObject","inLanguage":"fr-FR","@id":"https:\/\/theuncommonshop.ch\/fr\/product\/sorcery-tcg-contested-realm-gothic-preconstructed-deck-set-prophets-of-doom\/#primaryimage","url":"https:\/\/theuncommonshop.ch\/wp-content\/uploads\/2026\/03\/GOO.webp","contentUrl":"https:\/\/theuncommonshop.ch\/wp-content\/uploads\/2026\/03\/GOO.webp","width":1500,"height":1024},{"@type":"BreadcrumbList","@id":"https:\/\/theuncommonshop.ch\/fr\/product\/sorcery-tcg-contested-realm-gothic-preconstructed-deck-set-prophets-of-doom\/#breadcrumb","itemListElement":[{"@type":"ListItem","position":1,"name":"Accueil","item":"https:\/\/theuncommonshop.ch\/fr\/accueil\/"},{"@type":"ListItem","position":2,"name":"Boutique","item":"https:\/\/theuncommonshop.ch\/fr\/boutique\/"},{"@type":"ListItem","position":3,"name":"Sorcery TCG &#8211; Contested Realm &#8211; Gothic &#8211; Preconstructed Deck Set &#8211; Prophets of Doom"}]},{"@type":"WebSite","@id":"https:\/\/theuncommonshop.ch\/#website","url":"https:\/\/theuncommonshop.ch\/","name":"Largest trading card shop in Switzerland","description":"Magic, Pok\u00e9mon and Yu-gi-oh - The Uncommon Shop","potentialAction":[{"@type":"SearchAction","target":{"@type":"EntryPoint","urlTemplate":"https:\/\/theuncommonshop.ch\/?s={search_term_string}"},"query-input":{"@type":"PropertyValueSpecification","valueRequired":true,"valueName":"search_term_string"}}],"inLanguage":"fr-FR"}]},"product_price_amount":"59.95","product_price_currency":"CHF","og_availability":"instock","product_availability":"instock","product_retailer_item_id":"AL.I.C.SorceryGothicDeckSet.EN","product_condition":"new"},"_links":{"self":[{"href":"https:\/\/theuncommonshop.ch\/fr\/wp-json\/wp\/v2\/product\/367236","targetHints":{"allow":["GET"]}}],"collection":[{"href":"https:\/\/theuncommonshop.ch\/fr\/wp-json\/wp\/v2\/product"}],"about":[{"href":"https:\/\/theuncommonshop.ch\/fr\/wp-json\/wp\/v2\/types\/product"}],"replies":[{"embeddable":true,"href":"https:\/\/theuncommonshop.ch\/fr\/wp-json\/wp\/v2\/comments?post=367236"}],"version-history":[{"count":0,"href":"https:\/\/theuncommonshop.ch\/fr\/wp-json\/wp\/v2\/product\/367236\/revisions"}],"wp:featuredmedia":[{"embeddable":true,"href":"https:\/\/theuncommonshop.ch\/fr\/wp-json\/wp\/v2\/media\/303432"}],"wp:attachment":[{"href":"https:\/\/theuncommonshop.ch\/fr\/wp-json\/wp\/v2\/media?parent=367236"}],"wp:term":[{"taxonomy":"product_brand","embeddable":true,"href":"https:\/\/theuncommonshop.ch\/fr\/wp-json\/wp\/v2\/product_brand?post=367236"},{"taxonomy":"product_cat","embeddable":true,"href":"https:\/\/theuncommonshop.ch\/fr\/wp-json\/wp\/v2\/product_cat?post=367236"},{"taxonomy":"product_tag","embeddable":true,"href":"https:\/\/theuncommonshop.ch\/fr\/wp-json\/wp\/v2\/product_tag?post=367236"}],"curies":[{"name":"wp","href":"https:\/\/api.w.org\/{rel}","templated":true}]}}