{"id":367032,"date":"2026-04-07T21:11:49","date_gmt":"2026-04-07T19:11:49","guid":{"rendered":"https:\/\/theuncommonshop.ch\/product\/magic-final-fantasy-fin-bundle-chocobo\/"},"modified":"2026-04-07T21:11:49","modified_gmt":"2026-04-07T19:11:49","slug":"magic-final-fantasy-fin-bundle-chocobo","status":"publish","type":"product","link":"https:\/\/theuncommonshop.ch\/fr\/product\/magic-final-fantasy-fin-bundle-chocobo\/","title":{"rendered":"Magic &#8211; Final Fantasy (FIN) &#8211; Bundle Chocobo"},"content":{"rendered":"<p>Attention, fan de Chocobo ! C\u00e9l\u00e9brez vos amis \u00e0 plumes aux pieds l\u00e9gers avec ce charmant bundle qui contient des terrains standard de Chocobo avec de grandes illustrations, une carte promotionnelle exclusive, une roue \u00e0 clic de points de vie au design Chocobo et un nid entier de boosters de jeu Magic : The Gathering &#8211; FINAL FANTASY et d&#8217;autres extras. Que vous soyez fan ou que vous connaissiez quelqu&#8217;un, ce coffret cadeau est la deuxi\u00e8me meilleure chose \u00e0 faire apr\u00e8s un vrai chocobo !  <\/p>\n<p><strong>Ce Bundle Chocobo contient<\/strong><\/p>\n<ul>\n<li>10 boosters de jeu Magic : The Gathering &#8211; FINAL FANTASY<\/li>\n<li>1 Booster Chocobo avec 12 cartes<\/li>\n<li>1 carte promotionnelle Foil traditionnelle avec illustration alternative<\/li>\n<li>1 sur 24 Magic : The Gathering &#8211; FINAL FANTASY Cartes de sc\u00e8ne sans bordure<\/li>\n<li>32 pays standard embl\u00e9matiques de FINAL FANTASY avec de grandes illustrations (16 cartes foil traditionnelles, 16 cartes normales)<\/li>\n<li>une roue \u00e0 cliquet sp\u00e9ciale pour les points de vie et une bo\u00eete de rangement des cartes de l&#8217;\u00e9dition Chocobo<\/li>\n<\/ul>\n","protected":false},"excerpt":{"rendered":"<p>Attention, fan de Chocobo ! C\u00e9l\u00e9brez vos amis \u00e0 plumes aux pieds l\u00e9gers avec ce charmant bundle qui contient des<\/p>\n","protected":false},"featured_media":367012,"comment_status":"open","ping_status":"closed","template":"","meta":{"_acf_changed":false},"product_brand":[5158,5070],"product_cat":[9971,10171,9967,9991],"product_tag":[],"class_list":{"0":"post-367032","1":"product","2":"type-product","3":"status-publish","4":"has-post-thumbnail","6":"product_brand-magic-the-gathering","7":"product_brand-wizards-of-the-coast","8":"product_cat-bundles-fr","9":"product_cat-final-fantasy","10":"product_cat-magic-the-gathering-fr","11":"product_cat-produits-par-lots-mtg","13":"first","14":"instock","15":"taxable","16":"shipping-taxable","17":"purchasable","18":"product-type-variable"},"acf":[],"yoast_head":"<!-- This site is optimized with the Yoast SEO plugin v27.3 - https:\/\/yoast.com\/product\/yoast-seo-wordpress\/ -->\n<title>Ach\u00e8te Magic - Final Fantasy (FIN) - Bundle Chocobo<\/title>\n<meta name=\"description\" content=\"Ach\u00e8te Magic - Final Fantasy (FIN) - Bundle Chocobo en ligne maintenant \u00e0 petit prix! Ton #1 shop pour cartes TCG &amp; Pok\u00e9mon en Suisse \u2713 Livraison gratuite d\u00e8s CHF 29\" \/>\n<meta name=\"robots\" content=\"index, follow, max-snippet:-1, max-image-preview:large, max-video-preview:-1\" \/>\n<link rel=\"canonical\" href=\"https:\/\/theuncommonshop.ch\/fr\/product\/magic-final-fantasy-fin-bundle-chocobo\/\" \/>\n<meta property=\"og:locale\" content=\"fr_FR\" \/>\n<meta property=\"og:type\" content=\"article\" \/>\n<meta property=\"og:title\" content=\"Ach\u00e8te Magic - Final Fantasy (FIN) - Bundle Chocobo\" \/>\n<meta property=\"og:description\" content=\"Ach\u00e8te Magic - Final Fantasy (FIN) - Bundle Chocobo en ligne maintenant \u00e0 petit prix! Ton #1 shop pour cartes TCG &amp; Pok\u00e9mon en Suisse \u2713 Livraison gratuite d\u00e8s CHF 29\" \/>\n<meta property=\"og:url\" content=\"https:\/\/theuncommonshop.ch\/fr\/product\/magic-final-fantasy-fin-bundle-chocobo\/\" \/>\n<meta property=\"og:site_name\" content=\"Largest trading card shop in Switzerland\" \/>\n<meta property=\"og:image\" content=\"https:\/\/theuncommonshop.ch\/wp-content\/uploads\/2026\/04\/CHOCOBOEN1.jpg\" \/>\n\t<meta property=\"og:image:width\" content=\"1500\" \/>\n\t<meta property=\"og:image:height\" content=\"1233\" \/>\n\t<meta property=\"og:image:type\" content=\"image\/jpeg\" \/>\n<meta name=\"twitter:card\" content=\"summary_large_image\" \/>\n<meta name=\"twitter:label1\" content=\"Disponibilit\u00e9\" \/>\n\t<meta name=\"twitter:data1\" content=\"En stock\" \/>\n<script type=\"application\/ld+json\" class=\"yoast-schema-graph\">{\"@context\":\"https:\\\/\\\/schema.org\",\"@graph\":[{\"@type\":\"WebPage\",\"@id\":\"https:\\\/\\\/theuncommonshop.ch\\\/fr\\\/product\\\/magic-final-fantasy-fin-bundle-chocobo\\\/\",\"url\":\"https:\\\/\\\/theuncommonshop.ch\\\/fr\\\/product\\\/magic-final-fantasy-fin-bundle-chocobo\\\/\",\"name\":\"Ach\u00e8te Magic - Final Fantasy (FIN) - Bundle Chocobo\",\"isPartOf\":{\"@id\":\"https:\\\/\\\/theuncommonshop.ch\\\/fr\\\/#website\"},\"primaryImageOfPage\":{\"@id\":\"https:\\\/\\\/theuncommonshop.ch\\\/fr\\\/product\\\/magic-final-fantasy-fin-bundle-chocobo\\\/#primaryimage\"},\"image\":{\"@id\":\"https:\\\/\\\/theuncommonshop.ch\\\/fr\\\/product\\\/magic-final-fantasy-fin-bundle-chocobo\\\/#primaryimage\"},\"thumbnailUrl\":\"https:\\\/\\\/theuncommonshop.ch\\\/wp-content\\\/uploads\\\/2026\\\/04\\\/CHOCOBOEN1.jpg\",\"datePublished\":\"2026-04-07T19:11:49+00:00\",\"description\":\"Ach\u00e8te Magic - Final Fantasy (FIN) - Bundle Chocobo en ligne maintenant \u00e0 petit prix! Ton #1 shop pour cartes TCG & Pok\u00e9mon en Suisse \u2713 Livraison gratuite d\u00e8s CHF 29\",\"breadcrumb\":{\"@id\":\"https:\\\/\\\/theuncommonshop.ch\\\/fr\\\/product\\\/magic-final-fantasy-fin-bundle-chocobo\\\/#breadcrumb\"},\"inLanguage\":\"fr-FR\",\"potentialAction\":[{\"@type\":\"ReadAction\",\"target\":[\"https:\\\/\\\/theuncommonshop.ch\\\/fr\\\/product\\\/magic-final-fantasy-fin-bundle-chocobo\\\/\"]}]},{\"@type\":\"ImageObject\",\"inLanguage\":\"fr-FR\",\"@id\":\"https:\\\/\\\/theuncommonshop.ch\\\/fr\\\/product\\\/magic-final-fantasy-fin-bundle-chocobo\\\/#primaryimage\",\"url\":\"https:\\\/\\\/theuncommonshop.ch\\\/wp-content\\\/uploads\\\/2026\\\/04\\\/CHOCOBOEN1.jpg\",\"contentUrl\":\"https:\\\/\\\/theuncommonshop.ch\\\/wp-content\\\/uploads\\\/2026\\\/04\\\/CHOCOBOEN1.jpg\",\"width\":1500,\"height\":1233,\"caption\":\"CHOCOBOEN1\"},{\"@type\":\"BreadcrumbList\",\"@id\":\"https:\\\/\\\/theuncommonshop.ch\\\/fr\\\/product\\\/magic-final-fantasy-fin-bundle-chocobo\\\/#breadcrumb\",\"itemListElement\":[{\"@type\":\"ListItem\",\"position\":1,\"name\":\"Accueil\",\"item\":\"https:\\\/\\\/theuncommonshop.ch\\\/fr\\\/accueil\\\/\"},{\"@type\":\"ListItem\",\"position\":2,\"name\":\"Boutique\",\"item\":\"https:\\\/\\\/theuncommonshop.ch\\\/fr\\\/boutique\\\/\"},{\"@type\":\"ListItem\",\"position\":3,\"name\":\"Magic the Gathering\",\"item\":\"https:\\\/\\\/theuncommonshop.ch\\\/fr\\\/categorie-produit\\\/magic-the-gathering-fr\\\/\"},{\"@type\":\"ListItem\",\"position\":4,\"name\":\"Produits par lots\",\"item\":\"https:\\\/\\\/theuncommonshop.ch\\\/fr\\\/categorie-produit\\\/magic-the-gathering-fr\\\/produits-par-lots-mtg\\\/\"},{\"@type\":\"ListItem\",\"position\":5,\"name\":\"Final Fantasy\",\"item\":\"https:\\\/\\\/theuncommonshop.ch\\\/fr\\\/categorie-produit\\\/magic-the-gathering-fr\\\/produits-par-lots-mtg\\\/final-fantasy\\\/\"},{\"@type\":\"ListItem\",\"position\":6,\"name\":\"Magic &#8211; Final Fantasy (FIN) &#8211; Bundle Chocobo\"}]},{\"@type\":\"WebSite\",\"@id\":\"https:\\\/\\\/theuncommonshop.ch\\\/fr\\\/#website\",\"url\":\"https:\\\/\\\/theuncommonshop.ch\\\/fr\\\/\",\"name\":\"Largest trading card shop in Switzerland\",\"description\":\"Magic, Pok\u00e9mon and Yu-gi-oh - The Uncommon Shop\",\"potentialAction\":[{\"@type\":\"SearchAction\",\"target\":{\"@type\":\"EntryPoint\",\"urlTemplate\":\"https:\\\/\\\/theuncommonshop.ch\\\/fr\\\/?s={search_term_string}\"},\"query-input\":{\"@type\":\"PropertyValueSpecification\",\"valueRequired\":true,\"valueName\":\"search_term_string\"}}],\"inLanguage\":\"fr-FR\"}]}<\/script>\n<meta property=\"og:availability\" content=\"instock\" \/>\n<meta property=\"product:availability\" content=\"instock\" \/>\n<meta property=\"product:condition\" content=\"new\" \/>\n<!-- \/ Yoast SEO plugin. -->","yoast_head_json":{"title":"Ach\u00e8te Magic - Final Fantasy (FIN) - Bundle Chocobo","description":"Ach\u00e8te Magic - Final Fantasy (FIN) - Bundle Chocobo en ligne maintenant \u00e0 petit prix! Ton #1 shop pour cartes TCG & Pok\u00e9mon en Suisse \u2713 Livraison gratuite d\u00e8s CHF 29","robots":{"index":"index","follow":"follow","max-snippet":"max-snippet:-1","max-image-preview":"max-image-preview:large","max-video-preview":"max-video-preview:-1"},"canonical":"https:\/\/theuncommonshop.ch\/fr\/product\/magic-final-fantasy-fin-bundle-chocobo\/","og_locale":"fr_FR","og_type":"article","og_title":"Ach\u00e8te Magic - Final Fantasy (FIN) - Bundle Chocobo","og_description":"Ach\u00e8te Magic - Final Fantasy (FIN) - Bundle Chocobo en ligne maintenant \u00e0 petit prix! Ton #1 shop pour cartes TCG & Pok\u00e9mon en Suisse \u2713 Livraison gratuite d\u00e8s CHF 29","og_url":"https:\/\/theuncommonshop.ch\/fr\/product\/magic-final-fantasy-fin-bundle-chocobo\/","og_site_name":"Largest trading card shop in Switzerland","og_image":[{"width":1500,"height":1233,"url":"https:\/\/theuncommonshop.ch\/wp-content\/uploads\/2026\/04\/CHOCOBOEN1.jpg","type":"image\/jpeg"}],"twitter_card":"summary_large_image","twitter_misc":{"Disponibilit\u00e9":"En stock"},"schema":{"@context":"https:\/\/schema.org","@graph":[{"@type":"WebPage","@id":"https:\/\/theuncommonshop.ch\/fr\/product\/magic-final-fantasy-fin-bundle-chocobo\/","url":"https:\/\/theuncommonshop.ch\/fr\/product\/magic-final-fantasy-fin-bundle-chocobo\/","name":"Ach\u00e8te Magic - Final Fantasy (FIN) - Bundle Chocobo","isPartOf":{"@id":"https:\/\/theuncommonshop.ch\/fr\/#website"},"primaryImageOfPage":{"@id":"https:\/\/theuncommonshop.ch\/fr\/product\/magic-final-fantasy-fin-bundle-chocobo\/#primaryimage"},"image":{"@id":"https:\/\/theuncommonshop.ch\/fr\/product\/magic-final-fantasy-fin-bundle-chocobo\/#primaryimage"},"thumbnailUrl":"https:\/\/theuncommonshop.ch\/wp-content\/uploads\/2026\/04\/CHOCOBOEN1.jpg","datePublished":"2026-04-07T19:11:49+00:00","description":"Ach\u00e8te Magic - Final Fantasy (FIN) - Bundle Chocobo en ligne maintenant \u00e0 petit prix! Ton #1 shop pour cartes TCG & Pok\u00e9mon en Suisse \u2713 Livraison gratuite d\u00e8s CHF 29","breadcrumb":{"@id":"https:\/\/theuncommonshop.ch\/fr\/product\/magic-final-fantasy-fin-bundle-chocobo\/#breadcrumb"},"inLanguage":"fr-FR","potentialAction":[{"@type":"ReadAction","target":["https:\/\/theuncommonshop.ch\/fr\/product\/magic-final-fantasy-fin-bundle-chocobo\/"]}]},{"@type":"ImageObject","inLanguage":"fr-FR","@id":"https:\/\/theuncommonshop.ch\/fr\/product\/magic-final-fantasy-fin-bundle-chocobo\/#primaryimage","url":"https:\/\/theuncommonshop.ch\/wp-content\/uploads\/2026\/04\/CHOCOBOEN1.jpg","contentUrl":"https:\/\/theuncommonshop.ch\/wp-content\/uploads\/2026\/04\/CHOCOBOEN1.jpg","width":1500,"height":1233,"caption":"CHOCOBOEN1"},{"@type":"BreadcrumbList","@id":"https:\/\/theuncommonshop.ch\/fr\/product\/magic-final-fantasy-fin-bundle-chocobo\/#breadcrumb","itemListElement":[{"@type":"ListItem","position":1,"name":"Accueil","item":"https:\/\/theuncommonshop.ch\/fr\/accueil\/"},{"@type":"ListItem","position":2,"name":"Boutique","item":"https:\/\/theuncommonshop.ch\/fr\/boutique\/"},{"@type":"ListItem","position":3,"name":"Magic the Gathering","item":"https:\/\/theuncommonshop.ch\/fr\/categorie-produit\/magic-the-gathering-fr\/"},{"@type":"ListItem","position":4,"name":"Produits par lots","item":"https:\/\/theuncommonshop.ch\/fr\/categorie-produit\/magic-the-gathering-fr\/produits-par-lots-mtg\/"},{"@type":"ListItem","position":5,"name":"Final Fantasy","item":"https:\/\/theuncommonshop.ch\/fr\/categorie-produit\/magic-the-gathering-fr\/produits-par-lots-mtg\/final-fantasy\/"},{"@type":"ListItem","position":6,"name":"Magic &#8211; Final Fantasy (FIN) &#8211; Bundle Chocobo"}]},{"@type":"WebSite","@id":"https:\/\/theuncommonshop.ch\/fr\/#website","url":"https:\/\/theuncommonshop.ch\/fr\/","name":"Largest trading card shop in Switzerland","description":"Magic, Pok\u00e9mon and Yu-gi-oh - The Uncommon Shop","potentialAction":[{"@type":"SearchAction","target":{"@type":"EntryPoint","urlTemplate":"https:\/\/theuncommonshop.ch\/fr\/?s={search_term_string}"},"query-input":{"@type":"PropertyValueSpecification","valueRequired":true,"valueName":"search_term_string"}}],"inLanguage":"fr-FR"}]},"og_availability":"instock","product_availability":"instock","product_condition":"new"},"_links":{"self":[{"href":"https:\/\/theuncommonshop.ch\/fr\/wp-json\/wp\/v2\/product\/367032","targetHints":{"allow":["GET"]}}],"collection":[{"href":"https:\/\/theuncommonshop.ch\/fr\/wp-json\/wp\/v2\/product"}],"about":[{"href":"https:\/\/theuncommonshop.ch\/fr\/wp-json\/wp\/v2\/types\/product"}],"replies":[{"embeddable":true,"href":"https:\/\/theuncommonshop.ch\/fr\/wp-json\/wp\/v2\/comments?post=367032"}],"version-history":[{"count":0,"href":"https:\/\/theuncommonshop.ch\/fr\/wp-json\/wp\/v2\/product\/367032\/revisions"}],"wp:featuredmedia":[{"embeddable":true,"href":"https:\/\/theuncommonshop.ch\/fr\/wp-json\/wp\/v2\/media\/367012"}],"wp:attachment":[{"href":"https:\/\/theuncommonshop.ch\/fr\/wp-json\/wp\/v2\/media?parent=367032"}],"wp:term":[{"taxonomy":"product_brand","embeddable":true,"href":"https:\/\/theuncommonshop.ch\/fr\/wp-json\/wp\/v2\/product_brand?post=367032"},{"taxonomy":"product_cat","embeddable":true,"href":"https:\/\/theuncommonshop.ch\/fr\/wp-json\/wp\/v2\/product_cat?post=367032"},{"taxonomy":"product_tag","embeddable":true,"href":"https:\/\/theuncommonshop.ch\/fr\/wp-json\/wp\/v2\/product_tag?post=367032"}],"curies":[{"name":"wp","href":"https:\/\/api.w.org\/{rel}","templated":true}]}}