{"id":362426,"date":"2026-03-30T14:54:20","date_gmt":"2026-03-30T12:54:20","guid":{"rendered":"http:\/\/theuncommonshop.ch\/product\/protecc-x-the-uncommon-shop-acryl-case-pokemon-high-class-booster-display-japanese\/"},"modified":"2026-04-13T20:45:58","modified_gmt":"2026-04-13T18:45:58","slug":"protecc-x-the-uncommon-shop-acryl-case-pokemon-high-class-booster-display-japanese","status":"publish","type":"product","link":"https:\/\/theuncommonshop.ch\/fr\/product\/protecc-x-the-uncommon-shop-acryl-case-pokemon-high-class-booster-display-japanese\/","title":{"rendered":"Protecc x The Uncommon Shop &#8211; Acryl Case &#8211; Pok\u00e9mon High Class Booster Display Japanese"},"content":{"rendered":"<div>D\u00e9couvrez la combinaison parfaite entre pr\u00e9sentation \u00e9l\u00e9gante et protection de vos pr\u00e9cieux Booster Display Pok\u00e9mon japonais gr\u00e2ce \u00e0 l&#8217;\u00e9tui magn\u00e9tique en acrylique cristal de haute qualit\u00e9 de Protecc x The Uncommon Shop. Gr\u00e2ce \u00e0 ses puissants aimants, l&#8217;installation se fait sans effort et en toute s\u00e9curit\u00e9, tandis que votre collection brille de tous ses feux.<\/div>\n<div><strong data-redactor-tag=\"strong\">Syst\u00e8me magn\u00e9tique puissant pour un montage facile et une protection contre la poussi\u00e8re :<\/strong><\/div>\n<div>Au lieu de vis, nous utilisons des aimants extr\u00eamement puissants pour que vous puissiez fermer l&#8217;\u00e9tui sans outil et sans effort. Cela garantit une protection fiable contre la poussi\u00e8re pour votre collection.<\/div>\n<div><strong data-redactor-tag=\"strong\">Une transparence cristalline pour une pr\u00e9sentation parfaite :<\/strong><\/div>\n<div>L&#8217;Acriylic Case est fabriqu\u00e9 en acrylique cristallin de haute qualit\u00e9, offrant une vue impeccable et transparente de vos Booster Display japonais Pok\u00e9mon. Vos tr\u00e9sors sont ainsi mis en valeur dans toute leur splendeur.<\/div>\n<div><strong data-redactor-tag=\"strong\">Pr\u00e9servation de la valeur \u00e0 long terme gr\u00e2ce \u00e0 des mat\u00e9riaux de haute qualit\u00e9.<\/strong><\/div>\n<div><strong data-redactor-tag=\"strong\">Forme ajust\u00e9e pour une protection optimale :<\/strong><\/div>\n<p>L&#8217;\u00e9tui acrylique est parfaitement adapt\u00e9 aux Booster Display japonais Pok\u00e9mon et offre une protection sur mesure \u00e0 vos objets de collection. Insertion et retrait faciles des objets<\/p>\n<div><strong data-redactor-tag=\"strong\">Protection UV de 99% pour une qualit\u00e9 durable.<\/strong><\/div>\n<div><strong data-redactor-tag=\"strong\">Un design \u00e9l\u00e9gant pour une pr\u00e9sentation esth\u00e9tique :<\/strong><\/div>\n<div>Le design sobre et \u00e9l\u00e9gant de l&#8217;Acrylic Case souligne la pr\u00e9sentation visuelle de votre belle collection sans en g\u00e2cher l&#8217;esth\u00e9tique.<\/div>\n","protected":false},"excerpt":{"rendered":"<p>D\u00e9couvrez la combinaison parfaite entre pr\u00e9sentation \u00e9l\u00e9gante et protection de vos pr\u00e9cieux Booster Display Pok\u00e9mon japonais gr\u00e2ce \u00e0 l&#8217;\u00e9tui magn\u00e9tique<\/p>\n","protected":false},"featured_media":368616,"comment_status":"open","ping_status":"closed","template":"","meta":{"_acf_changed":false},"product_brand":[5120,5180,5156],"product_cat":[9859,9881,10267,9867,10259],"product_tag":[],"class_list":{"0":"post-362426","1":"product","2":"type-product","3":"status-publish","4":"has-post-thumbnail","6":"product_brand-protecc","7":"product_brand-the-uncommon-shop","8":"product_brand-uncommon-shop","9":"product_cat-accessoires-tcg","10":"product_cat-protecc-fr","11":"product_cat-protection-des-cartes","12":"product_cat-rangement","13":"product_cat-tout","15":"first","16":"instock","17":"taxable","18":"shipping-taxable","19":"purchasable","20":"product-type-simple"},"acf":[],"yoast_head":"<!-- This site is optimized with the Yoast SEO plugin v27.4 - https:\/\/yoast.com\/product\/yoast-seo-wordpress\/ -->\n<title>Ach\u00e8te Protecc x The Uncommon Shop - Acryl Case - Pok\u00e9mon High Class Booster Display Japanese<\/title>\n<meta name=\"description\" content=\"Ach\u00e8te Protecc x The Uncommon Shop - Acryl Case - Pok\u00e9mon High Class Booster Display Japanese en ligne maintenant \u00e0 petit prix! Ton #1 shop pour cartes TCG &amp; Pok\u00e9mon en Suisse \u2713 Livraison gratuite d\u00e8s CHF 29\" \/>\n<meta name=\"robots\" content=\"index, follow, max-snippet:-1, max-image-preview:large, max-video-preview:-1\" \/>\n<link rel=\"canonical\" href=\"https:\/\/theuncommonshop.ch\/fr\/product\/protecc-x-the-uncommon-shop-acryl-case-pokemon-high-class-booster-display-japanese\/\" \/>\n<meta property=\"og:locale\" content=\"fr_FR\" \/>\n<meta property=\"og:type\" content=\"article\" \/>\n<meta property=\"og:title\" content=\"Ach\u00e8te Protecc x The Uncommon Shop - Acryl Case - Pok\u00e9mon High Class Booster Display Japanese\" \/>\n<meta property=\"og:description\" content=\"Ach\u00e8te Protecc x The Uncommon Shop - Acryl Case - Pok\u00e9mon High Class Booster Display Japanese en ligne maintenant \u00e0 petit prix! Ton #1 shop pour cartes TCG &amp; Pok\u00e9mon en Suisse \u2713 Livraison gratuite d\u00e8s CHF 29\" \/>\n<meta property=\"og:url\" content=\"https:\/\/theuncommonshop.ch\/fr\/product\/protecc-x-the-uncommon-shop-acryl-case-pokemon-high-class-booster-display-japanese\/\" \/>\n<meta property=\"og:site_name\" content=\"Largest trading card shop in Switzerland\" \/>\n<meta property=\"article:modified_time\" content=\"2026-04-13T18:45:58+00:00\" \/>\n<meta property=\"og:image\" content=\"https:\/\/theuncommonshop.ch\/wp-content\/uploads\/2026\/03\/Design-ohne-Titel-4.jpg\" \/>\n\t<meta property=\"og:image:width\" content=\"1500\" \/>\n\t<meta property=\"og:image:height\" content=\"1500\" \/>\n\t<meta property=\"og:image:type\" content=\"image\/jpeg\" \/>\n<meta name=\"twitter:card\" content=\"summary_large_image\" \/>\n<meta name=\"twitter:label1\" content=\"Prix\" \/>\n\t<meta name=\"twitter:data1\" content=\"&#067;&#072;&#070;&nbsp;27.95\" \/>\n\t<meta name=\"twitter:label2\" content=\"Disponibilit\u00e9\" \/>\n\t<meta name=\"twitter:data2\" content=\"En stock\" \/>\n<script type=\"application\/ld+json\" class=\"yoast-schema-graph\">{\"@context\":\"https:\\\/\\\/schema.org\",\"@graph\":[{\"@type\":\"WebPage\",\"@id\":\"https:\\\/\\\/theuncommonshop.ch\\\/fr\\\/product\\\/protecc-x-the-uncommon-shop-acryl-case-pokemon-high-class-booster-display-japanese\\\/\",\"url\":\"https:\\\/\\\/theuncommonshop.ch\\\/fr\\\/product\\\/protecc-x-the-uncommon-shop-acryl-case-pokemon-high-class-booster-display-japanese\\\/\",\"name\":\"Ach\u00e8te Protecc x The Uncommon Shop - Acryl Case - Pok\u00e9mon High Class Booster Display Japanese\",\"isPartOf\":{\"@id\":\"https:\\\/\\\/theuncommonshop.ch\\\/#website\"},\"primaryImageOfPage\":{\"@id\":\"https:\\\/\\\/theuncommonshop.ch\\\/fr\\\/product\\\/protecc-x-the-uncommon-shop-acryl-case-pokemon-high-class-booster-display-japanese\\\/#primaryimage\"},\"image\":{\"@id\":\"https:\\\/\\\/theuncommonshop.ch\\\/fr\\\/product\\\/protecc-x-the-uncommon-shop-acryl-case-pokemon-high-class-booster-display-japanese\\\/#primaryimage\"},\"thumbnailUrl\":\"https:\\\/\\\/theuncommonshop.ch\\\/wp-content\\\/uploads\\\/2026\\\/03\\\/Design-ohne-Titel-4.jpg\",\"datePublished\":\"2026-03-30T12:54:20+00:00\",\"dateModified\":\"2026-04-13T18:45:58+00:00\",\"description\":\"Ach\u00e8te Protecc x The Uncommon Shop - Acryl Case - Pok\u00e9mon High Class Booster Display Japanese en ligne maintenant \u00e0 petit prix! Ton #1 shop pour cartes TCG & Pok\u00e9mon en Suisse \u2713 Livraison gratuite d\u00e8s CHF 29\",\"breadcrumb\":{\"@id\":\"https:\\\/\\\/theuncommonshop.ch\\\/fr\\\/product\\\/protecc-x-the-uncommon-shop-acryl-case-pokemon-high-class-booster-display-japanese\\\/#breadcrumb\"},\"inLanguage\":\"fr-FR\",\"potentialAction\":[{\"@type\":\"ReadAction\",\"target\":[\"https:\\\/\\\/theuncommonshop.ch\\\/fr\\\/product\\\/protecc-x-the-uncommon-shop-acryl-case-pokemon-high-class-booster-display-japanese\\\/\"]}]},{\"@type\":\"ImageObject\",\"inLanguage\":\"fr-FR\",\"@id\":\"https:\\\/\\\/theuncommonshop.ch\\\/fr\\\/product\\\/protecc-x-the-uncommon-shop-acryl-case-pokemon-high-class-booster-display-japanese\\\/#primaryimage\",\"url\":\"https:\\\/\\\/theuncommonshop.ch\\\/wp-content\\\/uploads\\\/2026\\\/03\\\/Design-ohne-Titel-4.jpg\",\"contentUrl\":\"https:\\\/\\\/theuncommonshop.ch\\\/wp-content\\\/uploads\\\/2026\\\/03\\\/Design-ohne-Titel-4.jpg\",\"width\":1500,\"height\":1500,\"caption\":\"Protecc x UCS Pokemon Japanese Display Acryl Case\"},{\"@type\":\"BreadcrumbList\",\"@id\":\"https:\\\/\\\/theuncommonshop.ch\\\/fr\\\/product\\\/protecc-x-the-uncommon-shop-acryl-case-pokemon-high-class-booster-display-japanese\\\/#breadcrumb\",\"itemListElement\":[{\"@type\":\"ListItem\",\"position\":1,\"name\":\"Accueil\",\"item\":\"https:\\\/\\\/theuncommonshop.ch\\\/fr\\\/accueil\\\/\"},{\"@type\":\"ListItem\",\"position\":2,\"name\":\"Boutique\",\"item\":\"https:\\\/\\\/theuncommonshop.ch\\\/fr\\\/boutique\\\/\"},{\"@type\":\"ListItem\",\"position\":3,\"name\":\"Accessoires TCG\",\"item\":\"https:\\\/\\\/theuncommonshop.ch\\\/fr\\\/categorie-produit\\\/accessoires-tcg\\\/\"},{\"@type\":\"ListItem\",\"position\":4,\"name\":\"Rangement\",\"item\":\"https:\\\/\\\/theuncommonshop.ch\\\/fr\\\/categorie-produit\\\/accessoires-tcg\\\/rangement\\\/\"},{\"@type\":\"ListItem\",\"position\":5,\"name\":\"Tout\",\"item\":\"https:\\\/\\\/theuncommonshop.ch\\\/fr\\\/categorie-produit\\\/accessoires-tcg\\\/rangement\\\/tout\\\/\"},{\"@type\":\"ListItem\",\"position\":6,\"name\":\"Protecc x The Uncommon Shop &#8211; Acryl Case &#8211; Pok\u00e9mon High Class Booster Display Japanese\"}]},{\"@type\":\"WebSite\",\"@id\":\"https:\\\/\\\/theuncommonshop.ch\\\/#website\",\"url\":\"https:\\\/\\\/theuncommonshop.ch\\\/\",\"name\":\"Largest trading card shop in Switzerland\",\"description\":\"Magic, Pok\u00e9mon and Yu-gi-oh - The Uncommon Shop\",\"potentialAction\":[{\"@type\":\"SearchAction\",\"target\":{\"@type\":\"EntryPoint\",\"urlTemplate\":\"https:\\\/\\\/theuncommonshop.ch\\\/?s={search_term_string}\"},\"query-input\":{\"@type\":\"PropertyValueSpecification\",\"valueRequired\":true,\"valueName\":\"search_term_string\"}}],\"inLanguage\":\"fr-FR\"}]}<\/script>\n<meta property=\"product:price:amount\" content=\"27.95\" \/>\n<meta property=\"product:price:currency\" content=\"CHF\" \/>\n<meta property=\"og:availability\" content=\"instock\" \/>\n<meta property=\"product:availability\" content=\"instock\" \/>\n<meta property=\"product:retailer_item_id\" content=\"66825\" \/>\n<meta property=\"product:condition\" content=\"new\" \/>\n<!-- \/ Yoast SEO plugin. -->","yoast_head_json":{"title":"Ach\u00e8te Protecc x The Uncommon Shop - Acryl Case - Pok\u00e9mon High Class Booster Display Japanese","description":"Ach\u00e8te Protecc x The Uncommon Shop - Acryl Case - Pok\u00e9mon High Class Booster Display Japanese en ligne maintenant \u00e0 petit prix! Ton #1 shop pour cartes TCG & Pok\u00e9mon en Suisse \u2713 Livraison gratuite d\u00e8s CHF 29","robots":{"index":"index","follow":"follow","max-snippet":"max-snippet:-1","max-image-preview":"max-image-preview:large","max-video-preview":"max-video-preview:-1"},"canonical":"https:\/\/theuncommonshop.ch\/fr\/product\/protecc-x-the-uncommon-shop-acryl-case-pokemon-high-class-booster-display-japanese\/","og_locale":"fr_FR","og_type":"article","og_title":"Ach\u00e8te Protecc x The Uncommon Shop - Acryl Case - Pok\u00e9mon High Class Booster Display Japanese","og_description":"Ach\u00e8te Protecc x The Uncommon Shop - Acryl Case - Pok\u00e9mon High Class Booster Display Japanese en ligne maintenant \u00e0 petit prix! Ton #1 shop pour cartes TCG & Pok\u00e9mon en Suisse \u2713 Livraison gratuite d\u00e8s CHF 29","og_url":"https:\/\/theuncommonshop.ch\/fr\/product\/protecc-x-the-uncommon-shop-acryl-case-pokemon-high-class-booster-display-japanese\/","og_site_name":"Largest trading card shop in Switzerland","article_modified_time":"2026-04-13T18:45:58+00:00","og_image":[{"width":1500,"height":1500,"url":"https:\/\/theuncommonshop.ch\/wp-content\/uploads\/2026\/03\/Design-ohne-Titel-4.jpg","type":"image\/jpeg"}],"twitter_card":"summary_large_image","twitter_misc":{"Prix":"&#67;&#72;&#70;&nbsp;27.95","Disponibilit\u00e9":"En stock"},"schema":{"@context":"https:\/\/schema.org","@graph":[{"@type":"WebPage","@id":"https:\/\/theuncommonshop.ch\/fr\/product\/protecc-x-the-uncommon-shop-acryl-case-pokemon-high-class-booster-display-japanese\/","url":"https:\/\/theuncommonshop.ch\/fr\/product\/protecc-x-the-uncommon-shop-acryl-case-pokemon-high-class-booster-display-japanese\/","name":"Ach\u00e8te Protecc x The Uncommon Shop - Acryl Case - Pok\u00e9mon High Class Booster Display Japanese","isPartOf":{"@id":"https:\/\/theuncommonshop.ch\/#website"},"primaryImageOfPage":{"@id":"https:\/\/theuncommonshop.ch\/fr\/product\/protecc-x-the-uncommon-shop-acryl-case-pokemon-high-class-booster-display-japanese\/#primaryimage"},"image":{"@id":"https:\/\/theuncommonshop.ch\/fr\/product\/protecc-x-the-uncommon-shop-acryl-case-pokemon-high-class-booster-display-japanese\/#primaryimage"},"thumbnailUrl":"https:\/\/theuncommonshop.ch\/wp-content\/uploads\/2026\/03\/Design-ohne-Titel-4.jpg","datePublished":"2026-03-30T12:54:20+00:00","dateModified":"2026-04-13T18:45:58+00:00","description":"Ach\u00e8te Protecc x The Uncommon Shop - Acryl Case - Pok\u00e9mon High Class Booster Display Japanese en ligne maintenant \u00e0 petit prix! Ton #1 shop pour cartes TCG & Pok\u00e9mon en Suisse \u2713 Livraison gratuite d\u00e8s CHF 29","breadcrumb":{"@id":"https:\/\/theuncommonshop.ch\/fr\/product\/protecc-x-the-uncommon-shop-acryl-case-pokemon-high-class-booster-display-japanese\/#breadcrumb"},"inLanguage":"fr-FR","potentialAction":[{"@type":"ReadAction","target":["https:\/\/theuncommonshop.ch\/fr\/product\/protecc-x-the-uncommon-shop-acryl-case-pokemon-high-class-booster-display-japanese\/"]}]},{"@type":"ImageObject","inLanguage":"fr-FR","@id":"https:\/\/theuncommonshop.ch\/fr\/product\/protecc-x-the-uncommon-shop-acryl-case-pokemon-high-class-booster-display-japanese\/#primaryimage","url":"https:\/\/theuncommonshop.ch\/wp-content\/uploads\/2026\/03\/Design-ohne-Titel-4.jpg","contentUrl":"https:\/\/theuncommonshop.ch\/wp-content\/uploads\/2026\/03\/Design-ohne-Titel-4.jpg","width":1500,"height":1500,"caption":"Protecc x UCS Pokemon Japanese Display Acryl Case"},{"@type":"BreadcrumbList","@id":"https:\/\/theuncommonshop.ch\/fr\/product\/protecc-x-the-uncommon-shop-acryl-case-pokemon-high-class-booster-display-japanese\/#breadcrumb","itemListElement":[{"@type":"ListItem","position":1,"name":"Accueil","item":"https:\/\/theuncommonshop.ch\/fr\/accueil\/"},{"@type":"ListItem","position":2,"name":"Boutique","item":"https:\/\/theuncommonshop.ch\/fr\/boutique\/"},{"@type":"ListItem","position":3,"name":"Accessoires TCG","item":"https:\/\/theuncommonshop.ch\/fr\/categorie-produit\/accessoires-tcg\/"},{"@type":"ListItem","position":4,"name":"Rangement","item":"https:\/\/theuncommonshop.ch\/fr\/categorie-produit\/accessoires-tcg\/rangement\/"},{"@type":"ListItem","position":5,"name":"Tout","item":"https:\/\/theuncommonshop.ch\/fr\/categorie-produit\/accessoires-tcg\/rangement\/tout\/"},{"@type":"ListItem","position":6,"name":"Protecc x The Uncommon Shop &#8211; Acryl Case &#8211; Pok\u00e9mon High Class Booster Display Japanese"}]},{"@type":"WebSite","@id":"https:\/\/theuncommonshop.ch\/#website","url":"https:\/\/theuncommonshop.ch\/","name":"Largest trading card shop in Switzerland","description":"Magic, Pok\u00e9mon and Yu-gi-oh - The Uncommon Shop","potentialAction":[{"@type":"SearchAction","target":{"@type":"EntryPoint","urlTemplate":"https:\/\/theuncommonshop.ch\/?s={search_term_string}"},"query-input":{"@type":"PropertyValueSpecification","valueRequired":true,"valueName":"search_term_string"}}],"inLanguage":"fr-FR"}]},"product_price_amount":"27.95","product_price_currency":"CHF","og_availability":"instock","product_availability":"instock","product_retailer_item_id":"66825","product_condition":"new"},"_links":{"self":[{"href":"https:\/\/theuncommonshop.ch\/fr\/wp-json\/wp\/v2\/product\/362426","targetHints":{"allow":["GET"]}}],"collection":[{"href":"https:\/\/theuncommonshop.ch\/fr\/wp-json\/wp\/v2\/product"}],"about":[{"href":"https:\/\/theuncommonshop.ch\/fr\/wp-json\/wp\/v2\/types\/product"}],"replies":[{"embeddable":true,"href":"https:\/\/theuncommonshop.ch\/fr\/wp-json\/wp\/v2\/comments?post=362426"}],"version-history":[{"count":3,"href":"https:\/\/theuncommonshop.ch\/fr\/wp-json\/wp\/v2\/product\/362426\/revisions"}],"predecessor-version":[{"id":366614,"href":"https:\/\/theuncommonshop.ch\/fr\/wp-json\/wp\/v2\/product\/362426\/revisions\/366614"}],"wp:featuredmedia":[{"embeddable":true,"href":"https:\/\/theuncommonshop.ch\/fr\/wp-json\/wp\/v2\/media\/368616"}],"wp:attachment":[{"href":"https:\/\/theuncommonshop.ch\/fr\/wp-json\/wp\/v2\/media?parent=362426"}],"wp:term":[{"taxonomy":"product_brand","embeddable":true,"href":"https:\/\/theuncommonshop.ch\/fr\/wp-json\/wp\/v2\/product_brand?post=362426"},{"taxonomy":"product_cat","embeddable":true,"href":"https:\/\/theuncommonshop.ch\/fr\/wp-json\/wp\/v2\/product_cat?post=362426"},{"taxonomy":"product_tag","embeddable":true,"href":"https:\/\/theuncommonshop.ch\/fr\/wp-json\/wp\/v2\/product_tag?post=362426"}],"curies":[{"name":"wp","href":"https:\/\/api.w.org\/{rel}","templated":true}]}}