{"id":334197,"date":"2026-03-17T23:52:25","date_gmt":"2026-03-17T22:52:25","guid":{"rendered":"http:\/\/theuncommonshop.ch\/produkt\/334197\/"},"modified":"2026-03-31T12:02:00","modified_gmt":"2026-03-31T10:02:00","slug":"tcg-guru-9-pocket-toploader-zip-binder-xenon-black-2","status":"publish","type":"product","link":"https:\/\/theuncommonshop.ch\/fr\/product\/tcg-guru-9-pocket-toploader-zip-binder-xenon-black-2\/","title":{"rendered":"TCG GURU &#8211; Toploader 9-Pocket Zip Binder"},"content":{"rendered":"<p>Le TCG Guru 9 Pocket Toploader Binder est la solution id\u00e9ale pour tous ceux qui souhaitent pr\u00e9senter leurs cartes \u00e0 collectionner les plus pr\u00e9cieuses de mani\u00e8re s\u00fbre et professionnelle. Sp\u00e9cialement con\u00e7u pour les Toploaders, ce Binder combine une protection optimale avec un design raffin\u00e9 et une fonctionnalit\u00e9 maximale. <\/p>\n<p>Fabriqu\u00e9 dans un mat\u00e9riau robuste et hydrofuge, le Binder prot\u00e8ge efficacement vos cartes de l&#8217;humidit\u00e9, de la salet\u00e9 et de l&#8217;usure. Les coutures renforc\u00e9es et soigneusement travaill\u00e9es assurent une durabilit\u00e9 suppl\u00e9mentaire et emp\u00eachent l&#8217;effilochage ou la d\u00e9chirure. <\/p>\n<p>Gr\u00e2ce \u00e0 leur conception bien pens\u00e9e, les Toploaders s&#8217;ins\u00e8rent et se retirent facilement, sans endommager les cartes ou les pochettes.<\/p>\n<p>Particuli\u00e8rement pratique : le Pocket Toploader Binder TCG Guru 9 est parfaitement adapt\u00e9 aux Toploaders TCG Guru. Vous b\u00e9n\u00e9ficiez ainsi d&#8217;un ajustement parfait et d&#8217;une protection maximale &#8211; pour une pr\u00e9sentation de qualit\u00e9 et un stockage s\u00fbr de vos objets de collection. <\/p>\n<p>Faits et caract\u00e9ristiques :<\/p>\n<ul>\n<li>9 cartes par page<\/li>\n<li>14 pages pour jusqu&#8217;\u00e0 252 cartes<\/li>\n<\/ul>\n","protected":false},"excerpt":{"rendered":"<p>Le TCG Guru 9 Pocket Toploader Binder est la solution id\u00e9ale pour tous ceux qui souhaitent pr\u00e9senter leurs cartes \u00e0<\/p>\n","protected":false},"featured_media":334174,"comment_status":"open","ping_status":"closed","template":"","meta":{"_acf_changed":false},"product_brand":[5172],"product_cat":[9859,9863,10265,10031,10261],"product_tag":[],"class_list":{"0":"post-334197","1":"product","2":"type-product","3":"status-publish","4":"has-post-thumbnail","6":"product_brand-tcg-guru","7":"product_cat-accessoires-tcg","8":"product_cat-binder-fr","9":"product_cat-binder-special","10":"product_cat-tous-les-binder","11":"product_cat-unicolore","13":"first","14":"instock","15":"taxable","16":"shipping-taxable","17":"purchasable","18":"product-type-variable"},"acf":[],"yoast_head":"<!-- This site is optimized with the Yoast SEO plugin v27.4 - https:\/\/yoast.com\/product\/yoast-seo-wordpress\/ -->\n<title>Ach\u00e8te TCG GURU - Toploader 9-Pocket Zip Binder<\/title>\n<meta name=\"description\" content=\"Ach\u00e8te TCG GURU - Toploader 9-Pocket Zip Binder en ligne maintenant \u00e0 petit prix! Ton #1 shop pour cartes TCG &amp; Pok\u00e9mon en Suisse \u2713 Livraison gratuite d\u00e8s CHF 29\" \/>\n<meta name=\"robots\" content=\"index, follow, max-snippet:-1, max-image-preview:large, max-video-preview:-1\" \/>\n<link rel=\"canonical\" href=\"https:\/\/theuncommonshop.ch\/fr\/product\/tcg-guru-9-pocket-toploader-zip-binder-xenon-black-2\/\" \/>\n<meta property=\"og:locale\" content=\"fr_FR\" \/>\n<meta property=\"og:type\" content=\"article\" \/>\n<meta property=\"og:title\" content=\"Ach\u00e8te TCG GURU - Toploader 9-Pocket Zip Binder\" \/>\n<meta property=\"og:description\" content=\"Ach\u00e8te TCG GURU - Toploader 9-Pocket Zip Binder en ligne maintenant \u00e0 petit prix! Ton #1 shop pour cartes TCG &amp; Pok\u00e9mon en Suisse \u2713 Livraison gratuite d\u00e8s CHF 29\" \/>\n<meta property=\"og:url\" content=\"https:\/\/theuncommonshop.ch\/fr\/product\/tcg-guru-9-pocket-toploader-zip-binder-xenon-black-2\/\" \/>\n<meta property=\"og:site_name\" content=\"Largest trading card shop in Switzerland\" \/>\n<meta property=\"article:modified_time\" content=\"2026-03-31T10:02:00+00:00\" \/>\n<meta property=\"og:image\" content=\"https:\/\/theuncommonshop.ch\/wp-content\/uploads\/2026\/03\/Guru1.jpg\" \/>\n\t<meta property=\"og:image:width\" content=\"783\" \/>\n\t<meta property=\"og:image:height\" content=\"687\" \/>\n\t<meta property=\"og:image:type\" content=\"image\/jpeg\" \/>\n<meta name=\"twitter:card\" content=\"summary_large_image\" \/>\n<meta name=\"twitter:label1\" content=\"Disponibilit\u00e9\" \/>\n\t<meta name=\"twitter:data1\" content=\"En stock\" \/>\n<script type=\"application\/ld+json\" class=\"yoast-schema-graph\">{\"@context\":\"https:\\\/\\\/schema.org\",\"@graph\":[{\"@type\":\"WebPage\",\"@id\":\"https:\\\/\\\/theuncommonshop.ch\\\/fr\\\/product\\\/tcg-guru-9-pocket-toploader-zip-binder-xenon-black-2\\\/\",\"url\":\"https:\\\/\\\/theuncommonshop.ch\\\/fr\\\/product\\\/tcg-guru-9-pocket-toploader-zip-binder-xenon-black-2\\\/\",\"name\":\"Ach\u00e8te TCG GURU - Toploader 9-Pocket Zip Binder\",\"isPartOf\":{\"@id\":\"https:\\\/\\\/theuncommonshop.ch\\\/#website\"},\"primaryImageOfPage\":{\"@id\":\"https:\\\/\\\/theuncommonshop.ch\\\/fr\\\/product\\\/tcg-guru-9-pocket-toploader-zip-binder-xenon-black-2\\\/#primaryimage\"},\"image\":{\"@id\":\"https:\\\/\\\/theuncommonshop.ch\\\/fr\\\/product\\\/tcg-guru-9-pocket-toploader-zip-binder-xenon-black-2\\\/#primaryimage\"},\"thumbnailUrl\":\"https:\\\/\\\/theuncommonshop.ch\\\/wp-content\\\/uploads\\\/2026\\\/03\\\/Guru1.jpg\",\"datePublished\":\"2026-03-17T22:52:25+00:00\",\"dateModified\":\"2026-03-31T10:02:00+00:00\",\"description\":\"Ach\u00e8te TCG GURU - Toploader 9-Pocket Zip Binder en ligne maintenant \u00e0 petit prix! Ton #1 shop pour cartes TCG & Pok\u00e9mon en Suisse \u2713 Livraison gratuite d\u00e8s CHF 29\",\"breadcrumb\":{\"@id\":\"https:\\\/\\\/theuncommonshop.ch\\\/fr\\\/product\\\/tcg-guru-9-pocket-toploader-zip-binder-xenon-black-2\\\/#breadcrumb\"},\"inLanguage\":\"fr-FR\",\"potentialAction\":[{\"@type\":\"ReadAction\",\"target\":[\"https:\\\/\\\/theuncommonshop.ch\\\/fr\\\/product\\\/tcg-guru-9-pocket-toploader-zip-binder-xenon-black-2\\\/\"]}]},{\"@type\":\"ImageObject\",\"inLanguage\":\"fr-FR\",\"@id\":\"https:\\\/\\\/theuncommonshop.ch\\\/fr\\\/product\\\/tcg-guru-9-pocket-toploader-zip-binder-xenon-black-2\\\/#primaryimage\",\"url\":\"https:\\\/\\\/theuncommonshop.ch\\\/wp-content\\\/uploads\\\/2026\\\/03\\\/Guru1.jpg\",\"contentUrl\":\"https:\\\/\\\/theuncommonshop.ch\\\/wp-content\\\/uploads\\\/2026\\\/03\\\/Guru1.jpg\",\"width\":783,\"height\":687},{\"@type\":\"BreadcrumbList\",\"@id\":\"https:\\\/\\\/theuncommonshop.ch\\\/fr\\\/product\\\/tcg-guru-9-pocket-toploader-zip-binder-xenon-black-2\\\/#breadcrumb\",\"itemListElement\":[{\"@type\":\"ListItem\",\"position\":1,\"name\":\"Accueil\",\"item\":\"https:\\\/\\\/theuncommonshop.ch\\\/fr\\\/accueil\\\/\"},{\"@type\":\"ListItem\",\"position\":2,\"name\":\"Boutique\",\"item\":\"https:\\\/\\\/theuncommonshop.ch\\\/fr\\\/boutique\\\/\"},{\"@type\":\"ListItem\",\"position\":3,\"name\":\"TCG Zubeh\u00f6r\",\"item\":\"https:\\\/\\\/theuncommonshop.ch\\\/produktkategorie\\\/tcg-zubehoer\\\/\"},{\"@type\":\"ListItem\",\"position\":4,\"name\":\"Binder\",\"item\":\"https:\\\/\\\/theuncommonshop.ch\\\/produktkategorie\\\/tcg-zubehoer\\\/binder\\\/\"},{\"@type\":\"ListItem\",\"position\":5,\"name\":\"Alle Binder\",\"item\":\"https:\\\/\\\/theuncommonshop.ch\\\/produktkategorie\\\/tcg-zubehoer\\\/binder\\\/binder-all\\\/\"},{\"@type\":\"ListItem\",\"position\":6,\"name\":\"TCG GURU &#8211; Toploader 9-Pocket Zip Binder\"}]},{\"@type\":\"WebSite\",\"@id\":\"https:\\\/\\\/theuncommonshop.ch\\\/#website\",\"url\":\"https:\\\/\\\/theuncommonshop.ch\\\/\",\"name\":\"Largest trading card shop in Switzerland\",\"description\":\"Magic, Pok\u00e9mon and Yu-gi-oh - The Uncommon Shop\",\"potentialAction\":[{\"@type\":\"SearchAction\",\"target\":{\"@type\":\"EntryPoint\",\"urlTemplate\":\"https:\\\/\\\/theuncommonshop.ch\\\/?s={search_term_string}\"},\"query-input\":{\"@type\":\"PropertyValueSpecification\",\"valueRequired\":true,\"valueName\":\"search_term_string\"}}],\"inLanguage\":\"fr-FR\"}]}<\/script>\n<meta property=\"og:availability\" content=\"instock\" \/>\n<meta property=\"product:availability\" content=\"instock\" \/>\n<meta property=\"product:condition\" content=\"new\" \/>\n<!-- \/ Yoast SEO plugin. -->","yoast_head_json":{"title":"Ach\u00e8te TCG GURU - Toploader 9-Pocket Zip Binder","description":"Ach\u00e8te TCG GURU - Toploader 9-Pocket Zip Binder en ligne maintenant \u00e0 petit prix! Ton #1 shop pour cartes TCG & Pok\u00e9mon en Suisse \u2713 Livraison gratuite d\u00e8s CHF 29","robots":{"index":"index","follow":"follow","max-snippet":"max-snippet:-1","max-image-preview":"max-image-preview:large","max-video-preview":"max-video-preview:-1"},"canonical":"https:\/\/theuncommonshop.ch\/fr\/product\/tcg-guru-9-pocket-toploader-zip-binder-xenon-black-2\/","og_locale":"fr_FR","og_type":"article","og_title":"Ach\u00e8te TCG GURU - Toploader 9-Pocket Zip Binder","og_description":"Ach\u00e8te TCG GURU - Toploader 9-Pocket Zip Binder en ligne maintenant \u00e0 petit prix! Ton #1 shop pour cartes TCG & Pok\u00e9mon en Suisse \u2713 Livraison gratuite d\u00e8s CHF 29","og_url":"https:\/\/theuncommonshop.ch\/fr\/product\/tcg-guru-9-pocket-toploader-zip-binder-xenon-black-2\/","og_site_name":"Largest trading card shop in Switzerland","article_modified_time":"2026-03-31T10:02:00+00:00","og_image":[{"width":783,"height":687,"url":"https:\/\/theuncommonshop.ch\/wp-content\/uploads\/2026\/03\/Guru1.jpg","type":"image\/jpeg"}],"twitter_card":"summary_large_image","twitter_misc":{"Disponibilit\u00e9":"En stock"},"schema":{"@context":"https:\/\/schema.org","@graph":[{"@type":"WebPage","@id":"https:\/\/theuncommonshop.ch\/fr\/product\/tcg-guru-9-pocket-toploader-zip-binder-xenon-black-2\/","url":"https:\/\/theuncommonshop.ch\/fr\/product\/tcg-guru-9-pocket-toploader-zip-binder-xenon-black-2\/","name":"Ach\u00e8te TCG GURU - Toploader 9-Pocket Zip Binder","isPartOf":{"@id":"https:\/\/theuncommonshop.ch\/#website"},"primaryImageOfPage":{"@id":"https:\/\/theuncommonshop.ch\/fr\/product\/tcg-guru-9-pocket-toploader-zip-binder-xenon-black-2\/#primaryimage"},"image":{"@id":"https:\/\/theuncommonshop.ch\/fr\/product\/tcg-guru-9-pocket-toploader-zip-binder-xenon-black-2\/#primaryimage"},"thumbnailUrl":"https:\/\/theuncommonshop.ch\/wp-content\/uploads\/2026\/03\/Guru1.jpg","datePublished":"2026-03-17T22:52:25+00:00","dateModified":"2026-03-31T10:02:00+00:00","description":"Ach\u00e8te TCG GURU - Toploader 9-Pocket Zip Binder en ligne maintenant \u00e0 petit prix! Ton #1 shop pour cartes TCG & Pok\u00e9mon en Suisse \u2713 Livraison gratuite d\u00e8s CHF 29","breadcrumb":{"@id":"https:\/\/theuncommonshop.ch\/fr\/product\/tcg-guru-9-pocket-toploader-zip-binder-xenon-black-2\/#breadcrumb"},"inLanguage":"fr-FR","potentialAction":[{"@type":"ReadAction","target":["https:\/\/theuncommonshop.ch\/fr\/product\/tcg-guru-9-pocket-toploader-zip-binder-xenon-black-2\/"]}]},{"@type":"ImageObject","inLanguage":"fr-FR","@id":"https:\/\/theuncommonshop.ch\/fr\/product\/tcg-guru-9-pocket-toploader-zip-binder-xenon-black-2\/#primaryimage","url":"https:\/\/theuncommonshop.ch\/wp-content\/uploads\/2026\/03\/Guru1.jpg","contentUrl":"https:\/\/theuncommonshop.ch\/wp-content\/uploads\/2026\/03\/Guru1.jpg","width":783,"height":687},{"@type":"BreadcrumbList","@id":"https:\/\/theuncommonshop.ch\/fr\/product\/tcg-guru-9-pocket-toploader-zip-binder-xenon-black-2\/#breadcrumb","itemListElement":[{"@type":"ListItem","position":1,"name":"Accueil","item":"https:\/\/theuncommonshop.ch\/fr\/accueil\/"},{"@type":"ListItem","position":2,"name":"Boutique","item":"https:\/\/theuncommonshop.ch\/fr\/boutique\/"},{"@type":"ListItem","position":3,"name":"TCG Zubeh\u00f6r","item":"https:\/\/theuncommonshop.ch\/produktkategorie\/tcg-zubehoer\/"},{"@type":"ListItem","position":4,"name":"Binder","item":"https:\/\/theuncommonshop.ch\/produktkategorie\/tcg-zubehoer\/binder\/"},{"@type":"ListItem","position":5,"name":"Alle Binder","item":"https:\/\/theuncommonshop.ch\/produktkategorie\/tcg-zubehoer\/binder\/binder-all\/"},{"@type":"ListItem","position":6,"name":"TCG GURU &#8211; Toploader 9-Pocket Zip Binder"}]},{"@type":"WebSite","@id":"https:\/\/theuncommonshop.ch\/#website","url":"https:\/\/theuncommonshop.ch\/","name":"Largest trading card shop in Switzerland","description":"Magic, Pok\u00e9mon and Yu-gi-oh - The Uncommon Shop","potentialAction":[{"@type":"SearchAction","target":{"@type":"EntryPoint","urlTemplate":"https:\/\/theuncommonshop.ch\/?s={search_term_string}"},"query-input":{"@type":"PropertyValueSpecification","valueRequired":true,"valueName":"search_term_string"}}],"inLanguage":"fr-FR"}]},"og_availability":"instock","product_availability":"instock","product_condition":"new"},"_links":{"self":[{"href":"https:\/\/theuncommonshop.ch\/fr\/wp-json\/wp\/v2\/product\/334197","targetHints":{"allow":["GET"]}}],"collection":[{"href":"https:\/\/theuncommonshop.ch\/fr\/wp-json\/wp\/v2\/product"}],"about":[{"href":"https:\/\/theuncommonshop.ch\/fr\/wp-json\/wp\/v2\/types\/product"}],"replies":[{"embeddable":true,"href":"https:\/\/theuncommonshop.ch\/fr\/wp-json\/wp\/v2\/comments?post=334197"}],"version-history":[{"count":2,"href":"https:\/\/theuncommonshop.ch\/fr\/wp-json\/wp\/v2\/product\/334197\/revisions"}],"predecessor-version":[{"id":363170,"href":"https:\/\/theuncommonshop.ch\/fr\/wp-json\/wp\/v2\/product\/334197\/revisions\/363170"}],"wp:featuredmedia":[{"embeddable":true,"href":"https:\/\/theuncommonshop.ch\/fr\/wp-json\/wp\/v2\/media\/334174"}],"wp:attachment":[{"href":"https:\/\/theuncommonshop.ch\/fr\/wp-json\/wp\/v2\/media?parent=334197"}],"wp:term":[{"taxonomy":"product_brand","embeddable":true,"href":"https:\/\/theuncommonshop.ch\/fr\/wp-json\/wp\/v2\/product_brand?post=334197"},{"taxonomy":"product_cat","embeddable":true,"href":"https:\/\/theuncommonshop.ch\/fr\/wp-json\/wp\/v2\/product_cat?post=334197"},{"taxonomy":"product_tag","embeddable":true,"href":"https:\/\/theuncommonshop.ch\/fr\/wp-json\/wp\/v2\/product_tag?post=334197"}],"curies":[{"name":"wp","href":"https:\/\/api.w.org\/{rel}","templated":true}]}}