{"id":334063,"date":"2026-03-17T23:19:44","date_gmt":"2026-03-17T22:19:44","guid":{"rendered":"http:\/\/theuncommonshop.ch\/produkt\/334063\/"},"modified":"2026-04-16T14:40:55","modified_gmt":"2026-04-16T12:40:55","slug":"topps-midnight-basketball-2025-26-hobby-box-3","status":"publish","type":"product","link":"https:\/\/theuncommonshop.ch\/fr\/product\/topps-midnight-basketball-2025-26-hobby-box-3\/","title":{"rendered":"Topps &#8211; Midnight Basketball 2025\/26 &#8211; Hobby Box"},"content":{"rendered":"<p>Topps Midnight Basketball revient pour la saison 2025-26 avec un m\u00e9lange impressionnant de design de qualit\u00e9 et d&#8217;attitude &#8220;after hours&#8221;. Collectionnez les autographes des sets &#8220;Stroke of Midnight&#8221;, &#8220;Midnight Sun&#8221;, &#8220;Dark Matter&#8221;, &#8220;Horizon&#8221;, &#8220;Midnight Oil&#8221; et du nouveau set &#8220;Dark Marks&#8221; avec les meilleurs rookies, v\u00e9t\u00e9rans superstars et l\u00e9gendes retrait\u00e9es de l&#8217;ann\u00e9e. Partez \u00e0 la chasse aux nouveaux tubes audacieux de Case et aux suppl\u00e9ments rares comme &#8220;Night Owls&#8221;, &#8220;Daydreamers&#8221;, &#8220;Nightshade&#8221; et &#8220;Dreamland&#8221;. De plus, Midnight Basketball pr\u00e9sentera les premiers autographes de patch de recrues de la draft 2025-26, dont Cooper Flagg, Kon Kneuppel, Dylan Harper et bien d&#8217;autres.   <\/p>\n<p>7 cartes par paquet, 1 paquet par bo\u00eete<\/p>\n<p>3 autographes Chrome\u00ae par bo\u00eete<\/p>\n","protected":false},"excerpt":{"rendered":"<p>Topps Midnight Basketball revient pour la saison 2025-26 avec un m\u00e9lange impressionnant de design de qualit\u00e9 et d&#8217;attitude &#8220;after hours&#8221;.<\/p>\n","protected":false},"featured_media":334030,"comment_status":"open","ping_status":"closed","template":"","meta":{"_acf_changed":false},"product_brand":[5130],"product_cat":[9785,10323,9797,10329],"product_tag":[],"class_list":{"0":"post-334063","1":"product","2":"type-product","3":"status-publish","4":"has-post-thumbnail","6":"product_brand-topps","7":"product_cat-autres-cartes-a-collectionner","8":"product_cat-cartes-sportives-topps","9":"product_cat-cartes-topps","10":"product_cat-topps-autres-sports","12":"first","13":"instock","14":"taxable","15":"shipping-taxable","16":"purchasable","17":"product-type-simple"},"acf":[],"yoast_head":"<!-- This site is optimized with the Yoast SEO plugin v27.4 - https:\/\/yoast.com\/product\/yoast-seo-wordpress\/ -->\n<title>Ach\u00e8te Topps - Midnight Basketball 2025\/26 - Hobby Box<\/title>\n<meta name=\"description\" content=\"Ach\u00e8te Topps - Midnight Basketball 2025\/26 - Hobby Box en ligne maintenant \u00e0 petit prix! Ton #1 shop pour cartes TCG &amp; Pok\u00e9mon en Suisse \u2713 Livraison gratuite d\u00e8s CHF 29\" \/>\n<meta name=\"robots\" content=\"index, follow, max-snippet:-1, max-image-preview:large, max-video-preview:-1\" \/>\n<link rel=\"canonical\" href=\"https:\/\/theuncommonshop.ch\/fr\/product\/topps-midnight-basketball-2025-26-hobby-box-3\/\" \/>\n<meta property=\"og:locale\" content=\"fr_FR\" \/>\n<meta property=\"og:type\" content=\"article\" \/>\n<meta property=\"og:title\" content=\"Ach\u00e8te Topps - Midnight Basketball 2025\/26 - Hobby Box\" \/>\n<meta property=\"og:description\" content=\"Ach\u00e8te Topps - Midnight Basketball 2025\/26 - Hobby Box en ligne maintenant \u00e0 petit prix! Ton #1 shop pour cartes TCG &amp; Pok\u00e9mon en Suisse \u2713 Livraison gratuite d\u00e8s CHF 29\" \/>\n<meta property=\"og:url\" content=\"https:\/\/theuncommonshop.ch\/fr\/product\/topps-midnight-basketball-2025-26-hobby-box-3\/\" \/>\n<meta property=\"og:site_name\" content=\"The Uncommon Shop\" \/>\n<meta property=\"article:modified_time\" content=\"2026-04-16T12:40:55+00:00\" \/>\n<meta property=\"og:image\" content=\"https:\/\/theuncommonshop.ch\/wp-content\/uploads\/2026\/03\/MID1.webp\" \/>\n\t<meta property=\"og:image:width\" content=\"1500\" \/>\n\t<meta property=\"og:image:height\" content=\"1500\" \/>\n\t<meta property=\"og:image:type\" content=\"image\/webp\" \/>\n<meta name=\"twitter:card\" content=\"summary_large_image\" \/>\n<meta name=\"twitter:label1\" content=\"Prix\" \/>\n\t<meta name=\"twitter:data1\" content=\"&#067;&#072;&#070;&nbsp;989.95\" \/>\n\t<meta name=\"twitter:label2\" content=\"Disponibilit\u00e9\" \/>\n\t<meta name=\"twitter:data2\" content=\"En stock\" \/>\n<script type=\"application\/ld+json\" class=\"yoast-schema-graph\">{\"@context\":\"https:\\\/\\\/schema.org\",\"@graph\":[{\"@type\":\"WebPage\",\"@id\":\"https:\\\/\\\/theuncommonshop.ch\\\/fr\\\/product\\\/topps-midnight-basketball-2025-26-hobby-box-3\\\/\",\"url\":\"https:\\\/\\\/theuncommonshop.ch\\\/fr\\\/product\\\/topps-midnight-basketball-2025-26-hobby-box-3\\\/\",\"name\":\"Ach\u00e8te Topps - Midnight Basketball 2025\\\/26 - Hobby Box\",\"isPartOf\":{\"@id\":\"https:\\\/\\\/theuncommonshop.ch\\\/fr\\\/#website\"},\"primaryImageOfPage\":{\"@id\":\"https:\\\/\\\/theuncommonshop.ch\\\/fr\\\/product\\\/topps-midnight-basketball-2025-26-hobby-box-3\\\/#primaryimage\"},\"image\":{\"@id\":\"https:\\\/\\\/theuncommonshop.ch\\\/fr\\\/product\\\/topps-midnight-basketball-2025-26-hobby-box-3\\\/#primaryimage\"},\"thumbnailUrl\":\"https:\\\/\\\/theuncommonshop.ch\\\/wp-content\\\/uploads\\\/2026\\\/03\\\/MID1.webp\",\"datePublished\":\"2026-03-17T22:19:44+00:00\",\"dateModified\":\"2026-04-16T12:40:55+00:00\",\"description\":\"Ach\u00e8te Topps - Midnight Basketball 2025\\\/26 - Hobby Box en ligne maintenant \u00e0 petit prix! Ton #1 shop pour cartes TCG & Pok\u00e9mon en Suisse \u2713 Livraison gratuite d\u00e8s CHF 29\",\"breadcrumb\":{\"@id\":\"https:\\\/\\\/theuncommonshop.ch\\\/fr\\\/product\\\/topps-midnight-basketball-2025-26-hobby-box-3\\\/#breadcrumb\"},\"inLanguage\":\"fr-FR\",\"potentialAction\":[{\"@type\":\"ReadAction\",\"target\":[\"https:\\\/\\\/theuncommonshop.ch\\\/fr\\\/product\\\/topps-midnight-basketball-2025-26-hobby-box-3\\\/\"]}]},{\"@type\":\"ImageObject\",\"inLanguage\":\"fr-FR\",\"@id\":\"https:\\\/\\\/theuncommonshop.ch\\\/fr\\\/product\\\/topps-midnight-basketball-2025-26-hobby-box-3\\\/#primaryimage\",\"url\":\"https:\\\/\\\/theuncommonshop.ch\\\/wp-content\\\/uploads\\\/2026\\\/03\\\/MID1.webp\",\"contentUrl\":\"https:\\\/\\\/theuncommonshop.ch\\\/wp-content\\\/uploads\\\/2026\\\/03\\\/MID1.webp\",\"width\":1500,\"height\":1500},{\"@type\":\"BreadcrumbList\",\"@id\":\"https:\\\/\\\/theuncommonshop.ch\\\/fr\\\/product\\\/topps-midnight-basketball-2025-26-hobby-box-3\\\/#breadcrumb\",\"itemListElement\":[{\"@type\":\"ListItem\",\"position\":1,\"name\":\"Accueil\",\"item\":\"https:\\\/\\\/theuncommonshop.ch\\\/fr\\\/accueil\\\/\"},{\"@type\":\"ListItem\",\"position\":2,\"name\":\"Boutique\",\"item\":\"https:\\\/\\\/theuncommonshop.ch\\\/fr\\\/boutique\\\/\"},{\"@type\":\"ListItem\",\"position\":3,\"name\":\"Autres cartes \u00e0 collectionner\",\"item\":\"https:\\\/\\\/theuncommonshop.ch\\\/fr\\\/categorie-produit\\\/autres-cartes-a-collectionner\\\/\"},{\"@type\":\"ListItem\",\"position\":4,\"name\":\"Cartes Topps\",\"item\":\"https:\\\/\\\/theuncommonshop.ch\\\/fr\\\/categorie-produit\\\/autres-cartes-a-collectionner\\\/cartes-topps\\\/\"},{\"@type\":\"ListItem\",\"position\":5,\"name\":\"Cartes sportives Topps\",\"item\":\"https:\\\/\\\/theuncommonshop.ch\\\/fr\\\/categorie-produit\\\/autres-cartes-a-collectionner\\\/cartes-topps\\\/cartes-sportives-topps\\\/\"},{\"@type\":\"ListItem\",\"position\":6,\"name\":\"Topps Autres sports\",\"item\":\"https:\\\/\\\/theuncommonshop.ch\\\/fr\\\/categorie-produit\\\/autres-cartes-a-collectionner\\\/cartes-topps\\\/cartes-sportives-topps\\\/topps-autres-sports\\\/\"},{\"@type\":\"ListItem\",\"position\":7,\"name\":\"Topps &#8211; Midnight Basketball 2025\\\/26 &#8211; Hobby Box\"}]},{\"@type\":\"WebSite\",\"@id\":\"https:\\\/\\\/theuncommonshop.ch\\\/fr\\\/#website\",\"url\":\"https:\\\/\\\/theuncommonshop.ch\\\/fr\\\/\",\"name\":\"The Uncommon Shop\",\"description\":\"Magic, Pok\u00e9mon and Yu-gi-oh - The Uncommon Shop\",\"potentialAction\":[{\"@type\":\"SearchAction\",\"target\":{\"@type\":\"EntryPoint\",\"urlTemplate\":\"https:\\\/\\\/theuncommonshop.ch\\\/fr\\\/?s={search_term_string}\"},\"query-input\":{\"@type\":\"PropertyValueSpecification\",\"valueRequired\":true,\"valueName\":\"search_term_string\"}}],\"inLanguage\":\"fr-FR\"}]}<\/script>\n<meta property=\"product:price:amount\" content=\"989.95\" \/>\n<meta property=\"product:price:currency\" content=\"CHF\" \/>\n<meta property=\"og:availability\" content=\"instock\" \/>\n<meta property=\"product:availability\" content=\"instock\" \/>\n<meta property=\"product:retailer_item_id\" content=\"66809\" \/>\n<meta property=\"product:condition\" content=\"new\" \/>\n<!-- \/ Yoast SEO plugin. -->","yoast_head_json":{"title":"Ach\u00e8te Topps - Midnight Basketball 2025\/26 - Hobby Box","description":"Ach\u00e8te Topps - Midnight Basketball 2025\/26 - Hobby Box en ligne maintenant \u00e0 petit prix! Ton #1 shop pour cartes TCG & Pok\u00e9mon en Suisse \u2713 Livraison gratuite d\u00e8s CHF 29","robots":{"index":"index","follow":"follow","max-snippet":"max-snippet:-1","max-image-preview":"max-image-preview:large","max-video-preview":"max-video-preview:-1"},"canonical":"https:\/\/theuncommonshop.ch\/fr\/product\/topps-midnight-basketball-2025-26-hobby-box-3\/","og_locale":"fr_FR","og_type":"article","og_title":"Ach\u00e8te Topps - Midnight Basketball 2025\/26 - Hobby Box","og_description":"Ach\u00e8te Topps - Midnight Basketball 2025\/26 - Hobby Box en ligne maintenant \u00e0 petit prix! Ton #1 shop pour cartes TCG & Pok\u00e9mon en Suisse \u2713 Livraison gratuite d\u00e8s CHF 29","og_url":"https:\/\/theuncommonshop.ch\/fr\/product\/topps-midnight-basketball-2025-26-hobby-box-3\/","og_site_name":"The Uncommon Shop","article_modified_time":"2026-04-16T12:40:55+00:00","og_image":[{"width":1500,"height":1500,"url":"https:\/\/theuncommonshop.ch\/wp-content\/uploads\/2026\/03\/MID1.webp","type":"image\/webp"}],"twitter_card":"summary_large_image","twitter_misc":{"Prix":"&#67;&#72;&#70;&nbsp;989.95","Disponibilit\u00e9":"En stock"},"schema":{"@context":"https:\/\/schema.org","@graph":[{"@type":"WebPage","@id":"https:\/\/theuncommonshop.ch\/fr\/product\/topps-midnight-basketball-2025-26-hobby-box-3\/","url":"https:\/\/theuncommonshop.ch\/fr\/product\/topps-midnight-basketball-2025-26-hobby-box-3\/","name":"Ach\u00e8te Topps - Midnight Basketball 2025\/26 - Hobby Box","isPartOf":{"@id":"https:\/\/theuncommonshop.ch\/fr\/#website"},"primaryImageOfPage":{"@id":"https:\/\/theuncommonshop.ch\/fr\/product\/topps-midnight-basketball-2025-26-hobby-box-3\/#primaryimage"},"image":{"@id":"https:\/\/theuncommonshop.ch\/fr\/product\/topps-midnight-basketball-2025-26-hobby-box-3\/#primaryimage"},"thumbnailUrl":"https:\/\/theuncommonshop.ch\/wp-content\/uploads\/2026\/03\/MID1.webp","datePublished":"2026-03-17T22:19:44+00:00","dateModified":"2026-04-16T12:40:55+00:00","description":"Ach\u00e8te Topps - Midnight Basketball 2025\/26 - Hobby Box en ligne maintenant \u00e0 petit prix! Ton #1 shop pour cartes TCG & Pok\u00e9mon en Suisse \u2713 Livraison gratuite d\u00e8s CHF 29","breadcrumb":{"@id":"https:\/\/theuncommonshop.ch\/fr\/product\/topps-midnight-basketball-2025-26-hobby-box-3\/#breadcrumb"},"inLanguage":"fr-FR","potentialAction":[{"@type":"ReadAction","target":["https:\/\/theuncommonshop.ch\/fr\/product\/topps-midnight-basketball-2025-26-hobby-box-3\/"]}]},{"@type":"ImageObject","inLanguage":"fr-FR","@id":"https:\/\/theuncommonshop.ch\/fr\/product\/topps-midnight-basketball-2025-26-hobby-box-3\/#primaryimage","url":"https:\/\/theuncommonshop.ch\/wp-content\/uploads\/2026\/03\/MID1.webp","contentUrl":"https:\/\/theuncommonshop.ch\/wp-content\/uploads\/2026\/03\/MID1.webp","width":1500,"height":1500},{"@type":"BreadcrumbList","@id":"https:\/\/theuncommonshop.ch\/fr\/product\/topps-midnight-basketball-2025-26-hobby-box-3\/#breadcrumb","itemListElement":[{"@type":"ListItem","position":1,"name":"Accueil","item":"https:\/\/theuncommonshop.ch\/fr\/accueil\/"},{"@type":"ListItem","position":2,"name":"Boutique","item":"https:\/\/theuncommonshop.ch\/fr\/boutique\/"},{"@type":"ListItem","position":3,"name":"Autres cartes \u00e0 collectionner","item":"https:\/\/theuncommonshop.ch\/fr\/categorie-produit\/autres-cartes-a-collectionner\/"},{"@type":"ListItem","position":4,"name":"Cartes Topps","item":"https:\/\/theuncommonshop.ch\/fr\/categorie-produit\/autres-cartes-a-collectionner\/cartes-topps\/"},{"@type":"ListItem","position":5,"name":"Cartes sportives Topps","item":"https:\/\/theuncommonshop.ch\/fr\/categorie-produit\/autres-cartes-a-collectionner\/cartes-topps\/cartes-sportives-topps\/"},{"@type":"ListItem","position":6,"name":"Topps Autres sports","item":"https:\/\/theuncommonshop.ch\/fr\/categorie-produit\/autres-cartes-a-collectionner\/cartes-topps\/cartes-sportives-topps\/topps-autres-sports\/"},{"@type":"ListItem","position":7,"name":"Topps &#8211; Midnight Basketball 2025\/26 &#8211; Hobby Box"}]},{"@type":"WebSite","@id":"https:\/\/theuncommonshop.ch\/fr\/#website","url":"https:\/\/theuncommonshop.ch\/fr\/","name":"The Uncommon Shop","description":"Magic, Pok\u00e9mon and Yu-gi-oh - The Uncommon Shop","potentialAction":[{"@type":"SearchAction","target":{"@type":"EntryPoint","urlTemplate":"https:\/\/theuncommonshop.ch\/fr\/?s={search_term_string}"},"query-input":{"@type":"PropertyValueSpecification","valueRequired":true,"valueName":"search_term_string"}}],"inLanguage":"fr-FR"}]},"product_price_amount":"989.95","product_price_currency":"CHF","og_availability":"instock","product_availability":"instock","product_retailer_item_id":"66809","product_condition":"new"},"_links":{"self":[{"href":"https:\/\/theuncommonshop.ch\/fr\/wp-json\/wp\/v2\/product\/334063","targetHints":{"allow":["GET"]}}],"collection":[{"href":"https:\/\/theuncommonshop.ch\/fr\/wp-json\/wp\/v2\/product"}],"about":[{"href":"https:\/\/theuncommonshop.ch\/fr\/wp-json\/wp\/v2\/types\/product"}],"replies":[{"embeddable":true,"href":"https:\/\/theuncommonshop.ch\/fr\/wp-json\/wp\/v2\/comments?post=334063"}],"version-history":[{"count":0,"href":"https:\/\/theuncommonshop.ch\/fr\/wp-json\/wp\/v2\/product\/334063\/revisions"}],"wp:featuredmedia":[{"embeddable":true,"href":"https:\/\/theuncommonshop.ch\/fr\/wp-json\/wp\/v2\/media\/334030"}],"wp:attachment":[{"href":"https:\/\/theuncommonshop.ch\/fr\/wp-json\/wp\/v2\/media?parent=334063"}],"wp:term":[{"taxonomy":"product_brand","embeddable":true,"href":"https:\/\/theuncommonshop.ch\/fr\/wp-json\/wp\/v2\/product_brand?post=334063"},{"taxonomy":"product_cat","embeddable":true,"href":"https:\/\/theuncommonshop.ch\/fr\/wp-json\/wp\/v2\/product_cat?post=334063"},{"taxonomy":"product_tag","embeddable":true,"href":"https:\/\/theuncommonshop.ch\/fr\/wp-json\/wp\/v2\/product_tag?post=334063"}],"curies":[{"name":"wp","href":"https:\/\/api.w.org\/{rel}","templated":true}]}}