{"id":331279,"date":"2025-06-02T17:27:11","date_gmt":"2025-06-02T15:27:11","guid":{"rendered":"http:\/\/theuncommonshop.ch\/produkt\/331279\/"},"modified":"2026-03-28T16:19:40","modified_gmt":"2026-03-28T15:19:40","slug":"magic-jumpstart-jmp-booster-display-2","status":"publish","type":"product","link":"https:\/\/theuncommonshop.ch\/fr\/product\/magic-jumpstart-jmp-booster-display-2\/","title":{"rendered":"Magic &#8211; Jumpstart (JMP) &#8211; Booster Display"},"content":{"rendered":"<p data-start=\"70\" data-end=\"381\">Profitez d&#8217;un jeu rapide et facile avec le <strong data-start=\"125\" data-end=\"154\">Jumpstart Booster Display<\/strong> en <strong data-start=\"159\" data-end=\"200\"><span class=\"hover:entity-accent entity-underline inline cursor-pointer align-baseline\"><span class=\"whitespace-normal\">Jumpstart<\/span><\/span><\/strong>. Ce produit Magic sp\u00e9cial a \u00e9t\u00e9 con\u00e7u pour faciliter l&#8217;acc\u00e8s au jeu tout en offrant aux joueurs exp\u00e9riment\u00e9s des combinaisons passionnantes. <\/p>\n<p data-start=\"383\" data-end=\"739\">Le concept de <strong data-start=\"399\" data-end=\"412\">Jumpstart<\/strong> est simple et innovant : chaque Booster contient un <strong data-start=\"465\" data-end=\"491\">mini deck th\u00e9matique<\/strong>. Il suffit d&#8217;ouvrir <strong data-start=\"507\" data-end=\"523\">deux Boosters<\/strong>, de les m\u00e9langer et vous obtenez imm\u00e9diatement un deck jouable. Les Boosters contiennent diff\u00e9rents th\u00e8mes, tels que des types de cr\u00e9atures, des strat\u00e9gies ou des m\u00e9caniques Magic bien connues, qui peuvent \u00eatre combin\u00e9s \u00e0 l&#8217;infini.  <\/p>\n<p data-start=\"741\" data-end=\"978\">Gr\u00e2ce au grand nombre de th\u00e8mes diff\u00e9rents, <strong data-start=\"792\" data-end=\"805\">Jumpstart<\/strong> offre une grande rejouabilit\u00e9 et permet de varier les parties. Le produit est donc parfait pour les <strong data-start=\"918\" data-end=\"977\">d\u00e9butants, les joueurs occasionnels, les Event ou les ouvertures de Booster<\/strong>. <\/p>\n<h3 data-start=\"980\" data-end=\"998\">D\u00e9tails du produit<\/h3>\n<p data-start=\"1000\" data-end=\"1348\">&#8211; <strong data-start=\"1002\" data-end=\"1010\">Set :<\/strong> Jumpstart <br data-start=\"1020\" data-end=\"1023\">&#8211; <strong data-start=\"1025\" data-end=\"1038\">Code de l&#8217;ensemble :<\/strong> <strong data-start=\"1039\" data-end=\"1046\">JMP<\/strong><br data-start=\"1046\" data-end=\"1049\">&#8211; <strong data-start=\"1051\" data-end=\"1063\">Langue :<\/strong> <strong data-start=\"1064\" data-end=\"1081\">Anglais (EN)<\/strong><br data-start=\"1081\" data-end=\"1084\">&#8211; <strong data-start=\"1086\" data-end=\"1128\" data-is-only-node=\"\">1 pr\u00e9sentoir contient 24 Boosters Jumpstart<\/strong><br data-start=\"1128\" data-end=\"1131\">&#8211; <strong data-start=\"1133\" data-end=\"1179\">20 cartes Magic : The Gathering par Booster<\/strong><br data-start=\"1179\" data-end=\"1182\">&#8211; Chaque Booster contient un <strong data-start=\"1210\" data-end=\"1236\">mini deck th\u00e9matique<\/strong><br data-start=\"1236\" data-end=\"1239\">&#8211; Il suffit de <strong data-start=\"1249\" data-end=\"1293\">combiner 2 Boosters et de jouer directement<\/strong><br data-start=\"1293\" data-end=\"1296\">&#8211; Id\u00e9al pour les        <strong data-start=\"1308\" data-end=\"1348\">D\u00e9butants, jeux occasionnels et collectionneurs<\/strong><\/p>\n<p data-start=\"1350\" data-end=\"1545\">Avec le <strong data-start=\"1358\" data-end=\"1414\">Jumpstart (JMP) Booster Display de Magic : The Gathering<\/strong>, vous disposez d&#8217;un moyen rapide et amusant de jouer \u00e0 Magic et de d\u00e9couvrir de nombreuses combinaisons de decks passionnantes.<\/p>\n","protected":false},"excerpt":{"rendered":"<p>Profitez d&#8217;un jeu rapide et facile avec le Jumpstart Booster Display en Jumpstart. Ce produit Magic sp\u00e9cial a \u00e9t\u00e9 con\u00e7u<\/p>\n","protected":false},"featured_media":42507,"comment_status":"open","ping_status":"closed","template":"","meta":{"_acf_changed":false},"product_brand":[5158,5070],"product_cat":[9969,9967,9989],"product_tag":[],"class_list":{"0":"post-331279","1":"product","2":"type-product","3":"status-publish","4":"has-post-thumbnail","6":"product_brand-magic-the-gathering","7":"product_brand-wizards-of-the-coast","8":"product_cat-booster-displays-fr","9":"product_cat-magic-the-gathering-fr","10":"product_cat-super-sale-mtg-fr","12":"first","13":"instock","14":"sale","15":"taxable","16":"shipping-taxable","17":"purchasable","18":"product-type-variable"},"acf":[],"yoast_head":"<!-- This site is optimized with the Yoast SEO plugin v27.4 - https:\/\/yoast.com\/product\/yoast-seo-wordpress\/ -->\n<title>Ach\u00e8te Magic - Jumpstart (JMP) - Booster Display<\/title>\n<meta name=\"description\" content=\"Ach\u00e8te Magic - Jumpstart (JMP) - Booster Display en ligne maintenant \u00e0 petit prix! Ton #1 shop pour cartes TCG &amp; Pok\u00e9mon en Suisse \u2713 Livraison gratuite d\u00e8s CHF 29\" \/>\n<meta name=\"robots\" content=\"index, follow, max-snippet:-1, max-image-preview:large, max-video-preview:-1\" \/>\n<link rel=\"canonical\" href=\"https:\/\/theuncommonshop.ch\/fr\/product\/magic-jumpstart-jmp-booster-display-2\/\" \/>\n<meta property=\"og:locale\" content=\"fr_FR\" \/>\n<meta property=\"og:type\" content=\"article\" \/>\n<meta property=\"og:title\" content=\"Ach\u00e8te Magic - Jumpstart (JMP) - Booster Display\" \/>\n<meta property=\"og:description\" content=\"Ach\u00e8te Magic - Jumpstart (JMP) - Booster Display en ligne maintenant \u00e0 petit prix! Ton #1 shop pour cartes TCG &amp; Pok\u00e9mon en Suisse \u2713 Livraison gratuite d\u00e8s CHF 29\" \/>\n<meta property=\"og:url\" content=\"https:\/\/theuncommonshop.ch\/fr\/product\/magic-jumpstart-jmp-booster-display-2\/\" \/>\n<meta property=\"og:site_name\" content=\"The Uncommon Shop\" \/>\n<meta property=\"article:modified_time\" content=\"2026-03-28T15:19:40+00:00\" \/>\n<meta property=\"og:image\" content=\"https:\/\/theuncommonshop.ch\/wp-content\/uploads\/2025\/06\/1304588829.jpg\" \/>\n\t<meta property=\"og:image:width\" content=\"900\" \/>\n\t<meta property=\"og:image:height\" content=\"898\" \/>\n\t<meta property=\"og:image:type\" content=\"image\/jpeg\" \/>\n<meta name=\"twitter:card\" content=\"summary_large_image\" \/>\n<meta name=\"twitter:label1\" content=\"Disponibilit\u00e9\" \/>\n\t<meta name=\"twitter:data1\" content=\"En stock\" \/>\n<script type=\"application\/ld+json\" class=\"yoast-schema-graph\">{\"@context\":\"https:\\\/\\\/schema.org\",\"@graph\":[{\"@type\":\"WebPage\",\"@id\":\"https:\\\/\\\/theuncommonshop.ch\\\/fr\\\/product\\\/magic-jumpstart-jmp-booster-display-2\\\/\",\"url\":\"https:\\\/\\\/theuncommonshop.ch\\\/fr\\\/product\\\/magic-jumpstart-jmp-booster-display-2\\\/\",\"name\":\"Ach\u00e8te Magic - Jumpstart (JMP) - Booster Display\",\"isPartOf\":{\"@id\":\"https:\\\/\\\/theuncommonshop.ch\\\/fr\\\/#website\"},\"primaryImageOfPage\":{\"@id\":\"https:\\\/\\\/theuncommonshop.ch\\\/fr\\\/product\\\/magic-jumpstart-jmp-booster-display-2\\\/#primaryimage\"},\"image\":{\"@id\":\"https:\\\/\\\/theuncommonshop.ch\\\/fr\\\/product\\\/magic-jumpstart-jmp-booster-display-2\\\/#primaryimage\"},\"thumbnailUrl\":\"https:\\\/\\\/theuncommonshop.ch\\\/wp-content\\\/uploads\\\/2025\\\/06\\\/1304588829.jpg\",\"datePublished\":\"2025-06-02T15:27:11+00:00\",\"dateModified\":\"2026-03-28T15:19:40+00:00\",\"description\":\"Ach\u00e8te Magic - Jumpstart (JMP) - Booster Display en ligne maintenant \u00e0 petit prix! Ton #1 shop pour cartes TCG & Pok\u00e9mon en Suisse \u2713 Livraison gratuite d\u00e8s CHF 29\",\"breadcrumb\":{\"@id\":\"https:\\\/\\\/theuncommonshop.ch\\\/fr\\\/product\\\/magic-jumpstart-jmp-booster-display-2\\\/#breadcrumb\"},\"inLanguage\":\"fr-FR\",\"potentialAction\":[{\"@type\":\"ReadAction\",\"target\":[\"https:\\\/\\\/theuncommonshop.ch\\\/fr\\\/product\\\/magic-jumpstart-jmp-booster-display-2\\\/\"]}]},{\"@type\":\"ImageObject\",\"inLanguage\":\"fr-FR\",\"@id\":\"https:\\\/\\\/theuncommonshop.ch\\\/fr\\\/product\\\/magic-jumpstart-jmp-booster-display-2\\\/#primaryimage\",\"url\":\"https:\\\/\\\/theuncommonshop.ch\\\/wp-content\\\/uploads\\\/2025\\\/06\\\/1304588829.jpg\",\"contentUrl\":\"https:\\\/\\\/theuncommonshop.ch\\\/wp-content\\\/uploads\\\/2025\\\/06\\\/1304588829.jpg\",\"width\":900,\"height\":898},{\"@type\":\"BreadcrumbList\",\"@id\":\"https:\\\/\\\/theuncommonshop.ch\\\/fr\\\/product\\\/magic-jumpstart-jmp-booster-display-2\\\/#breadcrumb\",\"itemListElement\":[{\"@type\":\"ListItem\",\"position\":1,\"name\":\"Accueil\",\"item\":\"https:\\\/\\\/theuncommonshop.ch\\\/fr\\\/accueil\\\/\"},{\"@type\":\"ListItem\",\"position\":2,\"name\":\"Boutique\",\"item\":\"https:\\\/\\\/theuncommonshop.ch\\\/fr\\\/boutique\\\/\"},{\"@type\":\"ListItem\",\"position\":3,\"name\":\"Magic the Gathering\",\"item\":\"https:\\\/\\\/theuncommonshop.ch\\\/fr\\\/categorie-produit\\\/magic-the-gathering-fr\\\/\"},{\"@type\":\"ListItem\",\"position\":4,\"name\":\"Booster Displays\",\"item\":\"https:\\\/\\\/theuncommonshop.ch\\\/fr\\\/categorie-produit\\\/magic-the-gathering-fr\\\/booster-displays-fr\\\/\"},{\"@type\":\"ListItem\",\"position\":5,\"name\":\"Magic &#8211; Jumpstart (JMP) &#8211; Booster Display\"}]},{\"@type\":\"WebSite\",\"@id\":\"https:\\\/\\\/theuncommonshop.ch\\\/fr\\\/#website\",\"url\":\"https:\\\/\\\/theuncommonshop.ch\\\/fr\\\/\",\"name\":\"The Uncommon Shop\",\"description\":\"Magic, Pok\u00e9mon and Yu-gi-oh - The Uncommon Shop\",\"potentialAction\":[{\"@type\":\"SearchAction\",\"target\":{\"@type\":\"EntryPoint\",\"urlTemplate\":\"https:\\\/\\\/theuncommonshop.ch\\\/fr\\\/?s={search_term_string}\"},\"query-input\":{\"@type\":\"PropertyValueSpecification\",\"valueRequired\":true,\"valueName\":\"search_term_string\"}}],\"inLanguage\":\"fr-FR\"}]}<\/script>\n<meta property=\"og:availability\" content=\"instock\" \/>\n<meta property=\"product:availability\" content=\"instock\" \/>\n<meta property=\"product:condition\" content=\"new\" \/>\n<!-- \/ Yoast SEO plugin. -->","yoast_head_json":{"title":"Ach\u00e8te Magic - Jumpstart (JMP) - Booster Display","description":"Ach\u00e8te Magic - Jumpstart (JMP) - Booster Display en ligne maintenant \u00e0 petit prix! Ton #1 shop pour cartes TCG & Pok\u00e9mon en Suisse \u2713 Livraison gratuite d\u00e8s CHF 29","robots":{"index":"index","follow":"follow","max-snippet":"max-snippet:-1","max-image-preview":"max-image-preview:large","max-video-preview":"max-video-preview:-1"},"canonical":"https:\/\/theuncommonshop.ch\/fr\/product\/magic-jumpstart-jmp-booster-display-2\/","og_locale":"fr_FR","og_type":"article","og_title":"Ach\u00e8te Magic - Jumpstart (JMP) - Booster Display","og_description":"Ach\u00e8te Magic - Jumpstart (JMP) - Booster Display en ligne maintenant \u00e0 petit prix! Ton #1 shop pour cartes TCG & Pok\u00e9mon en Suisse \u2713 Livraison gratuite d\u00e8s CHF 29","og_url":"https:\/\/theuncommonshop.ch\/fr\/product\/magic-jumpstart-jmp-booster-display-2\/","og_site_name":"The Uncommon Shop","article_modified_time":"2026-03-28T15:19:40+00:00","og_image":[{"width":900,"height":898,"url":"https:\/\/theuncommonshop.ch\/wp-content\/uploads\/2025\/06\/1304588829.jpg","type":"image\/jpeg"}],"twitter_card":"summary_large_image","twitter_misc":{"Disponibilit\u00e9":"En stock"},"schema":{"@context":"https:\/\/schema.org","@graph":[{"@type":"WebPage","@id":"https:\/\/theuncommonshop.ch\/fr\/product\/magic-jumpstart-jmp-booster-display-2\/","url":"https:\/\/theuncommonshop.ch\/fr\/product\/magic-jumpstart-jmp-booster-display-2\/","name":"Ach\u00e8te Magic - Jumpstart (JMP) - Booster Display","isPartOf":{"@id":"https:\/\/theuncommonshop.ch\/fr\/#website"},"primaryImageOfPage":{"@id":"https:\/\/theuncommonshop.ch\/fr\/product\/magic-jumpstart-jmp-booster-display-2\/#primaryimage"},"image":{"@id":"https:\/\/theuncommonshop.ch\/fr\/product\/magic-jumpstart-jmp-booster-display-2\/#primaryimage"},"thumbnailUrl":"https:\/\/theuncommonshop.ch\/wp-content\/uploads\/2025\/06\/1304588829.jpg","datePublished":"2025-06-02T15:27:11+00:00","dateModified":"2026-03-28T15:19:40+00:00","description":"Ach\u00e8te Magic - Jumpstart (JMP) - Booster Display en ligne maintenant \u00e0 petit prix! Ton #1 shop pour cartes TCG & Pok\u00e9mon en Suisse \u2713 Livraison gratuite d\u00e8s CHF 29","breadcrumb":{"@id":"https:\/\/theuncommonshop.ch\/fr\/product\/magic-jumpstart-jmp-booster-display-2\/#breadcrumb"},"inLanguage":"fr-FR","potentialAction":[{"@type":"ReadAction","target":["https:\/\/theuncommonshop.ch\/fr\/product\/magic-jumpstart-jmp-booster-display-2\/"]}]},{"@type":"ImageObject","inLanguage":"fr-FR","@id":"https:\/\/theuncommonshop.ch\/fr\/product\/magic-jumpstart-jmp-booster-display-2\/#primaryimage","url":"https:\/\/theuncommonshop.ch\/wp-content\/uploads\/2025\/06\/1304588829.jpg","contentUrl":"https:\/\/theuncommonshop.ch\/wp-content\/uploads\/2025\/06\/1304588829.jpg","width":900,"height":898},{"@type":"BreadcrumbList","@id":"https:\/\/theuncommonshop.ch\/fr\/product\/magic-jumpstart-jmp-booster-display-2\/#breadcrumb","itemListElement":[{"@type":"ListItem","position":1,"name":"Accueil","item":"https:\/\/theuncommonshop.ch\/fr\/accueil\/"},{"@type":"ListItem","position":2,"name":"Boutique","item":"https:\/\/theuncommonshop.ch\/fr\/boutique\/"},{"@type":"ListItem","position":3,"name":"Magic the Gathering","item":"https:\/\/theuncommonshop.ch\/fr\/categorie-produit\/magic-the-gathering-fr\/"},{"@type":"ListItem","position":4,"name":"Booster Displays","item":"https:\/\/theuncommonshop.ch\/fr\/categorie-produit\/magic-the-gathering-fr\/booster-displays-fr\/"},{"@type":"ListItem","position":5,"name":"Magic &#8211; Jumpstart (JMP) &#8211; Booster Display"}]},{"@type":"WebSite","@id":"https:\/\/theuncommonshop.ch\/fr\/#website","url":"https:\/\/theuncommonshop.ch\/fr\/","name":"The Uncommon Shop","description":"Magic, Pok\u00e9mon and Yu-gi-oh - The Uncommon Shop","potentialAction":[{"@type":"SearchAction","target":{"@type":"EntryPoint","urlTemplate":"https:\/\/theuncommonshop.ch\/fr\/?s={search_term_string}"},"query-input":{"@type":"PropertyValueSpecification","valueRequired":true,"valueName":"search_term_string"}}],"inLanguage":"fr-FR"}]},"og_availability":"instock","product_availability":"instock","product_condition":"new"},"_links":{"self":[{"href":"https:\/\/theuncommonshop.ch\/fr\/wp-json\/wp\/v2\/product\/331279","targetHints":{"allow":["GET"]}}],"collection":[{"href":"https:\/\/theuncommonshop.ch\/fr\/wp-json\/wp\/v2\/product"}],"about":[{"href":"https:\/\/theuncommonshop.ch\/fr\/wp-json\/wp\/v2\/types\/product"}],"replies":[{"embeddable":true,"href":"https:\/\/theuncommonshop.ch\/fr\/wp-json\/wp\/v2\/comments?post=331279"}],"version-history":[{"count":0,"href":"https:\/\/theuncommonshop.ch\/fr\/wp-json\/wp\/v2\/product\/331279\/revisions"}],"wp:featuredmedia":[{"embeddable":true,"href":"https:\/\/theuncommonshop.ch\/fr\/wp-json\/wp\/v2\/media\/42507"}],"wp:attachment":[{"href":"https:\/\/theuncommonshop.ch\/fr\/wp-json\/wp\/v2\/media?parent=331279"}],"wp:term":[{"taxonomy":"product_brand","embeddable":true,"href":"https:\/\/theuncommonshop.ch\/fr\/wp-json\/wp\/v2\/product_brand?post=331279"},{"taxonomy":"product_cat","embeddable":true,"href":"https:\/\/theuncommonshop.ch\/fr\/wp-json\/wp\/v2\/product_cat?post=331279"},{"taxonomy":"product_tag","embeddable":true,"href":"https:\/\/theuncommonshop.ch\/fr\/wp-json\/wp\/v2\/product_tag?post=331279"}],"curies":[{"name":"wp","href":"https:\/\/api.w.org\/{rel}","templated":true}]}}