{"id":331242,"date":"2025-06-02T16:54:27","date_gmt":"2025-06-02T14:54:27","guid":{"rendered":"http:\/\/theuncommonshop.ch\/produkt\/331242\/"},"modified":"2026-03-28T16:20:25","modified_gmt":"2026-03-28T15:20:25","slug":"magic-ikoria-lair-of-behemoths-iko-draft-booster-display-3","status":"publish","type":"product","link":"https:\/\/theuncommonshop.ch\/fr\/product\/magic-ikoria-lair-of-behemoths-iko-draft-booster-display-3\/","title":{"rendered":"Magic &#8211; Ikoria : Lair of Behemoths (IKO) &#8211; Draft Booster Display"},"content":{"rendered":"<p data-start=\"744\" data-end=\"957\">D\u00e9couvrez le monde des cr\u00e9atures g\u00e9antes avec <strong data-start=\"789\" data-end=\"830\"><span class=\"hover:entity-accent entity-underline inline cursor-pointer align-baseline\"><span class=\"whitespace-normal\">Ikoria Lair of Behemoths, un jeu de cartes et d&#8217;objets.<\/span><\/span><\/strong><strong data-start=\"860\" data-end=\"884\">Magic : The Gathering<\/strong>, un jeu spectaculaire qui met en sc\u00e8ne de puissants monstres et de nouvelles m\u00e9caniques de jeu.<\/p>\n<p data-start=\"959\" data-end=\"1296\">Le monde d&#8217;Ikoria est caract\u00e9ris\u00e9 par des b\u00eates g\u00e9antes et des combats \u00e9piques entre humains et monstres. Gr\u00e2ce \u00e0 la <strong data-start=\"1085\" data-end=\"1104\">m\u00e9canique<\/strong> innovante <strong data-start=\"1085\" data-end=\"1104\">Mutate<\/strong>, vous pouvez combiner des cr\u00e9atures entre elles pour cr\u00e9er des monstres toujours plus puissants. De plus, le set apporte la <strong data-start=\"1221\" data-end=\"1243\">m\u00e9canique Compagnon<\/strong>, qui permet de toutes nouvelles strat\u00e9gies dans la construction de decks.  <\/p>\n<p data-start=\"1298\" data-end=\"1540\">Les <strong data-start=\"1325\" data-end=\"1359\">cartes Godzilla Series Monster<\/strong>, qui sont des variantes de cartes alternatives incluses dans le set, sont particuli\u00e8rement appr\u00e9ci\u00e9es. Chaque pr\u00e9sentoir contient \u00e9galement un <strong data-start=\"1470\" data-end=\"1493\">Box Topper<\/strong> exclusif \u00e0 <strong data-start=\"1470\" data-end=\"1493\">Godzilla<\/strong>, qui garantit l&#8217;une de ces cartes sp\u00e9ciales. <\/p>\n<p data-start=\"1542\" data-end=\"1691\">Parfaitement adapt\u00e9 aux <strong data-start=\"1596\" data-end=\"1646\">\u00e9v\u00e9nements de draft, aux tournois scell\u00e9s ou \u00e0 la collection<\/strong>, le Draft <strong data-start=\"1546\" data-end=\"1571\">Booster Display<\/strong> est id\u00e9al pour les joueurs de Magic et les collectionneurs.<\/p>\n<h3 data-start=\"1693\" data-end=\"1711\">D\u00e9tails du produit<\/h3>\n<p data-start=\"1713\" data-end=\"1972\">&#8211; <strong data-start=\"1715\" data-end=\"1753\">1 pr\u00e9sentoir contient 36 Boosters Draft<\/strong><br data-start=\"1753\" data-end=\"1756\">&#8211; <strong data-start=\"1758\" data-end=\"1804\">15 cartes Magic : The Gathering par Booster<\/strong><br data-start=\"1804\" data-end=\"1807\">&#8211; Chance d&#8217;obtenir des <strong data-start=\"1820\" data-end=\"1857\">cartes Rare, Mythic Rare et Foil<\/strong><br data-start=\"1857\" data-end=\"1860\">&#8211; <strong data-start=\"1862\" data-end=\"1917\">1 Box Topper exclusif Godzilla Series par pr\u00e9sentoir<\/strong><br data-start=\"1917\" data-end=\"1920\">&#8211; Parfaitement adapt\u00e9 aux <strong data-start=\"1943\" data-end=\"1972\">Draft, Sealed et Collector<\/strong>.<\/p>\n<p data-start=\"1974\" data-end=\"2116\">D\u00e9couvrez les puissants monstres d&#8217;Ikoria et obtenez votre <strong data-start=\"2036\" data-end=\"2089\">Draft Booster Display Ikoria de Magic : The Gathering<\/strong> avec un Box Topper exclusif.<\/p>\n","protected":false},"excerpt":{"rendered":"<p>D\u00e9couvrez le monde des cr\u00e9atures g\u00e9antes avec Ikoria Lair of Behemoths, un jeu de cartes et d&#8217;objets.Magic : The Gathering,<\/p>\n","protected":false},"featured_media":41409,"comment_status":"open","ping_status":"closed","template":"","meta":{"_acf_changed":false},"product_brand":[5158,5070],"product_cat":[9969,9967],"product_tag":[],"class_list":{"0":"post-331242","1":"product","2":"type-product","3":"status-publish","4":"has-post-thumbnail","6":"product_brand-magic-the-gathering","7":"product_brand-wizards-of-the-coast","8":"product_cat-booster-displays-fr","9":"product_cat-magic-the-gathering-fr","11":"first","12":"instock","13":"taxable","14":"shipping-taxable","15":"purchasable","16":"product-type-variable"},"acf":[],"yoast_head":"<!-- This site is optimized with the Yoast SEO plugin v27.4 - https:\/\/yoast.com\/product\/yoast-seo-wordpress\/ -->\n<title>Ach\u00e8te Magic - Ikoria : Lair of Behemoths (IKO) - Draft Booster Display<\/title>\n<meta name=\"description\" content=\"Ach\u00e8te Magic - Ikoria : Lair of Behemoths (IKO) - Draft Booster Display en ligne maintenant \u00e0 petit prix! Ton #1 shop pour cartes TCG &amp; Pok\u00e9mon en Suisse \u2713 Livraison gratuite d\u00e8s CHF 29\" \/>\n<meta name=\"robots\" content=\"index, follow, max-snippet:-1, max-image-preview:large, max-video-preview:-1\" \/>\n<link rel=\"canonical\" href=\"https:\/\/theuncommonshop.ch\/fr\/product\/magic-ikoria-lair-of-behemoths-iko-draft-booster-display-3\/\" \/>\n<meta property=\"og:locale\" content=\"fr_FR\" \/>\n<meta property=\"og:type\" content=\"article\" \/>\n<meta property=\"og:title\" content=\"Ach\u00e8te Magic - Ikoria : Lair of Behemoths (IKO) - Draft Booster Display\" \/>\n<meta property=\"og:description\" content=\"Ach\u00e8te Magic - Ikoria : Lair of Behemoths (IKO) - Draft Booster Display en ligne maintenant \u00e0 petit prix! Ton #1 shop pour cartes TCG &amp; Pok\u00e9mon en Suisse \u2713 Livraison gratuite d\u00e8s CHF 29\" \/>\n<meta property=\"og:url\" content=\"https:\/\/theuncommonshop.ch\/fr\/product\/magic-ikoria-lair-of-behemoths-iko-draft-booster-display-3\/\" \/>\n<meta property=\"og:site_name\" content=\"The Uncommon Shop\" \/>\n<meta property=\"article:modified_time\" content=\"2026-03-28T15:20:25+00:00\" \/>\n<meta property=\"og:image\" content=\"https:\/\/theuncommonshop.ch\/wp-content\/uploads\/2025\/06\/1375089503.jpg\" \/>\n\t<meta property=\"og:image:width\" content=\"900\" \/>\n\t<meta property=\"og:image:height\" content=\"799\" \/>\n\t<meta property=\"og:image:type\" content=\"image\/jpeg\" \/>\n<meta name=\"twitter:card\" content=\"summary_large_image\" \/>\n<meta name=\"twitter:label1\" content=\"Disponibilit\u00e9\" \/>\n\t<meta name=\"twitter:data1\" content=\"En stock\" \/>\n<script type=\"application\/ld+json\" class=\"yoast-schema-graph\">{\"@context\":\"https:\\\/\\\/schema.org\",\"@graph\":[{\"@type\":\"WebPage\",\"@id\":\"https:\\\/\\\/theuncommonshop.ch\\\/fr\\\/product\\\/magic-ikoria-lair-of-behemoths-iko-draft-booster-display-3\\\/\",\"url\":\"https:\\\/\\\/theuncommonshop.ch\\\/fr\\\/product\\\/magic-ikoria-lair-of-behemoths-iko-draft-booster-display-3\\\/\",\"name\":\"Ach\u00e8te Magic - Ikoria : Lair of Behemoths (IKO) - Draft Booster Display\",\"isPartOf\":{\"@id\":\"https:\\\/\\\/theuncommonshop.ch\\\/fr\\\/#website\"},\"primaryImageOfPage\":{\"@id\":\"https:\\\/\\\/theuncommonshop.ch\\\/fr\\\/product\\\/magic-ikoria-lair-of-behemoths-iko-draft-booster-display-3\\\/#primaryimage\"},\"image\":{\"@id\":\"https:\\\/\\\/theuncommonshop.ch\\\/fr\\\/product\\\/magic-ikoria-lair-of-behemoths-iko-draft-booster-display-3\\\/#primaryimage\"},\"thumbnailUrl\":\"https:\\\/\\\/theuncommonshop.ch\\\/wp-content\\\/uploads\\\/2025\\\/06\\\/1375089503.jpg\",\"datePublished\":\"2025-06-02T14:54:27+00:00\",\"dateModified\":\"2026-03-28T15:20:25+00:00\",\"description\":\"Ach\u00e8te Magic - Ikoria : Lair of Behemoths (IKO) - Draft Booster Display en ligne maintenant \u00e0 petit prix! Ton #1 shop pour cartes TCG & Pok\u00e9mon en Suisse \u2713 Livraison gratuite d\u00e8s CHF 29\",\"breadcrumb\":{\"@id\":\"https:\\\/\\\/theuncommonshop.ch\\\/fr\\\/product\\\/magic-ikoria-lair-of-behemoths-iko-draft-booster-display-3\\\/#breadcrumb\"},\"inLanguage\":\"fr-FR\",\"potentialAction\":[{\"@type\":\"ReadAction\",\"target\":[\"https:\\\/\\\/theuncommonshop.ch\\\/fr\\\/product\\\/magic-ikoria-lair-of-behemoths-iko-draft-booster-display-3\\\/\"]}]},{\"@type\":\"ImageObject\",\"inLanguage\":\"fr-FR\",\"@id\":\"https:\\\/\\\/theuncommonshop.ch\\\/fr\\\/product\\\/magic-ikoria-lair-of-behemoths-iko-draft-booster-display-3\\\/#primaryimage\",\"url\":\"https:\\\/\\\/theuncommonshop.ch\\\/wp-content\\\/uploads\\\/2025\\\/06\\\/1375089503.jpg\",\"contentUrl\":\"https:\\\/\\\/theuncommonshop.ch\\\/wp-content\\\/uploads\\\/2025\\\/06\\\/1375089503.jpg\",\"width\":900,\"height\":799},{\"@type\":\"BreadcrumbList\",\"@id\":\"https:\\\/\\\/theuncommonshop.ch\\\/fr\\\/product\\\/magic-ikoria-lair-of-behemoths-iko-draft-booster-display-3\\\/#breadcrumb\",\"itemListElement\":[{\"@type\":\"ListItem\",\"position\":1,\"name\":\"Accueil\",\"item\":\"https:\\\/\\\/theuncommonshop.ch\\\/fr\\\/accueil\\\/\"},{\"@type\":\"ListItem\",\"position\":2,\"name\":\"Boutique\",\"item\":\"https:\\\/\\\/theuncommonshop.ch\\\/fr\\\/boutique\\\/\"},{\"@type\":\"ListItem\",\"position\":3,\"name\":\"Magic the Gathering\",\"item\":\"https:\\\/\\\/theuncommonshop.ch\\\/fr\\\/categorie-produit\\\/magic-the-gathering-fr\\\/\"},{\"@type\":\"ListItem\",\"position\":4,\"name\":\"Booster Displays\",\"item\":\"https:\\\/\\\/theuncommonshop.ch\\\/fr\\\/categorie-produit\\\/magic-the-gathering-fr\\\/booster-displays-fr\\\/\"},{\"@type\":\"ListItem\",\"position\":5,\"name\":\"Magic &#8211; Ikoria : Lair of Behemoths (IKO) &#8211; Draft Booster Display\"}]},{\"@type\":\"WebSite\",\"@id\":\"https:\\\/\\\/theuncommonshop.ch\\\/fr\\\/#website\",\"url\":\"https:\\\/\\\/theuncommonshop.ch\\\/fr\\\/\",\"name\":\"The Uncommon Shop\",\"description\":\"Magic, Pok\u00e9mon and Yu-gi-oh - The Uncommon Shop\",\"potentialAction\":[{\"@type\":\"SearchAction\",\"target\":{\"@type\":\"EntryPoint\",\"urlTemplate\":\"https:\\\/\\\/theuncommonshop.ch\\\/fr\\\/?s={search_term_string}\"},\"query-input\":{\"@type\":\"PropertyValueSpecification\",\"valueRequired\":true,\"valueName\":\"search_term_string\"}}],\"inLanguage\":\"fr-FR\"}]}<\/script>\n<meta property=\"og:availability\" content=\"instock\" \/>\n<meta property=\"product:availability\" content=\"instock\" \/>\n<meta property=\"product:condition\" content=\"new\" \/>\n<!-- \/ Yoast SEO plugin. -->","yoast_head_json":{"title":"Ach\u00e8te Magic - Ikoria : Lair of Behemoths (IKO) - Draft Booster Display","description":"Ach\u00e8te Magic - Ikoria : Lair of Behemoths (IKO) - Draft Booster Display en ligne maintenant \u00e0 petit prix! Ton #1 shop pour cartes TCG & Pok\u00e9mon en Suisse \u2713 Livraison gratuite d\u00e8s CHF 29","robots":{"index":"index","follow":"follow","max-snippet":"max-snippet:-1","max-image-preview":"max-image-preview:large","max-video-preview":"max-video-preview:-1"},"canonical":"https:\/\/theuncommonshop.ch\/fr\/product\/magic-ikoria-lair-of-behemoths-iko-draft-booster-display-3\/","og_locale":"fr_FR","og_type":"article","og_title":"Ach\u00e8te Magic - Ikoria : Lair of Behemoths (IKO) - Draft Booster Display","og_description":"Ach\u00e8te Magic - Ikoria : Lair of Behemoths (IKO) - Draft Booster Display en ligne maintenant \u00e0 petit prix! Ton #1 shop pour cartes TCG & Pok\u00e9mon en Suisse \u2713 Livraison gratuite d\u00e8s CHF 29","og_url":"https:\/\/theuncommonshop.ch\/fr\/product\/magic-ikoria-lair-of-behemoths-iko-draft-booster-display-3\/","og_site_name":"The Uncommon Shop","article_modified_time":"2026-03-28T15:20:25+00:00","og_image":[{"width":900,"height":799,"url":"https:\/\/theuncommonshop.ch\/wp-content\/uploads\/2025\/06\/1375089503.jpg","type":"image\/jpeg"}],"twitter_card":"summary_large_image","twitter_misc":{"Disponibilit\u00e9":"En stock"},"schema":{"@context":"https:\/\/schema.org","@graph":[{"@type":"WebPage","@id":"https:\/\/theuncommonshop.ch\/fr\/product\/magic-ikoria-lair-of-behemoths-iko-draft-booster-display-3\/","url":"https:\/\/theuncommonshop.ch\/fr\/product\/magic-ikoria-lair-of-behemoths-iko-draft-booster-display-3\/","name":"Ach\u00e8te Magic - Ikoria : Lair of Behemoths (IKO) - Draft Booster Display","isPartOf":{"@id":"https:\/\/theuncommonshop.ch\/fr\/#website"},"primaryImageOfPage":{"@id":"https:\/\/theuncommonshop.ch\/fr\/product\/magic-ikoria-lair-of-behemoths-iko-draft-booster-display-3\/#primaryimage"},"image":{"@id":"https:\/\/theuncommonshop.ch\/fr\/product\/magic-ikoria-lair-of-behemoths-iko-draft-booster-display-3\/#primaryimage"},"thumbnailUrl":"https:\/\/theuncommonshop.ch\/wp-content\/uploads\/2025\/06\/1375089503.jpg","datePublished":"2025-06-02T14:54:27+00:00","dateModified":"2026-03-28T15:20:25+00:00","description":"Ach\u00e8te Magic - Ikoria : Lair of Behemoths (IKO) - Draft Booster Display en ligne maintenant \u00e0 petit prix! Ton #1 shop pour cartes TCG & Pok\u00e9mon en Suisse \u2713 Livraison gratuite d\u00e8s CHF 29","breadcrumb":{"@id":"https:\/\/theuncommonshop.ch\/fr\/product\/magic-ikoria-lair-of-behemoths-iko-draft-booster-display-3\/#breadcrumb"},"inLanguage":"fr-FR","potentialAction":[{"@type":"ReadAction","target":["https:\/\/theuncommonshop.ch\/fr\/product\/magic-ikoria-lair-of-behemoths-iko-draft-booster-display-3\/"]}]},{"@type":"ImageObject","inLanguage":"fr-FR","@id":"https:\/\/theuncommonshop.ch\/fr\/product\/magic-ikoria-lair-of-behemoths-iko-draft-booster-display-3\/#primaryimage","url":"https:\/\/theuncommonshop.ch\/wp-content\/uploads\/2025\/06\/1375089503.jpg","contentUrl":"https:\/\/theuncommonshop.ch\/wp-content\/uploads\/2025\/06\/1375089503.jpg","width":900,"height":799},{"@type":"BreadcrumbList","@id":"https:\/\/theuncommonshop.ch\/fr\/product\/magic-ikoria-lair-of-behemoths-iko-draft-booster-display-3\/#breadcrumb","itemListElement":[{"@type":"ListItem","position":1,"name":"Accueil","item":"https:\/\/theuncommonshop.ch\/fr\/accueil\/"},{"@type":"ListItem","position":2,"name":"Boutique","item":"https:\/\/theuncommonshop.ch\/fr\/boutique\/"},{"@type":"ListItem","position":3,"name":"Magic the Gathering","item":"https:\/\/theuncommonshop.ch\/fr\/categorie-produit\/magic-the-gathering-fr\/"},{"@type":"ListItem","position":4,"name":"Booster Displays","item":"https:\/\/theuncommonshop.ch\/fr\/categorie-produit\/magic-the-gathering-fr\/booster-displays-fr\/"},{"@type":"ListItem","position":5,"name":"Magic &#8211; Ikoria : Lair of Behemoths (IKO) &#8211; Draft Booster Display"}]},{"@type":"WebSite","@id":"https:\/\/theuncommonshop.ch\/fr\/#website","url":"https:\/\/theuncommonshop.ch\/fr\/","name":"The Uncommon Shop","description":"Magic, Pok\u00e9mon and Yu-gi-oh - The Uncommon Shop","potentialAction":[{"@type":"SearchAction","target":{"@type":"EntryPoint","urlTemplate":"https:\/\/theuncommonshop.ch\/fr\/?s={search_term_string}"},"query-input":{"@type":"PropertyValueSpecification","valueRequired":true,"valueName":"search_term_string"}}],"inLanguage":"fr-FR"}]},"og_availability":"instock","product_availability":"instock","product_condition":"new"},"_links":{"self":[{"href":"https:\/\/theuncommonshop.ch\/fr\/wp-json\/wp\/v2\/product\/331242","targetHints":{"allow":["GET"]}}],"collection":[{"href":"https:\/\/theuncommonshop.ch\/fr\/wp-json\/wp\/v2\/product"}],"about":[{"href":"https:\/\/theuncommonshop.ch\/fr\/wp-json\/wp\/v2\/types\/product"}],"replies":[{"embeddable":true,"href":"https:\/\/theuncommonshop.ch\/fr\/wp-json\/wp\/v2\/comments?post=331242"}],"version-history":[{"count":0,"href":"https:\/\/theuncommonshop.ch\/fr\/wp-json\/wp\/v2\/product\/331242\/revisions"}],"wp:featuredmedia":[{"embeddable":true,"href":"https:\/\/theuncommonshop.ch\/fr\/wp-json\/wp\/v2\/media\/41409"}],"wp:attachment":[{"href":"https:\/\/theuncommonshop.ch\/fr\/wp-json\/wp\/v2\/media?parent=331242"}],"wp:term":[{"taxonomy":"product_brand","embeddable":true,"href":"https:\/\/theuncommonshop.ch\/fr\/wp-json\/wp\/v2\/product_brand?post=331242"},{"taxonomy":"product_cat","embeddable":true,"href":"https:\/\/theuncommonshop.ch\/fr\/wp-json\/wp\/v2\/product_cat?post=331242"},{"taxonomy":"product_tag","embeddable":true,"href":"https:\/\/theuncommonshop.ch\/fr\/wp-json\/wp\/v2\/product_tag?post=331242"}],"curies":[{"name":"wp","href":"https:\/\/api.w.org\/{rel}","templated":true}]}}