{"id":331234,"date":"2025-06-02T17:09:13","date_gmt":"2025-06-02T17:09:13","guid":{"rendered":"http:\/\/theuncommonshop.ch\/produkt\/331234\/"},"modified":"2026-03-29T15:58:29","modified_gmt":"2026-03-29T13:58:29","slug":"yu-gi-oh-speed-duel-starter-deck-match-of-the-millennium-2","status":"publish","type":"product","link":"https:\/\/theuncommonshop.ch\/fr\/product\/yu-gi-oh-speed-duel-starter-deck-match-of-the-millennium-2\/","title":{"rendered":"Yu-Gi-Oh &#8211; Speed Duel &#8211; Match of the Millennium &#8211; Starter Deck :"},"content":{"rendered":"<div>Retournez au royaume des ombres avec les tout nouveaux Yu-Gi-Oh ! TCG Speed Duel Starter Decks : Match of the Millennium &amp; Twisted Nightmares ! <\/div>\n<div>Yu-Gi-Oh ! TCG Speed Duel Starter Decks : Match of the Millennium &amp; Twisted Nightmares contiennent chacun 2 decks enti\u00e8rement personnalisables, 4 toutes nouvelles cartes de comp\u00e9tence et 2 variantes de cartes ultra-rare. Choisissez votre camp et faites l&#8217;exp\u00e9rience de deux des duels les plus sombres de la s\u00e9rie originale ! <\/div>\n<div><\/div>\n<div>Yugi et Pegasus s&#8217;affrontent dans les Yu-Gi-Oh ! TCG Speed Duel Starter Decks : Match of the Millennium, dont le th\u00e8me s&#8217;inspire de leur affrontement \u00e9pique \u00e0 la fin de Duelist Kingdom ! Chaque duelliste apporte un deck de 31 cartes, qui peut \u00eatre modifi\u00e9 en fonction de la carte de capacit\u00e9 que vous souhaitez jouer. Yugi apporte un soutien \u00e0 Gaia, le chevalier f\u00e9roce, et son monstre rituel, Soldat noir brillant pour repousser l&#8217;arm\u00e9e de monstres &#8220;toon&#8221; de P\u00e9gase, et Restriction aux mille yeux ! Chaque personnage a acc\u00e8s \u00e0 2 toutes nouvelles cartes de comp\u00e9tence pour soutenir ses strat\u00e9gies &#8211; c&#8217;est vous qui d\u00e9cidez de l&#8217;issue !    <\/div>\n<div><\/div>\n<p>Yu-Gi-Oh ! TCG Speed Duel Starter Decks : Twisted Nightmares fait s&#8217;affronter deux ma\u00eetres du royaume des ombres. Avec deux Battle Decks de 30 cartes que vous pouvez adapter aux 2 toutes nouvelles cartes de comp\u00e9tence que vous souhaitez jouer, revivez leur sinistre duel de la fin de Battle City ! Utilisez la puissance du corrompu Nekrofear Sombre de Bakura et du Seigneur des T\u00e9n\u00e8bres Ha Des contre le sournois Golem de lave et les monstres &#8220;Dark Lucius&#8221; de Marik ! Avec de toutes nouvelles cartes de comp\u00e9tence dot\u00e9es de la puissance des cartes de sort caract\u00e9ristiques de leur duel l\u00e9gendaire, leur destin est entre vos mains.   <\/p>\n","protected":false},"excerpt":{"rendered":"<p>Retournez au royaume des ombres avec les tout nouveaux Yu-Gi-Oh ! TCG Speed Duel Starter Decks : Match of the<\/p>\n","protected":false},"featured_media":41898,"comment_status":"open","ping_status":"closed","template":"","meta":{"_acf_changed":false},"product_brand":[5074,5112],"product_cat":[9837,9779],"product_tag":[],"class_list":{"0":"post-331234","1":"product","2":"type-product","3":"status-publish","4":"has-post-thumbnail","6":"product_brand-konami","7":"product_brand-yu-gi-oh","8":"product_cat-decks-yugioh","9":"product_cat-yu-gi-oh-fr","11":"first","12":"outofstock","13":"taxable","14":"shipping-taxable","15":"purchasable","16":"product-type-variable"},"acf":[],"yoast_head":"<!-- This site is optimized with the Yoast SEO plugin v27.4 - https:\/\/yoast.com\/product\/yoast-seo-wordpress\/ -->\n<title>Ach\u00e8te Yu-Gi-Oh - Speed Duel - Match of the Millennium - Starter Deck :<\/title>\n<meta name=\"description\" content=\"Ach\u00e8te Yu-Gi-Oh - Speed Duel - Match of the Millennium - Starter Deck : en ligne maintenant \u00e0 petit prix! Ton #1 shop pour cartes TCG &amp; Pok\u00e9mon en Suisse \u2713 Livraison gratuite d\u00e8s CHF 29\" \/>\n<meta name=\"robots\" content=\"index, follow, max-snippet:-1, max-image-preview:large, max-video-preview:-1\" \/>\n<link rel=\"canonical\" href=\"https:\/\/theuncommonshop.ch\/fr\/product\/yu-gi-oh-speed-duel-starter-deck-match-of-the-millennium-2\/\" \/>\n<meta property=\"og:locale\" content=\"fr_FR\" \/>\n<meta property=\"og:type\" content=\"article\" \/>\n<meta property=\"og:title\" content=\"Ach\u00e8te Yu-Gi-Oh - Speed Duel - Match of the Millennium - Starter Deck :\" \/>\n<meta property=\"og:description\" content=\"Ach\u00e8te Yu-Gi-Oh - Speed Duel - Match of the Millennium - Starter Deck : en ligne maintenant \u00e0 petit prix! Ton #1 shop pour cartes TCG &amp; Pok\u00e9mon en Suisse \u2713 Livraison gratuite d\u00e8s CHF 29\" \/>\n<meta property=\"og:url\" content=\"https:\/\/theuncommonshop.ch\/fr\/product\/yu-gi-oh-speed-duel-starter-deck-match-of-the-millennium-2\/\" \/>\n<meta property=\"og:site_name\" content=\"The Uncommon Shop\" \/>\n<meta property=\"article:modified_time\" content=\"2026-03-29T13:58:29+00:00\" \/>\n<meta property=\"og:image\" content=\"https:\/\/theuncommonshop.ch\/wp-content\/uploads\/2025\/06\/1274523164-1.jpg\" \/>\n\t<meta property=\"og:image:width\" content=\"300\" \/>\n\t<meta property=\"og:image:height\" content=\"464\" \/>\n\t<meta property=\"og:image:type\" content=\"image\/jpeg\" \/>\n<meta name=\"twitter:card\" content=\"summary_large_image\" \/>\n<meta name=\"twitter:label1\" content=\"Disponibilit\u00e9\" \/>\n\t<meta name=\"twitter:data1\" content=\"Rupture de stock\" \/>\n<script type=\"application\/ld+json\" class=\"yoast-schema-graph\">{\"@context\":\"https:\\\/\\\/schema.org\",\"@graph\":[{\"@type\":\"WebPage\",\"@id\":\"https:\\\/\\\/theuncommonshop.ch\\\/fr\\\/product\\\/yu-gi-oh-speed-duel-starter-deck-match-of-the-millennium-2\\\/\",\"url\":\"https:\\\/\\\/theuncommonshop.ch\\\/fr\\\/product\\\/yu-gi-oh-speed-duel-starter-deck-match-of-the-millennium-2\\\/\",\"name\":\"Ach\u00e8te Yu-Gi-Oh - Speed Duel - Match of the Millennium - Starter Deck :\",\"isPartOf\":{\"@id\":\"https:\\\/\\\/theuncommonshop.ch\\\/fr\\\/#website\"},\"primaryImageOfPage\":{\"@id\":\"https:\\\/\\\/theuncommonshop.ch\\\/fr\\\/product\\\/yu-gi-oh-speed-duel-starter-deck-match-of-the-millennium-2\\\/#primaryimage\"},\"image\":{\"@id\":\"https:\\\/\\\/theuncommonshop.ch\\\/fr\\\/product\\\/yu-gi-oh-speed-duel-starter-deck-match-of-the-millennium-2\\\/#primaryimage\"},\"thumbnailUrl\":\"https:\\\/\\\/theuncommonshop.ch\\\/wp-content\\\/uploads\\\/2025\\\/06\\\/1274523164-1.jpg\",\"datePublished\":\"2025-06-02T17:09:13+00:00\",\"dateModified\":\"2026-03-29T13:58:29+00:00\",\"description\":\"Ach\u00e8te Yu-Gi-Oh - Speed Duel - Match of the Millennium - Starter Deck : en ligne maintenant \u00e0 petit prix! Ton #1 shop pour cartes TCG & Pok\u00e9mon en Suisse \u2713 Livraison gratuite d\u00e8s CHF 29\",\"breadcrumb\":{\"@id\":\"https:\\\/\\\/theuncommonshop.ch\\\/fr\\\/product\\\/yu-gi-oh-speed-duel-starter-deck-match-of-the-millennium-2\\\/#breadcrumb\"},\"inLanguage\":\"fr-FR\",\"potentialAction\":[{\"@type\":\"ReadAction\",\"target\":[\"https:\\\/\\\/theuncommonshop.ch\\\/fr\\\/product\\\/yu-gi-oh-speed-duel-starter-deck-match-of-the-millennium-2\\\/\"]}]},{\"@type\":\"ImageObject\",\"inLanguage\":\"fr-FR\",\"@id\":\"https:\\\/\\\/theuncommonshop.ch\\\/fr\\\/product\\\/yu-gi-oh-speed-duel-starter-deck-match-of-the-millennium-2\\\/#primaryimage\",\"url\":\"https:\\\/\\\/theuncommonshop.ch\\\/wp-content\\\/uploads\\\/2025\\\/06\\\/1274523164-1.jpg\",\"contentUrl\":\"https:\\\/\\\/theuncommonshop.ch\\\/wp-content\\\/uploads\\\/2025\\\/06\\\/1274523164-1.jpg\",\"width\":300,\"height\":464},{\"@type\":\"BreadcrumbList\",\"@id\":\"https:\\\/\\\/theuncommonshop.ch\\\/fr\\\/product\\\/yu-gi-oh-speed-duel-starter-deck-match-of-the-millennium-2\\\/#breadcrumb\",\"itemListElement\":[{\"@type\":\"ListItem\",\"position\":1,\"name\":\"Accueil\",\"item\":\"https:\\\/\\\/theuncommonshop.ch\\\/fr\\\/accueil\\\/\"},{\"@type\":\"ListItem\",\"position\":2,\"name\":\"Boutique\",\"item\":\"https:\\\/\\\/theuncommonshop.ch\\\/fr\\\/boutique\\\/\"},{\"@type\":\"ListItem\",\"position\":3,\"name\":\"Yu-Gi-Oh!\",\"item\":\"https:\\\/\\\/theuncommonshop.ch\\\/fr\\\/categorie-produit\\\/yu-gi-oh-fr\\\/\"},{\"@type\":\"ListItem\",\"position\":4,\"name\":\"Decks\",\"item\":\"https:\\\/\\\/theuncommonshop.ch\\\/fr\\\/categorie-produit\\\/yu-gi-oh-fr\\\/decks-yugioh\\\/\"},{\"@type\":\"ListItem\",\"position\":5,\"name\":\"Yu-Gi-Oh &#8211; Speed Duel &#8211; Match of the Millennium &#8211; Starter Deck :\"}]},{\"@type\":\"WebSite\",\"@id\":\"https:\\\/\\\/theuncommonshop.ch\\\/fr\\\/#website\",\"url\":\"https:\\\/\\\/theuncommonshop.ch\\\/fr\\\/\",\"name\":\"The Uncommon Shop\",\"description\":\"Magic, Pok\u00e9mon and Yu-gi-oh - The Uncommon Shop\",\"potentialAction\":[{\"@type\":\"SearchAction\",\"target\":{\"@type\":\"EntryPoint\",\"urlTemplate\":\"https:\\\/\\\/theuncommonshop.ch\\\/fr\\\/?s={search_term_string}\"},\"query-input\":{\"@type\":\"PropertyValueSpecification\",\"valueRequired\":true,\"valueName\":\"search_term_string\"}}],\"inLanguage\":\"fr-FR\"}]}<\/script>\n<meta property=\"og:availability\" content=\"out of stock\" \/>\n<meta property=\"product:availability\" content=\"out of stock\" \/>\n<meta property=\"product:retailer_item_id\" content=\"YGO.III.E.SDMatchMillennium.EN\" \/>\n<meta property=\"product:condition\" content=\"new\" \/>\n<!-- \/ Yoast SEO plugin. -->","yoast_head_json":{"title":"Ach\u00e8te Yu-Gi-Oh - Speed Duel - Match of the Millennium - Starter Deck :","description":"Ach\u00e8te Yu-Gi-Oh - Speed Duel - Match of the Millennium - Starter Deck : en ligne maintenant \u00e0 petit prix! Ton #1 shop pour cartes TCG & Pok\u00e9mon en Suisse \u2713 Livraison gratuite d\u00e8s CHF 29","robots":{"index":"index","follow":"follow","max-snippet":"max-snippet:-1","max-image-preview":"max-image-preview:large","max-video-preview":"max-video-preview:-1"},"canonical":"https:\/\/theuncommonshop.ch\/fr\/product\/yu-gi-oh-speed-duel-starter-deck-match-of-the-millennium-2\/","og_locale":"fr_FR","og_type":"article","og_title":"Ach\u00e8te Yu-Gi-Oh - Speed Duel - Match of the Millennium - Starter Deck :","og_description":"Ach\u00e8te Yu-Gi-Oh - Speed Duel - Match of the Millennium - Starter Deck : en ligne maintenant \u00e0 petit prix! Ton #1 shop pour cartes TCG & Pok\u00e9mon en Suisse \u2713 Livraison gratuite d\u00e8s CHF 29","og_url":"https:\/\/theuncommonshop.ch\/fr\/product\/yu-gi-oh-speed-duel-starter-deck-match-of-the-millennium-2\/","og_site_name":"The Uncommon Shop","article_modified_time":"2026-03-29T13:58:29+00:00","og_image":[{"width":300,"height":464,"url":"https:\/\/theuncommonshop.ch\/wp-content\/uploads\/2025\/06\/1274523164-1.jpg","type":"image\/jpeg"}],"twitter_card":"summary_large_image","twitter_misc":{"Disponibilit\u00e9":"Rupture de stock"},"schema":{"@context":"https:\/\/schema.org","@graph":[{"@type":"WebPage","@id":"https:\/\/theuncommonshop.ch\/fr\/product\/yu-gi-oh-speed-duel-starter-deck-match-of-the-millennium-2\/","url":"https:\/\/theuncommonshop.ch\/fr\/product\/yu-gi-oh-speed-duel-starter-deck-match-of-the-millennium-2\/","name":"Ach\u00e8te Yu-Gi-Oh - Speed Duel - Match of the Millennium - Starter Deck :","isPartOf":{"@id":"https:\/\/theuncommonshop.ch\/fr\/#website"},"primaryImageOfPage":{"@id":"https:\/\/theuncommonshop.ch\/fr\/product\/yu-gi-oh-speed-duel-starter-deck-match-of-the-millennium-2\/#primaryimage"},"image":{"@id":"https:\/\/theuncommonshop.ch\/fr\/product\/yu-gi-oh-speed-duel-starter-deck-match-of-the-millennium-2\/#primaryimage"},"thumbnailUrl":"https:\/\/theuncommonshop.ch\/wp-content\/uploads\/2025\/06\/1274523164-1.jpg","datePublished":"2025-06-02T17:09:13+00:00","dateModified":"2026-03-29T13:58:29+00:00","description":"Ach\u00e8te Yu-Gi-Oh - Speed Duel - Match of the Millennium - Starter Deck : en ligne maintenant \u00e0 petit prix! Ton #1 shop pour cartes TCG & Pok\u00e9mon en Suisse \u2713 Livraison gratuite d\u00e8s CHF 29","breadcrumb":{"@id":"https:\/\/theuncommonshop.ch\/fr\/product\/yu-gi-oh-speed-duel-starter-deck-match-of-the-millennium-2\/#breadcrumb"},"inLanguage":"fr-FR","potentialAction":[{"@type":"ReadAction","target":["https:\/\/theuncommonshop.ch\/fr\/product\/yu-gi-oh-speed-duel-starter-deck-match-of-the-millennium-2\/"]}]},{"@type":"ImageObject","inLanguage":"fr-FR","@id":"https:\/\/theuncommonshop.ch\/fr\/product\/yu-gi-oh-speed-duel-starter-deck-match-of-the-millennium-2\/#primaryimage","url":"https:\/\/theuncommonshop.ch\/wp-content\/uploads\/2025\/06\/1274523164-1.jpg","contentUrl":"https:\/\/theuncommonshop.ch\/wp-content\/uploads\/2025\/06\/1274523164-1.jpg","width":300,"height":464},{"@type":"BreadcrumbList","@id":"https:\/\/theuncommonshop.ch\/fr\/product\/yu-gi-oh-speed-duel-starter-deck-match-of-the-millennium-2\/#breadcrumb","itemListElement":[{"@type":"ListItem","position":1,"name":"Accueil","item":"https:\/\/theuncommonshop.ch\/fr\/accueil\/"},{"@type":"ListItem","position":2,"name":"Boutique","item":"https:\/\/theuncommonshop.ch\/fr\/boutique\/"},{"@type":"ListItem","position":3,"name":"Yu-Gi-Oh!","item":"https:\/\/theuncommonshop.ch\/fr\/categorie-produit\/yu-gi-oh-fr\/"},{"@type":"ListItem","position":4,"name":"Decks","item":"https:\/\/theuncommonshop.ch\/fr\/categorie-produit\/yu-gi-oh-fr\/decks-yugioh\/"},{"@type":"ListItem","position":5,"name":"Yu-Gi-Oh &#8211; Speed Duel &#8211; Match of the Millennium &#8211; Starter Deck :"}]},{"@type":"WebSite","@id":"https:\/\/theuncommonshop.ch\/fr\/#website","url":"https:\/\/theuncommonshop.ch\/fr\/","name":"The Uncommon Shop","description":"Magic, Pok\u00e9mon and Yu-gi-oh - The Uncommon Shop","potentialAction":[{"@type":"SearchAction","target":{"@type":"EntryPoint","urlTemplate":"https:\/\/theuncommonshop.ch\/fr\/?s={search_term_string}"},"query-input":{"@type":"PropertyValueSpecification","valueRequired":true,"valueName":"search_term_string"}}],"inLanguage":"fr-FR"}]},"og_availability":"out of stock","product_availability":"out of stock","product_retailer_item_id":"YGO.III.E.SDMatchMillennium.EN","product_condition":"new"},"_links":{"self":[{"href":"https:\/\/theuncommonshop.ch\/fr\/wp-json\/wp\/v2\/product\/331234","targetHints":{"allow":["GET"]}}],"collection":[{"href":"https:\/\/theuncommonshop.ch\/fr\/wp-json\/wp\/v2\/product"}],"about":[{"href":"https:\/\/theuncommonshop.ch\/fr\/wp-json\/wp\/v2\/types\/product"}],"replies":[{"embeddable":true,"href":"https:\/\/theuncommonshop.ch\/fr\/wp-json\/wp\/v2\/comments?post=331234"}],"version-history":[{"count":0,"href":"https:\/\/theuncommonshop.ch\/fr\/wp-json\/wp\/v2\/product\/331234\/revisions"}],"wp:featuredmedia":[{"embeddable":true,"href":"https:\/\/theuncommonshop.ch\/fr\/wp-json\/wp\/v2\/media\/41898"}],"wp:attachment":[{"href":"https:\/\/theuncommonshop.ch\/fr\/wp-json\/wp\/v2\/media?parent=331234"}],"wp:term":[{"taxonomy":"product_brand","embeddable":true,"href":"https:\/\/theuncommonshop.ch\/fr\/wp-json\/wp\/v2\/product_brand?post=331234"},{"taxonomy":"product_cat","embeddable":true,"href":"https:\/\/theuncommonshop.ch\/fr\/wp-json\/wp\/v2\/product_cat?post=331234"},{"taxonomy":"product_tag","embeddable":true,"href":"https:\/\/theuncommonshop.ch\/fr\/wp-json\/wp\/v2\/product_tag?post=331234"}],"curies":[{"name":"wp","href":"https:\/\/api.w.org\/{rel}","templated":true}]}}