{"id":331177,"date":"2025-06-02T16:19:31","date_gmt":"2025-06-02T14:19:31","guid":{"rendered":"http:\/\/theuncommonshop.ch\/produkt\/331177\/"},"modified":"2026-03-28T16:20:32","modified_gmt":"2026-03-28T15:20:32","slug":"magic-theros-beyond-death-thb-collector-booster-display-2","status":"publish","type":"product","link":"https:\/\/theuncommonshop.ch\/fr\/product\/magic-theros-beyond-death-thb-collector-booster-display-2\/","title":{"rendered":"Magic &#8211; Theros Beyond Death (THB) &#8211; Collector Booster Display"},"content":{"rendered":"<p data-start=\"90\" data-end=\"395\">Retournez dans le monde des dieux, des h\u00e9ros et des mythes avec le <strong data-start=\"152\" data-end=\"181\">Collector Booster Display<\/strong> de <strong data-start=\"186\" data-end=\"227\"><span class=\"hover:entity-accent entity-underline inline cursor-pointer align-baseline\"><span class=\"whitespace-normal\">Theros Beyond Death<\/span><\/span><\/strong>. Ce coffret emm\u00e8ne \u00e0 nouveau les joueurs dans le monde de Theros, inspir\u00e9 de la mythologie grecque, o\u00f9 de puissants dieux veillent sur le destin des mortels. <\/p>\n<p data-start=\"397\" data-end=\"702\">Dans <strong data-start=\"400\" data-end=\"429\">Theros Beyond Death (THB),<\/strong> la vie apr\u00e8s la mort et le pouvoir des enfers jouent un r\u00f4le central. L&#8217;ensemble ram\u00e8ne des m\u00e9canismes populaires comme <strong data-start=\"549\" data-end=\"559\">Escape<\/strong>, qui permet de rejouer des cartes du cimeti\u00e8re, ainsi que de nombreuses cr\u00e9atures l\u00e9gendaires et des enchantements impressionnants. <\/p>\n<p data-start=\"704\" data-end=\"1034\">Les <strong data-start=\"708\" data-end=\"729\">Collector Boosters<\/strong> sont sp\u00e9cialement con\u00e7us pour les collectionneurs et contiennent un nombre particuli\u00e8rement \u00e9lev\u00e9 de <strong data-start=\"797\" data-end=\"875\">cartes Foil, de cartes Showcase, de variantes Extended-Art et de cartes Borderless<\/strong>. Les <strong data-start=\"918\" data-end=\"936\">cartes terrestres Nyx<\/strong>, uniques en leur genre, sont particuli\u00e8rement recherch\u00e9es. Avec leur design en forme d&#8217;\u00e9toile, elles constituent l&#8217;une des variantes de cartes les plus populaires du set. <\/p>\n<h3 data-start=\"1036\" data-end=\"1054\">D\u00e9tails du produit<\/h3>\n<p data-start=\"1056\" data-end=\"1538\">&#8211; <strong data-start=\"1058\" data-end=\"1066\">Set :<\/strong> Theros Beyond Death <br data-start=\"1086\" data-end=\"1089\">&#8211; <strong data-start=\"1091\" data-end=\"1110\">Nom fran\u00e7ais :<\/strong> Theros : Au-del\u00e0 de la mort <br data-start=\"1137\" data-end=\"1140\">&#8211; <strong data-start=\"1142\" data-end=\"1155\">Code de l&#8217;ensemble :<\/strong> <strong data-start=\"1156\" data-end=\"1163\">THB<\/strong><br data-start=\"1163\" data-end=\"1166\">&#8211; <strong data-start=\"1168\" data-end=\"1180\">Langue :<\/strong> <strong data-start=\"1181\" data-end=\"1198\">anglais (EN)<\/strong><br data-start=\"1198\" data-end=\"1201\">&#8211; <strong data-start=\"1203\" data-end=\"1245\">1 pr\u00e9sentoir contient 12 Boosters Collector<\/strong><br data-start=\"1245\" data-end=\"1248\">&#8211; <strong data-start=\"1250\" data-end=\"1296\">15 cartes Magic : The Gathering par Booster<\/strong><br data-start=\"1296\" data-end=\"1299\">&#8211; Contient de nombreuses <strong data-start=\"1320\" data-end=\"1365\">cartes Foil et des variantes sp\u00e9ciales de cartes<\/strong><br data-start=\"1365\" data-end=\"1368\">&#8211; Chance de recevoir des <strong data-start=\"1381\" data-end=\"1431\">cartes Showcase, Extended Art et Borderless<\/strong><br data-start=\"1431\" data-end=\"1434\">&#8211; Contient des <strong data-start=\"1454\" data-end=\"1472\">cartes de terrain Nyx<\/strong> sp\u00e9ciales<br data-start=\"1472\" data-end=\"1475\">&#8211; Parfaitement adapt\u00e9 aux joueurs de Magic <strong data-start=\"1250\" data-end=\"1296\">the G<\/strong>athering.         <strong data-start=\"1498\" data-end=\"1538\">Collectionneurs et pulls de cartes de qualit\u00e9<\/strong><\/p>\n<p data-start=\"1540\" data-end=\"1734\">Avec le <strong data-start=\"1548\" data-end=\"1624\">Collector Booster Display de Theros Beyond Death (THB) de Magic : The Gathering<\/strong>, vous vous assurez des cartes particuli\u00e8rement rares et des variantes impressionnantes du monde mythologique de Theros.<\/p>\n","protected":false},"excerpt":{"rendered":"<p>Retournez dans le monde des dieux, des h\u00e9ros et des mythes avec le Collector Booster Display de Theros Beyond Death.<\/p>\n","protected":false},"featured_media":40261,"comment_status":"open","ping_status":"closed","template":"","meta":{"_acf_changed":false},"product_brand":[5158,5070],"product_cat":[9969,9967],"product_tag":[],"class_list":{"0":"post-331177","1":"product","2":"type-product","3":"status-publish","4":"has-post-thumbnail","6":"product_brand-magic-the-gathering","7":"product_brand-wizards-of-the-coast","8":"product_cat-booster-displays-fr","9":"product_cat-magic-the-gathering-fr","11":"first","12":"instock","13":"taxable","14":"shipping-taxable","15":"purchasable","16":"product-type-variable"},"acf":[],"yoast_head":"<!-- This site is optimized with the Yoast SEO plugin v27.4 - https:\/\/yoast.com\/product\/yoast-seo-wordpress\/ -->\n<title>Ach\u00e8te Magic - Theros Beyond Death (THB) - Collector Booster Display<\/title>\n<meta name=\"description\" content=\"Ach\u00e8te Magic - Theros Beyond Death (THB) - Collector Booster Display en ligne maintenant \u00e0 petit prix! Ton #1 shop pour cartes TCG &amp; Pok\u00e9mon en Suisse \u2713 Livraison gratuite d\u00e8s CHF 29\" \/>\n<meta name=\"robots\" content=\"index, follow, max-snippet:-1, max-image-preview:large, max-video-preview:-1\" \/>\n<link rel=\"canonical\" href=\"https:\/\/theuncommonshop.ch\/fr\/product\/magic-theros-beyond-death-thb-collector-booster-display-2\/\" \/>\n<meta property=\"og:locale\" content=\"fr_FR\" \/>\n<meta property=\"og:type\" content=\"article\" \/>\n<meta property=\"og:title\" content=\"Ach\u00e8te Magic - Theros Beyond Death (THB) - Collector Booster Display\" \/>\n<meta property=\"og:description\" content=\"Ach\u00e8te Magic - Theros Beyond Death (THB) - Collector Booster Display en ligne maintenant \u00e0 petit prix! Ton #1 shop pour cartes TCG &amp; Pok\u00e9mon en Suisse \u2713 Livraison gratuite d\u00e8s CHF 29\" \/>\n<meta property=\"og:url\" content=\"https:\/\/theuncommonshop.ch\/fr\/product\/magic-theros-beyond-death-thb-collector-booster-display-2\/\" \/>\n<meta property=\"og:site_name\" content=\"Largest trading card shop in Switzerland\" \/>\n<meta property=\"article:modified_time\" content=\"2026-03-28T15:20:32+00:00\" \/>\n<meta property=\"og:image\" content=\"https:\/\/theuncommonshop.ch\/wp-content\/uploads\/2025\/06\/1248186728.jpg\" \/>\n\t<meta property=\"og:image:width\" content=\"900\" \/>\n\t<meta property=\"og:image:height\" content=\"989\" \/>\n\t<meta property=\"og:image:type\" content=\"image\/jpeg\" \/>\n<meta name=\"twitter:card\" content=\"summary_large_image\" \/>\n<meta name=\"twitter:label1\" content=\"Disponibilit\u00e9\" \/>\n\t<meta name=\"twitter:data1\" content=\"En stock\" \/>\n<script type=\"application\/ld+json\" class=\"yoast-schema-graph\">{\"@context\":\"https:\\\/\\\/schema.org\",\"@graph\":[{\"@type\":\"WebPage\",\"@id\":\"https:\\\/\\\/theuncommonshop.ch\\\/fr\\\/product\\\/magic-theros-beyond-death-thb-collector-booster-display-2\\\/\",\"url\":\"https:\\\/\\\/theuncommonshop.ch\\\/fr\\\/product\\\/magic-theros-beyond-death-thb-collector-booster-display-2\\\/\",\"name\":\"Ach\u00e8te Magic - Theros Beyond Death (THB) - Collector Booster Display\",\"isPartOf\":{\"@id\":\"https:\\\/\\\/theuncommonshop.ch\\\/#website\"},\"primaryImageOfPage\":{\"@id\":\"https:\\\/\\\/theuncommonshop.ch\\\/fr\\\/product\\\/magic-theros-beyond-death-thb-collector-booster-display-2\\\/#primaryimage\"},\"image\":{\"@id\":\"https:\\\/\\\/theuncommonshop.ch\\\/fr\\\/product\\\/magic-theros-beyond-death-thb-collector-booster-display-2\\\/#primaryimage\"},\"thumbnailUrl\":\"https:\\\/\\\/theuncommonshop.ch\\\/wp-content\\\/uploads\\\/2025\\\/06\\\/1248186728.jpg\",\"datePublished\":\"2025-06-02T14:19:31+00:00\",\"dateModified\":\"2026-03-28T15:20:32+00:00\",\"description\":\"Ach\u00e8te Magic - Theros Beyond Death (THB) - Collector Booster Display en ligne maintenant \u00e0 petit prix! Ton #1 shop pour cartes TCG & Pok\u00e9mon en Suisse \u2713 Livraison gratuite d\u00e8s CHF 29\",\"breadcrumb\":{\"@id\":\"https:\\\/\\\/theuncommonshop.ch\\\/fr\\\/product\\\/magic-theros-beyond-death-thb-collector-booster-display-2\\\/#breadcrumb\"},\"inLanguage\":\"fr-FR\",\"potentialAction\":[{\"@type\":\"ReadAction\",\"target\":[\"https:\\\/\\\/theuncommonshop.ch\\\/fr\\\/product\\\/magic-theros-beyond-death-thb-collector-booster-display-2\\\/\"]}]},{\"@type\":\"ImageObject\",\"inLanguage\":\"fr-FR\",\"@id\":\"https:\\\/\\\/theuncommonshop.ch\\\/fr\\\/product\\\/magic-theros-beyond-death-thb-collector-booster-display-2\\\/#primaryimage\",\"url\":\"https:\\\/\\\/theuncommonshop.ch\\\/wp-content\\\/uploads\\\/2025\\\/06\\\/1248186728.jpg\",\"contentUrl\":\"https:\\\/\\\/theuncommonshop.ch\\\/wp-content\\\/uploads\\\/2025\\\/06\\\/1248186728.jpg\",\"width\":900,\"height\":989},{\"@type\":\"BreadcrumbList\",\"@id\":\"https:\\\/\\\/theuncommonshop.ch\\\/fr\\\/product\\\/magic-theros-beyond-death-thb-collector-booster-display-2\\\/#breadcrumb\",\"itemListElement\":[{\"@type\":\"ListItem\",\"position\":1,\"name\":\"Accueil\",\"item\":\"https:\\\/\\\/theuncommonshop.ch\\\/fr\\\/accueil\\\/\"},{\"@type\":\"ListItem\",\"position\":2,\"name\":\"Boutique\",\"item\":\"https:\\\/\\\/theuncommonshop.ch\\\/fr\\\/boutique\\\/\"},{\"@type\":\"ListItem\",\"position\":3,\"name\":\"Magic the Gathering\",\"item\":\"https:\\\/\\\/theuncommonshop.ch\\\/fr\\\/categorie-produit\\\/magic-the-gathering-fr\\\/\"},{\"@type\":\"ListItem\",\"position\":4,\"name\":\"Booster Displays\",\"item\":\"https:\\\/\\\/theuncommonshop.ch\\\/fr\\\/categorie-produit\\\/magic-the-gathering-fr\\\/booster-displays-fr\\\/\"},{\"@type\":\"ListItem\",\"position\":5,\"name\":\"Magic &#8211; Theros Beyond Death (THB) &#8211; Collector Booster Display\"}]},{\"@type\":\"WebSite\",\"@id\":\"https:\\\/\\\/theuncommonshop.ch\\\/#website\",\"url\":\"https:\\\/\\\/theuncommonshop.ch\\\/\",\"name\":\"Largest trading card shop in Switzerland\",\"description\":\"Magic, Pok\u00e9mon and Yu-gi-oh - The Uncommon Shop\",\"potentialAction\":[{\"@type\":\"SearchAction\",\"target\":{\"@type\":\"EntryPoint\",\"urlTemplate\":\"https:\\\/\\\/theuncommonshop.ch\\\/?s={search_term_string}\"},\"query-input\":{\"@type\":\"PropertyValueSpecification\",\"valueRequired\":true,\"valueName\":\"search_term_string\"}}],\"inLanguage\":\"fr-FR\"}]}<\/script>\n<meta property=\"og:availability\" content=\"instock\" \/>\n<meta property=\"product:availability\" content=\"instock\" \/>\n<meta property=\"product:condition\" content=\"new\" \/>\n<!-- \/ Yoast SEO plugin. -->","yoast_head_json":{"title":"Ach\u00e8te Magic - Theros Beyond Death (THB) - Collector Booster Display","description":"Ach\u00e8te Magic - Theros Beyond Death (THB) - Collector Booster Display en ligne maintenant \u00e0 petit prix! Ton #1 shop pour cartes TCG & Pok\u00e9mon en Suisse \u2713 Livraison gratuite d\u00e8s CHF 29","robots":{"index":"index","follow":"follow","max-snippet":"max-snippet:-1","max-image-preview":"max-image-preview:large","max-video-preview":"max-video-preview:-1"},"canonical":"https:\/\/theuncommonshop.ch\/fr\/product\/magic-theros-beyond-death-thb-collector-booster-display-2\/","og_locale":"fr_FR","og_type":"article","og_title":"Ach\u00e8te Magic - Theros Beyond Death (THB) - Collector Booster Display","og_description":"Ach\u00e8te Magic - Theros Beyond Death (THB) - Collector Booster Display en ligne maintenant \u00e0 petit prix! Ton #1 shop pour cartes TCG & Pok\u00e9mon en Suisse \u2713 Livraison gratuite d\u00e8s CHF 29","og_url":"https:\/\/theuncommonshop.ch\/fr\/product\/magic-theros-beyond-death-thb-collector-booster-display-2\/","og_site_name":"Largest trading card shop in Switzerland","article_modified_time":"2026-03-28T15:20:32+00:00","og_image":[{"width":900,"height":989,"url":"https:\/\/theuncommonshop.ch\/wp-content\/uploads\/2025\/06\/1248186728.jpg","type":"image\/jpeg"}],"twitter_card":"summary_large_image","twitter_misc":{"Disponibilit\u00e9":"En stock"},"schema":{"@context":"https:\/\/schema.org","@graph":[{"@type":"WebPage","@id":"https:\/\/theuncommonshop.ch\/fr\/product\/magic-theros-beyond-death-thb-collector-booster-display-2\/","url":"https:\/\/theuncommonshop.ch\/fr\/product\/magic-theros-beyond-death-thb-collector-booster-display-2\/","name":"Ach\u00e8te Magic - Theros Beyond Death (THB) - Collector Booster Display","isPartOf":{"@id":"https:\/\/theuncommonshop.ch\/#website"},"primaryImageOfPage":{"@id":"https:\/\/theuncommonshop.ch\/fr\/product\/magic-theros-beyond-death-thb-collector-booster-display-2\/#primaryimage"},"image":{"@id":"https:\/\/theuncommonshop.ch\/fr\/product\/magic-theros-beyond-death-thb-collector-booster-display-2\/#primaryimage"},"thumbnailUrl":"https:\/\/theuncommonshop.ch\/wp-content\/uploads\/2025\/06\/1248186728.jpg","datePublished":"2025-06-02T14:19:31+00:00","dateModified":"2026-03-28T15:20:32+00:00","description":"Ach\u00e8te Magic - Theros Beyond Death (THB) - Collector Booster Display en ligne maintenant \u00e0 petit prix! Ton #1 shop pour cartes TCG & Pok\u00e9mon en Suisse \u2713 Livraison gratuite d\u00e8s CHF 29","breadcrumb":{"@id":"https:\/\/theuncommonshop.ch\/fr\/product\/magic-theros-beyond-death-thb-collector-booster-display-2\/#breadcrumb"},"inLanguage":"fr-FR","potentialAction":[{"@type":"ReadAction","target":["https:\/\/theuncommonshop.ch\/fr\/product\/magic-theros-beyond-death-thb-collector-booster-display-2\/"]}]},{"@type":"ImageObject","inLanguage":"fr-FR","@id":"https:\/\/theuncommonshop.ch\/fr\/product\/magic-theros-beyond-death-thb-collector-booster-display-2\/#primaryimage","url":"https:\/\/theuncommonshop.ch\/wp-content\/uploads\/2025\/06\/1248186728.jpg","contentUrl":"https:\/\/theuncommonshop.ch\/wp-content\/uploads\/2025\/06\/1248186728.jpg","width":900,"height":989},{"@type":"BreadcrumbList","@id":"https:\/\/theuncommonshop.ch\/fr\/product\/magic-theros-beyond-death-thb-collector-booster-display-2\/#breadcrumb","itemListElement":[{"@type":"ListItem","position":1,"name":"Accueil","item":"https:\/\/theuncommonshop.ch\/fr\/accueil\/"},{"@type":"ListItem","position":2,"name":"Boutique","item":"https:\/\/theuncommonshop.ch\/fr\/boutique\/"},{"@type":"ListItem","position":3,"name":"Magic the Gathering","item":"https:\/\/theuncommonshop.ch\/fr\/categorie-produit\/magic-the-gathering-fr\/"},{"@type":"ListItem","position":4,"name":"Booster Displays","item":"https:\/\/theuncommonshop.ch\/fr\/categorie-produit\/magic-the-gathering-fr\/booster-displays-fr\/"},{"@type":"ListItem","position":5,"name":"Magic &#8211; Theros Beyond Death (THB) &#8211; Collector Booster Display"}]},{"@type":"WebSite","@id":"https:\/\/theuncommonshop.ch\/#website","url":"https:\/\/theuncommonshop.ch\/","name":"Largest trading card shop in Switzerland","description":"Magic, Pok\u00e9mon and Yu-gi-oh - The Uncommon Shop","potentialAction":[{"@type":"SearchAction","target":{"@type":"EntryPoint","urlTemplate":"https:\/\/theuncommonshop.ch\/?s={search_term_string}"},"query-input":{"@type":"PropertyValueSpecification","valueRequired":true,"valueName":"search_term_string"}}],"inLanguage":"fr-FR"}]},"og_availability":"instock","product_availability":"instock","product_condition":"new"},"_links":{"self":[{"href":"https:\/\/theuncommonshop.ch\/fr\/wp-json\/wp\/v2\/product\/331177","targetHints":{"allow":["GET"]}}],"collection":[{"href":"https:\/\/theuncommonshop.ch\/fr\/wp-json\/wp\/v2\/product"}],"about":[{"href":"https:\/\/theuncommonshop.ch\/fr\/wp-json\/wp\/v2\/types\/product"}],"replies":[{"embeddable":true,"href":"https:\/\/theuncommonshop.ch\/fr\/wp-json\/wp\/v2\/comments?post=331177"}],"version-history":[{"count":1,"href":"https:\/\/theuncommonshop.ch\/fr\/wp-json\/wp\/v2\/product\/331177\/revisions"}],"predecessor-version":[{"id":331181,"href":"https:\/\/theuncommonshop.ch\/fr\/wp-json\/wp\/v2\/product\/331177\/revisions\/331181"}],"wp:featuredmedia":[{"embeddable":true,"href":"https:\/\/theuncommonshop.ch\/fr\/wp-json\/wp\/v2\/media\/40261"}],"wp:attachment":[{"href":"https:\/\/theuncommonshop.ch\/fr\/wp-json\/wp\/v2\/media?parent=331177"}],"wp:term":[{"taxonomy":"product_brand","embeddable":true,"href":"https:\/\/theuncommonshop.ch\/fr\/wp-json\/wp\/v2\/product_brand?post=331177"},{"taxonomy":"product_cat","embeddable":true,"href":"https:\/\/theuncommonshop.ch\/fr\/wp-json\/wp\/v2\/product_cat?post=331177"},{"taxonomy":"product_tag","embeddable":true,"href":"https:\/\/theuncommonshop.ch\/fr\/wp-json\/wp\/v2\/product_tag?post=331177"}],"curies":[{"name":"wp","href":"https:\/\/api.w.org\/{rel}","templated":true}]}}