{"id":331161,"date":"2025-06-02T16:15:54","date_gmt":"2025-06-02T14:15:54","guid":{"rendered":"http:\/\/theuncommonshop.ch\/produkt\/331161\/"},"modified":"2026-03-29T16:43:34","modified_gmt":"2026-03-29T14:43:34","slug":"marik-ishtar-deck-anime-2","status":"publish","type":"product","link":"https:\/\/theuncommonshop.ch\/fr\/product\/marik-ishtar-deck-anime-2\/","title":{"rendered":"Yu-Gi-Oh ! &#8211; Marik Ishtar Deck (Anime)"},"content":{"rendered":"<p><strong><span style=\"color: #f2c314;\">Toutes les ORICAS sont &#8220;imprim\u00e9es \u00e0 la demande&#8221;. Il peut s&#8217;\u00e9couler entre 2 et 4 semaines avant que nous ne vous envoyions le colis. <\/span><\/strong><\/p>\n<p>Ces cartes ne sont <strong>pas des cartes de tournoi<\/strong> et sont principalement destin\u00e9es aux fans de la s\u00e9rie YGO.<\/p>\n<div><\/div>\n<div>Jouez \u00e0 Yugioh comme il a \u00e9t\u00e9 montr\u00e9 dans la s\u00e9rie YGO !<\/div>\n<div><u><span style=\"font-size: 10px;\">monster Cards<\/span><\/u><\/div>\n<div><span style=\"font-size: 10px;\">Gilgarth<\/span><\/div>\n<div><span style=\"font-size: 10px;\">Melchid the Four-Face Beast (B\u00eate \u00e0 quatre visages)<\/span><\/div>\n<div><span style=\"font-size: 10px;\">Juragedo<\/span><\/div>\n<div><span style=\"font-size: 10px;\">Slime humano\u00efde<\/span><\/div>\n<div><span style=\"font-size: 10px;\">Ver drake .<\/span><\/div>\n<div><span style=\"font-size: 10px;\">Le Dragon de Ra aux ailes<\/span><\/div>\n<div><span style=\"font-size: 10px;\">Helpoemer<\/span><\/div>\n<div><span style=\"font-size: 10px;\">Bras de maintien<\/span><\/div>\n<div><span style=\"font-size: 10px;\">Jambes de maintien<\/span><\/div>\n<div><span style=\"font-size: 10px;\">Golem de lave<\/span><\/div>\n<div><span style=\"font-size: 10px;\">Ennemi l\u00e9gendaire<\/span><\/div>\n<div><span style=\"font-size: 10px;\">Lekunga<\/span><\/div>\n<div><span style=\"font-size: 10px;\">Lord poison<\/span><\/div>\n<div><span style=\"font-size: 10px;\">Makyura le destructeur<\/span><\/div>\n<div><span style=\"font-size: 10px;\">B\u00eate masqu\u00e9e du gardius<\/span><\/div>\n<div><span style=\"font-size: 10px;\">Newdoria<\/span><\/div>\n<div><span style=\"font-size: 10px;\">Plasma eel<\/span><\/div>\n<div><span style=\"font-size: 10px;\">Bowganian<\/span><\/div>\n<div><span style=\"font-size: 10px;\">Revival jam<\/span><\/div>\n<div><span style=\"font-size: 10px;\">League vampirique<\/span><\/div>\n<div><span style=\"font-size: 10px;\">Drillgo<\/span><\/div>\n<div><span style=\"font-size: 10px;\">Dark jeroid<\/span><\/div>\n<div><span style=\"font-size: 10px;\">Pierre sacr\u00e9e d&#8217;ojhat  <\/span><\/div>\n<div><\/div>\n<div><u><span style=\"font-size: 10px;\">Cartes de v\u0153ux<\/span><\/u><\/div>\n<div><span style=\"font-size: 10px;\">polym\u00e9risation<\/span><\/div>\n<div><span style=\"font-size: 10px;\">black pendant  <\/span><\/div>\n<div><span style=\"font-size: 10px;\">carte de sanctuaire<\/span><\/div>\n<div><span style=\"font-size: 10px;\">r\u00e9g\u00e9n\u00e9ration dark spell  <\/span><\/div>\n<div><span style=\"font-size: 10px;\">duplication de machine<\/span><\/div>\n<div><span style=\"font-size: 10px;\">exvacation magique de pierres  <\/span><\/div>\n<div><span style=\"font-size: 10px;\">mort pr\u00e9matur\u00e9e<\/span><\/div>\n<div><span style=\"font-size: 10px;\">pot of greed  <\/span><\/div>\n<div><span style=\"font-size: 10px;\">le masque du revenant<\/span><\/div>\n<div><span style=\"font-size: 10px;\">vangeful bog spirit  <\/span><\/div>\n<div><span style=\"font-size: 10px;\">sort de douleur  <\/span><\/div>\n<div><span style=\"font-size: 10px;\">attaque surprise d&#8217;outre-tombe  <\/span><\/div>\n<div><span style=\"font-size: 10px;\">monster reborn  <\/span><\/div>\n<div><span style=\"font-size: 10px;\">supprimer le pi\u00e8ge  <\/span><\/div>\n<div><\/div>\n<div><u><span style=\"font-size: 10px;\">Cartes de pi\u00e8ge<\/span><\/u><\/div>\n<div><span style=\"font-size: 10px;\">soldat cach\u00e9  <\/span><\/div>\n<div><span style=\"font-size: 10px;\">vendeur de coffres<\/span><\/div>\n<div><span style=\"font-size: 10px;\">cauchemar miror  <\/span><\/div>\n<div><span style=\"font-size: 10px;\">metal reflect slim<\/span><\/div>\n<div><span style=\"font-size: 10px;\">reliev monster<\/span><\/div>\n<div><span style=\"font-size: 10px;\">zombie jewel<\/span><\/div>\n<div><span style=\"font-size: 10px;\">left arm offering<\/span><\/div>\n<div><span style=\"font-size: 10px;\">rope of live  <\/span><\/div>\n<div><span style=\"font-size: 10px;\">jam defender<\/span><\/div>\n<div><span style=\"font-size: 10px;\">miror force  <\/span><\/div>\n<div><span style=\"font-size: 10px;\">nightmare wheel<\/span><\/div>\n<div><span style=\"font-size: 10px;\">Joyful Doom<\/span><\/div>\n<div><\/div>\n<div><u><span style=\"font-size: 10px;\">Pont suppl\u00e9mentaire<\/span><\/u><\/div>\n<div><span style=\"font-size: 10px;\">egyptian god slim  <\/span><\/div>\n<p>&nbsp;<\/p>\n<div>\n<p>&nbsp;<\/p>\n<div>\n<p>&nbsp;<\/p>\n<div>\n<div>\n<div><\/div>\n<\/div>\n<\/div>\n<div><\/div>\n<p>&nbsp;<\/p>\n<\/div>\n<div>\n<div>\n<div>\n<div><\/div>\n<\/div>\n<\/div>\n<\/div>\n<p>&nbsp;<\/p>\n<\/div>\n<div>\n<div>\n<div><\/div>\n<\/div>\n<\/div>\n<div>\n<div><\/div>\n<\/div>\n<div>\n<div>\n<div><\/div>\n<\/div>\n<\/div>\n","protected":false},"excerpt":{"rendered":"<p>Toutes les ORICAS sont &#8220;imprim\u00e9es \u00e0 la demande&#8221;. Il peut s&#8217;\u00e9couler entre 2 et 4 semaines avant que nous ne<\/p>\n","protected":false},"featured_media":40155,"comment_status":"open","ping_status":"closed","template":"","meta":{"_acf_changed":false},"product_brand":[5074,5112],"product_cat":[9843,9779],"product_tag":[],"class_list":{"0":"post-331161","1":"product","2":"type-product","3":"status-publish","4":"has-post-thumbnail","6":"product_brand-konami","7":"product_brand-yu-gi-oh","8":"product_cat-orica-decks-fr","9":"product_cat-yu-gi-oh-fr","11":"first","12":"instock","13":"taxable","14":"shipping-taxable","15":"purchasable","16":"product-type-simple"},"acf":[],"yoast_head":"<!-- This site is optimized with the Yoast SEO plugin v27.4 - https:\/\/yoast.com\/product\/yoast-seo-wordpress\/ -->\n<title>Ach\u00e8te Yu-Gi-Oh ! - Marik Ishtar Deck (Anime)<\/title>\n<meta name=\"description\" content=\"Ach\u00e8te Yu-Gi-Oh ! - Marik Ishtar Deck (Anime) en ligne maintenant \u00e0 petit prix! Ton #1 shop pour cartes TCG &amp; Pok\u00e9mon en Suisse \u2713 Livraison gratuite d\u00e8s CHF 29\" \/>\n<meta name=\"robots\" content=\"index, follow, max-snippet:-1, max-image-preview:large, max-video-preview:-1\" \/>\n<link rel=\"canonical\" href=\"https:\/\/theuncommonshop.ch\/fr\/product\/marik-ishtar-deck-anime-2\/\" \/>\n<meta property=\"og:locale\" content=\"fr_FR\" \/>\n<meta property=\"og:type\" content=\"article\" \/>\n<meta property=\"og:title\" content=\"Ach\u00e8te Yu-Gi-Oh ! - Marik Ishtar Deck (Anime)\" \/>\n<meta property=\"og:description\" content=\"Ach\u00e8te Yu-Gi-Oh ! - Marik Ishtar Deck (Anime) en ligne maintenant \u00e0 petit prix! Ton #1 shop pour cartes TCG &amp; Pok\u00e9mon en Suisse \u2713 Livraison gratuite d\u00e8s CHF 29\" \/>\n<meta property=\"og:url\" content=\"https:\/\/theuncommonshop.ch\/fr\/product\/marik-ishtar-deck-anime-2\/\" \/>\n<meta property=\"og:site_name\" content=\"The Uncommon Shop\" \/>\n<meta property=\"article:modified_time\" content=\"2026-03-29T14:43:34+00:00\" \/>\n<meta property=\"og:image\" content=\"https:\/\/theuncommonshop.ch\/wp-content\/uploads\/2025\/06\/1212859881.jpg\" \/>\n\t<meta property=\"og:image:width\" content=\"540\" \/>\n\t<meta property=\"og:image:height\" content=\"540\" \/>\n\t<meta property=\"og:image:type\" content=\"image\/jpeg\" \/>\n<meta name=\"twitter:card\" content=\"summary_large_image\" \/>\n<meta name=\"twitter:label1\" content=\"Prix\" \/>\n\t<meta name=\"twitter:data1\" content=\"&#067;&#072;&#070;&nbsp;119.95\" \/>\n\t<meta name=\"twitter:label2\" content=\"Disponibilit\u00e9\" \/>\n\t<meta name=\"twitter:data2\" content=\"En stock\" \/>\n<script type=\"application\/ld+json\" class=\"yoast-schema-graph\">{\"@context\":\"https:\\\/\\\/schema.org\",\"@graph\":[{\"@type\":\"WebPage\",\"@id\":\"https:\\\/\\\/theuncommonshop.ch\\\/fr\\\/product\\\/marik-ishtar-deck-anime-2\\\/\",\"url\":\"https:\\\/\\\/theuncommonshop.ch\\\/fr\\\/product\\\/marik-ishtar-deck-anime-2\\\/\",\"name\":\"Ach\u00e8te Yu-Gi-Oh ! - Marik Ishtar Deck (Anime)\",\"isPartOf\":{\"@id\":\"https:\\\/\\\/theuncommonshop.ch\\\/fr\\\/#website\"},\"primaryImageOfPage\":{\"@id\":\"https:\\\/\\\/theuncommonshop.ch\\\/fr\\\/product\\\/marik-ishtar-deck-anime-2\\\/#primaryimage\"},\"image\":{\"@id\":\"https:\\\/\\\/theuncommonshop.ch\\\/fr\\\/product\\\/marik-ishtar-deck-anime-2\\\/#primaryimage\"},\"thumbnailUrl\":\"https:\\\/\\\/theuncommonshop.ch\\\/wp-content\\\/uploads\\\/2025\\\/06\\\/1212859881.jpg\",\"datePublished\":\"2025-06-02T14:15:54+00:00\",\"dateModified\":\"2026-03-29T14:43:34+00:00\",\"description\":\"Ach\u00e8te Yu-Gi-Oh ! - Marik Ishtar Deck (Anime) en ligne maintenant \u00e0 petit prix! Ton #1 shop pour cartes TCG & Pok\u00e9mon en Suisse \u2713 Livraison gratuite d\u00e8s CHF 29\",\"breadcrumb\":{\"@id\":\"https:\\\/\\\/theuncommonshop.ch\\\/fr\\\/product\\\/marik-ishtar-deck-anime-2\\\/#breadcrumb\"},\"inLanguage\":\"fr-FR\",\"potentialAction\":[{\"@type\":\"ReadAction\",\"target\":[\"https:\\\/\\\/theuncommonshop.ch\\\/fr\\\/product\\\/marik-ishtar-deck-anime-2\\\/\"]}]},{\"@type\":\"ImageObject\",\"inLanguage\":\"fr-FR\",\"@id\":\"https:\\\/\\\/theuncommonshop.ch\\\/fr\\\/product\\\/marik-ishtar-deck-anime-2\\\/#primaryimage\",\"url\":\"https:\\\/\\\/theuncommonshop.ch\\\/wp-content\\\/uploads\\\/2025\\\/06\\\/1212859881.jpg\",\"contentUrl\":\"https:\\\/\\\/theuncommonshop.ch\\\/wp-content\\\/uploads\\\/2025\\\/06\\\/1212859881.jpg\",\"width\":540,\"height\":540},{\"@type\":\"BreadcrumbList\",\"@id\":\"https:\\\/\\\/theuncommonshop.ch\\\/fr\\\/product\\\/marik-ishtar-deck-anime-2\\\/#breadcrumb\",\"itemListElement\":[{\"@type\":\"ListItem\",\"position\":1,\"name\":\"Accueil\",\"item\":\"https:\\\/\\\/theuncommonshop.ch\\\/fr\\\/accueil\\\/\"},{\"@type\":\"ListItem\",\"position\":2,\"name\":\"Boutique\",\"item\":\"https:\\\/\\\/theuncommonshop.ch\\\/fr\\\/boutique\\\/\"},{\"@type\":\"ListItem\",\"position\":3,\"name\":\"Yu-Gi-Oh!\",\"item\":\"https:\\\/\\\/theuncommonshop.ch\\\/fr\\\/categorie-produit\\\/yu-gi-oh-fr\\\/\"},{\"@type\":\"ListItem\",\"position\":4,\"name\":\"Orica Decks\",\"item\":\"https:\\\/\\\/theuncommonshop.ch\\\/fr\\\/categorie-produit\\\/yu-gi-oh-fr\\\/orica-decks-fr\\\/\"},{\"@type\":\"ListItem\",\"position\":5,\"name\":\"Yu-Gi-Oh ! &#8211; Marik Ishtar Deck (Anime)\"}]},{\"@type\":\"WebSite\",\"@id\":\"https:\\\/\\\/theuncommonshop.ch\\\/fr\\\/#website\",\"url\":\"https:\\\/\\\/theuncommonshop.ch\\\/fr\\\/\",\"name\":\"The Uncommon Shop\",\"description\":\"Magic, Pok\u00e9mon and Yu-gi-oh - The Uncommon Shop\",\"potentialAction\":[{\"@type\":\"SearchAction\",\"target\":{\"@type\":\"EntryPoint\",\"urlTemplate\":\"https:\\\/\\\/theuncommonshop.ch\\\/fr\\\/?s={search_term_string}\"},\"query-input\":{\"@type\":\"PropertyValueSpecification\",\"valueRequired\":true,\"valueName\":\"search_term_string\"}}],\"inLanguage\":\"fr-FR\"}]}<\/script>\n<meta property=\"product:price:amount\" content=\"119.95\" \/>\n<meta property=\"product:price:currency\" content=\"CHF\" \/>\n<meta property=\"og:availability\" content=\"instock\" \/>\n<meta property=\"product:availability\" content=\"instock\" \/>\n<meta property=\"product:retailer_item_id\" content=\"06249\" \/>\n<meta property=\"product:condition\" content=\"new\" \/>\n<!-- \/ Yoast SEO plugin. -->","yoast_head_json":{"title":"Ach\u00e8te Yu-Gi-Oh ! - Marik Ishtar Deck (Anime)","description":"Ach\u00e8te Yu-Gi-Oh ! - Marik Ishtar Deck (Anime) en ligne maintenant \u00e0 petit prix! Ton #1 shop pour cartes TCG & Pok\u00e9mon en Suisse \u2713 Livraison gratuite d\u00e8s CHF 29","robots":{"index":"index","follow":"follow","max-snippet":"max-snippet:-1","max-image-preview":"max-image-preview:large","max-video-preview":"max-video-preview:-1"},"canonical":"https:\/\/theuncommonshop.ch\/fr\/product\/marik-ishtar-deck-anime-2\/","og_locale":"fr_FR","og_type":"article","og_title":"Ach\u00e8te Yu-Gi-Oh ! - Marik Ishtar Deck (Anime)","og_description":"Ach\u00e8te Yu-Gi-Oh ! - Marik Ishtar Deck (Anime) en ligne maintenant \u00e0 petit prix! Ton #1 shop pour cartes TCG & Pok\u00e9mon en Suisse \u2713 Livraison gratuite d\u00e8s CHF 29","og_url":"https:\/\/theuncommonshop.ch\/fr\/product\/marik-ishtar-deck-anime-2\/","og_site_name":"The Uncommon Shop","article_modified_time":"2026-03-29T14:43:34+00:00","og_image":[{"width":540,"height":540,"url":"https:\/\/theuncommonshop.ch\/wp-content\/uploads\/2025\/06\/1212859881.jpg","type":"image\/jpeg"}],"twitter_card":"summary_large_image","twitter_misc":{"Prix":"&#67;&#72;&#70;&nbsp;119.95","Disponibilit\u00e9":"En stock"},"schema":{"@context":"https:\/\/schema.org","@graph":[{"@type":"WebPage","@id":"https:\/\/theuncommonshop.ch\/fr\/product\/marik-ishtar-deck-anime-2\/","url":"https:\/\/theuncommonshop.ch\/fr\/product\/marik-ishtar-deck-anime-2\/","name":"Ach\u00e8te Yu-Gi-Oh ! - Marik Ishtar Deck (Anime)","isPartOf":{"@id":"https:\/\/theuncommonshop.ch\/fr\/#website"},"primaryImageOfPage":{"@id":"https:\/\/theuncommonshop.ch\/fr\/product\/marik-ishtar-deck-anime-2\/#primaryimage"},"image":{"@id":"https:\/\/theuncommonshop.ch\/fr\/product\/marik-ishtar-deck-anime-2\/#primaryimage"},"thumbnailUrl":"https:\/\/theuncommonshop.ch\/wp-content\/uploads\/2025\/06\/1212859881.jpg","datePublished":"2025-06-02T14:15:54+00:00","dateModified":"2026-03-29T14:43:34+00:00","description":"Ach\u00e8te Yu-Gi-Oh ! - Marik Ishtar Deck (Anime) en ligne maintenant \u00e0 petit prix! Ton #1 shop pour cartes TCG & Pok\u00e9mon en Suisse \u2713 Livraison gratuite d\u00e8s CHF 29","breadcrumb":{"@id":"https:\/\/theuncommonshop.ch\/fr\/product\/marik-ishtar-deck-anime-2\/#breadcrumb"},"inLanguage":"fr-FR","potentialAction":[{"@type":"ReadAction","target":["https:\/\/theuncommonshop.ch\/fr\/product\/marik-ishtar-deck-anime-2\/"]}]},{"@type":"ImageObject","inLanguage":"fr-FR","@id":"https:\/\/theuncommonshop.ch\/fr\/product\/marik-ishtar-deck-anime-2\/#primaryimage","url":"https:\/\/theuncommonshop.ch\/wp-content\/uploads\/2025\/06\/1212859881.jpg","contentUrl":"https:\/\/theuncommonshop.ch\/wp-content\/uploads\/2025\/06\/1212859881.jpg","width":540,"height":540},{"@type":"BreadcrumbList","@id":"https:\/\/theuncommonshop.ch\/fr\/product\/marik-ishtar-deck-anime-2\/#breadcrumb","itemListElement":[{"@type":"ListItem","position":1,"name":"Accueil","item":"https:\/\/theuncommonshop.ch\/fr\/accueil\/"},{"@type":"ListItem","position":2,"name":"Boutique","item":"https:\/\/theuncommonshop.ch\/fr\/boutique\/"},{"@type":"ListItem","position":3,"name":"Yu-Gi-Oh!","item":"https:\/\/theuncommonshop.ch\/fr\/categorie-produit\/yu-gi-oh-fr\/"},{"@type":"ListItem","position":4,"name":"Orica Decks","item":"https:\/\/theuncommonshop.ch\/fr\/categorie-produit\/yu-gi-oh-fr\/orica-decks-fr\/"},{"@type":"ListItem","position":5,"name":"Yu-Gi-Oh ! &#8211; Marik Ishtar Deck (Anime)"}]},{"@type":"WebSite","@id":"https:\/\/theuncommonshop.ch\/fr\/#website","url":"https:\/\/theuncommonshop.ch\/fr\/","name":"The Uncommon Shop","description":"Magic, Pok\u00e9mon and Yu-gi-oh - The Uncommon Shop","potentialAction":[{"@type":"SearchAction","target":{"@type":"EntryPoint","urlTemplate":"https:\/\/theuncommonshop.ch\/fr\/?s={search_term_string}"},"query-input":{"@type":"PropertyValueSpecification","valueRequired":true,"valueName":"search_term_string"}}],"inLanguage":"fr-FR"}]},"product_price_amount":"119.95","product_price_currency":"CHF","og_availability":"instock","product_availability":"instock","product_retailer_item_id":"06249","product_condition":"new"},"_links":{"self":[{"href":"https:\/\/theuncommonshop.ch\/fr\/wp-json\/wp\/v2\/product\/331161","targetHints":{"allow":["GET"]}}],"collection":[{"href":"https:\/\/theuncommonshop.ch\/fr\/wp-json\/wp\/v2\/product"}],"about":[{"href":"https:\/\/theuncommonshop.ch\/fr\/wp-json\/wp\/v2\/types\/product"}],"replies":[{"embeddable":true,"href":"https:\/\/theuncommonshop.ch\/fr\/wp-json\/wp\/v2\/comments?post=331161"}],"version-history":[{"count":0,"href":"https:\/\/theuncommonshop.ch\/fr\/wp-json\/wp\/v2\/product\/331161\/revisions"}],"wp:featuredmedia":[{"embeddable":true,"href":"https:\/\/theuncommonshop.ch\/fr\/wp-json\/wp\/v2\/media\/40155"}],"wp:attachment":[{"href":"https:\/\/theuncommonshop.ch\/fr\/wp-json\/wp\/v2\/media?parent=331161"}],"wp:term":[{"taxonomy":"product_brand","embeddable":true,"href":"https:\/\/theuncommonshop.ch\/fr\/wp-json\/wp\/v2\/product_brand?post=331161"},{"taxonomy":"product_cat","embeddable":true,"href":"https:\/\/theuncommonshop.ch\/fr\/wp-json\/wp\/v2\/product_cat?post=331161"},{"taxonomy":"product_tag","embeddable":true,"href":"https:\/\/theuncommonshop.ch\/fr\/wp-json\/wp\/v2\/product_tag?post=331161"}],"curies":[{"name":"wp","href":"https:\/\/api.w.org\/{rel}","templated":true}]}}