{"id":331101,"date":"2025-06-02T16:09:55","date_gmt":"2025-06-02T16:09:55","guid":{"rendered":"http:\/\/theuncommonshop.ch\/produkt\/331101\/"},"modified":"2026-03-31T16:41:47","modified_gmt":"2026-03-31T14:41:47","slug":"yu-gi-oh-legendary-hero-decks-en-3","status":"publish","type":"product","link":"https:\/\/theuncommonshop.ch\/fr\/product\/yu-gi-oh-legendary-hero-decks-en-3\/","title":{"rendered":"Yu-Gi-Oh ! &#8211; Legendary Hero Decks &#8211; Decks"},"content":{"rendered":"<p>Yu-Gi-Oh ! Legendary Hero Decks <\/p>\n<p>Chaque ensemble de Trading Card Game Yu-Gi-Oh ! Legendary Hero Decks contient 150 cartes : <\/p>\n<ul>\n<li>Trois jeux de 40 cartes avec un jeu suppl\u00e9mentaire de 10 cartes<\/li>\n<li>Chaque deck contient 5 cartes Ultra Rares et 45 cartes Common.<\/li>\n<\/ul>\n<p>Cet \u00e9t\u00e9, soyez pr\u00eat \u00e0 vous battre en duel lorsque le jeu de cartes \u00e0 collectionner Yu-Gi-Oh ! pr\u00e9sentera ses Legendary Hero Decks ! Cette bo\u00eete contient 3 decks uniques, avec les monstres que vous souhaitez voir appara\u00eetre lorsque le sort du monde d\u00e9pend de l&#8217;issue d&#8217;un duel !  <\/p>\n<p>Accomplissez votre destin !<br \/>Le deck HELD Destin\u00e9e d&#8217;Aster Phoenix se caract\u00e9rise par sa capacit\u00e9 \u00e0 projeter les ennemis dans un coin, avec des effets qui infligent des d\u00e9g\u00e2ts ou qui p\u00e9n\u00e8trent les monstres en d\u00e9fense. Comme le deck HELD \u00c9l\u00e9mentaire de Jaden, le deck HELD Destin\u00e9e invoque \u00e9galement de puissants monstres par fusion ! Ce deck contient \u00e9galement 2 nouveaux monstres de liaison &#8220;HERO&#8221; que vous pouvez utiliser dans n&#8217;importe quel deck HERO : Un monstre Link-2 qui re\u00e7oit vos cartes Magie d&#8217;Invocation Fusion du Cimeti\u00e8re et un monstre Link-3 \u00e0 haut ATK avec des fl\u00e8ches Link qui pointent toutes vers votre case et vous permettent d&#8217;invoquer 3 monstres Fusion en m\u00eame temps !  <\/p>\n<p>Le retour des Ases !<br \/>Thor, Loki et Odin reviennent dans le monde des duels ! Avec une ATK parmi les plus \u00e9lev\u00e9es de tous les monstres de synchro, les monstres Ace de l&#8217;\u00e9quipe Ragnarok de Yu-Gi-Oh ! 5D&#8217;s ont une place particuli\u00e8re dans le c\u0153ur des duellistes. Maintenant, un nouveau monstre de lien rend plus facile la collecte des mat\u00e9riaux de synchro dont vous avez besoin pour invoquer un monstre &#8220;As&#8221;. Le deck suppl\u00e9mentaire de ce deck contient \u00e9galement plus de puissants monstres de synchro de niveau 10, y compris le l\u00e9gendaire Dragon c\u00e9leste ascendant !    <\/p>\n<p>Les Chevaliers Fant\u00f4mes contre-attaquent !<br \/>Les decks Chevaliers fant\u00f4mes se concentrent sur l&#8217;invocation de Xyz et l&#8217;utilisation de cartes pi\u00e8ges pour influencer la bataille. Presque tous leurs monstres, sorts et pi\u00e8ges ont des capacit\u00e9s suppl\u00e9mentaires que vous pouvez utiliser une fois qu&#8217;ils se trouvent dans le cimeti\u00e8re, ce qui peut offrir de grands retours ! Ce deck contient une nouvelle carte Pi\u00e8ge et un tout nouveau monstre de liaison &#8220;Chevalier Fant\u00f4me&#8221; qui place des cartes Pi\u00e8ge directement depuis votre deck et peut d\u00e9truire n&#8217;importe quelle carte sur le terrain lorsqu&#8217;un monstre DARK Xyz est invoqu\u00e9 par Invocation Sp\u00e9ciale dans une zone vers laquelle il pointe !  <\/p>\n","protected":false},"excerpt":{"rendered":"<p>Yu-Gi-Oh ! Legendary Hero Decks Chaque ensemble de Trading Card Game Yu-Gi-Oh ! Legendary Hero Decks contient 150 cartes :<\/p>\n","protected":false},"featured_media":39952,"comment_status":"open","ping_status":"closed","template":"","meta":{"_acf_changed":false},"product_brand":[5074,5112],"product_cat":[9839,9837,9779],"product_tag":[],"class_list":{"0":"post-331101","1":"product","2":"type-product","3":"status-publish","4":"has-post-thumbnail","6":"product_brand-konami","7":"product_brand-yu-gi-oh","8":"product_cat-coffrets-et-collections-yugioh","9":"product_cat-decks-yugioh","10":"product_cat-yu-gi-oh-fr","12":"first","13":"instock","14":"sale","15":"taxable","16":"shipping-taxable","17":"purchasable","18":"product-type-variable"},"acf":[],"yoast_head":"<!-- This site is optimized with the Yoast SEO plugin v27.5 - https:\/\/yoast.com\/product\/yoast-seo-wordpress\/ -->\n<title>Ach\u00e8te Yu-Gi-Oh ! - Legendary Hero Decks - Decks<\/title>\n<meta name=\"description\" content=\"Ach\u00e8te Yu-Gi-Oh ! - Legendary Hero Decks - Decks en ligne maintenant \u00e0 petit prix! Ton #1 shop pour cartes TCG &amp; Pok\u00e9mon en Suisse \u2713 Livraison gratuite d\u00e8s CHF 29\" \/>\n<meta name=\"robots\" content=\"index, follow, max-snippet:-1, max-image-preview:large, max-video-preview:-1\" \/>\n<link rel=\"canonical\" href=\"https:\/\/theuncommonshop.ch\/fr\/product\/yu-gi-oh-legendary-hero-decks-en-3\/\" \/>\n<meta property=\"og:locale\" content=\"fr_FR\" \/>\n<meta property=\"og:type\" content=\"article\" \/>\n<meta property=\"og:title\" content=\"Ach\u00e8te Yu-Gi-Oh ! - Legendary Hero Decks - Decks\" \/>\n<meta property=\"og:description\" content=\"Ach\u00e8te Yu-Gi-Oh ! - Legendary Hero Decks - Decks en ligne maintenant \u00e0 petit prix! Ton #1 shop pour cartes TCG &amp; Pok\u00e9mon en Suisse \u2713 Livraison gratuite d\u00e8s CHF 29\" \/>\n<meta property=\"og:url\" content=\"https:\/\/theuncommonshop.ch\/fr\/product\/yu-gi-oh-legendary-hero-decks-en-3\/\" \/>\n<meta property=\"og:site_name\" content=\"The Uncommon Shop\" \/>\n<meta property=\"article:modified_time\" content=\"2026-03-31T14:41:47+00:00\" \/>\n<meta property=\"og:image\" content=\"https:\/\/theuncommonshop.ch\/wp-content\/uploads\/2025\/06\/1184084679-1.jpg\" \/>\n\t<meta property=\"og:image:width\" content=\"600\" \/>\n\t<meta property=\"og:image:height\" content=\"419\" \/>\n\t<meta property=\"og:image:type\" content=\"image\/jpeg\" \/>\n<meta name=\"twitter:card\" content=\"summary_large_image\" \/>\n<meta name=\"twitter:label1\" content=\"Disponibilit\u00e9\" \/>\n\t<meta name=\"twitter:data1\" content=\"En stock\" \/>\n<script type=\"application\/ld+json\" class=\"yoast-schema-graph\">{\"@context\":\"https:\\\/\\\/schema.org\",\"@graph\":[{\"@type\":\"WebPage\",\"@id\":\"https:\\\/\\\/theuncommonshop.ch\\\/fr\\\/product\\\/yu-gi-oh-legendary-hero-decks-en-3\\\/\",\"url\":\"https:\\\/\\\/theuncommonshop.ch\\\/fr\\\/product\\\/yu-gi-oh-legendary-hero-decks-en-3\\\/\",\"name\":\"Ach\u00e8te Yu-Gi-Oh ! - Legendary Hero Decks - Decks\",\"isPartOf\":{\"@id\":\"https:\\\/\\\/theuncommonshop.ch\\\/fr\\\/#website\"},\"primaryImageOfPage\":{\"@id\":\"https:\\\/\\\/theuncommonshop.ch\\\/fr\\\/product\\\/yu-gi-oh-legendary-hero-decks-en-3\\\/#primaryimage\"},\"image\":{\"@id\":\"https:\\\/\\\/theuncommonshop.ch\\\/fr\\\/product\\\/yu-gi-oh-legendary-hero-decks-en-3\\\/#primaryimage\"},\"thumbnailUrl\":\"https:\\\/\\\/theuncommonshop.ch\\\/wp-content\\\/uploads\\\/2025\\\/06\\\/1184084679-1.jpg\",\"datePublished\":\"2025-06-02T16:09:55+00:00\",\"dateModified\":\"2026-03-31T14:41:47+00:00\",\"description\":\"Ach\u00e8te Yu-Gi-Oh ! - Legendary Hero Decks - Decks en ligne maintenant \u00e0 petit prix! Ton #1 shop pour cartes TCG & Pok\u00e9mon en Suisse \u2713 Livraison gratuite d\u00e8s CHF 29\",\"breadcrumb\":{\"@id\":\"https:\\\/\\\/theuncommonshop.ch\\\/fr\\\/product\\\/yu-gi-oh-legendary-hero-decks-en-3\\\/#breadcrumb\"},\"inLanguage\":\"fr-FR\",\"potentialAction\":[{\"@type\":\"ReadAction\",\"target\":[\"https:\\\/\\\/theuncommonshop.ch\\\/fr\\\/product\\\/yu-gi-oh-legendary-hero-decks-en-3\\\/\"]}]},{\"@type\":\"ImageObject\",\"inLanguage\":\"fr-FR\",\"@id\":\"https:\\\/\\\/theuncommonshop.ch\\\/fr\\\/product\\\/yu-gi-oh-legendary-hero-decks-en-3\\\/#primaryimage\",\"url\":\"https:\\\/\\\/theuncommonshop.ch\\\/wp-content\\\/uploads\\\/2025\\\/06\\\/1184084679-1.jpg\",\"contentUrl\":\"https:\\\/\\\/theuncommonshop.ch\\\/wp-content\\\/uploads\\\/2025\\\/06\\\/1184084679-1.jpg\",\"width\":600,\"height\":419},{\"@type\":\"BreadcrumbList\",\"@id\":\"https:\\\/\\\/theuncommonshop.ch\\\/fr\\\/product\\\/yu-gi-oh-legendary-hero-decks-en-3\\\/#breadcrumb\",\"itemListElement\":[{\"@type\":\"ListItem\",\"position\":1,\"name\":\"Accueil\",\"item\":\"https:\\\/\\\/theuncommonshop.ch\\\/fr\\\/accueil\\\/\"},{\"@type\":\"ListItem\",\"position\":2,\"name\":\"Boutique\",\"item\":\"https:\\\/\\\/theuncommonshop.ch\\\/fr\\\/boutique\\\/\"},{\"@type\":\"ListItem\",\"position\":3,\"name\":\"Yu-Gi-Oh!\",\"item\":\"https:\\\/\\\/theuncommonshop.ch\\\/fr\\\/categorie-produit\\\/yu-gi-oh-fr\\\/\"},{\"@type\":\"ListItem\",\"position\":4,\"name\":\"Decks\",\"item\":\"https:\\\/\\\/theuncommonshop.ch\\\/fr\\\/categorie-produit\\\/yu-gi-oh-fr\\\/decks-yugioh\\\/\"},{\"@type\":\"ListItem\",\"position\":5,\"name\":\"Yu-Gi-Oh ! &#8211; Legendary Hero Decks &#8211; Decks\"}]},{\"@type\":\"WebSite\",\"@id\":\"https:\\\/\\\/theuncommonshop.ch\\\/fr\\\/#website\",\"url\":\"https:\\\/\\\/theuncommonshop.ch\\\/fr\\\/\",\"name\":\"The Uncommon Shop\",\"description\":\"Magic, Pok\u00e9mon and Yu-gi-oh - The Uncommon Shop\",\"potentialAction\":[{\"@type\":\"SearchAction\",\"target\":{\"@type\":\"EntryPoint\",\"urlTemplate\":\"https:\\\/\\\/theuncommonshop.ch\\\/fr\\\/?s={search_term_string}\"},\"query-input\":{\"@type\":\"PropertyValueSpecification\",\"valueRequired\":true,\"valueName\":\"search_term_string\"}}],\"inLanguage\":\"fr-FR\"}]}<\/script>\n<meta property=\"og:availability\" content=\"instock\" \/>\n<meta property=\"product:availability\" content=\"instock\" \/>\n<meta property=\"product:retailer_item_id\" content=\"YGO.IV.F.LegendaryHeroDecks.EN\" \/>\n<meta property=\"product:condition\" content=\"new\" \/>\n<!-- \/ Yoast SEO plugin. -->","yoast_head_json":{"title":"Ach\u00e8te Yu-Gi-Oh ! - Legendary Hero Decks - Decks","description":"Ach\u00e8te Yu-Gi-Oh ! - Legendary Hero Decks - Decks en ligne maintenant \u00e0 petit prix! Ton #1 shop pour cartes TCG & Pok\u00e9mon en Suisse \u2713 Livraison gratuite d\u00e8s CHF 29","robots":{"index":"index","follow":"follow","max-snippet":"max-snippet:-1","max-image-preview":"max-image-preview:large","max-video-preview":"max-video-preview:-1"},"canonical":"https:\/\/theuncommonshop.ch\/fr\/product\/yu-gi-oh-legendary-hero-decks-en-3\/","og_locale":"fr_FR","og_type":"article","og_title":"Ach\u00e8te Yu-Gi-Oh ! - Legendary Hero Decks - Decks","og_description":"Ach\u00e8te Yu-Gi-Oh ! - Legendary Hero Decks - Decks en ligne maintenant \u00e0 petit prix! Ton #1 shop pour cartes TCG & Pok\u00e9mon en Suisse \u2713 Livraison gratuite d\u00e8s CHF 29","og_url":"https:\/\/theuncommonshop.ch\/fr\/product\/yu-gi-oh-legendary-hero-decks-en-3\/","og_site_name":"The Uncommon Shop","article_modified_time":"2026-03-31T14:41:47+00:00","og_image":[{"width":600,"height":419,"url":"https:\/\/theuncommonshop.ch\/wp-content\/uploads\/2025\/06\/1184084679-1.jpg","type":"image\/jpeg"}],"twitter_card":"summary_large_image","twitter_misc":{"Disponibilit\u00e9":"En stock"},"schema":{"@context":"https:\/\/schema.org","@graph":[{"@type":"WebPage","@id":"https:\/\/theuncommonshop.ch\/fr\/product\/yu-gi-oh-legendary-hero-decks-en-3\/","url":"https:\/\/theuncommonshop.ch\/fr\/product\/yu-gi-oh-legendary-hero-decks-en-3\/","name":"Ach\u00e8te Yu-Gi-Oh ! - Legendary Hero Decks - Decks","isPartOf":{"@id":"https:\/\/theuncommonshop.ch\/fr\/#website"},"primaryImageOfPage":{"@id":"https:\/\/theuncommonshop.ch\/fr\/product\/yu-gi-oh-legendary-hero-decks-en-3\/#primaryimage"},"image":{"@id":"https:\/\/theuncommonshop.ch\/fr\/product\/yu-gi-oh-legendary-hero-decks-en-3\/#primaryimage"},"thumbnailUrl":"https:\/\/theuncommonshop.ch\/wp-content\/uploads\/2025\/06\/1184084679-1.jpg","datePublished":"2025-06-02T16:09:55+00:00","dateModified":"2026-03-31T14:41:47+00:00","description":"Ach\u00e8te Yu-Gi-Oh ! - Legendary Hero Decks - Decks en ligne maintenant \u00e0 petit prix! Ton #1 shop pour cartes TCG & Pok\u00e9mon en Suisse \u2713 Livraison gratuite d\u00e8s CHF 29","breadcrumb":{"@id":"https:\/\/theuncommonshop.ch\/fr\/product\/yu-gi-oh-legendary-hero-decks-en-3\/#breadcrumb"},"inLanguage":"fr-FR","potentialAction":[{"@type":"ReadAction","target":["https:\/\/theuncommonshop.ch\/fr\/product\/yu-gi-oh-legendary-hero-decks-en-3\/"]}]},{"@type":"ImageObject","inLanguage":"fr-FR","@id":"https:\/\/theuncommonshop.ch\/fr\/product\/yu-gi-oh-legendary-hero-decks-en-3\/#primaryimage","url":"https:\/\/theuncommonshop.ch\/wp-content\/uploads\/2025\/06\/1184084679-1.jpg","contentUrl":"https:\/\/theuncommonshop.ch\/wp-content\/uploads\/2025\/06\/1184084679-1.jpg","width":600,"height":419},{"@type":"BreadcrumbList","@id":"https:\/\/theuncommonshop.ch\/fr\/product\/yu-gi-oh-legendary-hero-decks-en-3\/#breadcrumb","itemListElement":[{"@type":"ListItem","position":1,"name":"Accueil","item":"https:\/\/theuncommonshop.ch\/fr\/accueil\/"},{"@type":"ListItem","position":2,"name":"Boutique","item":"https:\/\/theuncommonshop.ch\/fr\/boutique\/"},{"@type":"ListItem","position":3,"name":"Yu-Gi-Oh!","item":"https:\/\/theuncommonshop.ch\/fr\/categorie-produit\/yu-gi-oh-fr\/"},{"@type":"ListItem","position":4,"name":"Decks","item":"https:\/\/theuncommonshop.ch\/fr\/categorie-produit\/yu-gi-oh-fr\/decks-yugioh\/"},{"@type":"ListItem","position":5,"name":"Yu-Gi-Oh ! &#8211; Legendary Hero Decks &#8211; Decks"}]},{"@type":"WebSite","@id":"https:\/\/theuncommonshop.ch\/fr\/#website","url":"https:\/\/theuncommonshop.ch\/fr\/","name":"The Uncommon Shop","description":"Magic, Pok\u00e9mon and Yu-gi-oh - The Uncommon Shop","potentialAction":[{"@type":"SearchAction","target":{"@type":"EntryPoint","urlTemplate":"https:\/\/theuncommonshop.ch\/fr\/?s={search_term_string}"},"query-input":{"@type":"PropertyValueSpecification","valueRequired":true,"valueName":"search_term_string"}}],"inLanguage":"fr-FR"}]},"og_availability":"instock","product_availability":"instock","product_retailer_item_id":"YGO.IV.F.LegendaryHeroDecks.EN","product_condition":"new"},"_links":{"self":[{"href":"https:\/\/theuncommonshop.ch\/fr\/wp-json\/wp\/v2\/product\/331101","targetHints":{"allow":["GET"]}}],"collection":[{"href":"https:\/\/theuncommonshop.ch\/fr\/wp-json\/wp\/v2\/product"}],"about":[{"href":"https:\/\/theuncommonshop.ch\/fr\/wp-json\/wp\/v2\/types\/product"}],"replies":[{"embeddable":true,"href":"https:\/\/theuncommonshop.ch\/fr\/wp-json\/wp\/v2\/comments?post=331101"}],"version-history":[{"count":0,"href":"https:\/\/theuncommonshop.ch\/fr\/wp-json\/wp\/v2\/product\/331101\/revisions"}],"wp:featuredmedia":[{"embeddable":true,"href":"https:\/\/theuncommonshop.ch\/fr\/wp-json\/wp\/v2\/media\/39952"}],"wp:attachment":[{"href":"https:\/\/theuncommonshop.ch\/fr\/wp-json\/wp\/v2\/media?parent=331101"}],"wp:term":[{"taxonomy":"product_brand","embeddable":true,"href":"https:\/\/theuncommonshop.ch\/fr\/wp-json\/wp\/v2\/product_brand?post=331101"},{"taxonomy":"product_cat","embeddable":true,"href":"https:\/\/theuncommonshop.ch\/fr\/wp-json\/wp\/v2\/product_cat?post=331101"},{"taxonomy":"product_tag","embeddable":true,"href":"https:\/\/theuncommonshop.ch\/fr\/wp-json\/wp\/v2\/product_tag?post=331101"}],"curies":[{"name":"wp","href":"https:\/\/api.w.org\/{rel}","templated":true}]}}