{"id":331054,"date":"2025-06-02T16:04:17","date_gmt":"2025-06-02T14:04:17","guid":{"rendered":"http:\/\/theuncommonshop.ch\/produkt\/331054\/"},"modified":"2026-03-31T14:11:57","modified_gmt":"2026-03-31T12:11:57","slug":"ultimate-guard-supreme-collectors-album-xenoskin-slim-schwarz-2","status":"publish","type":"product","link":"https:\/\/theuncommonshop.ch\/fr\/product\/ultimate-guard-supreme-collectors-album-xenoskin-slim-schwarz-2\/","title":{"rendered":"Ultimate Guard &#8211; Supreme Album Collector Xenoskin Slim &#8211; Noir"},"content":{"rendered":"<p>Dossier \u00e0 3 anneaux de haute qualit\u00e9 de 30 mm de large avec finition XenoSkin\u2122 et anneaux en D renforc\u00e9s pour les c\u00f4t\u00e9s de 18 poches de taille standard.<\/p>\n<h3><a name=\"datasheet\"><\/a>DONN\u00c9ES TECHNIQUES<\/h3>\n<table class=\"table-data-sheet ecwid-description-table\">\n<tbody>\n<tr>\n<td>Largeur<\/td>\n<td>291 mm<\/td>\n<\/tr>\n<tr>\n<td>Hauteur<\/td>\n<td>302 mm<\/td>\n<\/tr>\n<tr>\n<td>\u00c9paisseur<\/td>\n<td>30 mm<\/td>\n<\/tr>\n<tr>\n<td>Capacit\u00e9 env.<\/td>\n<td>&#8211; 17 pages (avec cartes double sleeved)<br \/>\n&#8211; 21 pages (avec cartes simple sleeved)<br \/>\n&#8211; 27 pages (avec cartes sans pochettes)<\/td>\n<\/tr>\n<\/tbody>\n<\/table>\n<div>\n<p>&nbsp;<\/p>\n<table class=\"ecwid-description-table\">\n<tbody>\n<tr>\n<td><img decoding=\"async\" src=\"https:\/\/ultimateguard.com\/\/img\/cms\/icons\/svg\/Icons_archival-safe_color.svg\" alt=\"ic\u00f4ne opimis\u00e9e\"><\/td>\n<td>\n<h4><span class=\"title\">Anneaux en D renforc\u00e9s<\/span><\/h4>\n<p>Anneaux en D r\u00e9sistants qui maintiennent les pages en place m\u00eame lorsque l&#8217;album est plein \u00e0 craquer<\/td>\n<\/tr>\n<tr>\n<td><img decoding=\"async\" src=\"https:\/\/ultimateguard.com\/\/img\/cms\/icons\/svg\/Icons_high-class.svg\" alt=\"ic\u00f4ne plus \u00e9paisse\"><\/td>\n<td>\n<h4><span class=\"title\">Mat\u00e9riau de haute qualit\u00e9<\/span><\/h4>\n<p>Int\u00e9rieur en microfibre de haute qualit\u00e9<\/td>\n<\/tr>\n<tr>\n<td><img decoding=\"async\" src=\"https:\/\/ultimateguard.com\/\/img\/cms\/icons\/svg\/Icons_Reinforced-hinges.svg\" alt=\"Ic\u00f4ne du s\u00e9parateur de cartes\"><\/td>\n<td>\n<h4><span class=\"title\">Charni\u00e8res renforc\u00e9es<\/span><\/h4>\n<p>M\u00e9canisme de haute qualit\u00e9 permettant d&#8217;ajouter ou de retirer des pages facilement et rapidement<\/td>\n<\/tr>\n<tr>\n<td><img decoding=\"async\" src=\"https:\/\/ultimateguard.com\/\/img\/cms\/icons\/svg\/Icons_xenoskin_color.svg\" alt=\"\u00e9crire sur l'ic\u00f4ne de la bande\"><\/td>\n<td>\n<h4><span class=\"title\">XenoSkin\u2122<\/span><\/h4>\n<p>Couverture innovante XenoSkin\u2122 avec texture antid\u00e9rapante durable<\/td>\n<\/tr>\n<\/tbody>\n<\/table>\n<\/div>\n","protected":false},"excerpt":{"rendered":"<p>Dossier \u00e0 3 anneaux de haute qualit\u00e9 de 30 mm de large avec finition XenoSkin\u2122 et anneaux en D renforc\u00e9s<\/p>\n","protected":false},"featured_media":39768,"comment_status":"open","ping_status":"closed","template":"","meta":{"_acf_changed":false},"product_brand":[],"product_cat":[9859,9863,9873,10031,10261],"product_tag":[],"class_list":{"0":"post-331054","1":"product","2":"type-product","3":"status-publish","4":"has-post-thumbnail","6":"product_cat-accessoires-tcg","7":"product_cat-binder-fr","8":"product_cat-classeur-a-anneaux","9":"product_cat-tous-les-binder","10":"product_cat-unicolore","12":"first","13":"instock","14":"taxable","15":"shipping-taxable","16":"purchasable","17":"product-type-simple"},"acf":[],"yoast_head":"<!-- This site is optimized with the Yoast SEO plugin v27.5 - https:\/\/yoast.com\/product\/yoast-seo-wordpress\/ -->\n<title>Ach\u00e8te Ultimate Guard - Supreme Album Collector Xenoskin Slim - Noir<\/title>\n<meta name=\"description\" content=\"Ach\u00e8te Ultimate Guard - Supreme Album Collector Xenoskin Slim - Noir en ligne maintenant \u00e0 petit prix! Ton #1 shop pour cartes TCG &amp; Pok\u00e9mon en Suisse \u2713 Livraison gratuite d\u00e8s CHF 29\" \/>\n<meta name=\"robots\" content=\"index, follow, max-snippet:-1, max-image-preview:large, max-video-preview:-1\" \/>\n<link rel=\"canonical\" href=\"https:\/\/theuncommonshop.ch\/fr\/product\/ultimate-guard-supreme-collectors-album-xenoskin-slim-schwarz-2\/\" \/>\n<meta property=\"og:locale\" content=\"fr_FR\" \/>\n<meta property=\"og:type\" content=\"article\" \/>\n<meta property=\"og:title\" content=\"Ach\u00e8te Ultimate Guard - Supreme Album Collector Xenoskin Slim - Noir\" \/>\n<meta property=\"og:description\" content=\"Ach\u00e8te Ultimate Guard - Supreme Album Collector Xenoskin Slim - Noir en ligne maintenant \u00e0 petit prix! Ton #1 shop pour cartes TCG &amp; Pok\u00e9mon en Suisse \u2713 Livraison gratuite d\u00e8s CHF 29\" \/>\n<meta property=\"og:url\" content=\"https:\/\/theuncommonshop.ch\/fr\/product\/ultimate-guard-supreme-collectors-album-xenoskin-slim-schwarz-2\/\" \/>\n<meta property=\"og:site_name\" content=\"The Uncommon Shop\" \/>\n<meta property=\"article:modified_time\" content=\"2026-03-31T12:11:57+00:00\" \/>\n<meta property=\"og:image\" content=\"https:\/\/theuncommonshop.ch\/wp-content\/uploads\/2025\/06\/1147622125.jpg\" \/>\n\t<meta property=\"og:image:width\" content=\"800\" \/>\n\t<meta property=\"og:image:height\" content=\"800\" \/>\n\t<meta property=\"og:image:type\" content=\"image\/jpeg\" \/>\n<meta name=\"twitter:card\" content=\"summary_large_image\" \/>\n<meta name=\"twitter:label1\" content=\"Prix\" \/>\n\t<meta name=\"twitter:data1\" content=\"&#067;&#072;&#070;&nbsp;19.95\" \/>\n\t<meta name=\"twitter:label2\" content=\"Disponibilit\u00e9\" \/>\n\t<meta name=\"twitter:data2\" content=\"En stock\" \/>\n<script type=\"application\/ld+json\" class=\"yoast-schema-graph\">{\"@context\":\"https:\\\/\\\/schema.org\",\"@graph\":[{\"@type\":\"WebPage\",\"@id\":\"https:\\\/\\\/theuncommonshop.ch\\\/fr\\\/product\\\/ultimate-guard-supreme-collectors-album-xenoskin-slim-schwarz-2\\\/\",\"url\":\"https:\\\/\\\/theuncommonshop.ch\\\/fr\\\/product\\\/ultimate-guard-supreme-collectors-album-xenoskin-slim-schwarz-2\\\/\",\"name\":\"Ach\u00e8te Ultimate Guard - Supreme Album Collector Xenoskin Slim - Noir\",\"isPartOf\":{\"@id\":\"https:\\\/\\\/theuncommonshop.ch\\\/fr\\\/#website\"},\"primaryImageOfPage\":{\"@id\":\"https:\\\/\\\/theuncommonshop.ch\\\/fr\\\/product\\\/ultimate-guard-supreme-collectors-album-xenoskin-slim-schwarz-2\\\/#primaryimage\"},\"image\":{\"@id\":\"https:\\\/\\\/theuncommonshop.ch\\\/fr\\\/product\\\/ultimate-guard-supreme-collectors-album-xenoskin-slim-schwarz-2\\\/#primaryimage\"},\"thumbnailUrl\":\"https:\\\/\\\/theuncommonshop.ch\\\/wp-content\\\/uploads\\\/2025\\\/06\\\/1147622125.jpg\",\"datePublished\":\"2025-06-02T14:04:17+00:00\",\"dateModified\":\"2026-03-31T12:11:57+00:00\",\"description\":\"Ach\u00e8te Ultimate Guard - Supreme Album Collector Xenoskin Slim - Noir en ligne maintenant \u00e0 petit prix! Ton #1 shop pour cartes TCG & Pok\u00e9mon en Suisse \u2713 Livraison gratuite d\u00e8s CHF 29\",\"breadcrumb\":{\"@id\":\"https:\\\/\\\/theuncommonshop.ch\\\/fr\\\/product\\\/ultimate-guard-supreme-collectors-album-xenoskin-slim-schwarz-2\\\/#breadcrumb\"},\"inLanguage\":\"fr-FR\",\"potentialAction\":[{\"@type\":\"ReadAction\",\"target\":[\"https:\\\/\\\/theuncommonshop.ch\\\/fr\\\/product\\\/ultimate-guard-supreme-collectors-album-xenoskin-slim-schwarz-2\\\/\"]}]},{\"@type\":\"ImageObject\",\"inLanguage\":\"fr-FR\",\"@id\":\"https:\\\/\\\/theuncommonshop.ch\\\/fr\\\/product\\\/ultimate-guard-supreme-collectors-album-xenoskin-slim-schwarz-2\\\/#primaryimage\",\"url\":\"https:\\\/\\\/theuncommonshop.ch\\\/wp-content\\\/uploads\\\/2025\\\/06\\\/1147622125.jpg\",\"contentUrl\":\"https:\\\/\\\/theuncommonshop.ch\\\/wp-content\\\/uploads\\\/2025\\\/06\\\/1147622125.jpg\",\"width\":800,\"height\":800},{\"@type\":\"BreadcrumbList\",\"@id\":\"https:\\\/\\\/theuncommonshop.ch\\\/fr\\\/product\\\/ultimate-guard-supreme-collectors-album-xenoskin-slim-schwarz-2\\\/#breadcrumb\",\"itemListElement\":[{\"@type\":\"ListItem\",\"position\":1,\"name\":\"Accueil\",\"item\":\"https:\\\/\\\/theuncommonshop.ch\\\/fr\\\/accueil\\\/\"},{\"@type\":\"ListItem\",\"position\":2,\"name\":\"Boutique\",\"item\":\"https:\\\/\\\/theuncommonshop.ch\\\/fr\\\/boutique\\\/\"},{\"@type\":\"ListItem\",\"position\":3,\"name\":\"Accessoires TCG\",\"item\":\"https:\\\/\\\/theuncommonshop.ch\\\/fr\\\/categorie-produit\\\/accessoires-tcg\\\/\"},{\"@type\":\"ListItem\",\"position\":4,\"name\":\"Binder\",\"item\":\"https:\\\/\\\/theuncommonshop.ch\\\/fr\\\/categorie-produit\\\/accessoires-tcg\\\/binder-fr\\\/\"},{\"@type\":\"ListItem\",\"position\":5,\"name\":\"Classeur \u00e0 anneaux\",\"item\":\"https:\\\/\\\/theuncommonshop.ch\\\/fr\\\/categorie-produit\\\/accessoires-tcg\\\/binder-fr\\\/classeur-a-anneaux\\\/\"},{\"@type\":\"ListItem\",\"position\":6,\"name\":\"Ultimate Guard &#8211; Supreme Album Collector Xenoskin Slim &#8211; Noir\"}]},{\"@type\":\"WebSite\",\"@id\":\"https:\\\/\\\/theuncommonshop.ch\\\/fr\\\/#website\",\"url\":\"https:\\\/\\\/theuncommonshop.ch\\\/fr\\\/\",\"name\":\"The Uncommon Shop\",\"description\":\"Magic, Pok\u00e9mon and Yu-gi-oh - The Uncommon Shop\",\"potentialAction\":[{\"@type\":\"SearchAction\",\"target\":{\"@type\":\"EntryPoint\",\"urlTemplate\":\"https:\\\/\\\/theuncommonshop.ch\\\/fr\\\/?s={search_term_string}\"},\"query-input\":{\"@type\":\"PropertyValueSpecification\",\"valueRequired\":true,\"valueName\":\"search_term_string\"}}],\"inLanguage\":\"fr-FR\"}]}<\/script>\n<meta property=\"product:price:amount\" content=\"19.95\" \/>\n<meta property=\"product:price:currency\" content=\"CHF\" \/>\n<meta property=\"og:availability\" content=\"instock\" \/>\n<meta property=\"product:availability\" content=\"instock\" \/>\n<meta property=\"product:retailer_item_id\" content=\"ZU.\" \/>\n<meta property=\"product:condition\" content=\"new\" \/>\n<!-- \/ Yoast SEO plugin. -->","yoast_head_json":{"title":"Ach\u00e8te Ultimate Guard - Supreme Album Collector Xenoskin Slim - Noir","description":"Ach\u00e8te Ultimate Guard - Supreme Album Collector Xenoskin Slim - Noir en ligne maintenant \u00e0 petit prix! Ton #1 shop pour cartes TCG & Pok\u00e9mon en Suisse \u2713 Livraison gratuite d\u00e8s CHF 29","robots":{"index":"index","follow":"follow","max-snippet":"max-snippet:-1","max-image-preview":"max-image-preview:large","max-video-preview":"max-video-preview:-1"},"canonical":"https:\/\/theuncommonshop.ch\/fr\/product\/ultimate-guard-supreme-collectors-album-xenoskin-slim-schwarz-2\/","og_locale":"fr_FR","og_type":"article","og_title":"Ach\u00e8te Ultimate Guard - Supreme Album Collector Xenoskin Slim - Noir","og_description":"Ach\u00e8te Ultimate Guard - Supreme Album Collector Xenoskin Slim - Noir en ligne maintenant \u00e0 petit prix! Ton #1 shop pour cartes TCG & Pok\u00e9mon en Suisse \u2713 Livraison gratuite d\u00e8s CHF 29","og_url":"https:\/\/theuncommonshop.ch\/fr\/product\/ultimate-guard-supreme-collectors-album-xenoskin-slim-schwarz-2\/","og_site_name":"The Uncommon Shop","article_modified_time":"2026-03-31T12:11:57+00:00","og_image":[{"width":800,"height":800,"url":"https:\/\/theuncommonshop.ch\/wp-content\/uploads\/2025\/06\/1147622125.jpg","type":"image\/jpeg"}],"twitter_card":"summary_large_image","twitter_misc":{"Prix":"&#67;&#72;&#70;&nbsp;19.95","Disponibilit\u00e9":"En stock"},"schema":{"@context":"https:\/\/schema.org","@graph":[{"@type":"WebPage","@id":"https:\/\/theuncommonshop.ch\/fr\/product\/ultimate-guard-supreme-collectors-album-xenoskin-slim-schwarz-2\/","url":"https:\/\/theuncommonshop.ch\/fr\/product\/ultimate-guard-supreme-collectors-album-xenoskin-slim-schwarz-2\/","name":"Ach\u00e8te Ultimate Guard - Supreme Album Collector Xenoskin Slim - Noir","isPartOf":{"@id":"https:\/\/theuncommonshop.ch\/fr\/#website"},"primaryImageOfPage":{"@id":"https:\/\/theuncommonshop.ch\/fr\/product\/ultimate-guard-supreme-collectors-album-xenoskin-slim-schwarz-2\/#primaryimage"},"image":{"@id":"https:\/\/theuncommonshop.ch\/fr\/product\/ultimate-guard-supreme-collectors-album-xenoskin-slim-schwarz-2\/#primaryimage"},"thumbnailUrl":"https:\/\/theuncommonshop.ch\/wp-content\/uploads\/2025\/06\/1147622125.jpg","datePublished":"2025-06-02T14:04:17+00:00","dateModified":"2026-03-31T12:11:57+00:00","description":"Ach\u00e8te Ultimate Guard - Supreme Album Collector Xenoskin Slim - Noir en ligne maintenant \u00e0 petit prix! Ton #1 shop pour cartes TCG & Pok\u00e9mon en Suisse \u2713 Livraison gratuite d\u00e8s CHF 29","breadcrumb":{"@id":"https:\/\/theuncommonshop.ch\/fr\/product\/ultimate-guard-supreme-collectors-album-xenoskin-slim-schwarz-2\/#breadcrumb"},"inLanguage":"fr-FR","potentialAction":[{"@type":"ReadAction","target":["https:\/\/theuncommonshop.ch\/fr\/product\/ultimate-guard-supreme-collectors-album-xenoskin-slim-schwarz-2\/"]}]},{"@type":"ImageObject","inLanguage":"fr-FR","@id":"https:\/\/theuncommonshop.ch\/fr\/product\/ultimate-guard-supreme-collectors-album-xenoskin-slim-schwarz-2\/#primaryimage","url":"https:\/\/theuncommonshop.ch\/wp-content\/uploads\/2025\/06\/1147622125.jpg","contentUrl":"https:\/\/theuncommonshop.ch\/wp-content\/uploads\/2025\/06\/1147622125.jpg","width":800,"height":800},{"@type":"BreadcrumbList","@id":"https:\/\/theuncommonshop.ch\/fr\/product\/ultimate-guard-supreme-collectors-album-xenoskin-slim-schwarz-2\/#breadcrumb","itemListElement":[{"@type":"ListItem","position":1,"name":"Accueil","item":"https:\/\/theuncommonshop.ch\/fr\/accueil\/"},{"@type":"ListItem","position":2,"name":"Boutique","item":"https:\/\/theuncommonshop.ch\/fr\/boutique\/"},{"@type":"ListItem","position":3,"name":"Accessoires TCG","item":"https:\/\/theuncommonshop.ch\/fr\/categorie-produit\/accessoires-tcg\/"},{"@type":"ListItem","position":4,"name":"Binder","item":"https:\/\/theuncommonshop.ch\/fr\/categorie-produit\/accessoires-tcg\/binder-fr\/"},{"@type":"ListItem","position":5,"name":"Classeur \u00e0 anneaux","item":"https:\/\/theuncommonshop.ch\/fr\/categorie-produit\/accessoires-tcg\/binder-fr\/classeur-a-anneaux\/"},{"@type":"ListItem","position":6,"name":"Ultimate Guard &#8211; Supreme Album Collector Xenoskin Slim &#8211; Noir"}]},{"@type":"WebSite","@id":"https:\/\/theuncommonshop.ch\/fr\/#website","url":"https:\/\/theuncommonshop.ch\/fr\/","name":"The Uncommon Shop","description":"Magic, Pok\u00e9mon and Yu-gi-oh - The Uncommon Shop","potentialAction":[{"@type":"SearchAction","target":{"@type":"EntryPoint","urlTemplate":"https:\/\/theuncommonshop.ch\/fr\/?s={search_term_string}"},"query-input":{"@type":"PropertyValueSpecification","valueRequired":true,"valueName":"search_term_string"}}],"inLanguage":"fr-FR"}]},"product_price_amount":"19.95","product_price_currency":"CHF","og_availability":"instock","product_availability":"instock","product_retailer_item_id":"ZU.","product_condition":"new"},"_links":{"self":[{"href":"https:\/\/theuncommonshop.ch\/fr\/wp-json\/wp\/v2\/product\/331054","targetHints":{"allow":["GET"]}}],"collection":[{"href":"https:\/\/theuncommonshop.ch\/fr\/wp-json\/wp\/v2\/product"}],"about":[{"href":"https:\/\/theuncommonshop.ch\/fr\/wp-json\/wp\/v2\/types\/product"}],"replies":[{"embeddable":true,"href":"https:\/\/theuncommonshop.ch\/fr\/wp-json\/wp\/v2\/comments?post=331054"}],"version-history":[{"count":0,"href":"https:\/\/theuncommonshop.ch\/fr\/wp-json\/wp\/v2\/product\/331054\/revisions"}],"wp:featuredmedia":[{"embeddable":true,"href":"https:\/\/theuncommonshop.ch\/fr\/wp-json\/wp\/v2\/media\/39768"}],"wp:attachment":[{"href":"https:\/\/theuncommonshop.ch\/fr\/wp-json\/wp\/v2\/media?parent=331054"}],"wp:term":[{"taxonomy":"product_brand","embeddable":true,"href":"https:\/\/theuncommonshop.ch\/fr\/wp-json\/wp\/v2\/product_brand?post=331054"},{"taxonomy":"product_cat","embeddable":true,"href":"https:\/\/theuncommonshop.ch\/fr\/wp-json\/wp\/v2\/product_cat?post=331054"},{"taxonomy":"product_tag","embeddable":true,"href":"https:\/\/theuncommonshop.ch\/fr\/wp-json\/wp\/v2\/product_tag?post=331054"}],"curies":[{"name":"wp","href":"https:\/\/api.w.org\/{rel}","templated":true}]}}