{"id":331051,"date":"2025-06-02T16:06:58","date_gmt":"2025-06-02T14:06:58","guid":{"rendered":"http:\/\/theuncommonshop.ch\/produkt\/331051\/"},"modified":"2026-03-29T17:44:03","modified_gmt":"2026-03-29T15:44:03","slug":"magic-theros-beyond-death-thb-draft-booster-display-2","status":"publish","type":"product","link":"https:\/\/theuncommonshop.ch\/fr\/product\/magic-theros-beyond-death-thb-draft-booster-display-2\/","title":{"rendered":"Magic &#8211; Theros Beyond Death (THB) &#8211; Draft Booster Display"},"content":{"rendered":"<p data-start=\"86\" data-end=\"392\">Entrez dans le monde des dieux et des l\u00e9gendes gr\u00e2ce au <strong data-start=\"135\" data-end=\"160\">Draft Booster Display<\/strong> de <strong data-start=\"165\" data-end=\"206\"><span class=\"hover:entity-accent entity-underline inline cursor-pointer align-baseline\"><span class=\"whitespace-normal\">Theros Beyond Death<\/span><\/span><\/strong>. Ce coffret ram\u00e8ne les joueurs dans le monde de Theros, inspir\u00e9 de la mythologie grecque, o\u00f9 de puissants dieux, h\u00e9ros et monstres d\u00e9terminent le destin des mortels. <\/p>\n<p data-start=\"394\" data-end=\"750\">Dans <strong data-start=\"397\" data-end=\"426\">Theros Beyond Death (THB),<\/strong> le monde souterrain joue un r\u00f4le central. Le set apporte la m\u00e9canique <strong data-start=\"497\" data-end=\"507\">Escape<\/strong>, qui permet de rejouer des cartes du cimeti\u00e8re, ainsi que de nombreux enchantements et cr\u00e9atures l\u00e9gendaires. Les <strong data-start=\"668\" data-end=\"682\">cartes Nyx<\/strong>, dont le design repr\u00e9sente le ciel \u00e9toil\u00e9 du monde des dieux, sont particuli\u00e8rement remarquables.  <\/p>\n<p data-start=\"752\" data-end=\"935\">Parfaitement adapt\u00e9 aux <strong data-start=\"806\" data-end=\"856\">\u00e9v\u00e9nements de draft, aux tournois scell\u00e9s ou \u00e0 la collection<\/strong>, le Draft <strong data-start=\"756\" data-end=\"781\">Booster Display<\/strong> offre un m\u00e9lange \u00e9quilibr\u00e9 de cartes pour des formats limit\u00e9s passionnants.<\/p>\n<h3 data-start=\"937\" data-end=\"955\">D\u00e9tails du produit<\/h3>\n<p data-start=\"957\" data-end=\"1375\">&#8211; <strong data-start=\"959\" data-end=\"967\">Set :<\/strong> Theros Beyond Death <br data-start=\"987\" data-end=\"990\">&#8211; <strong data-start=\"992\" data-end=\"1011\">Nom fran\u00e7ais :<\/strong> Theros : Au-del\u00e0 de la mort <br data-start=\"1038\" data-end=\"1041\">&#8211; <strong data-start=\"1043\" data-end=\"1056\">Code de l&#8217;ensemble :<\/strong> <strong data-start=\"1057\" data-end=\"1064\">THB<\/strong><br data-start=\"1064\" data-end=\"1067\">&#8211; <strong data-start=\"1069\" data-end=\"1081\">Langue :<\/strong> <strong data-start=\"1082\" data-end=\"1099\">Anglais (EN)<\/strong><br data-start=\"1099\" data-end=\"1102\">&#8211; <strong data-start=\"1104\" data-end=\"1142\">1 display contient 36 Draft Booster<\/strong><br data-start=\"1142\" data-end=\"1145\">&#8211; <strong data-start=\"1147\" data-end=\"1193\">15 cartes Magic : The Gathering par Booster<\/strong><br data-start=\"1193\" data-end=\"1196\">&#8211; Chance d&#8217;obtenir des <strong data-start=\"1209\" data-end=\"1246\">cartes Rare, Mythic Rare et Foil<\/strong><br data-start=\"1246\" data-end=\"1249\">&#8211; Contient la m\u00e9canique <strong data-start=\"1272\" data-end=\"1282\">Escape<\/strong><br data-start=\"1282\" data-end=\"1285\">&#8211; Chance d&#8217;obtenir <strong data-start=\"1308\" data-end=\"1331\">des variantes<\/strong> sp\u00e9ciales <strong data-start=\"1308\" data-end=\"1331\">de cartes Nyx<\/strong><br data-start=\"1331\" data-end=\"1334\">&#8211; Id\u00e9al pour les joueurs de <strong data-start=\"1147\" data-end=\"1193\">Magic the Gathering<\/strong>        <strong data-start=\"1346\" data-end=\"1375\">Draft, Sealed et Collectionneur<\/strong><\/p>\n<p data-start=\"1377\" data-end=\"1569\">Avec le <strong data-start=\"1385\" data-end=\"1457\">Draft Booster Display de Theros Beyond Death (THB) de Magic : The Gathering<\/strong>, vous pouvez vivre des parties de draft passionnantes et d\u00e9couvrir des cartes puissantes issues du monde mythologique de Theros.<\/p>\n","protected":false},"excerpt":{"rendered":"<p>Entrez dans le monde des dieux et des l\u00e9gendes gr\u00e2ce au Draft Booster Display de Theros Beyond Death. Ce coffret<\/p>\n","protected":false},"featured_media":39857,"comment_status":"open","ping_status":"closed","template":"","meta":{"_acf_changed":false},"product_brand":[5158,5070],"product_cat":[9969,9967],"product_tag":[],"class_list":{"0":"post-331051","1":"product","2":"type-product","3":"status-publish","4":"has-post-thumbnail","6":"product_brand-magic-the-gathering","7":"product_brand-wizards-of-the-coast","8":"product_cat-booster-displays-fr","9":"product_cat-magic-the-gathering-fr","11":"first","12":"outofstock","13":"taxable","14":"shipping-taxable","15":"purchasable","16":"product-type-variable"},"acf":[],"yoast_head":"<!-- This site is optimized with the Yoast SEO plugin v27.5 - https:\/\/yoast.com\/product\/yoast-seo-wordpress\/ -->\n<title>Ach\u00e8te Magic - Theros Beyond Death (THB) - Draft Booster Display<\/title>\n<meta name=\"description\" content=\"Ach\u00e8te Magic - Theros Beyond Death (THB) - Draft Booster Display en ligne maintenant \u00e0 petit prix! Ton #1 shop pour cartes TCG &amp; Pok\u00e9mon en Suisse \u2713 Livraison gratuite d\u00e8s CHF 29\" \/>\n<meta name=\"robots\" content=\"index, follow, max-snippet:-1, max-image-preview:large, max-video-preview:-1\" \/>\n<link rel=\"canonical\" href=\"https:\/\/theuncommonshop.ch\/fr\/product\/magic-theros-beyond-death-thb-draft-booster-display-2\/\" \/>\n<meta property=\"og:locale\" content=\"fr_FR\" \/>\n<meta property=\"og:type\" content=\"article\" \/>\n<meta property=\"og:title\" content=\"Ach\u00e8te Magic - Theros Beyond Death (THB) - Draft Booster Display\" \/>\n<meta property=\"og:description\" content=\"Ach\u00e8te Magic - Theros Beyond Death (THB) - Draft Booster Display en ligne maintenant \u00e0 petit prix! Ton #1 shop pour cartes TCG &amp; Pok\u00e9mon en Suisse \u2713 Livraison gratuite d\u00e8s CHF 29\" \/>\n<meta property=\"og:url\" content=\"https:\/\/theuncommonshop.ch\/fr\/product\/magic-theros-beyond-death-thb-draft-booster-display-2\/\" \/>\n<meta property=\"og:site_name\" content=\"The Uncommon Shop\" \/>\n<meta property=\"article:modified_time\" content=\"2026-03-29T15:44:03+00:00\" \/>\n<meta property=\"og:image\" content=\"https:\/\/theuncommonshop.ch\/wp-content\/uploads\/2025\/06\/1226067610.jpg\" \/>\n\t<meta property=\"og:image:width\" content=\"900\" \/>\n\t<meta property=\"og:image:height\" content=\"798\" \/>\n\t<meta property=\"og:image:type\" content=\"image\/jpeg\" \/>\n<meta name=\"twitter:card\" content=\"summary_large_image\" \/>\n<meta name=\"twitter:label1\" content=\"Disponibilit\u00e9\" \/>\n\t<meta name=\"twitter:data1\" content=\"Rupture de stock\" \/>\n<script type=\"application\/ld+json\" class=\"yoast-schema-graph\">{\"@context\":\"https:\\\/\\\/schema.org\",\"@graph\":[{\"@type\":\"WebPage\",\"@id\":\"https:\\\/\\\/theuncommonshop.ch\\\/fr\\\/product\\\/magic-theros-beyond-death-thb-draft-booster-display-2\\\/\",\"url\":\"https:\\\/\\\/theuncommonshop.ch\\\/fr\\\/product\\\/magic-theros-beyond-death-thb-draft-booster-display-2\\\/\",\"name\":\"Ach\u00e8te Magic - Theros Beyond Death (THB) - Draft Booster Display\",\"isPartOf\":{\"@id\":\"https:\\\/\\\/theuncommonshop.ch\\\/fr\\\/#website\"},\"primaryImageOfPage\":{\"@id\":\"https:\\\/\\\/theuncommonshop.ch\\\/fr\\\/product\\\/magic-theros-beyond-death-thb-draft-booster-display-2\\\/#primaryimage\"},\"image\":{\"@id\":\"https:\\\/\\\/theuncommonshop.ch\\\/fr\\\/product\\\/magic-theros-beyond-death-thb-draft-booster-display-2\\\/#primaryimage\"},\"thumbnailUrl\":\"https:\\\/\\\/theuncommonshop.ch\\\/wp-content\\\/uploads\\\/2025\\\/06\\\/1226067610.jpg\",\"datePublished\":\"2025-06-02T14:06:58+00:00\",\"dateModified\":\"2026-03-29T15:44:03+00:00\",\"description\":\"Ach\u00e8te Magic - Theros Beyond Death (THB) - Draft Booster Display en ligne maintenant \u00e0 petit prix! Ton #1 shop pour cartes TCG & Pok\u00e9mon en Suisse \u2713 Livraison gratuite d\u00e8s CHF 29\",\"breadcrumb\":{\"@id\":\"https:\\\/\\\/theuncommonshop.ch\\\/fr\\\/product\\\/magic-theros-beyond-death-thb-draft-booster-display-2\\\/#breadcrumb\"},\"inLanguage\":\"fr-FR\",\"potentialAction\":[{\"@type\":\"ReadAction\",\"target\":[\"https:\\\/\\\/theuncommonshop.ch\\\/fr\\\/product\\\/magic-theros-beyond-death-thb-draft-booster-display-2\\\/\"]}]},{\"@type\":\"ImageObject\",\"inLanguage\":\"fr-FR\",\"@id\":\"https:\\\/\\\/theuncommonshop.ch\\\/fr\\\/product\\\/magic-theros-beyond-death-thb-draft-booster-display-2\\\/#primaryimage\",\"url\":\"https:\\\/\\\/theuncommonshop.ch\\\/wp-content\\\/uploads\\\/2025\\\/06\\\/1226067610.jpg\",\"contentUrl\":\"https:\\\/\\\/theuncommonshop.ch\\\/wp-content\\\/uploads\\\/2025\\\/06\\\/1226067610.jpg\",\"width\":900,\"height\":798},{\"@type\":\"BreadcrumbList\",\"@id\":\"https:\\\/\\\/theuncommonshop.ch\\\/fr\\\/product\\\/magic-theros-beyond-death-thb-draft-booster-display-2\\\/#breadcrumb\",\"itemListElement\":[{\"@type\":\"ListItem\",\"position\":1,\"name\":\"Accueil\",\"item\":\"https:\\\/\\\/theuncommonshop.ch\\\/fr\\\/accueil\\\/\"},{\"@type\":\"ListItem\",\"position\":2,\"name\":\"Boutique\",\"item\":\"https:\\\/\\\/theuncommonshop.ch\\\/fr\\\/boutique\\\/\"},{\"@type\":\"ListItem\",\"position\":3,\"name\":\"Magic the Gathering\",\"item\":\"https:\\\/\\\/theuncommonshop.ch\\\/fr\\\/categorie-produit\\\/magic-the-gathering-fr\\\/\"},{\"@type\":\"ListItem\",\"position\":4,\"name\":\"Booster Displays\",\"item\":\"https:\\\/\\\/theuncommonshop.ch\\\/fr\\\/categorie-produit\\\/magic-the-gathering-fr\\\/booster-displays-fr\\\/\"},{\"@type\":\"ListItem\",\"position\":5,\"name\":\"Magic &#8211; Theros Beyond Death (THB) &#8211; Draft Booster Display\"}]},{\"@type\":\"WebSite\",\"@id\":\"https:\\\/\\\/theuncommonshop.ch\\\/fr\\\/#website\",\"url\":\"https:\\\/\\\/theuncommonshop.ch\\\/fr\\\/\",\"name\":\"The Uncommon Shop\",\"description\":\"Magic, Pok\u00e9mon and Yu-gi-oh - The Uncommon Shop\",\"potentialAction\":[{\"@type\":\"SearchAction\",\"target\":{\"@type\":\"EntryPoint\",\"urlTemplate\":\"https:\\\/\\\/theuncommonshop.ch\\\/fr\\\/?s={search_term_string}\"},\"query-input\":{\"@type\":\"PropertyValueSpecification\",\"valueRequired\":true,\"valueName\":\"search_term_string\"}}],\"inLanguage\":\"fr-FR\"}]}<\/script>\n<meta property=\"og:availability\" content=\"out of stock\" \/>\n<meta property=\"product:availability\" content=\"out of stock\" \/>\n<meta property=\"product:condition\" content=\"new\" \/>\n<!-- \/ Yoast SEO plugin. -->","yoast_head_json":{"title":"Ach\u00e8te Magic - Theros Beyond Death (THB) - Draft Booster Display","description":"Ach\u00e8te Magic - Theros Beyond Death (THB) - Draft Booster Display en ligne maintenant \u00e0 petit prix! Ton #1 shop pour cartes TCG & Pok\u00e9mon en Suisse \u2713 Livraison gratuite d\u00e8s CHF 29","robots":{"index":"index","follow":"follow","max-snippet":"max-snippet:-1","max-image-preview":"max-image-preview:large","max-video-preview":"max-video-preview:-1"},"canonical":"https:\/\/theuncommonshop.ch\/fr\/product\/magic-theros-beyond-death-thb-draft-booster-display-2\/","og_locale":"fr_FR","og_type":"article","og_title":"Ach\u00e8te Magic - Theros Beyond Death (THB) - Draft Booster Display","og_description":"Ach\u00e8te Magic - Theros Beyond Death (THB) - Draft Booster Display en ligne maintenant \u00e0 petit prix! Ton #1 shop pour cartes TCG & Pok\u00e9mon en Suisse \u2713 Livraison gratuite d\u00e8s CHF 29","og_url":"https:\/\/theuncommonshop.ch\/fr\/product\/magic-theros-beyond-death-thb-draft-booster-display-2\/","og_site_name":"The Uncommon Shop","article_modified_time":"2026-03-29T15:44:03+00:00","og_image":[{"width":900,"height":798,"url":"https:\/\/theuncommonshop.ch\/wp-content\/uploads\/2025\/06\/1226067610.jpg","type":"image\/jpeg"}],"twitter_card":"summary_large_image","twitter_misc":{"Disponibilit\u00e9":"Rupture de stock"},"schema":{"@context":"https:\/\/schema.org","@graph":[{"@type":"WebPage","@id":"https:\/\/theuncommonshop.ch\/fr\/product\/magic-theros-beyond-death-thb-draft-booster-display-2\/","url":"https:\/\/theuncommonshop.ch\/fr\/product\/magic-theros-beyond-death-thb-draft-booster-display-2\/","name":"Ach\u00e8te Magic - Theros Beyond Death (THB) - Draft Booster Display","isPartOf":{"@id":"https:\/\/theuncommonshop.ch\/fr\/#website"},"primaryImageOfPage":{"@id":"https:\/\/theuncommonshop.ch\/fr\/product\/magic-theros-beyond-death-thb-draft-booster-display-2\/#primaryimage"},"image":{"@id":"https:\/\/theuncommonshop.ch\/fr\/product\/magic-theros-beyond-death-thb-draft-booster-display-2\/#primaryimage"},"thumbnailUrl":"https:\/\/theuncommonshop.ch\/wp-content\/uploads\/2025\/06\/1226067610.jpg","datePublished":"2025-06-02T14:06:58+00:00","dateModified":"2026-03-29T15:44:03+00:00","description":"Ach\u00e8te Magic - Theros Beyond Death (THB) - Draft Booster Display en ligne maintenant \u00e0 petit prix! Ton #1 shop pour cartes TCG & Pok\u00e9mon en Suisse \u2713 Livraison gratuite d\u00e8s CHF 29","breadcrumb":{"@id":"https:\/\/theuncommonshop.ch\/fr\/product\/magic-theros-beyond-death-thb-draft-booster-display-2\/#breadcrumb"},"inLanguage":"fr-FR","potentialAction":[{"@type":"ReadAction","target":["https:\/\/theuncommonshop.ch\/fr\/product\/magic-theros-beyond-death-thb-draft-booster-display-2\/"]}]},{"@type":"ImageObject","inLanguage":"fr-FR","@id":"https:\/\/theuncommonshop.ch\/fr\/product\/magic-theros-beyond-death-thb-draft-booster-display-2\/#primaryimage","url":"https:\/\/theuncommonshop.ch\/wp-content\/uploads\/2025\/06\/1226067610.jpg","contentUrl":"https:\/\/theuncommonshop.ch\/wp-content\/uploads\/2025\/06\/1226067610.jpg","width":900,"height":798},{"@type":"BreadcrumbList","@id":"https:\/\/theuncommonshop.ch\/fr\/product\/magic-theros-beyond-death-thb-draft-booster-display-2\/#breadcrumb","itemListElement":[{"@type":"ListItem","position":1,"name":"Accueil","item":"https:\/\/theuncommonshop.ch\/fr\/accueil\/"},{"@type":"ListItem","position":2,"name":"Boutique","item":"https:\/\/theuncommonshop.ch\/fr\/boutique\/"},{"@type":"ListItem","position":3,"name":"Magic the Gathering","item":"https:\/\/theuncommonshop.ch\/fr\/categorie-produit\/magic-the-gathering-fr\/"},{"@type":"ListItem","position":4,"name":"Booster Displays","item":"https:\/\/theuncommonshop.ch\/fr\/categorie-produit\/magic-the-gathering-fr\/booster-displays-fr\/"},{"@type":"ListItem","position":5,"name":"Magic &#8211; Theros Beyond Death (THB) &#8211; Draft Booster Display"}]},{"@type":"WebSite","@id":"https:\/\/theuncommonshop.ch\/fr\/#website","url":"https:\/\/theuncommonshop.ch\/fr\/","name":"The Uncommon Shop","description":"Magic, Pok\u00e9mon and Yu-gi-oh - The Uncommon Shop","potentialAction":[{"@type":"SearchAction","target":{"@type":"EntryPoint","urlTemplate":"https:\/\/theuncommonshop.ch\/fr\/?s={search_term_string}"},"query-input":{"@type":"PropertyValueSpecification","valueRequired":true,"valueName":"search_term_string"}}],"inLanguage":"fr-FR"}]},"og_availability":"out of stock","product_availability":"out of stock","product_condition":"new"},"_links":{"self":[{"href":"https:\/\/theuncommonshop.ch\/fr\/wp-json\/wp\/v2\/product\/331051","targetHints":{"allow":["GET"]}}],"collection":[{"href":"https:\/\/theuncommonshop.ch\/fr\/wp-json\/wp\/v2\/product"}],"about":[{"href":"https:\/\/theuncommonshop.ch\/fr\/wp-json\/wp\/v2\/types\/product"}],"replies":[{"embeddable":true,"href":"https:\/\/theuncommonshop.ch\/fr\/wp-json\/wp\/v2\/comments?post=331051"}],"version-history":[{"count":0,"href":"https:\/\/theuncommonshop.ch\/fr\/wp-json\/wp\/v2\/product\/331051\/revisions"}],"wp:featuredmedia":[{"embeddable":true,"href":"https:\/\/theuncommonshop.ch\/fr\/wp-json\/wp\/v2\/media\/39857"}],"wp:attachment":[{"href":"https:\/\/theuncommonshop.ch\/fr\/wp-json\/wp\/v2\/media?parent=331051"}],"wp:term":[{"taxonomy":"product_brand","embeddable":true,"href":"https:\/\/theuncommonshop.ch\/fr\/wp-json\/wp\/v2\/product_brand?post=331051"},{"taxonomy":"product_cat","embeddable":true,"href":"https:\/\/theuncommonshop.ch\/fr\/wp-json\/wp\/v2\/product_cat?post=331051"},{"taxonomy":"product_tag","embeddable":true,"href":"https:\/\/theuncommonshop.ch\/fr\/wp-json\/wp\/v2\/product_tag?post=331051"}],"curies":[{"name":"wp","href":"https:\/\/api.w.org\/{rel}","templated":true}]}}