{"id":330901,"date":"2025-06-02T11:34:45","date_gmt":"2025-06-02T09:34:45","guid":{"rendered":"http:\/\/theuncommonshop.ch\/produkt\/330901\/"},"modified":"2026-03-28T16:05:46","modified_gmt":"2026-03-28T15:05:46","slug":"ultimate-guard-twin-flipntray-266-xenoskin-2","status":"publish","type":"product","link":"https:\/\/theuncommonshop.ch\/fr\/product\/ultimate-guard-twin-flipntray-266-xenoskin-2\/","title":{"rendered":"Ultimate Guard &#8211; Twin Flip&#8217;n&#8217;Tray 266+ Xenoskin"},"content":{"rendered":"<p>Deux fois plus d&#8217;espace pour les grands ponts !<\/p>\n<p>Le Twin Flip&#8217;n&#8217;Tray \u00e9prouv\u00e9 &#8211; maintenant dans une nouvelle taille !<\/p>\n<p>Le 2022 Exclusive Twin Flip&#8217;n&#8217;Tray 266+ a \u00e9t\u00e9 sp\u00e9cialement con\u00e7u pour les Commander \/ EDH ** -Decks et offre un espace pour tous les types de decks, double ou simple sleeve ainsi que vos tokens et autres cartes suppl\u00e9mentaires. Une double maison pour les grands decks de cartes : Twin Flip&#8217;n&#8217;Tray 266+. <\/p>\n<p>Caract\u00e9ristiques :<\/p>\n<ul>\n<li>Con\u00e7u pour contenir jusqu&#8217;\u00e0 266 (double sleeve) ou 315+ (single sleeve) cartes de taille standard dans des Sleeves Ultimate Guard*.<\/li>\n<li>Conception modulaire pour une combinaison avec les produits Ultimate Guard<\/li>\n<li>Poches amovibles pour cartes et accessoires<\/li>\n<li>Acc\u00e8s ind\u00e9pendant \u00e0 chaque compartiment<\/li>\n<li>Mat\u00e9riau Xenoskin r\u00e9sistant<\/li>\n<li>Design uni avec int\u00e9rieur en microfibre de haute qualit\u00e9<\/li>\n<li>Fermeture magn\u00e9tique forte<\/li>\n<\/ul>\n<p>Dimensions approximatives : 114 x 90 x 250 mm<\/p>\n","protected":false},"excerpt":{"rendered":"<p>Deux fois plus d&#8217;espace pour les grands ponts ! Le Twin Flip&#8217;n&#8217;Tray \u00e9prouv\u00e9 &#8211; maintenant dans une nouvelle taille !<\/p>\n","protected":false},"featured_media":36392,"comment_status":"open","ping_status":"closed","template":"","meta":{"_acf_changed":false},"product_brand":[5088],"product_cat":[9859,9875,9979,9867,10259,9877],"product_tag":[],"class_list":{"0":"post-330901","1":"product","2":"type-product","3":"status-publish","4":"has-post-thumbnail","6":"product_brand-ultimate-guard","7":"product_cat-accessoires-tcg","8":"product_cat-grandes-boites-de-rangement","9":"product_cat-petites-boites-de-rangement","10":"product_cat-rangement","11":"product_cat-tout","12":"product_cat-ultimate-guard-fr","14":"first","15":"instock","16":"taxable","17":"shipping-taxable","18":"purchasable","19":"product-type-variable"},"acf":[],"yoast_head":"<!-- This site is optimized with the Yoast SEO plugin v27.4 - https:\/\/yoast.com\/product\/yoast-seo-wordpress\/ -->\n<title>Ach\u00e8te Ultimate Guard - Twin Flip&#039;n&#039;Tray 266+ Xenoskin<\/title>\n<meta name=\"description\" content=\"Ach\u00e8te Ultimate Guard - Twin Flip&#039;n&#039;Tray 266+ Xenoskin en ligne maintenant \u00e0 petit prix! Ton #1 shop pour cartes TCG &amp; Pok\u00e9mon en Suisse \u2713 Livraison gratuite d\u00e8s CHF 29\" \/>\n<meta name=\"robots\" content=\"index, follow, max-snippet:-1, max-image-preview:large, max-video-preview:-1\" \/>\n<link rel=\"canonical\" href=\"https:\/\/theuncommonshop.ch\/fr\/product\/ultimate-guard-twin-flipntray-266-xenoskin-2\/\" \/>\n<meta property=\"og:locale\" content=\"fr_FR\" \/>\n<meta property=\"og:type\" content=\"article\" \/>\n<meta property=\"og:title\" content=\"Ach\u00e8te Ultimate Guard - Twin Flip&#039;n&#039;Tray 266+ Xenoskin\" \/>\n<meta property=\"og:description\" content=\"Ach\u00e8te Ultimate Guard - Twin Flip&#039;n&#039;Tray 266+ Xenoskin en ligne maintenant \u00e0 petit prix! Ton #1 shop pour cartes TCG &amp; Pok\u00e9mon en Suisse \u2713 Livraison gratuite d\u00e8s CHF 29\" \/>\n<meta property=\"og:url\" content=\"https:\/\/theuncommonshop.ch\/fr\/product\/ultimate-guard-twin-flipntray-266-xenoskin-2\/\" \/>\n<meta property=\"og:site_name\" content=\"Largest trading card shop in Switzerland\" \/>\n<meta property=\"article:modified_time\" content=\"2026-03-28T15:05:46+00:00\" \/>\n<meta property=\"og:image\" content=\"https:\/\/theuncommonshop.ch\/wp-content\/uploads\/2025\/05\/4748436302.jpg\" \/>\n\t<meta property=\"og:image:width\" content=\"1000\" \/>\n\t<meta property=\"og:image:height\" content=\"1000\" \/>\n\t<meta property=\"og:image:type\" content=\"image\/jpeg\" \/>\n<meta name=\"twitter:card\" content=\"summary_large_image\" \/>\n<meta name=\"twitter:label1\" content=\"Disponibilit\u00e9\" \/>\n\t<meta name=\"twitter:data1\" content=\"En stock\" \/>\n<script type=\"application\/ld+json\" class=\"yoast-schema-graph\">{\"@context\":\"https:\\\/\\\/schema.org\",\"@graph\":[{\"@type\":\"WebPage\",\"@id\":\"https:\\\/\\\/theuncommonshop.ch\\\/fr\\\/product\\\/ultimate-guard-twin-flipntray-266-xenoskin-2\\\/\",\"url\":\"https:\\\/\\\/theuncommonshop.ch\\\/fr\\\/product\\\/ultimate-guard-twin-flipntray-266-xenoskin-2\\\/\",\"name\":\"Ach\u00e8te Ultimate Guard - Twin Flip'n'Tray 266+ Xenoskin\",\"isPartOf\":{\"@id\":\"https:\\\/\\\/theuncommonshop.ch\\\/#website\"},\"primaryImageOfPage\":{\"@id\":\"https:\\\/\\\/theuncommonshop.ch\\\/fr\\\/product\\\/ultimate-guard-twin-flipntray-266-xenoskin-2\\\/#primaryimage\"},\"image\":{\"@id\":\"https:\\\/\\\/theuncommonshop.ch\\\/fr\\\/product\\\/ultimate-guard-twin-flipntray-266-xenoskin-2\\\/#primaryimage\"},\"thumbnailUrl\":\"https:\\\/\\\/theuncommonshop.ch\\\/wp-content\\\/uploads\\\/2025\\\/05\\\/4748436302.jpg\",\"datePublished\":\"2025-06-02T09:34:45+00:00\",\"dateModified\":\"2026-03-28T15:05:46+00:00\",\"description\":\"Ach\u00e8te Ultimate Guard - Twin Flip'n'Tray 266+ Xenoskin en ligne maintenant \u00e0 petit prix! Ton #1 shop pour cartes TCG & Pok\u00e9mon en Suisse \u2713 Livraison gratuite d\u00e8s CHF 29\",\"breadcrumb\":{\"@id\":\"https:\\\/\\\/theuncommonshop.ch\\\/fr\\\/product\\\/ultimate-guard-twin-flipntray-266-xenoskin-2\\\/#breadcrumb\"},\"inLanguage\":\"fr-FR\",\"potentialAction\":[{\"@type\":\"ReadAction\",\"target\":[\"https:\\\/\\\/theuncommonshop.ch\\\/fr\\\/product\\\/ultimate-guard-twin-flipntray-266-xenoskin-2\\\/\"]}]},{\"@type\":\"ImageObject\",\"inLanguage\":\"fr-FR\",\"@id\":\"https:\\\/\\\/theuncommonshop.ch\\\/fr\\\/product\\\/ultimate-guard-twin-flipntray-266-xenoskin-2\\\/#primaryimage\",\"url\":\"https:\\\/\\\/theuncommonshop.ch\\\/wp-content\\\/uploads\\\/2025\\\/05\\\/4748436302.jpg\",\"contentUrl\":\"https:\\\/\\\/theuncommonshop.ch\\\/wp-content\\\/uploads\\\/2025\\\/05\\\/4748436302.jpg\",\"width\":1000,\"height\":1000},{\"@type\":\"BreadcrumbList\",\"@id\":\"https:\\\/\\\/theuncommonshop.ch\\\/fr\\\/product\\\/ultimate-guard-twin-flipntray-266-xenoskin-2\\\/#breadcrumb\",\"itemListElement\":[{\"@type\":\"ListItem\",\"position\":1,\"name\":\"Accueil\",\"item\":\"https:\\\/\\\/theuncommonshop.ch\\\/fr\\\/accueil\\\/\"},{\"@type\":\"ListItem\",\"position\":2,\"name\":\"Boutique\",\"item\":\"https:\\\/\\\/theuncommonshop.ch\\\/fr\\\/boutique\\\/\"},{\"@type\":\"ListItem\",\"position\":3,\"name\":\"TCG Zubeh\u00f6r\",\"item\":\"https:\\\/\\\/theuncommonshop.ch\\\/produktkategorie\\\/tcg-zubehoer\\\/\"},{\"@type\":\"ListItem\",\"position\":4,\"name\":\"Aufbewahrung\",\"item\":\"https:\\\/\\\/theuncommonshop.ch\\\/produktkategorie\\\/tcg-zubehoer\\\/aufbewahrung\\\/\"},{\"@type\":\"ListItem\",\"position\":5,\"name\":\"Alles\",\"item\":\"https:\\\/\\\/theuncommonshop.ch\\\/produktkategorie\\\/tcg-zubehoer\\\/aufbewahrung\\\/alle-deckboxen\\\/\"},{\"@type\":\"ListItem\",\"position\":6,\"name\":\"Ultimate Guard &#8211; Twin Flip&#8217;n&#8217;Tray 266+ Xenoskin\"}]},{\"@type\":\"WebSite\",\"@id\":\"https:\\\/\\\/theuncommonshop.ch\\\/#website\",\"url\":\"https:\\\/\\\/theuncommonshop.ch\\\/\",\"name\":\"Largest trading card shop in Switzerland\",\"description\":\"Magic, Pok\u00e9mon and Yu-gi-oh - The Uncommon Shop\",\"potentialAction\":[{\"@type\":\"SearchAction\",\"target\":{\"@type\":\"EntryPoint\",\"urlTemplate\":\"https:\\\/\\\/theuncommonshop.ch\\\/?s={search_term_string}\"},\"query-input\":{\"@type\":\"PropertyValueSpecification\",\"valueRequired\":true,\"valueName\":\"search_term_string\"}}],\"inLanguage\":\"fr-FR\"}]}<\/script>\n<meta property=\"og:availability\" content=\"instock\" \/>\n<meta property=\"product:availability\" content=\"instock\" \/>\n<meta property=\"product:retailer_item_id\" content=\"ZU.XV.B.Twinflipgrossschwarz\" \/>\n<meta property=\"product:condition\" content=\"new\" \/>\n<!-- \/ Yoast SEO plugin. -->","yoast_head_json":{"title":"Ach\u00e8te Ultimate Guard - Twin Flip'n'Tray 266+ Xenoskin","description":"Ach\u00e8te Ultimate Guard - Twin Flip'n'Tray 266+ Xenoskin en ligne maintenant \u00e0 petit prix! Ton #1 shop pour cartes TCG & Pok\u00e9mon en Suisse \u2713 Livraison gratuite d\u00e8s CHF 29","robots":{"index":"index","follow":"follow","max-snippet":"max-snippet:-1","max-image-preview":"max-image-preview:large","max-video-preview":"max-video-preview:-1"},"canonical":"https:\/\/theuncommonshop.ch\/fr\/product\/ultimate-guard-twin-flipntray-266-xenoskin-2\/","og_locale":"fr_FR","og_type":"article","og_title":"Ach\u00e8te Ultimate Guard - Twin Flip'n'Tray 266+ Xenoskin","og_description":"Ach\u00e8te Ultimate Guard - Twin Flip'n'Tray 266+ Xenoskin en ligne maintenant \u00e0 petit prix! Ton #1 shop pour cartes TCG & Pok\u00e9mon en Suisse \u2713 Livraison gratuite d\u00e8s CHF 29","og_url":"https:\/\/theuncommonshop.ch\/fr\/product\/ultimate-guard-twin-flipntray-266-xenoskin-2\/","og_site_name":"Largest trading card shop in Switzerland","article_modified_time":"2026-03-28T15:05:46+00:00","og_image":[{"width":1000,"height":1000,"url":"https:\/\/theuncommonshop.ch\/wp-content\/uploads\/2025\/05\/4748436302.jpg","type":"image\/jpeg"}],"twitter_card":"summary_large_image","twitter_misc":{"Disponibilit\u00e9":"En stock"},"schema":{"@context":"https:\/\/schema.org","@graph":[{"@type":"WebPage","@id":"https:\/\/theuncommonshop.ch\/fr\/product\/ultimate-guard-twin-flipntray-266-xenoskin-2\/","url":"https:\/\/theuncommonshop.ch\/fr\/product\/ultimate-guard-twin-flipntray-266-xenoskin-2\/","name":"Ach\u00e8te Ultimate Guard - Twin Flip'n'Tray 266+ Xenoskin","isPartOf":{"@id":"https:\/\/theuncommonshop.ch\/#website"},"primaryImageOfPage":{"@id":"https:\/\/theuncommonshop.ch\/fr\/product\/ultimate-guard-twin-flipntray-266-xenoskin-2\/#primaryimage"},"image":{"@id":"https:\/\/theuncommonshop.ch\/fr\/product\/ultimate-guard-twin-flipntray-266-xenoskin-2\/#primaryimage"},"thumbnailUrl":"https:\/\/theuncommonshop.ch\/wp-content\/uploads\/2025\/05\/4748436302.jpg","datePublished":"2025-06-02T09:34:45+00:00","dateModified":"2026-03-28T15:05:46+00:00","description":"Ach\u00e8te Ultimate Guard - Twin Flip'n'Tray 266+ Xenoskin en ligne maintenant \u00e0 petit prix! Ton #1 shop pour cartes TCG & Pok\u00e9mon en Suisse \u2713 Livraison gratuite d\u00e8s CHF 29","breadcrumb":{"@id":"https:\/\/theuncommonshop.ch\/fr\/product\/ultimate-guard-twin-flipntray-266-xenoskin-2\/#breadcrumb"},"inLanguage":"fr-FR","potentialAction":[{"@type":"ReadAction","target":["https:\/\/theuncommonshop.ch\/fr\/product\/ultimate-guard-twin-flipntray-266-xenoskin-2\/"]}]},{"@type":"ImageObject","inLanguage":"fr-FR","@id":"https:\/\/theuncommonshop.ch\/fr\/product\/ultimate-guard-twin-flipntray-266-xenoskin-2\/#primaryimage","url":"https:\/\/theuncommonshop.ch\/wp-content\/uploads\/2025\/05\/4748436302.jpg","contentUrl":"https:\/\/theuncommonshop.ch\/wp-content\/uploads\/2025\/05\/4748436302.jpg","width":1000,"height":1000},{"@type":"BreadcrumbList","@id":"https:\/\/theuncommonshop.ch\/fr\/product\/ultimate-guard-twin-flipntray-266-xenoskin-2\/#breadcrumb","itemListElement":[{"@type":"ListItem","position":1,"name":"Accueil","item":"https:\/\/theuncommonshop.ch\/fr\/accueil\/"},{"@type":"ListItem","position":2,"name":"Boutique","item":"https:\/\/theuncommonshop.ch\/fr\/boutique\/"},{"@type":"ListItem","position":3,"name":"TCG Zubeh\u00f6r","item":"https:\/\/theuncommonshop.ch\/produktkategorie\/tcg-zubehoer\/"},{"@type":"ListItem","position":4,"name":"Aufbewahrung","item":"https:\/\/theuncommonshop.ch\/produktkategorie\/tcg-zubehoer\/aufbewahrung\/"},{"@type":"ListItem","position":5,"name":"Alles","item":"https:\/\/theuncommonshop.ch\/produktkategorie\/tcg-zubehoer\/aufbewahrung\/alle-deckboxen\/"},{"@type":"ListItem","position":6,"name":"Ultimate Guard &#8211; Twin Flip&#8217;n&#8217;Tray 266+ Xenoskin"}]},{"@type":"WebSite","@id":"https:\/\/theuncommonshop.ch\/#website","url":"https:\/\/theuncommonshop.ch\/","name":"Largest trading card shop in Switzerland","description":"Magic, Pok\u00e9mon and Yu-gi-oh - The Uncommon Shop","potentialAction":[{"@type":"SearchAction","target":{"@type":"EntryPoint","urlTemplate":"https:\/\/theuncommonshop.ch\/?s={search_term_string}"},"query-input":{"@type":"PropertyValueSpecification","valueRequired":true,"valueName":"search_term_string"}}],"inLanguage":"fr-FR"}]},"og_availability":"instock","product_availability":"instock","product_retailer_item_id":"ZU.XV.B.Twinflipgrossschwarz","product_condition":"new"},"_links":{"self":[{"href":"https:\/\/theuncommonshop.ch\/fr\/wp-json\/wp\/v2\/product\/330901","targetHints":{"allow":["GET"]}}],"collection":[{"href":"https:\/\/theuncommonshop.ch\/fr\/wp-json\/wp\/v2\/product"}],"about":[{"href":"https:\/\/theuncommonshop.ch\/fr\/wp-json\/wp\/v2\/types\/product"}],"replies":[{"embeddable":true,"href":"https:\/\/theuncommonshop.ch\/fr\/wp-json\/wp\/v2\/comments?post=330901"}],"version-history":[{"count":1,"href":"https:\/\/theuncommonshop.ch\/fr\/wp-json\/wp\/v2\/product\/330901\/revisions"}],"predecessor-version":[{"id":330909,"href":"https:\/\/theuncommonshop.ch\/fr\/wp-json\/wp\/v2\/product\/330901\/revisions\/330909"}],"wp:featuredmedia":[{"embeddable":true,"href":"https:\/\/theuncommonshop.ch\/fr\/wp-json\/wp\/v2\/media\/36392"}],"wp:attachment":[{"href":"https:\/\/theuncommonshop.ch\/fr\/wp-json\/wp\/v2\/media?parent=330901"}],"wp:term":[{"taxonomy":"product_brand","embeddable":true,"href":"https:\/\/theuncommonshop.ch\/fr\/wp-json\/wp\/v2\/product_brand?post=330901"},{"taxonomy":"product_cat","embeddable":true,"href":"https:\/\/theuncommonshop.ch\/fr\/wp-json\/wp\/v2\/product_cat?post=330901"},{"taxonomy":"product_tag","embeddable":true,"href":"https:\/\/theuncommonshop.ch\/fr\/wp-json\/wp\/v2\/product_tag?post=330901"}],"curies":[{"name":"wp","href":"https:\/\/api.w.org\/{rel}","templated":true}]}}