{"id":330892,"date":"2025-06-02T13:42:12","date_gmt":"2025-06-02T11:42:12","guid":{"rendered":"http:\/\/theuncommonshop.ch\/produkt\/330892\/"},"modified":"2026-03-28T16:05:42","modified_gmt":"2026-03-28T15:05:42","slug":"magic-dominaria-dom-draft-booster-display-2","status":"publish","type":"product","link":"https:\/\/theuncommonshop.ch\/fr\/product\/magic-dominaria-dom-draft-booster-display-2\/","title":{"rendered":"Magic &#8211; Dominaria (DOM) &#8211; Draft Booster Display"},"content":{"rendered":"<p data-start=\"76\" data-end=\"369\">Retournez dans l&#8217;un des mondes les plus importants de l&#8217;histoire de Magic avec le <strong data-start=\"150\" data-end=\"175\">Draft Booster Display<\/strong> de <strong data-start=\"180\" data-end=\"221\"><span class=\"hover:entity-accent entity-underline inline cursor-pointer align-baseline\"><span class=\"whitespace-normal\">Dominaria<\/span><\/span><\/strong>. Ce coffret c\u00e9l\u00e8bre le retour \u00e0 Dominaria, le monde l\u00e9gendaire o\u00f9 se sont d\u00e9roul\u00e9s nombre des plus grands \u00e9v\u00e9nements du multivers Magic. <\/p>\n<p data-start=\"371\" data-end=\"619\"><strong data-start=\"371\" data-end=\"390\">Dominaria (DOM)<\/strong> ram\u00e8ne dans le jeu de nombreux personnages connus, des cr\u00e9atures l\u00e9gendaires et des lieux embl\u00e9matiques. Le set met particuli\u00e8rement l&#8217;accent sur <strong data-start=\"527\" data-end=\"547\">les cartes l\u00e9gendaires<\/strong>, ce qui donne lieu \u00e0 de nombreuses nouvelles strat\u00e9gies pour des formats comme <strong data-start=\"595\" data-end=\"608\">Commander<\/strong>. <\/p>\n<p data-start=\"621\" data-end=\"876\">Une m\u00e9canique centrale du set est <strong data-start=\"657\" data-end=\"669\">Historic<\/strong>, qui interagit avec <strong data-start=\"679\" data-end=\"730\">les artefacts, les cartes l\u00e9gendaires et les sagas<\/strong>. Les <strong data-start=\"758\" data-end=\"773\">cartes Saga<\/strong>, en particulier, racontent des \u00e9v\u00e9nements importants de l&#8217;histoire de la Dominaria et offrent des m\u00e9caniques de jeu uniques. <\/p>\n<p data-start=\"878\" data-end=\"1022\">Le <strong data-start=\"882\" data-end=\"907\">Draft Booster Display<\/strong> est parfait pour les <strong data-start=\"932\" data-end=\"978\">\u00e9v\u00e9nements de draft, les tournois scell\u00e9s ou les collectionneurs<\/strong> qui souhaitent enrichir leur collection de Magic.<\/p>\n<h3 data-start=\"1024\" data-end=\"1042\">D\u00e9tails du produit<\/h3>\n<p data-start=\"1044\" data-end=\"1465\">&#8211; <strong data-start=\"1046\" data-end=\"1054\">Ensemble :<\/strong> Dominaria <br data-start=\"1064\" data-end=\"1067\">&#8211; <strong data-start=\"1069\" data-end=\"1088\">Nom fran\u00e7ais :<\/strong> Dominaria <br data-start=\"1098\" data-end=\"1101\">&#8211; <strong data-start=\"1103\" data-end=\"1116\">Code de l&#8217;ensemble :<\/strong> <strong data-start=\"1117\" data-end=\"1124\">DOM<\/strong><br data-start=\"1124\" data-end=\"1127\">&#8211; <strong data-start=\"1129\" data-end=\"1141\">Langue :<\/strong> <strong data-start=\"1142\" data-end=\"1159\">Anglais (EN)<\/strong><br data-start=\"1159\" data-end=\"1162\" data-is-only-node=\"\">&#8211; <strong data-start=\"1164\" data-end=\"1202\">1 display contient 36 Draft Booster<\/strong><br data-start=\"1202\" data-end=\"1205\">&#8211; <strong data-start=\"1207\" data-end=\"1253\">15 cartes Magic : The Gathering par Booster<\/strong><br data-start=\"1253\" data-end=\"1256\">&#8211; Focus sur <strong data-start=\"1268\" data-end=\"1314\">les cr\u00e9atures l\u00e9gendaires et les cartes historiques<\/strong><br data-start=\"1314\" data-end=\"1317\">&#8211; Comprend les <strong data-start=\"1340\" data-end=\"1368\">cartes<\/strong> m\u00e9caniques <strong data-start=\"1340\" data-end=\"1368\">Historic et Saga<\/strong><br data-start=\"1368\" data-end=\"1371\">&#8211; Chance d&#8217;obtenir des <strong data-start=\"1384\" data-end=\"1421\">cartes Rare, Mythic Rare et Foil<\/strong><br data-start=\"1421\" data-end=\"1424\">&#8211; Id\u00e9al pour <strong data-start=\"1207\" data-end=\"1253\">Magic the Gathering<\/strong>        <strong data-start=\"1436\" data-end=\"1465\">Draft, Sealed et Collectionneur<\/strong><\/p>\n<p data-start=\"1467\" data-end=\"1640\">Avec le Draft <strong data-start=\"1475\" data-end=\"1537\">Booster Display de Magic : The Gathering Dominaria (DOM),<\/strong> vous pouvez vivre des parties de draft passionnantes et d\u00e9couvrir des cartes l\u00e9gendaires de l&#8217;histoire de Magic.<\/p>\n","protected":false},"excerpt":{"rendered":"<p>Retournez dans l&#8217;un des mondes les plus importants de l&#8217;histoire de Magic avec le Draft Booster Display de Dominaria. Ce<\/p>\n","protected":false},"featured_media":37710,"comment_status":"open","ping_status":"closed","template":"","meta":{"_acf_changed":false},"product_brand":[5158,5070],"product_cat":[9969,10221,9967,9991],"product_tag":[],"class_list":{"0":"post-330892","1":"product","2":"type-product","3":"status-publish","4":"has-post-thumbnail","6":"product_brand-magic-the-gathering","7":"product_brand-wizards-of-the-coast","8":"product_cat-booster-displays-fr","9":"product_cat-dominaria-uni","10":"product_cat-magic-the-gathering-fr","11":"product_cat-produits-par-lots-mtg","13":"first","14":"instock","15":"taxable","16":"shipping-taxable","17":"purchasable","18":"product-type-variable"},"acf":[],"yoast_head":"<!-- This site is optimized with the Yoast SEO plugin v27.4 - https:\/\/yoast.com\/product\/yoast-seo-wordpress\/ -->\n<title>Ach\u00e8te Magic - Dominaria (DOM) - Draft Booster Display<\/title>\n<meta name=\"description\" content=\"Ach\u00e8te Magic - Dominaria (DOM) - Draft Booster Display en ligne maintenant \u00e0 petit prix! Ton #1 shop pour cartes TCG &amp; Pok\u00e9mon en Suisse \u2713 Livraison gratuite d\u00e8s CHF 29\" \/>\n<meta name=\"robots\" content=\"index, follow, max-snippet:-1, max-image-preview:large, max-video-preview:-1\" \/>\n<link rel=\"canonical\" href=\"https:\/\/theuncommonshop.ch\/fr\/product\/magic-dominaria-dom-draft-booster-display-2\/\" \/>\n<meta property=\"og:locale\" content=\"fr_FR\" \/>\n<meta property=\"og:type\" content=\"article\" \/>\n<meta property=\"og:title\" content=\"Ach\u00e8te Magic - Dominaria (DOM) - Draft Booster Display\" \/>\n<meta property=\"og:description\" content=\"Ach\u00e8te Magic - Dominaria (DOM) - Draft Booster Display en ligne maintenant \u00e0 petit prix! Ton #1 shop pour cartes TCG &amp; Pok\u00e9mon en Suisse \u2713 Livraison gratuite d\u00e8s CHF 29\" \/>\n<meta property=\"og:url\" content=\"https:\/\/theuncommonshop.ch\/fr\/product\/magic-dominaria-dom-draft-booster-display-2\/\" \/>\n<meta property=\"og:site_name\" content=\"Largest trading card shop in Switzerland\" \/>\n<meta property=\"article:modified_time\" content=\"2026-03-28T15:05:42+00:00\" \/>\n<meta property=\"og:image\" content=\"https:\/\/theuncommonshop.ch\/wp-content\/uploads\/2025\/06\/971374303.jpg\" \/>\n\t<meta property=\"og:image:width\" content=\"800\" \/>\n\t<meta property=\"og:image:height\" content=\"800\" \/>\n\t<meta property=\"og:image:type\" content=\"image\/jpeg\" \/>\n<meta name=\"twitter:card\" content=\"summary_large_image\" \/>\n<meta name=\"twitter:label1\" content=\"Disponibilit\u00e9\" \/>\n\t<meta name=\"twitter:data1\" content=\"En stock\" \/>\n<script type=\"application\/ld+json\" class=\"yoast-schema-graph\">{\"@context\":\"https:\\\/\\\/schema.org\",\"@graph\":[{\"@type\":\"WebPage\",\"@id\":\"https:\\\/\\\/theuncommonshop.ch\\\/fr\\\/product\\\/magic-dominaria-dom-draft-booster-display-2\\\/\",\"url\":\"https:\\\/\\\/theuncommonshop.ch\\\/fr\\\/product\\\/magic-dominaria-dom-draft-booster-display-2\\\/\",\"name\":\"Ach\u00e8te Magic - Dominaria (DOM) - Draft Booster Display\",\"isPartOf\":{\"@id\":\"https:\\\/\\\/theuncommonshop.ch\\\/#website\"},\"primaryImageOfPage\":{\"@id\":\"https:\\\/\\\/theuncommonshop.ch\\\/fr\\\/product\\\/magic-dominaria-dom-draft-booster-display-2\\\/#primaryimage\"},\"image\":{\"@id\":\"https:\\\/\\\/theuncommonshop.ch\\\/fr\\\/product\\\/magic-dominaria-dom-draft-booster-display-2\\\/#primaryimage\"},\"thumbnailUrl\":\"https:\\\/\\\/theuncommonshop.ch\\\/wp-content\\\/uploads\\\/2025\\\/06\\\/971374303.jpg\",\"datePublished\":\"2025-06-02T11:42:12+00:00\",\"dateModified\":\"2026-03-28T15:05:42+00:00\",\"description\":\"Ach\u00e8te Magic - Dominaria (DOM) - Draft Booster Display en ligne maintenant \u00e0 petit prix! Ton #1 shop pour cartes TCG & Pok\u00e9mon en Suisse \u2713 Livraison gratuite d\u00e8s CHF 29\",\"breadcrumb\":{\"@id\":\"https:\\\/\\\/theuncommonshop.ch\\\/fr\\\/product\\\/magic-dominaria-dom-draft-booster-display-2\\\/#breadcrumb\"},\"inLanguage\":\"fr-FR\",\"potentialAction\":[{\"@type\":\"ReadAction\",\"target\":[\"https:\\\/\\\/theuncommonshop.ch\\\/fr\\\/product\\\/magic-dominaria-dom-draft-booster-display-2\\\/\"]}]},{\"@type\":\"ImageObject\",\"inLanguage\":\"fr-FR\",\"@id\":\"https:\\\/\\\/theuncommonshop.ch\\\/fr\\\/product\\\/magic-dominaria-dom-draft-booster-display-2\\\/#primaryimage\",\"url\":\"https:\\\/\\\/theuncommonshop.ch\\\/wp-content\\\/uploads\\\/2025\\\/06\\\/971374303.jpg\",\"contentUrl\":\"https:\\\/\\\/theuncommonshop.ch\\\/wp-content\\\/uploads\\\/2025\\\/06\\\/971374303.jpg\",\"width\":800,\"height\":800},{\"@type\":\"BreadcrumbList\",\"@id\":\"https:\\\/\\\/theuncommonshop.ch\\\/fr\\\/product\\\/magic-dominaria-dom-draft-booster-display-2\\\/#breadcrumb\",\"itemListElement\":[{\"@type\":\"ListItem\",\"position\":1,\"name\":\"Accueil\",\"item\":\"https:\\\/\\\/theuncommonshop.ch\\\/fr\\\/accueil\\\/\"},{\"@type\":\"ListItem\",\"position\":2,\"name\":\"Boutique\",\"item\":\"https:\\\/\\\/theuncommonshop.ch\\\/fr\\\/boutique\\\/\"},{\"@type\":\"ListItem\",\"position\":3,\"name\":\"Magic the Gathering\",\"item\":\"https:\\\/\\\/theuncommonshop.ch\\\/fr\\\/categorie-produit\\\/magic-the-gathering-fr\\\/\"},{\"@type\":\"ListItem\",\"position\":4,\"name\":\"Produits par lots\",\"item\":\"https:\\\/\\\/theuncommonshop.ch\\\/fr\\\/categorie-produit\\\/magic-the-gathering-fr\\\/produits-par-lots-mtg\\\/\"},{\"@type\":\"ListItem\",\"position\":5,\"name\":\"Dominaria Uni\",\"item\":\"https:\\\/\\\/theuncommonshop.ch\\\/fr\\\/categorie-produit\\\/magic-the-gathering-fr\\\/produits-par-lots-mtg\\\/dominaria-uni\\\/\"},{\"@type\":\"ListItem\",\"position\":6,\"name\":\"Magic &#8211; Dominaria (DOM) &#8211; Draft Booster Display\"}]},{\"@type\":\"WebSite\",\"@id\":\"https:\\\/\\\/theuncommonshop.ch\\\/#website\",\"url\":\"https:\\\/\\\/theuncommonshop.ch\\\/\",\"name\":\"Largest trading card shop in Switzerland\",\"description\":\"Magic, Pok\u00e9mon and Yu-gi-oh - The Uncommon Shop\",\"potentialAction\":[{\"@type\":\"SearchAction\",\"target\":{\"@type\":\"EntryPoint\",\"urlTemplate\":\"https:\\\/\\\/theuncommonshop.ch\\\/?s={search_term_string}\"},\"query-input\":{\"@type\":\"PropertyValueSpecification\",\"valueRequired\":true,\"valueName\":\"search_term_string\"}}],\"inLanguage\":\"fr-FR\"}]}<\/script>\n<meta property=\"og:availability\" content=\"instock\" \/>\n<meta property=\"product:availability\" content=\"instock\" \/>\n<meta property=\"product:condition\" content=\"new\" \/>\n<!-- \/ Yoast SEO plugin. -->","yoast_head_json":{"title":"Ach\u00e8te Magic - Dominaria (DOM) - Draft Booster Display","description":"Ach\u00e8te Magic - Dominaria (DOM) - Draft Booster Display en ligne maintenant \u00e0 petit prix! Ton #1 shop pour cartes TCG & Pok\u00e9mon en Suisse \u2713 Livraison gratuite d\u00e8s CHF 29","robots":{"index":"index","follow":"follow","max-snippet":"max-snippet:-1","max-image-preview":"max-image-preview:large","max-video-preview":"max-video-preview:-1"},"canonical":"https:\/\/theuncommonshop.ch\/fr\/product\/magic-dominaria-dom-draft-booster-display-2\/","og_locale":"fr_FR","og_type":"article","og_title":"Ach\u00e8te Magic - Dominaria (DOM) - Draft Booster Display","og_description":"Ach\u00e8te Magic - Dominaria (DOM) - Draft Booster Display en ligne maintenant \u00e0 petit prix! Ton #1 shop pour cartes TCG & Pok\u00e9mon en Suisse \u2713 Livraison gratuite d\u00e8s CHF 29","og_url":"https:\/\/theuncommonshop.ch\/fr\/product\/magic-dominaria-dom-draft-booster-display-2\/","og_site_name":"Largest trading card shop in Switzerland","article_modified_time":"2026-03-28T15:05:42+00:00","og_image":[{"width":800,"height":800,"url":"https:\/\/theuncommonshop.ch\/wp-content\/uploads\/2025\/06\/971374303.jpg","type":"image\/jpeg"}],"twitter_card":"summary_large_image","twitter_misc":{"Disponibilit\u00e9":"En stock"},"schema":{"@context":"https:\/\/schema.org","@graph":[{"@type":"WebPage","@id":"https:\/\/theuncommonshop.ch\/fr\/product\/magic-dominaria-dom-draft-booster-display-2\/","url":"https:\/\/theuncommonshop.ch\/fr\/product\/magic-dominaria-dom-draft-booster-display-2\/","name":"Ach\u00e8te Magic - Dominaria (DOM) - Draft Booster Display","isPartOf":{"@id":"https:\/\/theuncommonshop.ch\/#website"},"primaryImageOfPage":{"@id":"https:\/\/theuncommonshop.ch\/fr\/product\/magic-dominaria-dom-draft-booster-display-2\/#primaryimage"},"image":{"@id":"https:\/\/theuncommonshop.ch\/fr\/product\/magic-dominaria-dom-draft-booster-display-2\/#primaryimage"},"thumbnailUrl":"https:\/\/theuncommonshop.ch\/wp-content\/uploads\/2025\/06\/971374303.jpg","datePublished":"2025-06-02T11:42:12+00:00","dateModified":"2026-03-28T15:05:42+00:00","description":"Ach\u00e8te Magic - Dominaria (DOM) - Draft Booster Display en ligne maintenant \u00e0 petit prix! Ton #1 shop pour cartes TCG & Pok\u00e9mon en Suisse \u2713 Livraison gratuite d\u00e8s CHF 29","breadcrumb":{"@id":"https:\/\/theuncommonshop.ch\/fr\/product\/magic-dominaria-dom-draft-booster-display-2\/#breadcrumb"},"inLanguage":"fr-FR","potentialAction":[{"@type":"ReadAction","target":["https:\/\/theuncommonshop.ch\/fr\/product\/magic-dominaria-dom-draft-booster-display-2\/"]}]},{"@type":"ImageObject","inLanguage":"fr-FR","@id":"https:\/\/theuncommonshop.ch\/fr\/product\/magic-dominaria-dom-draft-booster-display-2\/#primaryimage","url":"https:\/\/theuncommonshop.ch\/wp-content\/uploads\/2025\/06\/971374303.jpg","contentUrl":"https:\/\/theuncommonshop.ch\/wp-content\/uploads\/2025\/06\/971374303.jpg","width":800,"height":800},{"@type":"BreadcrumbList","@id":"https:\/\/theuncommonshop.ch\/fr\/product\/magic-dominaria-dom-draft-booster-display-2\/#breadcrumb","itemListElement":[{"@type":"ListItem","position":1,"name":"Accueil","item":"https:\/\/theuncommonshop.ch\/fr\/accueil\/"},{"@type":"ListItem","position":2,"name":"Boutique","item":"https:\/\/theuncommonshop.ch\/fr\/boutique\/"},{"@type":"ListItem","position":3,"name":"Magic the Gathering","item":"https:\/\/theuncommonshop.ch\/fr\/categorie-produit\/magic-the-gathering-fr\/"},{"@type":"ListItem","position":4,"name":"Produits par lots","item":"https:\/\/theuncommonshop.ch\/fr\/categorie-produit\/magic-the-gathering-fr\/produits-par-lots-mtg\/"},{"@type":"ListItem","position":5,"name":"Dominaria Uni","item":"https:\/\/theuncommonshop.ch\/fr\/categorie-produit\/magic-the-gathering-fr\/produits-par-lots-mtg\/dominaria-uni\/"},{"@type":"ListItem","position":6,"name":"Magic &#8211; Dominaria (DOM) &#8211; Draft Booster Display"}]},{"@type":"WebSite","@id":"https:\/\/theuncommonshop.ch\/#website","url":"https:\/\/theuncommonshop.ch\/","name":"Largest trading card shop in Switzerland","description":"Magic, Pok\u00e9mon and Yu-gi-oh - The Uncommon Shop","potentialAction":[{"@type":"SearchAction","target":{"@type":"EntryPoint","urlTemplate":"https:\/\/theuncommonshop.ch\/?s={search_term_string}"},"query-input":{"@type":"PropertyValueSpecification","valueRequired":true,"valueName":"search_term_string"}}],"inLanguage":"fr-FR"}]},"og_availability":"instock","product_availability":"instock","product_condition":"new"},"_links":{"self":[{"href":"https:\/\/theuncommonshop.ch\/fr\/wp-json\/wp\/v2\/product\/330892","targetHints":{"allow":["GET"]}}],"collection":[{"href":"https:\/\/theuncommonshop.ch\/fr\/wp-json\/wp\/v2\/product"}],"about":[{"href":"https:\/\/theuncommonshop.ch\/fr\/wp-json\/wp\/v2\/types\/product"}],"replies":[{"embeddable":true,"href":"https:\/\/theuncommonshop.ch\/fr\/wp-json\/wp\/v2\/comments?post=330892"}],"version-history":[{"count":1,"href":"https:\/\/theuncommonshop.ch\/fr\/wp-json\/wp\/v2\/product\/330892\/revisions"}],"predecessor-version":[{"id":330898,"href":"https:\/\/theuncommonshop.ch\/fr\/wp-json\/wp\/v2\/product\/330892\/revisions\/330898"}],"wp:featuredmedia":[{"embeddable":true,"href":"https:\/\/theuncommonshop.ch\/fr\/wp-json\/wp\/v2\/media\/37710"}],"wp:attachment":[{"href":"https:\/\/theuncommonshop.ch\/fr\/wp-json\/wp\/v2\/media?parent=330892"}],"wp:term":[{"taxonomy":"product_brand","embeddable":true,"href":"https:\/\/theuncommonshop.ch\/fr\/wp-json\/wp\/v2\/product_brand?post=330892"},{"taxonomy":"product_cat","embeddable":true,"href":"https:\/\/theuncommonshop.ch\/fr\/wp-json\/wp\/v2\/product_cat?post=330892"},{"taxonomy":"product_tag","embeddable":true,"href":"https:\/\/theuncommonshop.ch\/fr\/wp-json\/wp\/v2\/product_tag?post=330892"}],"curies":[{"name":"wp","href":"https:\/\/api.w.org\/{rel}","templated":true}]}}